{"id":142350,"date":"2021-05-19T11:49:40","date_gmt":"2021-05-19T09:49:40","guid":{"rendered":"https:\/\/up.lublin.pl\/weterynaria\/?page_id=142350"},"modified":"2025-07-07T08:32:11","modified_gmt":"2025-07-07T06:32:11","slug":"deans-office","status":"publish","type":"page","link":"https:\/\/up.lublin.pl\/weterynaria\/en\/deans-office\/","title":{"rendered":"Dean&#8217;s Office"},"content":{"rendered":"\t\t<div data-elementor-type=\"wp-page\" data-elementor-id=\"142350\" class=\"elementor elementor-142350\" data-elementor-settings=\"[]\">\n\t\t\t\t\t\t<div class=\"elementor-inner\">\n\t\t\t\t\t\t\t<div class=\"elementor-section-wrap\">\n\t\t\t\t\t\t\t<section class=\"elementor-section elementor-top-section elementor-element elementor-element-6081516 elementor-section-boxed elementor-section-height-default elementor-section-height-default\" data-id=\"6081516\" data-element_type=\"section\">\n\t\t\t\t\t\t<div class=\"elementor-container elementor-column-gap-default\">\n\t\t\t\t\t\t\t<div class=\"elementor-row\">\n\t\t\t\t\t<div class=\"elementor-column elementor-col-100 elementor-top-column elementor-element elementor-element-705fb80\" data-id=\"705fb80\" data-element_type=\"column\">\n\t\t\t<div class=\"elementor-column-wrap elementor-element-populated\">\n\t\t\t\t\t\t\t<div class=\"elementor-widget-wrap\">\n\t\t\t\t\t\t<div class=\"elementor-element elementor-element-bc2e9b2 elementor-widget elementor-widget-m2d\" data-id=\"bc2e9b2\" data-element_type=\"widget\" data-widget_type=\"m2d.default\">\n\t\t\t\t<div class=\"elementor-widget-container\">\n\t\t\t<section class=\"mn-m2-d mn-bg-green\">\r\n\t<div class=\"mn-grid\">\r\n\t\t<div class=\"mn-grid-12 mn-introtext\">\r\n\t\t\t\t\t\t\t<h3>\r\n\t\t\t\t\tDean's Office\t\t\t\t<\/h3>\r\n\t\t\t\t\t\t<\/div>\r\n\t\t\t                            <div class=\"mn-grid-3 mn-m2d-baner-btn\">\r\n                        <a href=\"https:\/\/wd.up.lublin.pl\/\" class=\"mn-slider-btn\" style=\"margin-left: 5px;\">\r\n                            Virtual Dean's Office                        <\/a>\r\n                    <\/div>\r\n                \r\n\r\n\t<\/div>\r\n\t<\/section>\r\n\t\t<\/div>\n\t\t\t\t<\/div>\n\t\t\t\t\t\t<\/div>\n\t\t\t\t\t<\/div>\n\t\t<\/div>\n\t\t\t\t\t\t\t\t<\/div>\n\t\t\t\t\t<\/div>\n\t\t<\/section>\n\t\t\t\t<section class=\"elementor-section elementor-top-section elementor-element elementor-element-136f246 elementor-section-boxed elementor-section-height-default elementor-section-height-default\" data-id=\"136f246\" data-element_type=\"section\">\n\t\t\t\t\t\t<div class=\"elementor-container elementor-column-gap-default\">\n\t\t\t\t\t\t\t<div class=\"elementor-row\">\n\t\t\t\t\t<div class=\"elementor-column elementor-col-100 elementor-top-column elementor-element elementor-element-cbd823a\" data-id=\"cbd823a\" data-element_type=\"column\">\n\t\t\t<div class=\"elementor-column-wrap elementor-element-populated\">\n\t\t\t\t\t\t\t<div class=\"elementor-widget-wrap\">\n\t\t\t\t\t\t<div class=\"elementor-element elementor-element-31bf361 elementor-widget elementor-widget-m5c\" data-id=\"31bf361\" data-element_type=\"widget\" data-widget_type=\"m5c.default\">\n\t\t\t\t<div class=\"elementor-widget-container\">\n\t\t\t<section class=\"mn-m5-c mn-bg-white\">\n\t<div class=\"mn-grid\">\n\t\t            <div class=\"mn-menu-container mn-grid-3\">\n                <ul class=\"mn-bg-yellow\">\n\t                                        <li>\n                            <a href=\"#\" class=\"active\" data-hash=\"#contact\">\n                                Contact                            <\/a>\n                        <\/li>\n                                                <li>\n                            <a href=\"#\" class=\"\" data-hash=\"#working_hours\">\n                                Working Hours                            <\/a>\n                        <\/li>\n                                                <li>\n                            <a href=\"#\" class=\"\" data-hash=\"#faculty_governance\">\n                                Faculty Governance                             <\/a>\n                        <\/li>\n                                                <li>\n                            <a href=\"#\" class=\"\" data-hash=\"#deans_office\">\n                                Dean's Office Officer                            <\/a>\n                        <\/li>\n                                                <li>\n                            <a href=\"#\" class=\"\" data-hash=\"#virtual\">\n                                Vitrual Dean's Office                            <\/a>\n                        <\/li>\n                                                <li>\n                            <a href=\"#\" class=\"\" data-hash=\"#sequencing\">\n                                Course Sequencing                            <\/a>\n                        <\/li>\n                                        <\/ul>\n            <\/div>\n\t        \t\t<div class=\"mn-content mn-grid-8\">\n\t\t\t                <div class=\"mn-content-block active\">\n\t                                                        <div class=\"block-text\">\n\t                                        <h4><span style=\"font-family: arial, helvetica, sans-serif\">The Dean&#8217;s Office is located in Building A&nbsp;of the Innovative Center for Animal Pathology and Therapy at 30 G\u0142\u0119boka Street, on the 3rd floor. <\/span><img loading=\"lazy\" class=\"alignnone size-full wp-image-163832\" src=\"https:\/\/up.lublin.pl\/weterynaria\/wp-content\/uploads\/sites\/3\/2025\/01\/wet111.jpg\" alt=\"\" width=\"444\" height=\"250\" \/><\/h4>\n<h4><strong>Adress:<\/strong><\/h4>\n<p><span style=\"font-family: arial, helvetica, sans-serif\">20-612 Lublin, ul. G\u0142\u0119boka 30,<\/span><br \/><span style=\"font-family: arial, helvetica, sans-serif\">budynek A&nbsp;Innowacyjnego Centrum Patologii i&nbsp;Terapii Zwierz\u0105t<\/span><\/p>\n<p><span style=\"font-family: arial, helvetica, sans-serif\">Phone: <\/span><span style=\"font-family: arial, helvetica, sans-serif\">\u00a0+48 81 528 47 24,<\/span><br \/><span style=\"font-family: arial, helvetica, sans-serif\">\u00a0 \u00a0\u00a0<\/span><\/p>\n<p>e-mail: <span style=\"text-decoration: underline\"><span style=\"font-family: arial, helvetica, sans-serif\">dziekanat.medwet@up.lublin.pl<\/span><\/span><br \/><span style=\"font-family: arial, helvetica, sans-serif\">\u00a0\u00a0\u00a0\u00a0\u00a0\u00a0\u00a0\u00a0\u00a0\u00a0\u00a0 <span style=\"text-decoration: underline\">dziek.wet@up.lublin.pl<\/span><\/span><\/p>\n                                        <\/div>\n\t\t\t\t\t\t                                <\/div>\n\t\t\t\t                <div class=\"mn-content-block\">\n\t                                                        <div class=\"block-text\">\n\t                                        <h4 class=\"mn-accordion-title\"><span style=\"font-family: arial black, sans-serif\">Working days and hours of the Dean&#8217;s Office for Students\u00a0<\/span><\/h4>\n<p>\u00a0<\/p>\n<table style=\"width: 33.0787%;height: 271px\">\n<tbody>\n<tr style=\"height: 62px\">\n<td style=\"height: 62px\"><strong>Monday<\/strong><\/td>\n<td style=\"height: 62px\">\n<h4>11:00-14:00<\/h4>\n<\/td>\n<\/tr>\n<tr style=\"height: 62px\">\n<td style=\"height: 62px\"><strong>Tuesday <\/strong><\/td>\n<td style=\"height: 62px\">\n<h4>11:00-14:00<\/h4>\n<\/td>\n<\/tr>\n<tr style=\"height: 23px\">\n<td style=\"height: 23px\"><b>Wednesday\u00a0<\/b><\/td>\n<td style=\"height: 23px\"><strong>CLOSED<\/strong><\/td>\n<\/tr>\n<tr style=\"height: 62px\">\n<td style=\"height: 62px\"><b>Thursday\u00a0<\/b><\/td>\n<td style=\"height: 62px\">\n<h4>11:00-14:00<\/h4>\n<\/td>\n<\/tr>\n<tr style=\"height: 62px\">\n<td style=\"height: 62px\"><strong>Friday <\/strong><\/td>\n<td style=\"height: 62px\">\n<h4>11:00-14:00<\/h4>\n<\/td>\n<\/tr>\n<\/tbody>\n<\/table>\n                                        <\/div>\n\t\t\t\t\t\t                                <\/div>\n\t\t\t\t                <div class=\"mn-content-block\">\n\t                                                        <div class=\"block-text\">\n\t                                        <h2><strong><span style=\"font-family: arial black, sans-serif\">Dean<\/span><\/strong><\/h2>\n<h1><span style=\"font-size: 20px\"><strong>prof. dr hab. Aneta Nowakiewicz <\/strong><\/span><\/h1>\n<p><span style=\"font-family: book antiqua, palatino, serif\">pok. 300<strong><br \/><\/strong>tel. +48 81 528 47 25<\/span><br \/><span style=\"font-family: book antiqua, palatino, serif\">e-mail:\u00a0<span style=\"text-decoration: underline\"><span id=\"eeb-599321-827525\">aneta.nowakiewicz@up.lublin.pl<\/span><\/span><\/span><\/p>\n<p><img loading=\"lazy\" class=\"alignnone size-full wp-image-163943\" src=\"https:\/\/up.lublin.pl\/weterynaria\/wp-content\/uploads\/sites\/3\/2025\/02\/prodziekan_dr_hab_nowakiewicz-1.png\" alt=\"\" width=\"480\" height=\"480\" \/><\/p>\n<table style=\"border-collapse: collapse;width: 100%\">\n<tbody>\n<tr>\n<td style=\"width: 100%\">\u00a0<\/td>\n<\/tr>\n<\/tbody>\n<\/table>\n<h2>\u00a0<\/h2>\n<h2>Vice-Dean for Student Affairs and Education<\/h2>\n<h5 style=\"text-align: center\">\u00a0<\/h5>\n<table style=\"border-collapse: collapse;width: 100%\">\n<tbody>\n<tr>\n<td style=\"width: 100%\">\u00a0<\/td>\n<\/tr>\n<\/tbody>\n<\/table>\n<h2>\u00a0<\/h2>\n<h2>Vice-Dean for Clinic<\/h2>\n<h1><b><span style=\"font-size: 20px\">prof. dr hab.\u00a0 \u0141ukasz Adaszek<\/span> <\/b><\/h1>\n<p><span style=\"font-family: book antiqua, palatino, serif\">pok. 327<b><br \/><\/b>tel. +48 81 528 4725<\/span><br \/><span style=\"font-family: book antiqua, palatino, serif\">e-mail:\u00a0<\/span><span id=\"eeb-241201-99523\"><span style=\"text-decoration: underline;font-family: book antiqua, palatino, serif\">lukasz.adaszek@up.lublin.pl<\/span><img loading=\"lazy\" class=\"alignnone size-full wp-image-163951\" src=\"https:\/\/up.lublin.pl\/weterynaria\/wp-content\/uploads\/sites\/3\/2025\/02\/prof_adaszek-1.png\" alt=\"\" width=\"480\" height=\"480\" \/><\/span><\/p>\n                                        <\/div>\n\t\t\t\t\t\t                                <\/div>\n\t\t\t\t                <div class=\"mn-content-block\">\n\t                                                        <div class=\"block-text\">\n\t                                        <h1><span style=\"font-size: 16px\"><strong>mgr in\u017c. Agata Rutkowska<\/strong><\/span><\/h1>\n<p>room. 327<br \/>tel. 81 528 47 25<br \/>e-mail: <span id=\"eeb-236988-253701\">agata.rutkowska@up.lublin.pl<\/span><\/p>\n<p><em><strong>&#8211; Dean Office Coordinator\u00a0<\/strong><\/em><\/p>\n<hr style=\"margin-bottom: 20px\" \/>\n<h1>\u00a0<\/h1>\n<h1><span style=\"font-size: 14px\"><strong><span style=\"font-size: 16px\">mgr W\u0142adys\u0142aw Samborski<\/span><\/strong><\/span><\/h1>\n<p>room\u00a0 316<br \/>tel. 81 528 47 24<br \/>e-mail:\u00a0<span id=\"eeb-362969-245446\">wladyslaw.samborski@up.lublin.pl<\/span><\/p>\n<h1><span style=\"font-size: 14px\">&#8211; Officer for Veterinary Medicine Student&#8217;s<\/span><\/h1>\n<h5>\u00a0<\/h5>\n                                        <\/div>\n\t\t\t\t\t\t                                <\/div>\n\t\t\t\t                <div class=\"mn-content-block\">\n\t                                                        <div class=\"block-text\">\n\t                                        <div class=\"info-box\">\n<h2>What is the Virtual Dean&#8217;s Office?<\/h2>\n<p>The Virtual Dean&#8217;s Office is a&nbsp;university IT system that allows students to remotely access information about their academic progress, view announcements, check grades, complete anonymous course evaluations, and more.<\/p>\n<\/div>\n<div class=\"info-box\">\n<h2>Accessing Your Account<\/h2>\n<p>To access your account in the Virtual Dean&#8217;s Office, you need to log in to the student account.<\/p>\n<p>The login can be:<\/p>\n<ul>\n<li>The email address provided during IRK registration<\/li>\n<li>The student ID number (information on this can be obtained from the Dean&#8217;s Office)<\/li>\n<\/ul>\n<p class=\"highlight\">The password is set by the user using the &#8220;Forgot\/Activate Password&#8221; button.<\/p>\n<\/div>\n<div class=\"info-box\">\n<h2>First-time Login Procedure<\/h2>\n<div class=\"step\">1. Go to the website <a href=\"https:\/\/wd.up.lublin.pl\/\">https:\/\/wd.up.lublin.pl\/<\/a><\/div>\n<div class=\"step\">2. Click the &#8220;Forgot\/Activate Password&#8221; button in the login window<\/div>\n<div class=\"step\">3. Enter the email address from IRK in the first field and re-enter the same email address in the second field<\/div>\n<div class=\"step\">4. A&nbsp;password change link will be sent to the provided email address<\/div>\n<div class=\"step\">5. Use this link to set a&nbsp;password that includes a&nbsp;special character, a&nbsp;number, and an uppercase letter<\/div>\n<div class=\"step\">6. After setting the password, you can log in to the Virtual Dean&#8217;s Office<\/div>\n<\/div>\n                                        <\/div>\n\t\t\t\t\t\t                                <\/div>\n\t\t\t\t                <div class=\"mn-content-block\">\n\t                                                        <div class=\"block-text\">\n\t                                        <table class=\"alignleft\" style=\"width: 100%;background-color: #f2ebeb;border-collapse: collapse;border: 1px solid #000\">\n<tbody><!-- HEADER ROW --><\/p>\n<tr style=\"border: 1px solid #000\">\n<td style=\"width: 50%;border: 1px solid #000;text-align: center;font-size: 16px\"><strong>Course<\/strong><\/td>\n<td style=\"width: 50%;border: 1px solid #000;text-align: center;font-size: 16px\"><strong>Required completed modules<\/strong><\/td>\n<\/tr>\n<p><!-- SEMESTER II --><\/p>\n<tr style=\"background-color: #a9a9a9\">\n<td style=\"text-align: center;font-size: 24px;border: 1px solid #000\" colspan=\"2\"><strong>Semester II<\/strong><\/td>\n<\/tr>\n<tr style=\"border: 1px solid #000\">\n<td style=\"text-align: center;border: 1px solid #000\">Biochemistry<\/td>\n<td style=\"text-align: center;border: 1px solid #000\">Chemistry<\/td>\n<\/tr>\n<tr style=\"border: 1px solid #000\">\n<td style=\"text-align: center;border: 1px solid #000\">Environmental Protection<\/td>\n<td style=\"text-align: center;border: 1px solid #000\">Biology, Chemistry<\/td>\n<\/tr>\n<tr style=\"border: 1px solid #000\">\n<td style=\"text-align: center;border: 1px solid #000\">Biostatistics and methods of documentation<\/td>\n<td style=\"text-align: center;border: 1px solid #000\">Information technology<\/td>\n<\/tr>\n<p><!-- SEMESTER III --><\/p>\n<tr style=\"background-color: #a9a9a9\">\n<td style=\"text-align: center;font-size: 24px;border: 1px solid #000\" colspan=\"2\"><strong>Semester III<\/strong><\/td>\n<\/tr>\n<tr style=\"border: 1px solid #000\">\n<td style=\"text-align: center;border: 1px solid #000\">Animal physiology<\/td>\n<td style=\"text-align: center;border: 1px solid #000\">Cell biology, Histology and embryology<\/td>\n<\/tr>\n<p><!-- SEMESTER IV --><\/p>\n<tr style=\"background-color: #a9a9a9\">\n<td style=\"text-align: center;font-size: 24px;border: 1px solid #000\" colspan=\"2\"><strong>Semester IV<\/strong><\/td>\n<\/tr>\n<tr style=\"border: 1px solid #000\">\n<td style=\"text-align: center;border: 1px solid #000\">Topographic anatomy<\/td>\n<td style=\"text-align: center;border: 1px solid #000\">Animal anatomy<\/td>\n<\/tr>\n<tr style=\"border: 1px solid #000\">\n<td style=\"text-align: center;border: 1px solid #000\">Ethology, welfare and animal protection<\/td>\n<td style=\"text-align: center;border: 1px solid #000\">Farming of animals<\/td>\n<\/tr>\n<tr style=\"border: 1px solid #000\">\n<td style=\"text-align: center;border: 1px solid #000\">Microbiology<\/td>\n<td style=\"text-align: center;border: 1px solid #000\">Cell biology, Biochemistry<\/td>\n<\/tr>\n<p><!-- SEMESTER V&nbsp;--><\/p>\n<tr style=\"background-color: #a9a9a9\">\n<td style=\"text-align: center;font-size: 24px;border: 1px solid #000\" colspan=\"2\"><strong>Semester V<\/strong><\/td>\n<\/tr>\n<tr style=\"border: 1px solid #000\">\n<td style=\"text-align: center;border: 1px solid #000\">Patophysiology<\/td>\n<td style=\"text-align: center;border: 1px solid #000\">Animal physiology, Biochemistry<\/td>\n<\/tr>\n<tr style=\"border: 1px solid #000\">\n<td style=\"text-align: center;border: 1px solid #000\">Veterinary Pharmacology<\/td>\n<td style=\"text-align: center;border: 1px solid #000\">Animal physiology<\/td>\n<\/tr>\n<tr style=\"border: 1px solid #000\">\n<td style=\"text-align: center;border: 1px solid #000\">Protection of public health in threatening conditions<\/td>\n<td style=\"text-align: center;border: 1px solid #000\">Veterinary epidemiology<\/td>\n<\/tr>\n<p><!-- SEMESTER VI --><\/p>\n<tr style=\"background-color: #a9a9a9\">\n<td style=\"text-align: center;font-size: 24px;border: 1px solid #000\" colspan=\"2\"><strong>Semester VI<\/strong><\/td>\n<\/tr>\n<tr style=\"border: 1px solid #000\">\n<td style=\"text-align: center;border: 1px solid #000\">Patomorphology<\/td>\n<td style=\"text-align: center;border: 1px solid #000\">Topographic anatomy, Animal physiology, Biochemistry<\/td>\n<\/tr>\n<tr style=\"border: 1px solid #000\">\n<td style=\"text-align: center;border: 1px solid #000\">Feed and food hygiene<\/td>\n<td style=\"text-align: center;border: 1px solid #000\">Animal nutrition and feed stuff<\/td>\n<\/tr>\n<tr style=\"border: 1px solid #000\">\n<td style=\"text-align: center;border: 1px solid #000\">Veterinary parasitology and invasiology<\/td>\n<td style=\"text-align: center;border: 1px solid #000\">Biology, Animal anatomy, Animal physiology, Biochemistry<\/td>\n<\/tr>\n<p><!-- SEMESTER VII --><\/p>\n<tr style=\"background-color: #a9a9a9\">\n<td style=\"text-align: center;font-size: 24px;border: 1px solid #000\" colspan=\"2\"><strong>Semester VII<\/strong><\/td>\n<\/tr>\n<tr style=\"border: 1px solid #000\">\n<td style=\"text-align: center;border: 1px solid #000\" colspan=\"2\"><em>Completion of all modules from semesters I-VI (conditionally allowed not to pass one module up to 7 ECTS)<\/em><\/td>\n<\/tr>\n<p><!-- SEMESTER VIII --><\/p>\n<tr style=\"background-color: #a9a9a9\">\n<td style=\"text-align: center;font-size: 24px;border: 1px solid #000\" colspan=\"2\"><strong>Semester VIII<\/strong><\/td>\n<\/tr>\n<tr style=\"border: 1px solid #000\">\n<td style=\"text-align: center;border: 1px solid #000\">Diseases of fish<\/td>\n<td style=\"text-align: center;border: 1px solid #000\">Veterinary parasitology and invasiology<\/td>\n<\/tr>\n<p><!-- SEMESTER IX --><\/p>\n<tr style=\"background-color: #a9a9a9\">\n<td style=\"text-align: center;font-size: 24px;border: 1px solid #000\" colspan=\"2\"><strong>Semester IX<\/strong><\/td>\n<\/tr>\n<tr style=\"border: 1px solid #000\">\n<td style=\"text-align: center;border: 1px solid #000\">Forensic medicine<\/td>\n<td style=\"text-align: center;border: 1px solid #000\">Patomorphology<\/td>\n<\/tr>\n<tr style=\"border: 1px solid #000\">\n<td style=\"text-align: center;border: 1px solid #000\">Diseases of birds<\/td>\n<td style=\"text-align: center;border: 1px solid #000\">Patomorphology<\/td>\n<\/tr>\n<tr style=\"border: 1px solid #000\">\n<td style=\"text-align: center;border: 1px solid #000\">Hygiene of products of animal origin<\/td>\n<td style=\"text-align: center;border: 1px solid #000\">Hygiene of slaughter animals and meat<\/td>\n<\/tr>\n<p><!-- SEMESTER XI --><\/p>\n<tr style=\"background-color: #a9a9a9\">\n<td style=\"text-align: center;font-size: 24px;border: 1px solid #000\" colspan=\"2\"><strong>Semester XI<\/strong><\/td>\n<\/tr>\n<tr style=\"border: 1px solid #000\">\n<td style=\"text-align: center;border: 1px solid #000\">Administration and veterinary legislation<\/td>\n<td style=\"text-align: center;border: 1px solid #000\">Forensic medicine<\/td>\n<\/tr>\n<tr style=\"border: 1px solid #000\">\n<td style=\"text-align: center;border: 1px solid #000\">Clinical rotation on X&nbsp;semester<\/td>\n<td style=\"text-align: center;border: 1px solid #000\">Diseases of farm animals, Diseases of horses<\/td>\n<\/tr>\n<tr style=\"border: 1px solid #000\">\n<td style=\"text-align: center;border: 1px solid #000\">Clinical rotation on XI semester<\/td>\n<td style=\"text-align: center;border: 1px solid #000\">Diseases of farm animals, Diseases of horses, Diseases of dogs and cats<\/td>\n<\/tr>\n<tr style=\"border: 1px solid #000\">\n<td style=\"text-align: center;border: 1px solid #000\">Diseases of birds &#8211; clinical rotation<\/td>\n<td style=\"text-align: center;border: 1px solid #000\">Diseases of birds<\/td>\n<\/tr>\n<\/tbody>\n<\/table>\n                                        <\/div>\n\t\t\t\t\t\t                                <\/div>\n\t\t\t\t\t\t<\/div>\n\t<\/div>\n<\/section>\n\t\t<\/div>\n\t\t\t\t<\/div>\n\t\t\t\t\t\t<\/div>\n\t\t\t\t\t<\/div>\n\t\t<\/div>\n\t\t\t\t\t\t\t\t<\/div>\n\t\t\t\t\t<\/div>\n\t\t<\/section>\n\t\t\t\t\t\t<\/div>\n\t\t\t\t\t\t<\/div>\n\t\t\t\t\t<\/div>\n\t\t","protected":false},"excerpt":{"rendered":"<p>Dean&#8217;s Office Virtual Dean&#8217;s Office UP Wydzia\u0142 Medycyny Weterynaryjnej Contact Working Hours Faculty Governance Dean&#8217;s Office Officer Vitrual Dean&#8217;s Office Course Sequencing The Dean&#8217;s Office is located in Building A&nbsp;of the Innovative Center for Animal Pathology and Therapy at 30 G\u0142\u0119boka Street, on the 3rd floor. Adress: 20-612 Lublin, ul. G\u0142\u0119boka 30,budynek A&nbsp;Innowacyjnego Centrum Patologii [&hellip;]<\/p>\n","protected":false},"author":2,"featured_media":0,"parent":0,"menu_order":0,"comment_status":"closed","ping_status":"closed","template":"elementor_header_footer","meta":{"_monsterinsights_skip_tracking":false,"_monsterinsights_sitenote_active":false,"_monsterinsights_sitenote_note":"","_monsterinsights_sitenote_category":0},"_links":{"self":[{"href":"https:\/\/up.lublin.pl\/weterynaria\/en\/wp-json\/wp\/v2\/pages\/142350"}],"collection":[{"href":"https:\/\/up.lublin.pl\/weterynaria\/en\/wp-json\/wp\/v2\/pages"}],"about":[{"href":"https:\/\/up.lublin.pl\/weterynaria\/en\/wp-json\/wp\/v2\/types\/page"}],"author":[{"embeddable":true,"href":"https:\/\/up.lublin.pl\/weterynaria\/en\/wp-json\/wp\/v2\/users\/2"}],"replies":[{"embeddable":true,"href":"https:\/\/up.lublin.pl\/weterynaria\/en\/wp-json\/wp\/v2\/comments?post=142350"}],"version-history":[{"count":73,"href":"https:\/\/up.lublin.pl\/weterynaria\/en\/wp-json\/wp\/v2\/pages\/142350\/revisions"}],"predecessor-version":[{"id":165408,"href":"https:\/\/up.lublin.pl\/weterynaria\/en\/wp-json\/wp\/v2\/pages\/142350\/revisions\/165408"}],"wp:attachment":[{"href":"https:\/\/up.lublin.pl\/weterynaria\/en\/wp-json\/wp\/v2\/media?parent=142350"}],"curies":[{"name":"wp","href":"https:\/\/api.w.org\/{rel}","templated":true}]}}