{"id":140876,"date":"2021-05-06T12:08:30","date_gmt":"2021-05-06T10:08:30","guid":{"rendered":"https:\/\/up.lublin.pl\/weterynaria\/?page_id=140876"},"modified":"2021-05-17T13:51:22","modified_gmt":"2021-05-17T11:51:22","slug":"history","status":"publish","type":"page","link":"https:\/\/up.lublin.pl\/weterynaria\/en\/about-faculty\/history\/","title":{"rendered":"History"},"content":{"rendered":"\t\t<div data-elementor-type=\"wp-page\" data-elementor-id=\"140876\" class=\"elementor elementor-140876 elementor-330\" data-elementor-settings=\"[]\">\n\t\t\t\t\t\t<div class=\"elementor-inner\">\n\t\t\t\t\t\t\t<div class=\"elementor-section-wrap\">\n\t\t\t\t\t\t\t<section class=\"elementor-section elementor-top-section elementor-element elementor-element-b88d440 elementor-section-boxed elementor-section-height-default elementor-section-height-default\" data-id=\"b88d440\" data-element_type=\"section\">\n\t\t\t\t\t\t<div class=\"elementor-container elementor-column-gap-default\">\n\t\t\t\t\t\t\t<div class=\"elementor-row\">\n\t\t\t\t\t<div class=\"elementor-column elementor-col-100 elementor-top-column elementor-element elementor-element-d444ed9\" data-id=\"d444ed9\" data-element_type=\"column\">\n\t\t\t<div class=\"elementor-column-wrap elementor-element-populated\">\n\t\t\t\t\t\t\t<div class=\"elementor-widget-wrap\">\n\t\t\t\t\t\t<div class=\"elementor-element elementor-element-1bd2331 elementor-widget elementor-widget-m2e\" data-id=\"1bd2331\" data-element_type=\"widget\" data-widget_type=\"m2e.default\">\n\t\t\t\t<div class=\"elementor-widget-container\">\n\t\t\t<section class=\"mn-m2-e mn-bg-green\">\n\t<div class=\"mn-grid\">\n\t\t<div class=\"mn-grid-3 mn-introtext\">\n\t\t\t\t\t\t\t<p class=\"mn-header\">Faculty of Veterinary Medicine<\/p>\n\t\t\t\t\t\t\t\t\t\t\t<h3>\n\t\t\t\t\tHistory\t\t\t\t<\/h3>\n\t\t\t\t\t\t\t\t\t\t\t\t<\/div>\n\t\t<div class=\"mn-grid-9 mn-image-container\">\n\t\t\t\t\t<\/div>\n\t<\/div>\n\t<\/section>\n\t\t<\/div>\n\t\t\t\t<\/div>\n\t\t\t\t\t\t<\/div>\n\t\t\t\t\t<\/div>\n\t\t<\/div>\n\t\t\t\t\t\t\t\t<\/div>\n\t\t\t\t\t<\/div>\n\t\t<\/section>\n\t\t\t\t<section class=\"elementor-section elementor-top-section elementor-element elementor-element-300b768 elementor-section-boxed elementor-section-height-default elementor-section-height-default\" data-id=\"300b768\" data-element_type=\"section\">\n\t\t\t\t\t\t<div class=\"elementor-container elementor-column-gap-default\">\n\t\t\t\t\t\t\t<div class=\"elementor-row\">\n\t\t\t\t\t<div class=\"elementor-column elementor-col-100 elementor-top-column elementor-element elementor-element-d39bd56\" data-id=\"d39bd56\" data-element_type=\"column\">\n\t\t\t<div class=\"elementor-column-wrap elementor-element-populated\">\n\t\t\t\t\t\t\t<div class=\"elementor-widget-wrap\">\n\t\t\t\t\t\t<div class=\"elementor-element elementor-element-eb69a71 elementor-widget elementor-widget-m5c\" data-id=\"eb69a71\" data-element_type=\"widget\" data-widget_type=\"m5c.default\">\n\t\t\t\t<div class=\"elementor-widget-container\">\n\t\t\t<section class=\"mn-m5-c mn-m5-d2 mn-bg-white\">\n\t<div class=\"mn-grid\">\n\t\t\t\t<div class=\"mn-content mn-grid-9\">\n\t\t\t                <div class=\"mn-content-block active\">\n\t                                                        <div class=\"block-text\">\n\t                                        <p>The history of the Faculty of Veterinary Medicine dates back to 10 October 1944 and it is inseparably connected to the establishment of Maria Curie-Sk\u0142odowska University in Lublin on 23 October 1944. At that time, the first four faculties were created: Medical, Life Sciences, Agricultural and Veterinary.<\/p>\n<p>In the first two years, the academic year 1944\/1945, there were160 students at the faculty of different degrees of advancement of knowledge acquired at pre-war veterinary schools. in 1945, the appointed examination committee awarded the first 7 diplomas of Veterinary Medicine in post-war Poland. In 1945, two titles of habilitated doctor (Stefan Koeppe and Tadeusz \u017buli\u0144ski) and 5 titles of doctor of Veterinary Medicine were awarded.<\/p>\n<p>In April 2020, 13 basic departments were established and the education was conducted in different facilities, which were spread all over the city, often shared with the other faculties of the new university. In the mid-1950s, the facilities of the Collegium Veterinarium and veterinary clinics were put into service. All faculties, except for the Sub-department of Biochemistry (located at ul. Lubartowska) were moved to the new buildings.<\/p>\n<p>The first dean was prof. dr. J\u00f3zef Parnas. His work was successively continued by other deans of the faculty: prof. Kazimierz Krysiak, prof. Alfred Trawi\u0144ski (4 terms), prof. Tadeusz \u017buli\u0144ski and prof. Marian Chomiak.<\/p>\n<p>In 1955, the faculty became part of the newly established Higher School of Agriculture which was renamed in 1972, to the Agricultural University in Lublin and in 2008, to the University of Life Sciences in Lublin. There were three rectors of the university: prof. Marian Chomiak, Janusz Welento (3 terms) and Edmund Prost (2 terms). The following professors served as deans of the faculty: Zdzis\u0142aw Finik (2 terms), Feliks Sta\u0144ski (2 terms), Edmund Prost (2 terms), Grzegorz Sta\u015bkiewicz, Janusz Welento, Stanis\u0142aw Wo\u0142oszyn, Jan Buczek, Janusz Wawrzkiewicz (2 terms), Zbigniew Pomorski (2 terms), Andrzej Wernicki (2 terms) Stanis\u0142aw Winiarczyk, and currently Iwona Puzio.<\/p>\n<p>The name Faculty of Veterinary Medicine was created in 1995, following the decision of the Faculty Council, to match the name of the other three national faculties of Veterinary Medicine. Thus, the traditional name of the faculty, which was already used at the end of the 19th century by Lviv Academy of Veterinary Medicine, was restored.<\/p>\n<p><strong>Honorary titles of the lecturers of the faculty:<\/strong><\/p>\n<p>prof. dr hab. Janusz Welento, doctor honoris causa, the University of Debrecen (1978)<br \/>prof. dr hab. Grzegorz Sta\u015bkiewicz, doctor honoris causa, the\u00a0Agricultural University\u00a0in\u00a0Lublin (1989)<br \/>prof. dr hab. Stefan St\u0119pkowski, doctor honoris causa, the\u00a0Agricultural University\u00a0in\u00a0Lublin (1989);<br \/>prof. dr hab. Stanislaw Woloszyn, doctor honoris causa, the University of Veterinary Medicine and Pharmacy in Ko\u0161ice (1989)<br \/>prof. dr hab. Edmund Prost, doctor honoris causa, Humboldt University of Berlin\u00a0 and the\u00a0Agricultural University\u00a0in\u00a0Lublin (1999);<br \/>prof. dr hab. Zbigniew Pomorski, professor honoris causa, l&#8217;\u0116cole Nationale V\u0117t\u0117rinaire de Lyon (1998).<\/p>\n                                        <\/div>\n\t\t\t\t\t\t                                <\/div>\n\t\t\t\t                <div class=\"mn-content-block\">\n\t                                <\/div>\n\t\t\t\t                <div class=\"mn-content-block\">\n\t                                <\/div>\n\t\t\t\t                <div class=\"mn-content-block\">\n\t                                <\/div>\n\t\t\t\t                <div class=\"mn-content-block\">\n\t                                <\/div>\n\t\t\t\t                <div class=\"mn-content-block\">\n\t                                <\/div>\n\t\t\t\t                <div class=\"mn-content-block\">\n\t                                <\/div>\n\t\t\t\t                <div class=\"mn-content-block\">\n\t                                <\/div>\n\t\t\t\t                <div class=\"mn-content-block\">\n\t                                <\/div>\n\t\t\t\t                <div class=\"mn-content-block\">\n\t                                <\/div>\n\t\t\t\t                <div class=\"mn-content-block\">\n\t                                <\/div>\n\t\t\t\t                <div class=\"mn-content-block\">\n\t                                <\/div>\n\t\t\t\t                <div class=\"mn-content-block\">\n\t                                <\/div>\n\t\t\t\t                <div class=\"mn-content-block\">\n\t                                <\/div>\n\t\t\t\t                <div class=\"mn-content-block\">\n\t                                <\/div>\n\t\t\t\t                <div class=\"mn-content-block\">\n\t                                <\/div>\n\t\t\t\t                <div class=\"mn-content-block\">\n\t                                <\/div>\n\t\t\t\t                <div class=\"mn-content-block\">\n\t                                <\/div>\n\t\t\t\t                <div class=\"mn-content-block\">\n\t                                <\/div>\n\t\t\t\t                <div class=\"mn-content-block\">\n\t                                <\/div>\n\t\t\t\t\t\t<\/div>\n\t<\/div>\n<\/section>\n\t\t<\/div>\n\t\t\t\t<\/div>\n\t\t\t\t\t\t<\/div>\n\t\t\t\t\t<\/div>\n\t\t<\/div>\n\t\t\t\t\t\t\t\t<\/div>\n\t\t\t\t\t<\/div>\n\t\t<\/section>\n\t\t\t\t\t\t<\/div>\n\t\t\t\t\t\t<\/div>\n\t\t\t\t\t<\/div>\n\t\t","protected":false},"excerpt":{"rendered":"<p>Faculty of Veterinary Medicine History UP Wydzia\u0142 Medycyny Weterynaryjnej The history of the Faculty of Veterinary Medicine dates back to 10 October 1944 and it is inseparably connected to the establishment of Maria Curie-Sk\u0142odowska University in Lublin on 23 October 1944. At that time, the first four faculties were created: Medical, Life Sciences, Agricultural and [&hellip;]<\/p>\n","protected":false},"author":2,"featured_media":0,"parent":140851,"menu_order":0,"comment_status":"closed","ping_status":"closed","template":"elementor_header_footer","meta":{"_monsterinsights_skip_tracking":false,"_monsterinsights_sitenote_active":false,"_monsterinsights_sitenote_note":"","_monsterinsights_sitenote_category":0},"_links":{"self":[{"href":"https:\/\/up.lublin.pl\/weterynaria\/en\/wp-json\/wp\/v2\/pages\/140876"}],"collection":[{"href":"https:\/\/up.lublin.pl\/weterynaria\/en\/wp-json\/wp\/v2\/pages"}],"about":[{"href":"https:\/\/up.lublin.pl\/weterynaria\/en\/wp-json\/wp\/v2\/types\/page"}],"author":[{"embeddable":true,"href":"https:\/\/up.lublin.pl\/weterynaria\/en\/wp-json\/wp\/v2\/users\/2"}],"replies":[{"embeddable":true,"href":"https:\/\/up.lublin.pl\/weterynaria\/en\/wp-json\/wp\/v2\/comments?post=140876"}],"version-history":[{"count":10,"href":"https:\/\/up.lublin.pl\/weterynaria\/en\/wp-json\/wp\/v2\/pages\/140876\/revisions"}],"predecessor-version":[{"id":141745,"href":"https:\/\/up.lublin.pl\/weterynaria\/en\/wp-json\/wp\/v2\/pages\/140876\/revisions\/141745"}],"up":[{"embeddable":true,"href":"https:\/\/up.lublin.pl\/weterynaria\/en\/wp-json\/wp\/v2\/pages\/140851"}],"wp:attachment":[{"href":"https:\/\/up.lublin.pl\/weterynaria\/en\/wp-json\/wp\/v2\/media?parent=140876"}],"curies":[{"name":"wp","href":"https:\/\/api.w.org\/{rel}","templated":true}]}}