{"id":98649,"date":"2020-11-18T09:10:11","date_gmt":"2020-11-18T08:10:11","guid":{"rendered":"https:\/\/up.lublin.pl\/?page_id=98649"},"modified":"2020-11-20T11:40:04","modified_gmt":"2020-11-20T10:40:04","slug":"senat","status":"publish","type":"page","link":"https:\/\/up.lublin.pl\/uk\/uniwersytet\/wladze\/senat\/","title":{"rendered":"Senat"},"content":{"rendered":"\t\t<div data-elementor-type=\"wp-page\" data-elementor-id=\"98649\" class=\"elementor elementor-98649 elementor-85875\" data-elementor-settings=\"[]\">\n\t\t\t\t\t\t<div class=\"elementor-inner\">\n\t\t\t\t\t\t\t<div class=\"elementor-section-wrap\">\n\t\t\t\t\t\t\t<section class=\"elementor-section elementor-top-section elementor-element elementor-element-86f25df elementor-section-boxed elementor-section-height-default elementor-section-height-default\" data-id=\"86f25df\" data-element_type=\"section\">\n\t\t\t\t\t\t<div class=\"elementor-container elementor-column-gap-default\">\n\t\t\t\t\t\t\t<div class=\"elementor-row\">\n\t\t\t\t\t<div class=\"elementor-column elementor-col-100 elementor-top-column elementor-element elementor-element-8dfd904\" data-id=\"8dfd904\" data-element_type=\"column\">\n\t\t\t<div class=\"elementor-column-wrap elementor-element-populated\">\n\t\t\t\t\t\t\t<div class=\"elementor-widget-wrap\">\n\t\t\t\t\t\t<div class=\"elementor-element elementor-element-0a9c37b elementor-widget elementor-widget-m5h\" data-id=\"0a9c37b\" data-element_type=\"widget\" data-widget_type=\"m5h.default\">\n\t\t\t\t<div class=\"elementor-widget-container\">\n\t\t\t<section class=\"mn-m5-h mn-bg-green\">\r\n\t<div class=\"mn-grid\">\r\n\t\t<div class=\"mn-content mn-grid-12\">\r\n\t\t\t<div class=\"mn-lead\">\r\n\t\t\t\t<h1>\u0421\u0435\u043d\u0430\u0442<\/h1>\n<h4>\u0427\u041b\u0415\u041d\u0418 \u0421\u0415\u041d\u0410\u0422\u0423 \u041f\u0420\u0418\u0420\u041e\u0414\u041d\u0418\u0427\u041e\u0413\u041e \u0423\u041d\u0406\u0412\u0415\u0420\u0421\u0418\u0422\u0415\u0422\u0423 \u0423 \u041b\u042e\u0411\u041b\u0406\u041d\u0406 \u041d\u0410 \u041f\u0415\u0420\u0406\u041e\u0414 \u0417 2020 \u041f\u041e 2024 \u0420\u0406\u041a<\/h4>\n\t\t\t<\/div>\r\n\t\t<\/div>\r\n\t<\/div>\r\n<\/section>\r\n\t\t<\/div>\n\t\t\t\t<\/div>\n\t\t\t\t\t\t<\/div>\n\t\t\t\t\t<\/div>\n\t\t<\/div>\n\t\t\t\t\t\t\t\t<\/div>\n\t\t\t\t\t<\/div>\n\t\t<\/section>\n\t\t\t\t<section class=\"elementor-section elementor-top-section elementor-element elementor-element-9ad60dc elementor-section-boxed elementor-section-height-default elementor-section-height-default\" data-id=\"9ad60dc\" data-element_type=\"section\">\n\t\t\t\t\t\t<div class=\"elementor-container elementor-column-gap-default\">\n\t\t\t\t\t\t\t<div class=\"elementor-row\">\n\t\t\t\t\t<div class=\"elementor-column elementor-col-100 elementor-top-column elementor-element elementor-element-06d9d87\" data-id=\"06d9d87\" data-element_type=\"column\">\n\t\t\t<div class=\"elementor-column-wrap elementor-element-populated\">\n\t\t\t\t\t\t\t<div class=\"elementor-widget-wrap\">\n\t\t\t\t\t\t<div class=\"elementor-element elementor-element-54122d4 elementor-widget elementor-widget-m5c\" data-id=\"54122d4\" data-element_type=\"widget\" data-widget_type=\"m5c.default\">\n\t\t\t\t<div class=\"elementor-widget-container\">\n\t\t\t<section class=\"mn-m5-c mn-m5-d2 mn-bg-white\">\n\t<div class=\"mn-grid\">\n\t\t\t\t<div class=\"mn-content mn-grid-9\">\n\t\t\t                <div class=\"mn-content-block active\">\n\t                                                        <div class=\"block-text\">\n\t                                        <p>Prof. dr hab. Krzysztof Kowalczyk, REKTOR<\/p>\n<p>Prof. dr hab. Andrzej Marczuk, PROREKTOR<br \/>Dr hab. Urszula Kosior-Korzecka, prof uczelni, PROREKTOR<br \/>Dr hab. Adam Wa\u015bko, prof. uczelni, PROREKTOR<\/p>\n<p>\u00a0<\/p>\n<p>Prof. dr hab. Barbara Ko\u0142odziej, DZIEKAN WYDZIA\u0141U AGROBIOIN\u017bYNIERII<\/p>\n<p>Dr hab. Iwona Puzio, prof. uczelni, DZIEKAN WYDZIA\u0141U MEDYCYNY WETERYNARYJNEJ<\/p>\n<p>Prof. dr hab. Joanna Bar\u0142owska, DZIEKAN WYDZIA\u0141U NAUK O&nbsp;ZWIERZ\u0118TACH I&nbsp;BIOGOSPODARKI<\/p>\n<p>Prof. dr hab. Renata Nurzy\u0144ska-Wierdak, DZIEKAN WYDZIA\u0141U OGRODNICTWA I&nbsp;ARCHITEKTURY KRAJOBRAZU<\/p>\n<p>Prof. dr hab. Dariusz Andrejko, DZIEKAN WYDZIA\u0141U IN\u017bYNIERII PRODUKCJI<\/p>\n<p>Prof. dr hab. Izabella Jackowska, DZIEKAN WYDZIA\u0141U NAUK O&nbsp;\u017bYWNO\u015aCI I&nbsp;BIOTECHNOLOGII<\/p>\n<p>Prof. dr hab. Tomasz Mieczan, DZIEKAN WYDZIA\u0141U BIOLOGII \u015aRODOWISKOWEJ<\/p>\n<p>\u00a0<\/p>\n<h4>NAUCZYCIELE AKADEMICCY ZATRUDNIENI NA STANOWISKU PROFESORA LUB PROFESORA UCZELNI:<\/h4>\n<p>Prof. dr hab. Marcin Arciszewski, Wydzia\u0142 Medycyny Weterynaryjnej<\/p>\n<p>Dr hab. Marzena Brodowska, prof. uczelni, Wydzia\u0142 Agrobioin\u017cynierii<\/p>\n<p>Dr hab. Katarzyna Dzida, prof. uczelni, Wydzia\u0142 Ogrodnictwa i&nbsp;Architektury Krajobrazu<\/p>\n<p>Dr hab. Katarzyna Golan, prof. uczelni, Wydzia\u0142 Ogrodnictwa i&nbsp;Architektury Krajobrazu<\/p>\n<p>Dr hab. Grzegorz Grzywaczewski, prof. uczelni, Wydzia\u0142 Biologii \u015arodowiskowej,<\/p>\n<p>Prof. dr hab. Waldemar Gustaw, Wydzia\u0142 Nauk o&nbsp;\u017bywno\u015bci i&nbsp;Biotechnologii<\/p>\n<p>Dr hab. Ma\u0142gorzata Haliniarz, prof. uczelni, Wydzia\u0142 Agrobioin\u017cynierii<\/p>\n<p>Prof. dr hab. Krzysztof J\u00f3\u017awiakowski, Wydzia\u0142 In\u017cynierii Produkcji<\/p>\n<p>Prof. dr hab. S\u0142awomir Kocira, Wydzia\u0142 In\u017cynierii Produkcji<\/p>\n<p>Prof. dr hab. Jolanta Kr\u00f3l, Wydzia\u0142 Nauk o&nbsp;Zwierz\u0119tach i&nbsp;Biogospodarki<\/p>\n<p>Dr hab. Halina Lipi\u0144ska, prof. uczelni, Wydzia\u0142 Agrobioin\u017cynierii<\/p>\n<p>Prof. dr hab. Katarzyna Ognik, Wydzia\u0142 Nauk o&nbsp;Zwierz\u0119tach i&nbsp;Biogospodarki<\/p>\n<p>Dr hab. Wojciech P\u0119czu\u0142a, prof. uczelni, Wydzia\u0142 Biologii \u015arodowiskowej<\/p>\n<p>Prof. dr hab. Brygida \u015alaska, Wydzia\u0142 Nauk o&nbsp;Zwierz\u0119tach i&nbsp;Biogospodarki<\/p>\n<p>Prof. dr hab. Renata Urban-Chmiel, Wydzia\u0142 Medycyny Weterynaryjnej<\/p>\n<p>Prof. dr hab. Stanis\u0142aw Winiarczyk, Wydzia\u0142 Medycyny Weterynaryjnej<\/p>\n<h4>PRZEDSTAWICIELE POZOSTA\u0141YCH NAUCZYCIELI AKADEMICKICH:<\/h4>\n<p>Dr Tomasz Czernecki, Wydzia\u0142 Nauk o&nbsp;\u017bywno\u015bci i&nbsp;Biotechnologii<\/p>\n<p>Dr Agnieszka Komor, Wydzia\u0142 Agrobioin\u017cynierii<\/p>\n<p>Dr in\u017c. Edyta Kowalczuk-Vasilev, Wydzia\u0142 Nauk o&nbsp;Zwierz\u0119tach i&nbsp;Biogospodarki<\/p>\n<p>Dr hab. Magdalena Pogorzelec, prof. uczelni, Wydzia\u0142 Biologii \u015arodowiskowej<\/p>\n<p>Dr Kamila Rybczy\u0144ska-Tkaczyk, Wydzia\u0142 Agrobioin\u017cynierii<\/p>\n<p>Dr Wioletta Sawicka-Zugaj, Wydzia\u0142 Nauk o&nbsp;Zwierz\u0119tac i&nbsp;Biogospodarki<\/p>\n<p>Dr hab. in\u017c. Tomasz S\u0142owik, Wydzia\u0142 In\u017cynierii Produkcji<\/p>\n<p>Dr hab. in\u017c. Pawe\u0142 Szot, Wydzia\u0142 Ogrodnictwa i&nbsp;Architektury Krajobrazu<\/p>\n<p>Dr in\u017c. Marek \u015acibisz, Wydzia\u0142 In\u017cynierii Produkcji<\/p>\n<p>Dr hab. Marta W\u00f3jcik, Wydzia\u0142 Medycyny Weterynaryjnej<\/p>\n<h4>PRZEDSTAWICIEL JEDNOSTEK POZAWYDZIA\u0141OWYCH:<\/h4>\n<p>Mgr Joanna R\u0105czkiewicz-Go\u0142acka<\/p>\n<h4>PRZEDSTAWICIELE PRACOWNIK\u00d3W NIEB\u0118D\u0104CYCH NAUCZYCIELAMI:<\/h4>\n<p>Mgr Jerzy Horbowski-Zaranek, przedstawiciel pracownik\u00f3w administracji<br \/>Dr Ma\u0142gorzata Gorczy\u0144ska, przedstawiciel pracownik\u00f3w Biblioteki i&nbsp;Wydawnictwa<\/p>\n<h4>PRZEDSTAWICIEL UCZESTNIK\u00d3W STUDI\u00d3W DOKTORANCKICH:<\/h4>\n<p>mgr in\u017c. Micha\u0142 Mo\u017cejko<\/p>\n<h4>PRZEWODNICZ\u0104CY SAMORZ\u0104DU STUDENCKIEGO:<\/h4>\n<p>Jakub Kalinowski<\/p>\n<h4>STUDENCI:<\/h4>\n<p>Joanna Bana\u015b &#8211; Wydzia\u0142 Agrobioin\u017cynierii<br \/>Bart\u0142omiej Szymczak- Wydzia\u0142 Medycyny Weterynaryjnej<br \/>Monika Szymczuk- Wydzia\u0142 Nauk i&nbsp;Zwierz\u0119tach i&nbsp;Biogospodarki<br \/>Pawe\u0142 Wi\u0119c\u0142aw &#8211; Wydzia\u0142 Ogrodnictwa i&nbsp;Architektury Krajobrazu<br \/>Aleksandra Sawczyk &#8211; Wydzia\u0142 In\u017cynierii Produkcji<br \/>Artur Niedzielski &#8211; Wydzia\u0142 Nauk o&nbsp;\u017bywno\u015bci i&nbsp;Biotechnologii<br \/>Micha\u0142 Arciszewski &#8211; Wydzia\u0142 Biologii \u015arodowiskowej<\/p>\n<h4>Z G\u0141OSEM DORADCZYM:<\/h4>\n<p>Prorektor: dr hab Bartosz So\u0142owiej, prof uczelni<br \/>Kanclerz: mgr Gra\u017cyna Szymczyk<br \/>Kwestor: mgr Ewa Walkowska<br \/>Przedstawiciel ZNP: prof. dr hab. Krzysztof Tomczuk<br \/>Przedstawiciel NSZZ Solidarno\u015b\u0107: mgr Roman Lalak<\/p>\n                                        <\/div>\n\t\t\t\t\t\t                                <\/div>\n\t\t\t\t                <div class=\"mn-content-block\">\n\t                                <\/div>\n\t\t\t\t                <div class=\"mn-content-block\">\n\t                                <\/div>\n\t\t\t\t                <div class=\"mn-content-block\">\n\t                                <\/div>\n\t\t\t\t                <div class=\"mn-content-block\">\n\t                                <\/div>\n\t\t\t\t                <div class=\"mn-content-block\">\n\t                                <\/div>\n\t\t\t\t                <div class=\"mn-content-block\">\n\t                                <\/div>\n\t\t\t\t                <div class=\"mn-content-block\">\n\t                                <\/div>\n\t\t\t\t                <div class=\"mn-content-block\">\n\t                                <\/div>\n\t\t\t\t                <div class=\"mn-content-block\">\n\t                                <\/div>\n\t\t\t\t                <div class=\"mn-content-block\">\n\t                                <\/div>\n\t\t\t\t                <div class=\"mn-content-block\">\n\t                                <\/div>\n\t\t\t\t                <div class=\"mn-content-block\">\n\t                                <\/div>\n\t\t\t\t                <div class=\"mn-content-block\">\n\t                                <\/div>\n\t\t\t\t                <div class=\"mn-content-block\">\n\t                                <\/div>\n\t\t\t\t                <div class=\"mn-content-block\">\n\t                                <\/div>\n\t\t\t\t                <div class=\"mn-content-block\">\n\t                                <\/div>\n\t\t\t\t                <div class=\"mn-content-block\">\n\t                                <\/div>\n\t\t\t\t                <div class=\"mn-content-block\">\n\t                                <\/div>\n\t\t\t\t                <div class=\"mn-content-block\">\n\t                                <\/div>\n\t\t\t\t\t\t<\/div>\n\t<\/div>\n<\/section>\n\t\t<\/div>\n\t\t\t\t<\/div>\n\t\t\t\t\t\t<\/div>\n\t\t\t\t\t<\/div>\n\t\t<\/div>\n\t\t\t\t\t\t\t\t<\/div>\n\t\t\t\t\t<\/div>\n\t\t<\/section>\n\t\t\t\t\t\t<\/div>\n\t\t\t\t\t\t<\/div>\n\t\t\t\t\t<\/div>\n\t\t","protected":false},"excerpt":{"rendered":"<p>\u0421\u0435\u043d\u0430\u0442 \u0427\u041b\u0415\u041d\u0418 \u0421\u0415\u041d\u0410\u0422\u0423 \u041f\u0420\u0418\u0420\u041e\u0414\u041d\u0418\u0427\u041e\u0413\u041e \u0423\u041d\u0406\u0412\u0415\u0420\u0421\u0418\u0422\u0415\u0422\u0423 \u0423 \u041b\u042e\u0411\u041b\u0406\u041d\u0406 \u041d\u0410 \u041f\u0415\u0420\u0406\u041e\u0414 \u0417 2020 \u041f\u041e 2024 \u0420\u0406\u041a Prof. dr hab. Krzysztof Kowalczyk, REKTOR Prof. dr hab. Andrzej Marczuk, PROREKTORDr hab. Urszula Kosior-Korzecka, prof uczelni, PROREKTORDr hab. Adam Wa\u015bko, prof. uczelni, PROREKTOR \u00a0 Prof. dr hab. Barbara Ko\u0142odziej, DZIEKAN WYDZIA\u0141U AGROBIOIN\u017bYNIERII Dr hab. Iwona Puzio, prof. uczelni, DZIEKAN WYDZIA\u0141U [&hellip;]<\/p>\n","protected":false},"author":2,"featured_media":0,"parent":97473,"menu_order":0,"comment_status":"closed","ping_status":"closed","template":"elementor_header_footer","meta":{"_monsterinsights_skip_tracking":false,"_monsterinsights_sitenote_active":false,"_monsterinsights_sitenote_note":"","_monsterinsights_sitenote_category":0},"_links":{"self":[{"href":"https:\/\/up.lublin.pl\/uk\/wp-json\/wp\/v2\/pages\/98649"}],"collection":[{"href":"https:\/\/up.lublin.pl\/uk\/wp-json\/wp\/v2\/pages"}],"about":[{"href":"https:\/\/up.lublin.pl\/uk\/wp-json\/wp\/v2\/types\/page"}],"author":[{"embeddable":true,"href":"https:\/\/up.lublin.pl\/uk\/wp-json\/wp\/v2\/users\/2"}],"replies":[{"embeddable":true,"href":"https:\/\/up.lublin.pl\/uk\/wp-json\/wp\/v2\/comments?post=98649"}],"version-history":[{"count":2,"href":"https:\/\/up.lublin.pl\/uk\/wp-json\/wp\/v2\/pages\/98649\/revisions"}],"predecessor-version":[{"id":98966,"href":"https:\/\/up.lublin.pl\/uk\/wp-json\/wp\/v2\/pages\/98649\/revisions\/98966"}],"up":[{"embeddable":true,"href":"https:\/\/up.lublin.pl\/uk\/wp-json\/wp\/v2\/pages\/97473"}],"wp:attachment":[{"href":"https:\/\/up.lublin.pl\/uk\/wp-json\/wp\/v2\/media?parent=98649"}],"curies":[{"name":"wp","href":"https:\/\/api.w.org\/{rel}","templated":true}]}}