{"id":98621,"date":"2020-11-18T09:03:00","date_gmt":"2020-11-18T08:03:00","guid":{"rendered":"https:\/\/up.lublin.pl\/?page_id=98621"},"modified":"2020-11-20T11:13:14","modified_gmt":"2020-11-20T10:13:14","slug":"prorektor-ds-nauki-i-wspolpracy-z-zagranica","status":"publish","type":"page","link":"https:\/\/up.lublin.pl\/uk\/uniwersytet\/wladze\/prorektor-ds-nauki-i-wspolpracy-z-zagranica\/","title":{"rendered":"Prorektor ds. Nauki i Wsp\u00f3\u0142pracy z Zagranic\u0105"},"content":{"rendered":"\t\t<div data-elementor-type=\"wp-page\" data-elementor-id=\"98621\" class=\"elementor elementor-98621 elementor-85866\" data-elementor-settings=\"[]\">\n\t\t\t\t\t\t<div class=\"elementor-inner\">\n\t\t\t\t\t\t\t<div class=\"elementor-section-wrap\">\n\t\t\t\t\t\t\t<section class=\"elementor-section elementor-top-section elementor-element elementor-element-cb2e8e6 elementor-section-boxed elementor-section-height-default elementor-section-height-default\" data-id=\"cb2e8e6\" data-element_type=\"section\">\n\t\t\t\t\t\t<div class=\"elementor-container elementor-column-gap-default\">\n\t\t\t\t\t\t\t<div class=\"elementor-row\">\n\t\t\t\t\t<div class=\"elementor-column elementor-col-100 elementor-top-column elementor-element elementor-element-6b719b6\" data-id=\"6b719b6\" data-element_type=\"column\">\n\t\t\t<div class=\"elementor-column-wrap elementor-element-populated\">\n\t\t\t\t\t\t\t<div class=\"elementor-widget-wrap\">\n\t\t\t\t\t\t<div class=\"elementor-element elementor-element-4f42647 elementor-widget elementor-widget-m5h\" data-id=\"4f42647\" data-element_type=\"widget\" data-widget_type=\"m5h.default\">\n\t\t\t\t<div class=\"elementor-widget-container\">\n\t\t\t<section class=\"mn-m5-h mn-bg-green\">\r\n\t<div class=\"mn-grid\">\r\n\t\t<div class=\"mn-content mn-grid-12\">\r\n\t\t\t<div class=\"mn-lead\">\r\n\t\t\t\t<h1>\u041f\u0440\u043e\u0440\u0435\u043a\u0442\u043e\u0440 \u0437 \u043f\u0438\u0442\u0430\u043d\u044c \u043d\u0430\u0443\u043a\u043e\u0432\u043e\u0457 \u0440\u043e\u0431\u043e\u0442\u0438 \u0442\u0430 \u043c\u0456\u0436\u043d\u0430\u0440\u043e\u0434\u043d\u043e\u0457 \u0441\u043f\u0456\u0432\u043f\u0440\u0430\u0446\u0456<\/h1>\n\t\t\t<\/div>\r\n\t\t<\/div>\r\n\t<\/div>\r\n<\/section>\r\n\t\t<\/div>\n\t\t\t\t<\/div>\n\t\t\t\t\t\t<\/div>\n\t\t\t\t\t<\/div>\n\t\t<\/div>\n\t\t\t\t\t\t\t\t<\/div>\n\t\t\t\t\t<\/div>\n\t\t<\/section>\n\t\t\t\t<section class=\"elementor-section elementor-top-section elementor-element elementor-element-0f02386 elementor-section-boxed elementor-section-height-default elementor-section-height-default\" data-id=\"0f02386\" data-element_type=\"section\">\n\t\t\t\t\t\t<div class=\"elementor-container elementor-column-gap-default\">\n\t\t\t\t\t\t\t<div class=\"elementor-row\">\n\t\t\t\t\t<div class=\"elementor-column elementor-col-100 elementor-top-column elementor-element elementor-element-e7c4a78\" data-id=\"e7c4a78\" data-element_type=\"column\">\n\t\t\t<div class=\"elementor-column-wrap elementor-element-populated\">\n\t\t\t\t\t\t\t<div class=\"elementor-widget-wrap\">\n\t\t\t\t\t\t<div class=\"elementor-element elementor-element-8841656 elementor-widget elementor-widget-m5e\" data-id=\"8841656\" data-element_type=\"widget\" data-widget_type=\"m5e.default\">\n\t\t\t\t<div class=\"elementor-widget-container\">\n\t\t\t<section class=\"mn-m5-e mn-bg-white\">\r\n\t<div class=\"mn-grid\">\r\n\t\t\t\t\t<div class=\"mn-img mn-grid-6\">\r\n\t\t\t\t\t\t\t\t\t<img src=\"https:\/\/up.lublin.pl\/wp-content\/uploads\/2020\/10\/Bartosz_Solowiej.jpg\" alt=\"\">\r\n\t\t\t\t\t\t\t\t<\/div>\r\n\t\t\t\t\t<div class=\"mn-content mn-grid-6\">\r\n\t\t\t<h3>\u0434. \u043d. \u0411\u0430\u0440\u0442\u043e\u0448 \u0421\u043e\u043b\u043e\u0432\u0454\u0439, \u043f\u0440\u043e\u0444. \u0443\u043d\u0456\u0432\u0435\u0440\u0441\u0438\u0442\u0435\u0442\u0443<\/h3>\n<p>\u0442\u0435\u043b. (+81) 445-68-68<br \/>(+ 81) 445-66-77<\/p>\n\t\t<\/div>\r\n\t\t\t<\/div>\r\n<\/section>\r\n\t\t<\/div>\n\t\t\t\t<\/div>\n\t\t\t\t\t\t<\/div>\n\t\t\t\t\t<\/div>\n\t\t<\/div>\n\t\t\t\t\t\t\t\t<\/div>\n\t\t\t\t\t<\/div>\n\t\t<\/section>\n\t\t\t\t\t\t<\/div>\n\t\t\t\t\t\t<\/div>\n\t\t\t\t\t<\/div>\n\t\t","protected":false},"excerpt":{"rendered":"<p>\u041f\u0440\u043e\u0440\u0435\u043a\u0442\u043e\u0440 \u0437 \u043f\u0438\u0442\u0430\u043d\u044c \u043d\u0430\u0443\u043a\u043e\u0432\u043e\u0457 \u0440\u043e\u0431\u043e\u0442\u0438 \u0442\u0430 \u043c\u0456\u0436\u043d\u0430\u0440\u043e\u0434\u043d\u043e\u0457 \u0441\u043f\u0456\u0432\u043f\u0440\u0430\u0446\u0456 \u0434. \u043d. \u0411\u0430\u0440\u0442\u043e\u0448 \u0421\u043e\u043b\u043e\u0432\u0454\u0439, \u043f\u0440\u043e\u0444. \u0443\u043d\u0456\u0432\u0435\u0440\u0441\u0438\u0442\u0435\u0442\u0443 \u0442\u0435\u043b. (+81) 445-68-68(+ 81) 445-66-77<\/p>\n","protected":false},"author":2,"featured_media":0,"parent":97473,"menu_order":0,"comment_status":"closed","ping_status":"closed","template":"elementor_header_footer","meta":{"_monsterinsights_skip_tracking":false,"_monsterinsights_sitenote_active":false,"_monsterinsights_sitenote_note":"","_monsterinsights_sitenote_category":0},"_links":{"self":[{"href":"https:\/\/up.lublin.pl\/uk\/wp-json\/wp\/v2\/pages\/98621"}],"collection":[{"href":"https:\/\/up.lublin.pl\/uk\/wp-json\/wp\/v2\/pages"}],"about":[{"href":"https:\/\/up.lublin.pl\/uk\/wp-json\/wp\/v2\/types\/page"}],"author":[{"embeddable":true,"href":"https:\/\/up.lublin.pl\/uk\/wp-json\/wp\/v2\/users\/2"}],"replies":[{"embeddable":true,"href":"https:\/\/up.lublin.pl\/uk\/wp-json\/wp\/v2\/comments?post=98621"}],"version-history":[{"count":2,"href":"https:\/\/up.lublin.pl\/uk\/wp-json\/wp\/v2\/pages\/98621\/revisions"}],"predecessor-version":[{"id":98960,"href":"https:\/\/up.lublin.pl\/uk\/wp-json\/wp\/v2\/pages\/98621\/revisions\/98960"}],"up":[{"embeddable":true,"href":"https:\/\/up.lublin.pl\/uk\/wp-json\/wp\/v2\/pages\/97473"}],"wp:attachment":[{"href":"https:\/\/up.lublin.pl\/uk\/wp-json\/wp\/v2\/media?parent=98621"}],"curies":[{"name":"wp","href":"https:\/\/api.w.org\/{rel}","templated":true}]}}