{"id":97477,"date":"2020-11-02T11:18:22","date_gmt":"2020-11-02T10:18:22","guid":{"rendered":"https:\/\/up.lublin.pl\/?page_id=97477"},"modified":"2020-11-17T11:24:25","modified_gmt":"2020-11-17T10:24:25","slug":"wspolpraca-miedzynarodowa","status":"publish","type":"page","link":"https:\/\/up.lublin.pl\/uk\/wspolpraca\/wspolpraca-miedzynarodowa\/","title":{"rendered":"\u041c\u0456\u0436\u043d\u0430\u0440\u043e\u0434\u043d\u0430 \u0441\u043f\u0456\u0432\u043f\u0440\u0430\u0446\u044f"},"content":{"rendered":"\t\t<div data-elementor-type=\"wp-page\" data-elementor-id=\"97477\" class=\"elementor elementor-97477 elementor-86087\" data-elementor-settings=\"[]\">\n\t\t\t\t\t\t<div class=\"elementor-inner\">\n\t\t\t\t\t\t\t<div class=\"elementor-section-wrap\">\n\t\t\t\t\t\t\t<section class=\"elementor-section elementor-top-section elementor-element elementor-element-17db90b elementor-section-boxed elementor-section-height-default elementor-section-height-default\" data-id=\"17db90b\" data-element_type=\"section\">\n\t\t\t\t\t\t<div class=\"elementor-container elementor-column-gap-default\">\n\t\t\t\t\t\t\t<div class=\"elementor-row\">\n\t\t\t\t\t<div class=\"elementor-column elementor-col-100 elementor-top-column elementor-element elementor-element-76c68b2\" data-id=\"76c68b2\" data-element_type=\"column\">\n\t\t\t<div class=\"elementor-column-wrap elementor-element-populated\">\n\t\t\t\t\t\t\t<div class=\"elementor-widget-wrap\">\n\t\t\t\t\t\t<div class=\"elementor-element elementor-element-fb0dde7 elementor-widget elementor-widget-m2d\" data-id=\"fb0dde7\" data-element_type=\"widget\" data-widget_type=\"m2d.default\">\n\t\t\t\t<div class=\"elementor-widget-container\">\n\t\t\t<section class=\"mn-m2-d mn-bg-green\">\r\n\t<div class=\"mn-grid\">\r\n\t\t<div class=\"mn-grid-3 mn-introtext\">\r\n\t\t\t\t\t\t\t<h3>\r\n\t\t\t\t\t\u041c\u0456\u0436\u043d\u0430\u0440\u043e\u0434\u043d\u0430 \u0441\u043f\u0456\u0432\u043f\u0440\u0430\u0446\u044f\t\t\t\t<\/h3>\r\n\t\t\t\t\t\t<\/div>\r\n\t\t\t            <div class=\"mn-grid-9 mn-image-container\">\r\n\t\t\t\t<img src=\"https:\/\/up.lublin.pl\/wp-content\/uploads\/2020\/08\/Image-5.png\" alt=\"\">\r\n            <\/div>\r\n\t\t\t\t        \r\n\r\n\t<\/div>\r\n\t<\/section>\r\n\t\t<\/div>\n\t\t\t\t<\/div>\n\t\t\t\t\t\t<\/div>\n\t\t\t\t\t<\/div>\n\t\t<\/div>\n\t\t\t\t\t\t\t\t<\/div>\n\t\t\t\t\t<\/div>\n\t\t<\/section>\n\t\t\t\t<section class=\"elementor-section elementor-top-section elementor-element elementor-element-d7cc0bb elementor-section-boxed elementor-section-height-default elementor-section-height-default\" data-id=\"d7cc0bb\" data-element_type=\"section\">\n\t\t\t\t\t\t<div class=\"elementor-container elementor-column-gap-default\">\n\t\t\t\t\t\t\t<div class=\"elementor-row\">\n\t\t\t\t\t<div class=\"elementor-column elementor-col-100 elementor-top-column elementor-element elementor-element-0262091\" data-id=\"0262091\" data-element_type=\"column\">\n\t\t\t<div class=\"elementor-column-wrap elementor-element-populated\">\n\t\t\t\t\t\t\t<div class=\"elementor-widget-wrap\">\n\t\t\t\t\t\t<div class=\"elementor-element elementor-element-50049c9 elementor-widget elementor-widget-m3a\" data-id=\"50049c9\" data-element_type=\"widget\" data-widget_type=\"m3a.default\">\n\t\t\t\t<div class=\"elementor-widget-container\">\n\t\t\t\t<section class=\"mn-m3-a mn-bg-green mn-m3-g\">\n\t\t<div class=\"mn-grid\">\n\t\t\t<h2 class=\"custom-mn-grid-4\">Aktualno\u015bci:<\/h2>\n\t\t\t                <div class=\"custom-mn-grid-8\">\n\t\t                            <\/div>\n\t            \t\t\t<div class=\"mn-grid-3 mn-introtext\">\n\t\t\t\t<div id=\"Content\"><div class=\"boxed\"><div id=\"lipsum\"><p>Lorem ipsum dolor sit amet, consectetur adipiscing elit. Donec eu neque vitae nunc varius congue vulputate in velit. Ut gravida in massa ac mollis. Nam vitae neque ex. Integer vitae placerat mi. Cras et dolor mollis, congue metus id, dapibus orci<\/p><\/div><\/div><\/div>\t\t\t<\/div>\n\t\t\t                <div class=\"mn-grid-11 mn-slider-container\">\n\n                    <div class=\"mn-news-slider slider slider-69e02fade79a7\">\n\t\t\t\t\t\t                            <div class=\"slick-slide post-el  slick-current term-5649 term-5651\">\n\t\t\t\t\t\t\t\t                                <div class=\"mn-grid-3 mn-kat-m4-container\">\n\t\t\t\t\t\t\t\t\t\t\t\t\t\t\t\t\t\t\t\t\t\t\t\t\t\t\t\t\t\t\t\t\t\t\t\t\t\t\t\t\t\t\t\t\t\t                                            <h3>Polska \u2013 Ukraina: Baza bezp\u0142atnych materia\u0142\u00f3w edukacyjnych<\/h3>\n\t\t\t\t\t\t\t\t\t\t\t                                        <div class=\"mn-lead\">\n\t\t\t\t\t\t\t\t\t\t\t                                                <p>\u041f\u043e\u043b\u044c\u0449\u0430 - \u0423\u043a\u0440\u0430\u0457\u043d\u0430\u0411\u0430\u0437\u0430 \u0431\u0435\u0437\u043a\u043e\u0448\u0442\u043e\u0432\u043d\u0438\u0445 \u043d\u0430\u0432\u0447\u0430\u043b\u044c\u043d\u0438\u0445 \u043c\u0430\u0442\u0435\u0440\u0456\u0430\u043b\u0456\u0432Jak...<\/p>\n\t\t\t\t\t\t\t\t\t\t\t\t                                        <\/div>\n\t\t\t\t\t\t\t\t\t\t                                    <a href=\"https:\/\/up.lublin.pl\/uk\/blog\/polska-ukraina-baza-bezplatnych-materialow-edukacyjnych\/\" class=\"mn-more\">\u0447\u0438\u0442\u0430\u0442\u0438 \u0434\u0430\u043b\u0456<\/a>\n\n\t\t\t\t\t\t\t\t\t                                <\/div>\n\t\t\t\t\t\t\t                            <\/div>\n\t\t\t\t\t\t\t                            <div class=\"slick-slide post-el  term-553\">\n\t\t\t\t\t\t\t\t                                <div class=\"mn-grid-3 mn-kat-m4-container\">\n\t\t\t\t\t\t\t\t\t\t\t\t\t\t\t\t\t\t\t\t\t\t\t\t\t\t\t\t\t\t\t\t\t\t\t\t\t\t\t\t\t\t\t\t\t\t                                            <h3>Szkolenie EMIS<\/h3>\n\t\t\t\t\t\t\t\t\t\t\t                                        <div class=\"mn-lead\">\n\t\t\t\t\t\t\t\t\t\t\t                                                <p>Zapraszamy na \u201eSzkolenie z&nbsp;bazy EMIS \u2013 agregatora...<\/p>\n\t\t\t\t\t\t\t\t\t\t\t\t                                        <\/div>\n\t\t\t\t\t\t\t\t\t\t                                    <a href=\"https:\/\/up.lublin.pl\/uk\/blog\/szkolenie-emis\/\" class=\"mn-more\">\u0447\u0438\u0442\u0430\u0442\u0438 \u0434\u0430\u043b\u0456<\/a>\n\n\t\t\t\t\t\t\t\t\t                                <\/div>\n\t\t\t\t\t\t\t                            <\/div>\n\t\t\t\t\t\t\t                            <div class=\"slick-slide post-el  term-553\">\n\t\t\t\t\t\t\t\t                                <div class=\"mn-grid-3 mn-kat-m4-container\">\n\t\t\t\t\t\t\t\t\t\t\t\t\t\t\t\t\t\t\t\t\t\t\t\t\t\t\t\t\t\t\t\t\t\t\t\t\t\t\t\t\t\t\t\t\t\t                                            <h3>\u041f\u0440\u043e \u041b\u044e\u0431\u043b\u0456\u043d<\/h3>\n\t\t\t\t\t\t\t\t\t\t\t                                        <div class=\"mn-lead\">\n\t\t\t\t\t\t\t\t\t\t\t                                                <p>\u041b\u044e\u0431\u043b\u0456\u043d \u2013 \u0446\u0435 \u0441\u0442\u043e\u043b\u0438\u0446\u044f \u041b\u044e\u0431\u043b\u0456\u043d\u0441\u044c\u043a\u043e\u0433\u043e \u0432\u043e\u0454\u0432\u043e\u0434\u0441\u0442\u0432\u0430, \u043c\u0456\u0441\u0442\u043e \u0437...<\/p>\n\t\t\t\t\t\t\t\t\t\t\t\t                                        <\/div>\n\t\t\t\t\t\t\t\t\t\t                                    <a href=\"https:\/\/up.lublin.pl\/uk\/blog\/%d0%bf%d1%80%d0%be-%d0%bb%d1%8e%d0%b1%d0%bb%d1%96%d0%bd\/\" class=\"mn-more\">\u0447\u0438\u0442\u0430\u0442\u0438 \u0434\u0430\u043b\u0456<\/a>\n\n\t\t\t\t\t\t\t\t\t                                <\/div>\n\t\t\t\t\t\t\t                            <\/div>\n\t\t\t\t\t\t\t                            <div class=\"slick-slide post-el  term-553\">\n\t\t\t\t\t\t\t\t                                <div class=\"mn-grid-3 mn-kat-m4-container\">\n\t\t\t\t\t\t\t\t\t\t\t\t\t\t\t\t\t\t\t\t\t\t\t\t\t\t\t\t\t\t\t\t\t\t\t\t\t\t\t\t\t\t\t\t\t\t                                            <h3>\u041a\u043e\u043d\u0442\u0430\u043a\u0442<\/h3>\n\t\t\t\t\t\t\t\t\t\t\t                                        <div class=\"mn-lead\">\n\t\t\t\t\t\t\t\t\t\t\t                                                <p>Uniwersytet Przyrodniczy w Lublinie\n\n\n\n20-950 Lublin, ul...<\/p>\n\t\t\t\t\t\t\t\t\t\t\t\t                                        <\/div>\n\t\t\t\t\t\t\t\t\t\t                                    <a href=\"https:\/\/up.lublin.pl\/uk\/blog\/%d0%ba%d0%be%d0%bd%d1%82%d0%b0%d0%ba%d1%82\/\" class=\"mn-more\">\u0447\u0438\u0442\u0430\u0442\u0438 \u0434\u0430\u043b\u0456<\/a>\n\n\t\t\t\t\t\t\t\t\t                                <\/div>\n\t\t\t\t\t\t\t                            <\/div>\n\t\t\t\t\t\t\t                    <\/div>\n                <\/div>\n\t\t\t\t\t\t<\/div>\n\t<\/section>\n\t\t<\/div>\n\t\t\t\t<\/div>\n\t\t\t\t\t\t<\/div>\n\t\t\t\t\t<\/div>\n\t\t<\/div>\n\t\t\t\t\t\t\t\t<\/div>\n\t\t\t\t\t<\/div>\n\t\t<\/section>\n\t\t\t\t<section class=\"elementor-section elementor-top-section elementor-element elementor-element-2654a33 elementor-section-boxed elementor-section-height-default elementor-section-height-default\" data-id=\"2654a33\" data-element_type=\"section\">\n\t\t\t\t\t\t<div class=\"elementor-container elementor-column-gap-default\">\n\t\t\t\t\t\t\t<div class=\"elementor-row\">\n\t\t\t\t\t<div class=\"elementor-column elementor-col-100 elementor-top-column elementor-element elementor-element-4d3b7d0\" data-id=\"4d3b7d0\" data-element_type=\"column\">\n\t\t\t<div class=\"elementor-column-wrap elementor-element-populated\">\n\t\t\t\t\t\t\t<div class=\"elementor-widget-wrap\">\n\t\t\t\t\t\t<div class=\"elementor-element elementor-element-0345e7f elementor-widget elementor-widget-m4a\" data-id=\"0345e7f\" data-element_type=\"widget\" data-widget_type=\"m4a.default\">\n\t\t\t\t<div class=\"elementor-widget-container\">\n\t\t\t\t<section class=\"mn-bg-green\">\n\t\t        <div class=\"mn-grid\">\n            <h2 class=\"mn-grid-12\">Wprowad\u017a tytu\u0142...<\/h2>\n        <\/div>\n\t\t\t\t\t<div class=\"mn-grid\">\n\t\t\t\t\t\t\t<div class=\"mn-grid-6 mn-kat-m4-container\">\n\t\t\t\t\t\t\t\t\t\t\t\t\t\t\t\t<h3>Mobilno\u015b\u0107 Naukowa<\/h3>\n\t\t\t\t\t\t\t\t\t\t\t\t\t\t\t\t\t<div class=\"mn-lead\">\n\t\t\t\t\t\t\tLorem ipsum dolor sit amet, consectetur adipiscing elit. vitae placerat mi. Cras et dolor mollis, congue metus id, dapibus orci\t\t\t\t\t\t<\/div>\n\t\t\t\t\t\t\t\t\t\t\t\t\t\t\t\t\t<a href=\"https:\/\/up.lublin.pl\/wspolpraca\/wspolpraca-miedzynarodowa\/mobilnosc-naukowa\/\" class=\"mn-more\">\u0447\u0438\u0442\u0430\u0442\u0438 \u0434\u0430\u043b\u0456<\/a>\n\t\t\t\t\t\t\t\t\t\t<\/div>\n\t\t\t\t\t\t\t\t<div class=\"mn-grid-6 mn-kat-m4-container\">\n\t\t\t\t\t\t\t\t\t\t\t\t\t\t\t\t<h3>Umowy o&nbsp;wsp\u00f3\u0142pracy<\/h3>\n\t\t\t\t\t\t\t\t\t\t\t\t\t\t\t\t\t<div class=\"mn-lead\">\n\t\t\t\t\t\t\tLorem ipsum dolor sit amet, consectetur adipiscing elit. vitae placerat mi. Cras et dolor mollis, congue metus id, dapibus orci\t\t\t\t\t\t<\/div>\n\t\t\t\t\t\t\t\t\t\t\t\t\t\t\t\t\t<a href=\"https:\/\/up.lublin.pl\/wspolpraca\/wspolpraca-miedzynarodowa\/umowy-o-wspolpracy\/\" class=\"mn-more\">\u0447\u0438\u0442\u0430\u0442\u0438 \u0434\u0430\u043b\u0456<\/a>\n\t\t\t\t\t\t\t\t\t\t<\/div>\n\t\t\t\t\t\t\t\t<div class=\"mn-grid-6 mn-kat-m4-container\">\n\t\t\t\t\t\t\t\t\t\t\t\t\t\t\t\t<h3>Programy Mi\u0119dzynarodowe<\/h3>\n\t\t\t\t\t\t\t\t\t\t\t\t\t\t\t\t\t<div class=\"mn-lead\">\n\t\t\t\t\t\t\tLorem ipsum dolor sit amet, consectetur adipiscing elit. vitae placerat mi. Cras et dolor mollis, congue metus id, dapibus orci\t\t\t\t\t\t<\/div>\n\t\t\t\t\t\t\t\t\t\t\t\t\t\t\t\t\t<a href=\"https:\/\/up.lublin.pl\/wspolpraca\/wspolpraca-miedzynarodowa\/programy-miedzynarodowe\/\" class=\"mn-more\">\u0447\u0438\u0442\u0430\u0442\u0438 \u0434\u0430\u043b\u0456<\/a>\n\t\t\t\t\t\t\t\t\t\t<\/div>\n\t\t\t\t\t\t\t\t<div class=\"mn-grid-6 mn-kat-m4-container\">\n\t\t\t\t\t\t\t\t\t\t\t\t\t\t\t\t<h3>Program Erasmus+<\/h3>\n\t\t\t\t\t\t\t\t\t\t\t\t\t\t\t\t\t<div class=\"mn-lead\">\n\t\t\t\t\t\t\tPracownicy Biura Wymiany Akademickiej zajmuj\u0105 si\u0119 prowadzeniem dzia\u0142a\u0144 zwi\u0105zanych z&nbsp;uczestnictwem w&nbsp;programach mobilno\u015bciowych\t\t\t\t\t\t<\/div>\n\t\t\t\t\t\t\t\t\t\t\t\t\t\t\t\t\t<a href=\"https:\/\/up.lublin.pl\/edukacja\/erasmus\/\" class=\"mn-more\">\u0447\u0438\u0442\u0430\u0442\u0438 \u0434\u0430\u043b\u0456<\/a>\n\t\t\t\t\t\t\t\t\t\t<\/div>\n\t\t\t\t\t\t<\/div>\n\t<\/section>\n\t\t\t<\/div>\n\t\t\t\t<\/div>\n\t\t\t\t\t\t<\/div>\n\t\t\t\t\t<\/div>\n\t\t<\/div>\n\t\t\t\t\t\t\t\t<\/div>\n\t\t\t\t\t<\/div>\n\t\t<\/section>\n\t\t\t\t\t\t<\/div>\n\t\t\t\t\t\t<\/div>\n\t\t\t\t\t<\/div>\n\t\t","protected":false},"excerpt":{"rendered":"<p>\u041c\u0456\u0436\u043d\u0430\u0440\u043e\u0434\u043d\u0430 \u0441\u043f\u0456\u0432\u043f\u0440\u0430\u0446\u044f Aktualno\u015bci: Lorem ipsum dolor sit amet, consectetur adipiscing elit. Donec eu neque vitae nunc varius congue vulputate in velit. Ut gravida in massa ac mollis. Nam vitae neque ex. Integer vitae placerat mi. Cras et dolor mollis, congue metus id, dapibus orci \u041f\u0440\u043e \u041b\u044e\u0431\u043b\u0456\u043d \u041b\u044e\u0431\u043b\u0456\u043d \u2013 \u0446\u0435 \u0441\u0442\u043e\u043b\u0438\u0446\u044f \u041b\u044e\u0431\u043b\u0456\u043d\u0441\u044c\u043a\u043e\u0433\u043e \u0432\u043e\u0454\u0432\u043e\u0434\u0441\u0442\u0432\u0430, \u043c\u0456\u0441\u0442\u043e \u0437&#8230; Zobacz [&hellip;]<\/p>\n","protected":false},"author":2,"featured_media":0,"parent":97475,"menu_order":0,"comment_status":"closed","ping_status":"closed","template":"elementor_header_footer","meta":{"_monsterinsights_skip_tracking":false,"_monsterinsights_sitenote_active":false,"_monsterinsights_sitenote_note":"","_monsterinsights_sitenote_category":0},"_links":{"self":[{"href":"https:\/\/up.lublin.pl\/uk\/wp-json\/wp\/v2\/pages\/97477"}],"collection":[{"href":"https:\/\/up.lublin.pl\/uk\/wp-json\/wp\/v2\/pages"}],"about":[{"href":"https:\/\/up.lublin.pl\/uk\/wp-json\/wp\/v2\/types\/page"}],"author":[{"embeddable":true,"href":"https:\/\/up.lublin.pl\/uk\/wp-json\/wp\/v2\/users\/2"}],"replies":[{"embeddable":true,"href":"https:\/\/up.lublin.pl\/uk\/wp-json\/wp\/v2\/comments?post=97477"}],"version-history":[{"count":3,"href":"https:\/\/up.lublin.pl\/uk\/wp-json\/wp\/v2\/pages\/97477\/revisions"}],"predecessor-version":[{"id":98549,"href":"https:\/\/up.lublin.pl\/uk\/wp-json\/wp\/v2\/pages\/97477\/revisions\/98549"}],"up":[{"embeddable":true,"href":"https:\/\/up.lublin.pl\/uk\/wp-json\/wp\/v2\/pages\/97475"}],"wp:attachment":[{"href":"https:\/\/up.lublin.pl\/uk\/wp-json\/wp\/v2\/media?parent=97477"}],"curies":[{"name":"wp","href":"https:\/\/api.w.org\/{rel}","templated":true}]}}