{"id":474,"date":"2020-12-18T09:43:56","date_gmt":"2020-12-18T08:43:56","guid":{"rendered":"http:\/\/nowastrona.up.lublin.pl\/srodowiskowa\/?page_id=474"},"modified":"2026-02-18T13:55:27","modified_gmt":"2026-02-18T12:55:27","slug":"wzory-dokumentow","status":"publish","type":"page","link":"https:\/\/up.lublin.pl\/srodowiskowa\/ksztalcenie\/wzory-dokumentow\/","title":{"rendered":"Wzory dokument\u00f3w"},"content":{"rendered":"\t\t<div data-elementor-type=\"wp-page\" data-elementor-id=\"474\" class=\"elementor elementor-474\" data-elementor-settings=\"[]\">\n\t\t\t\t\t\t<div class=\"elementor-inner\">\n\t\t\t\t\t\t\t<div class=\"elementor-section-wrap\">\n\t\t\t\t\t\t\t<section class=\"elementor-section elementor-top-section elementor-element elementor-element-c7e6217 elementor-section-boxed elementor-section-height-default elementor-section-height-default\" data-id=\"c7e6217\" data-element_type=\"section\">\n\t\t\t\t\t\t<div class=\"elementor-container elementor-column-gap-default\">\n\t\t\t\t\t\t\t<div class=\"elementor-row\">\n\t\t\t\t\t<div class=\"elementor-column elementor-col-100 elementor-top-column elementor-element elementor-element-51de51d\" data-id=\"51de51d\" data-element_type=\"column\">\n\t\t\t<div class=\"elementor-column-wrap elementor-element-populated\">\n\t\t\t\t\t\t\t<div class=\"elementor-widget-wrap\">\n\t\t\t\t\t\t<div class=\"elementor-element elementor-element-4e2812d elementor-widget elementor-widget-m5c\" data-id=\"4e2812d\" data-element_type=\"widget\" data-widget_type=\"m5c.default\">\n\t\t\t\t<div class=\"elementor-widget-container\">\n\t\t\t<section class=\"mn-m5-c mn-m5-d2 mn-bg-white\">\n\t<div class=\"mn-grid\">\n\t\t\t\t<div class=\"mn-content mn-grid-9\">\n\t\t\t                <div class=\"mn-content-block active\">\n\t                                                        <div class=\"block-text\">\n\t                                        <h5><a href=\"http:\/\/nowastrona.up.lublin.pl\/srodowiskowa\/ksztalcenie\/\">\u2190 powr\u00f3t<\/a><\/h5>\n                                        <\/div>\n\t\t\t\t\t\t                                                        <div class=\"block-text\">\n\t                                        <h3 style=\"text-align: center\">Wzory dokument\u00f3w<\/h3>\n                                        <\/div>\n\t\t\t\t\t\t                                                        <div class=\"mn-cards-list\">\n                                            <div class=\"mn-card-container\">\n                                                <div>\n                                                    <img src=\"https:\/\/up.lublin.pl\/srodowiskowa\/wp-content\/themes\/up-lublin\/assets\/images\/doc-ico.svg\" alt=\"\" \/>\n                                                    <h5>I. Wz\u00f3r strony tytu\u0142owej pracy in\u017cynierskiej\/magisterskiej<\/h5>\n                                                <\/div>\n                                                <a href=\"https:\/\/up.lublin.pl\/srodowiskowa\/wp-content\/uploads\/sites\/5\/2020\/12\/zalacznik_1.docx\" class=\"mn-more\" target=\"_blank\">Zobacz<\/a>\n                                            <\/div>\n                                        <\/div>\n\t\t\t\t\t\t                                                        <div class=\"block-text\">\n\t                                        <h4>II. O\u015bwiadczenia do pracy dyplomowej magisterskiej:<\/h4>\n                                        <\/div>\n\t\t\t\t\t\t                                                        <div class=\"block-text\">\n\t                                        <p><em>Wymagane jest z\u0142o\u017cenie dw\u00f3ch o\u015bwiadcze\u0144 (pkt.1 i&nbsp;2), kt\u00f3re nale\u017cy wype\u0142ni\u0107 komputerowo.<\/em><\/p>\n<p><strong>1.O\u015bwiadczenie autora pracy dyplomowej<\/strong> (<a href=\"https:\/\/up.lublin.pl\/srodowiskowa\/wp-content\/uploads\/sites\/5\/2025\/06\/Oswiadczenie-autora_praca-dyplomowa-magisterska-2.docx\">plik<\/a>)<br \/>(<em>O\u015bwiadczenie nale\u017cy zamie\u015bci\u0107 w&nbsp;pracy jako stron\u0119 drug\u0105 po tytu\u0142owej)<\/em><\/p>\n<p><strong><em>2. <\/em>O\u015bwiadczenie AI autora pracy dyplomowej<\/strong> (<a href=\"https:\/\/up.lublin.pl\/srodowiskowa\/wp-content\/uploads\/sites\/5\/2025\/06\/Oswiadczenie-autora_AI_praca-dyplomowa-magisterska-3.docx\">plik<\/a>)<br \/>(<em>O\u015bwiadczenie nale\u017cy zamie\u015bci\u0107 w&nbsp;pracy\u00a0 jako stron\u0119 trzeci\u0105 po o\u015bwiadczeniu autora pkt.1)<\/em><\/p>\n                                        <\/div>\n\t\t\t\t\t\t                                                        <div class=\"mn-cards-list\">\n                                            <div class=\"mn-card-container\">\n                                                <div>\n                                                    <img src=\"https:\/\/up.lublin.pl\/srodowiskowa\/wp-content\/themes\/up-lublin\/assets\/images\/doc-ico.svg\" alt=\"\" \/>\n                                                    <h5>III. Wz\u00f3r strony tytu\u0142owej pracy doktorskiej i&nbsp;o\u015bwiadczenie autora<\/h5>\n                                                <\/div>\n                                                <a href=\"https:\/\/up.lublin.pl\/srodowiskowa\/wp-content\/uploads\/sites\/5\/2020\/12\/wzor_strony_tytulwej_pracy_doktorskiej_i_oswiadczenie_autora.doc\" class=\"mn-more\" target=\"_blank\">Zobacz<\/a>\n                                            <\/div>\n                                        <\/div>\n\t\t\t\t\t\t                                                        <div class=\"mn-cards-list\">\n                                            <div class=\"mn-card-container\">\n                                                <div>\n                                                    <img src=\"https:\/\/up.lublin.pl\/srodowiskowa\/wp-content\/themes\/up-lublin\/assets\/images\/doc-ico.svg\" alt=\"\" \/>\n                                                    <h5>IV. Ocena pracy promotora - druk<\/h5>\n                                                <\/div>\n                                                <a href=\"https:\/\/up.lublin.pl\/srodowiskowa\/wp-content\/uploads\/sites\/5\/2020\/12\/ocena_pracy_promotora_-_druk.doc\" class=\"mn-more\" target=\"_blank\">Zobacz<\/a>\n                                            <\/div>\n                                        <\/div>\n\t\t\t\t\t\t                                                        <div class=\"mn-cards-list\">\n                                            <div class=\"mn-card-container\">\n                                                <div>\n                                                    <img src=\"https:\/\/up.lublin.pl\/srodowiskowa\/wp-content\/themes\/up-lublin\/assets\/images\/doc-ico.svg\" alt=\"\" \/>\n                                                    <h5>V. Ocena pracy recenzenta - druk<\/h5>\n                                                <\/div>\n                                                <a href=\"https:\/\/up.lublin.pl\/srodowiskowa\/wp-content\/uploads\/sites\/5\/2020\/12\/ocena_pracy_recenzenta_-_druk.doc\" class=\"mn-more\" target=\"_blank\">Zobacz<\/a>\n                                            <\/div>\n                                        <\/div>\n\t\t\t\t\t\t                                                        <div class=\"mn-cards-list\">\n                                            <div class=\"mn-card-container\">\n                                                <div>\n                                                    <img src=\"https:\/\/up.lublin.pl\/srodowiskowa\/wp-content\/themes\/up-lublin\/assets\/images\/doc-ico.svg\" alt=\"\" \/>\n                                                    <h5>VI. Podanie o&nbsp;jednokrotne wznowienie studi\u00f3w w&nbsp;celu przystapienia do egzaminu dyplomowego<\/h5>\n                                                <\/div>\n                                                <a href=\"https:\/\/up.lublin.pl\/srodowiskowa\/wp-content\/uploads\/sites\/5\/2020\/12\/podanie_o_jednokrotne_wznowienie_studiow_w_celu_przystapienia_do_egzaminu_dyplomowego.doc\" class=\"mn-more\" target=\"_blank\">Zobacz<\/a>\n                                            <\/div>\n                                        <\/div>\n\t\t\t\t\t\t                                <\/div>\n\t\t\t\t                <div class=\"mn-content-block\">\n\t                                <\/div>\n\t\t\t\t                <div class=\"mn-content-block\">\n\t                                <\/div>\n\t\t\t\t                <div class=\"mn-content-block\">\n\t                                <\/div>\n\t\t\t\t                <div class=\"mn-content-block\">\n\t                                <\/div>\n\t\t\t\t                <div class=\"mn-content-block\">\n\t                                <\/div>\n\t\t\t\t                <div class=\"mn-content-block\">\n\t                                <\/div>\n\t\t\t\t                <div class=\"mn-content-block\">\n\t                                <\/div>\n\t\t\t\t                <div class=\"mn-content-block\">\n\t                                <\/div>\n\t\t\t\t                <div class=\"mn-content-block\">\n\t                                <\/div>\n\t\t\t\t                <div class=\"mn-content-block\">\n\t                                <\/div>\n\t\t\t\t                <div class=\"mn-content-block\">\n\t                                <\/div>\n\t\t\t\t                <div class=\"mn-content-block\">\n\t                                <\/div>\n\t\t\t\t                <div class=\"mn-content-block\">\n\t                                <\/div>\n\t\t\t\t                <div class=\"mn-content-block\">\n\t                                <\/div>\n\t\t\t\t                <div class=\"mn-content-block\">\n\t                                <\/div>\n\t\t\t\t                <div class=\"mn-content-block\">\n\t                                <\/div>\n\t\t\t\t                <div class=\"mn-content-block\">\n\t                                <\/div>\n\t\t\t\t                <div class=\"mn-content-block\">\n\t                                <\/div>\n\t\t\t\t                <div class=\"mn-content-block\">\n\t                                <\/div>\n\t\t\t\t\t\t<\/div>\n\t<\/div>\n<\/section>\n\t\t<\/div>\n\t\t\t\t<\/div>\n\t\t\t\t\t\t<\/div>\n\t\t\t\t\t<\/div>\n\t\t<\/div>\n\t\t\t\t\t\t\t\t<\/div>\n\t\t\t\t\t<\/div>\n\t\t<\/section>\n\t\t\t\t\t\t<\/div>\n\t\t\t\t\t\t<\/div>\n\t\t\t\t\t<\/div>\n\t\t","protected":false},"excerpt":{"rendered":"<p>\u2190 powr\u00f3t Wzory dokument\u00f3w I. Wz\u00f3r strony tytu\u0142owej pracy in\u017cynierskiej\/magisterskiej Zobacz II. O\u015bwiadczenia do pracy dyplomowej magisterskiej: Wymagane jest z\u0142o\u017cenie dw\u00f3ch o\u015bwiadcze\u0144 (pkt.1 i&nbsp;2), kt\u00f3re nale\u017cy wype\u0142ni\u0107 komputerowo. 1.O\u015bwiadczenie autora pracy dyplomowej (plik)(O\u015bwiadczenie nale\u017cy zamie\u015bci\u0107 w&nbsp;pracy jako stron\u0119 drug\u0105 po tytu\u0142owej) 2. O\u015bwiadczenie AI autora pracy dyplomowej (plik)(O\u015bwiadczenie nale\u017cy zamie\u015bci\u0107 w&nbsp;pracy\u00a0 jako stron\u0119 trzeci\u0105 po [&hellip;]<\/p>\n","protected":false},"author":2,"featured_media":0,"parent":178039,"menu_order":0,"comment_status":"closed","ping_status":"closed","template":"elementor_header_footer","meta":{"_monsterinsights_skip_tracking":false,"_monsterinsights_sitenote_active":false,"_monsterinsights_sitenote_note":"","_monsterinsights_sitenote_category":0},"_links":{"self":[{"href":"https:\/\/up.lublin.pl\/srodowiskowa\/wp-json\/wp\/v2\/pages\/474"}],"collection":[{"href":"https:\/\/up.lublin.pl\/srodowiskowa\/wp-json\/wp\/v2\/pages"}],"about":[{"href":"https:\/\/up.lublin.pl\/srodowiskowa\/wp-json\/wp\/v2\/types\/page"}],"author":[{"embeddable":true,"href":"https:\/\/up.lublin.pl\/srodowiskowa\/wp-json\/wp\/v2\/users\/2"}],"replies":[{"embeddable":true,"href":"https:\/\/up.lublin.pl\/srodowiskowa\/wp-json\/wp\/v2\/comments?post=474"}],"version-history":[{"count":67,"href":"https:\/\/up.lublin.pl\/srodowiskowa\/wp-json\/wp\/v2\/pages\/474\/revisions"}],"predecessor-version":[{"id":175064,"href":"https:\/\/up.lublin.pl\/srodowiskowa\/wp-json\/wp\/v2\/pages\/474\/revisions\/175064"}],"up":[{"embeddable":true,"href":"https:\/\/up.lublin.pl\/srodowiskowa\/wp-json\/wp\/v2\/pages\/178039"}],"wp:attachment":[{"href":"https:\/\/up.lublin.pl\/srodowiskowa\/wp-json\/wp\/v2\/media?parent=474"}],"curies":[{"name":"wp","href":"https:\/\/api.w.org\/{rel}","templated":true}]}}