{"id":472,"date":"2020-12-18T09:42:47","date_gmt":"2020-12-18T08:42:47","guid":{"rendered":"http:\/\/nowastrona.up.lublin.pl\/srodowiskowa\/?page_id=472"},"modified":"2026-02-23T12:21:32","modified_gmt":"2026-02-23T11:21:32","slug":"harmonogram-egzaminow-dyplomowych","status":"publish","type":"page","link":"https:\/\/up.lublin.pl\/srodowiskowa\/ksztalcenie\/harmonogram-egzaminow-dyplomowych\/","title":{"rendered":"Harmonogram egzamin\u00f3w dyplomowych"},"content":{"rendered":"\t\t<div data-elementor-type=\"wp-page\" data-elementor-id=\"472\" class=\"elementor elementor-472\" data-elementor-settings=\"[]\">\n\t\t\t\t\t\t<div class=\"elementor-inner\">\n\t\t\t\t\t\t\t<div class=\"elementor-section-wrap\">\n\t\t\t\t\t\t\t<section class=\"elementor-section elementor-top-section elementor-element elementor-element-7ab53e4 elementor-section-boxed elementor-section-height-default elementor-section-height-default\" data-id=\"7ab53e4\" data-element_type=\"section\">\n\t\t\t\t\t\t<div class=\"elementor-container elementor-column-gap-default\">\n\t\t\t\t\t\t\t<div class=\"elementor-row\">\n\t\t\t\t\t<div class=\"elementor-column elementor-col-100 elementor-top-column elementor-element elementor-element-6ec0848\" data-id=\"6ec0848\" data-element_type=\"column\">\n\t\t\t<div class=\"elementor-column-wrap elementor-element-populated\">\n\t\t\t\t\t\t\t<div class=\"elementor-widget-wrap\">\n\t\t\t\t\t\t<div class=\"elementor-element elementor-element-0b3f1dd elementor-widget elementor-widget-m5c\" data-id=\"0b3f1dd\" data-element_type=\"widget\" data-widget_type=\"m5c.default\">\n\t\t\t\t<div class=\"elementor-widget-container\">\n\t\t\t<section class=\"mn-m5-c mn-m5-d2 mn-bg-white\">\n\t<div class=\"mn-grid\">\n\t\t\t\t<div class=\"mn-content mn-grid-9\">\n\t\t\t                <div class=\"mn-content-block active\">\n\t                                                        <div class=\"block-text\">\n\t                                        <h5><a href=\"http:\/\/nowastrona.up.lublin.pl\/srodowiskowa\/ksztalcenie\/\">\u2190 powr\u00f3t<\/a><\/h5>\n                                        <\/div>\n\t\t\t\t\t\t                                                        <div class=\"block-text\">\n\t                                        <h3 style=\"text-align: left;\">Harmonogram egzamin\u00f3w dyplomowych<\/h3>\n<h2 class=\"single-title\" style=\"text-align: center;\"><strong>Og\u0142oszenie o&nbsp;terminach egzamin\u00f3w dyplomowych na studiach I&nbsp;stopnia <\/strong><strong>w r. ak. 2025\/2026z\u00a0<\/strong><\/h2>\n<div>\n<p style=\"text-align: left;\">EGZAMIN DYPLOMOWY, w&nbsp;tym obrona projektu in\u017cynierskiego<br \/><strong>na kierunku BIOKOSMETOLOGIA<\/strong> <br \/>studia <strong>stacjonarne I&nbsp;stopnia dla naboru 2022\/2023<\/strong>\u00a0planowany jest\u00a0<br \/><b><br \/>dla grupy I&nbsp;&#8211; 03 lutego 2026 r. od godz. 08:30<br \/><\/b><strong>dla grupy II\u00a0 &#8211; 04 lutego 2026 r. od godz. 08:30<\/strong><b><br \/><\/b><b><i><\/i><\/b><b><\/b><b><strong>dla grupy III\u00a0 &#8211; 05 lutego 2026 r. od godz. 08:30<\/strong><br \/>dla grupy IV &#8211; 06 lutego 2026 r. od godz. 08:30<\/b><b><br \/><\/b><em>Przewodnicz\u0105ca Komisji Egzaminacyjnej\u00a0<\/em><br \/><b><i>prof. dr hab. Bo\u017cena Denisow<\/i><\/b><\/p>\n<\/div>\n<p style=\"text-align: left;\">EGZAMIN DYPLOMOWY, w&nbsp;tym obrona projektu in\u017cynierskiego<br \/><strong>na kierunku\u00a0BIOBEZPIECZE\u0143STWO I&nbsp;ZARZ\u0104DZANIE KRYZYSOWE<\/strong><br \/>studia <strong>stacjonarne I&nbsp;stopnia dla naboru 2022\/2023<\/strong>\u00a0planowany jest<br \/>w dniu <strong>10 lutego 2026 r. od godz. 08:30<br \/><\/strong><em>Przewodnicz\u0105ca Komisji Egzaminacyjnej<\/em><br \/><b><i>prof. dr hab. Bo\u017cena Denisow<\/i><\/b><\/p>\n<h3 style=\"text-align: left;\"><em>Podane terminy mog\u0105 ulec zmianie.<\/em><\/h3>\n                                        <\/div>\n\t\t\t\t\t\t                                                        <ul class=\"mn-accordion\">\n                                            <li>\n                                                <h4 class=\"mn-accordion-title\">Og\u0142oszenie o&nbsp;wrze\u015bniowych terminach egzamin\u00f3w dyplomowych na studiach II stopnia w&nbsp;r. ak. 2024\/2025<\/h4>\n                                                <div>\n\t\t\t\t\t\t\t\t\t                <h3 style=\"text-align: left\">Harmonogram egzamin\u00f3w dyplomowych<\/h3>\n<section class=\"single-post-section\">\n<div class=\"mn-grid\">\n<div class=\"mn-grid-8\">\n<h1 class=\"single-title\" style=\"text-align: center\">Og\u0142oszenie o&nbsp;wrze\u015bniowych terminach egzamin\u00f3w dyplomowych <br \/>na studiach II stopnia <\/h1>\n<\/div>\n<\/div>\n<\/section>\n<p style=\"text-align: center\">EGZAMIN DYPLOMOWY MAGISTERSKI na kierunkach<\/p>\n<p style=\"text-align: center\">BIOKOSMETOLOGIA,<\/p>\n<p style=\"text-align: center\">BIOLOGIA, spec. BIOLOGIA S\u0104DOWA,<\/p>\n<p style=\"text-align: center\">OCHRONA \u015aRODOWISKA<\/p>\n<p style=\"text-align: center\"><strong><br \/><\/strong>studia <strong>stacjonarne II stopnia dla naboru 2023\/2024<\/strong> planowany jest w&nbsp;dw\u00f3ch termiach:<\/p>\n<p style=\"text-align: center\"><strong>\u00a012 wrze\u015bnia 2025 roku (pi\u0105tek) i&nbsp;15 wrze\u015bnia 2025 roku (poniedzia\u0142ek)<\/strong><\/p>\n<p style=\"text-align: center\">Rektorat, pok.357, IIp.<\/p>\n<p style=\"text-align: center\"><em>Przewodnicz\u0105ca Komisji Egzaminacyjnej\u00a0<br \/><strong>prof. dr hab. Bo\u017cena Denisow<\/strong><\/em><\/p>\n<h3 style=\"text-align: center\"><em>Podane terminy mog\u0105 ulec zmianie.<\/em><\/h3>\n<p>\u00a0<\/p>\n<p>\u00a0<\/p>\n                                                <\/div>\n                                            <\/li>\n                                        <\/ul>\n\t\t\t\t\t\t                                                        <ul class=\"mn-accordion\">\n                                            <li>\n                                                <h4 class=\"mn-accordion-title\">Og\u0142oszenie o&nbsp;terminach egzamin\u00f3w dyplomowych na studiach I&nbsp;i II stopnia w&nbsp;r. ak. 2024\/2025l\u00a0<\/h4>\n                                                <div>\n\t\t\t\t\t\t\t\t\t                <h3 style=\"text-align: left\">Harmonogram egzamin\u00f3w dyplomowych<\/h3>\n<section class=\"single-post-section\">\n<div class=\"mn-grid\">\n<div class=\"mn-grid-8\">\n<h1 class=\"single-title\" style=\"text-align: center\">Og\u0142oszenie o&nbsp;terminach egzamin\u00f3w dyplomowych na studiach I&nbsp;i II stopnia <br \/>w r. ak. 2024\/2025l\u00a0<\/h1>\n<\/div>\n<\/div>\n<\/section>\n<p>EGZAMIN DYPLOMOWY, w&nbsp;tym obrona zagadnienia problemowego na kierunku<br \/>BIOLOGIA spec. BIOLOGIA STOSOWANA<strong><br \/><\/strong>studia <strong>stacjonarne I&nbsp;stopnia dla naboru 2022\/2023<\/strong> planowany jest w&nbsp;dniu <strong>24 czerwca 2025<\/strong> roku <br \/>od godz. 08:00<br \/><em>Przewodnicz\u0105cy Komisji Egzaminacyjnej\u00a0<br \/><strong>prof. dr hab. Tomasz Mieczan<\/strong><\/em><\/p>\n<p>EGZAMIN DYPLOMOWY MAGISTERSKI na kierunku<br \/>BIOLOGIA, spec. BIOLOGIA S\u0104DOWA<strong><br \/><\/strong>studia <strong>stacjonarne II stopnia dla naboru 2023\/2024<\/strong> planowany jest w&nbsp;dniu<strong> 25 czerwca 2025 roku<\/strong><br \/><em>Przewodnicz\u0105cy Komisji Egzaminacyjnej\u00a0<br \/><strong>prof. dr hab. Tomasz Mieczan<\/strong><\/em><\/p>\n<p>EGZAMIN DYPLOMOWY MAGISTERSKI na kierunku<br \/>OCHRONA \u015aRODOWISKA<strong><br \/><\/strong>studia <strong>stacjonarne II stopnia dla naboru 2023\/2024<\/strong>\u00a0planowany jest w&nbsp;dniu<strong> 25 czerwca 2025 roku<\/strong><br \/><em>Przewodnicz\u0105cy Komisji Egzaminacyjnej\u00a0<br \/><strong>prof. dr hab. Tomasz Mieczan<\/strong><\/em><\/p>\n<p>EGZAMIN DYPLOMOWY MAGISTERSKI <br \/>na kierunku BIOKOSMETOLOGIA <br \/>studia <strong>stacjonarne II stopnia dla naboru 2023\/2024<\/strong> planowany jest w&nbsp;dw\u00f3ch terminach:<br \/>\u00a0w dniu<strong>\u00a026 czerwca <\/strong>od godz. 09.10<strong><br \/><\/strong>\u00a0w dniu <strong>07 lipca 2025 roku <\/strong>od godz. 08.30<br \/>Rektorat, pok.357, IIp.<br \/>Przewodnicz\u0105ca Komisji Egzaminacyjnej\u00a0<br \/><em><strong>prof. dr hab. Bo\u017cena Denisow<\/strong><\/em><\/p>\n<h3 style=\"text-align: left\"><em>Podane terminy mog\u0105 ulec zmianie.<\/em><\/h3>\n                                                <\/div>\n                                            <\/li>\n                                        <\/ul>\n\t\t\t\t\t\t                                                        <ul class=\"mn-accordion\">\n                                            <li>\n                                                <h4 class=\"mn-accordion-title\">Og\u0142oszenie o&nbsp;terminach egzamin\u00f3w dyplomowych na studiach I&nbsp;stopnia w&nbsp;r. ak. 2024\/2025z<\/h4>\n                                                <div>\n\t\t\t\t\t\t\t\t\t                <h3 style=\"text-align: left\">Harmonogram egzamin\u00f3w dyplomowych<\/h3>\n<section class=\"single-post-section\">\n<div class=\"mn-grid\">\n<div class=\"mn-grid-8\">\n<h1 class=\"single-title\" style=\"text-align: center\">Og\u0142oszenie o&nbsp;terminach egzamin\u00f3w dyplomowych na studiach I&nbsp;stopnia <br \/>w r. ak. 2024\/2025z\u00a0<\/h1>\n<div>\n<p style=\"text-align: left\">EGZAMIN DYPLOMOWY, w&nbsp;tym obrona projektu in\u017cynierskiego<br \/><strong><span style=\"color: #003300\">na kierunku BIOKOSMETOLOGIA<\/span><\/strong> <br \/>studia <strong>stacjonarne I&nbsp;stopnia dla naboru 2021\/2022<\/strong> planowany jest\u00a0<br \/><b><br \/>dla grupy IV &#8211; 06 lutego 2025 r. od godz. 09:00<br \/><\/b><strong>dla grupy II\u00a0 &#8211; 07 lutego 2025 r. od godz. 09:00<\/strong><b><br \/><\/b><em>Przewodnicz\u0105ca Komisji Egzaminacyjnej<br \/><\/em><b><i><\/i><\/b><b><i>dr hab. prof. uczelni Barbara Hawrylak Nowak<br \/><\/i><\/b><b><\/b><\/p>\n<p style=\"text-align: left\"><b><strong>dla grupy V\u00a0 &#8211; 03 lutego 2025 r. od godz. 09:00<\/strong><br \/>dla grupy I\u00a0 \u00a0&#8211; 10 lutego 2025 r. od godz. 09:00<br \/><\/b><b>dla grupy III &#8211; 11 lutego 2025 r. od godz. 09:00<br \/><\/b><em>Przewodnicz\u0105ca Komisji Egzaminacyjnej\u00a0<\/em><br \/><b><i>prof. dr hab. Bo\u017cena Denisow<\/i><\/b><\/p>\n<\/div>\n<p style=\"text-align: left\">EGZAMIN DYPLOMOWY, w&nbsp;tym obrona projektu in\u017cynierskiego<br \/>na kierunkach <br \/><span style=\"color: #003300\"><strong>&#8211; BIOBEZPIECZE\u0143STWO I&nbsp;ZARZ\u0104DZANIE KRYZYSOWE <\/strong><\/span><br \/><span style=\"color: #003300\"><strong>&#8211; OCHRONA \u015aRODOWISKA<\/strong><\/span><br \/>studia <strong>stacjonarne I&nbsp;stopnia dla naboru 2021\/2022<\/strong> planowany jest<\/p>\n<p>w dniu <strong>04 lutego 2025 r. od godz. 08:00<br \/><\/strong><em><br \/>Przewodnicz\u0105cy Komisji Egzaminacyjnej<\/em><br \/><em><strong>prof. dr hab. Tomasz Mieczan<\/strong><\/em><\/p>\n<div>\n<h3>\u00a0<\/h3>\n<h3 style=\"text-align: left\"><em>Podane terminy mog\u0105 ulec zmianie.<\/em><\/h3>\n<\/div>\n<\/div>\n<\/div>\n<\/section>\n                                                <\/div>\n                                            <\/li>\n                                        <\/ul>\n\t\t\t\t\t\t                                                        <ul class=\"mn-accordion\">\n                                            <li>\n                                                <h4 class=\"mn-accordion-title\">Og\u0142oszenie o&nbsp;terminach egzamin\u00f3w dyplomowych na studiach I&nbsp;i II stopnia w&nbsp;r. ak. 2023\/2024\u00a0<\/h4>\n                                                <div>\n\t\t\t\t\t\t\t\t\t                <h3 style=\"text-align: left\">Harmonogram egzamin\u00f3w dyplomowych<\/h3>\n<section class=\"single-post-section\">\n<div class=\"mn-grid\">\n<div class=\"mn-grid-8\">\n<h1 class=\"single-title\" style=\"text-align: center\">Og\u0142oszenie o&nbsp;terminach egzamin\u00f3w dyplomowych na studiach I&nbsp;i II stopnia <br \/>w r. ak. 2023\/2024\u00a0<\/h1>\n<div>\n<p>EGZAMIN DYPLOMOWY MAGISTERSKI na kierunku<br \/>OCHRONA \u015aRODOWISKA<strong><br \/><\/strong>studia <strong>stacjonarne II stopnia dla naboru 2022\/2023<\/strong> planowany <br \/>jest w&nbsp;dniach<strong> 25 \u2013 26.06.2024 r. od godz. 08:00<\/strong>, Rektorat pok. <strong>357<\/strong><br \/><em>Przewodnicz\u0105cy Komisji Egzaminacyjnej\u00a0<br \/><strong>dr hab. prof. uczelni Magdalena Pogorzelec<\/strong><\/em><\/p>\n<p>EGZAMIN DYPLOMOWY, w&nbsp;tym obrona zagadnienia problemowego na kierunku<br \/>BIOLOGIA spec. BIOLOGIA STOSOWANA<strong><br \/><\/strong>studia <strong>stacjonarne I&nbsp;stopnia dla naboru 2021\/2022<\/strong> planowany <br \/>jest w&nbsp;dniu<strong> 27.06.2024 r. od godz. 08:00<\/strong>, Rektorat pok. <strong>357<\/strong><br \/><em>Przewodnicz\u0105cy Komisji Egzaminacyjnej\u00a0<br \/><strong>prof. dr hab. Tomasz Mieczan<\/strong><\/em><\/p>\n<p>EGZAMIN DYPLOMOWY MAGISTERSKI na kierunku<br \/>BIOLOGIA, spec. BIOLOGIA S\u0104DOWA<strong><br \/><\/strong>studia <strong>stacjonarne II stopnia dla naboru 2022\/2023<\/strong> planowany <br \/>jest w&nbsp;dniu<strong> 02.07.2024 r. od godz. 08:00<\/strong>, Rektorat pok.<strong> 357<\/strong><br \/><em>Przewodnicz\u0105cy Komisji Egzaminacyjnej\u00a0<br \/><strong>prof. dr hab. Tomasz Mieczan<\/strong><\/em><\/p>\n<p>EGZAMIN DYPLOMOWY MAGISTERSKI na kierunku<br \/>BIOLOGIA, spec. BIOLOGIA STOSOWANA<strong><br \/><\/strong>studia <strong>niestacjonarne II stopnia dla naboru 2022\/2023<\/strong> planowany jestw dniu<strong> 04.07.2024 r. od godz. 08:00<\/strong>, Rektorat pok. <strong>357<\/strong><br \/><em>Przewodnicz\u0105cy Komisji Egzaminacyjnej\u00a0<br \/><strong>prof. dr hab. Tomasz Mieczan<\/strong><\/em><\/p>\n<p>EGZAMIN DYPLOMOWY MAGISTERSKI na kierunku<br \/>OCHRONA \u015aRPDOWISKA<strong><br \/><\/strong>studia <strong>niestacjonarne II stopnia dla naboru 2022\/2023<\/strong> planowany jest w&nbsp;dniu<strong> 05.07.2024 r. od godz. 08:00<\/strong>, Rektorat pok. <strong>357<\/strong><br \/><em>Przewodnicz\u0105cy Komisji Egzaminacyjnej\u00a0<br \/><strong>prof. dr hab. Tomasz Mieczan<\/strong><\/em><\/p>\n<p style=\"text-align: left\">EGZAMIN DYPLOMOWY, w&nbsp;tym obrona projektu in\u017cynierskiego<br \/>na kierunku BIOKOSMETOLOGIA <br \/>studia <strong>niestacjonarne I&nbsp;stopnia dla naboru 2020\/2021<\/strong> planowany jest w&nbsp;dniu <strong>08.07.2024 r. od godz. 08:00<\/strong>, Rektorat pok. <strong>357<br \/><\/strong>Przewodnicz\u0105cy Komisji Egzaminacyjnej\u00a0<br \/><strong>prof. dr hab. Bo\u017cena Denisow<\/strong><\/p>\n<p style=\"text-align: left\">EGZAMIN DYPLOMOWY MAGISTERSKI <br \/>na kierunku BIOKOSMETOLOGIA <br \/>studia <strong>stacjonarne II stopnia dla naboru 2022\/2023<\/strong> planowany jest w&nbsp;dniach <strong>03.07.2024 r. i&nbsp;10.07.2024 r. od godz. 08:00<\/strong>, Rektorat pok. <strong>357<br \/><\/strong>Przewodnicz\u0105cy Komisji Egzaminacyjnej\u00a0<br \/><strong>prof. dr hab. Bo\u017cena Denisow<\/strong><\/p>\n<\/div>\n<\/div>\n<\/div>\n<\/section>\n                                                <\/div>\n                                            <\/li>\n                                        <\/ul>\n\t\t\t\t\t\t                                <\/div>\n\t\t\t\t                <div class=\"mn-content-block\">\n\t                                <\/div>\n\t\t\t\t                <div class=\"mn-content-block\">\n\t                                <\/div>\n\t\t\t\t                <div class=\"mn-content-block\">\n\t                                <\/div>\n\t\t\t\t                <div class=\"mn-content-block\">\n\t                                <\/div>\n\t\t\t\t                <div class=\"mn-content-block\">\n\t                                <\/div>\n\t\t\t\t                <div class=\"mn-content-block\">\n\t                                <\/div>\n\t\t\t\t                <div class=\"mn-content-block\">\n\t                                <\/div>\n\t\t\t\t                <div class=\"mn-content-block\">\n\t                                <\/div>\n\t\t\t\t                <div class=\"mn-content-block\">\n\t                                <\/div>\n\t\t\t\t                <div class=\"mn-content-block\">\n\t                                <\/div>\n\t\t\t\t                <div class=\"mn-content-block\">\n\t                                <\/div>\n\t\t\t\t                <div class=\"mn-content-block\">\n\t                                <\/div>\n\t\t\t\t                <div class=\"mn-content-block\">\n\t                                <\/div>\n\t\t\t\t                <div class=\"mn-content-block\">\n\t                                <\/div>\n\t\t\t\t                <div class=\"mn-content-block\">\n\t                                <\/div>\n\t\t\t\t                <div class=\"mn-content-block\">\n\t                                <\/div>\n\t\t\t\t                <div class=\"mn-content-block\">\n\t                                <\/div>\n\t\t\t\t                <div class=\"mn-content-block\">\n\t                                <\/div>\n\t\t\t\t                <div class=\"mn-content-block\">\n\t                                <\/div>\n\t\t\t\t\t\t<\/div>\n\t<\/div>\n<\/section>\n\t\t<\/div>\n\t\t\t\t<\/div>\n\t\t\t\t\t\t<\/div>\n\t\t\t\t\t<\/div>\n\t\t<\/div>\n\t\t\t\t\t\t\t\t<\/div>\n\t\t\t\t\t<\/div>\n\t\t<\/section>\n\t\t\t\t\t\t<\/div>\n\t\t\t\t\t\t<\/div>\n\t\t\t\t\t<\/div>\n\t\t","protected":false},"excerpt":{"rendered":"<p>\u2190 powr\u00f3t Harmonogram egzamin\u00f3w dyplomowych Og\u0142oszenie o&nbsp;terminach egzamin\u00f3w dyplomowych na studiach I&nbsp;stopnia w r. ak. 2025\/2026z\u00a0 EGZAMIN DYPLOMOWY, w&nbsp;tym obrona projektu in\u017cynierskiegona kierunku BIOKOSMETOLOGIA studia stacjonarne I&nbsp;stopnia dla naboru 2022\/2023\u00a0planowany jest\u00a0dla grupy I&nbsp;&#8211; 03 lutego 2026 r. od godz. 08:30dla grupy II\u00a0 &#8211; 04 lutego 2026 r. od godz. 08:30dla grupy III\u00a0 &#8211; 05 lutego [&hellip;]<\/p>\n","protected":false},"author":2,"featured_media":0,"parent":178039,"menu_order":0,"comment_status":"closed","ping_status":"closed","template":"elementor_header_footer","meta":{"_monsterinsights_skip_tracking":false,"_monsterinsights_sitenote_active":false,"_monsterinsights_sitenote_note":"","_monsterinsights_sitenote_category":0},"_links":{"self":[{"href":"https:\/\/up.lublin.pl\/srodowiskowa\/wp-json\/wp\/v2\/pages\/472"}],"collection":[{"href":"https:\/\/up.lublin.pl\/srodowiskowa\/wp-json\/wp\/v2\/pages"}],"about":[{"href":"https:\/\/up.lublin.pl\/srodowiskowa\/wp-json\/wp\/v2\/types\/page"}],"author":[{"embeddable":true,"href":"https:\/\/up.lublin.pl\/srodowiskowa\/wp-json\/wp\/v2\/users\/2"}],"replies":[{"embeddable":true,"href":"https:\/\/up.lublin.pl\/srodowiskowa\/wp-json\/wp\/v2\/comments?post=472"}],"version-history":[{"count":193,"href":"https:\/\/up.lublin.pl\/srodowiskowa\/wp-json\/wp\/v2\/pages\/472\/revisions"}],"predecessor-version":[{"id":178120,"href":"https:\/\/up.lublin.pl\/srodowiskowa\/wp-json\/wp\/v2\/pages\/472\/revisions\/178120"}],"up":[{"embeddable":true,"href":"https:\/\/up.lublin.pl\/srodowiskowa\/wp-json\/wp\/v2\/pages\/178039"}],"wp:attachment":[{"href":"https:\/\/up.lublin.pl\/srodowiskowa\/wp-json\/wp\/v2\/media?parent=472"}],"curies":[{"name":"wp","href":"https:\/\/api.w.org\/{rel}","templated":true}]}}