{"id":471,"date":"2020-12-18T09:41:19","date_gmt":"2020-12-18T08:41:19","guid":{"rendered":"http:\/\/nowastrona.up.lublin.pl\/srodowiskowa\/?page_id=471"},"modified":"2026-02-26T09:24:33","modified_gmt":"2026-02-26T08:24:33","slug":"propozycje-tematow-prac-dyplomowych","status":"publish","type":"page","link":"https:\/\/up.lublin.pl\/srodowiskowa\/ksztalcenie\/propozycje-tematow-prac-dyplomowych\/","title":{"rendered":"Propozycje temat\u00f3w prac dyplomowych"},"content":{"rendered":"\t\t<div data-elementor-type=\"wp-page\" data-elementor-id=\"471\" class=\"elementor elementor-471\" data-elementor-settings=\"[]\">\n\t\t\t\t\t\t<div class=\"elementor-inner\">\n\t\t\t\t\t\t\t<div class=\"elementor-section-wrap\">\n\t\t\t\t\t\t\t<section class=\"elementor-section elementor-top-section elementor-element elementor-element-1502ecf elementor-section-boxed elementor-section-height-default elementor-section-height-default\" data-id=\"1502ecf\" data-element_type=\"section\">\n\t\t\t\t\t\t<div class=\"elementor-container elementor-column-gap-default\">\n\t\t\t\t\t\t\t<div class=\"elementor-row\">\n\t\t\t\t\t<div class=\"elementor-column elementor-col-100 elementor-top-column elementor-element elementor-element-971df1e\" data-id=\"971df1e\" data-element_type=\"column\">\n\t\t\t<div class=\"elementor-column-wrap elementor-element-populated\">\n\t\t\t\t\t\t\t<div class=\"elementor-widget-wrap\">\n\t\t\t\t\t\t<div class=\"elementor-element elementor-element-05cb3c5 elementor-widget elementor-widget-m5c\" data-id=\"05cb3c5\" data-element_type=\"widget\" data-widget_type=\"m5c.default\">\n\t\t\t\t<div class=\"elementor-widget-container\">\n\t\t\t<section class=\"mn-m5-c mn-m5-d2 mn-bg-white\">\n\t<div class=\"mn-grid\">\n\t\t\t\t<div class=\"mn-content mn-grid-9\">\n\t\t\t                <div class=\"mn-content-block active\">\n\t                                                        <div class=\"block-text\">\n\t                                        <h5><a href=\"http:\/\/nowastrona.up.lublin.pl\/srodowiskowa\/ksztalcenie\/\">\u2190 powr\u00f3t<\/a><\/h5>\n<p>\u00a0<\/p>\n                                        <\/div>\n\t\t\t\t\t\t                                                        <div class=\"block-text\">\n\t                                        <h2><span style=\"font-size: 20px\"><strong>Propozycje temat\u00f3w prac dyplomowych magisterskich<\/strong><\/span><\/h2>\n                                        <\/div>\n\t\t\t\t\t\t                                                        <ul class=\"mn-accordion\">\n                                            <li>\n                                                <h4 class=\"mn-accordion-title\">Kierunek: BIOKOSMETOLOGIA<\/h4>\n                                                <div>\n\t\t\t\t\t\t\t\t\t                <ul style=\"list-style-type: circle\">\n<li><a href=\"https:\/\/up.lublin.pl\/srodowiskowa\/wp-content\/uploads\/sites\/5\/2025\/04\/propozycje-tematow-biokosmetologia-S2_2024_25l.pdf\" target=\"_blank\" rel=\"noopener\">Studia stacjonarne II stopnia nab\u00f3r 2024\/2025<\/a><\/li>\n<li><a href=\"https:\/\/up.lublin.pl\/srodowiskowa\/wp-content\/uploads\/sites\/5\/2024\/04\/Propozycje-tematow-biokosmetologia-S2_2023_24l.pdf\">Studia stacjonarne II stopnia nab\u00f3r 2023\/2024<\/a><\/li>\n<li><a href=\"https:\/\/up.lublin.pl\/srodowiskowa\/wp-content\/uploads\/sites\/5\/2023\/04\/Tematy-prac-magisterskich-_biokosmetologia-S2_2022_23l.pdf\">Studia stacjonarne II stopnia nab\u00f3r 2022\/2023<\/a><\/li>\n<li><a href=\"https:\/\/up.lublin.pl\/srodowiskowa\/wp-content\/uploads\/sites\/5\/2022\/10\/Propozycje-tematow-prac-magisterskich-BIOKOSMETOLOGIA_-S2_nabor-2021_2022l_-zaakceptowane-07.04.2022r..pdf\">Studia stacjonarne II stopnia nab\u00f3r 2021\/2022<\/a><\/li>\n<\/ul>\n                                                <\/div>\n                                            <\/li>\n                                        <\/ul>\n\t\t\t\t\t\t                                                        <ul class=\"mn-accordion\">\n                                            <li>\n                                                <h4 class=\"mn-accordion-title\">Kierunek: BIOLOGIA, Specjalno\u015b\u0107: BIOLOGIA S\u0104DOWA<\/h4>\n                                                <div>\n\t\t\t\t\t\t\t\t\t                <ul style=\"list-style-type: circle\">\n<li><a href=\"https:\/\/up.lublin.pl\/srodowiskowa\/wp-content\/uploads\/sites\/5\/2023\/12\/Propozycje-tematow-prac-magisterskich-Biologia-spec.-biologia-sadowa-studia-stacjonarne-drugiego-stopnia-magisterskie-dla-naboru-2023_2024.pdf\">Studia stacjonarne II stopnia nab\u00f3r 2023\/2024<\/a><\/li>\n<li><a href=\"https:\/\/up.lublin.pl\/srodowiskowa\/wp-content\/uploads\/sites\/5\/2022\/12\/Biologia-S2-nabor-2022_2023-propozycje-tematow-prac.pdf\">Studia stacjonarne II stopnia nab\u00f3r 2022\/2023<\/a><\/li>\n<li><a href=\"https:\/\/up.lublin.pl\/srodowiskowa\/wp-content\/uploads\/sites\/5\/2021\/12\/Propozycje-tematow-prac-dyplomowych-dla-kierunku-Biologia-spec.-Biologia-sadowa-studia-stacjonarne-II-stopnia-nabor-2021-2022.pdf\">Studia stacjonarne II stopnia nab\u00f3r 2021\/2022<\/a><\/li>\n<li><a href=\"https:\/\/up.lublin.pl\/srodowiskowa\/wp-content\/uploads\/sites\/5\/2021\/05\/Propozycje-tematow-prac-magisterskich-ochrona-srodowiska-S2-dla-naboru-2020-2021.pdf\">Studia stacjonarne II stopnia nab\u00f3r 2020\/2021<\/a><br \/>\n<hr \/>\n<\/li>\n<\/ul>\n<ul style=\"list-style-type: square\">\n<li><a href=\"https:\/\/up.lublin.pl\/srodowiskowa\/wp-content\/uploads\/sites\/5\/2026\/02\/Propozycje-tematow-prac-magisterskich-Biologia-spec.-biologia-sadowa-N2_nabor-2025_2026.pdf\">Studia niestacjonarne II stopnia nab\u00f3r 2025\/2026<\/a><\/li>\n<li><a href=\"https:\/\/up.lublin.pl\/srodowiskowa\/wp-content\/uploads\/sites\/5\/2021\/12\/Propozycje-tematow-prac-dyplomowych-dla-kierunku-Biologia-spec.-Biologia-sadowa-studia-niestacjonarne-II-stopnia-nabor-2021-2022.pdf\">Studia niestacjonarne II stopnia nab\u00f3r 2021\/2022<\/a><\/li>\n<li><a href=\"https:\/\/up.lublin.pl\/srodowiskowa\/wp-content\/uploads\/sites\/5\/2023\/01\/Propozycje-tematow-prac-biologia-sadowa-N2-nabor-2020_21.pdf\">Studia niestacjonarne II stopnia nab\u00f3r 2020\/2021<\/a><\/li>\n<\/ul>\n                                                <\/div>\n                                            <\/li>\n                                        <\/ul>\n\t\t\t\t\t\t                                                        <ul class=\"mn-accordion\">\n                                            <li>\n                                                <h4 class=\"mn-accordion-title\">Kierunek: BIOLOGIA, Specjalno\u015b\u0107: BIOLOGIA STOSOWANA<\/h4>\n                                                <div>\n\t\t\t\t\t\t\t\t\t                <ul style=\"list-style-type: circle\">\n<li>\u00a0<\/li>\n<li><a href=\"https:\/\/up.lublin.pl\/srodowiskowa\/wp-content\/uploads\/sites\/5\/2025\/01\/Kierunek-biologia-spec.-biologia-stosowana-S2_nabor-2024_2025.pdf\">Studia stacjonarne II stopnia nab\u00f3r 2024\/2025<\/a><br \/>\n<hr \/>\n<\/li>\n<li><a href=\"https:\/\/up.lublin.pl\/srodowiskowa\/wp-content\/uploads\/sites\/5\/2026\/02\/Propozycje-tematow-prac-magisterskich-Biologia-spec.-biologia-stosowana-S2_nabor-2025_2026.pdf\">Studia niestacjonarne II stopnia nab\u00f3r 2025\/2026<\/a><\/li>\n<li><a href=\"https:\/\/up.lublin.pl\/srodowiskowa\/wp-content\/uploads\/sites\/5\/2025\/01\/Kierunek-biologia-spec.-biologia-stosowana-N2_nabor-2024_2025.pdf\">Studia niestacjonarne II stopnia nab\u00f3r 2024\/2025<\/a><\/li>\n<li><a href=\"https:\/\/up.lublin.pl\/srodowiskowa\/wp-content\/uploads\/sites\/5\/2022\/12\/Biologia-N2-nabor-2022_2023-propozycje-tematow-prac.pdf\">Studia niestacjonarne II stopnia nab\u00f3r 2022\/2023<\/a><\/li>\n<\/ul>\n                                                <\/div>\n                                            <\/li>\n                                        <\/ul>\n\t\t\t\t\t\t                                                        <ul class=\"mn-accordion\">\n                                            <li>\n                                                <h4 class=\"mn-accordion-title\">Kierunek: OCHRONA \u015aRODOWISKA<\/h4>\n                                                <div>\n\t\t\t\t\t\t\t\t\t                <ul style=\"list-style-type: circle\">\n<li><a href=\"https:\/\/up.lublin.pl\/srodowiskowa\/wp-content\/uploads\/sites\/5\/2025\/03\/Kierunek-ochrona-srodowiska-S2_nabor-2024_2025.pdf\">Studia stacjonarne II stopnia nab\u00f3r 2024\/2025<\/a><\/li>\n<li><a href=\"https:\/\/up.lublin.pl\/srodowiskowa\/wp-content\/uploads\/sites\/5\/2024\/03\/Zestawienie-propozycji-tematow-prac-magisterskich-Ochrona-srodowiska-S2_nabor_2023_2024.pdf\">Studia stacjonarne II stopnia nab\u00f3r 2023\/2024<\/a><\/li>\n<li><a href=\"https:\/\/up.lublin.pl\/srodowiskowa\/wp-content\/uploads\/sites\/5\/2023\/04\/Zestwienie-propozycji-prac-magisterskich-dla-OS-S2-nabor-2022_2023-akceptacja-14.04.2023.pdf\">Studia stacjonarne II stopnia nab\u00f3r 2022\/2023<\/a><\/li>\n<li><a href=\"https:\/\/up.lublin.pl\/srodowiskowa\/wp-content\/uploads\/sites\/5\/2022\/04\/Propozycje-tematow-prac-magisterskich-Ochrona-srodowiska_-S2_nabor-2021-2022-zaakceptowane-11.04.2022-r.pdf\">Studia stacjonarne II stopnia nab\u00f3r 2021\/2022<\/a><\/li>\n<li><a href=\"https:\/\/up.lublin.pl\/srodowiskowa\/wp-content\/uploads\/sites\/5\/2021\/05\/Propozycje-tematow-prac-magisterskich-ochrona-srodowiska-S2-dla-naboru-2020-2021.pdf\">Studia stacjonarne II stopnia nab\u00f3r 2020\/2021<\/a><\/li>\n<li><a href=\"https:\/\/up.lublin.pl\/srodowiskowa\/wp-content\/uploads\/sites\/5\/2020\/12\/Propozycje-temat\u00f3w-prac-mgr.-Och.\u015brod.-1.pdf\">Studia stacjonarne II stopnia nab\u00f3r 2019\/2020<\/a><br \/>\n<hr \/>\n<\/li>\n<\/ul>\n<ul style=\"list-style-type: square\">\n<li><a href=\"https:\/\/up.lublin.pl\/srodowiskowa\/wp-content\/uploads\/sites\/5\/2022\/12\/Ochrona-srodowiska-N2-nabor-2022_2023-propozycje-tematow-prac-1.pdf\">Studia niestacjonarne II stopnia 2022\/2023<\/a><\/li>\n<\/ul>\n                                                <\/div>\n                                            <\/li>\n                                        <\/ul>\n\t\t\t\t\t\t                                                        <div class=\"block-text\">\n\t                                        <h2>\u00a0<\/h2>\n<h2><span style=\"font-size: 20px\"><strong><span style=\"font-size: 20px\">Propozycje temat\u00f3w prac dyplomowych dla cykli studi\u00f3w 2018\/2019<\/span><\/strong><\/span><\/h2>\n                                        <\/div>\n\t\t\t\t\t\t                                                        <ul class=\"mn-accordion\">\n                                            <li>\n                                                <h4 class=\"mn-accordion-title\">Kierunek: BIOKOSMETOLOGIA<\/h4>\n                                                <div>\n\t\t\t\t\t\t\t\t\t                <ul style=\"list-style-type: square\">\n<li><a href=\"https:\/\/up.lublin.pl\/srodowiskowa\/wp-content\/uploads\/sites\/5\/2022\/01\/Propozycje-tematow-prac-inz.-Biokosmetologia-nabor-2018_19.pdf\">Studia stacjonarne I&nbsp;stopnia nab\u00f3r 2018\/2019<\/a><\/li>\n<\/ul>\n                                                <\/div>\n                                            <\/li>\n                                        <\/ul>\n\t\t\t\t\t\t                                                        <ul class=\"mn-accordion\">\n                                            <li>\n                                                <h4 class=\"mn-accordion-title\">Kierunek: OCHRONA \u015aRODOWISKA<\/h4>\n                                                <div>\n\t\t\t\t\t\t\t\t\t                <ul style=\"list-style-type: square\">\n<li><a href=\"https:\/\/up.lublin.pl\/srodowiskowa\/wp-content\/uploads\/sites\/5\/2020\/12\/Propozycje-temat\u00f3w-prac-inzynierskich-Och.\u015brod.-2.pdf\">Studia stacjonarne I&nbsp;stopnia nab\u00f3r 2018\/2019<\/a><\/li>\n<\/ul>\n<ul style=\"list-style-type: circle\">\n<li><a href=\"https:\/\/up.lublin.pl\/srodowiskowa\/wp-content\/uploads\/sites\/5\/2021\/05\/Propozycje-tematow-prac-inzynierskich-ochrona-srodowiska-N1-dla-naboru-2018-2019.pdf\">Studia niestacjonarne I&nbsp;stopnia nab\u00f3r 2018\/2019<\/a><\/li>\n<\/ul>\n                                                <\/div>\n                                            <\/li>\n                                        <\/ul>\n\t\t\t\t\t\t                                <\/div>\n\t\t\t\t                <div class=\"mn-content-block\">\n\t                                <\/div>\n\t\t\t\t                <div class=\"mn-content-block\">\n\t                                <\/div>\n\t\t\t\t                <div class=\"mn-content-block\">\n\t                                <\/div>\n\t\t\t\t                <div class=\"mn-content-block\">\n\t                                <\/div>\n\t\t\t\t                <div class=\"mn-content-block\">\n\t                                <\/div>\n\t\t\t\t                <div class=\"mn-content-block\">\n\t                                <\/div>\n\t\t\t\t                <div class=\"mn-content-block\">\n\t                                <\/div>\n\t\t\t\t                <div class=\"mn-content-block\">\n\t                                <\/div>\n\t\t\t\t                <div class=\"mn-content-block\">\n\t                                <\/div>\n\t\t\t\t                <div class=\"mn-content-block\">\n\t                                <\/div>\n\t\t\t\t                <div class=\"mn-content-block\">\n\t                                <\/div>\n\t\t\t\t                <div class=\"mn-content-block\">\n\t                                <\/div>\n\t\t\t\t                <div class=\"mn-content-block\">\n\t                                <\/div>\n\t\t\t\t                <div class=\"mn-content-block\">\n\t                                <\/div>\n\t\t\t\t                <div class=\"mn-content-block\">\n\t                                <\/div>\n\t\t\t\t                <div class=\"mn-content-block\">\n\t                                <\/div>\n\t\t\t\t                <div class=\"mn-content-block\">\n\t                                <\/div>\n\t\t\t\t                <div class=\"mn-content-block\">\n\t                                <\/div>\n\t\t\t\t                <div class=\"mn-content-block\">\n\t                                <\/div>\n\t\t\t\t\t\t<\/div>\n\t<\/div>\n<\/section>\n\t\t<\/div>\n\t\t\t\t<\/div>\n\t\t\t\t\t\t<\/div>\n\t\t\t\t\t<\/div>\n\t\t<\/div>\n\t\t\t\t\t\t\t\t<\/div>\n\t\t\t\t\t<\/div>\n\t\t<\/section>\n\t\t\t\t\t\t<\/div>\n\t\t\t\t\t\t<\/div>\n\t\t\t\t\t<\/div>\n\t\t","protected":false},"excerpt":{"rendered":"<p>\u2190 powr\u00f3t \u00a0 Propozycje temat\u00f3w prac dyplomowych magisterskich Kierunek: BIOKOSMETOLOGIA Studia stacjonarne II stopnia nab\u00f3r 2024\/2025 Studia stacjonarne II stopnia nab\u00f3r 2023\/2024 Studia stacjonarne II stopnia nab\u00f3r 2022\/2023 Studia stacjonarne II stopnia nab\u00f3r 2021\/2022 Kierunek: BIOLOGIA, Specjalno\u015b\u0107: BIOLOGIA S\u0104DOWA Studia stacjonarne II stopnia nab\u00f3r 2023\/2024 Studia stacjonarne II stopnia nab\u00f3r 2022\/2023 Studia stacjonarne II stopnia [&hellip;]<\/p>\n","protected":false},"author":2,"featured_media":0,"parent":178039,"menu_order":0,"comment_status":"closed","ping_status":"closed","template":"elementor_header_footer","meta":{"_monsterinsights_skip_tracking":false,"_monsterinsights_sitenote_active":false,"_monsterinsights_sitenote_note":"","_monsterinsights_sitenote_category":0},"_links":{"self":[{"href":"https:\/\/up.lublin.pl\/srodowiskowa\/wp-json\/wp\/v2\/pages\/471"}],"collection":[{"href":"https:\/\/up.lublin.pl\/srodowiskowa\/wp-json\/wp\/v2\/pages"}],"about":[{"href":"https:\/\/up.lublin.pl\/srodowiskowa\/wp-json\/wp\/v2\/types\/page"}],"author":[{"embeddable":true,"href":"https:\/\/up.lublin.pl\/srodowiskowa\/wp-json\/wp\/v2\/users\/2"}],"replies":[{"embeddable":true,"href":"https:\/\/up.lublin.pl\/srodowiskowa\/wp-json\/wp\/v2\/comments?post=471"}],"version-history":[{"count":175,"href":"https:\/\/up.lublin.pl\/srodowiskowa\/wp-json\/wp\/v2\/pages\/471\/revisions"}],"predecessor-version":[{"id":178198,"href":"https:\/\/up.lublin.pl\/srodowiskowa\/wp-json\/wp\/v2\/pages\/471\/revisions\/178198"}],"up":[{"embeddable":true,"href":"https:\/\/up.lublin.pl\/srodowiskowa\/wp-json\/wp\/v2\/pages\/178039"}],"wp:attachment":[{"href":"https:\/\/up.lublin.pl\/srodowiskowa\/wp-json\/wp\/v2\/media?parent=471"}],"curies":[{"name":"wp","href":"https:\/\/api.w.org\/{rel}","templated":true}]}}