{"id":470,"date":"2020-12-18T09:40:33","date_gmt":"2020-12-18T08:40:33","guid":{"rendered":"http:\/\/nowastrona.up.lublin.pl\/srodowiskowa\/?page_id=470"},"modified":"2026-02-18T13:55:14","modified_gmt":"2026-02-18T12:55:14","slug":"wymagania-stawiane-pracom-dyplomowym","status":"publish","type":"page","link":"https:\/\/up.lublin.pl\/srodowiskowa\/ksztalcenie\/wymagania-stawiane-pracom-dyplomowym\/","title":{"rendered":"Wymagania stawiane pracom dyplomowym"},"content":{"rendered":"\t\t<div data-elementor-type=\"wp-page\" data-elementor-id=\"470\" class=\"elementor elementor-470\" data-elementor-settings=\"[]\">\n\t\t\t\t\t\t<div class=\"elementor-inner\">\n\t\t\t\t\t\t\t<div class=\"elementor-section-wrap\">\n\t\t\t\t\t\t\t<section class=\"elementor-section elementor-top-section elementor-element elementor-element-baf5bce elementor-section-boxed elementor-section-height-default elementor-section-height-default\" data-id=\"baf5bce\" data-element_type=\"section\">\n\t\t\t\t\t\t<div class=\"elementor-container elementor-column-gap-default\">\n\t\t\t\t\t\t\t<div class=\"elementor-row\">\n\t\t\t\t\t<div class=\"elementor-column elementor-col-100 elementor-top-column elementor-element elementor-element-a099045\" data-id=\"a099045\" data-element_type=\"column\">\n\t\t\t<div class=\"elementor-column-wrap elementor-element-populated\">\n\t\t\t\t\t\t\t<div class=\"elementor-widget-wrap\">\n\t\t\t\t\t\t<div class=\"elementor-element elementor-element-6e19181 elementor-widget elementor-widget-m5c\" data-id=\"6e19181\" data-element_type=\"widget\" data-widget_type=\"m5c.default\">\n\t\t\t\t<div class=\"elementor-widget-container\">\n\t\t\t<section class=\"mn-m5-c mn-m5-d2 mn-bg-white\">\n\t<div class=\"mn-grid\">\n\t\t\t\t<div class=\"mn-content mn-grid-9\">\n\t\t\t                <div class=\"mn-content-block active\">\n\t                                                        <div class=\"block-text\">\n\t                                        <h5><a href=\"http:\/\/nowastrona.up.lublin.pl\/srodowiskowa\/ksztalcenie\/\">\u2190 powr\u00f3t<\/a><\/h5>\n                                        <\/div>\n\t\t\t\t\t\t                                                        <div class=\"block-text\">\n\t                                        <h3 style=\"text-align: center\">Wymagania stawiane pracom dyplomowym<\/h3>\n<p><strong>Wymagania merytoryczne dotycz\u0105ce prac dyplomowych magisterskich na kierunkach realizowanych na Wydziale Biologii \u015arodowiskowej<\/strong><\/p>\n<p>Przygotowanie i&nbsp;z\u0142o\u017cenie pracy dyplomowej magisterskiej obowi\u0105zuje na studiach drugiego stopnia. Wskazane jest, aby realizacja pracy umo\u017cliwia\u0142a nabycie nowych umiej\u0119tno\u015bci teoretycznych i&nbsp;praktycznych. Problem zawarty w&nbsp;pracy dyplomowej powinien umo\u017cliwi\u0107 wykazanie si\u0119 wiedz\u0105 kierunkow\u0105 i&nbsp;specjalistyczn\u0105 studenta, przedstawienie oryginalnych pomys\u0142\u00f3w, wykorzystania \u017ar\u00f3de\u0142 bibliograficznych i&nbsp;kompilacji danych \u017ar\u00f3d\u0142owych oraz umiej\u0119tno\u015b\u0107 dyskutowania z&nbsp;nimi. Prace dyplomowe powinny spe\u0142nia\u0107 wymogi dzie\u0142a autorskiego (oryginalnego) o&nbsp;charakterze naukowym .<\/p>\n                                        <\/div>\n\t\t\t\t\t\t                                                        <ul class=\"mn-accordion\">\n                                            <li>\n                                                <h4 class=\"mn-accordion-title\">Tytu\u0142 i&nbsp;tre\u015bci zawarte w&nbsp;pracy dyplomowej musz\u0105 by\u0107 zgodne z&nbsp;kierunkiem kszta\u0142cenia i&nbsp;realizowan\u0105 specjalno\u015bci\u0105\u00a0<\/h4>\n                                                <div>\n\t\t\t\t\t\t\t\t\t                <p><strong>Tytu\u0142 i&nbsp;tre\u015bci zawarte w&nbsp;pracy dyplomowej magisterskiej musz\u0105 by\u0107 zgodne z&nbsp;kierunkiem kszta\u0142cenia i&nbsp;realizowan\u0105 specjalno\u015bci\u0105.<\/strong>\u00a0<\/p>\n<p><u><strong>Praca magisterska<\/strong><\/u> powinna by\u0107 rozpraw\u0105 oryginaln\u0105 (badawcz\u0105). Praca stanowi opis bada\u0144 w\u0142asnych i&nbsp;powinna zawiera\u0107 nast\u0119puj\u0105ce rozdzia\u0142y: Wst\u0119p, Materia\u0142 i&nbsp;Metody, Wyniki, Dyskusja (rozdzia\u0142y wyniki i&nbsp;dyskusja mog\u0105 by\u0107 po\u0142\u0105czone), Podsumowanie i&nbsp;Wnioski, Pi\u015bmiennictwo.\u00a0<\/p>\n<p>\u2022 W&nbsp;pracy powinien by\u0107 precyzyjnie sformu\u0142owany cel i&nbsp;g\u0142\u00f3wny problem badawczy (hipoteza) przedstawiony <strong>w oparciu o&nbsp;aktualn\u0105 literatur\u0119 naukow\u0105<\/strong>.<\/p>\n<p>\u2022 Konieczne jest zaprezentowanie przyj\u0119tej przez autora metody badawczej oraz uzasadnienie wyboru materia\u0142u empirycznego. W&nbsp;rozdziale prezentuj\u0105cym wyniki w\u0142asne nie nale\u017cy zamieszcza\u0107 wynik\u00f3w innych autor\u00f3w.\u00a0<\/p>\n<p>\u2022 Od <strong>autora wymaga si\u0119 wykorzystania aktualnej literatury naukowej, samodzielnej analizy i&nbsp;interpretacji materia\u0142u badawczego<\/strong>, a&nbsp;tak\u017ce umiej\u0119tno\u015bci stosowania technik analitycznych.\u00a0<\/p>\n<p>\u2022 Wyniki bada\u0144 empirycznych powinny by\u0107 opracowane statystycznie i&nbsp;konfrontowane z&nbsp;dost\u0119pnym pi\u015bmiennictwem.\u00a0<\/p>\n<p>\u2022 Podsumowanie i&nbsp;wnioski ko\u0144cowe powinny by\u0107 syntez\u0105 przeprowadzonych bada\u0144.\u00a0<\/p>\n                                                <\/div>\n                                            <\/li>\n                                        <\/ul>\n\t\t\t\t\t\t                                                        <ul class=\"mn-accordion\">\n                                            <li>\n                                                <h4 class=\"mn-accordion-title\">Uk\u0142ad pracy zgodny z&nbsp;przyj\u0119tym w&nbsp;naukach przyrodniczych\u00a0<\/h4>\n                                                <div>\n\t\t\t\t\t\t\t\t\t                <p><u><strong>Uk\u0142ad pracy zgodny z&nbsp;przyj\u0119tym w&nbsp;naukach przyrodniczych\u00a0<\/strong><\/u><\/p>\n<p>1) Strona tytu\u0142owa wg podanego <a href=\"https:\/\/up.lublin.pl\/srodowiskowa\/wp-content\/uploads\/sites\/5\/2025\/06\/zalacznik_1-2.docx\">za\u0142\u0105cznika nr 1<\/a>.\u00a0<\/p>\n<p>2) Strona druga z&nbsp;o\u015bwiadczeniem autora, \u017ce wyniki zamieszczone w&nbsp;pracy stanowi\u0105 w\u0142asno\u015b\u0107 Jednostki, w&nbsp;kt\u00f3rej praca zosta\u0142a napisana wed\u0142ug podanego za\u0142\u0105cznika (<a href=\"https:\/\/up.lublin.pl\/srodowiskowa\/wp-content\/uploads\/sites\/5\/2025\/06\/Oswiadczenie-autora_praca-dyplomowa-magisterska-1.docx\">o\u015bwiadczenie<\/a>). <br \/>Strona trzecia z&nbsp;o\u015bwiadczeniem o&nbsp;samodzielno\u015bci przygotowania pracy przez autora i&nbsp;korzystaniu\/ nie korzystaniu z&nbsp;technik Sztucznej Inteligencji (AI) w&nbsp;pracy dyplomowej wed\u0142ug podanego za\u0142\u0105cznika (<a href=\"https:\/\/up.lublin.pl\/srodowiskowa\/wp-content\/uploads\/sites\/5\/2025\/06\/Oswiadczenie-autora_AI_praca-dyplomowa-magisterska-2.docx\">o\u015bwiadczenie<\/a>).<\/p>\n<p>3) Streszczenie i&nbsp;s\u0142owa kluczowe \u2013 od 4 do 6 s\u0142\u00f3w kluczowych (streszczenie obejmuje istotne i&nbsp;najwa\u017cniejsze informacje prezentowane w&nbsp;poszczeg\u00f3lnych rozdzia\u0142ach pracy, jest to skr\u00f3cony opis pracy (do 4000 znak\u00f3w) \u2013 jej celu, zastosowanych metod pracy i&nbsp;uzyskanych rezultat\u00f3w).\u00a0<\/p>\n<p>4) Spis tre\u015bci. \u00a0<\/p>\n<p>5) Wst\u0119p i&nbsp;przegl\u0105d pi\u015bmiennictwa (zarysowanie problemu badawczego, przes\u0142anki wyboru tematu pracy, przegl\u0105d stanu wiedzy dotycz\u0105cy rozwi\u0105zywanego problemu). W&nbsp;porozumieniu z&nbsp;promotorem t\u0119 cz\u0119\u015b\u0107 pracy mo\u017cna podzieli\u0107 na dwa rozdzia\u0142y czyli wst\u0119p oraz przegl\u0105d pi\u015bmiennictwa.\u00a0<\/p>\n<p>6) Cel pracy.\u00a0<\/p>\n<p>7) Materia\u0142 i&nbsp;metody (z dok\u0142adnym opisem materia\u0142u i&nbsp;zastosowanych przez autora metod badawczych w&nbsp;tym metod statystycznych).\u00a0<\/p>\n<p>8) Wyniki bada\u0144 \u00a0(tylko wyniki w\u0142asne, zebrane przez autora). Rozdzia\u0142 ten mo\u017ce by\u0107 podzielony na podrozdzia\u0142y.<\/p>\n<p>9) Rozdzia\u0142 zawieraj\u0105cy dyskusj\u0119 wynik\u00f3w. Dopuszczalne jest tak\u017ce po\u0142\u0105czenie rozdzia\u0142\u00f3w \u201eWyniki bada\u0144\u201d i&nbsp;\u201eDyskusja\u201d pod wsp\u00f3lnym tytu\u0142em \u201eWyniki bada\u0144 i&nbsp;dyskusja lub Wyniki bada\u0144 i&nbsp;ich om\u00f3wienie\u201d. W&nbsp;takim przypadku omawianie wynik\u00f3w bada\u0144 w\u0142asnych po\u0142\u0105czone jest z&nbsp;ich interpretowaniem oraz por\u00f3wnaniem ich z&nbsp;opublikowanymi w&nbsp;literaturze przedmiotu.\u00a0<\/p>\n<p>10) Rozdzia\u0142 zawieraj\u0105cy podsumowanie i&nbsp;wnioski (nale\u017cy wskaza\u0107 syntetyczne wnioski wynikaj\u0105ce z&nbsp;pracy, ewentualnie zasygnalizowa\u0107 mo\u017cliwo\u015bci przysz\u0142o\u015bciowych rozwi\u0105za\u0144, ustosunkowa\u0107 si\u0119 do postawionego problemu badawczego oraz postawionych hipotez badawczych). Rozdzia\u0142 ten mo\u017cna rozpocz\u0105\u0107 nast\u0119puj\u0105cym zdaniem: \u201eWyniki przeprowadzonych bada\u0144 pozwalaj\u0105 na sformu\u0142owanie nast\u0119puj\u0105cych wniosk\u00f3w:\u201d po czym wypisujemy je w&nbsp;kolejnych podpunktach. Same wnioski powinny by sformu\u0142owane kr\u00f3tko, zwi\u0119\u017ale i&nbsp;logicznie, ale tak aby by\u0142y w&nbsp;pe\u0142ni zrozumia\u0142e same w&nbsp;sobie bez odnoszenia si\u0119 do innych cz\u0119\u015bci pracy. We wnioskach mog\u0105 by\u0107 podane dane liczbowe ale tylko te najbardziej charakterystyczne. Kolejno\u015b\u0107 wniosk\u00f3w powinna by\u0107 taka sama, w&nbsp;jakiej by\u0142y one wyci\u0105gane przy analizie wynik\u00f3w (zgodna z&nbsp;kolejno\u015bci\u0105 podrozdzia\u0142\u00f3w w&nbsp;rozdziale dotycz\u0105cym wynik\u00f3w i&nbsp;ich analizy).\u00a0<\/p>\n<p>11) Wykaz wykorzystanej w&nbsp;pracy literatury powinien by\u0107 zamieszczony w&nbsp;rozdziale \u201ePi\u015bmiennictwo\u201d i&nbsp;zawiera\u0107 tylko pozycje pi\u015bmiennictwa zamieszczone w&nbsp;pracy. <strong>Liczba pozycji pi\u015bmiennictwa ( min. 40 , w&nbsp;tym udzia\u0142 \u017ar\u00f3de\u0142 obcoj\u0119zycznych min. 20%)<\/strong>. Pozycje te powinny by\u0107 u\u0142o\u017cone w&nbsp;kolejno\u015bci alfabetycznej pierwszego autora. Powo\u0142anie si\u0119 w&nbsp;tek\u015bcie pracy na cytowan\u0105 pozycj\u0119 pi\u015bmiennictwa nast\u0119puje przez podanie w&nbsp;nawiasach nazwiska autora i&nbsp;roku opublikowania (w przypadku jednego autora \u2013 (Kowalski, 2010), dw\u00f3ch autor\u00f3w \u2013 (Kowalski i&nbsp;Nowak, 2010), a&nbsp;wi\u0119kszej liczby autor\u00f3w \u2013 (Kowalski i&nbsp;in., 2010). W&nbsp;wykazie pi\u015bmiennictwa nale\u017cy podawa\u0107 nazwiska wszystkich autor\u00f3w oraz skr\u00f3ty imion, rok, pe\u0142ne tytu\u0142y prac, nazw\u0119 czasopism i&nbsp;innych wydawnictw, nr tomu, nr zeszytu, strony (od-do).\u00a0<\/p>\n<p>Spos\u00f3b zestawienia pi\u015bmiennictwa:<\/p>\n<p>Dla artyku\u0142u: Tarkowska-Kukuryk M., P\u0119czu\u0142a W., Mieczan T. 2020. Grazing affects periphytic algal biomass in the periphyton-macrophyte relationship independently of the substrate type and nutrient status. Journal of Limnology, 2: 124-137.\u00a0<\/p>\n<p>Dla ksi\u0105\u017cki: Polakowski B. (red.). 1991. Botanika. PWN, Warszawa, 713 ss.<\/p>\n<p>Dla rozdzia\u0142u w&nbsp;ksi\u0105\u017cce: Bryli\u0144ska M., Bryli\u0144ski E., Bni\u0144ska M. 1999. Tinca tinca (Linnaeus, 1758). W: Banarescu P. (red.). The Freshwater Fishes of Europe. Cyprinidae. Aula Verlag, 229-302.<\/p>\n<p>Dla stron internetowych: Dost\u0119p internetowy, adres strony www; data korzystania ze strony. Przyk\u0142ad: http:\/\/www.cosmetologia.pl\/nowy-skladnikzwezajacy-pory-od-mibelle-biochemistry3250.html; 14.11.2018, godz. 15:35.<\/p>\n<p>Dla akt\u00f3w prawnych:<\/p>\n<p>Rozporz\u0105dzenie Rady Ministr\u00f3w z&nbsp;dn. 8 sierpnia 2000 r. w&nbsp;sprawie pa\u0144stwowego systemu odniesie\u0144 przestrzennych (Dz. U. z&nbsp;2000 r. Nr 70 poz. 821).\u00a0<\/p>\n<p>Ustawa z&nbsp;dnia 27 kwietnia 2001 r. Prawo ochrony \u015brodowiska (Dz. U&nbsp;z 2008 r. Nr 25, poz. 150, tekst jednolity z&nbsp;p\u00f3\u017an. zm.).\u00a0<\/p>\n<p>Udzia\u0142 stron internetowych nie mo\u017ce przekracza\u0107 10% ca\u0142o\u015bci wykorzystanej w&nbsp;pracy literatury. Podobnie w&nbsp;przypadku opracowa\u0144 ksi\u0105\u017ckowych.\u00a0<\/p>\n<p>14) W&nbsp;uzasadnionych przypadkach dodatkowo mo\u017cna do\u0142\u0105czy\u0107 cz\u0119\u015b\u0107 dokumentacyjn\u0105 pracy np. fotografie badanych obiekt\u00f3w itp.\u00a0<\/p>\n<p>15) Tabele, ryciny, fotografie powinny by\u0107 numerowane zgodnie z&nbsp;kolejno\u015bci\u0105 ich omawiania w&nbsp;tek\u015bcie pracy. Tabele i&nbsp;ryciny zawieraj\u0105ce wyniki bada\u0144 autora, szczeg\u00f3lnie gdy jest ich du\u017co w&nbsp;stosunku do wielko\u015bci samego tekstu mog\u0105 by\u0107 umieszczone na ko\u0144cu pracy jako osobny rozdzia\u0142 &#8211; za\u0142\u0105cznik.\u00a0<\/p>\n<p><strong>Obj\u0119to\u015b\u0107 pracy dyplomowej (ok. 40-50 stron). \u00a0<\/strong><\/p>\n                                                <\/div>\n                                            <\/li>\n                                        <\/ul>\n\t\t\t\t\t\t                                                        <ul class=\"mn-accordion\">\n                                            <li>\n                                                <h4 class=\"mn-accordion-title\">Zalecenia edytorskie\u00a0<\/h4>\n                                                <div>\n\t\t\t\t\t\t\t\t\t                <p><strong><u>Zalecenia edytorskie\u00a0<\/u><\/strong><\/p>\n<p>Maszynopis pracy magisterskiej &#8211; ok. 40-50 stron,\u00a0 powinien spe\u0142nia\u0107 nast\u0119puj\u0105ce wymagania:\u00a0<\/p>\n<p>\u2022 Format arkusza papieru A4;\u00a0<\/p>\n<p>\u2022 Czcionka Times New Roman;\u00a0<\/p>\n<p>\u2022 Wielko\u015b\u0107 czcionki podstawowej 12 pkt.;\u00a0<\/p>\n<p>\u2022 Odst\u0119p mi\u0119dzy wierszami 1,5 wiersza;\u00a0<\/p>\n<p>\u2022 Marginesy: g\u00f3rny \u2013 2,5 cm; dolny \u2013 2,5 cm; lewy &#8211; 3,5 cm; prawy \u2013 1,5 cm;\u00a0<\/p>\n<p>\u2022 Stosowanie justowania (wyr\u00f3wnanie tekstu do obu margines\u00f3w).<\/p>\n                                                <\/div>\n                                            <\/li>\n                                        <\/ul>\n\t\t\t\t\t\t                                                        <ul class=\"mn-accordion\">\n                                            <li>\n                                                <h4 class=\"mn-accordion-title\">Zasady sk\u0142adania prac dyplomowych do dziekanatu<\/h4>\n                                                <div>\n\t\t\t\t\t\t\t\t\t                <p><u><strong>Zasady sk\u0142adania prac dyplomowych do dziekanatu<\/strong><\/u><\/p>\n<p>1) Student przedk\u0142ada nieoprawion\u0105 prac\u0119 wraz z\u00a0no\u015bnikiem elektronicznym do oceny promotora, kt\u00f3ry sprawdza prac\u0119 w\u00a0systemie antyplagiatowym.<\/p>\n<p>2) W\u00a0przypadku oceny pozytywnej prac\u0119 mo\u017cna oprawi\u0107. W\u00a0przypadku oceny negatywnej praca mo\u017ce zosta\u0107 skierowana do poprawy i\u00a0powt\u00f3rnej oceny.\u00a0<\/p>\n<p>3) Promotor po otrzymaniu od studenta oprawionej pracy dyplomowej sprawdza zgodno\u015b\u0107 wersji papierowej z\u00a0wersj\u0105 dostarczon\u0105 na no\u015bniku elektronicznym. <span style=\"text-decoration: underline\">Po sprawdzeniu zgodno\u015bci promotor podpisuje egzemplarze pracy dyplomowej.\u00a0<\/span><\/p>\n<p>4) Student sk\u0142ada w\u00a0Dziekanacie: jeden dwustronny w&nbsp;kolorze egzemplarz pracy dyplomowej<span style=\"text-decoration: underline\"> podpisany przez promotora<\/span> pracy dyplomowej, pliki zawieraj\u0105c\u0105 prac\u0119 dyplomow\u0105 z\u00a0opisem <em>nazwisko imi\u0119\/imiona_ praca magisterska\/ in\u017cynierska\/ licencjacka <\/em>oraz prezentacj\u0119 na obron\u0119 z\u00a0opisem <em>nazwisko imi\u0119\/imiona_ prezentacja.<\/em> Dokumenty te wraz ze zdj\u0119ciem w&nbsp;wersji elektronicznej i&nbsp;wnioskiem o&nbsp;wydanie dyplomu uko\u0144czenia studi\u00f3w student sk\u0142ada w&nbsp;Dziekanacie w&nbsp;czasie nie kr\u00f3tszym ni\u017c 7 dni przed ustalonym terminem egzaminu dyplomowego. Ostateczny termin sk\u0142adania prac dyplomowych (w formie pisemnej i&nbsp;elektronicznej) ustala Dziekan, Termin z\u0142o\u017cenia pracy mo\u017ce zosta\u0107 przesuni\u0119ty na pisemny wniosek studenta do Dziekana Wydzia\u0142u.<\/p>\n<p style=\"text-align: left\"><strong>Wz\u00f3r opisu przekazywanych plik\u00f3w:<\/strong><\/p>\n<p style=\"text-align: left\"><strong>Folder:<\/strong> nazwisko imi\u0119\/imiona nr albumu<\/p>\n<p style=\"text-align: left\"><strong>Pliki:<\/strong> nazwisko imi\u0119\/imiona praca magisterska<\/p>\n<p style=\"text-align: left;padding-left: 40px\">nazwisko imi\u0119\/imiona prezentacja<\/p>\n<p style=\"text-align: left;padding-left: 40px\">nazwisko imi\u0119\/imiona zdj\u0119cie<\/p>\n<p>5) Promotor sk\u0142ada do Dziekanatu opini\u0119 pracy dyplomowej najp\u00f3\u017aniej na dzie\u0144 przed terminem obrony pracy.\u00a0<\/p>\n                                                <\/div>\n                                            <\/li>\n                                        <\/ul>\n\t\t\t\t\t\t                                                        <ul class=\"mn-accordion\">\n                                            <li>\n                                                <h4 class=\"mn-accordion-title\">Zasady oceny prac dyplomowych\u00a0<\/h4>\n                                                <div>\n\t\t\t\t\t\t\t\t\t                <p><u><strong>Zasady oceny prac dyplomowych\u00a0<\/strong><\/u><\/p>\n<p>\u2022 Ocen\u0119 pracy dyplomowej przeprowadza promotor i&nbsp;recenzent powo\u0142any przez dziekana (pkt. 37 Regulaminu studi\u00f3w).\u00a0<\/p>\n<p>\u2022 Ko\u0144cowa ocena promotora powinna uwzgl\u0119dnia\u0107 wk\u0142ad pracy studenta w&nbsp;zebranie i&nbsp;opracowanie materia\u0142u, umiej\u0119tno\u015b\u0107 samodzielnego wykorzystania literatury, umiej\u0119tno\u015b\u0107 formu\u0142owania i&nbsp;wnioskowania. \u00a0<\/p>\n<p>\u2022 Recenzent ocenia prac\u0119 pod wzgl\u0119dem formalnym i&nbsp;merytorycznym.\u00a0<\/p>\n                                                <\/div>\n                                            <\/li>\n                                        <\/ul>\n\t\t\t\t\t\t                                                        <ul class=\"mn-accordion\">\n                                            <li>\n                                                <h4 class=\"mn-accordion-title\">Egzamin dyplomowy\u00a0<\/h4>\n                                                <div>\n\t\t\t\t\t\t\t\t\t                <p><u><strong>Egzamin dyplomowy\u00a0<\/strong><\/u><\/p>\n<p>\u2022 Komisji egzaminacyjnej przewodniczy dziekan, prodziekan lub nauczyciel akademicki upowa\u017cniony przez dziekana.\u00a0<\/p>\n<p>\u2022 Egzamin dyplomowy przeprowadzany jest komisyjnie i&nbsp;sk\u0142ada si\u0119 z&nbsp;dw\u00f3ch cz\u0119\u015bci: przedstawienia g\u0142\u00f3wnych tez pracy (prezentacja multimedialna w&nbsp;przypadku egzaminu dyplomowego &#8211; magisterskiego &#8211; max 5-7 minut, a&nbsp;dyplomowego &#8211; in\u017cynierskiego lub licencjackiego \u2013 do 5 min) i&nbsp;jej obrony oraz odpowiedzi na 3 pytania zadane przez komisj\u0119. Pytania mog\u0105 by\u0107 zwi\u0105zane ze wszystkimi modu\u0142ami realizowanymi podczas studi\u00f3w oraz tematyk\u0105 pracy dyplomowej.<\/p>\n                                                <\/div>\n                                            <\/li>\n                                        <\/ul>\n\t\t\t\t\t\t                                <\/div>\n\t\t\t\t                <div class=\"mn-content-block\">\n\t                                <\/div>\n\t\t\t\t                <div class=\"mn-content-block\">\n\t                                <\/div>\n\t\t\t\t                <div class=\"mn-content-block\">\n\t                                <\/div>\n\t\t\t\t                <div class=\"mn-content-block\">\n\t                                <\/div>\n\t\t\t\t                <div class=\"mn-content-block\">\n\t                                <\/div>\n\t\t\t\t                <div class=\"mn-content-block\">\n\t                                <\/div>\n\t\t\t\t                <div class=\"mn-content-block\">\n\t                                <\/div>\n\t\t\t\t                <div class=\"mn-content-block\">\n\t                                <\/div>\n\t\t\t\t                <div class=\"mn-content-block\">\n\t                                <\/div>\n\t\t\t\t                <div class=\"mn-content-block\">\n\t                                <\/div>\n\t\t\t\t                <div class=\"mn-content-block\">\n\t                                <\/div>\n\t\t\t\t                <div class=\"mn-content-block\">\n\t                                <\/div>\n\t\t\t\t                <div class=\"mn-content-block\">\n\t                                <\/div>\n\t\t\t\t                <div class=\"mn-content-block\">\n\t                                <\/div>\n\t\t\t\t                <div class=\"mn-content-block\">\n\t                                <\/div>\n\t\t\t\t                <div class=\"mn-content-block\">\n\t                                <\/div>\n\t\t\t\t                <div class=\"mn-content-block\">\n\t                                <\/div>\n\t\t\t\t                <div class=\"mn-content-block\">\n\t                                <\/div>\n\t\t\t\t                <div class=\"mn-content-block\">\n\t                                <\/div>\n\t\t\t\t\t\t<\/div>\n\t<\/div>\n<\/section>\n\t\t<\/div>\n\t\t\t\t<\/div>\n\t\t\t\t\t\t<\/div>\n\t\t\t\t\t<\/div>\n\t\t<\/div>\n\t\t\t\t\t\t\t\t<\/div>\n\t\t\t\t\t<\/div>\n\t\t<\/section>\n\t\t\t\t\t\t<\/div>\n\t\t\t\t\t\t<\/div>\n\t\t\t\t\t<\/div>\n\t\t","protected":false},"excerpt":{"rendered":"<p>\u2190 powr\u00f3t Wymagania stawiane pracom dyplomowym Wymagania merytoryczne dotycz\u0105ce prac dyplomowych magisterskich na kierunkach realizowanych na Wydziale Biologii \u015arodowiskowej Przygotowanie i&nbsp;z\u0142o\u017cenie pracy dyplomowej magisterskiej obowi\u0105zuje na studiach drugiego stopnia. Wskazane jest, aby realizacja pracy umo\u017cliwia\u0142a nabycie nowych umiej\u0119tno\u015bci teoretycznych i&nbsp;praktycznych. Problem zawarty w&nbsp;pracy dyplomowej powinien umo\u017cliwi\u0107 wykazanie si\u0119 wiedz\u0105 kierunkow\u0105 i&nbsp;specjalistyczn\u0105 studenta, przedstawienie oryginalnych pomys\u0142\u00f3w, [&hellip;]<\/p>\n","protected":false},"author":2,"featured_media":0,"parent":178039,"menu_order":0,"comment_status":"closed","ping_status":"closed","template":"elementor_header_footer","meta":{"_monsterinsights_skip_tracking":false,"_monsterinsights_sitenote_active":false,"_monsterinsights_sitenote_note":"","_monsterinsights_sitenote_category":0},"_links":{"self":[{"href":"https:\/\/up.lublin.pl\/srodowiskowa\/wp-json\/wp\/v2\/pages\/470"}],"collection":[{"href":"https:\/\/up.lublin.pl\/srodowiskowa\/wp-json\/wp\/v2\/pages"}],"about":[{"href":"https:\/\/up.lublin.pl\/srodowiskowa\/wp-json\/wp\/v2\/types\/page"}],"author":[{"embeddable":true,"href":"https:\/\/up.lublin.pl\/srodowiskowa\/wp-json\/wp\/v2\/users\/2"}],"replies":[{"embeddable":true,"href":"https:\/\/up.lublin.pl\/srodowiskowa\/wp-json\/wp\/v2\/comments?post=470"}],"version-history":[{"count":103,"href":"https:\/\/up.lublin.pl\/srodowiskowa\/wp-json\/wp\/v2\/pages\/470\/revisions"}],"predecessor-version":[{"id":175053,"href":"https:\/\/up.lublin.pl\/srodowiskowa\/wp-json\/wp\/v2\/pages\/470\/revisions\/175053"}],"up":[{"embeddable":true,"href":"https:\/\/up.lublin.pl\/srodowiskowa\/wp-json\/wp\/v2\/pages\/178039"}],"wp:attachment":[{"href":"https:\/\/up.lublin.pl\/srodowiskowa\/wp-json\/wp\/v2\/media?parent=470"}],"curies":[{"name":"wp","href":"https:\/\/api.w.org\/{rel}","templated":true}]}}