{"id":458,"date":"2020-12-18T09:21:52","date_gmt":"2020-12-18T08:21:52","guid":{"rendered":"http:\/\/nowastrona.up.lublin.pl\/srodowiskowa\/?page_id=458"},"modified":"2026-02-18T13:54:53","modified_gmt":"2026-02-18T12:54:53","slug":"procedura-dyplomowania","status":"publish","type":"page","link":"https:\/\/up.lublin.pl\/srodowiskowa\/ksztalcenie\/procedura-dyplomowania\/","title":{"rendered":"Procedura dyplomowania"},"content":{"rendered":"\t\t<div data-elementor-type=\"wp-page\" data-elementor-id=\"458\" class=\"elementor elementor-458\" data-elementor-settings=\"[]\">\n\t\t\t\t\t\t<div class=\"elementor-inner\">\n\t\t\t\t\t\t\t<div class=\"elementor-section-wrap\">\n\t\t\t\t\t\t\t<section class=\"elementor-section elementor-top-section elementor-element elementor-element-5e54af5 elementor-section-boxed elementor-section-height-default elementor-section-height-default\" data-id=\"5e54af5\" data-element_type=\"section\">\n\t\t\t\t\t\t<div class=\"elementor-container elementor-column-gap-default\">\n\t\t\t\t\t\t\t<div class=\"elementor-row\">\n\t\t\t\t\t<div class=\"elementor-column elementor-col-100 elementor-top-column elementor-element elementor-element-6256e0f\" data-id=\"6256e0f\" data-element_type=\"column\">\n\t\t\t<div class=\"elementor-column-wrap elementor-element-populated\">\n\t\t\t\t\t\t\t<div class=\"elementor-widget-wrap\">\n\t\t\t\t\t\t<div class=\"elementor-element elementor-element-1bd77af elementor-widget elementor-widget-m5c\" data-id=\"1bd77af\" data-element_type=\"widget\" data-widget_type=\"m5c.default\">\n\t\t\t\t<div class=\"elementor-widget-container\">\n\t\t\t<section class=\"mn-m5-c mn-m5-d2 mn-bg-white\">\n\t<div class=\"mn-grid\">\n\t\t\t\t<div class=\"mn-content mn-grid-9\">\n\t\t\t                <div class=\"mn-content-block active\">\n\t                                                        <div class=\"block-text\">\n\t                                        <h5><a href=\"http:\/\/nowastrona.up.lublin.pl\/srodowiskowa\/ksztalcenie\/\">\u2190 powr\u00f3t<\/a><\/h5>\n                                        <\/div>\n\t\t\t\t\t\t                                                        <div class=\"block-text\">\n\t                                        <h3 style=\"text-align: center\">PROCES DYPLOMOWANIA NA WYDZIALE BIOLOGII \u015aRODOWISKOWEJ<\/h3>\n<p>Praca dyplomowa powinna by\u0107 wykonana pod wzgl\u0119dem merytorycznym i&nbsp;formalnym zgodnym z&nbsp;wytycznymi dotycz\u0105cymi prac dyplomowych kierunk\u00f3w studi\u00f3w realizowanych na Wydziale Biologii \u015arodowiskowej UP w&nbsp;Lublinie. Wytyczne do pisania prac dyplomowych ustala Rada Programowa kierunku i&nbsp;zatwierdza dziekan. S\u0105 one udost\u0119pnione na stronie internetowej Wydzia\u0142u.\u00a0<\/p>\n<p><strong>Instrukcja procesu dyplomowania &#8211; studia I&nbsp;i II stopnia<\/strong><\/p>\n<p>Instrukcja okre\u015bla dzia\u0142ania w&nbsp;procesie dyplomowania student\u00f3w studi\u00f3w I&nbsp;i II stopnia studi\u00f3w stacjonarnych oraz niestacjonarnych.\u00a0<\/p>\n<p><strong>Zasady wydawania i&nbsp;zatwierdzania temat\u00f3w prac dyplomowych magisterskich\/in\u017cynierskich\/licencjackich.<\/strong><\/p>\n<p>Tematy prac dyplomowych zg\u0142aszane s\u0105 kierownikom poszczeg\u00f3lnych jednostek organizacyjnych. Rada Programowa prowadzi nadz\u00f3r nad doborem promotora, poprawno\u015bci\u0105 tematu pracy, zgodno\u015bci\u0105 z&nbsp;kierunkiem i&nbsp;specjalno\u015bci\u0105 studi\u00f3w. Zaakceptowane tematy prac podawane s\u0105 do wiadomo\u015bci studentom na spotkaniach informacyjnych organizowanych przez prodziekana. Dopuszcza si\u0119 zamieszczanie temat\u00f3w prac dyplomowych na stronach internetowych poszczeg\u00f3lnych jednostek organizacyjnych i&nbsp;stronach Wydzia\u0142u. Studenci mog\u0105 sami zg\u0142osi\u0107 temat pracy do realizacji. Studenci po konsultacjach z&nbsp;nauczycielami akademickimi dokonuj\u0105 wyboru tematu i&nbsp;zg\u0142aszaj\u0105 w&nbsp;sekretariatach jednostek organizacyjnych ch\u0119\u0107 przyst\u0105pienia do realizacji pracy. Ostateczn\u0105 decyzj\u0119 o&nbsp;przydzieleniu tematu podejmuje kierownik jednostki organizacyjnej po konsultacji z&nbsp;nauczycielami jednostki.\u00a0<\/p>\n                                        <\/div>\n\t\t\t\t\t\t                                                        <ul class=\"mn-accordion\">\n                                            <li>\n                                                <h4 class=\"mn-accordion-title\">Wykonywanie pracy dyplomowej<\/h4>\n                                                <div>\n\t\t\t\t\t\t\t\t\t                <p><strong>Obowi\u0105zki opiekuna\/promotora pracy dyplomowej:<\/strong><\/p>\n<p>1. Przeszkolenie dyplomanta w&nbsp;zakresie bezpiecze\u0144stwa i&nbsp;higieny pracy.<\/p>\n<p>2.\u00a0 Konsultacje merytoryczne w&nbsp;trakcie wykonywania poszczeg\u00f3lnych etap\u00f3w pracy (okre\u015blenie za\u0142o\u017ce\u0144 metodycznych, przegl\u0105d pi\u015bmiennictwa, eksperyment i&nbsp;in.).<\/p>\n<p>3. Wsparcie merytoryczne podczas analizy wynik\u00f3w i&nbsp;redagowaniu pracy pisemnej.<\/p>\n<p>4. Opracowanie pisemnej oceny pracy dyplomowej (formularz zamieszczony w&nbsp;wirtualnym dziekanacie).<\/p>\n<p>5. Uczestnictwo w&nbsp;egzaminie dyplomowym. Je\u015bli zaistnieje konieczno\u015b\u0107 mo\u017cliwe jest wyznaczenie przez promotora opiekuna (konsultanta) pracy dyplomowej, kt\u00f3ry przejmuje cz\u0119\u015b\u0107 jego obowi\u0105zk\u00f3w.<\/p>\n<p><strong>Obowi\u0105zki studenta wykonuj\u0105cego prac\u0119 dyplomow\u0105<\/strong><\/p>\n<p>Student wykonuj\u0105cy prac\u0119 dyplomow\u0105 magistersk\u0105\/in\u017cyniersk\u0105\/licencjack\u0105 jest zobowi\u0105zany do:\u00a0<\/p>\n<p>1. Przestrzegania zasad bezpiecze\u0144stwa i&nbsp;higieny pracy.<\/p>\n<p>2. Obecno\u015bci na zaj\u0119ciach przewidzianych w&nbsp;ramach programu studi\u00f3w, zwi\u0105zanych z&nbsp;realizacj\u0105 pracy dyplomowej.\u00a0<\/p>\n<p>3. Przeprowadzenia wszelkich czynno\u015bci niezb\u0119dnych w&nbsp;procesie realizacji pracy.<\/p>\n<p>4. Systematycznych konsultacji z&nbsp;promotorem\/opiekunem pracy w&nbsp;trakcie przygotowania pracy i&nbsp;stosowanie si\u0119 do zalece\u0144 i&nbsp;sugestii.<\/p>\n<p>5. Wykonania eksperymentu\/\u00f3w (je\u017celi s\u0105 przewidziane) i&nbsp;interpretacji wynik\u00f3w.\u00a0<\/p>\n<p>6. Samodzielnego opracowania i&nbsp;napisania tekstu pracy dyplomowej zgodnie z&nbsp;wymogami redakcyjnymi zamieszczonymi na stronie Wydzia\u0142u.<\/p>\n<p>7. Zamieszczenie w&nbsp;pracy dyplomowej stosownych o\u015bwiadcze\u0144.<\/p>\n<p>8. Przyst\u0105pienia do egzaminu dyplomowego.<\/p>\n<p><strong>Przyjmowanie pracy dyplomowej magisterskiej\/in\u017cynierskiej\/licencjackiej\u00a0<\/strong><\/p>\n<p>1. Manuskrypt musi uzyska\u0107 akceptacj\u0119 promotora; stron\u0119 tytu\u0142ow\u0105 oraz ostateczn\u0105 wersj\u0119 pracy nale\u017cy przygotowa\u0107 wed\u0142ug aktualnego wzoru zamieszczonego na stronie Wydzia\u0142u.<\/p>\n<p>2. Ka\u017cda praca dyplomowa musi zosta\u0107 sprawdzona przez system antyplagiatowy przed egzaminem dyplomowym z&nbsp;wykorzystaniem Jednolitego Systemu Antyplagiatowego.<\/p>\n<p>3. Po pozytywnym dla studenta wyniku procedury antyplagiatowej dziekan wyznacza recenzenta, kt\u00f3remu przekazywana jest praca dyplomowa.<\/p>\n<p>4. Opinia promotora pracy oraz recenzja powinny by\u0107 opracowane w&nbsp;formie pisemnej zgodnie z&nbsp;obowi\u0105zuj\u0105cym wzorem tekstu arkusza opinii oraz recenzji drukowanego z&nbsp;systemu Wirtualnego Dziekanatu w&nbsp;ci\u0105gu 7 dni od otrzymania pracy.\u00a0<\/p>\n<p>5. W&nbsp;uzasadnionych przypadkach, za zgod\u0105 Dziekana, mo\u017cliwa jest zmiana promotora lub tematu pracy dyplomowej.<\/p>\n<p>6. Proces oceny jako\u015bci prac dyplomowych student\u00f3w wszystkich kierunk\u00f3w i&nbsp;poziom\u00f3w studi\u00f3w prowadzonych na Wydziale podlega procedurom Instrukcji oceny jako\u015bci prac dyplomowych.\u00a0<\/p>\n                                                <\/div>\n                                            <\/li>\n                                        <\/ul>\n\t\t\t\t\t\t                                                        <ul class=\"mn-accordion\">\n                                            <li>\n                                                <h4 class=\"mn-accordion-title\">Egzamin dyplomowy<\/h4>\n                                                <div>\n\t\t\t\t\t\t\t\t\t                <p>1. Student mo\u017ce przyst\u0105pi\u0107 do egzaminu dyplomowego po udokumentowanym zaliczeniu wszystkich semestr\u00f3w oraz uzyskaniu pozytywnej opinii i&nbsp;recenzji pracy dyplomowej magisterskiej\/in\u017cynierskiej\/licencjackiej.\u00a0<\/p>\n<p>2. Student sk\u0142ada w&nbsp;Dziekanacie: jeden wydrukowany dwustronnie w&nbsp;kolorze, egzemplarz pracy dyplomowej podpisany przez promotora pracy dyplomowej, pliki zawieraj\u0105ce prac\u0119 dyplomow\u0105 z&nbsp;opisem <em>nazwisko imi\u0119\/imiona_ praca magisterska\/ in\u017cynierska\/ licencjacka <\/em>oraz prezentacj\u0119 na obron\u0119 z\u00a0opisem <em>nazwisko imi\u0119\/imiona_ prezentacja<\/em>. Jednocze\u015bnie promotorowi i\u00a0recenzentowi dostarcza po jednym jednostronnym egzemplarzu pracy dyplomowej. Dokumenty te wraz ze zdj\u0119ciem w\u00a0wersji cyfrowej (<em>fotografia na dyplom magisterskiej\/in\u017cynierski\/licencjackiej w&nbsp;formacie 45mm x&nbsp;65mm, wykonana profesjonalnie w&nbsp;zak\u0142adzie fotograficznym technik\u0105 czarno-bia\u0142\u0105 lub kolorow\u0105, na ujednoliconym na ca\u0142ej powierzchni, g\u0142adkim, pozbawione ozd\u00f3b tle, przedstawiaj\u0105ca osob\u0119 bez nakrycia g\u0142owy i&nbsp;okular\u00f3w z&nbsp;ciemnymi szk\u0142ami w&nbsp;taki spos\u00f3b, aby ukazywa\u0142a g\u0142ow\u0119 w&nbsp;pozycji p\u00f3\u0142profilu z&nbsp;zachowaniem r\u00f3wnomiernego o\u015bwietlenia twarzy, w&nbsp;stroju galowym: Kobiety \u2013 koszulowa bluzka, \u017cakiet, naturalny makija\u017c, estetyczna fryzura, brak ozd\u00f3b na g\u0142owie, M\u0119\u017cczy\u017ani \u2013 bia\u0142a koszula, krawat, marynarka, estetyczna fryzura, wykonana w&nbsp;ci\u0105gu ostatnich sze\u015bciu miesi\u0119cy<\/em>) i\u00a0wnioskiem o&nbsp;wydanie dyplomu uko\u0144czenia studi\u00f3w student sk\u0142ada w\u00a0Dziekanacie w\u00a0czasie nie kr\u00f3tszym ni\u017c 7 dni przed ustalonym terminem egzaminu dyplomowego. Ostateczny termin sk\u0142adania prac dyplomowych (w formie pisemnej i\u00a0elektronicznej) ustala Dziekan.\u00a0<\/p>\n<p>3. Termin z\u0142o\u017cenia pracy mo\u017ce zosta\u0107 przesuni\u0119ty na pisemny wniosek studenta do Dziekana Wydzia\u0142u.<\/p>\n<p><strong>Tryb przeprowadzenia egzaminu dyplomowego\u00a0<\/strong><\/p>\n<p>Szczeg\u00f3\u0142owy tryb przeprowadzenia egzaminu dyplomowego okre\u015bla aktualnie obowi\u0105zuj\u0105cy Regulamin Studi\u00f3w UP w&nbsp;Lublinie. Student mo\u017ce przyst\u0105pi\u0107 do egzaminu dyplomowego po dope\u0142nieniu wszystkich formalno\u015bci, z\u0142o\u017ceniu pracy dyplomowej i&nbsp;uzyskaniu pozytywnych ocen wystawionych przez promotora i&nbsp;recenzenta.<\/p>\n                                                <\/div>\n                                            <\/li>\n                                        <\/ul>\n\t\t\t\t\t\t                                                        <div class=\"block-text\">\n\t                                        <p><strong>INSTRUKCJA OCENY JAKO\u015aCI PRAC DYPLOMOWYCH<\/strong><\/p>\n<p><strong>Ocena pod wzgl\u0119dem formalnym i&nbsp;merytorycznym<\/strong><br \/>Sprawdzanie pisemnych prac dyplomowych z&nbsp;wykorzystaniem Jednolitego Systemu<br \/>Antyplagiatowego prowadzone jest bezpo\u015brednio przez promotora pracy. Raport b\u0119dzie<br \/>dostarczony do dziekanatu w&nbsp;ci\u0105gu dw\u00f3ch dni roboczych po wygenerowaniu.<\/p>\n<p><strong>Ocena zgodno\u015bci pracy dyplomowej z&nbsp;kierunkiem studi\u00f3w z&nbsp;uwzgl\u0119dnieniem<\/strong><br \/><strong>specjalno\u015bci<\/strong><\/p>\n<p>1. Temat pracy dyplomowej powinien by\u0107 zgodny z&nbsp;kierunkiem studi\u00f3w i<br \/>specjalno\u015bci\u0105.<br \/>2. Temat pracy dyplomowej proponuje przysz\u0142y promotor, weryfikuje kierownik<br \/>jednostki dyplomuj\u0105cej, akceptuje Rada Programowa danego kierunku studi\u00f3w,<br \/>zatwierdza prodziekan.<br \/>3. Kierownik jednostki akceptuj\u0105c temat powinien uwzgl\u0119dni\u0107 dorobek naukowy<br \/>jednostki i&nbsp;zatrudnionych w&nbsp;niej nauczycieli akademickich, a&nbsp;w szczeg\u00f3lno\u015bci<br \/>dorobek naukowy promotora.<br \/>4. Temat pracy dyplomowej mo\u017ce zg\u0142osi\u0107 nauczyciel akademicki, zatrudniony w<br \/>Uczelni i&nbsp;posiadaj\u0105cy tytu\u0142 lub stopie\u0144 naukowy doktora lub doktora<br \/>habilitowanego. W&nbsp;wyj\u0105tkowych sytuacjach kolegium wydzia\u0142u na wniosek<br \/>dziekana mo\u017ce upowa\u017cni\u0107 do kierowania prac\u0105 dyplomow\u0105 specjalist\u0119 spoza<br \/>Uczelni (posiadaj\u0105cego stopie\u0144 naukowy doktora).<br \/>5. Tematy prac dyplomowych zg\u0142aszane s\u0105 przez kierownika jednostki do<br \/>dziekanatu w&nbsp;terminie do 28 lutego (w przypadku studi\u00f3w ko\u0144cz\u0105cych si\u0119 w<br \/>semestrze zimowym nast\u0119pnego roku kalendarzowego) lub do 30 kwietnia (w<br \/>przypadku studi\u00f3w ko\u0144cz\u0105cych si\u0119 w&nbsp;semestrze letnim nast\u0119pnego roku<br \/>kalendarzowego).<\/p>\n<p><strong>Ocena formalna uzasadnienia opinii promotora i&nbsp;recenzji pracy dyplomowej<\/strong><\/p>\n<p><strong>Ocena terminowo\u015bci sk\u0142adania prac dyplomowych<\/strong><\/p>\n<p>1. Praca dyplomowa jest sk\u0142adana do dziekanatu po akceptacji promotora<br \/>po\u015bwiadczonej podpisem na stronie tytu\u0142owej.<br \/>2. Student zobowi\u0105zany jest z\u0142o\u017cy\u0107 prac\u0119 dyplomow\u0105 do 15 stycznia \u2013 na studiach<br \/>ko\u0144cz\u0105cych si\u0119 w&nbsp;semestrze zimowym i&nbsp;do 15 czerwca \u2013 na studiach ko\u0144cz\u0105cych<br \/>si\u0119 w&nbsp;semestrze letnim.<br \/>3. Dziekan na uzasadniony wniosek studenta mo\u017ce ustali\u0107 indywidualny termin<br \/>egzaminu dyplomowego dla studenta, kt\u00f3ry z\u0142o\u017cy\u0142 prac\u0119 przed up\u0142ywem terminu<br \/>okre\u015blonego Regulaminem Studi\u00f3w lub te\u017c mo\u017ce przesun\u0105\u0107 termin z\u0142o\u017cenia<br \/>pracy zgodnie z&nbsp;Regulaminem Studi\u00f3w.<\/p>\n<p>Pe\u0142na Instrukcja Procesu Dyplomowania i&nbsp;Jako\u015bci Prac Dyplomowych znajduje si\u0119 na<br \/>stronie Wydzia\u0142u w&nbsp;zak\u0142adce Jako\u015b\u0107 Kszta\u0142cenia \u2013 Instrukcje.<\/p>\n                                        <\/div>\n\t\t\t\t\t\t                                <\/div>\n\t\t\t\t                <div class=\"mn-content-block\">\n\t                                <\/div>\n\t\t\t\t                <div class=\"mn-content-block\">\n\t                                <\/div>\n\t\t\t\t                <div class=\"mn-content-block\">\n\t                                <\/div>\n\t\t\t\t                <div class=\"mn-content-block\">\n\t                                <\/div>\n\t\t\t\t                <div class=\"mn-content-block\">\n\t                                <\/div>\n\t\t\t\t                <div class=\"mn-content-block\">\n\t                                <\/div>\n\t\t\t\t                <div class=\"mn-content-block\">\n\t                                <\/div>\n\t\t\t\t                <div class=\"mn-content-block\">\n\t                                <\/div>\n\t\t\t\t                <div class=\"mn-content-block\">\n\t                                <\/div>\n\t\t\t\t                <div class=\"mn-content-block\">\n\t                                <\/div>\n\t\t\t\t                <div class=\"mn-content-block\">\n\t                                <\/div>\n\t\t\t\t                <div class=\"mn-content-block\">\n\t                                <\/div>\n\t\t\t\t                <div class=\"mn-content-block\">\n\t                                <\/div>\n\t\t\t\t                <div class=\"mn-content-block\">\n\t                                <\/div>\n\t\t\t\t                <div class=\"mn-content-block\">\n\t                                <\/div>\n\t\t\t\t                <div class=\"mn-content-block\">\n\t                                <\/div>\n\t\t\t\t                <div class=\"mn-content-block\">\n\t                                <\/div>\n\t\t\t\t                <div class=\"mn-content-block\">\n\t                                <\/div>\n\t\t\t\t                <div class=\"mn-content-block\">\n\t                                <\/div>\n\t\t\t\t\t\t<\/div>\n\t<\/div>\n<\/section>\n\t\t<\/div>\n\t\t\t\t<\/div>\n\t\t\t\t\t\t<\/div>\n\t\t\t\t\t<\/div>\n\t\t<\/div>\n\t\t\t\t\t\t\t\t<\/div>\n\t\t\t\t\t<\/div>\n\t\t<\/section>\n\t\t\t\t\t\t<\/div>\n\t\t\t\t\t\t<\/div>\n\t\t\t\t\t<\/div>\n\t\t","protected":false},"excerpt":{"rendered":"<p>\u2190 powr\u00f3t PROCES DYPLOMOWANIA NA WYDZIALE BIOLOGII \u015aRODOWISKOWEJ Praca dyplomowa powinna by\u0107 wykonana pod wzgl\u0119dem merytorycznym i&nbsp;formalnym zgodnym z&nbsp;wytycznymi dotycz\u0105cymi prac dyplomowych kierunk\u00f3w studi\u00f3w realizowanych na Wydziale Biologii \u015arodowiskowej UP w&nbsp;Lublinie. Wytyczne do pisania prac dyplomowych ustala Rada Programowa kierunku i&nbsp;zatwierdza dziekan. S\u0105 one udost\u0119pnione na stronie internetowej Wydzia\u0142u.\u00a0 Instrukcja procesu dyplomowania &#8211; studia I&nbsp;i [&hellip;]<\/p>\n","protected":false},"author":2,"featured_media":0,"parent":178039,"menu_order":0,"comment_status":"closed","ping_status":"closed","template":"elementor_header_footer","meta":{"_monsterinsights_skip_tracking":false,"_monsterinsights_sitenote_active":false,"_monsterinsights_sitenote_note":"","_monsterinsights_sitenote_category":0},"_links":{"self":[{"href":"https:\/\/up.lublin.pl\/srodowiskowa\/wp-json\/wp\/v2\/pages\/458"}],"collection":[{"href":"https:\/\/up.lublin.pl\/srodowiskowa\/wp-json\/wp\/v2\/pages"}],"about":[{"href":"https:\/\/up.lublin.pl\/srodowiskowa\/wp-json\/wp\/v2\/types\/page"}],"author":[{"embeddable":true,"href":"https:\/\/up.lublin.pl\/srodowiskowa\/wp-json\/wp\/v2\/users\/2"}],"replies":[{"embeddable":true,"href":"https:\/\/up.lublin.pl\/srodowiskowa\/wp-json\/wp\/v2\/comments?post=458"}],"version-history":[{"count":46,"href":"https:\/\/up.lublin.pl\/srodowiskowa\/wp-json\/wp\/v2\/pages\/458\/revisions"}],"predecessor-version":[{"id":175004,"href":"https:\/\/up.lublin.pl\/srodowiskowa\/wp-json\/wp\/v2\/pages\/458\/revisions\/175004"}],"up":[{"embeddable":true,"href":"https:\/\/up.lublin.pl\/srodowiskowa\/wp-json\/wp\/v2\/pages\/178039"}],"wp:attachment":[{"href":"https:\/\/up.lublin.pl\/srodowiskowa\/wp-json\/wp\/v2\/media?parent=458"}],"curies":[{"name":"wp","href":"https:\/\/api.w.org\/{rel}","templated":true}]}}