{"id":374,"date":"2020-12-17T13:17:54","date_gmt":"2020-12-17T12:17:54","guid":{"rendered":"http:\/\/nowastrona.up.lublin.pl\/srodowiskowa\/?page_id=374"},"modified":"2026-02-18T13:53:48","modified_gmt":"2026-02-18T12:53:48","slug":"ochrona-srodowiska-studia-niestacjonarne-ii-stopnia","status":"publish","type":"page","link":"https:\/\/up.lublin.pl\/srodowiskowa\/ksztalcenie\/ochrona-srodowiska-studia-niestacjonarne-ii-stopnia\/","title":{"rendered":"Ochrona \u015brodowiska studia niestacjonarne II stopnia"},"content":{"rendered":"\t\t<div data-elementor-type=\"wp-page\" data-elementor-id=\"374\" class=\"elementor elementor-374\" data-elementor-settings=\"[]\">\n\t\t\t\t\t\t<div class=\"elementor-inner\">\n\t\t\t\t\t\t\t<div class=\"elementor-section-wrap\">\n\t\t\t\t\t\t\t<section class=\"elementor-section elementor-top-section elementor-element elementor-element-193f8909 elementor-section-boxed elementor-section-height-default elementor-section-height-default\" data-id=\"193f8909\" data-element_type=\"section\">\n\t\t\t\t\t\t<div class=\"elementor-container elementor-column-gap-default\">\n\t\t\t\t\t\t\t<div class=\"elementor-row\">\n\t\t\t\t\t<div class=\"elementor-column elementor-col-100 elementor-top-column elementor-element elementor-element-723dc3a0\" data-id=\"723dc3a0\" data-element_type=\"column\">\n\t\t\t<div class=\"elementor-column-wrap elementor-element-populated\">\n\t\t\t\t\t\t\t<div class=\"elementor-widget-wrap\">\n\t\t\t\t\t\t<div class=\"elementor-element elementor-element-3303295c elementor-widget elementor-widget-m5c\" data-id=\"3303295c\" data-element_type=\"widget\" data-widget_type=\"m5c.default\">\n\t\t\t\t<div class=\"elementor-widget-container\">\n\t\t\t<section class=\"mn-m5-c mn-m5-d2 mn-bg-white\">\n\t<div class=\"mn-grid\">\n\t\t\t\t<div class=\"mn-content mn-grid-9\">\n\t\t\t                <div class=\"mn-content-block active\">\n\t                                                        <div class=\"block-text\">\n\t                                        <h5><a href=\"https:\/\/up.lublin.pl\/srodowiskowa\/ksztalcenie\/\">\u2190 powr\u00f3t<\/a><\/h5>\n                                        <\/div>\n\t\t\t\t\t\t                                                        <div class=\"block-text\">\n\t                                        <h3 style=\"text-align: center;\">Ochrona \u015brodowiska,<br \/>studia niestacjonarne II stopnia<\/h3>\n                                        <\/div>\n\t\t\t\t\t\t                                                        <div class=\"block-text\">\n\t                                        <p><strong>SEMESTR I<\/strong><\/p>\n<p><a href=\"https:\/\/www.up.lublin.pl\/files\/srodowiskowa\/opisy modulow\/OCHRONA SRODOWISKA st. niestac. II stopnia\/os_ns2_001_produktywnosc_i_eksploatacja_biocenoz.pdf\">Produktywno\u015b\u0107 i&nbsp;eksploatacja biocenoz <\/a><br \/><a href=\"https:\/\/www.up.lublin.pl\/files\/srodowiskowa\/opisy modulow\/OCHRONA SRODOWISKA st. niestac. II stopnia\/biobezpiecze+^astwo_ns.pdf\">Biobezpiecze\u0144stwo <\/a><br \/><a href=\"https:\/\/www.up.lublin.pl\/files\/srodowiskowa\/opisy modulow\/OCHRONA SRODOWISKA st. niestac. II stopnia\/os_ns2_statystyka_i_modelowanie_+trodowiska_st._niestacjonarne.pdf\">Statystyka i&nbsp;modelowanie \u015brodowiska<\/a><br \/><a href=\"https:\/\/www.up.lublin.pl\/files\/srodowiskowa\/opisy modulow\/OCHRONA SRODOWISKA st. niestac. II stopnia\/os_ns2_010_projektowanie_obszarow_chronionych.pdf\">Projektowanie obszar\u00f3w chronionych<\/a><br \/><a href=\"https:\/\/www.up.lublin.pl\/files\/srodowiskowa\/opisy modulow\/OCHRONA SRODOWISKA st. niestac. II stopnia\/bioanalityka_nstac_opisu_modulu_ksztalcenia.pdf\">Bioanalityka <\/a><br \/><a href=\"https:\/\/www.up.lublin.pl\/files\/srodowiskowa\/opisy modulow\/OCHRONA SRODOWISKA st. niestac. II stopnia\/os_ns2_009_zarzadzanie_zasobami_wod.pdf\">Zarz\u0105dzanie zasobami w\u00f3d \/Water resources menagment<\/a><br \/><a href=\"https:\/\/www.up.lublin.pl\/files\/srodowiskowa\/opisy modulow\/OCHRONA SRODOWISKA st. niestac. II stopnia\/os_ns2_06_sodowisko_a_jako+t|c_+-ywno+tci.pdf\">Przedmiot do wyboru 1 &#8211; \u015arodowisko a&nbsp;jako\u015b\u0107 \u017cywno\u015bci<\/a><br \/><a href=\"https:\/\/www.up.lublin.pl\/files\/srodowiskowa\/opisy modulow\/OCHRONA SRODOWISKA st. niestac. II stopnia\/os_ns2_007_normalizacja_i_certyfikacja.pdf\">Przedmiot do wyboru 1 &#8211; Normalizacja i&nbsp;certyfikacja<\/a><\/p>\n<p><strong>SEMESTR II<\/strong><\/p>\n<p><a href=\"https:\/\/www.up.lublin.pl\/files\/srodowiskowa\/opisy modulow\/OCHRONA SRODOWISKA st. niestac. II stopnia\/os_ns2_8_ekotoksykologia.pdf\">Ekotoksykologia<\/a><br \/><a href=\"https:\/\/www.up.lublin.pl\/files\/srodowiskowa\/opisy modulow\/OCHRONA SRODOWISKA st. niestac. II stopnia\/roslinnorodno+siedlisk_i_ekosystem+-w-n.pdf\">R\u00f3\u017cnorodno\u015b\u0107 siedlisk i&nbsp;ekosystem\u00f3w <\/a><br \/><a href=\"https:\/\/www.up.lublin.pl\/files\/srodowiskowa\/opisy modulow\/OCHRONA SRODOWISKA st. niestac. II stopnia\/os_ns2_018_in+-ynieria_+trodowiska.pdf\">In\u017cynieria \u015brodowiskowa<\/a><br \/><a href=\"https:\/\/www.up.lublin.pl\/files\/srodowiskowa\/opisy modulow\/OCHRONA SRODOWISKA st. niestac. II stopnia\/os_ns2_011_produkcja_zwierzeca_na_obszarach_chronionych.pdf\">Przedmiot do wyboru 2 &#8211; Produkcja zwierz\u0119ca na obszarach chronionych<\/a><br \/><a href=\"https:\/\/www.up.lublin.pl\/files\/srodowiskowa\/opisy modulow\/OCHRONA SRODOWISKA st. niestac. II stopnia\/os_ns2_012_rodzime_populacje_zwierz|ut.pdf\">Przedmiot do wyboru 2 &#8211; Rodzime populacje zwierz\u0105t a&nbsp;\u015brodowisko<\/a><br \/>Przedmiot do wyboru 3 &#8211; Audyt \u015brodowiskowy<br \/><a href=\"https:\/\/www.up.lublin.pl\/files\/srodowiskowa\/opisy modulow\/OCHRONA SRODOWISKA st. niestac. II stopnia\/waloryzacja_r_nst.pdf\">Przedmiot do wyboru 3 &#8211; Waloryzacja \u015brodowiska<\/a><br \/><a href=\"https:\/\/www.up.lublin.pl\/files\/srodowiskowa\/opisy modulow\/OCHRONA SRODOWISKA st. niestac. II stopnia\/os_ns2_023_gatunki__inwazyjne__i__obce.pdf\">Gatunki inwazyjne i&nbsp;obce<\/a><br \/><a href=\"https:\/\/www.up.lublin.pl\/files\/srodowiskowa\/opisy modulow\/OCHRONA SRODOWISKA st. niestac. II stopnia\/os_ns2_028_savoir_vivre.pdf\">Przedmiot humanistyczny 1 &#8211; Savoir-vivre<\/a><br \/><a href=\"https:\/\/www.up.lublin.pl\/files\/srodowiskowa\/opisy modulow\/OCHRONA SRODOWISKA st. niestac. II stopnia\/bioetyka-os-ii-.pdf\">Przedmiot humanistyczny 1 &#8211; Bioetyka<\/a><\/p>\n<p><strong>SEMESTR III<\/strong><\/p>\n<p>Rybactwo a&nbsp;ochrona w\u00f3d <br \/>Zarz\u0105dzanie zasobami torfowisk<br \/>Zarz\u0105dzanie obszarami Natura 2000 <br \/>Ekologia i&nbsp;ochrona w\u00f3d p\u0142yn\u0105cych <br \/>Seminarium dyplomowe 1 <br \/>Przedmiot do wyboru 4 &#8211; Ekologia pszczo\u0142owatych<br \/>Przedmiot do wyboru 4 &#8211; Pszczo\u0142owate w&nbsp;agrocenozach<br \/>Przedmiot humanistyczny 2 &#8211; Coaching<br \/>Przedmiot humanistyczny 2 &#8211; Komunikacja medialna<br \/>J\u0119zyk obcy-specjalistyczny &#8211; angielski<br \/>J\u0119zyk obcy-specjalistyczny &#8211; francuski<br \/>J\u0119zyk obcy-specjalistyczny &#8211; niemiecki<br \/>J\u0119zyk obcy-specjalistyczny &#8211; rosyjski<\/p>\n                                        <\/div>\n\t\t\t\t\t\t                                <\/div>\n\t\t\t\t                <div class=\"mn-content-block\">\n\t                                <\/div>\n\t\t\t\t                <div class=\"mn-content-block\">\n\t                                <\/div>\n\t\t\t\t                <div class=\"mn-content-block\">\n\t                                <\/div>\n\t\t\t\t                <div class=\"mn-content-block\">\n\t                                <\/div>\n\t\t\t\t                <div class=\"mn-content-block\">\n\t                                <\/div>\n\t\t\t\t                <div class=\"mn-content-block\">\n\t                                <\/div>\n\t\t\t\t                <div class=\"mn-content-block\">\n\t                                <\/div>\n\t\t\t\t                <div class=\"mn-content-block\">\n\t                                <\/div>\n\t\t\t\t                <div class=\"mn-content-block\">\n\t                                <\/div>\n\t\t\t\t                <div class=\"mn-content-block\">\n\t                                <\/div>\n\t\t\t\t                <div class=\"mn-content-block\">\n\t                                <\/div>\n\t\t\t\t                <div class=\"mn-content-block\">\n\t                                <\/div>\n\t\t\t\t                <div class=\"mn-content-block\">\n\t                                <\/div>\n\t\t\t\t                <div class=\"mn-content-block\">\n\t                                <\/div>\n\t\t\t\t                <div class=\"mn-content-block\">\n\t                                <\/div>\n\t\t\t\t                <div class=\"mn-content-block\">\n\t                                <\/div>\n\t\t\t\t                <div class=\"mn-content-block\">\n\t                                <\/div>\n\t\t\t\t                <div class=\"mn-content-block\">\n\t                                <\/div>\n\t\t\t\t                <div class=\"mn-content-block\">\n\t                                <\/div>\n\t\t\t\t\t\t<\/div>\n\t<\/div>\n<\/section>\n\t\t<\/div>\n\t\t\t\t<\/div>\n\t\t\t\t\t\t<\/div>\n\t\t\t\t\t<\/div>\n\t\t<\/div>\n\t\t\t\t\t\t\t\t<\/div>\n\t\t\t\t\t<\/div>\n\t\t<\/section>\n\t\t\t\t\t\t<\/div>\n\t\t\t\t\t\t<\/div>\n\t\t\t\t\t<\/div>\n\t\t","protected":false},"excerpt":{"rendered":"<p>\u2190 powr\u00f3t Ochrona \u015brodowiska,studia niestacjonarne II stopnia SEMESTR I Produktywno\u015b\u0107 i&nbsp;eksploatacja biocenoz Biobezpiecze\u0144stwo Statystyka i&nbsp;modelowanie \u015brodowiskaProjektowanie obszar\u00f3w chronionychBioanalityka Zarz\u0105dzanie zasobami w\u00f3d \/Water resources menagmentPrzedmiot do wyboru 1 &#8211; \u015arodowisko a&nbsp;jako\u015b\u0107 \u017cywno\u015bciPrzedmiot do wyboru 1 &#8211; Normalizacja i&nbsp;certyfikacja SEMESTR II EkotoksykologiaR\u00f3\u017cnorodno\u015b\u0107 siedlisk i&nbsp;ekosystem\u00f3w In\u017cynieria \u015brodowiskowaPrzedmiot do wyboru 2 &#8211; Produkcja zwierz\u0119ca na obszarach chronionychPrzedmiot do wyboru [&hellip;]<\/p>\n","protected":false},"author":2,"featured_media":0,"parent":178039,"menu_order":0,"comment_status":"closed","ping_status":"closed","template":"elementor_header_footer","meta":{"_monsterinsights_skip_tracking":false,"_monsterinsights_sitenote_active":false,"_monsterinsights_sitenote_note":"","_monsterinsights_sitenote_category":0},"_links":{"self":[{"href":"https:\/\/up.lublin.pl\/srodowiskowa\/wp-json\/wp\/v2\/pages\/374"}],"collection":[{"href":"https:\/\/up.lublin.pl\/srodowiskowa\/wp-json\/wp\/v2\/pages"}],"about":[{"href":"https:\/\/up.lublin.pl\/srodowiskowa\/wp-json\/wp\/v2\/types\/page"}],"author":[{"embeddable":true,"href":"https:\/\/up.lublin.pl\/srodowiskowa\/wp-json\/wp\/v2\/users\/2"}],"replies":[{"embeddable":true,"href":"https:\/\/up.lublin.pl\/srodowiskowa\/wp-json\/wp\/v2\/comments?post=374"}],"version-history":[{"count":10,"href":"https:\/\/up.lublin.pl\/srodowiskowa\/wp-json\/wp\/v2\/pages\/374\/revisions"}],"predecessor-version":[{"id":140705,"href":"https:\/\/up.lublin.pl\/srodowiskowa\/wp-json\/wp\/v2\/pages\/374\/revisions\/140705"}],"up":[{"embeddable":true,"href":"https:\/\/up.lublin.pl\/srodowiskowa\/wp-json\/wp\/v2\/pages\/178039"}],"wp:attachment":[{"href":"https:\/\/up.lublin.pl\/srodowiskowa\/wp-json\/wp\/v2\/media?parent=374"}],"curies":[{"name":"wp","href":"https:\/\/api.w.org\/{rel}","templated":true}]}}