{"id":373,"date":"2020-12-17T13:17:34","date_gmt":"2020-12-17T12:17:34","guid":{"rendered":"http:\/\/nowastrona.up.lublin.pl\/srodowiskowa\/?page_id=373"},"modified":"2026-02-18T13:53:25","modified_gmt":"2026-02-18T12:53:25","slug":"ochrona-srodowiska-studia-niestacjonarne-i-stopnia","status":"publish","type":"page","link":"https:\/\/up.lublin.pl\/srodowiskowa\/ksztalcenie\/ochrona-srodowiska-studia-niestacjonarne-i-stopnia\/","title":{"rendered":"Ochrona \u015brodowiska studia niestacjonarne I stopnia"},"content":{"rendered":"\t\t<div data-elementor-type=\"wp-page\" data-elementor-id=\"373\" class=\"elementor elementor-373\" data-elementor-settings=\"[]\">\n\t\t\t\t\t\t<div class=\"elementor-inner\">\n\t\t\t\t\t\t\t<div class=\"elementor-section-wrap\">\n\t\t\t\t\t\t\t<section class=\"elementor-section elementor-top-section elementor-element elementor-element-283b29b4 elementor-section-boxed elementor-section-height-default elementor-section-height-default\" data-id=\"283b29b4\" data-element_type=\"section\">\n\t\t\t\t\t\t<div class=\"elementor-container elementor-column-gap-default\">\n\t\t\t\t\t\t\t<div class=\"elementor-row\">\n\t\t\t\t\t<div class=\"elementor-column elementor-col-100 elementor-top-column elementor-element elementor-element-32d5f874\" data-id=\"32d5f874\" data-element_type=\"column\">\n\t\t\t<div class=\"elementor-column-wrap elementor-element-populated\">\n\t\t\t\t\t\t\t<div class=\"elementor-widget-wrap\">\n\t\t\t\t\t\t<div class=\"elementor-element elementor-element-1af58892 elementor-widget elementor-widget-m5c\" data-id=\"1af58892\" data-element_type=\"widget\" data-widget_type=\"m5c.default\">\n\t\t\t\t<div class=\"elementor-widget-container\">\n\t\t\t<section class=\"mn-m5-c mn-m5-d2 mn-bg-white\">\n\t<div class=\"mn-grid\">\n\t\t\t\t<div class=\"mn-content mn-grid-9\">\n\t\t\t                <div class=\"mn-content-block active\">\n\t                                                        <div class=\"block-text\">\n\t                                        <h5><a href=\"http:\/\/nowastrona.up.lublin.pl\/srodowiskowa\/ksztalcenie\/\">\u2190 powr\u00f3t<\/a><\/h5>\n                                        <\/div>\n\t\t\t\t\t\t                                                        <div class=\"block-text\">\n\t                                        <h3 style=\"text-align: center;\">Ochrona \u015brodowiska studia niestacjonarne I&nbsp;stopnia<\/h3>\n<p><strong>SEMESTR I<\/strong><\/p>\n<p><a href=\"\/files\/srodowiskowa\/opisy modulow\/OCHRONA SRODOWISKA st. niestsc. I%20stopnia\/os_ns1_001_biologia_zoologia.pdf\">Biologia &#8211; Zoologia <\/a><br \/><a href=\"\/files\/srodowiskowa\/opisy modulow\/OCHRONA SRODOWISKA st. niestsc. I%20stopnia\/os_ns1_009_biologia_botanika.pdf\">Biologia &#8211; Botanika <\/a><br \/><a href=\"\/files\/srodowiskowa\/opisy modulow\/OCHRONA SRODOWISKA st. niestsc. I%20stopnia\/os_ns1_002_chemia__z__elemenetami__inzynierii__procesowej.pdf\">Chemia z&nbsp;elementami inzynierii procesowej <\/a><br \/><a href=\"\/files\/srodowiskowa\/opisy modulow\/OCHRONA SRODOWISKA st. niestsc. I%20stopnia\/os_ns1_032_ekologia_ogolna.pdf\">Ekologia og\u00f3lna <\/a><br \/><a href=\"\/files\/srodowiskowa\/opisy modulow\/OCHRONA SRODOWISKA st. niestsc. I%20stopnia\/os_ns1_017_technologie_informacyjne_w_ochronie_srodowiska.pdf\">Technologie informacyjne w&nbsp;ochr. \u015brod.<\/a><br \/><a href=\"\/files\/srodowiskowa\/opisy modulow\/OCHRONA SRODOWISKA st. niestsc. I%20stopnia\/os_ns1_003_fizyka.pdf\">Fizyka <\/a><br \/><a href=\"\/files\/srodowiskowa\/opisy modulow\/OCHRONA SRODOWISKA st. niestsc. I%20stopnia\/os_ns1_010_propedeutyka_ochrony_srodowiska.pdf\">Propedeutyka ochrony \u015brodowiska <\/a><br \/><a href=\"\/files\/srodowiskowa\/opisy modulow\/OCHRONA SRODOWISKA st. niestsc. I%20stopnia\/os_ns1_011_komunikacja_spoleczna.pdf\">Przedmiot humanistyczny (h) &#8211; BLOK A&nbsp;&#8211; Komunikacja spo\u0142eczna<\/a><br \/><a href=\"\/files\/srodowiskowa\/opisy modulow\/OCHRONA SRODOWISKA st. niestsc. I%20stopnia\/os_ns1_012_nowoczesne_techniki_ksztalcenia.pdf\">Przedmiot humanistyczny (h) &#8211; BLOK A&nbsp;&#8211; Nowoczesne techniki kszta\u0142cenia<\/a><br \/><a href=\"\/files\/srodowiskowa\/opisy modulow\/OCHRONA SRODOWISKA st. niestsc. I%20stopnia\/os_ns1_013_podstawy_public_relations.pdf\">Przedmiot humanistyczny (h) &#8211; BLOK B&nbsp;&#8211; Podstawy public relations<\/a><br \/><a href=\"\/files\/srodowiskowa\/opisy modulow\/OCHRONA SRODOWISKA st. niestsc. I%20stopnia\/os_ns1_014_komunikacja_interpersonalna.pdf\">Przedmiot humanistyczny (h) &#8211; BLOK B&nbsp;&#8211; Komunikacja interpersonalna<\/a><br \/>J\u0119zyk obcy 1 &#8211; angielski<br \/>J\u0119zyk obcy 1 &#8211; francuski<br \/>J\u0119zyk obcy 1 &#8211; niemiecki<br \/>J\u0119zyk obcy 1 &#8211; rosyjski<\/p>\n<p><strong>SEMESTR II<\/strong><\/p>\n<p><a href=\"\/files\/srodowiskowa\/opisy modulow\/OCHRONA SRODOWISKA st. niestsc. I%20stopnia\/os_ns1_019_podstawy_analityki_w_ochronie_srodowiska.pdf\">Podstawy analityki w&nbsp;ochronie \u015brodowiska<\/a><br \/><a href=\"\/files\/srodowiskowa\/opisy modulow\/OCHRONA SRODOWISKA st. niestsc. I%20stopnia\/os_ns1_021_matematyka.pdf\">Matematyka <\/a><br \/><a href=\"\/files\/srodowiskowa\/opisy modulow\/OCHRONA SRODOWISKA st. niestsc. I%20stopnia\/os_ns1_027_bhp__i_ergonomia.pdf\">BHP i&nbsp;Ergonomia<\/a><br \/><a href=\"\/files\/srodowiskowa\/opisy modulow\/OCHRONA SRODOWISKA st. niestsc. I%20stopnia\/os_ns1_023_ochrona_przyrody.pdf\">Ochrona przyrody<\/a><br \/><a href=\"\/files\/srodowiskowa\/opisy modulow\/OCHRONA SRODOWISKA st. niestsc. I%20stopnia\/os_ns1_025_hydrologia.pdf\">Hydrologia <\/a><br \/><a href=\"\/files\/srodowiskowa\/opisy modulow\/OCHRONA SRODOWISKA st. niestsc. I%20stopnia\/os_ns1_020_mikrobiologia.pdf\">Mikrobiologia <\/a><br \/>J\u0119zyk obcy 2 &#8211; angielski<br \/>J\u0119zyk obcy 2 &#8211; francuski<br \/>J\u0119zyk obcy 2 &#8211; niemiecki<br \/>J\u0119zyk obcy 2 &#8211; rosyjski<br \/><a href=\"\/files\/srodowiskowa\/opisy modulow\/OCHRONA SRODOWISKA st. niestsc. I%20stopnia\/os_ns1_046_bioindykacja.pdf\">Przedmiot do wyboru 1 &#8211; Bioindykacja<\/a><br \/><a href=\"\/files\/srodowiskowa\/opisy modulow\/OCHRONA SRODOWISKA st. niestsc. I%20stopnia\/os_ns1_047_monitoring_populacj.pdf\">Przedmiot do wyboru 1 &#8211; Monitoring populacji<\/a><br \/><a href=\"\/files\/srodowiskowa\/opisy modulow\/OCHRONA SRODOWISKA st. niestsc. I%20stopnia\/os_ns1_015_etyka_ekologiczna.pdf\">Przedmiot humanistyczny (h) &#8211; BLOK C&nbsp;&#8211; Etyka ekologiczna<\/a><br \/><a href=\"\/files\/srodowiskowa\/opisy modulow\/OCHRONA SRODOWISKA st. niestsc. I%20stopnia\/os_ns1_016_estetyka_srodowiska.pdf\">Przedmiot humanistyczny (h) &#8211; BLOK C&nbsp;&#8211; Estetyka \u015brodowiska<\/a><\/p>\n<p><strong>SEMESTR III<\/strong><\/p>\n<p>Monitoring \u015brodowiska\/Methods of field studies <br \/>Meteorologia i&nbsp;klimatologia <br \/>Genetyka \u015brodowiskowa <br \/>Biochemia <br \/>J\u0119zyk obcy 3 &#8211; angielski<br \/>J\u0119zyk obcy 3 &#8211; francuski<br \/>J\u0119zyk obcy 3 &#8211; niemeicki<br \/>J\u0119zyk obcy 3 &#8211; rosyjski<br \/>Higiena \u015brodowiska<\/p>\n<p><strong>SEMESTR IV<\/strong><\/p>\n<p>Le\u015bnictwo i&nbsp;\u0142owiectwo <br \/>Hydrobiologia <br \/>Geologia, geomorfologia i&nbsp;gleboznawstwo <br \/>Technologie bioenergetyczne<br \/>Grafika in\u017cynierska <br \/>J\u0119zyk obcy 4 &#8211; angielski<br \/>J\u0119zyk obcy 4 &#8211; francuski<br \/>J\u0119zyk obcy 4 &#8211; niemiecki <br \/>J\u0119zyk obcy 4 &#8211; rosyjski<br \/>Przedmiot do wyboru 2 &#8211; Chemizacja \u015brodowiska<br \/>Przedmiot do wyboru 2 &#8211; Metale ci\u0119\u017ckie w&nbsp;\u015brodowisku<\/p>\n<p><strong>SEMESTR V<\/strong><\/p>\n<p>Siedliskoznawstwo<br \/>Zr\u00f3wnowa\u017cony rozw\u00f3j <br \/>Techniki ochrony i&nbsp;odnowy ekosystem\u00f3w l\u0105dowych <br \/>Podstawy toksykologii <br \/>Ocena oddzia\u0142ywania inwestycji na \u015brodowisko <br \/>Podstawy technologii ochrony \u015brodowiska <br \/>Ochrona powietrza <br \/>Przedmiot do wyboru 3 &#8211; Biologia molekularna<br \/>Przedmiot do wyboru 3 &#8211; Mutageneza \u015brodowiskowa<\/p>\n<p><strong>SEMESTR VI<\/strong><\/p>\n<p>Funkocjonowanie obszar\u00f3w Natura 2000<br \/>Ekonomika ochrony \u015brodowiska <br \/>Przedmiot do wyboru 4 &#8211; R\u00f3\u017cnorodno\u015b\u0107 biologiczna<br \/>Przedmiot do wyboru 4 &#8211; Ekologia krajobrazu<br \/>Przedmiot do wyboru 5 &#8211; Proekologiczne technologie produkcji<br \/>Przedmiot do wyboru 5 &#8211; Rolnicze zanieczyszczenia \u015brodowiska<br \/>Przedmiot do wyboru 6 &#8211; Ekologia ma\u0142ych zbiornik\u00f3w wodnych<br \/>Przedmiot do wyboru 6 &#8211; Rekreacyjne u\u017cytkowanie w\u00f3d<br \/>Przedmiot do wyboru 7 &#8211; Ornitologia<br \/>Przedmiot do wyboru 7 &#8211; Ekologia kr\u0119gowc\u00f3w<br \/>Przedmiot do wyboru 8 &#8211; Biologia sanitarna<br \/>Przedmiot do wyboru 8 &#8211; Technologie utylizacji \u015bciek\u00f3w i&nbsp;odpad\u00f3w<br \/>Przedmiot do wyboru 9 &#8211; Us\u0142ugi ekosystemowe<br \/>Przedmiot do wyboru 9 &#8211; Standardy i&nbsp;wska\u017aniki jako\u015bci \u015brodowiska<br \/>Praktyka zawodowa &#8211; 4 tygodnie<\/p>\n<p><strong>SEMESTR VII<\/strong><\/p>\n<p>Techniki ochrony i&nbsp;odnowy ekosystem\u00f3w wodnych <br \/>Antropogeniczne zanieczyszczenia \u015brodowiska <br \/>Ochrona w\u0142asno\u015bci intelektualnej (h) <br \/>Teledetekcja i&nbsp;GIS <br \/>Techniki komputerowe w&nbsp;ochronie \u015brodowiska <br \/>Seminarium dyplomowe 1 (w tym 2 godz. metodyki wyszukiwania informacji naukowych)<br \/>Przedmiot do wyboru 10 &#8211; Biocenozy techniczne<br \/>Przedmiot do wyboru 10 &#8211; Ekologia mikroorganizm\u00f3w wodnych<br \/>Przedmiot do wyboru 11 &#8211; Zarz\u0105dzanie zasobami \u015brodowiska<br \/>Przedmiot do wyboru 11 &#8211; Programy rolno &#8211; \u015brodowiskowe i&nbsp;doradztwo ekologiczne<\/p>\n<p><strong>SEMESTR VIII<\/strong><\/p>\n<p>\u015arodowiskowe skutki zmian klimatu<br \/>Ochrona zasob\u00f3w genetycznych <br \/>Seminarium dyplomowe 2 <br \/>Prawo w&nbsp;ochronie \u015brodowiska <br \/>Przedmiot do wyboru 12 &#8211; Studia ekologiczno \u2013 krajobrazowe<br \/>Przedmiot do wyboru 12 &#8211; Studia architektoniczno &#8211; krajobrazowe<br \/>Przedmiot do wyboru 13 &#8211; Ekologiczna produkcja \u017cywno\u015bci<br \/>Przedmiot do wyboru 13 &#8211; Analiza instrumentalna<br \/>Projekt in\u017cynierski i&nbsp;egz. dyplomowy<\/p>\n                                        <\/div>\n\t\t\t\t\t\t                                <\/div>\n\t\t\t\t                <div class=\"mn-content-block\">\n\t                                <\/div>\n\t\t\t\t                <div class=\"mn-content-block\">\n\t                                <\/div>\n\t\t\t\t                <div class=\"mn-content-block\">\n\t                                <\/div>\n\t\t\t\t                <div class=\"mn-content-block\">\n\t                                <\/div>\n\t\t\t\t                <div class=\"mn-content-block\">\n\t                                <\/div>\n\t\t\t\t                <div class=\"mn-content-block\">\n\t                                <\/div>\n\t\t\t\t                <div class=\"mn-content-block\">\n\t                                <\/div>\n\t\t\t\t                <div class=\"mn-content-block\">\n\t                                <\/div>\n\t\t\t\t                <div class=\"mn-content-block\">\n\t                                <\/div>\n\t\t\t\t                <div class=\"mn-content-block\">\n\t                                <\/div>\n\t\t\t\t                <div class=\"mn-content-block\">\n\t                                <\/div>\n\t\t\t\t                <div class=\"mn-content-block\">\n\t                                <\/div>\n\t\t\t\t                <div class=\"mn-content-block\">\n\t                                <\/div>\n\t\t\t\t                <div class=\"mn-content-block\">\n\t                                <\/div>\n\t\t\t\t                <div class=\"mn-content-block\">\n\t                                <\/div>\n\t\t\t\t                <div class=\"mn-content-block\">\n\t                                <\/div>\n\t\t\t\t                <div class=\"mn-content-block\">\n\t                                <\/div>\n\t\t\t\t                <div class=\"mn-content-block\">\n\t                                <\/div>\n\t\t\t\t                <div class=\"mn-content-block\">\n\t                                <\/div>\n\t\t\t\t\t\t<\/div>\n\t<\/div>\n<\/section>\n\t\t<\/div>\n\t\t\t\t<\/div>\n\t\t\t\t\t\t<\/div>\n\t\t\t\t\t<\/div>\n\t\t<\/div>\n\t\t\t\t\t\t\t\t<\/div>\n\t\t\t\t\t<\/div>\n\t\t<\/section>\n\t\t\t\t\t\t<\/div>\n\t\t\t\t\t\t<\/div>\n\t\t\t\t\t<\/div>\n\t\t","protected":false},"excerpt":{"rendered":"<p>\u2190 powr\u00f3t Ochrona \u015brodowiska studia niestacjonarne I&nbsp;stopnia SEMESTR I Biologia &#8211; Zoologia Biologia &#8211; Botanika Chemia z&nbsp;elementami inzynierii procesowej Ekologia og\u00f3lna Technologie informacyjne w&nbsp;ochr. \u015brod.Fizyka Propedeutyka ochrony \u015brodowiska Przedmiot humanistyczny (h) &#8211; BLOK A&nbsp;&#8211; Komunikacja spo\u0142ecznaPrzedmiot humanistyczny (h) &#8211; BLOK A&nbsp;&#8211; Nowoczesne techniki kszta\u0142ceniaPrzedmiot humanistyczny (h) &#8211; BLOK B&nbsp;&#8211; Podstawy public relationsPrzedmiot humanistyczny (h) &#8211; [&hellip;]<\/p>\n","protected":false},"author":2,"featured_media":0,"parent":178039,"menu_order":0,"comment_status":"closed","ping_status":"closed","template":"elementor_header_footer","meta":{"_monsterinsights_skip_tracking":false,"_monsterinsights_sitenote_active":false,"_monsterinsights_sitenote_note":"","_monsterinsights_sitenote_category":0},"_links":{"self":[{"href":"https:\/\/up.lublin.pl\/srodowiskowa\/wp-json\/wp\/v2\/pages\/373"}],"collection":[{"href":"https:\/\/up.lublin.pl\/srodowiskowa\/wp-json\/wp\/v2\/pages"}],"about":[{"href":"https:\/\/up.lublin.pl\/srodowiskowa\/wp-json\/wp\/v2\/types\/page"}],"author":[{"embeddable":true,"href":"https:\/\/up.lublin.pl\/srodowiskowa\/wp-json\/wp\/v2\/users\/2"}],"replies":[{"embeddable":true,"href":"https:\/\/up.lublin.pl\/srodowiskowa\/wp-json\/wp\/v2\/comments?post=373"}],"version-history":[{"count":25,"href":"https:\/\/up.lublin.pl\/srodowiskowa\/wp-json\/wp\/v2\/pages\/373\/revisions"}],"predecessor-version":[{"id":1596,"href":"https:\/\/up.lublin.pl\/srodowiskowa\/wp-json\/wp\/v2\/pages\/373\/revisions\/1596"}],"up":[{"embeddable":true,"href":"https:\/\/up.lublin.pl\/srodowiskowa\/wp-json\/wp\/v2\/pages\/178039"}],"wp:attachment":[{"href":"https:\/\/up.lublin.pl\/srodowiskowa\/wp-json\/wp\/v2\/media?parent=373"}],"curies":[{"name":"wp","href":"https:\/\/api.w.org\/{rel}","templated":true}]}}