{"id":368,"date":"2020-12-17T13:15:47","date_gmt":"2020-12-17T12:15:47","guid":{"rendered":"http:\/\/nowastrona.up.lublin.pl\/srodowiskowa\/?page_id=368"},"modified":"2026-02-18T13:52:24","modified_gmt":"2026-02-18T12:52:24","slug":"biologia-specjalnosc-biologia-sadowa-studia-niestacjonarne-ii-stopnia","status":"publish","type":"page","link":"https:\/\/up.lublin.pl\/srodowiskowa\/ksztalcenie\/biologia-specjalnosc-biologia-sadowa-studia-niestacjonarne-ii-stopnia\/","title":{"rendered":"Biologia, Specjalno\u015b\u0107: Biologia S\u0105dowa studia niestacjonarne II stopnia"},"content":{"rendered":"\t\t<div data-elementor-type=\"wp-page\" data-elementor-id=\"368\" class=\"elementor elementor-368\" data-elementor-settings=\"[]\">\n\t\t\t\t\t\t<div class=\"elementor-inner\">\n\t\t\t\t\t\t\t<div class=\"elementor-section-wrap\">\n\t\t\t\t\t\t\t<section class=\"elementor-section elementor-top-section elementor-element elementor-element-3501e7d6 elementor-section-boxed elementor-section-height-default elementor-section-height-default\" data-id=\"3501e7d6\" data-element_type=\"section\">\n\t\t\t\t\t\t<div class=\"elementor-container elementor-column-gap-default\">\n\t\t\t\t\t\t\t<div class=\"elementor-row\">\n\t\t\t\t\t<div class=\"elementor-column elementor-col-100 elementor-top-column elementor-element elementor-element-10691a83\" data-id=\"10691a83\" data-element_type=\"column\">\n\t\t\t<div class=\"elementor-column-wrap elementor-element-populated\">\n\t\t\t\t\t\t\t<div class=\"elementor-widget-wrap\">\n\t\t\t\t\t\t<div class=\"elementor-element elementor-element-5155fcd8 elementor-widget elementor-widget-m5c\" data-id=\"5155fcd8\" data-element_type=\"widget\" data-widget_type=\"m5c.default\">\n\t\t\t\t<div class=\"elementor-widget-container\">\n\t\t\t<section class=\"mn-m5-c mn-m5-d2 mn-bg-white\">\n\t<div class=\"mn-grid\">\n\t\t\t\t<div class=\"mn-content mn-grid-9\">\n\t\t\t                <div class=\"mn-content-block active\">\n\t                                                        <div class=\"block-text\">\n\t                                        <h5><a href=\"https:\/\/up.lublin.pl\/srodowiskowa\/ksztalcenie\/\">\u2190 powr\u00f3t<\/a><\/h5>\n                                        <\/div>\n\t\t\t\t\t\t                                                        <div class=\"block-text\">\n\t                                        <h3 style=\"text-align: center;\">Biologia, Specjalno\u015b\u0107: Biologia S\u0105dowa,<br \/>studia niestacjonarne II stopnia<\/h3>\n                                        <\/div>\n\t\t\t\t\t\t                                                        <div class=\"block-text\">\n\t                                        <p><strong>SEMESTR I<\/strong><\/p>\n<p><a href=\"https:\/\/www.up.lublin.pl\/files\/srodowiskowa\/opisy modulow\/BIOLOGIA SADOWA st. niestac. II stopnia\/nowe\/metodologia_nauk_przyrodniczych.pdf\">Metodologia nauk przyrodniczych *\/Metodology of the life sciences *<\/a><br \/><a href=\"https:\/\/www.up.lublin.pl\/files\/srodowiskowa\/opisy modulow\/BIOLOGIA SADOWA st. niestac. II stopnia\/nowe\/bioetyka.pdf\">Bioetyka *<\/a><br \/><a href=\"https:\/\/www.up.lublin.pl\/files\/srodowiskowa\/opisy modulow\/BIOLOGIA SADOWA st. niestac. II stopnia\/nowe\/ekologia_roslin.pdf\">Ekologia ro\u015blin<\/a><br \/><a href=\"https:\/\/www.up.lublin.pl\/files\/srodowiskowa\/opisy modulow\/BIOLOGIA SADOWA st. niestac. II stopnia\/nowe\/genetyka_czlowieka.pdf\">Genetyka cz\u0142owieka<\/a><br \/><a href=\"https:\/\/www.up.lublin.pl\/files\/srodowiskowa\/opisy modulow\/BIOLOGIA SADOWA st. niestac. II stopnia\/nowe\/kryminalistyczne_slady_biologiczne.pdf\">Kryminalistyczne \u015blady biologiczne<\/a><br \/><a href=\"https:\/\/www.up.lublin.pl\/files\/srodowiskowa\/opisy modulow\/BIOLOGIA SADOWA st. niestac. II stopnia\/nowe\/roznorodnosc_i_ewolucja_roslin.pdf\">R\u00f3\u017cnorodno\u015b\u0107 i&nbsp;ewolucja ro\u015blin<\/a><br \/><a href=\"https:\/\/www.up.lublin.pl\/files\/srodowiskowa\/opisy modulow\/BIOLOGIA SADOWA st. niestac. II stopnia\/nowe\/immnohematologia.pdf\">Immunohematologia<\/a><br \/>J\u0119zyk obcy specjalistyczny &#8211; angielski<br \/>J\u0119zyk obcy specjalistyczny &#8211; francuski<br \/>J\u0119zyk obcy specjalistyczny &#8211; niemiecki<br \/>J\u0119zyk obcy specjalistyczny &#8211; rosyjski <br \/><a href=\"https:\/\/www.up.lublin.pl\/files\/srodowiskowa\/opisy modulow\/BIOLOGIA SADOWA st. niestac. II stopnia\/nowe\/archeozoologia.pdf\">Przedmiot do wyboru 1 blok A&nbsp;Archeozoologia<\/a><br \/><a href=\"https:\/\/www.up.lublin.pl\/files\/srodowiskowa\/opisy modulow\/BIOLOGIA SADOWA st. niestac. II stopnia\/nowe\/ochrona_prawna_roslin_i_zwierzat.pdf\">Przedmiot do wyboru 1 blok A&nbsp;Ochrona prawna ro\u015blin i&nbsp;zwierz\u0105t<\/a><br \/>Przedmiot do wyboru 2 blok A&nbsp;Organizmy wodne w&nbsp;diagnostyce s\u0105dowej<br \/><a href=\"https:\/\/www.up.lublin.pl\/files\/srodowiskowa\/opisy modulow\/BIOLOGIA SADOWA st. niestac. II stopnia\/nowe\/analizy_biometryczne.pdf\">Przedmiot do wyboru 2 blok A&nbsp;Analizy biometryczne<\/a><\/p>\n<p><strong>SEMESTR II<\/strong><\/p>\n<p><a href=\"https:\/\/www.up.lublin.pl\/files\/srodowiskowa\/opisy modulow\/BIOLOGIA SADOWA st. niestac. II stopnia\/nowe\/bezkregowce_w_diagnostyce_sadowej.pdf\">Bezkr\u0119gowce w&nbsp;diagnostyce s\u0105dowej<\/a><br \/><a href=\"https:\/\/www.up.lublin.pl\/files\/srodowiskowa\/opisy modulow\/BIOLOGIA SADOWA st. niestac. II stopnia\/nowe\/mikrobiologia_stosowana.pdf\">Mikrobiologia stosowana<\/a><br \/><a href=\"https:\/\/www.up.lublin.pl\/files\/srodowiskowa\/opisy modulow\/BIOLOGIA SADOWA st. niestac. II stopnia\/nowe\/toksykologia_sadowa.pdf\">Toksykologia s\u0105dowa<\/a><br \/><a href=\"https:\/\/www.up.lublin.pl\/files\/srodowiskowa\/opisy modulow\/BIOLOGIA SADOWA st. niestac. II stopnia\/nowe\/technika_kryminalistyczna.pdf\">Technika kryminalistyczna<\/a><br \/>Techniki badawcze w&nbsp;genetyce s\u0105dowej<br \/><a href=\"https:\/\/www.up.lublin.pl\/files\/srodowiskowa\/opisy modulow\/BIOLOGIA SADOWA st. niestac. II stopnia\/nowe\/grzyby_i_rosliny_trujace.pdf\">Grzyby i&nbsp;ro\u015bliny truj\u0105ce<\/a><br \/><a href=\"https:\/\/www.up.lublin.pl\/files\/srodowiskowa\/opisy modulow\/BIOLOGIA SADOWA st. niestac. II stopnia\/nowe\/analiza_plynow_ustrojowych.pdf\">Analiza p\u0142yn\u00f3w ustrojowych<\/a><br \/><a href=\"https:\/\/www.up.lublin.pl\/files\/srodowiskowa\/opisy modulow\/BIOLOGIA SADOWA st. niestac. II stopnia\/nowe\/palinologia_w_kryminalistyce.pdf\">Przedmiot do wyboru blok B&nbsp;Palinologia w&nbsp;kryminalistyce<\/a><br \/><a href=\"https:\/\/www.up.lublin.pl\/files\/srodowiskowa\/opisy modulow\/BIOLOGIA SADOWA st. niestac. II stopnia\/nowe\/chemia_sadowa.pdf\">Przedmiot do wyboru blok B&nbsp;Chemia s\u0105dowa<\/a><br \/><a href=\"https:\/\/www.up.lublin.pl\/files\/srodowiskowa\/opisy modulow\/BIOLOGIA SADOWA st. niestac. II stopnia\/nowe\/mikrorganizmy_w_diagnostyce_sadowej.pdf\">Przedmiot do wyboru blok B&nbsp;Mikroorganizmy w&nbsp;diagnostyce s\u0105dowej<\/a><br \/>Seminarium dyplomowe 1<\/p>\n<p><strong>SEMESTR III<\/strong><\/p>\n<p>Biostatystyka i&nbsp;bionformatyka<br \/><a href=\"https:\/\/www.up.lublin.pl\/files\/srodowiskowa\/opisy modulow\/BIOLOGIA SADOWA st. niestac. II stopnia\/nowe\/podstawy_nauk_medyczno-sadowych.pdf\">Podstawy nauk medyczno-s\u0105dowych<\/a><br \/><a href=\"https:\/\/www.up.lublin.pl\/files\/srodowiskowa\/opisy modulow\/BIOLOGIA SADOWA st. niestac. II stopnia\/nowe\/ekologia_interakcji_miedzygatunkowych.pdf\">Ekologia interakcji mi\u0119dzygatunkowych<\/a><br \/><a href=\"https:\/\/www.up.lublin.pl\/files\/srodowiskowa\/opisy modulow\/BIOLOGIA SADOWA st. niestac. II stopnia\/nowe\/epigenetyka.pdf\">Epigenetyka<\/a><br \/><a href=\"https:\/\/www.up.lublin.pl\/files\/srodowiskowa\/opisy modulow\/BIOLOGIA SADOWA st. niestac. II stopnia\/nowe\/genetyka_sadowa.pdf\">Genetyka s\u0105dowa<\/a><br \/>Przedmiot do wyboru 1 blok C&nbsp;Bezpiecze\u0144stwo \u017cywno\u015bci<br \/><a href=\"https:\/\/www.up.lublin.pl\/files\/srodowiskowa\/opisy modulow\/BIOLOGIA SADOWA st. niestac. II stopnia\/nowe\/genetyczne_podstawy_ludzkich_zachowan.pdf\">Przedmiot do wyboru 1 blok C&nbsp;Genetyczne podstawy ludzkich zachowa\u0144<\/a><br \/>Przedmiot do wyboru 1 blok C&nbsp;Podstawy daktyloskopii i&nbsp;osmologii<br \/><a href=\"https:\/\/www.up.lublin.pl\/files\/srodowiskowa\/opisy modulow\/BIOLOGIA SADOWA st. niestac. II stopnia\/nowe\/oddzialywania_substancji_bioaktywnych_na_organizm.pdf\">Przedmiot do wyboru 2 blok C&nbsp;Oddzia\u0142ywanie substancji bioaktywnych na organizm<\/a><br \/><a href=\"https:\/\/www.up.lublin.pl\/files\/srodowiskowa\/opisy modulow\/BIOLOGIA SADOWA st. niestac. II stopnia\/nowe\/systemy_kontroli_jakosci.pdf\">Przedmiot do wyboru 2 blok C&nbsp;Systemy kontroli jako\u015bci<\/a><br \/>Seminarium dyplomowe 2<\/p>\n<p><strong>SEMESTR IV<\/strong><br \/><a href=\"https:\/\/www.up.lublin.pl\/files\/srodowiskowa\/opisy modulow\/BIOLOGIA SADOWA st. niestac. II stopnia\/nowe\/genetyczne_podstawy_starzenia.pdf\"><br \/>Przedmiot do wyboru 1 blok D&nbsp;Genetyczne podstawy starzenia<\/a><br \/><a href=\"https:\/\/www.up.lublin.pl\/files\/srodowiskowa\/opisy modulow\/BIOLOGIA SADOWA st. niestac. II stopnia\/nowe\/markery_molekularne_roslin_i_zwierzat.pdf\">Przedmiot do wyboru 1 blok D&nbsp;Markery molekularne ro\u015blin i&nbsp;zwierz\u0105t<\/a><br \/><a href=\"https:\/\/www.up.lublin.pl\/files\/srodowiskowa\/opisy modulow\/BIOLOGIA SADOWA st. niestac. II stopnia\/nowe\/bioterroryzm_i_biobezpieczenstwo.pdf\">Przedmiot do wyboru 1 blok D&nbsp;Bioterroryzm i&nbsp;biobezpiecze\u0144stwo<\/a><br \/><a href=\"https:\/\/www.up.lublin.pl\/files\/srodowiskowa\/opisy modulow\/BIOLOGIA SADOWA st. niestac. II stopnia\/nowe\/prawne_aspekty_bieglego_sadowego.pdf\">Przedmiot do wyboru 2 blok D&nbsp;Prawne aspekty pracy bieg\u0142ego s\u0105dowego<\/a><br \/>Przedmiot do wyboru 2 blok D&nbsp;Przest\u0119pczo\u015b\u0107 przeciwko gatunkom prawnie chronionym<br \/><a href=\"https:\/\/www.up.lublin.pl\/files\/srodowiskowa\/opisy modulow\/BIOLOGIA SADOWA st. niestac. II stopnia\/nowe\/transfer_wiedzy_i_technologii_do_praktyki.pdf\">Transfer wiedzy i&nbsp;technologii do praktyki *<\/a><br \/><a href=\"https:\/\/www.up.lublin.pl\/files\/srodowiskowa\/opisy modulow\/BIOLOGIA SADOWA st. niestac. II stopnia\/nowe\/traseologia_zwierzat.pdf\">Traseologia zwierz\u0105t<\/a><br \/>Pracownia specjalizacyjna<br \/>Praca dyplomowa i&nbsp;egzamin dyplomowy<\/p>\n                                        <\/div>\n\t\t\t\t\t\t                                <\/div>\n\t\t\t\t                <div class=\"mn-content-block\">\n\t                                <\/div>\n\t\t\t\t                <div class=\"mn-content-block\">\n\t                                <\/div>\n\t\t\t\t                <div class=\"mn-content-block\">\n\t                                <\/div>\n\t\t\t\t                <div class=\"mn-content-block\">\n\t                                <\/div>\n\t\t\t\t                <div class=\"mn-content-block\">\n\t                                <\/div>\n\t\t\t\t                <div class=\"mn-content-block\">\n\t                                <\/div>\n\t\t\t\t                <div class=\"mn-content-block\">\n\t                                <\/div>\n\t\t\t\t                <div class=\"mn-content-block\">\n\t                                <\/div>\n\t\t\t\t                <div class=\"mn-content-block\">\n\t                                <\/div>\n\t\t\t\t                <div class=\"mn-content-block\">\n\t                                <\/div>\n\t\t\t\t                <div class=\"mn-content-block\">\n\t                                <\/div>\n\t\t\t\t                <div class=\"mn-content-block\">\n\t                                <\/div>\n\t\t\t\t                <div class=\"mn-content-block\">\n\t                                <\/div>\n\t\t\t\t                <div class=\"mn-content-block\">\n\t                                <\/div>\n\t\t\t\t                <div class=\"mn-content-block\">\n\t                                <\/div>\n\t\t\t\t                <div class=\"mn-content-block\">\n\t                                <\/div>\n\t\t\t\t                <div class=\"mn-content-block\">\n\t                                <\/div>\n\t\t\t\t                <div class=\"mn-content-block\">\n\t                                <\/div>\n\t\t\t\t                <div class=\"mn-content-block\">\n\t                                <\/div>\n\t\t\t\t\t\t<\/div>\n\t<\/div>\n<\/section>\n\t\t<\/div>\n\t\t\t\t<\/div>\n\t\t\t\t\t\t<\/div>\n\t\t\t\t\t<\/div>\n\t\t<\/div>\n\t\t\t\t\t\t\t\t<\/div>\n\t\t\t\t\t<\/div>\n\t\t<\/section>\n\t\t\t\t\t\t<\/div>\n\t\t\t\t\t\t<\/div>\n\t\t\t\t\t<\/div>\n\t\t","protected":false},"excerpt":{"rendered":"<p>\u2190 powr\u00f3t Biologia, Specjalno\u015b\u0107: Biologia S\u0105dowa,studia niestacjonarne II stopnia SEMESTR I Metodologia nauk przyrodniczych *\/Metodology of the life sciences *Bioetyka *Ekologia ro\u015blinGenetyka cz\u0142owiekaKryminalistyczne \u015blady biologiczneR\u00f3\u017cnorodno\u015b\u0107 i&nbsp;ewolucja ro\u015blinImmunohematologiaJ\u0119zyk obcy specjalistyczny &#8211; angielskiJ\u0119zyk obcy specjalistyczny &#8211; francuskiJ\u0119zyk obcy specjalistyczny &#8211; niemieckiJ\u0119zyk obcy specjalistyczny &#8211; rosyjski Przedmiot do wyboru 1 blok A&nbsp;ArcheozoologiaPrzedmiot do wyboru 1 blok A&nbsp;Ochrona prawna [&hellip;]<\/p>\n","protected":false},"author":2,"featured_media":0,"parent":178039,"menu_order":0,"comment_status":"closed","ping_status":"closed","template":"","meta":{"_monsterinsights_skip_tracking":false,"_monsterinsights_sitenote_active":false,"_monsterinsights_sitenote_note":"","_monsterinsights_sitenote_category":0},"_links":{"self":[{"href":"https:\/\/up.lublin.pl\/srodowiskowa\/wp-json\/wp\/v2\/pages\/368"}],"collection":[{"href":"https:\/\/up.lublin.pl\/srodowiskowa\/wp-json\/wp\/v2\/pages"}],"about":[{"href":"https:\/\/up.lublin.pl\/srodowiskowa\/wp-json\/wp\/v2\/types\/page"}],"author":[{"embeddable":true,"href":"https:\/\/up.lublin.pl\/srodowiskowa\/wp-json\/wp\/v2\/users\/2"}],"replies":[{"embeddable":true,"href":"https:\/\/up.lublin.pl\/srodowiskowa\/wp-json\/wp\/v2\/comments?post=368"}],"version-history":[{"count":20,"href":"https:\/\/up.lublin.pl\/srodowiskowa\/wp-json\/wp\/v2\/pages\/368\/revisions"}],"predecessor-version":[{"id":161222,"href":"https:\/\/up.lublin.pl\/srodowiskowa\/wp-json\/wp\/v2\/pages\/368\/revisions\/161222"}],"up":[{"embeddable":true,"href":"https:\/\/up.lublin.pl\/srodowiskowa\/wp-json\/wp\/v2\/pages\/178039"}],"wp:attachment":[{"href":"https:\/\/up.lublin.pl\/srodowiskowa\/wp-json\/wp\/v2\/media?parent=368"}],"curies":[{"name":"wp","href":"https:\/\/api.w.org\/{rel}","templated":true}]}}