{"id":365,"date":"2020-12-17T13:13:56","date_gmt":"2020-12-17T12:13:56","guid":{"rendered":"http:\/\/nowastrona.up.lublin.pl\/srodowiskowa\/?page_id=365"},"modified":"2026-02-18T13:52:48","modified_gmt":"2026-02-18T12:52:48","slug":"biologia-specjalnosc-biologia-stosowana-studia-niestacjonarne-i-stopnia","status":"publish","type":"page","link":"https:\/\/up.lublin.pl\/srodowiskowa\/ksztalcenie\/biologia-specjalnosc-biologia-stosowana-studia-niestacjonarne-i-stopnia\/","title":{"rendered":"Biologia, Specjalno\u015b\u0107: Biologia stosowana studia niestacjonarne I stopnia"},"content":{"rendered":"\t\t<div data-elementor-type=\"wp-page\" data-elementor-id=\"365\" class=\"elementor elementor-365\" data-elementor-settings=\"[]\">\n\t\t\t\t\t\t<div class=\"elementor-inner\">\n\t\t\t\t\t\t\t<div class=\"elementor-section-wrap\">\n\t\t\t\t\t\t\t<section class=\"elementor-section elementor-top-section elementor-element elementor-element-10e093fd elementor-section-boxed elementor-section-height-default elementor-section-height-default\" data-id=\"10e093fd\" data-element_type=\"section\">\n\t\t\t\t\t\t<div class=\"elementor-container elementor-column-gap-default\">\n\t\t\t\t\t\t\t<div class=\"elementor-row\">\n\t\t\t\t\t<div class=\"elementor-column elementor-col-100 elementor-top-column elementor-element elementor-element-42608cb4\" data-id=\"42608cb4\" data-element_type=\"column\">\n\t\t\t<div class=\"elementor-column-wrap elementor-element-populated\">\n\t\t\t\t\t\t\t<div class=\"elementor-widget-wrap\">\n\t\t\t\t\t\t<div class=\"elementor-element elementor-element-2e1e866f elementor-widget elementor-widget-m5c\" data-id=\"2e1e866f\" data-element_type=\"widget\" data-widget_type=\"m5c.default\">\n\t\t\t\t<div class=\"elementor-widget-container\">\n\t\t\t<section class=\"mn-m5-c mn-m5-d2 mn-bg-white\">\n\t<div class=\"mn-grid\">\n\t\t\t\t<div class=\"mn-content mn-grid-9\">\n\t\t\t                <div class=\"mn-content-block active\">\n\t                                                        <div class=\"block-text\">\n\t                                        <h5><a href=\"https:\/\/up.lublin.pl\/srodowiskowa\/ksztalcenie\/\">\u2190\u00a0powr\u00f3t<\/a><\/h5>\n                                        <\/div>\n\t\t\t\t\t\t                                                        <div class=\"block-text\">\n\t                                        <h3 style=\"text-align: center;\"><strong>Biologia, Specjalno\u015b\u0107: Biologia stosowana studia niestacjonarne I&nbsp;stopnia<\/strong><\/h3>\n                                        <\/div>\n\t\t\t\t\t\t                                                        <div class=\"block-text\">\n\t                                        <p><strong>SEMESTR I<\/strong><\/p>\n<p><a href=\"https:\/\/www.up.lublin.pl\/files\/srodowiskowa\/opisy%20modulow\/BIOLOGIA%20st.%20niestac.%20I%20stopnia\/nowe\/bi1n_001_matematyka.pdf\">Matematyka<\/a><br \/><a href=\"https:\/\/www.up.lublin.pl\/files\/srodowiskowa\/opisy%20modulow\/BIOLOGIA%20st.%20niestac.%20I%20stopnia\/nowe\/bi1n_002_fizyka_i_biofizyka.pdf\">Fizyka i&nbsp;biofizyka<\/a><br \/><a href=\"https:\/\/www.up.lublin.pl\/files\/srodowiskowa\/opisy%20modulow\/BIOLOGIA%20st.%20niestac.%20I%20stopnia\/nowe\/bi1n_003_chemia_nieorganiczna_i_organiczna.pdf\">Chemia nieorganiczna i&nbsp;organiczna<\/a><br \/><a href=\"https:\/\/www.up.lublin.pl\/files\/srodowiskowa\/opisy%20modulow\/BIOLOGIA%20st.%20niestac.%20I%20stopnia\/nowe\/bi1n_017_botanika_ogolna.pdf\">Botanika og\u00f3lna<\/a><br \/><a href=\"https:\/\/www.up.lublin.pl\/files\/srodowiskowa\/opisy%20modulow\/BIOLOGIA%20st.%20niestac.%20I%20stopnia\/nowe\/bi1n_004_ergonomia_i_bhp.pdf\">Ergonomia i&nbsp;BHP (przez 10 tyg.)<\/a><br \/><a href=\"https:\/\/www.up.lublin.pl\/files\/srodowiskowa\/opisy%20modulow\/BIOLOGIA%20st.%20niestac.%20I%20stopnia\/nowe\/bi1n_005__ochrona_wlasnosci_intelektualnej.pdf\">Ochrona w\u0142asno\u015bci intelektualnej (przez 10 tyg.)<\/a><br \/><a href=\"https:\/\/www.up.lublin.pl\/files\/srodowiskowa\/opisy%20modulow\/BIOLOGIA%20st.%20niestac.%20I%20stopnia\/nowe\/bi1n_020_technologia_informacyjna.pdf\">Technologia informacyjna<\/a><br \/><a href=\"https:\/\/www.up.lublin.pl\/files\/srodowiskowa\/opisy%20modulow\/BIOLOGIA%20st.%20niestac.%20I%20stopnia\/nowe\/bl1n_025_przedsiebiorczosc_akademicka.pdf\">Przedsi\u0119biorczo\u015b\u0107 akademicka *<\/a><br \/>J\u0119zyk obcy 1 &#8211; angielski<br \/>J\u0119zyk obcy 1 &#8211; francuski<br \/>J\u0119zyk obcy 1 &#8211; niemiecki<br \/>J\u0119zyk obcy 1 &#8211; rosyjski<br \/><a href=\"https:\/\/www.up.lublin.pl\/files\/srodowiskowa\/opisy%20modulow\/BIOLOGIA%20st.%20niestac.%20I%20stopnia\/nowe\/bi1n_011_komunikacja_interpersonalna.pdf\">Przedmiot humanistyczny 1 blok A&nbsp;* Komunikacja interpersonalna<\/a><br \/><a href=\"https:\/\/www.up.lublin.pl\/files\/srodowiskowa\/opisy%20modulow\/BIOLOGIA%20st.%20niestac.%20I%20stopnia\/nowe\/bi1n_012_podstawy_public_relations.pdf\">Przedmiot humanistyczny 1 blok A&nbsp;* Public relations<\/a><br \/><a href=\"https:\/\/www.up.lublin.pl\/files\/srodowiskowa\/opisy%20modulow\/BIOLOGIA%20st.%20niestac.%20I%20stopnia\/nowe\/bi1n_013_etyka.pdf\">Przedmiot humanistyczny 2 blok A&nbsp;* Etyka<\/a><\/p>\n<p><strong>SEMESTR II<\/strong><\/p>\n<p><a href=\"https:\/\/www.up.lublin.pl\/files\/srodowiskowa\/opisy%20modulow\/BIOLOGIA%20st.%20niestac.%20I%20stopnia\/nowe\/bi1n_018_zoologia.pdf\">Zoologia<\/a><br \/><a href=\"https:\/\/www.up.lublin.pl\/files\/srodowiskowa\/opisy%20modulow\/BIOLOGIA%20st.%20niestac.%20I%20stopnia\/nowe\/bi1n_012_botanika_systematyczna.pdf\">Botanika systematyczna<\/a><br \/><a href=\"https:\/\/www.up.lublin.pl\/files\/srodowiskowa\/opisy%20modulow\/BIOLOGIA%20st.%20niestac.%20I%20stopnia\/nowe\/bi1n_014_anatomia_zwierzat_i_czlowieka.pdf\">Anatomia zwierz\u0105t i&nbsp;cz\u0142owieka<\/a><br \/><a href=\"https:\/\/www.up.lublin.pl\/files\/srodowiskowa\/opisy%20modulow\/BIOLOGIA%20st.%20niestac.%20I%20stopnia\/nowe\/bi1n_031_fizjologia_roslin.pdf\">Fizjologia ro\u015blin<\/a><br \/><a href=\"https:\/\/www.up.lublin.pl\/files\/srodowiskowa\/opisy%20modulow\/BIOLOGIA%20st.%20niestac.%20I%20stopnia\/nowe\/bi1n_030_biochemia.pdf\">Biochemia<\/a><br \/>J\u0119zyk obcy 2 &#8211; angielski<br \/>J\u0119zyk obcy 2 &#8211; francuski<br \/>J\u0119zyk obcy 2 &#8211; niemiecki<br \/>J\u0119zyk obcy 2 &#8211; rosyjski<\/p>\n<p><strong>SEMESTR III<\/strong><\/p>\n<p><a href=\"https:\/\/www.up.lublin.pl\/files\/srodowiskowa\/opisy%20modulow\/BIOLOGIA%20st.%20niestac.%20I%20stopnia\/nowe\/bi1n_046_fizjologia_zwierzat_i_czlowieka.pdf\">Fizjologia zwierz\u0105t i&nbsp;cz\u0142owieka<\/a><br \/><a href=\"https:\/\/www.up.lublin.pl\/files\/srodowiskowa\/opisy%20modulow\/BIOLOGIA%20st.%20niestac.%20I%20stopnia\/nowe\/bi1s_029_mikrobiologia_ogolna.pdf\">Mikrobiologia og\u00f3lna<\/a><br \/><a href=\"https:\/\/www.up.lublin.pl\/files\/srodowiskowa\/opisy%20modulow\/BIOLOGIA%20st.%20niestac.%20I%20stopnia\/nowe\/bi1n_033_biologia_komorki.pdf\">Biologia kom\u00f3rki<\/a><br \/>J\u0119zyk obcy 3 &#8211; angielski<br \/>J\u0119zyk obcy 3 &#8211; francuski<br \/>J\u0119zyk obcy 3 &#8211; niemiecki<br \/>J\u0119zyk obcy 3 &#8211; rosyjski<br \/><a href=\"https:\/\/www.up.lublin.pl\/files\/srodowiskowa\/opisy%20modulow\/BIOLOGIA%20st.%20niestac.%20I%20stopnia\/nowe\/bi1n_027_chemia_bioorganiczna.pdf\">Przedmiot do wyboru blok B&nbsp;Chemia bioorganiczna<\/a><br \/><a href=\"https:\/\/www.up.lublin.pl\/files\/srodowiskowa\/opisy%20modulow\/BIOLOGIA%20st.%20niestac.%20I%20stopnia\/nowe\/bi1n_028_podstawy_bioanalityki.pdf\">Przedmiot do wyboru blok B&nbsp;Podstawy bioanalityki<\/a><br \/><a href=\"https:\/\/www.up.lublin.pl\/files\/srodowiskowa\/opisy%20modulow\/BIOLOGIA%20st.%20niestac.%20I%20stopnia\/nowe\/bi1n_035_katastrofy_ekologiczne.pdf\">Przedmiot do wyboru blok C&nbsp;Katastrofy ekologiczne<\/a><br \/><a href=\"https:\/\/www.up.lublin.pl\/files\/srodowiskowa\/opisy%20modulow\/BIOLOGIA%20st.%20niestac.%20I%20stopnia\/nowe\/bi1n_036_ekosystemy_wodne_i_ladowe_swiata.pdf\">Przedmiot do wyboru blok C&nbsp;Ekosystemy wodne i&nbsp;l\u0105dowe \u015bwiata<\/a><br \/><a href=\"https:\/\/www.up.lublin.pl\/files\/srodowiskowa\/opisy%20modulow\/BIOLOGIA%20st.%20niestac.%20I%20stopnia\/nowe\/bi1n_092_ekologia_i_biologia_ryb.pdf\">Przedmiot do wyboru blok D&nbsp;Ekologia i&nbsp;biologia ryb<\/a><br \/><a href=\"https:\/\/www.up.lublin.pl\/files\/srodowiskowa\/opisy%20modulow\/BIOLOGIA%20st.%20niestac.%20I%20stopnia\/nowe\/bi1n_039_paleobiologia.pdf\">Przedmiot do wyboru blok D&nbsp;Paleobiologia<\/a><br \/><a href=\"https:\/\/www.up.lublin.pl\/files\/srodowiskowa\/opisy%20modulow\/BIOLOGIA%20st.%20niestac.%20I%20stopnia\/nowe\/bi1n_035a_antropologia.pdf\">Przedmiot do wyboru blok D&nbsp;Antropologia<\/a><br \/><a href=\"https:\/\/www.up.lublin.pl\/files\/srodowiskowa\/opisy%20modulow\/BIOLOGIA%20st.%20niestac.%20I%20stopnia\/nowe\/bi1n_093_metody_stosowane_w_ocenie_materialu_biologicznego.pdf\">Przedmiot do wyboru blok E&nbsp;Metody stosowane w&nbsp;ocenie materia\u0142u biologicznego<\/a><br \/><a href=\"https:\/\/www.up.lublin.pl\/files\/srodowiskowa\/opisy%20modulow\/BIOLOGIA%20st.%20niestac.%20I%20stopnia\/nowe\/bi1n_051_substancje_biologicznie_czynne_w_zywnosci.pdf\">Przedmiot do wyboru blok E&nbsp;Substancje biologicznie czynne<\/a><\/p>\n<p><strong>SEMESTR IV<\/strong><\/p>\n<p><a href=\"https:\/\/www.up.lublin.pl\/files\/srodowiskowa\/opisy%20modulow\/BIOLOGIA%20st.%20niestac.%20I%20stopnia\/nowe\/bi1n_032_genetyka.pdf\">Genetyka<\/a><br \/><a href=\"https:\/\/www.up.lublin.pl\/files\/srodowiskowa\/opisy%20modulow\/BIOLOGIA%20st.%20niestac.%20I%20stopnia\/nowe\/bi1n_019_ekologia.pdf\">Ekologia og\u00f3lna<\/a><br \/><a href=\"https:\/\/www.up.lublin.pl\/files\/srodowiskowa\/opisy%20modulow\/BIOLOGIA%20st.%20niestac.%20I%20stopnia\/nowe\/bi1n_016_biologia_srodowiskowa_i_biogeografia.pdf\">Biologia \u015brodowiskowa i&nbsp;biogeografia<\/a><br \/>J\u0119zyk obcy 4 &#8211; angielski<br \/>J\u0119zyk obcy 4 &#8211; francuski<br \/>J\u0119zyk obcy 4 &#8211; niemiecki<br \/>J\u0119zyk obcy 4 &#8211; rosyjski<br \/><a href=\"https:\/\/www.up.lublin.pl\/files\/srodowiskowa\/opisy%20modulow\/BIOLOGIA%20st.%20niestac.%20I%20stopnia\/nowe\/bi1n_052_cytobiochemia_i_regulacja_procesow_komorkowych.pdf\">Przedmiot do wyboru blok F&nbsp;Cytobiochemia i&nbsp;regulacja proces\u00f3w kom\u00f3rkowych<\/a><br \/><a href=\"https:\/\/www.up.lublin.pl\/files\/srodowiskowa\/opisy%20modulow\/BIOLOGIA%20st.%20niestac.%20I%20stopnia\/nowe\/bi1n_053_ekofizjologia_owadow.pdf\">Przedmiot do wyboru blok F&nbsp;Ekofizjologia owad\u00f3w\/ Ecophysiology of insects<\/a><br \/><a href=\"https:\/\/www.up.lublin.pl\/files\/srodowiskowa\/opisy%20modulow\/BIOLOGIA%20st.%20niestac.%20I%20stopnia\/nowe\/bi1n_054_fizjologia_adaptacji.pdf\">Przedmiot do wyboru blok G&nbsp;Fizjologia adaptacji<\/a><br \/><a href=\"https:\/\/www.up.lublin.pl\/files\/srodowiskowa\/opisy%20modulow\/BIOLOGIA%20st.%20niestac.%20I%20stopnia\/nowe\/bi1n_055_fizjologia_trawienia_i_wchlaniania.pdf\">Przedmiot do wyboru blok G&nbsp;Fizjologia trawienia i&nbsp;wch\u0142aniania<\/a><br \/>Przedmiot do wyboru blok G\u00a0 Procedury wykorzystania zwierz\u0105t w&nbsp;badaniach naukowych i&nbsp;edukacji<br \/><a href=\"https:\/\/www.up.lublin.pl\/files\/srodowiskowa\/opisy%20modulow\/BIOLOGIA%20st.%20niestac.%20I%20stopnia\/nowe\/bi1n_069_bioroznorodnosc_zwierzat_i_ich_znaczenie_w_srodowisku.pdf\">Przedmiot do wyboru blok H&nbsp;Bior\u00f3\u017cnorodno\u015b\u0107 zwierz\u0105t i&nbsp;ich znaczenie w&nbsp;\u015brodowisku<\/a><br \/><a href=\"https:\/\/www.up.lublin.pl\/files\/srodowiskowa\/opisy%20modulow\/BIOLOGIA%20st.%20niestac.%20I%20stopnia\/nowe\/bi1n_060_ochrona_zasobow_genetycznych_zwierzat.pdf\">Przedmiot do wyboru blok H&nbsp;Ochrona zasob\u00f3w genetycznych zwierz\u0105t<\/a><br \/>Praktyka zawodowa 3 tyg. obowi\u0105zkowa<\/p>\n<p><strong>SEMESTR V&nbsp;<\/strong><\/p>\n<p><a href=\"https:\/\/www.up.lublin.pl\/files\/srodowiskowa\/opisy%20modulow\/BIOLOGIA%20st.%20niestac.%20I%20stopnia\/nowe\/bi1n_047_biologia_molekularna_i_podstawy_biotechnologii.pdf\">Biologia molekularna i&nbsp;podstawy biotechnologii<\/a><br \/><a href=\"https:\/\/www.up.lublin.pl\/files\/srodowiskowa\/opisy%20modulow\/BIOLOGIA%20st.%20niestac.%20I%20stopnia\/nowe\/bi1n_067_immunologia.pdf\">Immunologia<\/a><br \/><a href=\"https:\/\/www.up.lublin.pl\/files\/srodowiskowa\/opisy%20modulow\/BIOLOGIA%20st.%20niestac.%20I%20stopnia\/nowe\/bi1n_083_ochrona_przyrody.pdf\">Ochrona przyrody<\/a><br \/><a href=\"https:\/\/www.up.lublin.pl\/files\/srodowiskowa\/opisy%20modulow\/BIOLOGIA%20st.%20niestac.%20I%20stopnia\/nowe\/bi1n_010_szata_roslinna.pdf\">Szata ro\u015blinna<\/a><br \/><a href=\"https:\/\/www.up.lublin.pl\/files\/srodowiskowa\/opisy%20modulow\/BIOLOGIA%20st.%20niestac.%20I%20stopnia\/nowe\/bi1n_073_protistologia.pdf\">Protistologia<\/a><br \/><a href=\"https:\/\/www.up.lublin.pl\/files\/srodowiskowa\/opisy%20modulow\/BIOLOGIA%20st.%20niestac.%20I%20stopnia\/nowe\/bi1n_070_parazytologia.pdf\">Przedmiot do wyboru blok I&nbsp;Parazytologia<\/a><br \/><a href=\"https:\/\/www.up.lublin.pl\/files\/srodowiskowa\/opisy%20modulow\/BIOLOGIA%20st.%20niestac.%20I%20stopnia\/nowe\/bi1n_071_ekologia_czlowieka.pdf\">Przedmiot do wyboru blok I&nbsp;Human ecology \/ Ekologia cz\u0142owieka<\/a><br \/><a href=\"https:\/\/www.up.lublin.pl\/files\/srodowiskowa\/opisy%20modulow\/BIOLOGIA%20st.%20niestac.%20I%20stopnia\/nowe\/bi1n_074_biologia_rozrodu.pdf\">Przedmiot do wyboru blok J&nbsp;Biologia rozrodu<\/a><br \/><a href=\"https:\/\/www.up.lublin.pl\/files\/srodowiskowa\/opisy%20modulow\/BIOLOGIA%20st.%20niestac.%20I%20stopnia\/nowe\/bi1n_065_mykologia.pdf\">Przedmiot do wyboru blok J&nbsp;Mykologia<\/a><br \/>Seminarium dyplomowe 1 (metodyka wyszukiwania informacji naukowych)<\/p>\n<p><strong>SEMESTR VI<\/strong><\/p>\n<p><a href=\"https:\/\/www.up.lublin.pl\/files\/srodowiskowa\/opisy%20modulow\/BIOLOGIA%20st.%20niestac.%20I%20stopnia\/nowe\/bi1n_077_ewolucjonizm.pdf\">Ewolucjonizm<\/a><br \/><a href=\"https:\/\/www.up.lublin.pl\/files\/srodowiskowa\/opisy%20modulow\/BIOLOGIA%20st.%20niestac.%20I%20stopnia\/nowe\/bi1n_078_hydrobiologia.pdf\">Hydrobiologia<\/a><br \/><a href=\"https:\/\/www.up.lublin.pl\/files\/srodowiskowa\/opisy%20modulow\/BIOLOGIA%20st.%20niestac.%20I%20stopnia\/nowe\/bi1n_034_ekotoksykologia.pdf\">Ekotoksykologia<\/a><br \/><a href=\"https:\/\/www.up.lublin.pl\/files\/srodowiskowa\/opisy%20modulow\/BIOLOGIA%20st.%20niestac.%20I%20stopnia\/nowe\/bi1n_080a_environmental_protection.pdf\">Przedmiot do wyboru blok K&nbsp;Environmental protection<\/a> \/ <a href=\"https:\/\/www.up.lublin.pl\/files\/srodowiskowa\/opisy%20modulow\/BIOLOGIA%20st.%20niestac.%20I%20stopnia\/nowe\/bi1n_080_ochrona_srodowiska.pdf\">Ochrona \u015brodowiska<\/a><br \/><a href=\"https:\/\/www.up.lublin.pl\/files\/srodowiskowa\/opisy%20modulow\/BIOLOGIA%20st.%20niestac.%20I%20stopnia\/nowe\/bi1n_068_metodyka_badan_terenowych.pdf\">Przedmiot do wyboru blok K&nbsp;Metodyka bada\u0144 terenowych<\/a><br \/><a href=\"https:\/\/www.up.lublin.pl\/files\/srodowiskowa\/opisy%20modulow\/BIOLOGIA%20st.%20niestac.%20I%20stopnia\/nowe\/bi1n_084_bioindykacja.pdf\">Przedmiot do wyboru blok L&nbsp;Bioindykacja<\/a><br \/><a href=\"https:\/\/www.up.lublin.pl\/files\/srodowiskowa\/opisy%20modulow\/BIOLOGIA%20st.%20niestac.%20I%20stopnia\/nowe\/bi1n_085_ekologia_i_biologia_ptakow.pdf\">Przedmiot do wyboru blok L&nbsp;Ekologia i&nbsp;biologia ptak\u00f3w<\/a><br \/><a href=\"https:\/\/www.up.lublin.pl\/files\/srodowiskowa\/opisy%20modulow\/BIOLOGIA%20st.%20niestac.%20I%20stopnia\/nowe\/bi1n_087_informatyka_w_naukach_przyrodniczych.pdf\">Przedmiot do wyboru blok M&nbsp;Informatyka w&nbsp;naukach przyrodniczych<\/a><br \/><a href=\"https:\/\/www.up.lublin.pl\/files\/srodowiskowa\/opisy%20modulow\/BIOLOGIA%20st.%20niestac.%20I%20stopnia\/nowe\/bi1n_088_apidologia.pdf\">Przedmiot do wyboru blok M&nbsp;Apidologia<\/a><br \/><a href=\"https:\/\/www.up.lublin.pl\/files\/srodowiskowa\/opisy%20modulow\/BIOLOGIA%20st.%20niestac.%20I%20stopnia\/nowe\/bi1n_056_mikroorganizmy_antagonistyczne_i_toksynotworcze.pdf\">Przedmiot do wyboru blok M&nbsp;Mikroorganizmy antagonistyczne i&nbsp;toksynotw\u00f3rcze<\/a><br \/><a href=\"https:\/\/www.up.lublin.pl\/files\/srodowiskowa\/opisy%20modulow\/BIOLOGIA%20st.%20niestac.%20I%20stopnia\/nowe\/bi1n_090_akarologia.pdf\">Przedmiot do wyboru blok N&nbsp;Akarologia<\/a><br \/><a href=\"https:\/\/www.up.lublin.pl\/files\/srodowiskowa\/opisy%20modulow\/BIOLOGIA%20st.%20niestac.%20I%20stopnia\/nowe\/bi1n_091_zarzadzanie_obszarami_chronionymi.pdf\">Przedmiot do wyboru blok N&nbsp;Zarz\u0105dzanie obszarami chronionymi<\/a><br \/>Przedmiot do wyboru blok N&nbsp;Ekologia i&nbsp;biologia ssak\u00f3w<br \/>Seminarium dyplomowe 2<br \/>Egzamin dyplomowy<\/p>\n                                        <\/div>\n\t\t\t\t\t\t                                <\/div>\n\t\t\t\t                <div class=\"mn-content-block\">\n\t                                <\/div>\n\t\t\t\t                <div class=\"mn-content-block\">\n\t                                <\/div>\n\t\t\t\t                <div class=\"mn-content-block\">\n\t                                <\/div>\n\t\t\t\t                <div class=\"mn-content-block\">\n\t                                <\/div>\n\t\t\t\t                <div class=\"mn-content-block\">\n\t                                <\/div>\n\t\t\t\t                <div class=\"mn-content-block\">\n\t                                <\/div>\n\t\t\t\t                <div class=\"mn-content-block\">\n\t                                <\/div>\n\t\t\t\t                <div class=\"mn-content-block\">\n\t                                <\/div>\n\t\t\t\t                <div class=\"mn-content-block\">\n\t                                <\/div>\n\t\t\t\t                <div class=\"mn-content-block\">\n\t                                <\/div>\n\t\t\t\t                <div class=\"mn-content-block\">\n\t                                <\/div>\n\t\t\t\t                <div class=\"mn-content-block\">\n\t                                <\/div>\n\t\t\t\t                <div class=\"mn-content-block\">\n\t                                <\/div>\n\t\t\t\t                <div class=\"mn-content-block\">\n\t                                <\/div>\n\t\t\t\t                <div class=\"mn-content-block\">\n\t                                <\/div>\n\t\t\t\t                <div class=\"mn-content-block\">\n\t                                <\/div>\n\t\t\t\t                <div class=\"mn-content-block\">\n\t                                <\/div>\n\t\t\t\t                <div class=\"mn-content-block\">\n\t                                <\/div>\n\t\t\t\t                <div class=\"mn-content-block\">\n\t                                <\/div>\n\t\t\t\t\t\t<\/div>\n\t<\/div>\n<\/section>\n\t\t<\/div>\n\t\t\t\t<\/div>\n\t\t\t\t\t\t<\/div>\n\t\t\t\t\t<\/div>\n\t\t<\/div>\n\t\t\t\t\t\t\t\t<\/div>\n\t\t\t\t\t<\/div>\n\t\t<\/section>\n\t\t\t\t\t\t<\/div>\n\t\t\t\t\t\t<\/div>\n\t\t\t\t\t<\/div>\n\t\t","protected":false},"excerpt":{"rendered":"<p>\u2190\u00a0powr\u00f3t Biologia, Specjalno\u015b\u0107: Biologia stosowana studia niestacjonarne I&nbsp;stopnia SEMESTR I MatematykaFizyka i&nbsp;biofizykaChemia nieorganiczna i&nbsp;organicznaBotanika og\u00f3lnaErgonomia i&nbsp;BHP (przez 10 tyg.)Ochrona w\u0142asno\u015bci intelektualnej (przez 10 tyg.)Technologia informacyjnaPrzedsi\u0119biorczo\u015b\u0107 akademicka *J\u0119zyk obcy 1 &#8211; angielskiJ\u0119zyk obcy 1 &#8211; francuskiJ\u0119zyk obcy 1 &#8211; niemieckiJ\u0119zyk obcy 1 &#8211; rosyjskiPrzedmiot humanistyczny 1 blok A&nbsp;* Komunikacja interpersonalnaPrzedmiot humanistyczny 1 blok A&nbsp;* Public relationsPrzedmiot [&hellip;]<\/p>\n","protected":false},"author":2,"featured_media":0,"parent":178039,"menu_order":0,"comment_status":"closed","ping_status":"closed","template":"elementor_header_footer","meta":{"_monsterinsights_skip_tracking":false,"_monsterinsights_sitenote_active":false,"_monsterinsights_sitenote_note":"","_monsterinsights_sitenote_category":0},"_links":{"self":[{"href":"https:\/\/up.lublin.pl\/srodowiskowa\/wp-json\/wp\/v2\/pages\/365"}],"collection":[{"href":"https:\/\/up.lublin.pl\/srodowiskowa\/wp-json\/wp\/v2\/pages"}],"about":[{"href":"https:\/\/up.lublin.pl\/srodowiskowa\/wp-json\/wp\/v2\/types\/page"}],"author":[{"embeddable":true,"href":"https:\/\/up.lublin.pl\/srodowiskowa\/wp-json\/wp\/v2\/users\/2"}],"replies":[{"embeddable":true,"href":"https:\/\/up.lublin.pl\/srodowiskowa\/wp-json\/wp\/v2\/comments?post=365"}],"version-history":[{"count":37,"href":"https:\/\/up.lublin.pl\/srodowiskowa\/wp-json\/wp\/v2\/pages\/365\/revisions"}],"predecessor-version":[{"id":140681,"href":"https:\/\/up.lublin.pl\/srodowiskowa\/wp-json\/wp\/v2\/pages\/365\/revisions\/140681"}],"up":[{"embeddable":true,"href":"https:\/\/up.lublin.pl\/srodowiskowa\/wp-json\/wp\/v2\/pages\/178039"}],"wp:attachment":[{"href":"https:\/\/up.lublin.pl\/srodowiskowa\/wp-json\/wp\/v2\/media?parent=365"}],"curies":[{"name":"wp","href":"https:\/\/api.w.org\/{rel}","templated":true}]}}