{"id":265,"date":"2020-11-26T13:41:08","date_gmt":"2020-11-26T12:41:08","guid":{"rendered":"http:\/\/nowastrona.up.lublin.pl\/srodowiskowa\/?page_id=265"},"modified":"2025-11-04T10:24:21","modified_gmt":"2025-11-04T09:24:21","slug":"kolegium-wydzialu","status":"publish","type":"page","link":"https:\/\/up.lublin.pl\/srodowiskowa\/wydzial\/kolegium-wydzialu\/","title":{"rendered":"Kolegium Wydzia\u0142u"},"content":{"rendered":"\t\t<div data-elementor-type=\"wp-page\" data-elementor-id=\"265\" class=\"elementor elementor-265\" data-elementor-settings=\"[]\">\n\t\t\t\t\t\t<div class=\"elementor-inner\">\n\t\t\t\t\t\t\t<div class=\"elementor-section-wrap\">\n\t\t\t\t\t\t\t<section class=\"elementor-section elementor-top-section elementor-element elementor-element-1cd69cc elementor-section-boxed elementor-section-height-default elementor-section-height-default\" data-id=\"1cd69cc\" data-element_type=\"section\">\n\t\t\t\t\t\t<div class=\"elementor-container elementor-column-gap-default\">\n\t\t\t\t\t\t\t<div class=\"elementor-row\">\n\t\t\t\t\t<div class=\"elementor-column elementor-col-100 elementor-top-column elementor-element elementor-element-f6a75bd\" data-id=\"f6a75bd\" data-element_type=\"column\">\n\t\t\t<div class=\"elementor-column-wrap elementor-element-populated\">\n\t\t\t\t\t\t\t<div class=\"elementor-widget-wrap\">\n\t\t\t\t\t\t<div class=\"elementor-element elementor-element-7b4e7b4 elementor-widget elementor-widget-m2e\" data-id=\"7b4e7b4\" data-element_type=\"widget\" data-widget_type=\"m2e.default\">\n\t\t\t\t<div class=\"elementor-widget-container\">\n\t\t\t<section class=\"mn-m2-e mn-bg-green\">\n\t<div class=\"mn-grid\">\n\t\t<div class=\"mn-grid-3 mn-introtext\">\n\t\t\t\t\t\t\t<p class=\"mn-header\">Wydzia\u0142 Biologii \u015arodowiskowej<\/p>\n\t\t\t\t\t\t\t\t\t\t\t<h3>\n\t\t\t\t\tKolegium Wydzia\u0142u\t\t\t\t<\/h3>\n\t\t\t\t\t\t\t\t\t\t\t\t<\/div>\n\t\t<div class=\"mn-grid-9 mn-image-container\">\n\t\t\t\t\t<\/div>\n\t<\/div>\n\t<\/section>\n\t\t<\/div>\n\t\t\t\t<\/div>\n\t\t\t\t\t\t<\/div>\n\t\t\t\t\t<\/div>\n\t\t<\/div>\n\t\t\t\t\t\t\t\t<\/div>\n\t\t\t\t\t<\/div>\n\t\t<\/section>\n\t\t\t\t<section class=\"elementor-section elementor-top-section elementor-element elementor-element-8f440a1 elementor-section-boxed elementor-section-height-default elementor-section-height-default\" data-id=\"8f440a1\" data-element_type=\"section\">\n\t\t\t\t\t\t<div class=\"elementor-container elementor-column-gap-default\">\n\t\t\t\t\t\t\t<div class=\"elementor-row\">\n\t\t\t\t\t<div class=\"elementor-column elementor-col-100 elementor-top-column elementor-element elementor-element-9fa0bba\" data-id=\"9fa0bba\" data-element_type=\"column\">\n\t\t\t<div class=\"elementor-column-wrap elementor-element-populated\">\n\t\t\t\t\t\t\t<div class=\"elementor-widget-wrap\">\n\t\t\t\t\t\t<div class=\"elementor-element elementor-element-091e7c6 elementor-widget elementor-widget-m5c\" data-id=\"091e7c6\" data-element_type=\"widget\" data-widget_type=\"m5c.default\">\n\t\t\t\t<div class=\"elementor-widget-container\">\n\t\t\t<section class=\"mn-m5-c mn-m5-d2 mn-bg-white\">\n\t<div class=\"mn-grid\">\n\t\t\t\t<div class=\"mn-content mn-grid-9\">\n\t\t\t                <div class=\"mn-content-block active\">\n\t                                                        <div class=\"block-text\">\n\t                                        <p>Prof. dr hab. Tomasz Mieczan \u2013 dziekan, przewodnicz\u0105cy Kolegium, przewodnicz\u0105cy Rady Dyscypliny Nauki Biologiczne<\/p>\n<p>Prof. dr hab. Bo\u017cena Denisow \u2013 prodziekan<\/p>\n<p>Prof. dr hab. Bo\u017cena G\u0142adyszewska \u2013 kierownik Katedry Biofizyki<br \/>Prof. dr hab. Aneta Strachecka &#8211; kierownik Katedry Ekofizjologii Bezkr\u0119gowc\u00f3w i&nbsp;Biologii Eksperymentalnej<br \/>Dr hab. prof. uczelni Robert Stryjecki, &#8211; kierownik Katedry Zoologii i&nbsp;Ekologii Zwierz\u0105t<\/p>\n<p><strong>Przedstawiciele nauczycieli akademickich zatrudnionych na Wydziale, posiadaj\u0105cych tytu\u0142 naukowy lub stopie\u0144 doktora habilitowanego:<\/strong><\/p>\n<p>Prof. dr hab. Adam Bownik<br \/>Dr hab. prof. uczelni Arkadiusz Matwijczuk<br \/>Dr hab. Grzegorz Grzywaczewski, prof. uczelni<\/p>\n<p><strong>Przedstawiciele pozosta\u0142ych nauczycieli akademickich zatrudnionych na Wydziale:<\/strong><\/p>\n<p>Dr Wojciech P\u0142aska<br \/>Dr Barbara Banach-Albi\u0144ska<br \/>Dr Rados\u0142aw \u015acibior<\/p>\n<p><strong>Przedstawiciel pracownik\u00f3w nieb\u0119d\u0105cych nauczycielami akademickimi:<\/strong><\/p>\n<p>Dr Micha\u0142 Nied\u017awiecki<\/p>\n<p><strong>Przedstawiciel zwi\u0105zk\u00f3w zawodowych z&nbsp;g\u0142osem doradczym:<\/strong><\/p>\n<p>mgr in\u017c. Monika Gieroba &#8211; przedstawiciel NSZZ &#8220;Solidarno\u015b\u0107&#8221;<br \/>mgr in\u017c. Olga Michalska &#8211; przedstawiciel ZNP<\/p>\n<p><strong>Przedstawiciele student\u00f3w:<\/strong><\/p>\n<p>lic. Weronika Huszcz<br \/>Julia Wo\u015b<br \/>Natalia Do\u0142\u0119\u017cka<\/p>\n                                        <\/div>\n\t\t\t\t\t\t                                <\/div>\n\t\t\t\t                <div class=\"mn-content-block\">\n\t                                <\/div>\n\t\t\t\t                <div class=\"mn-content-block\">\n\t                                <\/div>\n\t\t\t\t                <div class=\"mn-content-block\">\n\t                                <\/div>\n\t\t\t\t                <div class=\"mn-content-block\">\n\t                                <\/div>\n\t\t\t\t                <div class=\"mn-content-block\">\n\t                                <\/div>\n\t\t\t\t                <div class=\"mn-content-block\">\n\t                                <\/div>\n\t\t\t\t                <div class=\"mn-content-block\">\n\t                                <\/div>\n\t\t\t\t                <div class=\"mn-content-block\">\n\t                                <\/div>\n\t\t\t\t                <div class=\"mn-content-block\">\n\t                                <\/div>\n\t\t\t\t                <div class=\"mn-content-block\">\n\t                                <\/div>\n\t\t\t\t                <div class=\"mn-content-block\">\n\t                                <\/div>\n\t\t\t\t                <div class=\"mn-content-block\">\n\t                                <\/div>\n\t\t\t\t                <div class=\"mn-content-block\">\n\t                                <\/div>\n\t\t\t\t                <div class=\"mn-content-block\">\n\t                                <\/div>\n\t\t\t\t                <div class=\"mn-content-block\">\n\t                                <\/div>\n\t\t\t\t                <div class=\"mn-content-block\">\n\t                                <\/div>\n\t\t\t\t                <div class=\"mn-content-block\">\n\t                                <\/div>\n\t\t\t\t                <div class=\"mn-content-block\">\n\t                                <\/div>\n\t\t\t\t                <div class=\"mn-content-block\">\n\t                                <\/div>\n\t\t\t\t\t\t<\/div>\n\t<\/div>\n<\/section>\n\t\t<\/div>\n\t\t\t\t<\/div>\n\t\t\t\t\t\t<\/div>\n\t\t\t\t\t<\/div>\n\t\t<\/div>\n\t\t\t\t\t\t\t\t<\/div>\n\t\t\t\t\t<\/div>\n\t\t<\/section>\n\t\t\t\t\t\t<\/div>\n\t\t\t\t\t\t<\/div>\n\t\t\t\t\t<\/div>\n\t\t","protected":false},"excerpt":{"rendered":"<p>Wydzia\u0142 Biologii \u015arodowiskowej Kolegium Wydzia\u0142u UP Wydzia\u0142 Biologii \u015arodowiskowej Prof. dr hab. Tomasz Mieczan \u2013 dziekan, przewodnicz\u0105cy Kolegium, przewodnicz\u0105cy Rady Dyscypliny Nauki Biologiczne Prof. dr hab. Bo\u017cena Denisow \u2013 prodziekan Prof. dr hab. Bo\u017cena G\u0142adyszewska \u2013 kierownik Katedry BiofizykiProf. dr hab. Aneta Strachecka &#8211; kierownik Katedry Ekofizjologii Bezkr\u0119gowc\u00f3w i&nbsp;Biologii EksperymentalnejDr hab. prof. uczelni Robert Stryjecki, [&hellip;]<\/p>\n","protected":false},"author":2,"featured_media":0,"parent":164,"menu_order":0,"comment_status":"closed","ping_status":"closed","template":"elementor_header_footer","meta":{"_monsterinsights_skip_tracking":false,"_monsterinsights_sitenote_active":false,"_monsterinsights_sitenote_note":"","_monsterinsights_sitenote_category":0},"_links":{"self":[{"href":"https:\/\/up.lublin.pl\/srodowiskowa\/wp-json\/wp\/v2\/pages\/265"}],"collection":[{"href":"https:\/\/up.lublin.pl\/srodowiskowa\/wp-json\/wp\/v2\/pages"}],"about":[{"href":"https:\/\/up.lublin.pl\/srodowiskowa\/wp-json\/wp\/v2\/types\/page"}],"author":[{"embeddable":true,"href":"https:\/\/up.lublin.pl\/srodowiskowa\/wp-json\/wp\/v2\/users\/2"}],"replies":[{"embeddable":true,"href":"https:\/\/up.lublin.pl\/srodowiskowa\/wp-json\/wp\/v2\/comments?post=265"}],"version-history":[{"count":38,"href":"https:\/\/up.lublin.pl\/srodowiskowa\/wp-json\/wp\/v2\/pages\/265\/revisions"}],"predecessor-version":[{"id":177160,"href":"https:\/\/up.lublin.pl\/srodowiskowa\/wp-json\/wp\/v2\/pages\/265\/revisions\/177160"}],"up":[{"embeddable":true,"href":"https:\/\/up.lublin.pl\/srodowiskowa\/wp-json\/wp\/v2\/pages\/164"}],"wp:attachment":[{"href":"https:\/\/up.lublin.pl\/srodowiskowa\/wp-json\/wp\/v2\/media?parent=265"}],"curies":[{"name":"wp","href":"https:\/\/api.w.org\/{rel}","templated":true}]}}