{"id":264,"date":"2020-11-26T13:40:47","date_gmt":"2020-11-26T12:40:47","guid":{"rendered":"http:\/\/nowastrona.up.lublin.pl\/srodowiskowa\/?page_id=264"},"modified":"2026-03-27T09:35:56","modified_gmt":"2026-03-27T08:35:56","slug":"wladze","status":"publish","type":"page","link":"https:\/\/up.lublin.pl\/srodowiskowa\/wydzial\/wladze\/","title":{"rendered":"W\u0142adze"},"content":{"rendered":"\t\t<div data-elementor-type=\"wp-page\" data-elementor-id=\"264\" class=\"elementor elementor-264\" data-elementor-settings=\"[]\">\n\t\t\t\t\t\t<div class=\"elementor-inner\">\n\t\t\t\t\t\t\t<div class=\"elementor-section-wrap\">\n\t\t\t\t\t\t\t<section class=\"elementor-section elementor-top-section elementor-element elementor-element-7a46241 elementor-section-boxed elementor-section-height-default elementor-section-height-default\" data-id=\"7a46241\" data-element_type=\"section\">\n\t\t\t\t\t\t<div class=\"elementor-container elementor-column-gap-default\">\n\t\t\t\t\t\t\t<div class=\"elementor-row\">\n\t\t\t\t\t<div class=\"elementor-column elementor-col-100 elementor-top-column elementor-element elementor-element-426e505\" data-id=\"426e505\" data-element_type=\"column\">\n\t\t\t<div class=\"elementor-column-wrap elementor-element-populated\">\n\t\t\t\t\t\t\t<div class=\"elementor-widget-wrap\">\n\t\t\t\t\t\t<div class=\"elementor-element elementor-element-bcb414f elementor-widget elementor-widget-m2e\" data-id=\"bcb414f\" data-element_type=\"widget\" data-widget_type=\"m2e.default\">\n\t\t\t\t<div class=\"elementor-widget-container\">\n\t\t\t<section class=\"mn-m2-e mn-bg-green\">\n\t<div class=\"mn-grid\">\n\t\t<div class=\"mn-grid-3 mn-introtext\">\n\t\t\t\t\t\t\t<p class=\"mn-header\">Wydzial Biologii \u015arodowiskowej<\/p>\n\t\t\t\t\t\t\t\t\t\t\t<h3>\n\t\t\t\t\tW\u0142adze\t\t\t\t<\/h3>\n\t\t\t\t\t\t\t\t\t\t\t\t<\/div>\n\t\t<div class=\"mn-grid-9 mn-image-container\">\n\t\t\t\t\t<\/div>\n\t<\/div>\n\t<\/section>\n\t\t<\/div>\n\t\t\t\t<\/div>\n\t\t\t\t\t\t<\/div>\n\t\t\t\t\t<\/div>\n\t\t<\/div>\n\t\t\t\t\t\t\t\t<\/div>\n\t\t\t\t\t<\/div>\n\t\t<\/section>\n\t\t\t\t<section class=\"elementor-section elementor-top-section elementor-element elementor-element-4fa601b elementor-section-boxed elementor-section-height-default elementor-section-height-default\" data-id=\"4fa601b\" data-element_type=\"section\">\n\t\t\t\t\t\t<div class=\"elementor-container elementor-column-gap-default\">\n\t\t\t\t\t\t\t<div class=\"elementor-row\">\n\t\t\t\t\t<div class=\"elementor-column elementor-col-100 elementor-top-column elementor-element elementor-element-e05934e\" data-id=\"e05934e\" data-element_type=\"column\">\n\t\t\t<div class=\"elementor-column-wrap elementor-element-populated\">\n\t\t\t\t\t\t\t<div class=\"elementor-widget-wrap\">\n\t\t\t\t\t\t<div class=\"elementor-element elementor-element-97a6729 elementor-widget elementor-widget-m5e\" data-id=\"97a6729\" data-element_type=\"widget\" data-widget_type=\"m5e.default\">\n\t\t\t\t<div class=\"elementor-widget-container\">\n\t\t\t<section class=\"mn-m5-e mn-bg-white\">\r\n\t<div class=\"mn-grid\">\r\n\t\t\t\t\t<div class=\"mn-img mn-grid-6\">\r\n\t\t\t\t\t\t\t\t\t<img src=\"https:\/\/up.lublin.pl\/srodowiskowa\/wp-content\/uploads\/sites\/5\/2026\/03\/Fot.-T.M.-2..png\" alt=\"\">\r\n\t\t\t\t\t\t\t\t<\/div>\r\n\t\t\t\t\t<div class=\"mn-content mn-grid-6\">\r\n\t\t\t<h1>\u00a0<\/h1>\n<h1>\u00a0<\/h1>\n<h1>Dziekan<\/h1>\n<h1>prof. dr hab. Tomasz Mieczan<\/h1>\n<p>e-mail: <a href=\"mailto:tomasz.mieczan@up.edu.pl\">tomasz.mieczan@up.edu.pl<\/a><\/p>\n<p><strong>Godziny przyj\u0119\u0107:<\/strong><br \/>poniedzia\u0142ek 09:00-10:00,<br \/>czwartek 09:00-10:00<br \/><em>(dodatkowo po uzgodnieniu telefonicznym lub mailowym)<\/em><\/p>\n\t\t<\/div>\r\n\t\t\t<\/div>\r\n<\/section>\r\n\t\t<\/div>\n\t\t\t\t<\/div>\n\t\t\t\t<div class=\"elementor-element elementor-element-d9d6099 elementor-widget elementor-widget-m5e\" data-id=\"d9d6099\" data-element_type=\"widget\" data-widget_type=\"m5e.default\">\n\t\t\t\t<div class=\"elementor-widget-container\">\n\t\t\t<section class=\"mn-m5-e mn-bg-white\">\r\n\t<div class=\"mn-grid\">\r\n\t\t\t\t<div class=\"mn-content mn-grid-6\">\r\n\t\t\t<h1 style=\"text-align: left\">\u00a0<\/h1>\n<h1>\u00a0<\/h1>\n<h1>Prodziekan<\/h1>\n<h1>prof. dr hab. Bo\u017cena Denisow<\/h1>\n<p>e-mail: <a href=\"mailto:bozena.denisow@up.edu.pl\">bozena.denisow@up.edu.pl<\/a><\/p>\n<p><strong>Godziny przyj\u0119\u0107:<\/strong><br \/>poniedzia\u0142ek 09:30-10:30<br \/><em>(dodatkowo po uzgodnieniu telefonicznym lub mailowym)<\/em><\/p>\n\t\t<\/div>\r\n\t\t\t\t\t<div class=\"mn-img mn-grid-6\">\r\n\t\t\t\t\t\t\t\t\t<img src=\"https:\/\/up.lublin.pl\/srodowiskowa\/wp-content\/uploads\/sites\/5\/2025\/02\/prof_Denisow.png\" alt=\"\">\r\n\t\t\t\t\t\t\t\t<\/div>\r\n\t\t\t\t<\/div>\r\n<\/section>\r\n\t\t<\/div>\n\t\t\t\t<\/div>\n\t\t\t\t\t\t<\/div>\n\t\t\t\t\t<\/div>\n\t\t<\/div>\n\t\t\t\t\t\t\t\t<\/div>\n\t\t\t\t\t<\/div>\n\t\t<\/section>\n\t\t\t\t\t\t<\/div>\n\t\t\t\t\t\t<\/div>\n\t\t\t\t\t<\/div>\n\t\t","protected":false},"excerpt":{"rendered":"<p>Wydzial Biologii \u015arodowiskowej W\u0142adze UP Wydzia\u0142 Biologii \u015arodowiskowej \u00a0 \u00a0 Dziekan prof. dr hab. Tomasz Mieczan e-mail: tomasz.mieczan@up.edu.pl Godziny przyj\u0119\u0107:poniedzia\u0142ek 09:00-10:00,czwartek 09:00-10:00(dodatkowo po uzgodnieniu telefonicznym lub mailowym) \u00a0 \u00a0 Prodziekan prof. dr hab. Bo\u017cena Denisow e-mail: bozena.denisow@up.edu.pl Godziny przyj\u0119\u0107:poniedzia\u0142ek 09:30-10:30(dodatkowo po uzgodnieniu telefonicznym lub mailowym)<\/p>\n","protected":false},"author":2,"featured_media":0,"parent":164,"menu_order":0,"comment_status":"closed","ping_status":"closed","template":"elementor_header_footer","meta":{"_monsterinsights_skip_tracking":false,"_monsterinsights_sitenote_active":false,"_monsterinsights_sitenote_note":"","_monsterinsights_sitenote_category":0},"_links":{"self":[{"href":"https:\/\/up.lublin.pl\/srodowiskowa\/wp-json\/wp\/v2\/pages\/264"}],"collection":[{"href":"https:\/\/up.lublin.pl\/srodowiskowa\/wp-json\/wp\/v2\/pages"}],"about":[{"href":"https:\/\/up.lublin.pl\/srodowiskowa\/wp-json\/wp\/v2\/types\/page"}],"author":[{"embeddable":true,"href":"https:\/\/up.lublin.pl\/srodowiskowa\/wp-json\/wp\/v2\/users\/2"}],"replies":[{"embeddable":true,"href":"https:\/\/up.lublin.pl\/srodowiskowa\/wp-json\/wp\/v2\/comments?post=264"}],"version-history":[{"count":53,"href":"https:\/\/up.lublin.pl\/srodowiskowa\/wp-json\/wp\/v2\/pages\/264\/revisions"}],"predecessor-version":[{"id":178557,"href":"https:\/\/up.lublin.pl\/srodowiskowa\/wp-json\/wp\/v2\/pages\/264\/revisions\/178557"}],"up":[{"embeddable":true,"href":"https:\/\/up.lublin.pl\/srodowiskowa\/wp-json\/wp\/v2\/pages\/164"}],"wp:attachment":[{"href":"https:\/\/up.lublin.pl\/srodowiskowa\/wp-json\/wp\/v2\/media?parent=264"}],"curies":[{"name":"wp","href":"https:\/\/api.w.org\/{rel}","templated":true}]}}