{"id":1819,"date":"2021-04-10T17:57:48","date_gmt":"2021-04-10T15:57:48","guid":{"rendered":"http:\/\/nowastrona.up.lublin.pl\/srodowiskowa\/?page_id=1819"},"modified":"2025-11-27T12:12:37","modified_gmt":"2025-11-27T11:12:37","slug":"galeria","status":"publish","type":"page","link":"https:\/\/up.lublin.pl\/srodowiskowa\/wydzial\/galeria\/","title":{"rendered":"Galeria"},"content":{"rendered":"\t\t<div data-elementor-type=\"wp-page\" data-elementor-id=\"1819\" class=\"elementor elementor-1819\" data-elementor-settings=\"[]\">\n\t\t\t\t\t\t<div class=\"elementor-inner\">\n\t\t\t\t\t\t\t<div class=\"elementor-section-wrap\">\n\t\t\t\t\t\t\t<section class=\"elementor-section elementor-top-section elementor-element elementor-element-f58e3d5 elementor-section-boxed elementor-section-height-default elementor-section-height-default\" data-id=\"f58e3d5\" data-element_type=\"section\">\n\t\t\t\t\t\t<div class=\"elementor-container elementor-column-gap-default\">\n\t\t\t\t\t\t\t<div class=\"elementor-row\">\n\t\t\t\t\t<div class=\"elementor-column elementor-col-100 elementor-top-column elementor-element elementor-element-1c25cf7\" data-id=\"1c25cf7\" data-element_type=\"column\">\n\t\t\t<div class=\"elementor-column-wrap elementor-element-populated\">\n\t\t\t\t\t\t\t<div class=\"elementor-widget-wrap\">\n\t\t\t\t\t\t<div class=\"elementor-element elementor-element-32dfe68 elementor-widget elementor-widget-m2e\" data-id=\"32dfe68\" data-element_type=\"widget\" data-widget_type=\"m2e.default\">\n\t\t\t\t<div class=\"elementor-widget-container\">\n\t\t\t<section class=\"mn-m2-e mn-bg-green\">\n\t<div class=\"mn-grid\">\n\t\t<div class=\"mn-grid-3 mn-introtext\">\n\t\t\t\t\t\t\t<p class=\"mn-header\">Wydzia\u0142 Biologii \u015arodowiskowej<\/p>\n\t\t\t\t\t\t\t\t\t\t\t<h3>\n\t\t\t\t\tGaleria\t\t\t\t<\/h3>\n\t\t\t\t\t\t\t\t\t\t\t\t<\/div>\n\t\t<div class=\"mn-grid-9 mn-image-container\">\n\t\t\t\t\t<\/div>\n\t<\/div>\n\t<\/section>\n\t\t<\/div>\n\t\t\t\t<\/div>\n\t\t\t\t\t\t<\/div>\n\t\t\t\t\t<\/div>\n\t\t<\/div>\n\t\t\t\t\t\t\t\t<\/div>\n\t\t\t\t\t<\/div>\n\t\t<\/section>\n\t\t\t\t<section class=\"elementor-section elementor-top-section elementor-element elementor-element-d06a0cf elementor-section-boxed elementor-section-height-default elementor-section-height-default\" data-id=\"d06a0cf\" data-element_type=\"section\">\n\t\t\t\t\t\t<div class=\"elementor-container elementor-column-gap-default\">\n\t\t\t\t\t\t\t<div class=\"elementor-row\">\n\t\t\t\t\t<div class=\"elementor-column elementor-col-100 elementor-top-column elementor-element elementor-element-d1db838\" data-id=\"d1db838\" data-element_type=\"column\">\n\t\t\t<div class=\"elementor-column-wrap elementor-element-populated\">\n\t\t\t\t\t\t\t<div class=\"elementor-widget-wrap\">\n\t\t\t\t\t\t<div class=\"elementor-element elementor-element-8520628 elementor-widget elementor-widget-m5c\" data-id=\"8520628\" data-element_type=\"widget\" data-widget_type=\"m5c.default\">\n\t\t\t\t<div class=\"elementor-widget-container\">\n\t\t\t<section class=\"mn-m5-c mn-m5-d2 mn-bg-white\">\n\t<div class=\"mn-grid\">\n\t\t\t\t<div class=\"mn-content mn-grid-9\">\n\t\t\t                <div class=\"mn-content-block active\">\n\t                                                        <div class=\"block-text\">\n\t                                        <h3>Rok 2025<\/h3>\n<ol style=\"margin-bottom: 20px;\">\n<li><a href=\"https:\/\/up.lublin.pl\/blog\/galeria\/immatrykulacja-2025-2026-wydzial-biologii-srodowiskowej\/\">Immatrykulacja 2025\/2026 Wydzia\u0142 Biologii \u015arodowiskowej<\/a><\/li>\n<\/ol>\n<h3>Rok 2024<\/h3>\n<ol style=\"margin-bottom: 20px;\">\n<li><a href=\"https:\/\/up.lublin.pl\/blog\/galeria\/immatrykulacje-wydzialowe-2024-2025\/\">Immatrykulacje wydzia\u0142owe 2024\/2025<\/a><\/li>\n<li><a href=\"https:\/\/up.lublin.pl\/blog\/galeria\/warsztaty-botaniczne-dla-przedszkola-nr-86-w-lublinie\/\">Warsztaty botaniczne dla Przedszkola nr 86 w\u00a0Lublinie<\/a><\/li>\n<li><a href=\"https:\/\/up.lublin.pl\/blog\/galeria\/ii-naukowa-konferencja-pszczelarska-dla-otoczenia-spoleczno-gospodarczego-nauka-praktyce\/\">II naukowa konferencja pszczelarska dla otoczenia spo\u0142eczno-gospodarczego \u201eNauka Praktyce\u201d<\/a><\/li>\n<\/ol>\n<h3>Rok 2023<\/h3>\n<p>1. <a href=\"https:\/\/up.lublin.pl\/blog\/galeria\/wystawa-prof-dr-hab-gabriel-brzek-1908-2002-hydrobiolog-historyk-zoologii-polskiej\/\">Wystawa &#8211; &#8220;Prof. dr hab. Gabriel Brz\u0119k (1908-2002). Hydrobiolog. Historyk zoologii polskiej&#8221;<\/a><\/p>\n<h3>Rok 2022<\/h3>\n<p>1. <a href=\"https:\/\/up.lublin.pl\/blog\/galeria\/zajecia-studentow-wydzialu-biologii-srodowiskowej-w-ramach-projektu-wiedza-edukacja-rozwoj-zintegrowany-program-rozwoju-uniwersytetu-przyrodniczego-w-lublinie\/\">Zaj\u0119cia student\u00f3w Wydzia\u0142u Biologii \u015arodowiskowej w&nbsp;ramach projektu Wiedza, Edukacja, Rozw\u00f3j \u2013 \u201eZintegrowany Program Rozwoju Uniwersytetu Przyrodniczego w&nbsp;Lublinie\u201d<\/a><br \/>2. <a href=\"https:\/\/up.lublin.pl\/blog\/galeria\/swieto-botaniki-2022\/\">\u015awi\u0119to Botaniki 2022<\/a><br \/>3. <a href=\"https:\/\/up.lublin.pl\/blog\/galeria\/sesja-naukowa-herba-medica-2022\/\">Sesja naukowa Herba Medica 2022<\/a><\/p>\n<h3>Rok 2021<\/h3>\n<p>1. <a href=\"https:\/\/up.lublin.pl\/blog\/galeria\/otwarcie-pracowni-biokosmetologii\/\">Otwarcie Pracowni Biokosmetologii<\/a><br \/>2. <a href=\"https:\/\/up.lublin.pl\/blog\/galeria\/powolanie-nowych-wladz-dziekanskich\/\">Powo\u0142anie nowych W\u0142adz Dzieka\u0144skich<\/a><\/p>\n<h3>Rok 2020<\/h3>\n<p>1. <a href=\"https:\/\/up.lublin.pl\/blog\/galeria\/immatrykulacja-studentow-wydzialu-biologii-srodowiskowej\/\">Immatrykulacja student\u00f3w Wydzia\u0142u Biologii \u015arodowiskowej<\/a><\/p>\n<h3>Rok 2019<\/h3>\n<p>1. <a href=\"https:\/\/up.lublin.pl\/blog\/18891\/\">Studenci kierunku Ochrona \u015arodowiska &#8211; ochrona zagro\u017conych gatunk\u00f3w reliktowych wierzb<\/a><br \/>2. <a href=\"https:\/\/up.lublin.pl\/blog\/18797\/\">Wydzia\u0142 Biologii \u015arodowiskowej na XVI Lubelskim Festiwalu Nauki<\/a><br \/>3. <a href=\"https:\/\/up.lublin.pl\/blog\/19121\/\">Zaj\u0119cia terenowe student\u00f3w Wydzia\u0142u Biologii \u015arodowiskowej w&nbsp;Roztocza\u0144skim Parku Narodowym finansowane w&nbsp;ramach funduszy europejskich \u201eZintegrowany Program Rozwoju Uniwersytetu Przyrodniczego w&nbsp;Lublinie\u201d nr POWR.03.05.00-00-Z232\/17<\/a><br \/>4. <a href=\"https:\/\/up.lublin.pl\/blog\/19288\/\">Wyjazd szkoleniowy student\u00f3w kierunk\u00f3w Ochrona \u015arodowiska oraz Biologia (Wydzia\u0142 Biologii \u015arodowiskowej) do Poleskiego Parku Narodowego finansowany w&nbsp;ramach funduszy europejskich \u201eZintegrowany Program Rozwoju Uniwersytetu Przyrodniczego w&nbsp;Lublinie\u201d<\/a><br \/>5. <a href=\"https:\/\/up.lublin.pl\/blog\/19597\/\">Warsztaty &#8220;Egzo- i&nbsp;endotropowe struktury wydzielnicze w&nbsp;wybranych gatunkach ro\u015blin kosmetycznych&#8221;<\/a><br \/>6. <a href=\"https:\/\/up.lublin.pl\/blog\/19853\/\">Wizyta z&nbsp;wyk\u0142adem otwartym dla uczni\u00f3w szk\u00f3\u0142 ponadpodstawowych w&nbsp;Jab\u0142oniu i&nbsp;Parczewie.<\/a><\/p>\n                                        <\/div>\n\t\t\t\t\t\t                                <\/div>\n\t\t\t\t                <div class=\"mn-content-block\">\n\t                                <\/div>\n\t\t\t\t                <div class=\"mn-content-block\">\n\t                                <\/div>\n\t\t\t\t                <div class=\"mn-content-block\">\n\t                                <\/div>\n\t\t\t\t                <div class=\"mn-content-block\">\n\t                                <\/div>\n\t\t\t\t                <div class=\"mn-content-block\">\n\t                                <\/div>\n\t\t\t\t                <div class=\"mn-content-block\">\n\t                                <\/div>\n\t\t\t\t                <div class=\"mn-content-block\">\n\t                                <\/div>\n\t\t\t\t                <div class=\"mn-content-block\">\n\t                                <\/div>\n\t\t\t\t                <div class=\"mn-content-block\">\n\t                                <\/div>\n\t\t\t\t                <div class=\"mn-content-block\">\n\t                                <\/div>\n\t\t\t\t                <div class=\"mn-content-block\">\n\t                                <\/div>\n\t\t\t\t                <div class=\"mn-content-block\">\n\t                                <\/div>\n\t\t\t\t                <div class=\"mn-content-block\">\n\t                                <\/div>\n\t\t\t\t                <div class=\"mn-content-block\">\n\t                                <\/div>\n\t\t\t\t                <div class=\"mn-content-block\">\n\t                                <\/div>\n\t\t\t\t                <div class=\"mn-content-block\">\n\t                                <\/div>\n\t\t\t\t                <div class=\"mn-content-block\">\n\t                                <\/div>\n\t\t\t\t                <div class=\"mn-content-block\">\n\t                                <\/div>\n\t\t\t\t                <div class=\"mn-content-block\">\n\t                                <\/div>\n\t\t\t\t\t\t<\/div>\n\t<\/div>\n<\/section>\n\t\t<\/div>\n\t\t\t\t<\/div>\n\t\t\t\t\t\t<\/div>\n\t\t\t\t\t<\/div>\n\t\t<\/div>\n\t\t\t\t\t\t\t\t<\/div>\n\t\t\t\t\t<\/div>\n\t\t<\/section>\n\t\t\t\t\t\t<\/div>\n\t\t\t\t\t\t<\/div>\n\t\t\t\t\t<\/div>\n\t\t","protected":false},"excerpt":{"rendered":"<p>Wydzia\u0142 Biologii \u015arodowiskowej Galeria UP Wydzia\u0142 Biologii \u015arodowiskowej Rok 2025 Immatrykulacja 2025\/2026 Wydzia\u0142 Biologii \u015arodowiskowej Rok 2024 Immatrykulacje wydzia\u0142owe 2024\/2025 Warsztaty botaniczne dla Przedszkola nr 86 w\u00a0Lublinie II naukowa konferencja pszczelarska dla otoczenia spo\u0142eczno-gospodarczego \u201eNauka Praktyce\u201d Rok 2023 1. Wystawa &#8211; &#8220;Prof. dr hab. Gabriel Brz\u0119k (1908-2002). Hydrobiolog. Historyk zoologii polskiej&#8221; Rok 2022 1. Zaj\u0119cia [&hellip;]<\/p>\n","protected":false},"author":2,"featured_media":0,"parent":164,"menu_order":0,"comment_status":"closed","ping_status":"closed","template":"elementor_header_footer","meta":{"_monsterinsights_skip_tracking":false,"_monsterinsights_sitenote_active":false,"_monsterinsights_sitenote_note":"","_monsterinsights_sitenote_category":0},"_links":{"self":[{"href":"https:\/\/up.lublin.pl\/srodowiskowa\/wp-json\/wp\/v2\/pages\/1819"}],"collection":[{"href":"https:\/\/up.lublin.pl\/srodowiskowa\/wp-json\/wp\/v2\/pages"}],"about":[{"href":"https:\/\/up.lublin.pl\/srodowiskowa\/wp-json\/wp\/v2\/types\/page"}],"author":[{"embeddable":true,"href":"https:\/\/up.lublin.pl\/srodowiskowa\/wp-json\/wp\/v2\/users\/2"}],"replies":[{"embeddable":true,"href":"https:\/\/up.lublin.pl\/srodowiskowa\/wp-json\/wp\/v2\/comments?post=1819"}],"version-history":[{"count":31,"href":"https:\/\/up.lublin.pl\/srodowiskowa\/wp-json\/wp\/v2\/pages\/1819\/revisions"}],"predecessor-version":[{"id":177411,"href":"https:\/\/up.lublin.pl\/srodowiskowa\/wp-json\/wp\/v2\/pages\/1819\/revisions\/177411"}],"up":[{"embeddable":true,"href":"https:\/\/up.lublin.pl\/srodowiskowa\/wp-json\/wp\/v2\/pages\/164"}],"wp:attachment":[{"href":"https:\/\/up.lublin.pl\/srodowiskowa\/wp-json\/wp\/v2\/media?parent=1819"}],"curies":[{"name":"wp","href":"https:\/\/api.w.org\/{rel}","templated":true}]}}