{"id":176568,"date":"2025-10-27T09:54:37","date_gmt":"2025-10-27T08:54:37","guid":{"rendered":"https:\/\/up.lublin.pl\/srodowiskowa\/?page_id=176568"},"modified":"2025-11-20T13:26:36","modified_gmt":"2025-11-20T12:26:36","slug":"akredytacja","status":"publish","type":"page","link":"https:\/\/up.lublin.pl\/srodowiskowa\/akredytacja\/","title":{"rendered":"Akredytacja"},"content":{"rendered":"\t\t<div data-elementor-type=\"wp-page\" data-elementor-id=\"176568\" class=\"elementor elementor-176568\" data-elementor-settings=\"[]\">\n\t\t\t\t\t\t<div class=\"elementor-inner\">\n\t\t\t\t\t\t\t<div class=\"elementor-section-wrap\">\n\t\t\t\t\t\t\t<section class=\"elementor-section elementor-top-section elementor-element elementor-element-29076ee elementor-section-boxed elementor-section-height-default elementor-section-height-default\" data-id=\"29076ee\" data-element_type=\"section\">\n\t\t\t\t\t\t<div class=\"elementor-container elementor-column-gap-default\">\n\t\t\t\t\t\t\t<div class=\"elementor-row\">\n\t\t\t\t\t<div class=\"elementor-column elementor-col-100 elementor-top-column elementor-element elementor-element-31f94ff\" data-id=\"31f94ff\" data-element_type=\"column\">\n\t\t\t<div class=\"elementor-column-wrap elementor-element-populated\">\n\t\t\t\t\t\t\t<div class=\"elementor-widget-wrap\">\n\t\t\t\t\t\t<div class=\"elementor-element elementor-element-a9d7fd6 elementor-widget elementor-widget-m5c\" data-id=\"a9d7fd6\" data-element_type=\"widget\" data-widget_type=\"m5c.default\">\n\t\t\t\t<div class=\"elementor-widget-container\">\n\t\t\t<section class=\"mn-m5-c mn-m5-d2 mn-bg-white\">\n\t<div class=\"mn-grid\">\n\t\t\t\t<div class=\"mn-content mn-grid-9\">\n\t\t\t                <div class=\"mn-content-block active\">\n\t                                                        <div class=\"block-text\">\n\t                                        <p><strong>Mi\u0142o nam poinformowa\u0107, \u017ce wszystkie realizowane i&nbsp;oceniane na Wydziale Biologii \u015arodowiskowej kierunki studi\u00f3w otrzyma\u0142y pozytywn\u0105 ocen\u0119 programow\u0105 wydan\u0105 przez Prezydium Polskiej Komisji Akredytacyjnej. Akredytacja zosta\u0142a przyznana na maksymalny okres \u2013 6 lat.<\/strong><\/p>\n<p>Polska Komisja Akredytacyjna jest\u00a0niezale\u017cn\u0105 instytucj\u0105 akredytacyjn\u0105 zapewniaj\u0105c\u0105 zewn\u0119trzny system kontroli jako\u015bci kszta\u0142cenia na polskich uczelniach.\u00a0W swojej uchwale\u00a0Prezydium PKA stwierdzi\u0142o, \u017ce\u00a0proces kszta\u0142cenia umo\u017cliwia studentom ocenianych kierunk\u00f3w\u00a0osi\u0105gni\u0119cie za\u0142o\u017conych efekt\u00f3w uczenia si\u0119 dla studi\u00f3w pierwszego i\u00a0drugiego stopnia o\u00a0profilu\u00a0og\u00f3lnoakademickim.<\/p>\n<p>Osi\u0105gni\u0119ty wynik oznacza, \u017ce Uczelnia spe\u0142nia wymagania kadrowe, programowe oraz organizacyjne do prowadzenia studi\u00f3w na tych kierunkach. Zesp\u00f3\u0142 oceniaj\u0105cy PKA ocenia\u0142 m.in. koncepcj\u0119 i&nbsp;program studi\u00f3w, proces rekrutacji, kszta\u0142cenia i&nbsp;dyplomowania student\u00f3w, kompetencje i&nbsp;do\u015bwiadczenie kadry, wsp\u00f3\u0142prac\u0119 z&nbsp;otoczeniem spo\u0142eczno-gospodarczym, infrastruktur\u0119 Uczelni oraz formy wsparcia student\u00f3w.<\/p>\n<p>Pozytywna ocena jest potwierdzeniem i\u00a0gwarancj\u0105 wysokiej jako\u015bci kszta\u0142cenia prowadzonej na kierunkach studi\u00f3w realizowanych na Wydziale Biologii \u015arodowiskowej.<\/p>\n                                        <\/div>\n\t\t\t\t\t\t                                                        <div class=\"block-text\">\n\t                                        <p>UCHWA\u0141Y POLSKIEJ KOMISJI AKREDYTACYJNEJ<\/p>\n                                        <\/div>\n\t\t\t\t\t\t                                                        <div class=\"mn-cards-list\">\n                                            <div class=\"mn-card-container\">\n                                                <div>\n                                                    <img src=\"https:\/\/up.lublin.pl\/srodowiskowa\/wp-content\/themes\/up-lublin\/assets\/images\/doc-ico.svg\" alt=\"\" \/>\n                                                    <h5>Uchwa\u0142a nr 20\/2025 Prezydium Polskiej Komisji Akredytacyjnej z&nbsp;dnia 23 stycznia 2025 r. w&nbsp;sprawie oceny programowej kierunku biologia<\/h5>\n                                                <\/div>\n                                                <a href=\"https:\/\/up.lublin.pl\/srodowiskowa\/wp-content\/uploads\/sites\/5\/2025\/10\/1.uchw_oc_biologia_uniwprzyr_lublin.pdf\" class=\"mn-more\" target=\"_blank\">Zobacz<\/a>\n                                            <\/div>\n                                        <\/div>\n\t\t\t\t\t\t                                                        <div class=\"mn-cards-list\">\n                                            <div class=\"mn-card-container\">\n                                                <div>\n                                                    <img src=\"https:\/\/up.lublin.pl\/srodowiskowa\/wp-content\/themes\/up-lublin\/assets\/images\/doc-ico.svg\" alt=\"\" \/>\n                                                    <h5>Uchwa\u0142a nr 35\/2024 Prezydium Polskiej Komisji Akredytacyjnej z&nbsp;dnia 25 stycznia 2024 r. w&nbsp;sprawie oceny programowej kierunku ochrona \u015brodowiska<\/h5>\n                                                <\/div>\n                                                <a href=\"https:\/\/up.lublin.pl\/srodowiskowa\/wp-content\/uploads\/sites\/5\/2025\/10\/1.uchw_oc_ochrona-srodowiska_uniwprzyr_lublin.pdf\" class=\"mn-more\" target=\"_blank\">Zobacz<\/a>\n                                            <\/div>\n                                        <\/div>\n\t\t\t\t\t\t                                                        <div class=\"mn-cards-list\">\n                                            <div class=\"mn-card-container\">\n                                                <div>\n                                                    <img src=\"https:\/\/up.lublin.pl\/srodowiskowa\/wp-content\/themes\/up-lublin\/assets\/images\/doc-ico.svg\" alt=\"\" \/>\n                                                    <h5>Uchwa\u0142a nr 693\/2023 Prezydium Polskiej Komisji Akredytacyjnej z&nbsp;dnia 7 wrze\u015bnia 2023 r. w&nbsp;sprawie oceny programowej kierunku biokosmetologia<\/h5>\n                                                <\/div>\n                                                <a href=\"https:\/\/up.lublin.pl\/srodowiskowa\/wp-content\/uploads\/sites\/5\/2025\/10\/Uchwala-nr-693-2023-Prezydium-PKA-z-dn.-7.09.2023-r-biokosmetologia.pdf\" class=\"mn-more\" target=\"_blank\">Zobacz<\/a>\n                                            <\/div>\n                                        <\/div>\n\t\t\t\t\t\t                                <\/div>\n\t\t\t\t                <div class=\"mn-content-block\">\n\t                                <\/div>\n\t\t\t\t                <div class=\"mn-content-block\">\n\t                                <\/div>\n\t\t\t\t                <div class=\"mn-content-block\">\n\t                                <\/div>\n\t\t\t\t                <div class=\"mn-content-block\">\n\t                                <\/div>\n\t\t\t\t                <div class=\"mn-content-block\">\n\t                                <\/div>\n\t\t\t\t                <div class=\"mn-content-block\">\n\t                                <\/div>\n\t\t\t\t                <div class=\"mn-content-block\">\n\t                                <\/div>\n\t\t\t\t                <div class=\"mn-content-block\">\n\t                                <\/div>\n\t\t\t\t                <div class=\"mn-content-block\">\n\t                                <\/div>\n\t\t\t\t                <div class=\"mn-content-block\">\n\t                                <\/div>\n\t\t\t\t                <div class=\"mn-content-block\">\n\t                                <\/div>\n\t\t\t\t                <div class=\"mn-content-block\">\n\t                                <\/div>\n\t\t\t\t                <div class=\"mn-content-block\">\n\t                                <\/div>\n\t\t\t\t                <div class=\"mn-content-block\">\n\t                                <\/div>\n\t\t\t\t                <div class=\"mn-content-block\">\n\t                                <\/div>\n\t\t\t\t                <div class=\"mn-content-block\">\n\t                                <\/div>\n\t\t\t\t                <div class=\"mn-content-block\">\n\t                                <\/div>\n\t\t\t\t                <div class=\"mn-content-block\">\n\t                                <\/div>\n\t\t\t\t                <div class=\"mn-content-block\">\n\t                                <\/div>\n\t\t\t\t\t\t<\/div>\n\t<\/div>\n<\/section>\n\t\t<\/div>\n\t\t\t\t<\/div>\n\t\t\t\t\t\t<\/div>\n\t\t\t\t\t<\/div>\n\t\t<\/div>\n\t\t\t\t\t\t\t\t<\/div>\n\t\t\t\t\t<\/div>\n\t\t<\/section>\n\t\t\t\t\t\t<\/div>\n\t\t\t\t\t\t<\/div>\n\t\t\t\t\t<\/div>\n\t\t","protected":false},"excerpt":{"rendered":"<p>Mi\u0142o nam poinformowa\u0107, \u017ce wszystkie realizowane i&nbsp;oceniane na Wydziale Biologii \u015arodowiskowej kierunki studi\u00f3w otrzyma\u0142y pozytywn\u0105 ocen\u0119 programow\u0105 wydan\u0105 przez Prezydium Polskiej Komisji Akredytacyjnej. Akredytacja zosta\u0142a przyznana na maksymalny okres \u2013 6 lat. Polska Komisja Akredytacyjna jest\u00a0niezale\u017cn\u0105 instytucj\u0105 akredytacyjn\u0105 zapewniaj\u0105c\u0105 zewn\u0119trzny system kontroli jako\u015bci kszta\u0142cenia na polskich uczelniach.\u00a0W swojej uchwale\u00a0Prezydium PKA stwierdzi\u0142o, \u017ce\u00a0proces kszta\u0142cenia umo\u017cliwia studentom [&hellip;]<\/p>\n","protected":false},"author":202,"featured_media":0,"parent":0,"menu_order":0,"comment_status":"closed","ping_status":"closed","template":"elementor_header_footer","meta":{"_monsterinsights_skip_tracking":false,"_monsterinsights_sitenote_active":false,"_monsterinsights_sitenote_note":"","_monsterinsights_sitenote_category":0},"_links":{"self":[{"href":"https:\/\/up.lublin.pl\/srodowiskowa\/wp-json\/wp\/v2\/pages\/176568"}],"collection":[{"href":"https:\/\/up.lublin.pl\/srodowiskowa\/wp-json\/wp\/v2\/pages"}],"about":[{"href":"https:\/\/up.lublin.pl\/srodowiskowa\/wp-json\/wp\/v2\/types\/page"}],"author":[{"embeddable":true,"href":"https:\/\/up.lublin.pl\/srodowiskowa\/wp-json\/wp\/v2\/users\/202"}],"replies":[{"embeddable":true,"href":"https:\/\/up.lublin.pl\/srodowiskowa\/wp-json\/wp\/v2\/comments?post=176568"}],"version-history":[{"count":30,"href":"https:\/\/up.lublin.pl\/srodowiskowa\/wp-json\/wp\/v2\/pages\/176568\/revisions"}],"predecessor-version":[{"id":177342,"href":"https:\/\/up.lublin.pl\/srodowiskowa\/wp-json\/wp\/v2\/pages\/176568\/revisions\/177342"}],"wp:attachment":[{"href":"https:\/\/up.lublin.pl\/srodowiskowa\/wp-json\/wp\/v2\/media?parent=176568"}],"curies":[{"name":"wp","href":"https:\/\/api.w.org\/{rel}","templated":true}]}}