{"id":176254,"date":"2025-10-17T09:27:49","date_gmt":"2025-10-17T07:27:49","guid":{"rendered":"https:\/\/up.lublin.pl\/srodowiskowa\/?page_id=176254"},"modified":"2026-02-18T13:54:01","modified_gmt":"2026-02-18T12:54:01","slug":"ochrona-srodowiska-studia-niestacjonarne-ii-stopnia-nabor-2024-2025","status":"publish","type":"page","link":"https:\/\/up.lublin.pl\/srodowiskowa\/ksztalcenie\/ochrona-srodowiska-studia-niestacjonarne-ii-stopnia-nabor-2024-2025\/","title":{"rendered":"OCHRONA \u015aRODOWISKA studia niestacjonarne II stopnia, nab\u00f3r 2024\/2025"},"content":{"rendered":"\t\t<div data-elementor-type=\"wp-page\" data-elementor-id=\"176254\" class=\"elementor elementor-176254\" data-elementor-settings=\"[]\">\n\t\t\t\t\t\t<div class=\"elementor-inner\">\n\t\t\t\t\t\t\t<div class=\"elementor-section-wrap\">\n\t\t\t\t\t\t\t<section class=\"elementor-section elementor-top-section elementor-element elementor-element-76f07cfe elementor-section-boxed elementor-section-height-default elementor-section-height-default\" data-id=\"76f07cfe\" data-element_type=\"section\">\n\t\t\t\t\t\t<div class=\"elementor-container elementor-column-gap-default\">\n\t\t\t\t\t\t\t<div class=\"elementor-row\">\n\t\t\t\t\t<div class=\"elementor-column elementor-col-100 elementor-top-column elementor-element elementor-element-1dd2f520\" data-id=\"1dd2f520\" data-element_type=\"column\">\n\t\t\t<div class=\"elementor-column-wrap elementor-element-populated\">\n\t\t\t\t\t\t\t<div class=\"elementor-widget-wrap\">\n\t\t\t\t\t\t<div class=\"elementor-element elementor-element-635f71e elementor-widget elementor-widget-m5c\" data-id=\"635f71e\" data-element_type=\"widget\" data-widget_type=\"m5c.default\">\n\t\t\t\t<div class=\"elementor-widget-container\">\n\t\t\t<section class=\"mn-m5-c mn-m5-d2 mn-bg-white\">\n\t<div class=\"mn-grid\">\n\t\t\t\t<div class=\"mn-content mn-grid-9\">\n\t\t\t                <div class=\"mn-content-block active\">\n\t                                                        <div class=\"block-text\">\n\t                                        <h5 style=\"margin-bottom: 20px\"><a href=\"https:\/\/up.lublin.pl\/srodowiskowa\/ksztalcenie\/\">\u2190 powr\u00f3t<\/a><\/h5>\n<h1 style=\"text-align: center\">OCHRONA \u015aRODOWISKA<br \/>studia niestacjonarne II stopnia, nab\u00f3r 2024\/2025<\/h1>\n<p>\u00a0<\/p>\n                                        <\/div>\n\t\t\t\t\t\t                                                        <ul class=\"mn-accordion\">\n                                            <li>\n                                                <h4 class=\"mn-accordion-title\">Semestr I<\/h4>\n                                                <div>\n\t\t\t\t\t\t\t\t\t                <p><a href=\"https:\/\/up.lublin.pl\/srodowiskowa\/wp-content\/uploads\/sites\/5\/2023\/10\/1.-Produktywnosc-i-eksploatacja-biocenoz.pdf\">Produktywno\u015b\u0107 i\u00a0eksploatacja biocenoz<\/a><\/p>\n<p><a href=\"https:\/\/up.lublin.pl\/srodowiskowa\/wp-content\/uploads\/sites\/5\/2023\/10\/2.-Biobezpieczenstwo.pdf\">Biobezpiecze\u0144stwo<\/a><\/p>\n<p><a href=\"https:\/\/up.lublin.pl\/srodowiskowa\/wp-content\/uploads\/sites\/5\/2023\/10\/3.-Statystyka-i-modelowanie.pdf\">Statystyka i\u00a0modelowanie \u015brodowiska<\/a><\/p>\n<p><a href=\"https:\/\/up.lublin.pl\/srodowiskowa\/wp-content\/uploads\/sites\/5\/2023\/10\/4.-Bioanalityka-niestacjonarne.pdf\">Bioanalityka<\/a><\/p>\n<p><a href=\"https:\/\/up.lublin.pl\/srodowiskowa\/wp-content\/uploads\/sites\/5\/2023\/10\/5.-Zarzadzanie-zasobami-wod-1.pdf\">Zarz\u0105dzanie zasobami w\u00f3d<\/a>\u00a0 \/\u00a0\u00a0<a href=\"https:\/\/up.lublin.pl\/srodowiskowa\/wp-content\/uploads\/sites\/5\/2023\/10\/5a.-Water-resources-management.pdf\">Water resources management<\/a><\/p>\n<p><a href=\"https:\/\/up.lublin.pl\/srodowiskowa\/wp-content\/uploads\/sites\/5\/2023\/10\/6a.-angielski-1.pdf\">J\u0119zyk obcy specjalistyczny \u2013 angielski<\/a><\/p>\n<p><a href=\"https:\/\/up.lublin.pl\/srodowiskowa\/wp-content\/uploads\/sites\/5\/2023\/10\/6b.-francuski-1.pdf\">J\u0119zyk obcy specjalistyczny \u2013 francuski<\/a><\/p>\n<p><a href=\"https:\/\/up.lublin.pl\/srodowiskowa\/wp-content\/uploads\/sites\/5\/2023\/10\/6c.-niemiecki-1.pdf\">J\u0119zyk obcy specjalistyczny \u2013 niemiecki<\/a><\/p>\n<p><a href=\"https:\/\/up.lublin.pl\/srodowiskowa\/wp-content\/uploads\/sites\/5\/2023\/10\/6d.-rosyjski-1.pdf\">J\u0119zyk obcy specjalistyczny \u2013 rosyjski<\/a><\/p>\n<p><a href=\"https:\/\/up.lublin.pl\/srodowiskowa\/wp-content\/uploads\/sites\/5\/2023\/10\/7a.-Programy-restytucji-gatunkow-i-renaturyzacji-siedlisk-1.pdf\">Przedmiot do wyboru 1 \u2013 Programy restytucji gatunk\u00f3w i\u00a0renaturyzacji siedlisk<\/a><\/p>\n<p><a href=\"https:\/\/up.lublin.pl\/srodowiskowa\/wp-content\/uploads\/sites\/5\/2023\/10\/7b.-Biologiczne-podstawy-ochrony-przyrody-1.pdf\">Przedmiot do wyboru 1 \u2013 Biologiczne podstawy ochrony przyrody<\/a><\/p>\n                                                <\/div>\n                                            <\/li>\n                                        <\/ul>\n\t\t\t\t\t\t                                                        <ul class=\"mn-accordion\">\n                                            <li>\n                                                <h4 class=\"mn-accordion-title\">Semestr II<\/h4>\n                                                <div>\n\t\t\t\t\t\t\t\t\t                <p><a href=\"https:\/\/up.lublin.pl\/srodowiskowa\/wp-content\/uploads\/sites\/5\/2023\/10\/8.-Ekotoksykologia.pdf\">Ekotoksykologia<\/a><\/p>\n<p><a href=\"https:\/\/up.lublin.pl\/srodowiskowa\/wp-content\/uploads\/sites\/5\/2023\/10\/9.-Roznorodnosc-siedlisk-i-ekosystemow.pdf\">R\u00f3\u017cnorodno\u015b\u0107 siedlisk i\u00a0ekosystem\u00f3w<\/a><\/p>\n<p><a href=\"https:\/\/up.lublin.pl\/srodowiskowa\/wp-content\/uploads\/sites\/5\/2023\/10\/10.-Inzynieria-srodowiska.pdf\">In\u017cynieria \u015brodowiska<\/a><\/p>\n<p><a href=\"https:\/\/up.lublin.pl\/srodowiskowa\/wp-content\/uploads\/sites\/5\/2023\/10\/11.-Gatunki-inwazyjne-i-obce-1.pdf\">Gatunki inwazyjne i\u00a0obce<\/a><\/p>\n<p><a href=\"https:\/\/up.lublin.pl\/srodowiskowa\/wp-content\/uploads\/sites\/5\/2023\/10\/12a.-Savoir-vivre.pdf\">Przedmiot humanistyczny 1 \u2013 Savoir-vivre<\/a><\/p>\n<p><a href=\"https:\/\/up.lublin.pl\/srodowiskowa\/wp-content\/uploads\/sites\/5\/2023\/10\/12b.-Bioetyka.pdf\">Przedmiot humanistyczny 1 \u2013 Bioetyka<\/a><\/p>\n<p><a href=\"https:\/\/up.lublin.pl\/srodowiskowa\/wp-content\/uploads\/sites\/5\/2023\/10\/13a.-Ekologia-i-ochrona-ptakow-krajobrazu-rolniczego-i-miejskiego.pdf\">Przedmiot do wyboru 2 \u2013 Ekologia i\u00a0ochrona ptak\u00f3w krajobrazu rolniczego i\u00a0miejskiego<\/a><\/p>\n<p><a href=\"https:\/\/up.lublin.pl\/srodowiskowa\/wp-content\/uploads\/sites\/5\/2023\/10\/13b.-Ekologia-i-ochrona-ptakow-wodno-blotnych.pdf\">Przedmiot do wyboru 2 \u2013 Ekologia i\u00a0ochrona ptak\u00f3w wodno-b\u0142otnych<\/a><\/p>\n<p><a href=\"https:\/\/up.lublin.pl\/srodowiskowa\/wp-content\/uploads\/sites\/5\/2023\/10\/14a.-Ekspertyzy-przyrodnicze.pdf\">Przedmiot do wyboru 3 \u2013 Ekspertyzy przyrodnicze<\/a><\/p>\n<p><a href=\"https:\/\/up.lublin.pl\/srodowiskowa\/wp-content\/uploads\/sites\/5\/2023\/10\/14b.-Waloryzacja-srodowiska.pdf\">Przedmiot do wyboru 3 \u2013 Waloryzacja \u015brodowiska<\/a><\/p>\n<p><a href=\"https:\/\/up.lublin.pl\/srodowiskowa\/wp-content\/uploads\/sites\/5\/2023\/10\/14c.-Methods-of-landscape-quality-assessment_ANG.pdf\">Przedmiot do wyboru 3 \u2013 Methods of landscape quality assessment<\/a><\/p>\n<p><a href=\"https:\/\/up.lublin.pl\/srodowiskowa\/wp-content\/uploads\/sites\/5\/2023\/10\/14d.-Environmental-restoration_ANG.pdf\">Przedmiot do wyboru 3 \u2013 Environmental restorationion<\/a><\/p>\n                                                <\/div>\n                                            <\/li>\n                                        <\/ul>\n\t\t\t\t\t\t                                                        <ul class=\"mn-accordion\">\n                                            <li>\n                                                <h4 class=\"mn-accordion-title\">Semestr III<\/h4>\n                                                <div>\n\t\t\t\t\t\t\t\t\t                <p><a href=\"https:\/\/up.lublin.pl\/srodowiskowa\/wp-content\/uploads\/sites\/5\/2023\/10\/15.-Rybactwo-a-ochrona-wod.pdf\">Rybactwo a\u00a0ochrona w\u00f3d<\/a><\/p>\n<p><a href=\"https:\/\/up.lublin.pl\/srodowiskowa\/wp-content\/uploads\/sites\/5\/2023\/10\/16.-Zarzadzanie-obszarami-Natura-2000.pdf\">Zarz\u0105dzanie obszarami Natura 2000<\/a><\/p>\n<p><a href=\"https:\/\/up.lublin.pl\/srodowiskowa\/wp-content\/uploads\/sites\/5\/2023\/10\/17.-Ekologia-i-ochrona-wod-plynacych.pdf\">Ekologia i\u00a0ochrona w\u00f3d p\u0142yn\u0105cych<\/a><\/p>\n<p><a href=\"https:\/\/up.lublin.pl\/srodowiskowa\/wp-content\/uploads\/sites\/5\/2023\/10\/18.-Projektowanie-obszarow-chronionych-1.pdf\">Projektowanie obszar\u00f3w chronionych<\/a><\/p>\n<p><a href=\"https:\/\/up.lublin.pl\/srodowiskowa\/wp-content\/uploads\/sites\/5\/2023\/10\/OS_n_II__Seminarium-dyplomowe_1_A.pdf\">Seminarium dyplomowe 1A<\/a><\/p>\n<p><a href=\"https:\/\/up.lublin.pl\/srodowiskowa\/wp-content\/uploads\/sites\/5\/2023\/10\/OS_n_II__Seminarium-dyplomowe_1_B.pdf\">Seminarium dyplomowe 1B<\/a><\/p>\n<p><a href=\"https:\/\/up.lublin.pl\/srodowiskowa\/wp-content\/uploads\/sites\/5\/2023\/10\/20a.-Coaching.pdf\">Przedmiot humanistyczny 2 \u2013 Coaching<\/a><\/p>\n<p><a href=\"https:\/\/up.lublin.pl\/srodowiskowa\/wp-content\/uploads\/sites\/5\/2023\/10\/20b.-Komunikacja-medialna.pdf\">Przedmiot humanistyczny 2 \u2013 Komunikacja medialna<\/a><\/p>\n<p><a href=\"https:\/\/up.lublin.pl\/srodowiskowa\/wp-content\/uploads\/sites\/5\/2023\/10\/21a.-Ekologia-Pszczolowatych.pdf\">Przedmiot do wyboru 4 \u2013 Ekologia pszczo\u0142owatych<\/a><\/p>\n<p><a href=\"https:\/\/up.lublin.pl\/srodowiskowa\/wp-content\/uploads\/sites\/5\/2023\/10\/21b.-Ochrona-owadow-zapylajacych-2.pdf\">Przedmiot do wyboru 4 \u2013 Ochrona owad\u00f3w zapylaj\u0105cych<\/a><\/p>\n<p><a href=\"https:\/\/up.lublin.pl\/srodowiskowa\/wp-content\/uploads\/sites\/5\/2023\/10\/22a.-Zarzadzanie-zasobami-torfowisk-1.pdf\">Przedmiot do wyboru 5 \u2013 Zarz\u0105dzanie zasobami torfowisk<\/a><\/p>\n<p><a href=\"https:\/\/up.lublin.pl\/srodowiskowa\/wp-content\/uploads\/sites\/5\/2023\/10\/22b.-Ekologia-ekosystemow-torfowiskowych.pdf\">Przedmiot do wyboru 5 \u2013 Ekologia ekosystem\u00f3w torfowiskowych<\/a><\/p>\n                                                <\/div>\n                                            <\/li>\n                                        <\/ul>\n\t\t\t\t\t\t                                                        <ul class=\"mn-accordion\">\n                                            <li>\n                                                <h4 class=\"mn-accordion-title\">Semestr IV<\/h4>\n                                                <div>\n\t\t\t\t\t\t\t\t\t                <p><a href=\"https:\/\/up.lublin.pl\/srodowiskowa\/wp-content\/uploads\/sites\/5\/2023\/10\/23.-Polityka-ochrony-srodowiska.pdf\">Polityka ochrony \u015brodowiska<\/a><\/p>\n<p><a href=\"https:\/\/up.lublin.pl\/srodowiskowa\/wp-content\/uploads\/sites\/5\/2023\/10\/24.-Systemy-informacji-przestrzennej-w-ochronie-srodowiska.pdf\">Systemy informacji przestrzennej w\u00a0ochronie \u015brodowiska<\/a><\/p>\n<p><a href=\"https:\/\/up.lublin.pl\/srodowiskowa\/wp-content\/uploads\/sites\/5\/2023\/10\/25.-Etyka-zawodowa-1.pdf\">Etyka zawodowa<\/a><\/p>\n<p><a href=\"https:\/\/up.lublin.pl\/srodowiskowa\/wp-content\/uploads\/sites\/5\/2023\/10\/26a.-Funkcjonowanie-i-ochrona-mokradel.pdf\">Przedmiot do wyboru 6 \u2013 Funkcjonowanie i\u00a0ochrona mokrade\u0142<\/a><\/p>\n<p><a href=\"https:\/\/up.lublin.pl\/srodowiskowa\/wp-content\/uploads\/sites\/5\/2023\/10\/26b.-Ekosystemy-wodne-i-ladowe-swiata.pdf\">Przedmiot do wyboru 6 \u2013 Ekosystemy wodne i\u00a0l\u0105dowe \u015bwiata<\/a><\/p>\n<p><a href=\"https:\/\/up.lublin.pl\/srodowiskowa\/wp-content\/uploads\/sites\/5\/2023\/10\/OS_n_II__Seminarium-dyplomowe_2_A.pdf\">Seminarium dyplomowe 2A<\/a><\/p>\n<p><a href=\"https:\/\/up.lublin.pl\/srodowiskowa\/wp-content\/uploads\/sites\/5\/2023\/10\/OS_n_II__Seminarium-dyplomowe_2_B.pdf\">Seminarium dyplomowe 2B<\/a><\/p>\n<p><a href=\"https:\/\/up.lublin.pl\/srodowiskowa\/wp-content\/uploads\/sites\/5\/2023\/10\/OS_n_II__Praca-magisterska-i-egzamin-dyplomowy.pdf\">Praca magisterska i\u00a0egzamin dyplomowy<\/a><\/p>\n                                                <\/div>\n                                            <\/li>\n                                        <\/ul>\n\t\t\t\t\t\t                                <\/div>\n\t\t\t\t                <div class=\"mn-content-block\">\n\t                                <\/div>\n\t\t\t\t                <div class=\"mn-content-block\">\n\t                                <\/div>\n\t\t\t\t                <div class=\"mn-content-block\">\n\t                                <\/div>\n\t\t\t\t                <div class=\"mn-content-block\">\n\t                                <\/div>\n\t\t\t\t                <div class=\"mn-content-block\">\n\t                                <\/div>\n\t\t\t\t                <div class=\"mn-content-block\">\n\t                                <\/div>\n\t\t\t\t                <div class=\"mn-content-block\">\n\t                                <\/div>\n\t\t\t\t                <div class=\"mn-content-block\">\n\t                                <\/div>\n\t\t\t\t                <div class=\"mn-content-block\">\n\t                                <\/div>\n\t\t\t\t                <div class=\"mn-content-block\">\n\t                                <\/div>\n\t\t\t\t                <div class=\"mn-content-block\">\n\t                                <\/div>\n\t\t\t\t                <div class=\"mn-content-block\">\n\t                                <\/div>\n\t\t\t\t                <div class=\"mn-content-block\">\n\t                                <\/div>\n\t\t\t\t                <div class=\"mn-content-block\">\n\t                                <\/div>\n\t\t\t\t                <div class=\"mn-content-block\">\n\t                                <\/div>\n\t\t\t\t                <div class=\"mn-content-block\">\n\t                                <\/div>\n\t\t\t\t                <div class=\"mn-content-block\">\n\t                                <\/div>\n\t\t\t\t                <div class=\"mn-content-block\">\n\t                                <\/div>\n\t\t\t\t                <div class=\"mn-content-block\">\n\t                                <\/div>\n\t\t\t\t\t\t<\/div>\n\t<\/div>\n<\/section>\n\t\t<\/div>\n\t\t\t\t<\/div>\n\t\t\t\t\t\t<\/div>\n\t\t\t\t\t<\/div>\n\t\t<\/div>\n\t\t\t\t\t\t\t\t<\/div>\n\t\t\t\t\t<\/div>\n\t\t<\/section>\n\t\t\t\t\t\t<\/div>\n\t\t\t\t\t\t<\/div>\n\t\t\t\t\t<\/div>\n\t\t","protected":false},"excerpt":{"rendered":"<p>\u2190 powr\u00f3t OCHRONA \u015aRODOWISKAstudia niestacjonarne II stopnia, nab\u00f3r 2024\/2025 \u00a0 Semestr I Produktywno\u015b\u0107 i\u00a0eksploatacja biocenoz Biobezpiecze\u0144stwo Statystyka i\u00a0modelowanie \u015brodowiska Bioanalityka Zarz\u0105dzanie zasobami w\u00f3d\u00a0 \/\u00a0\u00a0Water resources management J\u0119zyk obcy specjalistyczny \u2013 angielski J\u0119zyk obcy specjalistyczny \u2013 francuski J\u0119zyk obcy specjalistyczny \u2013 niemiecki J\u0119zyk obcy specjalistyczny \u2013 rosyjski Przedmiot do wyboru 1 \u2013 Programy restytucji gatunk\u00f3w i\u00a0renaturyzacji [&hellip;]<\/p>\n","protected":false},"author":202,"featured_media":0,"parent":178039,"menu_order":0,"comment_status":"closed","ping_status":"closed","template":"elementor_header_footer","meta":{"_monsterinsights_skip_tracking":false,"_monsterinsights_sitenote_active":false,"_monsterinsights_sitenote_note":"","_monsterinsights_sitenote_category":0},"_links":{"self":[{"href":"https:\/\/up.lublin.pl\/srodowiskowa\/wp-json\/wp\/v2\/pages\/176254"}],"collection":[{"href":"https:\/\/up.lublin.pl\/srodowiskowa\/wp-json\/wp\/v2\/pages"}],"about":[{"href":"https:\/\/up.lublin.pl\/srodowiskowa\/wp-json\/wp\/v2\/types\/page"}],"author":[{"embeddable":true,"href":"https:\/\/up.lublin.pl\/srodowiskowa\/wp-json\/wp\/v2\/users\/202"}],"replies":[{"embeddable":true,"href":"https:\/\/up.lublin.pl\/srodowiskowa\/wp-json\/wp\/v2\/comments?post=176254"}],"version-history":[{"count":7,"href":"https:\/\/up.lublin.pl\/srodowiskowa\/wp-json\/wp\/v2\/pages\/176254\/revisions"}],"predecessor-version":[{"id":176282,"href":"https:\/\/up.lublin.pl\/srodowiskowa\/wp-json\/wp\/v2\/pages\/176254\/revisions\/176282"}],"up":[{"embeddable":true,"href":"https:\/\/up.lublin.pl\/srodowiskowa\/wp-json\/wp\/v2\/pages\/178039"}],"wp:attachment":[{"href":"https:\/\/up.lublin.pl\/srodowiskowa\/wp-json\/wp\/v2\/media?parent=176254"}],"curies":[{"name":"wp","href":"https:\/\/api.w.org\/{rel}","templated":true}]}}