{"id":176037,"date":"2025-10-16T11:46:09","date_gmt":"2025-10-16T09:46:09","guid":{"rendered":"https:\/\/up.lublin.pl\/srodowiskowa\/?page_id=176037"},"modified":"2026-02-18T13:50:07","modified_gmt":"2026-02-18T12:50:07","slug":"biologia-spec-biologia-sadowa-studia-niestacjonarne-ii-stopnia-nabor-2025-2026","status":"publish","type":"page","link":"https:\/\/up.lublin.pl\/srodowiskowa\/ksztalcenie\/biologia-spec-biologia-sadowa-studia-niestacjonarne-ii-stopnia-nabor-2025-2026\/","title":{"rendered":"BIOLOGIA, spec. BIOLOGIA S\u0104DOWA studia niestacjonarne II stopnia, nab\u00f3r 2025\/2026"},"content":{"rendered":"\t\t<div data-elementor-type=\"wp-page\" data-elementor-id=\"176037\" class=\"elementor elementor-176037\" data-elementor-settings=\"[]\">\n\t\t\t\t\t\t<div class=\"elementor-inner\">\n\t\t\t\t\t\t\t<div class=\"elementor-section-wrap\">\n\t\t\t\t\t\t\t<section class=\"elementor-section elementor-top-section elementor-element elementor-element-5498d1a5 elementor-section-boxed elementor-section-height-default elementor-section-height-default\" data-id=\"5498d1a5\" data-element_type=\"section\">\n\t\t\t\t\t\t<div class=\"elementor-container elementor-column-gap-default\">\n\t\t\t\t\t\t\t<div class=\"elementor-row\">\n\t\t\t\t\t<div class=\"elementor-column elementor-col-100 elementor-top-column elementor-element elementor-element-a8aa381\" data-id=\"a8aa381\" data-element_type=\"column\">\n\t\t\t<div class=\"elementor-column-wrap elementor-element-populated\">\n\t\t\t\t\t\t\t<div class=\"elementor-widget-wrap\">\n\t\t\t\t\t\t<div class=\"elementor-element elementor-element-7f06259d elementor-widget elementor-widget-m5c\" data-id=\"7f06259d\" data-element_type=\"widget\" data-widget_type=\"m5c.default\">\n\t\t\t\t<div class=\"elementor-widget-container\">\n\t\t\t<section class=\"mn-m5-c mn-m5-d2 mn-bg-white\">\n\t<div class=\"mn-grid\">\n\t\t\t\t<div class=\"mn-content mn-grid-9\">\n\t\t\t                <div class=\"mn-content-block active\">\n\t                                                        <div class=\"block-text\">\n\t                                        <h5 style=\"margin-bottom: 20px\"><a href=\"https:\/\/up.lublin.pl\/srodowiskowa\/ksztalcenie\/\">\u2190 powr\u00f3t<\/a><\/h5>\n<h1 style=\"text-align: center;margin-bottom: 20px\"><strong>BIOLOGIA, spec. BIOLOGIA S\u0104DOWA<br \/>studia niestacjonarne II stopnia, nab\u00f3r 2025\/2026<\/strong><\/h1>\n<p>\u00a0<\/p>\n                                        <\/div>\n\t\t\t\t\t\t                                                        <ul class=\"mn-accordion\">\n                                            <li>\n                                                <h4 class=\"mn-accordion-title\">Semestr I<\/h4>\n                                                <div>\n\t\t\t\t\t\t\t\t\t                <p><a href=\"https:\/\/up.lublin.pl\/srodowiskowa\/wp-content\/uploads\/sites\/5\/2025\/11\/Metodologia-nauk-spolecznych-i-przyrodniczych-ns.pdf\">Metodologia nauk spo\u0142ecznych i\u00a0przyrodniczych<\/a> \/ <a href=\"https:\/\/up.lublin.pl\/srodowiskowa\/wp-content\/uploads\/sites\/5\/2025\/11\/Metodology-of-the-social-and-life-sciences-ns.pdf\">Metodology of the social and life sciences<\/a><\/p>\n<p><a href=\"https:\/\/up.lublin.pl\/srodowiskowa\/wp-content\/uploads\/sites\/5\/2025\/11\/Bioetyka-ns.pdf\" target=\"_blank\" rel=\"noopener\">Bioetyka<\/a><\/p>\n<p><a href=\"https:\/\/up.lublin.pl\/srodowiskowa\/wp-content\/uploads\/sites\/5\/2024\/06\/Ekologia-roslin-ns-2024-2025.pdf\">Ekologia ro\u015blin<\/a><\/p>\n<p><a href=\"https:\/\/up.lublin.pl\/srodowiskowa\/wp-content\/uploads\/sites\/5\/2025\/11\/Genetyka-czlowieka-ns.pdf\">Genetyka cz\u0142owieka<\/a><\/p>\n<p><a href=\"https:\/\/up.lublin.pl\/srodowiskowa\/wp-content\/uploads\/sites\/5\/2024\/06\/Roznorodnosc-i-ewolucja-roslin-ns-2024-2025.pdf\">R\u00f3\u017cnorodno\u015b\u0107 i\u00a0ewolucja ro\u015blin<\/a><\/p>\n<p><a href=\"https:\/\/up.lublin.pl\/srodowiskowa\/wp-content\/uploads\/sites\/5\/2025\/11\/Immunohematologia-ns.pdf\">Immunohematologia<\/a><\/p>\n<p><a href=\"https:\/\/up.lublin.pl\/srodowiskowa\/wp-content\/uploads\/sites\/5\/2024\/06\/Podstawy-nauk-medyczno-sadowych-ns-2024-2025.pdf\">Podstawy nauk medyczno-s\u0105dowych<\/a><\/p>\n<p>J\u0119zyk obcy specjalistyczny _\u00a0<a href=\"https:\/\/up.lublin.pl\/srodowiskowa\/wp-content\/uploads\/sites\/5\/2024\/06\/Jezyk-angielski-specjalistyczny-ns-2024-2025.pdf\">Angielski<\/a><\/p>\n<p>J\u0119zyk obcy specjalistyczny _\u00a0<a href=\"https:\/\/up.lublin.pl\/srodowiskowa\/wp-content\/uploads\/sites\/5\/2024\/06\/Jezyk-francuski-specjalistyczny-ns-2024-2025.pdf\">Francuski<\/a><\/p>\n<p>J\u0119zyk obcy specjalistyczny _\u00a0<a href=\"https:\/\/up.lublin.pl\/srodowiskowa\/wp-content\/uploads\/sites\/5\/2024\/06\/Jezyk-niemiecki-specjalistyczny-ns-2024-2025.pdf\">Niemiecki<\/a><\/p>\n<p>J\u0119zyk obcy specjalistyczny _\u00a0<a href=\"https:\/\/up.lublin.pl\/srodowiskowa\/wp-content\/uploads\/sites\/5\/2024\/06\/Jezyk-rosyjski-specjalistyczny-ns-2024-2025.pdf\">Rosyjski<\/a><\/p>\n<p>Przedmiot do wyboru blok A\u00a0\u2013\u00a0<a href=\"https:\/\/up.lublin.pl\/srodowiskowa\/wp-content\/uploads\/sites\/5\/2024\/06\/Zwierzeta-jadowite-i-alergenne-ns-2024-2025.pdf\">Zwierz\u0119ta jadowite i\u00a0alergenne<\/a><\/p>\n<p>Przedmiot do wyboru blok A\u00a0\u2013\u00a0<a href=\"https:\/\/up.lublin.pl\/srodowiskowa\/wp-content\/uploads\/sites\/5\/2024\/06\/Ochrona-prawna-ros.-i-zw.-ns-2024-2025.pdf\">Ochrona prawna ro\u015blin i\u00a0zwierz\u0105t<\/a><\/p>\n<p>Przedmiot do wyboru blok A\u00a0\u2013\u00a0<a href=\"https:\/\/up.lublin.pl\/srodowiskowa\/wp-content\/uploads\/sites\/5\/2024\/06\/Organizmy-wod-w-diagn-sadowej-ns-2024-2025.pdf\">Organizmy wodne w\u00a0diagnostyce s\u0105dowej<\/a><\/p>\n<p>Przedmiot do wyboru blok A\u00a0\u2013\u00a0<a href=\"https:\/\/up.lublin.pl\/srodowiskowa\/wp-content\/uploads\/sites\/5\/2024\/06\/Oddzialywanie-substancji-bioaktywnych-na-organizm-ns-2024-2025.pdf\">Oddzia\u0142ywanie substancji bioaktywnych na organizm<\/a><\/p>\n                                                <\/div>\n                                            <\/li>\n                                        <\/ul>\n\t\t\t\t\t\t                                                        <ul class=\"mn-accordion\">\n                                            <li>\n                                                <h4 class=\"mn-accordion-title\">Semestr II<\/h4>\n                                                <div>\n\t\t\t\t\t\t\t\t\t                <p><a href=\"https:\/\/up.lublin.pl\/srodowiskowa\/wp-content\/uploads\/sites\/5\/2025\/11\/Mikrobiologia-stosowana-ns.pdf\">Mikrobiologia stosowana<\/a><\/p>\n<p><a href=\"https:\/\/up.lublin.pl\/srodowiskowa\/wp-content\/uploads\/sites\/5\/2025\/11\/Roznorodnosc-i-ewolucja-zwierzat-ns.pdf\">R\u00f3\u017cnorodno\u015b\u0107 i\u00a0ewolucja zwierz\u0105t<\/a><\/p>\n<p><a href=\"https:\/\/up.lublin.pl\/srodowiskowa\/wp-content\/uploads\/sites\/5\/2024\/06\/Toksykologia-sadowa-ns-2024-2025.pdf\">Toksykologia s\u0105dowa<\/a><\/p>\n<p><a href=\"https:\/\/up.lublin.pl\/srodowiskowa\/wp-content\/uploads\/sites\/5\/2024\/06\/technika-kryminalistyczna-n-2024-2025.pdf\">Technika kryminalistyczna<\/a><\/p>\n<p><a href=\"https:\/\/up.lublin.pl\/srodowiskowa\/wp-content\/uploads\/sites\/5\/2024\/06\/Bezkregowce-w-diagnostyce-sadowej-ns-2024-2025.pdf\">Bezkr\u0119gowce w\u00a0diagnostyce s\u0105dowej<\/a><\/p>\n<p><a href=\"https:\/\/up.lublin.pl\/srodowiskowa\/wp-content\/uploads\/sites\/5\/2025\/11\/Grzyby-i-rosliny-trujace.pdf\">Grzyby i\u00a0ro\u015bliny truj\u0105ce<\/a><\/p>\n<p><a href=\"https:\/\/up.lublin.pl\/srodowiskowa\/wp-content\/uploads\/sites\/5\/2025\/11\/Organizmy-modelowe-w-badaniach-biologicznych.pdf\">Organizmy modelowe w\u00a0badaniach biologicznych<\/a><\/p>\n<p><a href=\"https:\/\/up.lublin.pl\/srodowiskowa\/wp-content\/uploads\/sites\/5\/2024\/06\/Techniki-badawcze-w-genetyce-sadowej-ns-2024-2025.pdf\">Techniki badawcze w\u00a0genetyce s\u0105dowej<\/a><\/p>\n<p>Przedmiot do wyboru blok B\u00a0\u2013\u00a0<a href=\"https:\/\/up.lublin.pl\/srodowiskowa\/wp-content\/uploads\/sites\/5\/2024\/06\/Palinologia-w-kryminalistyce-ns-2024-2025.pdf\">Palinologia w\u00a0kryminalistyce<\/a><\/p>\n<p>Przedmiot do wyboru blok B\u00a0\u2013\u00a0<a href=\"https:\/\/up.lublin.pl\/srodowiskowa\/wp-content\/uploads\/sites\/5\/2024\/06\/Ocena-botaniczna-materialu-roslinnego-ns-2024-2025.pdf\">Ocena botaniczna materia\u0142u ro\u015blinnego<\/a><\/p>\n<p>Przedmiot do wyboru blok B\u00a0\u2013\u00a0<a href=\"https:\/\/up.lublin.pl\/srodowiskowa\/wp-content\/uploads\/sites\/5\/2024\/06\/Biodiversity-ns-2024-2025.pdf\">Biodiversity<\/a><\/p>\n<p>Przedmiot do wyboru blok B\u00a0\u2013\u00a0<a href=\"https:\/\/up.lublin.pl\/srodowiskowa\/wp-content\/uploads\/sites\/5\/2024\/06\/Environmental-threats-ns-2024-2025.pdf\">Environmental threats<\/a><\/p>\n                                                <\/div>\n                                            <\/li>\n                                        <\/ul>\n\t\t\t\t\t\t                                                        <ul class=\"mn-accordion\">\n                                            <li>\n                                                <h4 class=\"mn-accordion-title\">Semestr III<\/h4>\n                                                <div>\n\t\t\t\t\t\t\t\t\t                <p><a href=\"https:\/\/up.lublin.pl\/srodowiskowa\/wp-content\/uploads\/sites\/5\/2024\/06\/Biostatystyka-i-bioinformatyka-ns-2024-2025.pdf\">Biostatystyka i\u00a0bioinformatyka<\/a><\/p>\n<p><a href=\"https:\/\/up.lublin.pl\/srodowiskowa\/wp-content\/uploads\/sites\/5\/2024\/06\/Postepy-w-biologii-ns-2024-2025.pdf\">Post\u0119py w\u00a0biologii<\/a><\/p>\n<p><a href=\"https:\/\/up.lublin.pl\/srodowiskowa\/wp-content\/uploads\/sites\/5\/2024\/06\/Ekologia-interakcji-miedzygatunkowych-ns-2024-2025.pdf\">Ekologia interakcji mi\u0119dzygatunkowych<\/a><\/p>\n<p><a href=\"https:\/\/up.lublin.pl\/srodowiskowa\/wp-content\/uploads\/sites\/5\/2024\/06\/Monitoring-biologiczny-ns-2024-2025.pdf\">Monitoring biologiczny<\/a><\/p>\n<p><a href=\"https:\/\/up.lublin.pl\/srodowiskowa\/wp-content\/uploads\/sites\/5\/2024\/06\/Transfer-wiedzy-i-technologii-do-praktyki-ns-2024-2025.pdf\">Transfer wiedzy i\u00a0technologii do praktyki<\/a><\/p>\n<p>Przedmiot do wyboru blok C\u00a0\u2013\u00a0<a href=\"https:\/\/up.lublin.pl\/srodowiskowa\/wp-content\/uploads\/sites\/5\/2024\/06\/ekspertyza-sadowa-ns-2024-2025.pdf\">Ekspertyza s\u0105dowa<\/a><\/p>\n<p>Przedmiot do wyboru blok C\u00a0\u2013\u00a0<a href=\"https:\/\/up.lublin.pl\/srodowiskowa\/wp-content\/uploads\/sites\/5\/2024\/06\/Genetyczne-podstawy-ludzkich-zachowan-ns-2024-2025.pdf\">Genetyczne podstawy ludzkich zachowa\u0144<\/a><\/p>\n<p>Przedmiot do wyboru blok C\u00a0\u2013\u00a0<a href=\"https:\/\/up.lublin.pl\/srodowiskowa\/wp-content\/uploads\/sites\/5\/2024\/06\/Podstawy-daktyloskopii-i-osmologii-ns-2024-2025.pdf\">Podstawy daktyloskopii i\u00a0osmologii<\/a><\/p>\n<p>Przedmiot do wyboru blok C\u00a0\u2013\u00a0<a href=\"https:\/\/up.lublin.pl\/srodowiskowa\/wp-content\/uploads\/sites\/5\/2024\/06\/Ekologia-ewolucyjna-ns-2024-2025.pdf\">Ekologia ewolucyjna<\/a><\/p>\n<p><a href=\"https:\/\/up.lublin.pl\/srodowiskowa\/wp-content\/uploads\/sites\/5\/2024\/06\/seminarium-dyplomowe-1-ns-2024-2025.pdf\">Seminarium dyplomowe 1<\/a><\/p>\n<p>Pracownia specjalizacyjna 1<\/p>\n                                                <\/div>\n                                            <\/li>\n                                        <\/ul>\n\t\t\t\t\t\t                                                        <ul class=\"mn-accordion\">\n                                            <li>\n                                                <h4 class=\"mn-accordion-title\">Semestr IV<\/h4>\n                                                <div>\n\t\t\t\t\t\t\t\t\t                <p><a href=\"https:\/\/up.lublin.pl\/srodowiskowa\/wp-content\/uploads\/sites\/5\/2024\/06\/Tafonomia-szczatkow-zwierzecych-i-ludzkich-ns-2024-2025.pdf\">Tafonomia szcz\u0105tk\u00f3w zwierz\u0119cych i\u00a0ludzkich<\/a><\/p>\n<p>Przedmiot do wyboru blok D\u00a0\u2013\u00a0<a href=\"https:\/\/up.lublin.pl\/srodowiskowa\/wp-content\/uploads\/sites\/5\/2024\/06\/Genetyczne-podstawy-starzenia-ns-2024-2025.pdf\">Genetyczne podstawy starzenia<\/a><\/p>\n<p>Przedmiot do wyboru blok D\u00a0\u2013\u00a0<a href=\"https:\/\/up.lublin.pl\/srodowiskowa\/wp-content\/uploads\/sites\/5\/2024\/06\/Markery-molekularne-ns-2024-2025.pdf\">Markery molekularne<\/a><\/p>\n<p>Przedmiot do wyboru blok D\u00a0\u2013\u00a0<a href=\"https:\/\/up.lublin.pl\/srodowiskowa\/wp-content\/uploads\/sites\/5\/2024\/06\/Prawne-aspekty-pracy-bieglego-sadowego-ns-2024-2025.pdf\">Prawne aspekty pracy bieg\u0142ego s\u0105dowego<\/a><\/p>\n<p>Przedmiot do wyboru blok D\u00a0\u2013\u00a0<a href=\"https:\/\/up.lublin.pl\/srodowiskowa\/wp-content\/uploads\/sites\/5\/2024\/06\/Fizyczne-metody-pomiarow-materialu-biologicznego-N2-1.pdf\">Fizyczne metody pomiar\u00f3w materia\u0142u biologicznego<\/a><\/p>\n<p>Przedmiot do wyboru blok D\u00a0\u2013\u00a0<a href=\"https:\/\/up.lublin.pl\/srodowiskowa\/wp-content\/uploads\/sites\/5\/2024\/06\/Barwniki-fluorescencyjne-w-znakowaniu-materialu-biologicznego-ns-2024-2025.pdf\">Barwniki fluorescencyjne w\u00a0znakowaniu materia\u0142u biologicznego<\/a><\/p>\n<p>Pracownia specjalizacyjna 2<\/p>\n<p><a href=\"https:\/\/up.lublin.pl\/srodowiskowa\/wp-content\/uploads\/sites\/5\/2024\/06\/Seminarium-dyplomowe-2-ns-2024-2025.pdf\">Seminarium dyplomowe 2<\/a><\/p>\n<p>Praca magisterska i\u00a0egzamin dyplomowy_\u00a0<a href=\"https:\/\/up.lublin.pl\/srodowiskowa\/wp-content\/uploads\/sites\/5\/2024\/06\/Praca-magisterska-i-egzamin-dyplomowy_BiFR.pdf\">Katedra Botaniki i\u00a0Fizjologii Ro\u015blin<\/a><\/p>\n<p>Praca magisterska i\u00a0egzamin dyplomowy_\u00a0<a href=\"https:\/\/up.lublin.pl\/srodowiskowa\/wp-content\/uploads\/sites\/5\/2024\/06\/Praca-magisterska-i-egzamin-dyplomowy_KEkofizjologii-Bezkregowcow-2.pdf\">Katedra Ekofizjologii Bezkr\u0119gowc\u00f3w i\u00a0Biologii Eksperymentalnej<\/a><\/p>\n<p>Praca magisterska i\u00a0egzamin dyplomowy_\u00a0<a href=\"https:\/\/up.lublin.pl\/srodowiskowa\/wp-content\/uploads\/sites\/5\/2024\/06\/Praca-magisterska-i-egzamin-dyplomowy-KHiOE.pdf\">Katedra Hydrobiologii i\u00a0Ochrony Ekosystem\u00f3w<\/a><\/p>\n<p>Praca magisterska i\u00a0egzamin dyplomowy_\u00a0<a href=\"https:\/\/up.lublin.pl\/srodowiskowa\/wp-content\/uploads\/sites\/5\/2024\/06\/Praca-magisterska-i-egzamin-dyplomowy_KZoologii-2.pdf\">Katedra Zoologii i\u00a0Ekologii Zwierz\u0105t<\/a><\/p>\n                                                <\/div>\n                                            <\/li>\n                                        <\/ul>\n\t\t\t\t\t\t                                <\/div>\n\t\t\t\t                <div class=\"mn-content-block\">\n\t                                <\/div>\n\t\t\t\t                <div class=\"mn-content-block\">\n\t                                <\/div>\n\t\t\t\t                <div class=\"mn-content-block\">\n\t                                <\/div>\n\t\t\t\t                <div class=\"mn-content-block\">\n\t                                <\/div>\n\t\t\t\t                <div class=\"mn-content-block\">\n\t                                <\/div>\n\t\t\t\t                <div class=\"mn-content-block\">\n\t                                <\/div>\n\t\t\t\t                <div class=\"mn-content-block\">\n\t                                <\/div>\n\t\t\t\t                <div class=\"mn-content-block\">\n\t                                <\/div>\n\t\t\t\t                <div class=\"mn-content-block\">\n\t                                <\/div>\n\t\t\t\t                <div class=\"mn-content-block\">\n\t                                <\/div>\n\t\t\t\t                <div class=\"mn-content-block\">\n\t                                <\/div>\n\t\t\t\t                <div class=\"mn-content-block\">\n\t                                <\/div>\n\t\t\t\t                <div class=\"mn-content-block\">\n\t                                <\/div>\n\t\t\t\t                <div class=\"mn-content-block\">\n\t                                <\/div>\n\t\t\t\t                <div class=\"mn-content-block\">\n\t                                <\/div>\n\t\t\t\t                <div class=\"mn-content-block\">\n\t                                <\/div>\n\t\t\t\t                <div class=\"mn-content-block\">\n\t                                <\/div>\n\t\t\t\t                <div class=\"mn-content-block\">\n\t                                <\/div>\n\t\t\t\t                <div class=\"mn-content-block\">\n\t                                <\/div>\n\t\t\t\t\t\t<\/div>\n\t<\/div>\n<\/section>\n\t\t<\/div>\n\t\t\t\t<\/div>\n\t\t\t\t\t\t<\/div>\n\t\t\t\t\t<\/div>\n\t\t<\/div>\n\t\t\t\t\t\t\t\t<\/div>\n\t\t\t\t\t<\/div>\n\t\t<\/section>\n\t\t\t\t\t\t<\/div>\n\t\t\t\t\t\t<\/div>\n\t\t\t\t\t<\/div>\n\t\t","protected":false},"excerpt":{"rendered":"<p>\u2190 powr\u00f3t BIOLOGIA, spec. BIOLOGIA S\u0104DOWAstudia niestacjonarne II stopnia, nab\u00f3r 2025\/2026 \u00a0 Semestr I Metodologia nauk spo\u0142ecznych i\u00a0przyrodniczych \/ Metodology of the social and life sciences Bioetyka Ekologia ro\u015blin Genetyka cz\u0142owieka R\u00f3\u017cnorodno\u015b\u0107 i\u00a0ewolucja ro\u015blin Immunohematologia Podstawy nauk medyczno-s\u0105dowych J\u0119zyk obcy specjalistyczny _\u00a0Angielski J\u0119zyk obcy specjalistyczny _\u00a0Francuski J\u0119zyk obcy specjalistyczny _\u00a0Niemiecki J\u0119zyk obcy specjalistyczny _\u00a0Rosyjski Przedmiot [&hellip;]<\/p>\n","protected":false},"author":202,"featured_media":0,"parent":178039,"menu_order":0,"comment_status":"closed","ping_status":"closed","template":"elementor_header_footer","meta":{"_monsterinsights_skip_tracking":false,"_monsterinsights_sitenote_active":false,"_monsterinsights_sitenote_note":"","_monsterinsights_sitenote_category":0},"_links":{"self":[{"href":"https:\/\/up.lublin.pl\/srodowiskowa\/wp-json\/wp\/v2\/pages\/176037"}],"collection":[{"href":"https:\/\/up.lublin.pl\/srodowiskowa\/wp-json\/wp\/v2\/pages"}],"about":[{"href":"https:\/\/up.lublin.pl\/srodowiskowa\/wp-json\/wp\/v2\/types\/page"}],"author":[{"embeddable":true,"href":"https:\/\/up.lublin.pl\/srodowiskowa\/wp-json\/wp\/v2\/users\/202"}],"replies":[{"embeddable":true,"href":"https:\/\/up.lublin.pl\/srodowiskowa\/wp-json\/wp\/v2\/comments?post=176037"}],"version-history":[{"count":22,"href":"https:\/\/up.lublin.pl\/srodowiskowa\/wp-json\/wp\/v2\/pages\/176037\/revisions"}],"predecessor-version":[{"id":177138,"href":"https:\/\/up.lublin.pl\/srodowiskowa\/wp-json\/wp\/v2\/pages\/176037\/revisions\/177138"}],"up":[{"embeddable":true,"href":"https:\/\/up.lublin.pl\/srodowiskowa\/wp-json\/wp\/v2\/pages\/178039"}],"wp:attachment":[{"href":"https:\/\/up.lublin.pl\/srodowiskowa\/wp-json\/wp\/v2\/media?parent=176037"}],"curies":[{"name":"wp","href":"https:\/\/api.w.org\/{rel}","templated":true}]}}