{"id":175990,"date":"2025-10-16T11:12:38","date_gmt":"2025-10-16T09:12:38","guid":{"rendered":"https:\/\/up.lublin.pl\/srodowiskowa\/?page_id=175990"},"modified":"2026-02-18T13:50:47","modified_gmt":"2026-02-18T12:50:47","slug":"biologia-spec-biologia-stosowana-studia-stacjonarne-ii-stopnia-nabor-2025-2026","status":"publish","type":"page","link":"https:\/\/up.lublin.pl\/srodowiskowa\/ksztalcenie\/biologia-spec-biologia-stosowana-studia-stacjonarne-ii-stopnia-nabor-2025-2026\/","title":{"rendered":"BIOLOGIA, spec. BIOLOGIA STOSOWANA studia stacjonarne II stopnia nab\u00f3r 2025\/2026"},"content":{"rendered":"\t\t<div data-elementor-type=\"wp-page\" data-elementor-id=\"175990\" class=\"elementor elementor-175990\" data-elementor-settings=\"[]\">\n\t\t\t\t\t\t<div class=\"elementor-inner\">\n\t\t\t\t\t\t\t<div class=\"elementor-section-wrap\">\n\t\t\t\t\t\t\t<section class=\"elementor-section elementor-top-section elementor-element elementor-element-a1d36d9 elementor-section-boxed elementor-section-height-default elementor-section-height-default\" data-id=\"a1d36d9\" data-element_type=\"section\">\n\t\t\t\t\t\t<div class=\"elementor-container elementor-column-gap-default\">\n\t\t\t\t\t\t\t<div class=\"elementor-row\">\n\t\t\t\t\t<div class=\"elementor-column elementor-col-100 elementor-top-column elementor-element elementor-element-53c001be\" data-id=\"53c001be\" data-element_type=\"column\">\n\t\t\t<div class=\"elementor-column-wrap elementor-element-populated\">\n\t\t\t\t\t\t\t<div class=\"elementor-widget-wrap\">\n\t\t\t\t\t\t<div class=\"elementor-element elementor-element-4b4ab9ba elementor-widget elementor-widget-m5c\" data-id=\"4b4ab9ba\" data-element_type=\"widget\" data-widget_type=\"m5c.default\">\n\t\t\t\t<div class=\"elementor-widget-container\">\n\t\t\t<section class=\"mn-m5-c mn-m5-d2 mn-bg-white\">\n\t<div class=\"mn-grid\">\n\t\t\t\t<div class=\"mn-content mn-grid-9\">\n\t\t\t                <div class=\"mn-content-block active\">\n\t                                                        <div class=\"block-text\">\n\t                                        <h5 style=\"margin-bottom: 20px\"><a href=\"https:\/\/up.lublin.pl\/srodowiskowa\/ksztalcenie\/\">\u2190 powr\u00f3t<\/a><\/h5>\n<h1 style=\"text-align: center;margin-bottom: 20px\"><strong>BIOLOGIA, spec. BIOLOGIA STOSOWANA<br \/>studia stacjonarne II stopnia, nab\u00f3r 2025\/2026<\/strong><\/h1>\n<p>\u00a0<\/p>\n                                        <\/div>\n\t\t\t\t\t\t                                                        <ul class=\"mn-accordion\">\n                                            <li>\n                                                <h4 class=\"mn-accordion-title\">Semestr I<\/h4>\n                                                <div>\n\t\t\t\t\t\t\t\t\t                <p><a href=\"https:\/\/up.lublin.pl\/srodowiskowa\/wp-content\/uploads\/sites\/5\/2025\/10\/Metodologia-nauk-spolecznych-i-przyrodniczych.pdf\">Metodologia nauk spo\u0142ecznych i\u00a0przyrodniczych<\/a> \/ <a href=\"https:\/\/up.lublin.pl\/srodowiskowa\/wp-content\/uploads\/sites\/5\/2025\/10\/Metodology-of-the-social-and-life-sciences.pdf\">Metodology of the social and life sciences<\/a><\/p>\n<p><a href=\"https:\/\/up.lublin.pl\/srodowiskowa\/wp-content\/uploads\/sites\/5\/2025\/10\/Bioetyka.pdf\">Bioetyka<\/a><\/p>\n<p><a href=\"https:\/\/up.lublin.pl\/srodowiskowa\/wp-content\/uploads\/sites\/5\/2024\/06\/Ekologia-roslin-S2-2.pdf\">Ekologia ro\u015blin<\/a><\/p>\n<p><a href=\"https:\/\/up.lublin.pl\/srodowiskowa\/wp-content\/uploads\/sites\/5\/2024\/06\/Genetyka-czlowieka-S2.pdf\">Genetyka cz\u0142owieka<\/a><\/p>\n<p><a href=\"https:\/\/up.lublin.pl\/srodowiskowa\/wp-content\/uploads\/sites\/5\/2024\/06\/Roznorodnosc-i-ewolucja-roslin-S2.pdf\">R\u00f3\u017cnorodno\u015b\u0107 i\u00a0ewolucja ro\u015blin<\/a><\/p>\n<p><a href=\"https:\/\/up.lublin.pl\/srodowiskowa\/wp-content\/uploads\/sites\/5\/2025\/10\/Immunohematologia.pdf\">Immunohematologia<\/a><\/p>\n<p><a href=\"https:\/\/up.lublin.pl\/srodowiskowa\/wp-content\/uploads\/sites\/5\/2024\/06\/Nowoczesne-techniki-laboratoryjne-S2.pdf\">Nowoczesne techniki laboratoryjne<\/a><\/p>\n<p>J\u0119zyk obcy specjalistyczny _<a href=\"https:\/\/up.lublin.pl\/srodowiskowa\/wp-content\/uploads\/sites\/5\/2024\/06\/Jezyk-angielski-specjalistyczny-s2.pdf\">Angielski<\/a><\/p>\n<p>J\u0119zyk obcy specjalistyczny _<a href=\"https:\/\/up.lublin.pl\/srodowiskowa\/wp-content\/uploads\/sites\/5\/2024\/06\/Jezyk-francuski-specjalistyczny-s2.pdf\">Francuski<\/a><\/p>\n<p>J\u0119zyk obcy specjalistyczny\u00a0 _<a href=\"https:\/\/up.lublin.pl\/srodowiskowa\/wp-content\/uploads\/sites\/5\/2024\/06\/Jezyk-niemiecki-specjalistyczny-s2.pdf\">Niemiecki<\/a><\/p>\n<p>J\u0119zyk obcy specjalistyczny _<a href=\"https:\/\/up.lublin.pl\/srodowiskowa\/wp-content\/uploads\/sites\/5\/2024\/06\/Jezyk-rosyjski-specjalistyczny-s2.pdf\">Rosyjski<\/a><\/p>\n<p>Przedmiot do wyboru blok A&nbsp;\u2013 <a href=\"https:\/\/up.lublin.pl\/srodowiskowa\/wp-content\/uploads\/sites\/5\/2025\/10\/Biologia-gatunkow-inwazyjnych.pdf\">Biologia gatunk\u00f3w inwazyjnych<\/a><\/p>\n<p>Przedmiot do wyboru blok A&nbsp;\u2013<a href=\"https:\/\/up.lublin.pl\/srodowiskowa\/wp-content\/uploads\/sites\/5\/2025\/10\/Inwazje-hydrobiontow.pdf\">Inwazje hydrobiont\u00f3w<\/a><\/p>\n<p>Przedmiot do wyboru blok A\u00a0\u2013\u00a0<a href=\"https:\/\/up.lublin.pl\/srodowiskowa\/wp-content\/uploads\/sites\/5\/2024\/06\/Environmental-threats-S2.pdf\">Environmental threats<\/a><\/p>\n<p>Przedmiot do wyboru blok A\u00a0\u2013\u00a0<a href=\"https:\/\/up.lublin.pl\/srodowiskowa\/wp-content\/uploads\/sites\/5\/2024\/06\/Biodiversity-S2.pdf\">Biodiversity<\/a><\/p>\n                                                <\/div>\n                                            <\/li>\n                                        <\/ul>\n\t\t\t\t\t\t                                                        <ul class=\"mn-accordion\">\n                                            <li>\n                                                <h4 class=\"mn-accordion-title\">Semestr II<\/h4>\n                                                <div>\n\t\t\t\t\t\t\t\t\t                <p><a href=\"https:\/\/up.lublin.pl\/srodowiskowa\/wp-content\/uploads\/sites\/5\/2024\/06\/Mikrobiologia-stosowana-S2.pdf\">Mikrobiologia stosowana<\/a><\/p>\n<p><a href=\"https:\/\/up.lublin.pl\/srodowiskowa\/wp-content\/uploads\/sites\/5\/2025\/10\/Roznorodnosc-i-ewolucja-zwierzat.pdf\">R\u00f3\u017cnorodno\u015b\u0107 i\u00a0ewolucja zwierz\u0105t<\/a><\/p>\n<p><a href=\"https:\/\/up.lublin.pl\/srodowiskowa\/wp-content\/uploads\/sites\/5\/2025\/10\/Enzymologia-i-Endokrynologia.pdf\">Enzymologia i\u00a0endokrynologia<\/a><\/p>\n<p><a href=\"https:\/\/up.lublin.pl\/srodowiskowa\/wp-content\/uploads\/sites\/5\/2025\/10\/Kultury-tkankowe-i-komorkowe-roslin-i-zwierzat.pdf\">Kultury tkankowe i\u00a0kom\u00f3rkowe ro\u015blin i\u00a0zwierz\u0105t<\/a><\/p>\n<p><a href=\"https:\/\/up.lublin.pl\/srodowiskowa\/wp-content\/uploads\/sites\/5\/2025\/10\/Biocenozy-techniczne.pdf\">Biocenozy techniczne<\/a><\/p>\n<p><a href=\"https:\/\/up.lublin.pl\/srodowiskowa\/wp-content\/uploads\/sites\/5\/2024\/06\/Toksykologia-S2.pdf\">Toksykologia<\/a><\/p>\n<p><a href=\"https:\/\/up.lublin.pl\/srodowiskowa\/wp-content\/uploads\/sites\/5\/2025\/10\/Organizmy-modelowe-w-naukach-biologicznych-1.pdf\">Organizmy modelowe w\u00a0badaniach biologicznych<\/a><\/p>\n<p><a href=\"https:\/\/up.lublin.pl\/srodowiskowa\/wp-content\/uploads\/sites\/5\/2024\/06\/Diagnostyka-molekularna-S2.pdf\">Diagnostyka molekularna<\/a><\/p>\n<p>Przedmiot do wyboru blok B\u00a0\u2013\u00a0<a href=\"https:\/\/up.lublin.pl\/srodowiskowa\/wp-content\/uploads\/sites\/5\/2024\/06\/Fizyczne-metody-pomiarow-materialu-biologicznego-S2.pdf\">Fizyczne metody pomiar\u00f3w materia\u0142u biologicznego<\/a><\/p>\n<p>Przedmiot do wyboru blok B\u00a0\u2013\u00a0<a href=\"https:\/\/up.lublin.pl\/srodowiskowa\/wp-content\/uploads\/sites\/5\/2024\/06\/Barwniki-fluorescencyjne-w-znakowaniu-materialu-biologicznego-S2.pdf\">Barwniki fluorescencyjne w\u00a0znakowaniu materia\u0142u biologicznego<\/a><\/p>\n                                                <\/div>\n                                            <\/li>\n                                        <\/ul>\n\t\t\t\t\t\t                                                        <ul class=\"mn-accordion\">\n                                            <li>\n                                                <h4 class=\"mn-accordion-title\">Semestr III<\/h4>\n                                                <div>\n\t\t\t\t\t\t\t\t\t                <p><a href=\"https:\/\/up.lublin.pl\/srodowiskowa\/wp-content\/uploads\/sites\/5\/2024\/06\/Biostatystyka-i-bioinformatyka-S2.pdf\">Biostatystyka i\u00a0bioinformatyka<\/a><\/p>\n<p><a href=\"https:\/\/up.lublin.pl\/srodowiskowa\/wp-content\/uploads\/sites\/5\/2024\/06\/Postepy-w-biologii-S2.pdf\">Post\u0119py w\u00a0biologii<\/a><\/p>\n<p><a href=\"https:\/\/up.lublin.pl\/srodowiskowa\/wp-content\/uploads\/sites\/5\/2024\/06\/Ekologia-interakcji-miedzygatunkowych-S2.pdf\">Ekologia interakcji mi\u0119dzygatunkowych<\/a><\/p>\n<p><a href=\"https:\/\/up.lublin.pl\/srodowiskowa\/wp-content\/uploads\/sites\/5\/2024\/06\/Monitoring-biologiczny-S2.pdf\">Monitoring biologiczny<\/a><\/p>\n<p>Przedmiot do wyboru blok C\u00a0\u2013\u00a0<a href=\"https:\/\/up.lublin.pl\/srodowiskowa\/wp-content\/uploads\/sites\/5\/2024\/06\/Biomarkery-S2.pdf\">Biomarkery<\/a><\/p>\n<p>Przedmiot do wyboru blok C\u00a0\u2013\u00a0<a href=\"https:\/\/up.lublin.pl\/srodowiskowa\/wp-content\/uploads\/sites\/5\/2024\/06\/Fizjologiczne-aspekty-stresu-S2.pdf\">Fizjologiczne aspekty stresu<\/a><\/p>\n<p>Przedmiot do wyboru blok C\u00a0\u2013\u00a0<a href=\"https:\/\/up.lublin.pl\/srodowiskowa\/wp-content\/uploads\/sites\/5\/2024\/06\/Regulacja-metabolizmu-S2.pdf\">Regulacja metabolizmu<\/a><\/p>\n<p><a href=\"https:\/\/up.lublin.pl\/srodowiskowa\/wp-content\/uploads\/sites\/5\/2024\/06\/Transfer-wiedzy-i-technologii-S2.pdf\">Transfer wiedzy i\u00a0technologii do praktyki<\/a><\/p>\n<p><a href=\"https:\/\/up.lublin.pl\/srodowiskowa\/wp-content\/uploads\/sites\/5\/2024\/06\/Seminarium-dyplomowe-1-S2.pdf\">Seminarium dyplomowe 1<\/a><\/p>\n<p>Pracownia specjalizacyjna 1<\/p>\n                                                <\/div>\n                                            <\/li>\n                                        <\/ul>\n\t\t\t\t\t\t                                                        <ul class=\"mn-accordion\">\n                                            <li>\n                                                <h4 class=\"mn-accordion-title\">Semestr IV<\/h4>\n                                                <div>\n\t\t\t\t\t\t\t\t\t                <p><a href=\"https:\/\/up.lublin.pl\/srodowiskowa\/wp-content\/uploads\/sites\/5\/2024\/06\/Identyfikacja-gatunkowa-i-osobnicza-S2.pdf\">Identyfikacja gatunkowa i\u00a0osobnicza<\/a><\/p>\n<p>Przedmiot do wyboru blok D\u00a0\u2013\u00a0<a href=\"https:\/\/up.lublin.pl\/srodowiskowa\/wp-content\/uploads\/sites\/5\/2024\/06\/Ekologia-mikroorganizmow-S2.pdf\">Ekologia mikroorganizm\u00f3w<\/a><\/p>\n<p>Przedmiot do wyboru blok D\u00a0\u2013\u00a0<a href=\"https:\/\/up.lublin.pl\/srodowiskowa\/wp-content\/uploads\/sites\/5\/2024\/06\/Biologiczne-skutki-zmian-klimatu-S2.pdf\">Biologiczne skutki zmian klimatu<\/a><\/p>\n<p>Przedmiot do wyboru blok D\u00a0\u2013\u00a0<a href=\"https:\/\/up.lublin.pl\/srodowiskowa\/wp-content\/uploads\/sites\/5\/2024\/06\/Starzenie-S2.pdf\">Starzenie \u2013 aspekty molekularne, kliniczne i\u00a0psychologiczne<\/a><\/p>\n<p>Przedmiot do wyboru blok D\u00a0\u2013\u00a0<a href=\"https:\/\/up.lublin.pl\/srodowiskowa\/wp-content\/uploads\/sites\/5\/2024\/06\/Socjobiologia-owadow-S2.pdf\">Socjobiologia owad\u00f3w<\/a>\u00a0\/\u00a0<a href=\"https:\/\/up.lublin.pl\/srodowiskowa\/wp-content\/uploads\/sites\/5\/2024\/06\/Sociobiology-of-insects-S2.pdf\">Sociobiology of Insects<\/a><\/p>\n<p>Pracownia specjalizacyjna 2<\/p>\n<p><a href=\"https:\/\/up.lublin.pl\/srodowiskowa\/wp-content\/uploads\/sites\/5\/2024\/06\/seminarium-dyplomowe-2-s.pdf\">Seminarium dyplomowe 2<\/a><\/p>\n<p>Praca magisterska i\u00a0egzamin dyplomowy_\u00a0<a href=\"https:\/\/up.lublin.pl\/srodowiskowa\/wp-content\/uploads\/sites\/5\/2024\/06\/Praca-magisterska-i-egzamin-dyplomowy_KBiFR.pdf\">Katedra Botaniki i\u00a0Fizjologii Ro\u015blin<\/a><\/p>\n<p>Praca magisterska i\u00a0egzamin dyplomowy_\u00a0<a href=\"https:\/\/up.lublin.pl\/srodowiskowa\/wp-content\/uploads\/sites\/5\/2024\/06\/Praca-magisterska-i-egzamin-dyplomowy_KBiofizyki.pdf\">Katedra Biofizyki<\/a><\/p>\n<p>Praca magisterska i\u00a0egzamin dyplomowy_\u00a0<a href=\"https:\/\/up.lublin.pl\/srodowiskowa\/wp-content\/uploads\/sites\/5\/2024\/06\/Praca-magisterska-i-egzamin-dyplomowy_KEkofizjologii-Bezkreg.-i-Biol.-Eksperyment.pdf\">Katedra Ekofizjologii Bezkr\u0119gowc\u00f3w i\u00a0Biologii Eksperymentalnej<\/a><\/p>\n<p>Praca magisterska i\u00a0egzamin dyplomowy_\u00a0<a href=\"https:\/\/up.lublin.pl\/srodowiskowa\/wp-content\/uploads\/sites\/5\/2024\/06\/Praca-magisterska-i-egzamin-dyplomowy_KHBiOE.pdf\">Katedra Hydrobiologii i\u00a0Ochrony Ekosystem\u00f3w<\/a><\/p>\n<p>Praca magisterska i\u00a0egzamin dyplomowy_\u00a0<a href=\"https:\/\/up.lublin.pl\/srodowiskowa\/wp-content\/uploads\/sites\/5\/2024\/06\/Praca-magisterska-i-egzamin-dyplomowy_KZoologii.pdf\">Katedra Zoologii i\u00a0Ekologii Zwierz\u0105t<\/a><\/p>\n                                                <\/div>\n                                            <\/li>\n                                        <\/ul>\n\t\t\t\t\t\t                                <\/div>\n\t\t\t\t                <div class=\"mn-content-block\">\n\t                                <\/div>\n\t\t\t\t                <div class=\"mn-content-block\">\n\t                                <\/div>\n\t\t\t\t                <div class=\"mn-content-block\">\n\t                                <\/div>\n\t\t\t\t                <div class=\"mn-content-block\">\n\t                                <\/div>\n\t\t\t\t                <div class=\"mn-content-block\">\n\t                                <\/div>\n\t\t\t\t                <div class=\"mn-content-block\">\n\t                                <\/div>\n\t\t\t\t                <div class=\"mn-content-block\">\n\t                                <\/div>\n\t\t\t\t                <div class=\"mn-content-block\">\n\t                                <\/div>\n\t\t\t\t                <div class=\"mn-content-block\">\n\t                                <\/div>\n\t\t\t\t                <div class=\"mn-content-block\">\n\t                                <\/div>\n\t\t\t\t                <div class=\"mn-content-block\">\n\t                                <\/div>\n\t\t\t\t                <div class=\"mn-content-block\">\n\t                                <\/div>\n\t\t\t\t                <div class=\"mn-content-block\">\n\t                                <\/div>\n\t\t\t\t                <div class=\"mn-content-block\">\n\t                                <\/div>\n\t\t\t\t                <div class=\"mn-content-block\">\n\t                                <\/div>\n\t\t\t\t                <div class=\"mn-content-block\">\n\t                                <\/div>\n\t\t\t\t                <div class=\"mn-content-block\">\n\t                                <\/div>\n\t\t\t\t                <div class=\"mn-content-block\">\n\t                                <\/div>\n\t\t\t\t                <div class=\"mn-content-block\">\n\t                                <\/div>\n\t\t\t\t\t\t<\/div>\n\t<\/div>\n<\/section>\n\t\t<\/div>\n\t\t\t\t<\/div>\n\t\t\t\t\t\t<\/div>\n\t\t\t\t\t<\/div>\n\t\t<\/div>\n\t\t\t\t\t\t\t\t<\/div>\n\t\t\t\t\t<\/div>\n\t\t<\/section>\n\t\t\t\t\t\t<\/div>\n\t\t\t\t\t\t<\/div>\n\t\t\t\t\t<\/div>\n\t\t","protected":false},"excerpt":{"rendered":"<p>\u2190 powr\u00f3t BIOLOGIA, spec. BIOLOGIA STOSOWANAstudia stacjonarne II stopnia, nab\u00f3r 2025\/2026 \u00a0 Semestr I Metodologia nauk spo\u0142ecznych i\u00a0przyrodniczych \/ Metodology of the social and life sciences Bioetyka Ekologia ro\u015blin Genetyka cz\u0142owieka R\u00f3\u017cnorodno\u015b\u0107 i\u00a0ewolucja ro\u015blin Immunohematologia Nowoczesne techniki laboratoryjne J\u0119zyk obcy specjalistyczny _Angielski J\u0119zyk obcy specjalistyczny _Francuski J\u0119zyk obcy specjalistyczny\u00a0 _Niemiecki J\u0119zyk obcy specjalistyczny _Rosyjski Przedmiot [&hellip;]<\/p>\n","protected":false},"author":202,"featured_media":0,"parent":178039,"menu_order":0,"comment_status":"closed","ping_status":"closed","template":"elementor_header_footer","meta":{"_monsterinsights_skip_tracking":false,"_monsterinsights_sitenote_active":false,"_monsterinsights_sitenote_note":"","_monsterinsights_sitenote_category":0},"_links":{"self":[{"href":"https:\/\/up.lublin.pl\/srodowiskowa\/wp-json\/wp\/v2\/pages\/175990"}],"collection":[{"href":"https:\/\/up.lublin.pl\/srodowiskowa\/wp-json\/wp\/v2\/pages"}],"about":[{"href":"https:\/\/up.lublin.pl\/srodowiskowa\/wp-json\/wp\/v2\/types\/page"}],"author":[{"embeddable":true,"href":"https:\/\/up.lublin.pl\/srodowiskowa\/wp-json\/wp\/v2\/users\/202"}],"replies":[{"embeddable":true,"href":"https:\/\/up.lublin.pl\/srodowiskowa\/wp-json\/wp\/v2\/comments?post=175990"}],"version-history":[{"count":26,"href":"https:\/\/up.lublin.pl\/srodowiskowa\/wp-json\/wp\/v2\/pages\/175990\/revisions"}],"predecessor-version":[{"id":176908,"href":"https:\/\/up.lublin.pl\/srodowiskowa\/wp-json\/wp\/v2\/pages\/175990\/revisions\/176908"}],"up":[{"embeddable":true,"href":"https:\/\/up.lublin.pl\/srodowiskowa\/wp-json\/wp\/v2\/pages\/178039"}],"wp:attachment":[{"href":"https:\/\/up.lublin.pl\/srodowiskowa\/wp-json\/wp\/v2\/media?parent=175990"}],"curies":[{"name":"wp","href":"https:\/\/api.w.org\/{rel}","templated":true}]}}