{"id":169179,"date":"2024-04-13T10:35:37","date_gmt":"2024-04-13T08:35:37","guid":{"rendered":"https:\/\/up.lublin.pl\/srodowiskowa\/?page_id=169179"},"modified":"2026-02-18T13:50:28","modified_gmt":"2026-02-18T12:50:28","slug":"biologia-spec-biologia-stosowana-studia-niestacjonarne-ii-stopnia-nabor-2024-2025","status":"publish","type":"page","link":"https:\/\/up.lublin.pl\/srodowiskowa\/ksztalcenie\/biologia-spec-biologia-stosowana-studia-niestacjonarne-ii-stopnia-nabor-2024-2025\/","title":{"rendered":"Biologia, spec. biologia stosowana studia niestacjonarne II stopnia, nab\u00f3r 2024\/2025"},"content":{"rendered":"\t\t<div data-elementor-type=\"wp-page\" data-elementor-id=\"169179\" class=\"elementor elementor-169179\" data-elementor-settings=\"[]\">\n\t\t\t\t\t\t<div class=\"elementor-inner\">\n\t\t\t\t\t\t\t<div class=\"elementor-section-wrap\">\n\t\t\t\t\t\t\t<section class=\"elementor-section elementor-top-section elementor-element elementor-element-7b2581a0 elementor-section-boxed elementor-section-height-default elementor-section-height-default\" data-id=\"7b2581a0\" data-element_type=\"section\">\n\t\t\t\t\t\t<div class=\"elementor-container elementor-column-gap-default\">\n\t\t\t\t\t\t\t<div class=\"elementor-row\">\n\t\t\t\t\t<div class=\"elementor-column elementor-col-100 elementor-top-column elementor-element elementor-element-342634f0\" data-id=\"342634f0\" data-element_type=\"column\">\n\t\t\t<div class=\"elementor-column-wrap elementor-element-populated\">\n\t\t\t\t\t\t\t<div class=\"elementor-widget-wrap\">\n\t\t\t\t\t\t<div class=\"elementor-element elementor-element-5f14439d elementor-widget elementor-widget-m5c\" data-id=\"5f14439d\" data-element_type=\"widget\" data-widget_type=\"m5c.default\">\n\t\t\t\t<div class=\"elementor-widget-container\">\n\t\t\t<section class=\"mn-m5-c mn-m5-d2 mn-bg-white\">\n\t<div class=\"mn-grid\">\n\t\t\t\t<div class=\"mn-content mn-grid-9\">\n\t\t\t                <div class=\"mn-content-block active\">\n\t                                                        <div class=\"block-text\">\n\t                                        <h5 style=\"margin-bottom: 20px\"><a href=\"https:\/\/up.lublin.pl\/srodowiskowa\/ksztalcenie\/\">\u2190 powr\u00f3t<\/a><\/h5>\n<h1 style=\"text-align: center;margin-bottom: 20px\">BIOLOGIA, spec. BIOLOGIA STOSOWANA<br \/>studia niestacjonarne II stopnia, nab\u00f3r 2024\/2025<\/p>\n<\/h1>\n                                        <\/div>\n\t\t\t\t\t\t                                                        <ul class=\"mn-accordion\">\n                                            <li>\n                                                <h4 class=\"mn-accordion-title\">Semestr I<\/h4>\n                                                <div>\n\t\t\t\t\t\t\t\t\t                <p><a href=\"https:\/\/up.lublin.pl\/srodowiskowa\/wp-content\/uploads\/sites\/5\/2024\/06\/Metodologia-nauk-spolecznych-i-przyrodniczych-N2.pdf\">Metodologia nauk spo\u0142ecznych i&nbsp;przyrodniczych<\/a> \/ <a href=\"https:\/\/up.lublin.pl\/srodowiskowa\/wp-content\/uploads\/sites\/5\/2024\/06\/Metodology-of-the-social-and-life-sciences-N2.pdf\">Metodology of the social and life sciences<\/a><\/p>\n<p><a href=\"https:\/\/up.lublin.pl\/srodowiskowa\/wp-content\/uploads\/sites\/5\/2024\/06\/Bioetyka-N2.pdf\">Bioetyka<\/a><\/p>\n<p><a href=\"https:\/\/up.lublin.pl\/srodowiskowa\/wp-content\/uploads\/sites\/5\/2024\/06\/Ekologia-roslin-N2-1.pdf\">Ekologia ro\u015blin<\/a><\/p>\n<p><a href=\"https:\/\/up.lublin.pl\/srodowiskowa\/wp-content\/uploads\/sites\/5\/2024\/06\/Genetyka-czlowieka-N2.pdf\">Genetyka cz\u0142owieka<\/a><\/p>\n<p><a href=\"https:\/\/up.lublin.pl\/srodowiskowa\/wp-content\/uploads\/sites\/5\/2024\/06\/Roznorodnosc-i-ewolucja-roslin-N2.pdf\">R\u00f3\u017cnorodno\u015b\u0107 i&nbsp;ewolucja ro\u015blin<\/a><\/p>\n<p><a href=\"https:\/\/up.lublin.pl\/srodowiskowa\/wp-content\/uploads\/sites\/5\/2024\/06\/Immunohematologia-NS.pdf\">Immunohematologia<\/a><\/p>\n<p><a href=\"https:\/\/up.lublin.pl\/srodowiskowa\/wp-content\/uploads\/sites\/5\/2024\/06\/Nowoczesne-techniki-laboratoryjne-N2.pdf\">Nowoczesne techniki laboratoryjne<\/a><\/p>\n<p>J\u0119zyk obcy specjalistyczny _ <a href=\"https:\/\/up.lublin.pl\/srodowiskowa\/wp-content\/uploads\/sites\/5\/2024\/06\/Jezyk-angielski-specjalistyczny-ns.pdf\">Angielski<\/a><\/p>\n<p>J\u0119zyk obcy specjalistyczny _ <a href=\"https:\/\/up.lublin.pl\/srodowiskowa\/wp-content\/uploads\/sites\/5\/2024\/06\/Jezyk-francuski-specjalistyczny-ns.pdf\">Francuski<\/a><\/p>\n<p>J\u0119zyk obcy specjalistyczny _ <a href=\"https:\/\/up.lublin.pl\/srodowiskowa\/wp-content\/uploads\/sites\/5\/2024\/06\/Jezyk-niemiecki-specjalistyczny-ns.pdf\">Niemiecki<\/a><\/p>\n<p>J\u0119zyk obcy specjalistyczny _ <a href=\"https:\/\/up.lublin.pl\/srodowiskowa\/wp-content\/uploads\/sites\/5\/2024\/06\/Jezyk-rosyjski-specjalistyczny-ns.pdf\">Rosyjski<\/a><\/p>\n<p>Przedmiot do wyboru blok A&nbsp;\u00a0\u2013 <a href=\"https:\/\/up.lublin.pl\/srodowiskowa\/wp-content\/uploads\/sites\/5\/2024\/06\/Biologia-gatunkow-inwazyjnych-N2.pdf\">Biologia gatunk\u00f3w inwazyjnych<\/a><\/p>\n<p>Przedmiot do wyboru blok A&nbsp;\u00a0\u2013 <a href=\"https:\/\/up.lublin.pl\/srodowiskowa\/wp-content\/uploads\/sites\/5\/2024\/06\/Inwazje-hydrobiontow-N2.pdf\">Inwazje hydrobiont\u00f3w<\/a><\/p>\n<p>Przedmiot do wyboru blok A\u00a0 \u2013 <a href=\"https:\/\/up.lublin.pl\/srodowiskowa\/wp-content\/uploads\/sites\/5\/2024\/06\/Environmental-threats-N2.pdf\">Environmental threats<\/a><\/p>\n<p>Przedmiot do wyboru blok A\u00a0 \u2013 <a href=\"https:\/\/up.lublin.pl\/srodowiskowa\/wp-content\/uploads\/sites\/5\/2024\/06\/Biodiversity-N2.pdf\">Biodiversity<\/a><\/p>\n                                                <\/div>\n                                            <\/li>\n                                        <\/ul>\n\t\t\t\t\t\t                                                        <ul class=\"mn-accordion\">\n                                            <li>\n                                                <h4 class=\"mn-accordion-title\">Semestr II<\/h4>\n                                                <div>\n\t\t\t\t\t\t\t\t\t                <p><a href=\"https:\/\/up.lublin.pl\/srodowiskowa\/wp-content\/uploads\/sites\/5\/2024\/06\/Mikrobiologia-stosowana-N2.pdf\">Mikrobiologia stosowana<\/a><\/p>\n<p><a href=\"https:\/\/up.lublin.pl\/srodowiskowa\/wp-content\/uploads\/sites\/5\/2024\/06\/Roznorodnosc-i-ewolucja-zwierzat-N2.pdf\">R\u00f3\u017cnorodno\u015b\u0107 i&nbsp;ewolucja zwierz\u0105t<\/a><\/p>\n<p><a href=\"https:\/\/up.lublin.pl\/srodowiskowa\/wp-content\/uploads\/sites\/5\/2024\/06\/Enzymologia-i-endokrynologia-N2.pdf\">Enzymologia i&nbsp;endokrynologia<\/a><\/p>\n<p><a href=\"https:\/\/up.lublin.pl\/srodowiskowa\/wp-content\/uploads\/sites\/5\/2024\/06\/Kultury-tkankowe-N2.pdf\">Kultury tkankowe i&nbsp;kom\u00f3rkowe ro\u015blin i&nbsp;zwierz\u0105t<\/a><\/p>\n<p><a href=\"https:\/\/up.lublin.pl\/srodowiskowa\/wp-content\/uploads\/sites\/5\/2024\/06\/Biocenozy-techniczne-N2.pdf\">Biocenozy techniczne<\/a><\/p>\n<p><a href=\"https:\/\/up.lublin.pl\/srodowiskowa\/wp-content\/uploads\/sites\/5\/2024\/06\/Toksykologia-NS.pdf\">Toksykologia<\/a><\/p>\n<p><a href=\"https:\/\/up.lublin.pl\/srodowiskowa\/wp-content\/uploads\/sites\/5\/2024\/06\/Organizmy-modelowe-w-naukach-biologicznych-N2.pdf\">Organizmy modelowe w&nbsp;badaniach biologicznych<\/a><\/p>\n<p><a href=\"https:\/\/up.lublin.pl\/srodowiskowa\/wp-content\/uploads\/sites\/5\/2024\/06\/Diagnostyka-molekularna-N2.pdf\">Diagnostyka molekularna<\/a><\/p>\n<p>Przedmiot do wyboru blok B\u00a0 \u2013 <a href=\"https:\/\/up.lublin.pl\/srodowiskowa\/wp-content\/uploads\/sites\/5\/2024\/06\/Fizyczne-metody-pomiarow-materialu-biologicznego-N2.pdf\">Fizyczne metody pomiar\u00f3w materia\u0142u biologicznego<\/a><\/p>\n<p>Przedmiot do wyboru blok B\u00a0 \u2013 <a href=\"https:\/\/up.lublin.pl\/srodowiskowa\/wp-content\/uploads\/sites\/5\/2024\/06\/Barwniki-fluorescencyjne-w-znakowaniu-materialu-biologicznego-N2.pdf\">Barwniki fluorescencyjne w&nbsp;znakowaniu materia\u0142u biologicznego<\/a><\/p>\n                                                <\/div>\n                                            <\/li>\n                                        <\/ul>\n\t\t\t\t\t\t                                                        <ul class=\"mn-accordion\">\n                                            <li>\n                                                <h4 class=\"mn-accordion-title\">Semestr III<\/h4>\n                                                <div>\n\t\t\t\t\t\t\t\t\t                <p><a href=\"https:\/\/up.lublin.pl\/srodowiskowa\/wp-content\/uploads\/sites\/5\/2024\/06\/Biostatystyka-i-bioinformatyka-N2.pdf\">Biostatystyka i&nbsp;bioinformatyka<\/a><\/p>\n<p><a href=\"https:\/\/up.lublin.pl\/srodowiskowa\/wp-content\/uploads\/sites\/5\/2024\/06\/Postepy-w-biologii-N2.pdf\">Post\u0119py w&nbsp;biologii<\/a><\/p>\n<p><a href=\"https:\/\/up.lublin.pl\/srodowiskowa\/wp-content\/uploads\/sites\/5\/2024\/06\/Ekologia-interakcji-miedzygatunkowych-N2.pdf\">Ekologia interakcji mi\u0119dzygatunkowych<\/a><\/p>\n<p><a href=\"https:\/\/up.lublin.pl\/srodowiskowa\/wp-content\/uploads\/sites\/5\/2024\/06\/Monitoring-biologiczny-N2.pdf\">Monitoring biologiczny<\/a><\/p>\n<p><a href=\"https:\/\/up.lublin.pl\/srodowiskowa\/wp-content\/uploads\/sites\/5\/2024\/06\/Transfer-wiedzy-i-technologii-N2.pdf\">Transfer wiedzy i&nbsp;technologii do praktyki<\/a><\/p>\n<p>Przedmiot do wyboru blok C\u00a0 \u2013 <a href=\"https:\/\/up.lublin.pl\/srodowiskowa\/wp-content\/uploads\/sites\/5\/2024\/06\/Biomarkery-NS.pdf\">Biomarkery<\/a><\/p>\n<p>Przedmiot do wyboru blok C\u00a0 \u2013 <a href=\"https:\/\/up.lublin.pl\/srodowiskowa\/wp-content\/uploads\/sites\/5\/2024\/06\/Fizjologiczne-aspekty-stresu-N2.pdf\">Fizjologiczne aspekty stresu<\/a><\/p>\n<p>Przedmiot do wyboru blok C\u00a0 \u2013 <a href=\"https:\/\/up.lublin.pl\/srodowiskowa\/wp-content\/uploads\/sites\/5\/2024\/06\/Regulacja-metabolizmu-N2.pdf\">Regulacja metabolizmu<\/a><\/p>\n<p><a href=\"https:\/\/up.lublin.pl\/srodowiskowa\/wp-content\/uploads\/sites\/5\/2024\/06\/Seminarium-dyplomowe-1-N2.pdf\">Seminarium dyplomowe 1<\/a><\/p>\n                                                <\/div>\n                                            <\/li>\n                                        <\/ul>\n\t\t\t\t\t\t                                                        <ul class=\"mn-accordion\">\n                                            <li>\n                                                <h4 class=\"mn-accordion-title\">Semestr IV<\/h4>\n                                                <div>\n\t\t\t\t\t\t\t\t\t                <p><a href=\"https:\/\/up.lublin.pl\/srodowiskowa\/wp-content\/uploads\/sites\/5\/2024\/06\/Identyfikacja-gatunkowa-i-osobnicza-N2.pdf\">Identyfikacja gatunkowa i&nbsp;osobnicza<\/a><\/p>\n<p>Przedmiot do wyboru blok D\u00a0 \u2013 <a href=\"https:\/\/up.lublin.pl\/srodowiskowa\/wp-content\/uploads\/sites\/5\/2024\/06\/Ekologia-mikroorganizmow-N2.pdf\">Ekologia mikroorganizm\u00f3w<\/a><\/p>\n<p>Przedmiot do wyboru blok D\u00a0 \u2013 <a href=\"https:\/\/up.lublin.pl\/srodowiskowa\/wp-content\/uploads\/sites\/5\/2024\/06\/Biologiczne-skutki-zmian-klimatu-N2.pdf\">Biologiczne skutki zmian klimatu<\/a><\/p>\n<p>Przedmiot do wyboru blok D\u00a0 \u2013 <a href=\"https:\/\/up.lublin.pl\/srodowiskowa\/wp-content\/uploads\/sites\/5\/2024\/06\/Starzenie-N2.pdf\">Starzenie \u2013 aspekty molekularne, kliniczne i&nbsp;psychologiczne<\/a><\/p>\n<p>Przedmiot do wyboru blok D\u00a0 \u2013 <a href=\"https:\/\/up.lublin.pl\/srodowiskowa\/wp-content\/uploads\/sites\/5\/2024\/06\/Socjobiologia-owadow-N2.pdf\">Socjobiologia owad\u00f3w<\/a> \/ <a href=\"https:\/\/up.lublin.pl\/srodowiskowa\/wp-content\/uploads\/sites\/5\/2024\/06\/Sociobiology-of-insects-N2.pdf\">Sociobiology of Insects<\/a><\/p>\n<p><a href=\"https:\/\/up.lublin.pl\/srodowiskowa\/wp-content\/uploads\/sites\/5\/2024\/06\/Pracownia-specjalizacyjna_NII_stosowana.pdf\">Pracownia specjalizacyjna _ A<\/a><\/p>\n<p><a href=\"https:\/\/up.lublin.pl\/srodowiskowa\/wp-content\/uploads\/sites\/5\/2024\/06\/Pracownia-specjalizacyjnaHZB_NII_stosowana.pdf\">Pracownia specjalizacyjna _ B<\/a><\/p>\n<p><a href=\"https:\/\/up.lublin.pl\/srodowiskowa\/wp-content\/uploads\/sites\/5\/2024\/06\/Seminarium-dyplomowe-2-N2.pdf\">Seminarium dyplomowe 2<\/a><\/p>\n<p>Praca magisterska i&nbsp;egzamin dyplomowy_ <a href=\"https:\/\/up.lublin.pl\/srodowiskowa\/wp-content\/uploads\/sites\/5\/2024\/06\/Praca-magisterska-i-egzamin-dyplomowy_KBi-FR.pdf\">Katedra Botaniki i&nbsp;Fizjologii Ro\u015blin<\/a><\/p>\n<p>Praca magisterska i&nbsp;egzamin dyplomowy_ <a href=\"https:\/\/up.lublin.pl\/srodowiskowa\/wp-content\/uploads\/sites\/5\/2024\/06\/Praca-magisterska-i-egzamin-dyplomowy_KBi-ofizyki.pdf\">Katedra Biofizyki<\/a><\/p>\n<p>Praca magisterska i&nbsp;egzamin dyplomowy_ <a href=\"https:\/\/up.lublin.pl\/srodowiskowa\/wp-content\/uploads\/sites\/5\/2024\/06\/Praca-magisterska-i-egzamin-dyplomowy_KEkofizjologii-Bezkregowcow.pdf\">Katedra Ekofizjologii Bezkr\u0119gowc\u00f3w i&nbsp;Biologii Eksperymentalnej<\/a><\/p>\n<p>Praca magisterska i&nbsp;egzamin dyplomowy_ <a href=\"https:\/\/up.lublin.pl\/srodowiskowa\/wp-content\/uploads\/sites\/5\/2024\/06\/Praca-magisterska-i-egzamin-dyplomowy_KHiOE.pdf\">Katedra Hydrobiologii i&nbsp;Ochrony Ekosystem\u00f3w<\/a><\/p>\n<p>Praca magisterska i&nbsp;egzamin dyplomowy_ <a href=\"https:\/\/up.lublin.pl\/srodowiskowa\/wp-content\/uploads\/sites\/5\/2024\/06\/Praca-magisterska-i-egzamin-dyplomowy_KZoolog.pdf\">Katedra Zoologii i&nbsp;Ekologii Zwierz\u0105t<\/a><\/p>\n                                                <\/div>\n                                            <\/li>\n                                        <\/ul>\n\t\t\t\t\t\t                                <\/div>\n\t\t\t\t                <div class=\"mn-content-block\">\n\t                                <\/div>\n\t\t\t\t                <div class=\"mn-content-block\">\n\t                                <\/div>\n\t\t\t\t                <div class=\"mn-content-block\">\n\t                                <\/div>\n\t\t\t\t                <div class=\"mn-content-block\">\n\t                                <\/div>\n\t\t\t\t                <div class=\"mn-content-block\">\n\t                                <\/div>\n\t\t\t\t                <div class=\"mn-content-block\">\n\t                                <\/div>\n\t\t\t\t                <div class=\"mn-content-block\">\n\t                                <\/div>\n\t\t\t\t                <div class=\"mn-content-block\">\n\t                                <\/div>\n\t\t\t\t                <div class=\"mn-content-block\">\n\t                                <\/div>\n\t\t\t\t                <div class=\"mn-content-block\">\n\t                                <\/div>\n\t\t\t\t                <div class=\"mn-content-block\">\n\t                                <\/div>\n\t\t\t\t                <div class=\"mn-content-block\">\n\t                                <\/div>\n\t\t\t\t                <div class=\"mn-content-block\">\n\t                                <\/div>\n\t\t\t\t                <div class=\"mn-content-block\">\n\t                                <\/div>\n\t\t\t\t                <div class=\"mn-content-block\">\n\t                                <\/div>\n\t\t\t\t                <div class=\"mn-content-block\">\n\t                                <\/div>\n\t\t\t\t                <div class=\"mn-content-block\">\n\t                                <\/div>\n\t\t\t\t                <div class=\"mn-content-block\">\n\t                                <\/div>\n\t\t\t\t                <div class=\"mn-content-block\">\n\t                                <\/div>\n\t\t\t\t\t\t<\/div>\n\t<\/div>\n<\/section>\n\t\t<\/div>\n\t\t\t\t<\/div>\n\t\t\t\t\t\t<\/div>\n\t\t\t\t\t<\/div>\n\t\t<\/div>\n\t\t\t\t\t\t\t\t<\/div>\n\t\t\t\t\t<\/div>\n\t\t<\/section>\n\t\t\t\t\t\t<\/div>\n\t\t\t\t\t\t<\/div>\n\t\t\t\t\t<\/div>\n\t\t","protected":false},"excerpt":{"rendered":"<p>\u2190 powr\u00f3t BIOLOGIA, spec. BIOLOGIA STOSOWANAstudia niestacjonarne II stopnia, nab\u00f3r 2024\/2025 Semestr I Metodologia nauk spo\u0142ecznych i&nbsp;przyrodniczych \/ Metodology of the social and life sciences Bioetyka Ekologia ro\u015blin Genetyka cz\u0142owieka R\u00f3\u017cnorodno\u015b\u0107 i&nbsp;ewolucja ro\u015blin Immunohematologia Nowoczesne techniki laboratoryjne J\u0119zyk obcy specjalistyczny _ Angielski J\u0119zyk obcy specjalistyczny _ Francuski J\u0119zyk obcy specjalistyczny _ Niemiecki J\u0119zyk obcy specjalistyczny [&hellip;]<\/p>\n","protected":false},"author":202,"featured_media":0,"parent":178039,"menu_order":0,"comment_status":"closed","ping_status":"closed","template":"elementor_header_footer","meta":{"_monsterinsights_skip_tracking":false,"_monsterinsights_sitenote_active":false,"_monsterinsights_sitenote_note":"","_monsterinsights_sitenote_category":0},"_links":{"self":[{"href":"https:\/\/up.lublin.pl\/srodowiskowa\/wp-json\/wp\/v2\/pages\/169179"}],"collection":[{"href":"https:\/\/up.lublin.pl\/srodowiskowa\/wp-json\/wp\/v2\/pages"}],"about":[{"href":"https:\/\/up.lublin.pl\/srodowiskowa\/wp-json\/wp\/v2\/types\/page"}],"author":[{"embeddable":true,"href":"https:\/\/up.lublin.pl\/srodowiskowa\/wp-json\/wp\/v2\/users\/202"}],"replies":[{"embeddable":true,"href":"https:\/\/up.lublin.pl\/srodowiskowa\/wp-json\/wp\/v2\/comments?post=169179"}],"version-history":[{"count":40,"href":"https:\/\/up.lublin.pl\/srodowiskowa\/wp-json\/wp\/v2\/pages\/169179\/revisions"}],"predecessor-version":[{"id":171662,"href":"https:\/\/up.lublin.pl\/srodowiskowa\/wp-json\/wp\/v2\/pages\/169179\/revisions\/171662"}],"up":[{"embeddable":true,"href":"https:\/\/up.lublin.pl\/srodowiskowa\/wp-json\/wp\/v2\/pages\/178039"}],"wp:attachment":[{"href":"https:\/\/up.lublin.pl\/srodowiskowa\/wp-json\/wp\/v2\/media?parent=169179"}],"curies":[{"name":"wp","href":"https:\/\/api.w.org\/{rel}","templated":true}]}}