{"id":169155,"date":"2024-04-13T10:23:13","date_gmt":"2024-04-13T08:23:13","guid":{"rendered":"https:\/\/up.lublin.pl\/srodowiskowa\/?page_id=169155"},"modified":"2026-02-18T13:50:23","modified_gmt":"2026-02-18T12:50:23","slug":"biologia-spec-biologia-stosowana-studia-niestacjonarne-i-stopnia-nabor-2024-2025","status":"publish","type":"page","link":"https:\/\/up.lublin.pl\/srodowiskowa\/ksztalcenie\/biologia-spec-biologia-stosowana-studia-niestacjonarne-i-stopnia-nabor-2024-2025\/","title":{"rendered":"Biologia, spec. biologia stosowana studia niestacjonarne I stopnia, nab\u00f3r 2024\/2025"},"content":{"rendered":"\t\t<div data-elementor-type=\"wp-page\" data-elementor-id=\"169155\" class=\"elementor elementor-169155\" data-elementor-settings=\"[]\">\n\t\t\t\t\t\t<div class=\"elementor-inner\">\n\t\t\t\t\t\t\t<div class=\"elementor-section-wrap\">\n\t\t\t\t\t\t\t<section class=\"elementor-section elementor-top-section elementor-element elementor-element-53286aa3 elementor-section-boxed elementor-section-height-default elementor-section-height-default\" data-id=\"53286aa3\" data-element_type=\"section\">\n\t\t\t\t\t\t<div class=\"elementor-container elementor-column-gap-default\">\n\t\t\t\t\t\t\t<div class=\"elementor-row\">\n\t\t\t\t\t<div class=\"elementor-column elementor-col-100 elementor-top-column elementor-element elementor-element-25cf9414\" data-id=\"25cf9414\" data-element_type=\"column\">\n\t\t\t<div class=\"elementor-column-wrap elementor-element-populated\">\n\t\t\t\t\t\t\t<div class=\"elementor-widget-wrap\">\n\t\t\t\t\t\t<div class=\"elementor-element elementor-element-34eea2f elementor-widget elementor-widget-m5c\" data-id=\"34eea2f\" data-element_type=\"widget\" data-widget_type=\"m5c.default\">\n\t\t\t\t<div class=\"elementor-widget-container\">\n\t\t\t<section class=\"mn-m5-c mn-m5-d2 mn-bg-white\">\n\t<div class=\"mn-grid\">\n\t\t\t\t<div class=\"mn-content mn-grid-9\">\n\t\t\t                <div class=\"mn-content-block active\">\n\t                                                        <div class=\"block-text\">\n\t                                        <h5 style=\"margin-bottom: 20px\"><a href=\"https:\/\/up.lublin.pl\/srodowiskowa\/ksztalcenie\/\">\u2190 powr\u00f3t<\/a><\/h5>\n<h1 style=\"text-align: center;margin-bottom: 20px\">BIOLOGIA, spec. BIOLOGIA STOSOWANA<br \/>studia niestacjonarne I&nbsp;stopnia, nab\u00f3r 2024\/2025<\/p>\n<\/h1>\n                                        <\/div>\n\t\t\t\t\t\t                                                        <ul class=\"mn-accordion\">\n                                            <li>\n                                                <h4 class=\"mn-accordion-title\">Semestr I<\/h4>\n                                                <div>\n\t\t\t\t\t\t\t\t\t                <p><a href=\"https:\/\/up.lublin.pl\/srodowiskowa\/wp-content\/uploads\/sites\/5\/2024\/09\/Analiza-danych-biologicznych-2024_25.pdf\">Analiza danych biologicznych<\/a><\/p>\n<p><a href=\"https:\/\/up.lublin.pl\/srodowiskowa\/wp-content\/uploads\/sites\/5\/2024\/06\/Fizyka_i_Biofizyka-1.pdf\">Fizyka i&nbsp;biofizyka<\/a><\/p>\n<p><a href=\"https:\/\/up.lublin.pl\/srodowiskowa\/wp-content\/uploads\/sites\/5\/2024\/09\/Biologia-komorki.pdf\">Biologia kom\u00f3rki<\/a><\/p>\n<p><a href=\"https:\/\/up.lublin.pl\/srodowiskowa\/wp-content\/uploads\/sites\/5\/2024\/06\/Botanika-ogolna-1.pdf\">Botanika og\u00f3lna<\/a><\/p>\n<p><a href=\"https:\/\/up.lublin.pl\/srodowiskowa\/wp-content\/uploads\/sites\/5\/2024\/06\/Ergonomia-i-bhp-1.pdf\">Ergonomia i&nbsp;BHP (przez 10 tyg.)<\/a><\/p>\n<p><a href=\"https:\/\/up.lublin.pl\/srodowiskowa\/wp-content\/uploads\/sites\/5\/2024\/06\/Ochrona-wlasnosci-intelektualnej-1.pdf\">Ochrona w\u0142asno\u015bci intelektualnej (przez 10 tyg.)<\/a><\/p>\n<p><a href=\"https:\/\/up.lublin.pl\/srodowiskowa\/wp-content\/uploads\/sites\/5\/2024\/06\/Technologie-informacyjne-1.pdf\">Technologie informacyjne<\/a><\/p>\n<p>J\u0119zyk obcy 1_ <a href=\"https:\/\/up.lublin.pl\/srodowiskowa\/wp-content\/uploads\/sites\/5\/2024\/06\/Jezyk-obcy-1_Angielski-1.pdf\">Angielski<\/a><\/p>\n<p>J\u0119zyk obcy 1_ <a href=\"https:\/\/up.lublin.pl\/srodowiskowa\/wp-content\/uploads\/sites\/5\/2024\/06\/Jezyk-obcy-1_Francuski-1.pdf\">Francuski<\/a><\/p>\n<p>J\u0119zyk obcy 1_<a href=\"https:\/\/up.lublin.pl\/srodowiskowa\/wp-content\/uploads\/sites\/5\/2024\/06\/Jezyk-obcy-1_Niemiecki-1.pdf\">Niemiecki<\/a><\/p>\n<p>J\u0119zyk obcy 1_ <a href=\"https:\/\/up.lublin.pl\/srodowiskowa\/wp-content\/uploads\/sites\/5\/2024\/06\/Jezyk-obcy-1_Rosyjski-1.pdf\">Rosyjski<\/a><\/p>\n<p>Przedmiot humanistyczny blok A&nbsp;\u2013 <a href=\"https:\/\/up.lublin.pl\/srodowiskowa\/wp-content\/uploads\/sites\/5\/2024\/06\/Komunikacja-interpersonalna-1.pdf\">Komunikacja interpersonalna<\/a><\/p>\n<p>Przedmiot humanistyczny blok A&nbsp;\u2013 <a href=\"https:\/\/up.lublin.pl\/srodowiskowa\/wp-content\/uploads\/sites\/5\/2024\/06\/Public-relations-1.pdf\">Public relations<\/a><\/p>\n<p>Przedmiot humanistyczny blok A&nbsp;\u2013 <a href=\"https:\/\/up.lublin.pl\/srodowiskowa\/wp-content\/uploads\/sites\/5\/2024\/06\/Etyka-1.pdf\">Etyka<\/a><\/p>\n                                                <\/div>\n                                            <\/li>\n                                        <\/ul>\n\t\t\t\t\t\t                                                        <ul class=\"mn-accordion\">\n                                            <li>\n                                                <h4 class=\"mn-accordion-title\">Semestr II<\/h4>\n                                                <div>\n\t\t\t\t\t\t\t\t\t                <p><a href=\"https:\/\/up.lublin.pl\/srodowiskowa\/wp-content\/uploads\/sites\/5\/2024\/06\/Zoologia-1.pdf\">Zoologia<\/a><\/p>\n<p><a href=\"https:\/\/up.lublin.pl\/srodowiskowa\/wp-content\/uploads\/sites\/5\/2024\/06\/Botanika-systematyczna-1.pdf\">Botanika systematyczna<\/a><\/p>\n<p><a href=\"https:\/\/up.lublin.pl\/srodowiskowa\/wp-content\/uploads\/sites\/5\/2024\/06\/Chemia-nieorganiczna-i-organiczna-2.pdf\">Chemia nieorganiczna i&nbsp;organiczna<\/a><\/p>\n<p><a href=\"https:\/\/up.lublin.pl\/srodowiskowa\/wp-content\/uploads\/sites\/5\/2024\/06\/Fizjologia-roslin-1.pdf\">Fizjologia ro\u015blin<\/a><\/p>\n<p><a href=\"https:\/\/up.lublin.pl\/srodowiskowa\/wp-content\/uploads\/sites\/5\/2024\/06\/Biochemia-1.pdf\">Biochemia<\/a><\/p>\n<p>J\u0119zyk obcy 2_ <a href=\"https:\/\/up.lublin.pl\/srodowiskowa\/wp-content\/uploads\/sites\/5\/2024\/06\/Jezyk-obcy-2_Angielski-1.pdf\">Angielski<\/a><\/p>\n<p>J\u0119zyk obcy 2_ <a href=\"https:\/\/up.lublin.pl\/srodowiskowa\/wp-content\/uploads\/sites\/5\/2024\/06\/Jezyk-obcy-2_Francuski.pdf\">Francuski<\/a><\/p>\n<p>J\u0119zyk obcy 2_ <a href=\"https:\/\/up.lublin.pl\/srodowiskowa\/wp-content\/uploads\/sites\/5\/2024\/06\/Jezyk-obcy-2_Niemiecki-1.pdf\">Niemiecki<\/a><\/p>\n<p>J\u0119zyk obcy 2_ <a href=\"https:\/\/up.lublin.pl\/srodowiskowa\/wp-content\/uploads\/sites\/5\/2024\/06\/Jezyk-obcy-2_Rosyjski-1.pdf\">Rosyjski<\/a><\/p>\n                                                <\/div>\n                                            <\/li>\n                                        <\/ul>\n\t\t\t\t\t\t                                                        <ul class=\"mn-accordion\">\n                                            <li>\n                                                <h4 class=\"mn-accordion-title\">Semestr III<\/h4>\n                                                <div>\n\t\t\t\t\t\t\t\t\t                <p><a href=\"https:\/\/up.lublin.pl\/srodowiskowa\/wp-content\/uploads\/sites\/5\/2024\/06\/Fizjologia-zwierzat-i-czlowieka-1.pdf\">Fizjologia zwierz\u0105t i&nbsp;cz\u0142owieka<\/a><\/p>\n<p><a href=\"https:\/\/up.lublin.pl\/srodowiskowa\/wp-content\/uploads\/sites\/5\/2024\/06\/Mikrobiologia-ogolna-1.pdf\">Mikrobiologia og\u00f3lna<\/a><\/p>\n<p><a href=\"https:\/\/up.lublin.pl\/srodowiskowa\/wp-content\/uploads\/sites\/5\/2024\/06\/Anatomia-zwierzat-i-czlowieka-1.pdf\">Anatomia zwierz\u0105t i&nbsp;cz\u0142owieka<\/a><\/p>\n<p>J\u0119zyk obcy 3_ <a href=\"https:\/\/up.lublin.pl\/srodowiskowa\/wp-content\/uploads\/sites\/5\/2024\/06\/Jezyk-obcy-3_Angielski-1.pdf\">Angielski<\/a><\/p>\n<p>J\u0119zyk obcy 3_ <a href=\"https:\/\/up.lublin.pl\/srodowiskowa\/wp-content\/uploads\/sites\/5\/2024\/06\/Jezyk-obcy-3_Francuski-1.pdf\">Francuski<\/a><\/p>\n<p>J\u0119zyk obcy 3_ <a href=\"https:\/\/up.lublin.pl\/srodowiskowa\/wp-content\/uploads\/sites\/5\/2024\/06\/Jezyk-obcy-3_Niemiecki-1.pdf\">Niemiecki<\/a><\/p>\n<p>J\u0119zyk obcy 3_ <a href=\"https:\/\/up.lublin.pl\/srodowiskowa\/wp-content\/uploads\/sites\/5\/2024\/06\/Jezyk-obcy-3_Rosyjski.pdf\">Rosyjski<\/a><\/p>\n<p>Przedmiot do wyboru blok B&nbsp;\u2013 <a href=\"https:\/\/up.lublin.pl\/srodowiskowa\/wp-content\/uploads\/sites\/5\/2024\/06\/Biofizyka-bialek-1.pdf\">Biofizyka bia\u0142ek<\/a><\/p>\n<p>Przedmiot do wyboru blok B&nbsp;\u2013 <a href=\"https:\/\/up.lublin.pl\/srodowiskowa\/wp-content\/uploads\/sites\/5\/2024\/06\/Barwniki-fluorescencyjne-w-biologii-molekularnej-1.pdf\">Barwniki fluorescencyjne w&nbsp;biologii molekularnej<\/a><\/p>\n<p>Przedmiot do wyboru blok C&nbsp;\u2013 <a href=\"https:\/\/up.lublin.pl\/srodowiskowa\/wp-content\/uploads\/sites\/5\/2024\/06\/Katastrofy-ekologiczne-1.pdf\">Katastrofy ekologiczne<\/a><\/p>\n<p>Przedmiot do wyboru blok C&nbsp;\u2013 <a href=\"https:\/\/up.lublin.pl\/srodowiskowa\/wp-content\/uploads\/sites\/5\/2024\/06\/Ekosystemy-wodne-i-ladowe-swiata-1.pdf\">Ekosystemy wodne i&nbsp;l\u0105dowe \u015bwiata<\/a><\/p>\n<p>Przedmiot do wyboru blok D&nbsp;\u2013 <a href=\"https:\/\/up.lublin.pl\/srodowiskowa\/wp-content\/uploads\/sites\/5\/2024\/06\/Ekologia-i-biologia-ryb-1.pdf\">Ekologia i&nbsp;biologia ryb<\/a><\/p>\n<p>Przedmiot do wyboru blok D&nbsp;\u2013 <a href=\"https:\/\/up.lublin.pl\/srodowiskowa\/wp-content\/uploads\/sites\/5\/2024\/06\/Mikrobiologia-wod-1.pdf\">Mikrobiologia w\u00f3d<\/a><\/p>\n<p>Przedmiot do wyboru blok D&nbsp;\u2013 <a href=\"https:\/\/up.lublin.pl\/srodowiskowa\/wp-content\/uploads\/sites\/5\/2024\/06\/Zastosowanie-GIS-w-naukach-przyrodniczych.pdf\">Zastosowanie System\u00f3w Informacji Geograficznej (GIS) w&nbsp;naukach przyrodniczych<\/a><\/p>\n<p>Przedmiot do wyboru blok E&nbsp;\u2013 <a href=\"https:\/\/up.lublin.pl\/srodowiskowa\/wp-content\/uploads\/sites\/5\/2024\/06\/Biologiczne-aspekty-inwazji-roslin-1.pdf\">Biologiczne aspekty inwazji ro\u015blin<\/a><\/p>\n<p>Przedmiot do wyboru blok E&nbsp;\u2013 <a href=\"https:\/\/up.lublin.pl\/srodowiskowa\/wp-content\/uploads\/sites\/5\/2024\/06\/Biologia-kwitnienia-i-zapylania-1.pdf\">Biologia kwitnienia i&nbsp;zapylania<\/a><\/p>\n                                                <\/div>\n                                            <\/li>\n                                        <\/ul>\n\t\t\t\t\t\t                                                        <ul class=\"mn-accordion\">\n                                            <li>\n                                                <h4 class=\"mn-accordion-title\">Semestr IV<\/h4>\n                                                <div>\n\t\t\t\t\t\t\t\t\t                <p><a href=\"https:\/\/up.lublin.pl\/srodowiskowa\/wp-content\/uploads\/sites\/5\/2024\/06\/Genetyka-1.pdf\">Genetyka<\/a><\/p>\n<p><a href=\"https:\/\/up.lublin.pl\/srodowiskowa\/wp-content\/uploads\/sites\/5\/2024\/06\/Ekologia-ogolna-1.pdf\">Ekologia og\u00f3lna<\/a><\/p>\n<p><a href=\"https:\/\/up.lublin.pl\/srodowiskowa\/wp-content\/uploads\/sites\/5\/2024\/06\/Biologia-srodowiskowa-i-biogeografia-1.pdf\">Biologia \u015brodowiskowa i&nbsp;biogeografia<\/a><\/p>\n<p>J\u0119zyk obcy 4_ <a href=\"https:\/\/up.lublin.pl\/srodowiskowa\/wp-content\/uploads\/sites\/5\/2024\/06\/Jezyk-obcy-4_Angielski.pdf\">Angielski<\/a><\/p>\n<p>J\u0119zyk obcy 4_ <a href=\"https:\/\/up.lublin.pl\/srodowiskowa\/wp-content\/uploads\/sites\/5\/2024\/06\/Jezyk-obcy-4_Francuski.pdf\">Francuski<\/a><\/p>\n<p>J\u0119zyk obcy 4_ <a href=\"https:\/\/up.lublin.pl\/srodowiskowa\/wp-content\/uploads\/sites\/5\/2024\/06\/Jezyk-obcy-4_Niemiecki.pdf\">Niemiecki<\/a><\/p>\n<p>J\u0119zyk obcy 4_ <a href=\"https:\/\/up.lublin.pl\/srodowiskowa\/wp-content\/uploads\/sites\/5\/2024\/06\/Jezyk-obcy-4_Rosyjski.pdf\">Rosyjski<\/a><\/p>\n<p><a href=\"https:\/\/up.lublin.pl\/srodowiskowa\/wp-content\/uploads\/sites\/5\/2024\/06\/Przedsiebiorczosc-akademicka-1.pdf\">Przedsi\u0119biorczo\u015b\u0107 akademicka<\/a><\/p>\n<p>Przedmiot do wyboru blok F&nbsp;\u2013 <a href=\"https:\/\/up.lublin.pl\/srodowiskowa\/wp-content\/uploads\/sites\/5\/2024\/06\/Biologia-behawioralna-owadow-spolecznych-1.pdf\">Biologia behawioralna owad\u00f3w spo\u0142ecznych<\/a><\/p>\n<p>Przedmiot do wyboru blok F&nbsp;\u2013 <a href=\"https:\/\/up.lublin.pl\/srodowiskowa\/wp-content\/uploads\/sites\/5\/2024\/06\/Ekofizjologia-owadow-1.pdf\">Ekofizjologia owad\u00f3w<\/a> \/ <a href=\"https:\/\/up.lublin.pl\/srodowiskowa\/wp-content\/uploads\/sites\/5\/2024\/09\/Ecophysiology-of-insects-1.pdf\">Ecophysiology of insects<\/a><\/p>\n<p>Przedmiot do wyboru blok G&nbsp;\u2013 <a href=\"https:\/\/up.lublin.pl\/srodowiskowa\/wp-content\/uploads\/sites\/5\/2024\/06\/Fizjologia-adaptacji-1.pdf\">Fizjologia adaptacji<\/a><\/p>\n<p>Przedmiot do wyboru blok G&nbsp;\u2013 <a href=\"https:\/\/up.lublin.pl\/srodowiskowa\/wp-content\/uploads\/sites\/5\/2024\/10\/Cytobiochemia-i-regulacja-procesow-komorkowych-1-2.pdf\">Cytobiochemia i&nbsp;regulacja proces\u00f3w kom\u00f3rkowych<\/a><\/p>\n<p>Przedmiot do wyboru blok H&nbsp;\u2013 <a href=\"https:\/\/up.lublin.pl\/srodowiskowa\/wp-content\/uploads\/sites\/5\/2024\/06\/Bezkregowce-w-ekosystemach-antropogenicznych-1.pdf\">Bezkr\u0119gowce w&nbsp;ekosystemach antropogenicznych<\/a><\/p>\n<p>Przedmiot do wyboru blok H&nbsp;\u2013 <a href=\"https:\/\/up.lublin.pl\/srodowiskowa\/wp-content\/uploads\/sites\/5\/2024\/06\/Kregowce-w-ekosystemach-antropogenicznych-1.pdf\">Kr\u0119gowce w&nbsp;ekosystemach antropogenicznych<\/a><\/p>\n<p><a href=\"https:\/\/up.lublin.pl\/srodowiskowa\/wp-content\/uploads\/sites\/5\/2024\/06\/Praktyka_A-1.pdf\">Praktyka zawodowa 3 tyg. obowi\u0105zkowa_A<\/a><\/p>\n<p><a href=\"https:\/\/up.lublin.pl\/srodowiskowa\/wp-content\/uploads\/sites\/5\/2024\/06\/Praktyka_B-1.pdf\">Praktyka zawodowa 3 tyg. obowi\u0105zkowa_B<\/a><\/p>\n<p><a href=\"https:\/\/up.lublin.pl\/srodowiskowa\/wp-content\/uploads\/sites\/5\/2024\/06\/Praktyka_C-1.pdf\">Praktyka zawodowa 3 tyg. obowi\u0105zkowa_C<\/a><\/p>\n                                                <\/div>\n                                            <\/li>\n                                        <\/ul>\n\t\t\t\t\t\t                                                        <ul class=\"mn-accordion\">\n                                            <li>\n                                                <h4 class=\"mn-accordion-title\">Semestr V<\/h4>\n                                                <div>\n\t\t\t\t\t\t\t\t\t                <p><a href=\"https:\/\/up.lublin.pl\/srodowiskowa\/wp-content\/uploads\/sites\/5\/2024\/06\/Biologia-molekularna-i-podstawy-biotechnologii-1.pdf\">Biologia molekularna i&nbsp;podstawy biotechnologii<\/a><\/p>\n<p><a href=\"https:\/\/up.lublin.pl\/srodowiskowa\/wp-content\/uploads\/sites\/5\/2024\/06\/Immunologia-1.pdf\">Immunologia<\/a><\/p>\n<p><a href=\"https:\/\/up.lublin.pl\/srodowiskowa\/wp-content\/uploads\/sites\/5\/2024\/06\/Ochrona-Przyrody-1.pdf\">Ochrona przyrody<\/a><\/p>\n<p><a href=\"https:\/\/up.lublin.pl\/srodowiskowa\/wp-content\/uploads\/sites\/5\/2024\/06\/Szata-roslinna-1.pdf\">Szata ro\u015blinna<\/a><\/p>\n<p>Przedmiot do wyboru blok I&nbsp;\u2013 <a href=\"https:\/\/up.lublin.pl\/srodowiskowa\/wp-content\/uploads\/sites\/5\/2024\/06\/Protistologia-1.pdf\">Protistologia<\/a><\/p>\n<p>Przedmiot do wyboru blok I&nbsp;\u2013 <a href=\"https:\/\/up.lublin.pl\/srodowiskowa\/wp-content\/uploads\/sites\/5\/2024\/06\/Fykologia-1.pdf\">Fykologia<\/a><\/p>\n<p>Przedmiot do wyboru blok J\u00a0 \u2013 <a href=\"https:\/\/up.lublin.pl\/srodowiskowa\/wp-content\/uploads\/sites\/5\/2024\/06\/Parazytologia-1.pdf\">Parazytologia<\/a><\/p>\n<p>Przedmiot do wyboru blok J\u00a0 \u2013 <a href=\"https:\/\/up.lublin.pl\/srodowiskowa\/wp-content\/uploads\/sites\/5\/2024\/09\/Human-ecology.pdf\">Human ecology<\/a> \/ <a href=\"https:\/\/up.lublin.pl\/srodowiskowa\/wp-content\/uploads\/sites\/5\/2024\/06\/Ekologia-czlowieka-1.pdf\">Ekologia cz\u0142owieka<\/a><\/p>\n<p>Przedmiot do wyboru blok K&nbsp;\u2013 <a href=\"https:\/\/up.lublin.pl\/srodowiskowa\/wp-content\/uploads\/sites\/5\/2024\/06\/Biostymulatory-i-ich-wplyw-na-organizm_NS.pdf\">Biostymulatory i&nbsp;ich wp\u0142yw na organizm<\/a><\/p>\n<p>Przedmiot do wyboru blok K&nbsp;\u2013 <a href=\"https:\/\/up.lublin.pl\/srodowiskowa\/wp-content\/uploads\/sites\/5\/2024\/06\/Biochemia-starzenia-sie-bezkregowcow-i-kregowcow-1.pdf\">Biochemia starzenia si\u0119 bezkr\u0119gowc\u00f3w i&nbsp;kr\u0119gowc\u00f3w<\/a><\/p>\n<p><a href=\"https:\/\/up.lublin.pl\/srodowiskowa\/wp-content\/uploads\/sites\/5\/2024\/09\/Seminarium-dyplomowe-i-metodyka_1_A.pdf\">Seminarium dyplomowe i&nbsp;metodyka wyszukiwania informacji naukowych 1_A<\/a><\/p>\n<p><a href=\"https:\/\/up.lublin.pl\/srodowiskowa\/wp-content\/uploads\/sites\/5\/2024\/09\/Seminarium-dyplomowe-i-metodyka_1_B.pdf\">Seminarium dyplomowe i&nbsp;metodyka wyszukiwania informacji naukowych 1_B<\/a><\/p>\n                                                <\/div>\n                                            <\/li>\n                                        <\/ul>\n\t\t\t\t\t\t                                                        <ul class=\"mn-accordion\">\n                                            <li>\n                                                <h4 class=\"mn-accordion-title\">Semestr VI<\/h4>\n                                                <div>\n\t\t\t\t\t\t\t\t\t                <p><a href=\"https:\/\/up.lublin.pl\/srodowiskowa\/wp-content\/uploads\/sites\/5\/2024\/06\/Ewolucjonizm-1.pdf\">Ewolucjonizm<\/a><\/p>\n<p><a href=\"https:\/\/up.lublin.pl\/srodowiskowa\/wp-content\/uploads\/sites\/5\/2024\/06\/Hydrobiologia-1.pdf\">Hydrobiologia<\/a><\/p>\n<p><a href=\"https:\/\/up.lublin.pl\/srodowiskowa\/wp-content\/uploads\/sites\/5\/2024\/06\/Ekotoksykologia-1.pdf\">Ekotoksykologia<\/a><\/p>\n<p>Przedmiot do wyboru blok L&nbsp;\u2013 <a href=\"https:\/\/up.lublin.pl\/srodowiskowa\/wp-content\/uploads\/sites\/5\/2024\/06\/Environmental-protection-1.pdf\">Environmental protection<\/a> \/ <a href=\"https:\/\/up.lublin.pl\/srodowiskowa\/wp-content\/uploads\/sites\/5\/2024\/06\/Ochrona-srodowiska-1.pdf\">Ochrona \u015brodowiska<\/a><\/p>\n<p>Przedmiot do wyboru blok L&nbsp;\u2013 <a href=\"https:\/\/up.lublin.pl\/srodowiskowa\/wp-content\/uploads\/sites\/5\/2024\/06\/Metodyka-badan-terenowych-1.pdf\">Metodyka bada\u0144 terenowych<\/a><\/p>\n<p>Przedmiot do wyboru blok M&nbsp;\u2013<a href=\"https:\/\/up.lublin.pl\/srodowiskowa\/wp-content\/uploads\/sites\/5\/2024\/06\/Bioindykacja-1.pdf\">Bioindykacja<\/a><\/p>\n<p>Przedmiot do wyboru blok M&nbsp;\u2013 <a href=\"https:\/\/up.lublin.pl\/srodowiskowa\/wp-content\/uploads\/sites\/5\/2024\/06\/Ekologia-i-biologia-ptakow-1.pdf\">Ekologia i&nbsp;biologia ptak\u00f3w<\/a><\/p>\n<p>Przedmiot do wyboru blok M&nbsp;\u2013 <a href=\"https:\/\/up.lublin.pl\/srodowiskowa\/wp-content\/uploads\/sites\/5\/2024\/06\/Applied-entomology-1.pdf\">Applied entomology<\/a><\/p>\n<p>Przedmiot do wyboru blok M&nbsp;\u2013 <a href=\"https:\/\/up.lublin.pl\/srodowiskowa\/wp-content\/uploads\/sites\/5\/2024\/06\/Herpetology-1.pdf\">Herpetology<\/a><\/p>\n<p>Przedmiot do wyboru blok N&nbsp;\u2013 <a href=\"https:\/\/up.lublin.pl\/srodowiskowa\/wp-content\/uploads\/sites\/5\/2024\/06\/Mechanizmy-odpornosci-u-bezkregowcow-1.pdf\">Mechanizmy odporno\u015bci u&nbsp;bezkr\u0119gowc\u00f3w<\/a><\/p>\n<p>Przedmiot do wyboru blok N&nbsp;\u2013 <a href=\"https:\/\/up.lublin.pl\/srodowiskowa\/wp-content\/uploads\/sites\/5\/2024\/06\/Mikroorganizmy-antagonistyczne-i-toksynotworcze-1.pdf\">Mikroorganizmy antagonistyczne i&nbsp;toksynotw\u00f3rcze<\/a><\/p>\n<p>Przedmiot do wyboru blok N&nbsp;\u2013 <a href=\"https:\/\/up.lublin.pl\/srodowiskowa\/wp-content\/uploads\/sites\/5\/2024\/06\/Biologia-eksperymentalna-1.pdf\">Biologia eksperymentalna<\/a><\/p>\n<p>Przedmiot do wyboru blok O&nbsp;\u2013 <a href=\"https:\/\/up.lublin.pl\/srodowiskowa\/wp-content\/uploads\/sites\/5\/2024\/06\/Akarologia-1.pdf\">Akarologia<\/a><\/p>\n<p>Przedmiot do wyboru blok O&nbsp;\u2013 <a href=\"https:\/\/up.lublin.pl\/srodowiskowa\/wp-content\/uploads\/sites\/5\/2024\/06\/Zarzadzanie-obszarami-chronionymi-1.pdf\">Zarz\u0105dzanie obszarami chronionymi<\/a><\/p>\n<p>Przedmiot do wyboru blok O&nbsp;\u2013 <a href=\"https:\/\/up.lublin.pl\/srodowiskowa\/wp-content\/uploads\/sites\/5\/2024\/06\/Ekologia-i-biologia-ssakow-1.pdf\">Ekologia i&nbsp;biologia ssak\u00f3w<\/a><\/p>\n<p><a href=\"https:\/\/up.lublin.pl\/srodowiskowa\/wp-content\/uploads\/sites\/5\/2024\/06\/Seminarium-dyplomowe_2-_A-1.pdf\">Seminarium dyplomowe 2 _A<\/a><\/p>\n<p><a href=\"https:\/\/up.lublin.pl\/srodowiskowa\/wp-content\/uploads\/sites\/5\/2024\/06\/Seminarium-dyplomowe_2-_B-1.pdf\">Seminarium dyplomowe 2 _B<\/a><\/p>\n<p><a href=\"https:\/\/up.lublin.pl\/srodowiskowa\/wp-content\/uploads\/sites\/5\/2024\/09\/Egzamin-dyplomowy-3.pdf\">Egzamin dyplomowy<\/a><\/p>\n                                                <\/div>\n                                            <\/li>\n                                        <\/ul>\n\t\t\t\t\t\t                                <\/div>\n\t\t\t\t                <div class=\"mn-content-block\">\n\t                                <\/div>\n\t\t\t\t                <div class=\"mn-content-block\">\n\t                                <\/div>\n\t\t\t\t                <div class=\"mn-content-block\">\n\t                                <\/div>\n\t\t\t\t                <div class=\"mn-content-block\">\n\t                                <\/div>\n\t\t\t\t                <div class=\"mn-content-block\">\n\t                                <\/div>\n\t\t\t\t                <div class=\"mn-content-block\">\n\t                                <\/div>\n\t\t\t\t                <div class=\"mn-content-block\">\n\t                                <\/div>\n\t\t\t\t                <div class=\"mn-content-block\">\n\t                                <\/div>\n\t\t\t\t                <div class=\"mn-content-block\">\n\t                                <\/div>\n\t\t\t\t                <div class=\"mn-content-block\">\n\t                                <\/div>\n\t\t\t\t                <div class=\"mn-content-block\">\n\t                                <\/div>\n\t\t\t\t                <div class=\"mn-content-block\">\n\t                                <\/div>\n\t\t\t\t                <div class=\"mn-content-block\">\n\t                                <\/div>\n\t\t\t\t                <div class=\"mn-content-block\">\n\t                                <\/div>\n\t\t\t\t                <div class=\"mn-content-block\">\n\t                                <\/div>\n\t\t\t\t                <div class=\"mn-content-block\">\n\t                                <\/div>\n\t\t\t\t                <div class=\"mn-content-block\">\n\t                                <\/div>\n\t\t\t\t                <div class=\"mn-content-block\">\n\t                                <\/div>\n\t\t\t\t                <div class=\"mn-content-block\">\n\t                                <\/div>\n\t\t\t\t\t\t<\/div>\n\t<\/div>\n<\/section>\n\t\t<\/div>\n\t\t\t\t<\/div>\n\t\t\t\t\t\t<\/div>\n\t\t\t\t\t<\/div>\n\t\t<\/div>\n\t\t\t\t\t\t\t\t<\/div>\n\t\t\t\t\t<\/div>\n\t\t<\/section>\n\t\t\t\t\t\t<\/div>\n\t\t\t\t\t\t<\/div>\n\t\t\t\t\t<\/div>\n\t\t","protected":false},"excerpt":{"rendered":"<p>\u2190 powr\u00f3t BIOLOGIA, spec. BIOLOGIA STOSOWANAstudia niestacjonarne I&nbsp;stopnia, nab\u00f3r 2024\/2025 Semestr I Analiza danych biologicznych Fizyka i&nbsp;biofizyka Biologia kom\u00f3rki Botanika og\u00f3lna Ergonomia i&nbsp;BHP (przez 10 tyg.) Ochrona w\u0142asno\u015bci intelektualnej (przez 10 tyg.) Technologie informacyjne J\u0119zyk obcy 1_ Angielski J\u0119zyk obcy 1_ Francuski J\u0119zyk obcy 1_Niemiecki J\u0119zyk obcy 1_ Rosyjski Przedmiot humanistyczny blok A&nbsp;\u2013 Komunikacja interpersonalna [&hellip;]<\/p>\n","protected":false},"author":202,"featured_media":0,"parent":178039,"menu_order":0,"comment_status":"closed","ping_status":"closed","template":"elementor_header_footer","meta":{"_monsterinsights_skip_tracking":false,"_monsterinsights_sitenote_active":false,"_monsterinsights_sitenote_note":"","_monsterinsights_sitenote_category":0},"_links":{"self":[{"href":"https:\/\/up.lublin.pl\/srodowiskowa\/wp-json\/wp\/v2\/pages\/169155"}],"collection":[{"href":"https:\/\/up.lublin.pl\/srodowiskowa\/wp-json\/wp\/v2\/pages"}],"about":[{"href":"https:\/\/up.lublin.pl\/srodowiskowa\/wp-json\/wp\/v2\/types\/page"}],"author":[{"embeddable":true,"href":"https:\/\/up.lublin.pl\/srodowiskowa\/wp-json\/wp\/v2\/users\/202"}],"replies":[{"embeddable":true,"href":"https:\/\/up.lublin.pl\/srodowiskowa\/wp-json\/wp\/v2\/comments?post=169155"}],"version-history":[{"count":85,"href":"https:\/\/up.lublin.pl\/srodowiskowa\/wp-json\/wp\/v2\/pages\/169155\/revisions"}],"predecessor-version":[{"id":172915,"href":"https:\/\/up.lublin.pl\/srodowiskowa\/wp-json\/wp\/v2\/pages\/169155\/revisions\/172915"}],"up":[{"embeddable":true,"href":"https:\/\/up.lublin.pl\/srodowiskowa\/wp-json\/wp\/v2\/pages\/178039"}],"wp:attachment":[{"href":"https:\/\/up.lublin.pl\/srodowiskowa\/wp-json\/wp\/v2\/media?parent=169155"}],"curies":[{"name":"wp","href":"https:\/\/api.w.org\/{rel}","templated":true}]}}