{"id":169133,"date":"2024-04-13T10:08:24","date_gmt":"2024-04-13T08:08:24","guid":{"rendered":"https:\/\/up.lublin.pl\/srodowiskowa\/?page_id=169133"},"modified":"2026-02-18T13:50:03","modified_gmt":"2026-02-18T12:50:03","slug":"biologia-spec-biologia-sadowa-studia-niestacjonarne-ii-stopnia-nabor-2024-2025","status":"publish","type":"page","link":"https:\/\/up.lublin.pl\/srodowiskowa\/ksztalcenie\/biologia-spec-biologia-sadowa-studia-niestacjonarne-ii-stopnia-nabor-2024-2025\/","title":{"rendered":"Biologia, spec. biologia s\u0105dowa studia niestacjonarne II stopnia, nab\u00f3r 2024\/2025"},"content":{"rendered":"\t\t<div data-elementor-type=\"wp-page\" data-elementor-id=\"169133\" class=\"elementor elementor-169133\" data-elementor-settings=\"[]\">\n\t\t\t\t\t\t<div class=\"elementor-inner\">\n\t\t\t\t\t\t\t<div class=\"elementor-section-wrap\">\n\t\t\t\t\t\t\t<section class=\"elementor-section elementor-top-section elementor-element elementor-element-5a9b94cb elementor-section-boxed elementor-section-height-default elementor-section-height-default\" data-id=\"5a9b94cb\" data-element_type=\"section\">\n\t\t\t\t\t\t<div class=\"elementor-container elementor-column-gap-default\">\n\t\t\t\t\t\t\t<div class=\"elementor-row\">\n\t\t\t\t\t<div class=\"elementor-column elementor-col-100 elementor-top-column elementor-element elementor-element-4f880ff6\" data-id=\"4f880ff6\" data-element_type=\"column\">\n\t\t\t<div class=\"elementor-column-wrap elementor-element-populated\">\n\t\t\t\t\t\t\t<div class=\"elementor-widget-wrap\">\n\t\t\t\t\t\t<div class=\"elementor-element elementor-element-43e5e075 elementor-widget elementor-widget-m5c\" data-id=\"43e5e075\" data-element_type=\"widget\" data-widget_type=\"m5c.default\">\n\t\t\t\t<div class=\"elementor-widget-container\">\n\t\t\t<section class=\"mn-m5-c mn-m5-d2 mn-bg-white\">\n\t<div class=\"mn-grid\">\n\t\t\t\t<div class=\"mn-content mn-grid-9\">\n\t\t\t                <div class=\"mn-content-block active\">\n\t                                                        <div class=\"block-text\">\n\t                                        <h5 style=\"margin-bottom: 20px\"><a href=\"https:\/\/up.lublin.pl\/srodowiskowa\/ksztalcenie\/\">\u2190 powr\u00f3t<\/a><\/h5>\n<h1 style=\"text-align: center;margin-bottom: 20px\">BIOLOGIA, spec. BIOLOGIA S\u0104DOWA <br \/>studia niestacjonarne II stopnia, nab\u00f3r 2024\/2025<\/h1>\n<p>\u00a0<\/p>\n                                        <\/div>\n\t\t\t\t\t\t                                                        <ul class=\"mn-accordion\">\n                                            <li>\n                                                <h4 class=\"mn-accordion-title\">Semestr I<\/h4>\n                                                <div>\n\t\t\t\t\t\t\t\t\t                <p><a href=\"https:\/\/up.lublin.pl\/srodowiskowa\/wp-content\/uploads\/sites\/5\/2024\/06\/Metodologia-nauk-spolecznych-i-przyrodniczych-ns-2024-2025.pdf\">Metodologia nauk spo\u0142ecznych i&nbsp;przyrodniczych<\/a> \/ <a href=\"https:\/\/up.lublin.pl\/srodowiskowa\/wp-content\/uploads\/sites\/5\/2024\/06\/Metodology-of-the-social-and-life-sciences-ns-2024-2025.pdf\">Metodology of the social and life sciences<\/a><\/p>\n<p><a href=\"https:\/\/up.lublin.pl\/srodowiskowa\/wp-content\/uploads\/sites\/5\/2024\/06\/Bioetyka-ns-2024-2025.pdf\">Bioetyka<\/a><\/p>\n<p><a href=\"https:\/\/up.lublin.pl\/srodowiskowa\/wp-content\/uploads\/sites\/5\/2024\/06\/Ekologia-roslin-ns-2024-2025.pdf\">Ekologia ro\u015blin<\/a><\/p>\n<p><a href=\"https:\/\/up.lublin.pl\/srodowiskowa\/wp-content\/uploads\/sites\/5\/2024\/06\/Genetyka-czlowieka-ns-2024-2025.pdf\">Genetyka cz\u0142owieka<\/a><\/p>\n<p><a href=\"https:\/\/up.lublin.pl\/srodowiskowa\/wp-content\/uploads\/sites\/5\/2024\/06\/Roznorodnosc-i-ewolucja-roslin-ns-2024-2025.pdf\">R\u00f3\u017cnorodno\u015b\u0107 i&nbsp;ewolucja ro\u015blin<\/a><\/p>\n<p><a href=\"https:\/\/up.lublin.pl\/srodowiskowa\/wp-content\/uploads\/sites\/5\/2024\/06\/Immunohematologia-ns-2024-2025.pdf\">Immunohematologia<\/a><\/p>\n<p><a href=\"https:\/\/up.lublin.pl\/srodowiskowa\/wp-content\/uploads\/sites\/5\/2024\/06\/Podstawy-nauk-medyczno-sadowych-ns-2024-2025.pdf\">Podstawy nauk medyczno-s\u0105dowych<\/a><\/p>\n<p>J\u0119zyk obcy specjalistyczny _ <a href=\"https:\/\/up.lublin.pl\/srodowiskowa\/wp-content\/uploads\/sites\/5\/2024\/06\/Jezyk-angielski-specjalistyczny-ns-2024-2025.pdf\">Angielski<\/a><\/p>\n<p>J\u0119zyk obcy specjalistyczny _ <a href=\"https:\/\/up.lublin.pl\/srodowiskowa\/wp-content\/uploads\/sites\/5\/2024\/06\/Jezyk-francuski-specjalistyczny-ns-2024-2025.pdf\">Francuski<\/a><\/p>\n<p>J\u0119zyk obcy specjalistyczny _ <a href=\"https:\/\/up.lublin.pl\/srodowiskowa\/wp-content\/uploads\/sites\/5\/2024\/06\/Jezyk-niemiecki-specjalistyczny-ns-2024-2025.pdf\">Niemiecki<\/a><\/p>\n<p>J\u0119zyk obcy specjalistyczny _ <a href=\"https:\/\/up.lublin.pl\/srodowiskowa\/wp-content\/uploads\/sites\/5\/2024\/06\/Jezyk-rosyjski-specjalistyczny-ns-2024-2025.pdf\">Rosyjski<\/a><\/p>\n<p>Przedmiot do wyboru blok A&nbsp;\u2013 <a href=\"https:\/\/up.lublin.pl\/srodowiskowa\/wp-content\/uploads\/sites\/5\/2024\/06\/Zwierzeta-jadowite-i-alergenne-ns-2024-2025.pdf\">Zwierz\u0119ta jadowite i&nbsp;alergenne<\/a><\/p>\n<p>Przedmiot do wyboru blok A&nbsp;\u2013 <a href=\"https:\/\/up.lublin.pl\/srodowiskowa\/wp-content\/uploads\/sites\/5\/2024\/06\/Ochrona-prawna-ros.-i-zw.-ns-2024-2025.pdf\">Ochrona prawna ro\u015blin i&nbsp;zwierz\u0105t<\/a><\/p>\n<p>Przedmiot do wyboru blok A&nbsp;\u2013 <a href=\"https:\/\/up.lublin.pl\/srodowiskowa\/wp-content\/uploads\/sites\/5\/2024\/06\/Organizmy-wod-w-diagn-sadowej-ns-2024-2025.pdf\">Organizmy wodne w&nbsp;diagnostyce s\u0105dowej<\/a><\/p>\n<p>Przedmiot do wyboru blok A&nbsp;\u2013 <a href=\"https:\/\/up.lublin.pl\/srodowiskowa\/wp-content\/uploads\/sites\/5\/2024\/06\/Oddzialywanie-substancji-bioaktywnych-na-organizm-ns-2024-2025.pdf\">Oddzia\u0142ywanie substancji bioaktywnych na organizm<\/a><\/p>\n                                                <\/div>\n                                            <\/li>\n                                        <\/ul>\n\t\t\t\t\t\t                                                        <ul class=\"mn-accordion\">\n                                            <li>\n                                                <h4 class=\"mn-accordion-title\">Semestr II<\/h4>\n                                                <div>\n\t\t\t\t\t\t\t\t\t                <p><a href=\"https:\/\/up.lublin.pl\/srodowiskowa\/wp-content\/uploads\/sites\/5\/2024\/06\/Mikrobiologia-stosowana-ns-2024-2025.pdf\">Mikrobiologia stosowana<\/a><\/p>\n<p><a href=\"https:\/\/up.lublin.pl\/srodowiskowa\/wp-content\/uploads\/sites\/5\/2024\/06\/Roznorodnosc-i-ewolucja-zwierzat-ns-2024-2025.pdf\">R\u00f3\u017cnorodno\u015b\u0107 i&nbsp;ewolucja zwierz\u0105t<\/a><\/p>\n<p><a href=\"https:\/\/up.lublin.pl\/srodowiskowa\/wp-content\/uploads\/sites\/5\/2024\/06\/Toksykologia-sadowa-ns-2024-2025.pdf\">Toksykologia s\u0105dowa<\/a><\/p>\n<p><a href=\"https:\/\/up.lublin.pl\/srodowiskowa\/wp-content\/uploads\/sites\/5\/2024\/06\/technika-kryminalistyczna-n-2024-2025.pdf\">Technika kryminalistyczna<\/a><\/p>\n<p><a href=\"https:\/\/up.lublin.pl\/srodowiskowa\/wp-content\/uploads\/sites\/5\/2024\/06\/Bezkregowce-w-diagnostyce-sadowej-ns-2024-2025.pdf\">Bezkr\u0119gowce w&nbsp;diagnostyce s\u0105dowej <\/a><\/p>\n<p><a href=\"https:\/\/up.lublin.pl\/srodowiskowa\/wp-content\/uploads\/sites\/5\/2024\/06\/Grzyby-i-rosliny-trujace-ns-2024-2025.pdf\">Grzyby i&nbsp;ro\u015bliny truj\u0105ce<\/a><\/p>\n<p><a href=\"https:\/\/up.lublin.pl\/srodowiskowa\/wp-content\/uploads\/sites\/5\/2024\/06\/Organizmy-modelowe-w-naukach-biologicznych-2024-2025-ns.pdf\">Organizmy modelowe w&nbsp;badaniach biologicznych<\/a><\/p>\n<p><a href=\"https:\/\/up.lublin.pl\/srodowiskowa\/wp-content\/uploads\/sites\/5\/2024\/06\/Techniki-badawcze-w-genetyce-sadowej-ns-2024-2025.pdf\">Techniki badawcze w&nbsp;genetyce s\u0105dowej<\/a><\/p>\n<p>Przedmiot do wyboru blok B&nbsp;\u2013 <a href=\"https:\/\/up.lublin.pl\/srodowiskowa\/wp-content\/uploads\/sites\/5\/2024\/06\/Palinologia-w-kryminalistyce-ns-2024-2025.pdf\">Palinologia w&nbsp;kryminalistyce<\/a><\/p>\n<p>Przedmiot do wyboru blok B&nbsp;\u2013 <a href=\"https:\/\/up.lublin.pl\/srodowiskowa\/wp-content\/uploads\/sites\/5\/2024\/06\/Ocena-botaniczna-materialu-roslinnego-ns-2024-2025.pdf\">Ocena botaniczna materia\u0142u ro\u015blinnego<\/a><\/p>\n<p>Przedmiot do wyboru blok B&nbsp;\u2013 <a href=\"https:\/\/up.lublin.pl\/srodowiskowa\/wp-content\/uploads\/sites\/5\/2024\/06\/Biodiversity-ns-2024-2025.pdf\">Biodiversity<\/a><\/p>\n<p>Przedmiot do wyboru blok B&nbsp;\u2013 <a href=\"https:\/\/up.lublin.pl\/srodowiskowa\/wp-content\/uploads\/sites\/5\/2024\/06\/Environmental-threats-ns-2024-2025.pdf\">Environmental threats<\/a><\/p>\n                                                <\/div>\n                                            <\/li>\n                                        <\/ul>\n\t\t\t\t\t\t                                                        <ul class=\"mn-accordion\">\n                                            <li>\n                                                <h4 class=\"mn-accordion-title\">Semestr III<\/h4>\n                                                <div>\n\t\t\t\t\t\t\t\t\t                <p><a href=\"https:\/\/up.lublin.pl\/srodowiskowa\/wp-content\/uploads\/sites\/5\/2024\/06\/Biostatystyka-i-bioinformatyka-ns-2024-2025.pdf\">Biostatystyka i&nbsp;bioinformatyka<\/a><\/p>\n<p><a href=\"https:\/\/up.lublin.pl\/srodowiskowa\/wp-content\/uploads\/sites\/5\/2024\/06\/Postepy-w-biologii-ns-2024-2025.pdf\">Post\u0119py w&nbsp;biologii<\/a><\/p>\n<p><a href=\"https:\/\/up.lublin.pl\/srodowiskowa\/wp-content\/uploads\/sites\/5\/2024\/06\/Ekologia-interakcji-miedzygatunkowych-ns-2024-2025.pdf\">Ekologia interakcji mi\u0119dzygatunkowych<\/a><\/p>\n<p><a href=\"https:\/\/up.lublin.pl\/srodowiskowa\/wp-content\/uploads\/sites\/5\/2024\/06\/Monitoring-biologiczny-ns-2024-2025.pdf\">Monitoring biologiczny<\/a><\/p>\n<p><a href=\"https:\/\/up.lublin.pl\/srodowiskowa\/wp-content\/uploads\/sites\/5\/2024\/06\/Transfer-wiedzy-i-technologii-do-praktyki-ns-2024-2025.pdf\">Transfer wiedzy i&nbsp;technologii do praktyki<\/a><\/p>\n<p>Przedmiot do wyboru blok C&nbsp;\u2013 <a href=\"https:\/\/up.lublin.pl\/srodowiskowa\/wp-content\/uploads\/sites\/5\/2024\/06\/ekspertyza-sadowa-ns-2024-2025.pdf\">Ekspertyza s\u0105dowa<\/a><\/p>\n<p>Przedmiot do wyboru blok C&nbsp;\u2013 <a href=\"https:\/\/up.lublin.pl\/srodowiskowa\/wp-content\/uploads\/sites\/5\/2024\/06\/Genetyczne-podstawy-ludzkich-zachowan-ns-2024-2025.pdf\">Genetyczne podstawy ludzkich zachowa\u0144<\/a><\/p>\n<p>Przedmiot do wyboru blok C&nbsp;\u2013 <a href=\"https:\/\/up.lublin.pl\/srodowiskowa\/wp-content\/uploads\/sites\/5\/2024\/06\/Podstawy-daktyloskopii-i-osmologii-ns-2024-2025.pdf\">Podstawy daktyloskopii i&nbsp;osmologii<\/a><\/p>\n<p>Przedmiot do wyboru blok C&nbsp;\u2013 <a href=\"https:\/\/up.lublin.pl\/srodowiskowa\/wp-content\/uploads\/sites\/5\/2024\/06\/Ekologia-ewolucyjna-ns-2024-2025.pdf\">Ekologia ewolucyjna<\/a><\/p>\n<p><a href=\"https:\/\/up.lublin.pl\/srodowiskowa\/wp-content\/uploads\/sites\/5\/2024\/06\/seminarium-dyplomowe-1-ns-2024-2025.pdf\">Seminarium dyplomowe 1<\/a><\/p>\n                                                <\/div>\n                                            <\/li>\n                                        <\/ul>\n\t\t\t\t\t\t                                                        <ul class=\"mn-accordion\">\n                                            <li>\n                                                <h4 class=\"mn-accordion-title\">Semestr IV<\/h4>\n                                                <div>\n\t\t\t\t\t\t\t\t\t                <p><a href=\"https:\/\/up.lublin.pl\/srodowiskowa\/wp-content\/uploads\/sites\/5\/2024\/06\/Tafonomia-szczatkow-zwierzecych-i-ludzkich-ns-2024-2025.pdf\">Tafonomia szcz\u0105tk\u00f3w zwierz\u0119cych i&nbsp;ludzkich<\/a><\/p>\n<p>Przedmiot do wyboru blok D&nbsp;\u2013 <a href=\"https:\/\/up.lublin.pl\/srodowiskowa\/wp-content\/uploads\/sites\/5\/2024\/06\/Genetyczne-podstawy-starzenia-ns-2024-2025.pdf\">Genetyczne podstawy starzenia<\/a><\/p>\n<p>Przedmiot do wyboru blok D&nbsp;\u2013 <a href=\"https:\/\/up.lublin.pl\/srodowiskowa\/wp-content\/uploads\/sites\/5\/2024\/06\/Markery-molekularne-ns-2024-2025.pdf\">Markery molekularne<\/a><\/p>\n<p>Przedmiot do wyboru blok D&nbsp;\u2013 <a href=\"https:\/\/up.lublin.pl\/srodowiskowa\/wp-content\/uploads\/sites\/5\/2024\/06\/Prawne-aspekty-pracy-bieglego-sadowego-ns-2024-2025.pdf\">Prawne aspekty pracy bieg\u0142ego s\u0105dowego<\/a><\/p>\n<p>Przedmiot do wyboru blok D&nbsp;\u2013 <a href=\"https:\/\/up.lublin.pl\/srodowiskowa\/wp-content\/uploads\/sites\/5\/2024\/06\/Fizyczne-metody-pomiarow-materialu-biologicznego-N2-1.pdf\">Fizyczne metody pomiar\u00f3w materia\u0142u biologicznego<\/a><\/p>\n<p>Przedmiot do wyboru blok D&nbsp;\u2013 <a href=\"https:\/\/up.lublin.pl\/srodowiskowa\/wp-content\/uploads\/sites\/5\/2024\/06\/Barwniki-fluorescencyjne-w-znakowaniu-materialu-biologicznego-ns-2024-2025.pdf\">Barwniki fluorescencyjne w&nbsp;znakowaniu materia\u0142u biologicznego<\/a><\/p>\n<p><a href=\"https:\/\/up.lublin.pl\/srodowiskowa\/wp-content\/uploads\/sites\/5\/2024\/06\/Pracownia-specjalizacyjna_NII_sadowa.pdf\">Pracownia specjalizacyjna _A<\/a><\/p>\n<p><a href=\"https:\/\/up.lublin.pl\/srodowiskowa\/wp-content\/uploads\/sites\/5\/2024\/06\/Pracownia-specjalizacyjnaHZB_NII_sadowa-1.pdf\">Pracownia specjalizacyjna _B<\/a><\/p>\n<p><a href=\"https:\/\/up.lublin.pl\/srodowiskowa\/wp-content\/uploads\/sites\/5\/2024\/06\/Seminarium-dyplomowe-2-ns-2024-2025.pdf\">Seminarium dyplomowe 2<\/a><\/p>\n<p>Praca magisterska i&nbsp;egzamin dyplomowy_ <a href=\"https:\/\/up.lublin.pl\/srodowiskowa\/wp-content\/uploads\/sites\/5\/2024\/06\/Praca-magisterska-i-egzamin-dyplomowy_BiFR.pdf\">Katedra Botaniki i&nbsp;Fizjologii Ro\u015blin<\/a><\/p>\n<p>Praca magisterska i&nbsp;egzamin dyplomowy_ <a href=\"https:\/\/up.lublin.pl\/srodowiskowa\/wp-content\/uploads\/sites\/5\/2024\/06\/Praca-magisterska-i-egzamin-dyplomowy_KEkofizjologii-Bezkregowcow-2.pdf\">Katedra Ekofizjologii Bezkr\u0119gowc\u00f3w i&nbsp;Biologii Eksperymentalnej<\/a><\/p>\n<p>Praca magisterska i&nbsp;egzamin dyplomowy_ <a href=\"https:\/\/up.lublin.pl\/srodowiskowa\/wp-content\/uploads\/sites\/5\/2024\/06\/Praca-magisterska-i-egzamin-dyplomowy-KHiOE.pdf\">Katedra Hydrobiologii i&nbsp;Ochrony Ekosystem\u00f3w<\/a><\/p>\n<p>Praca magisterska i&nbsp;egzamin dyplomowy_ <a href=\"https:\/\/up.lublin.pl\/srodowiskowa\/wp-content\/uploads\/sites\/5\/2024\/06\/Praca-magisterska-i-egzamin-dyplomowy_KZoologii-2.pdf\">Katedra Zoologii i&nbsp;Ekologii Zwierz\u0105t<\/a><\/p>\n                                                <\/div>\n                                            <\/li>\n                                        <\/ul>\n\t\t\t\t\t\t                                <\/div>\n\t\t\t\t                <div class=\"mn-content-block\">\n\t                                <\/div>\n\t\t\t\t                <div class=\"mn-content-block\">\n\t                                <\/div>\n\t\t\t\t                <div class=\"mn-content-block\">\n\t                                <\/div>\n\t\t\t\t                <div class=\"mn-content-block\">\n\t                                <\/div>\n\t\t\t\t                <div class=\"mn-content-block\">\n\t                                <\/div>\n\t\t\t\t                <div class=\"mn-content-block\">\n\t                                <\/div>\n\t\t\t\t                <div class=\"mn-content-block\">\n\t                                <\/div>\n\t\t\t\t                <div class=\"mn-content-block\">\n\t                                <\/div>\n\t\t\t\t                <div class=\"mn-content-block\">\n\t                                <\/div>\n\t\t\t\t                <div class=\"mn-content-block\">\n\t                                <\/div>\n\t\t\t\t                <div class=\"mn-content-block\">\n\t                                <\/div>\n\t\t\t\t                <div class=\"mn-content-block\">\n\t                                <\/div>\n\t\t\t\t                <div class=\"mn-content-block\">\n\t                                <\/div>\n\t\t\t\t                <div class=\"mn-content-block\">\n\t                                <\/div>\n\t\t\t\t                <div class=\"mn-content-block\">\n\t                                <\/div>\n\t\t\t\t                <div class=\"mn-content-block\">\n\t                                <\/div>\n\t\t\t\t                <div class=\"mn-content-block\">\n\t                                <\/div>\n\t\t\t\t                <div class=\"mn-content-block\">\n\t                                <\/div>\n\t\t\t\t                <div class=\"mn-content-block\">\n\t                                <\/div>\n\t\t\t\t\t\t<\/div>\n\t<\/div>\n<\/section>\n\t\t<\/div>\n\t\t\t\t<\/div>\n\t\t\t\t\t\t<\/div>\n\t\t\t\t\t<\/div>\n\t\t<\/div>\n\t\t\t\t\t\t\t\t<\/div>\n\t\t\t\t\t<\/div>\n\t\t<\/section>\n\t\t\t\t\t\t<\/div>\n\t\t\t\t\t\t<\/div>\n\t\t\t\t\t<\/div>\n\t\t","protected":false},"excerpt":{"rendered":"<p>\u2190 powr\u00f3t BIOLOGIA, spec. BIOLOGIA S\u0104DOWA studia niestacjonarne II stopnia, nab\u00f3r 2024\/2025 \u00a0 Semestr I Metodologia nauk spo\u0142ecznych i&nbsp;przyrodniczych \/ Metodology of the social and life sciences Bioetyka Ekologia ro\u015blin Genetyka cz\u0142owieka R\u00f3\u017cnorodno\u015b\u0107 i&nbsp;ewolucja ro\u015blin Immunohematologia Podstawy nauk medyczno-s\u0105dowych J\u0119zyk obcy specjalistyczny _ Angielski J\u0119zyk obcy specjalistyczny _ Francuski J\u0119zyk obcy specjalistyczny _ Niemiecki J\u0119zyk [&hellip;]<\/p>\n","protected":false},"author":202,"featured_media":0,"parent":178039,"menu_order":0,"comment_status":"closed","ping_status":"closed","template":"elementor_header_footer","meta":{"_monsterinsights_skip_tracking":false,"_monsterinsights_sitenote_active":false,"_monsterinsights_sitenote_note":"","_monsterinsights_sitenote_category":0},"_links":{"self":[{"href":"https:\/\/up.lublin.pl\/srodowiskowa\/wp-json\/wp\/v2\/pages\/169133"}],"collection":[{"href":"https:\/\/up.lublin.pl\/srodowiskowa\/wp-json\/wp\/v2\/pages"}],"about":[{"href":"https:\/\/up.lublin.pl\/srodowiskowa\/wp-json\/wp\/v2\/types\/page"}],"author":[{"embeddable":true,"href":"https:\/\/up.lublin.pl\/srodowiskowa\/wp-json\/wp\/v2\/users\/202"}],"replies":[{"embeddable":true,"href":"https:\/\/up.lublin.pl\/srodowiskowa\/wp-json\/wp\/v2\/comments?post=169133"}],"version-history":[{"count":40,"href":"https:\/\/up.lublin.pl\/srodowiskowa\/wp-json\/wp\/v2\/pages\/169133\/revisions"}],"predecessor-version":[{"id":171700,"href":"https:\/\/up.lublin.pl\/srodowiskowa\/wp-json\/wp\/v2\/pages\/169133\/revisions\/171700"}],"up":[{"embeddable":true,"href":"https:\/\/up.lublin.pl\/srodowiskowa\/wp-json\/wp\/v2\/pages\/178039"}],"wp:attachment":[{"href":"https:\/\/up.lublin.pl\/srodowiskowa\/wp-json\/wp\/v2\/media?parent=169133"}],"curies":[{"name":"wp","href":"https:\/\/api.w.org\/{rel}","templated":true}]}}