{"id":168708,"date":"2024-03-25T09:01:43","date_gmt":"2024-03-25T08:01:43","guid":{"rendered":"https:\/\/up.lublin.pl\/srodowiskowa\/?page_id=168708"},"modified":"2026-02-18T13:54:40","modified_gmt":"2026-02-18T12:54:40","slug":"ochrona-srodowiska-studia-stacjonarne-ii-stopnia-nabor-2023-2024","status":"publish","type":"page","link":"https:\/\/up.lublin.pl\/srodowiskowa\/ksztalcenie\/ochrona-srodowiska-studia-stacjonarne-ii-stopnia-nabor-2023-2024\/","title":{"rendered":"OCHRONA \u015aRODOWISKA studia stacjonarne II stopnia, nab\u00f3r 2023\/2024"},"content":{"rendered":"\t\t<div data-elementor-type=\"wp-page\" data-elementor-id=\"168708\" class=\"elementor elementor-168708\" data-elementor-settings=\"[]\">\n\t\t\t\t\t\t<div class=\"elementor-inner\">\n\t\t\t\t\t\t\t<div class=\"elementor-section-wrap\">\n\t\t\t\t\t\t\t<section class=\"elementor-section elementor-top-section elementor-element elementor-element-18fa5fe3 elementor-section-boxed elementor-section-height-default elementor-section-height-default\" data-id=\"18fa5fe3\" data-element_type=\"section\">\n\t\t\t\t\t\t<div class=\"elementor-container elementor-column-gap-default\">\n\t\t\t\t\t\t\t<div class=\"elementor-row\">\n\t\t\t\t\t<div class=\"elementor-column elementor-col-100 elementor-top-column elementor-element elementor-element-3ffd13ef\" data-id=\"3ffd13ef\" data-element_type=\"column\">\n\t\t\t<div class=\"elementor-column-wrap elementor-element-populated\">\n\t\t\t\t\t\t\t<div class=\"elementor-widget-wrap\">\n\t\t\t\t\t\t<div class=\"elementor-element elementor-element-7f312bbf elementor-widget elementor-widget-m5c\" data-id=\"7f312bbf\" data-element_type=\"widget\" data-widget_type=\"m5c.default\">\n\t\t\t\t<div class=\"elementor-widget-container\">\n\t\t\t<section class=\"mn-m5-c mn-m5-d2 mn-bg-white\">\n\t<div class=\"mn-grid\">\n\t\t\t\t<div class=\"mn-content mn-grid-9\">\n\t\t\t                <div class=\"mn-content-block active\">\n\t                                                        <div class=\"block-text\">\n\t                                        <h5 style=\"margin-bottom: 20px\"><a href=\"https:\/\/up.lublin.pl\/srodowiskowa\/ksztalcenie\/\">\u2190 powr\u00f3t<\/a><\/h5>\n<h1 style=\"text-align: center;margin-bottom: 20px\"><strong>OCHRONA \u015aRODOWISKA<br \/>studia stacjonarne II stopnia, nab\u00f3r 2023\/2024<\/strong><\/h1>\n<p>\u00a0<\/p>\n                                        <\/div>\n\t\t\t\t\t\t                                                        <ul class=\"mn-accordion\">\n                                            <li>\n                                                <h4 class=\"mn-accordion-title\">Semestr I<\/h4>\n                                                <div>\n\t\t\t\t\t\t\t\t\t                <p><a href=\"https:\/\/up.lublin.pl\/srodowiskowa\/wp-content\/uploads\/sites\/5\/2023\/10\/1.-Zarzadzanie-obszarami-Natura-2000_II-stopien-stacjonarne.pdf\">Zarz\u0105dzanie obszarami Natura 2000<\/a><\/p>\n<p><a href=\"https:\/\/up.lublin.pl\/srodowiskowa\/wp-content\/uploads\/sites\/5\/2023\/10\/2.-Biobezpieczenstwo_II-stopien-stacjonarne.pdf\">Biobezpiecze\u0144stwo<\/a><\/p>\n<p><a href=\"https:\/\/up.lublin.pl\/srodowiskowa\/wp-content\/uploads\/sites\/5\/2023\/10\/3.-Statystyka-i-modelowanie-srodowiska.pdf\">Statystyka i\u00a0modelowanie \u015brodowiska<\/a><\/p>\n<p><a href=\"https:\/\/up.lublin.pl\/srodowiskowa\/wp-content\/uploads\/sites\/5\/2023\/10\/4.-Projektowanie-obszarow-chronionych_II-stopien-stacjonarne.pdf\">Projektowanie obszar\u00f3w chronionych<\/a><\/p>\n<p><a href=\"https:\/\/up.lublin.pl\/srodowiskowa\/wp-content\/uploads\/sites\/5\/2023\/10\/5.-Bioanalityka-stacjonarne.pdf\">Bioanalityka<\/a><\/p>\n<p><a href=\"https:\/\/up.lublin.pl\/srodowiskowa\/wp-content\/uploads\/sites\/5\/2023\/10\/6.-Zarzadzanie-zasobami-wod_II-stopien-stacjonarne.pdf\">Zarz\u0105dzanie zasobami w\u00f3d<\/a><\/p>\n<p><a href=\"https:\/\/up.lublin.pl\/srodowiskowa\/wp-content\/uploads\/sites\/5\/2023\/10\/6a.-Water-resources-management_II-stopien-stacjonarne.pdf\">Water resources management<\/a><\/p>\n<p><a href=\"https:\/\/up.lublin.pl\/srodowiskowa\/wp-content\/uploads\/sites\/5\/2023\/10\/7.-Polityka-ochrony-srodowiska_II-stopien-stacjonarne.pdf\">Polityka ochrony \u015brodowiska<\/a><\/p>\n<p><a href=\"https:\/\/up.lublin.pl\/srodowiskowa\/wp-content\/uploads\/sites\/5\/2023\/10\/8a.-OS_S2_angielski.pdf\">J\u0119zyk obcy specjalistyczny \u2013 angielski<\/a><\/p>\n<p><a href=\"https:\/\/up.lublin.pl\/srodowiskowa\/wp-content\/uploads\/sites\/5\/2023\/10\/8b.-OS_S2_francuski.pdf\">J\u0119zyk obcy specjalistyczny \u2013 francuski<\/a><\/p>\n<p><a href=\"https:\/\/up.lublin.pl\/srodowiskowa\/wp-content\/uploads\/sites\/5\/2023\/10\/8c.-OS_S2_niemiecki.pdf\">J\u0119zyk obcy specjalistyczny \u2013 niemiecki<\/a><\/p>\n<p><a href=\"https:\/\/up.lublin.pl\/srodowiskowa\/wp-content\/uploads\/sites\/5\/2023\/10\/8d.-OS_S2_rosyjski.pdf\">J\u0119zyk obcy specjalistyczny \u2013 rosyjski<\/a><\/p>\n<p><a href=\"https:\/\/up.lublin.pl\/srodowiskowa\/wp-content\/uploads\/sites\/5\/2023\/10\/9a.-Programy-restytucji-gatunkow-i-renaturyzacji-siedlisk_II-stopien-stacjonarne-1.pdf\">Przedmiot do wyboru 1 \u2013 Programy restytucji gatunk\u00f3w i\u00a0renaturyzacji siedlisk<\/a><\/p>\n<p><a href=\"https:\/\/up.lublin.pl\/srodowiskowa\/wp-content\/uploads\/sites\/5\/2023\/10\/9b.-Biologiczne-podstawy-ochrony-przyrody_II-stopien-stacjonarne-1.pdf\">Przedmiot do wyboru 1 \u2013 Biologiczne podstawy ochrony przyrody<\/a><\/p>\n<p><a href=\"https:\/\/up.lublin.pl\/srodowiskowa\/wp-content\/uploads\/sites\/5\/2023\/10\/10a.-Ekologia-i-ochrona-ptakow-krajobrazu-rolniczego-i-miejskiego_II-stopien-stajonarne.pdf\">Przedmiot do wyboru 2 \u2013 Ekologia i\u00a0ochrona ptak\u00f3w krajobrazu rolniczego i\u00a0miejskiego<\/a><\/p>\n<p><a href=\"https:\/\/up.lublin.pl\/srodowiskowa\/wp-content\/uploads\/sites\/5\/2023\/10\/10b.-Ekologia-i-ochrona-ptakow-wodno-blotnych_II-stopien-stacjonarne.pdf\">Przedmiot do wyboru 2 \u2013 Ekologia i\u00a0ochrona ptak\u00f3w wodno-b\u0142otnych<\/a><\/p>\n                                                <\/div>\n                                            <\/li>\n                                        <\/ul>\n\t\t\t\t\t\t                                                        <ul class=\"mn-accordion\">\n                                            <li>\n                                                <h4 class=\"mn-accordion-title\">Semestr II<\/h4>\n                                                <div>\n\t\t\t\t\t\t\t\t\t                <p><a href=\"https:\/\/up.lublin.pl\/srodowiskowa\/wp-content\/uploads\/sites\/5\/2023\/10\/11.-Ekotoksykologia_II-stopien-stacjonarne-1.pdf\">Ekotoksykologia<\/a><\/p>\n<p><a href=\"https:\/\/up.lublin.pl\/srodowiskowa\/wp-content\/uploads\/sites\/5\/2023\/10\/12.-Roznorodnosc-siedlisk-i-ekosystemow_II-stopien-stacjonarne-1.pdf\">R\u00f3\u017cnorodno\u015b\u0107 siedlisk i\u00a0ekosystem\u00f3w<\/a><\/p>\n<p><a href=\"https:\/\/up.lublin.pl\/srodowiskowa\/wp-content\/uploads\/sites\/5\/2023\/10\/13.-Inzynieria-srodowiska_II-stopien-stacjonarne-1.pdf\">In\u017cynieria \u015brodowiska<\/a><\/p>\n<p><a href=\"https:\/\/up.lublin.pl\/srodowiskowa\/wp-content\/uploads\/sites\/5\/2023\/10\/14.-Systemy-informacji-przestrzennej-w-ochronie-srodowiska_II-stopien-stacjonarne-1.pdf\">Systemy informacji przestrzennej w\u00a0ochronie \u015brodowiska<\/a><\/p>\n<p><a href=\"https:\/\/up.lublin.pl\/srodowiskowa\/wp-content\/uploads\/sites\/5\/2023\/10\/15.-Gatunki-inwazyjne-i-obce-1.pdf\">Gatunki inwazyjne i\u00a0obce<\/a><\/p>\n<p><a href=\"https:\/\/up.lublin.pl\/srodowiskowa\/wp-content\/uploads\/sites\/5\/2023\/10\/16.-Produktywnosc-i-eksploatacja-biocenoz_II-stopien-stacjonarne-1.pdf\">Produktywno\u015b\u0107 i\u00a0eksploatacja biocenoz<\/a><\/p>\n<p><a href=\"https:\/\/up.lublin.pl\/srodowiskowa\/wp-content\/uploads\/sites\/5\/2023\/10\/17.-Rybactwo-a-ochrona-wod_II-stopien_stacjonarne-1.pdf\">Rybactwo a\u00a0ochrona w\u00f3d<\/a><\/p>\n<p><a href=\"https:\/\/up.lublin.pl\/srodowiskowa\/wp-content\/uploads\/sites\/5\/2023\/10\/OS_s_II__Seminarium-dyplomowe_1_A.pdf\">Seminarium dyplomowe 1A<\/a><\/p>\n<p><a href=\"https:\/\/up.lublin.pl\/srodowiskowa\/wp-content\/uploads\/sites\/5\/2023\/10\/OS_s_II__Seminarium-dyplomowe_1_B.pdf\">Seminarium dyplomowe 1B<\/a><\/p>\n<p><a href=\"https:\/\/up.lublin.pl\/srodowiskowa\/wp-content\/uploads\/sites\/5\/2023\/10\/19a.-Savoir-vivre_II-sopien-stacjonarne-1.pdf\">Przedmiot humanistyczny 1 \u2013 Savoir-vivre<\/a><\/p>\n<p><a href=\"https:\/\/up.lublin.pl\/srodowiskowa\/wp-content\/uploads\/sites\/5\/2023\/10\/19b.-Bioetyka-stacjonarne-1.pdf\">Przedmiot humanistyczny 1 \u2013 Bioetyka<\/a><\/p>\n<p><a href=\"https:\/\/up.lublin.pl\/srodowiskowa\/wp-content\/uploads\/sites\/5\/2023\/10\/20a.-Ekspertyzy-przyrodnicze_II-stopien-stacjonarne-1.pdf\">Przedmiot do wyboru 3 \u2013 Ekspertyzy przyrodnicze<\/a><\/p>\n<p><a href=\"https:\/\/up.lublin.pl\/srodowiskowa\/wp-content\/uploads\/sites\/5\/2023\/10\/20b.-Waloryzacja-srodowiska_II-stopien-stacjonarne-1.pdf\">Przedmiot do wyboru 3 \u2013 Waloryzacja \u015brodowiska<\/a><\/p>\n<p><a href=\"https:\/\/up.lublin.pl\/srodowiskowa\/wp-content\/uploads\/sites\/5\/2023\/10\/20c.-Methods-of-landscape-quality-assessment_II-stopien-stacjonarne_ANG-1.pdf\">Przedmiot do wyboru 3 \u2013 Methods of landscape quality assessment<\/a><\/p>\n<p><a href=\"https:\/\/up.lublin.pl\/srodowiskowa\/wp-content\/uploads\/sites\/5\/2023\/10\/20d.-Environmental-restoration_II-stopien-stacjonarne_ANG.pdf\">Przedmiot do wyboru 3 \u2013 Environmental restoration<\/a><\/p>\n<p><a href=\"https:\/\/up.lublin.pl\/srodowiskowa\/wp-content\/uploads\/sites\/5\/2023\/10\/21a.-Ekologia-pszczolowatych-1.pdf\">Przedmiot do wyboru 4 \u2013 Ekologia pszczo\u0142owatych<\/a><\/p>\n<p><a href=\"https:\/\/up.lublin.pl\/srodowiskowa\/wp-content\/uploads\/sites\/5\/2023\/10\/21b.-Ochrona-owadow-zapylajacych-3.pdf\">Przedmiot do wyboru 4 \u2013 Ochrona owad\u00f3w zapylaj\u0105cych<\/a><\/p>\n                                                <\/div>\n                                            <\/li>\n                                        <\/ul>\n\t\t\t\t\t\t                                                        <ul class=\"mn-accordion\">\n                                            <li>\n                                                <h4 class=\"mn-accordion-title\">Semestr III<\/h4>\n                                                <div>\n\t\t\t\t\t\t\t\t\t                <p><a href=\"https:\/\/up.lublin.pl\/srodowiskowa\/wp-content\/uploads\/sites\/5\/2023\/10\/22.-Ekologia-i-ochrona-wod-plynacych.pdf\">Ekologia i\u00a0ochrona w\u00f3d p\u0142yn\u0105cych<\/a><\/p>\n<p><a href=\"https:\/\/up.lublin.pl\/srodowiskowa\/wp-content\/uploads\/sites\/5\/2023\/10\/OS_s_II__Seminarium-dyplomowe_2_A.pdf\">Seminarium dyplomowe 2A<\/a><\/p>\n<p><a href=\"https:\/\/up.lublin.pl\/srodowiskowa\/wp-content\/uploads\/sites\/5\/2023\/10\/OS_s_II__Seminarium-dyplomowe_2_B.pdf\">Seminarium dyplomowe 2B<\/a><\/p>\n<p><a href=\"https:\/\/up.lublin.pl\/srodowiskowa\/wp-content\/uploads\/sites\/5\/2023\/10\/24a.-Coaching.pdf\">Przedmiot humanistyczny 2 \u2013 Coaching<\/a><\/p>\n<p><a href=\"https:\/\/up.lublin.pl\/srodowiskowa\/wp-content\/uploads\/sites\/5\/2023\/10\/24b.-Komunikacja-medialna.pdf\">Przedmiot humanistyczny 2 \u2013 Komunikacja medialna<\/a><\/p>\n<p><a href=\"https:\/\/up.lublin.pl\/srodowiskowa\/wp-content\/uploads\/sites\/5\/2023\/10\/25.-Etyka-zawodowa-2.pdf\">Etyka zawodowa<\/a><\/p>\n<p><a href=\"https:\/\/up.lublin.pl\/srodowiskowa\/wp-content\/uploads\/sites\/5\/2023\/10\/26a.-Zarzadzanie-zasobami-torfowisk.pdf\">Przedmiot do wyboru 5 \u2013 Zarz\u0105dzanie zasobami torfowisk<\/a><\/p>\n<p><a href=\"https:\/\/up.lublin.pl\/srodowiskowa\/wp-content\/uploads\/sites\/5\/2023\/10\/26b.-Ekologia-ekosystemow-torfowiskowych.pdf\">Przedmiot do wyboru 5 \u2013 Ekologia ekosystem\u00f3w torfowiskowych<\/a><\/p>\n<p><a href=\"https:\/\/up.lublin.pl\/srodowiskowa\/wp-content\/uploads\/sites\/5\/2023\/10\/27a.-Funkcjonowanie-i-ochrona-mokradel_II-stopien-stacjonarne.pdf\">Przedmiot do wyboru 6 \u2013 Funkcjonowanie i\u00a0ochrona mokrade\u0142<\/a><\/p>\n<p><a href=\"https:\/\/up.lublin.pl\/srodowiskowa\/wp-content\/uploads\/sites\/5\/2023\/10\/27b.-Ekosystemy-wodne-i-ladowe-swiata_II-stopien-stacjonarne.pdf\">Przedmiot do wyboru 6 \u2013 Ekosystemy wodne i\u00a0l\u0105dowe \u015bwiata<\/a><\/p>\n<p><a href=\"https:\/\/up.lublin.pl\/srodowiskowa\/wp-content\/uploads\/sites\/5\/2023\/10\/OS_s_II__Praca-magisterska-i-egzamin-dyplomowy.pdf\">Praca magisterska i\u00a0egzamin dyplomowy<\/a><\/p>\n                                                <\/div>\n                                            <\/li>\n                                        <\/ul>\n\t\t\t\t\t\t                                <\/div>\n\t\t\t\t                <div class=\"mn-content-block\">\n\t                                <\/div>\n\t\t\t\t                <div class=\"mn-content-block\">\n\t                                <\/div>\n\t\t\t\t                <div class=\"mn-content-block\">\n\t                                <\/div>\n\t\t\t\t                <div class=\"mn-content-block\">\n\t                                <\/div>\n\t\t\t\t                <div class=\"mn-content-block\">\n\t                                <\/div>\n\t\t\t\t                <div class=\"mn-content-block\">\n\t                                <\/div>\n\t\t\t\t                <div class=\"mn-content-block\">\n\t                                <\/div>\n\t\t\t\t                <div class=\"mn-content-block\">\n\t                                <\/div>\n\t\t\t\t                <div class=\"mn-content-block\">\n\t                                <\/div>\n\t\t\t\t                <div class=\"mn-content-block\">\n\t                                <\/div>\n\t\t\t\t                <div class=\"mn-content-block\">\n\t                                <\/div>\n\t\t\t\t                <div class=\"mn-content-block\">\n\t                                <\/div>\n\t\t\t\t                <div class=\"mn-content-block\">\n\t                                <\/div>\n\t\t\t\t                <div class=\"mn-content-block\">\n\t                                <\/div>\n\t\t\t\t                <div class=\"mn-content-block\">\n\t                                <\/div>\n\t\t\t\t                <div class=\"mn-content-block\">\n\t                                <\/div>\n\t\t\t\t                <div class=\"mn-content-block\">\n\t                                <\/div>\n\t\t\t\t                <div class=\"mn-content-block\">\n\t                                <\/div>\n\t\t\t\t                <div class=\"mn-content-block\">\n\t                                <\/div>\n\t\t\t\t\t\t<\/div>\n\t<\/div>\n<\/section>\n\t\t<\/div>\n\t\t\t\t<\/div>\n\t\t\t\t\t\t<\/div>\n\t\t\t\t\t<\/div>\n\t\t<\/div>\n\t\t\t\t\t\t\t\t<\/div>\n\t\t\t\t\t<\/div>\n\t\t<\/section>\n\t\t\t\t\t\t<\/div>\n\t\t\t\t\t\t<\/div>\n\t\t\t\t\t<\/div>\n\t\t","protected":false},"excerpt":{"rendered":"<p>\u2190 powr\u00f3t OCHRONA \u015aRODOWISKAstudia stacjonarne II stopnia, nab\u00f3r 2023\/2024 \u00a0 Semestr I Zarz\u0105dzanie obszarami Natura 2000 Biobezpiecze\u0144stwo Statystyka i\u00a0modelowanie \u015brodowiska Projektowanie obszar\u00f3w chronionych Bioanalityka Zarz\u0105dzanie zasobami w\u00f3d Water resources management Polityka ochrony \u015brodowiska J\u0119zyk obcy specjalistyczny \u2013 angielski J\u0119zyk obcy specjalistyczny \u2013 francuski J\u0119zyk obcy specjalistyczny \u2013 niemiecki J\u0119zyk obcy specjalistyczny \u2013 rosyjski Przedmiot do [&hellip;]<\/p>\n","protected":false},"author":202,"featured_media":0,"parent":178039,"menu_order":0,"comment_status":"closed","ping_status":"closed","template":"elementor_header_footer","meta":{"_monsterinsights_skip_tracking":false,"_monsterinsights_sitenote_active":false,"_monsterinsights_sitenote_note":"","_monsterinsights_sitenote_category":0},"_links":{"self":[{"href":"https:\/\/up.lublin.pl\/srodowiskowa\/wp-json\/wp\/v2\/pages\/168708"}],"collection":[{"href":"https:\/\/up.lublin.pl\/srodowiskowa\/wp-json\/wp\/v2\/pages"}],"about":[{"href":"https:\/\/up.lublin.pl\/srodowiskowa\/wp-json\/wp\/v2\/types\/page"}],"author":[{"embeddable":true,"href":"https:\/\/up.lublin.pl\/srodowiskowa\/wp-json\/wp\/v2\/users\/202"}],"replies":[{"embeddable":true,"href":"https:\/\/up.lublin.pl\/srodowiskowa\/wp-json\/wp\/v2\/comments?post=168708"}],"version-history":[{"count":16,"href":"https:\/\/up.lublin.pl\/srodowiskowa\/wp-json\/wp\/v2\/pages\/168708\/revisions"}],"predecessor-version":[{"id":176363,"href":"https:\/\/up.lublin.pl\/srodowiskowa\/wp-json\/wp\/v2\/pages\/168708\/revisions\/176363"}],"up":[{"embeddable":true,"href":"https:\/\/up.lublin.pl\/srodowiskowa\/wp-json\/wp\/v2\/pages\/178039"}],"wp:attachment":[{"href":"https:\/\/up.lublin.pl\/srodowiskowa\/wp-json\/wp\/v2\/media?parent=168708"}],"curies":[{"name":"wp","href":"https:\/\/api.w.org\/{rel}","templated":true}]}}