{"id":168594,"date":"2024-03-25T08:06:18","date_gmt":"2024-03-25T07:06:18","guid":{"rendered":"https:\/\/up.lublin.pl\/srodowiskowa\/?page_id=168594"},"modified":"2026-02-18T13:47:35","modified_gmt":"2026-02-18T12:47:35","slug":"biobezpieczenstwo-i-zarzadzanie-kryzysowe-studia-stacjonarne-i-stopnia-nabor-2022-2023","status":"publish","type":"page","link":"https:\/\/up.lublin.pl\/srodowiskowa\/ksztalcenie\/biobezpieczenstwo-i-zarzadzanie-kryzysowe-studia-stacjonarne-i-stopnia-nabor-2022-2023\/","title":{"rendered":"BIOBEZPIECZE\u0143STWO I ZARZ\u0104DZANIE KRYZYSOWE studia stacjonarne I stopnia, nab\u00f3r 2022\/2023"},"content":{"rendered":"\t\t<div data-elementor-type=\"wp-page\" data-elementor-id=\"168594\" class=\"elementor elementor-168594\" data-elementor-settings=\"[]\">\n\t\t\t\t\t\t<div class=\"elementor-inner\">\n\t\t\t\t\t\t\t<div class=\"elementor-section-wrap\">\n\t\t\t\t\t\t\t<section class=\"elementor-section elementor-top-section elementor-element elementor-element-245a223b elementor-section-boxed elementor-section-height-default elementor-section-height-default\" data-id=\"245a223b\" data-element_type=\"section\">\n\t\t\t\t\t\t<div class=\"elementor-container elementor-column-gap-default\">\n\t\t\t\t\t\t\t<div class=\"elementor-row\">\n\t\t\t\t\t<div class=\"elementor-column elementor-col-100 elementor-top-column elementor-element elementor-element-24e2e2d5\" data-id=\"24e2e2d5\" data-element_type=\"column\">\n\t\t\t<div class=\"elementor-column-wrap elementor-element-populated\">\n\t\t\t\t\t\t\t<div class=\"elementor-widget-wrap\">\n\t\t\t\t\t\t<div class=\"elementor-element elementor-element-401f8da7 elementor-widget elementor-widget-m5c\" data-id=\"401f8da7\" data-element_type=\"widget\" data-widget_type=\"m5c.default\">\n\t\t\t\t<div class=\"elementor-widget-container\">\n\t\t\t<section class=\"mn-m5-c mn-m5-d2 mn-bg-white\">\n\t<div class=\"mn-grid\">\n\t\t\t\t<div class=\"mn-content mn-grid-9\">\n\t\t\t                <div class=\"mn-content-block active\">\n\t                                                        <div class=\"block-text\">\n\t                                        <h5 style=\"margin-bottom: 20px\"><a href=\"https:\/\/up.lublin.pl\/srodowiskowa\/ksztalcenie\/\">\u2190 powr\u00f3t<\/a><\/h5>\n<h1 style=\"text-align: center;margin-bottom: 20px\"><strong>BIOBEZPIECZE\u0143STWO I&nbsp;ZARZ\u0104DZANIE KRYZYSOWE<br \/>studia stacjonarne I&nbsp;stopnia, nab\u00f3r 2022\/2023<\/strong><\/h1>\n                                        <\/div>\n\t\t\t\t\t\t                                                        <div class=\"block-text\">\n\t                                        <h1>\u00a0<\/h1>\n<h1 style=\"text-align: center;margin-bottom: 20px\"><strong>I. Modu\u0142y rozszerzone<\/strong><\/h1>\n                                        <\/div>\n\t\t\t\t\t\t                                                        <ul class=\"mn-accordion\">\n                                            <li>\n                                                <h4 class=\"mn-accordion-title\">Semestr I<\/h4>\n                                                <div>\n\t\t\t\t\t\t\t\t\t                <p><a href=\"https:\/\/up.lublin.pl\/srodowiskowa\/wp-content\/uploads\/sites\/5\/2023\/01\/1.-BZK_s_I_Zagrozenia-bioterrorystyczne.pdf\">Zagro\u017cenia bioterrorystyczne<\/a><\/p>\n<p><a href=\"https:\/\/up.lublin.pl\/srodowiskowa\/wp-content\/uploads\/sites\/5\/2023\/01\/2.-BZK_s_I_Wychowanie_fizyczne1.pdf\">Wychowanie fizyczne 1<\/a><\/p>\n<p><a href=\"https:\/\/up.lublin.pl\/srodowiskowa\/wp-content\/uploads\/sites\/5\/2023\/01\/3.-BZK_s_I_Chemia-i-inzynieria-procesowa.pdf\">Chemia i\u00a0in\u017cynieria procesowa<\/a><\/p>\n<p><a href=\"https:\/\/up.lublin.pl\/srodowiskowa\/wp-content\/uploads\/sites\/5\/2023\/01\/4.-BZK_s_I_Ochrona-wlasnosci-intelektualnej-ergonomia-i-BHP.pdf\">Ochrona w\u0142asno\u015bci intelektualnej, ergonomia i\u00a0BHP<\/a><\/p>\n<p>Prawo w\u00a0biobezpiecze\u0144stwie<\/p>\n<p>Socjologiczne i\u00a0prawne aspekty biobezpiecze\u0144stwa<\/p>\n<p><a href=\"https:\/\/up.lublin.pl\/srodowiskowa\/wp-content\/uploads\/sites\/5\/2023\/01\/8.-BZK_s_I_Botanika.pdf\">Botanika<\/a><\/p>\n<p><a href=\"https:\/\/up.lublin.pl\/srodowiskowa\/wp-content\/uploads\/sites\/5\/2023\/01\/9.-BZK_s_I_Zoologia.pdf\">Zoologia<\/a><\/p>\n<p><a href=\"https:\/\/up.lublin.pl\/srodowiskowa\/wp-content\/uploads\/sites\/5\/2023\/01\/10.-BZK_s_I_Ekologia-ogolna-i-rolnicza.pdf\">Ekologia og\u00f3lna i\u00a0rolnicza<\/a><\/p>\n                                                <\/div>\n                                            <\/li>\n                                        <\/ul>\n\t\t\t\t\t\t                                                        <ul class=\"mn-accordion\">\n                                            <li>\n                                                <h4 class=\"mn-accordion-title\">Semestr II<\/h4>\n                                                <div>\n\t\t\t\t\t\t\t\t\t                <p><a href=\"https:\/\/up.lublin.pl\/srodowiskowa\/wp-content\/uploads\/sites\/5\/2023\/01\/11D.-BZK_s_II_angielski1.pdf\">J\u0119zyk obcy 1 \u2013 angielski<\/a><\/p>\n<p><a href=\"https:\/\/up.lublin.pl\/srodowiskowa\/wp-content\/uploads\/sites\/5\/2023\/01\/11C.-BZK_s_II_francuski1.pdf\">J\u0119zyk obcy 1 \u2013 francuski<\/a><\/p>\n<p><a href=\"https:\/\/up.lublin.pl\/srodowiskowa\/wp-content\/uploads\/sites\/5\/2023\/01\/11B.-BZK_s_II_niemiecki1.pdf\">J\u0119zyk obcy 1 \u2013 niemiecki<\/a><\/p>\n<p><a href=\"https:\/\/up.lublin.pl\/srodowiskowa\/wp-content\/uploads\/sites\/5\/2023\/01\/11A.-BZK_s_II_rosyjski1.pdf\">J\u0119zyk obcy 1 \u2013 rosyjski<\/a><\/p>\n<p><a href=\"https:\/\/up.lublin.pl\/srodowiskowa\/wp-content\/uploads\/sites\/5\/2023\/01\/12.-BZK_s_II_Wychowanie_fizyczne_2.pdf\">Wychowanie fizyczne 2<\/a><\/p>\n<p><a href=\"https:\/\/up.lublin.pl\/srodowiskowa\/wp-content\/uploads\/sites\/5\/2023\/01\/13.-BZK_s_II_Ochrona-bioroznorodnosci.pdf\">Ochrona bior\u00f3\u017cnorodno\u015bci<\/a><\/p>\n<p><a href=\"https:\/\/up.lublin.pl\/srodowiskowa\/wp-content\/uploads\/sites\/5\/2023\/01\/14.-BZK_s_II_Regulacja-procesow-komorkowych.pdf\">Regulacja proces\u00f3w kom\u00f3rkowych<\/a><\/p>\n<p><a href=\"https:\/\/up.lublin.pl\/srodowiskowa\/wp-content\/uploads\/sites\/5\/2023\/01\/15.-BZK_s_II_Mikrobiologia-i-zagrozenia-mikrobiologiczne.pdf\">Mikrobiologia i\u00a0zagro\u017cenia mikrobiologiczne<\/a><\/p>\n<p><a href=\"https:\/\/up.lublin.pl\/srodowiskowa\/wp-content\/uploads\/sites\/5\/2023\/01\/16.-BZK_s_II_Biochemia-zagrozen.pdf\">Biochemia zagro\u017ce\u0144<\/a><\/p>\n<p><a href=\"https:\/\/up.lublin.pl\/srodowiskowa\/wp-content\/uploads\/sites\/5\/2023\/01\/17.-BZK_s_II_Rosliny-toksyczne.pdf\">Ro\u015bliny toksyczne<\/a><\/p>\n<p><a href=\"https:\/\/up.lublin.pl\/srodowiskowa\/wp-content\/uploads\/sites\/5\/2023\/01\/18.-BZK_s_II_Genetyka_ogolna_i_molekularna.pdf\">Genetyka og\u00f3lna i\u00a0molekularna<\/a><\/p>\n                                                <\/div>\n                                            <\/li>\n                                        <\/ul>\n\t\t\t\t\t\t                                                        <ul class=\"mn-accordion\">\n                                            <li>\n                                                <h4 class=\"mn-accordion-title\">Semestr III<\/h4>\n                                                <div>\n\t\t\t\t\t\t\t\t\t                <p><a href=\"https:\/\/up.lublin.pl\/srodowiskowa\/wp-content\/uploads\/sites\/5\/2023\/01\/19D.-BZK_s_III_angielski2.pdf\">J\u0119zyk obcy 2 \u2013 angielski<\/a><\/p>\n<p><a href=\"https:\/\/up.lublin.pl\/srodowiskowa\/wp-content\/uploads\/sites\/5\/2023\/01\/19C.-BZK_s_III_francuski2.pdf\">J\u0119zyk obcy 2 \u2013 francuski<\/a><\/p>\n<p><a href=\"https:\/\/up.lublin.pl\/srodowiskowa\/wp-content\/uploads\/sites\/5\/2023\/01\/19B.-BZK_s_III_niemiecki2.pdf\">J\u0119zyk obcy 2 \u2013 niemiecki<\/a><\/p>\n<p><a href=\"https:\/\/up.lublin.pl\/srodowiskowa\/wp-content\/uploads\/sites\/5\/2023\/01\/19A.-BZK_s_III_rosyjski2.pdf\">J\u0119zyk obcy 2 \u2013 rosyjski<\/a><\/p>\n<p><a href=\"https:\/\/up.lublin.pl\/srodowiskowa\/wp-content\/uploads\/sites\/5\/2023\/01\/20.-BZK_s_III_Biostatystyka.pdf\">Biostatystyka<\/a><\/p>\n<p><a href=\"https:\/\/up.lublin.pl\/srodowiskowa\/wp-content\/uploads\/sites\/5\/2023\/01\/21.-BZK_s_III_Diagnostyka-analityczna.pdf\">Diagnostyka analityczna<\/a><\/p>\n<p><a href=\"https:\/\/up.lublin.pl\/srodowiskowa\/wp-content\/uploads\/sites\/5\/2023\/01\/22.-BZK_s_III_Biofizyka_i_Ochr_Rad.pdf\">Biofizyka i\u00a0ochrona radiologiczna<\/a><\/p>\n<p><a href=\"https:\/\/up.lublin.pl\/srodowiskowa\/wp-content\/uploads\/sites\/5\/2023\/01\/23.-BZK_s_III_Choroby-odzwierzece.pdf\">Choroby odzwierz\u0119ce<\/a><\/p>\n<p>Bioasekuracja<\/p>\n<p><a href=\"https:\/\/up.lublin.pl\/srodowiskowa\/wp-content\/uploads\/sites\/5\/2023\/01\/25.-BZK_s_III_Epidemiologia.pdf\">Epidemiologia<\/a><\/p>\n<p><a href=\"https:\/\/up.lublin.pl\/srodowiskowa\/wp-content\/uploads\/sites\/5\/2023\/01\/26.-BZK_s_III_Klimatologia-i-hydrologia.pdf\">Klimatologia i\u00a0hydrologia<\/a><\/p>\n<p><a href=\"https:\/\/up.lublin.pl\/srodowiskowa\/wp-content\/uploads\/sites\/5\/2023\/01\/27.-BiZK_s_III_Zagrozenia-zwiazane-z-chemizacja-rolnictwa.pdf\">Zagro\u017cenia zwi\u0105zane z\u00a0chemizacj\u0105 rolnictwa<\/a><\/p>\n                                                <\/div>\n                                            <\/li>\n                                        <\/ul>\n\t\t\t\t\t\t                                                        <ul class=\"mn-accordion\">\n                                            <li>\n                                                <h4 class=\"mn-accordion-title\">Semestr IV<\/h4>\n                                                <div>\n\t\t\t\t\t\t\t\t\t                <p><a href=\"https:\/\/up.lublin.pl\/srodowiskowa\/wp-content\/uploads\/sites\/5\/2023\/01\/28D.-BZK_s_IV_angielski3.pdf\">J\u0119zyk obcy 3 \u2013 angielski<\/a><\/p>\n<p><a href=\"https:\/\/up.lublin.pl\/srodowiskowa\/wp-content\/uploads\/sites\/5\/2023\/01\/28C.-BZK_s_IV_francuski3.pdf\">J\u0119zyk obcy 3 \u2013 francuski<\/a><\/p>\n<p><a href=\"https:\/\/up.lublin.pl\/srodowiskowa\/wp-content\/uploads\/sites\/5\/2023\/01\/28B.-BZK_s_IV_niemiecki3.pdf\">J\u0119zyk obcy 3 \u2013 niemiecki<\/a><\/p>\n<p><a href=\"https:\/\/up.lublin.pl\/srodowiskowa\/wp-content\/uploads\/sites\/5\/2023\/01\/28A.-BZK_s_IV_rosyjski3.pdf\">J\u0119zyk obcy 3 \u2013 rosyjski<\/a><\/p>\n<p><a href=\"https:\/\/up.lublin.pl\/srodowiskowa\/wp-content\/uploads\/sites\/5\/2023\/01\/29.-BZK_s_IV_-Prosrodowiskowe-technologie-produkcji-roslinnej.pdf\">Pro\u015brodowiskowe technologie produkcji ro\u015blinnej<\/a><\/p>\n<p>Zagro\u017cenia w\u00a0produkcji zwierz\u0119cej<\/p>\n<p><a href=\"https:\/\/up.lublin.pl\/srodowiskowa\/wp-content\/uploads\/sites\/5\/2023\/01\/31.-BZK_s_IV_Prosrodowiskowe-technologie-produkcji-zwierzecej.pdf\">Pro\u015brodowiskowe technologie produkcji zwierz\u0119cej<\/a><\/p>\n<p><a href=\"https:\/\/up.lublin.pl\/srodowiskowa\/wp-content\/uploads\/sites\/5\/2023\/01\/32.-BZK_s_IV_Bioindykacja-srodowiskowa.pdf\">Bioindykacja \u015brodowiskowa<\/a><\/p>\n<p><a href=\"https:\/\/up.lublin.pl\/srodowiskowa\/wp-content\/uploads\/sites\/5\/2023\/01\/33.-BZK_s_IV_Biobezpieczenstwo-wod.pdf\">Biobezpiecze\u0144stwo w\u00f3d<\/a><\/p>\n<p><a href=\"https:\/\/up.lublin.pl\/srodowiskowa\/wp-content\/uploads\/sites\/5\/2023\/01\/34.-BZK_s_IV_Zarzadzanie-w-sytuacjach-kryzysowych.pdf\">Zarz\u0105dzanie w\u00a0sytuacjach kryzysowych<\/a><\/p>\n<p><a href=\"https:\/\/up.lublin.pl\/srodowiskowa\/wp-content\/uploads\/sites\/5\/2023\/01\/35.-BZK_s_IV_Bezpieczenstwo-zywnosci.pdf\">Bezpiecze\u0144stwo \u017cywno\u015bci<\/a><\/p>\n                                                <\/div>\n                                            <\/li>\n                                        <\/ul>\n\t\t\t\t\t\t                                                        <ul class=\"mn-accordion\">\n                                            <li>\n                                                <h4 class=\"mn-accordion-title\">Semestr V<\/h4>\n                                                <div>\n\t\t\t\t\t\t\t\t\t                <p><a href=\"https:\/\/up.lublin.pl\/srodowiskowa\/wp-content\/uploads\/sites\/5\/2023\/01\/36.-BZK_s_V_Gospodarka-odpadami.pdf\">Gospodarka odpadami<\/a><\/p>\n<p><a href=\"https:\/\/up.lublin.pl\/srodowiskowa\/wp-content\/uploads\/sites\/5\/2023\/01\/37.-BZK_s_V_Zagrozenia-w-produkcji-roslinnej.pdf\">Zagro\u017cenia w\u00a0produkcji ro\u015blinnej<\/a><\/p>\n<p><a href=\"https:\/\/up.lublin.pl\/srodowiskowa\/wp-content\/uploads\/sites\/5\/2023\/01\/38.-BZK_s_V_Ekotoksykologia.pdf\">Ekotoksykologia<\/a><\/p>\n<p><a href=\"https:\/\/up.lublin.pl\/srodowiskowa\/wp-content\/uploads\/sites\/5\/2023\/01\/39.-BiZK_s_V_Aerobiologia.pdf\">Aerobiologia<\/a><\/p>\n<p><a href=\"https:\/\/up.lublin.pl\/srodowiskowa\/wp-content\/uploads\/sites\/5\/2023\/01\/40.-BZK_s_V_Systemowe-zarzadzanie-ochrona-zywnosci.pdf\">Przedmiot do wyboru 1 \u2013 Systemowe zarz\u0105dzanie ochron\u0105 \u017cywno\u015bci<\/a><\/p>\n<p><a href=\"https:\/\/up.lublin.pl\/srodowiskowa\/wp-content\/uploads\/sites\/5\/2023\/01\/41.-BZK_s_V_Zarzadzanie-w-produkcji-zywnosci.pdf\">Przedmiot do wyboru 1 \u2013 Zarz\u0105dzanie w\u00a0produkcji \u017cywno\u015bci<\/a><\/p>\n<p><a href=\"https:\/\/up.lublin.pl\/srodowiskowa\/wp-content\/uploads\/sites\/5\/2023\/01\/42.-BZK_s_V_Zagrozenia-w-inzynierii-genetycznej.pdf\">Przedmiot do wyboru 2 \u2013 Zagro\u017cenia w\u00a0in\u017cynierii genetycznej<\/a><\/p>\n<p><a href=\"https:\/\/up.lublin.pl\/srodowiskowa\/wp-content\/uploads\/sites\/5\/2023\/01\/43.-BZK_s_V_Diagnostyka-molekularna-w-biobezpieczenstwie.pdf\">Przedmiot do wyboru 2 \u2013 Diagnostyka molekularna w\u00a0biobezpiecze\u0144stwie<\/a><\/p>\n<p><a href=\"https:\/\/up.lublin.pl\/srodowiskowa\/wp-content\/uploads\/sites\/5\/2023\/01\/44.-BZK_s_V_Monitoring-srodowiska.pdf\">Przedmiot do wyboru 3 \u2013 Monitoring \u015brodowiska<\/a><\/p>\n<p><a href=\"https:\/\/up.lublin.pl\/srodowiskowa\/wp-content\/uploads\/sites\/5\/2023\/01\/45.-BZK_s_V_Diagnostyka-zagrozen-srodowiskowych.pdf\">Przedmiot do wyboru 3 \u2013 Diagnostyka zagro\u017ce\u0144 \u015brodowiskowych<\/a><\/p>\n<p><a href=\"https:\/\/up.lublin.pl\/srodowiskowa\/wp-content\/uploads\/sites\/5\/2023\/01\/46.-BZK_s_V_Bezpieczenstwo-pracy-laboratoryjnej.pdf\">Przedmiot do wyboru 4 \u2013 Bezpiecze\u0144stwo pracy laboratoryjnej<\/a><\/p>\n<p><a href=\"https:\/\/up.lublin.pl\/srodowiskowa\/wp-content\/uploads\/sites\/5\/2023\/01\/47.-BZK_s_V_Certyfikacja-laboratoriow.pdf\">Przedmiot do wyboru 4 \u2013 Certyfikacja laboratori\u00f3w<\/a><\/p>\n                                                <\/div>\n                                            <\/li>\n                                        <\/ul>\n\t\t\t\t\t\t                                                        <ul class=\"mn-accordion\">\n                                            <li>\n                                                <h4 class=\"mn-accordion-title\">Semestr VI<\/h4>\n                                                <div>\n\t\t\t\t\t\t\t\t\t                <p><a href=\"https:\/\/up.lublin.pl\/srodowiskowa\/wp-content\/uploads\/sites\/5\/2023\/01\/48.-BZK_s_VI_Globalne-zagrozenia-biobezpieczenstwa-na-swiecie.pdf\">Globalne zagro\u017cenia biobezpiecze\u0144stwa na \u015bwiecie<\/a><\/p>\n<p><a href=\"https:\/\/up.lublin.pl\/srodowiskowa\/wp-content\/uploads\/sites\/5\/2023\/01\/49.-BZK_s_VI_Agroteroryzm-i-obrot-roslinami-GM.pdf\">Agroteroryzm i\u00a0obr\u00f3t ro\u015blinami GM<\/a><\/p>\n<p><a href=\"https:\/\/up.lublin.pl\/srodowiskowa\/wp-content\/uploads\/sites\/5\/2023\/01\/50.-BZK_s_VI_Przedsiebiorczosc.pdf\">Przedsi\u0119biorczo\u015b\u0107<\/a><\/p>\n<p><a href=\"https:\/\/up.lublin.pl\/srodowiskowa\/wp-content\/uploads\/sites\/5\/2023\/01\/51.-BZK_s_VI_Podstawy-zarzadzania.pdf\">Podstawy zarz\u0105dzania<\/a><\/p>\n<p><a href=\"https:\/\/up.lublin.pl\/srodowiskowa\/wp-content\/uploads\/sites\/5\/2023\/01\/52.-BZK_s_VI_Stresory-srodowiskowe.pdf\">Stresory \u015brodowiskowe<\/a><\/p>\n<p><a href=\"https:\/\/up.lublin.pl\/srodowiskowa\/wp-content\/uploads\/sites\/5\/2023\/01\/53.-BiZK_s_VI_Biomarkery.pdf\">Biomarkery<\/a><\/p>\n<p><a href=\"https:\/\/up.lublin.pl\/srodowiskowa\/wp-content\/uploads\/sites\/5\/2023\/01\/54.-BZK_s_VI_Zagrozenia-demograficzne.pdf\">Zagro\u017cenia demograficzne<\/a><\/p>\n<p><a href=\"https:\/\/up.lublin.pl\/srodowiskowa\/wp-content\/uploads\/sites\/5\/2023\/01\/55.-BZK_s_VI_Metody-i-techniki-badan-spolecznych.pdf\">Metody i\u00a0techniki bada\u0144 spo\u0142ecznych<\/a><\/p>\n<p><a href=\"https:\/\/up.lublin.pl\/srodowiskowa\/wp-content\/uploads\/sites\/5\/2023\/01\/56.-BZK_s_VI_Seminarium-dyplomowe-1_A.pdf\">Seminarium dyplomowe 1 A<\/a><\/p>\n<p><a href=\"https:\/\/up.lublin.pl\/srodowiskowa\/wp-content\/uploads\/sites\/5\/2023\/01\/56.-BZK_s_VI__Seminarium-dyplomowe_1_B.pdf\">Seminarium dyplomowe 1 B<\/a><\/p>\n<p><a href=\"https:\/\/up.lublin.pl\/srodowiskowa\/wp-content\/uploads\/sites\/5\/2023\/01\/57.-BZK_s_VI_Praktyka-zawodowa_A.pdf\">Praktyka zawodowa A<\/a><\/p>\n<p><a href=\"https:\/\/up.lublin.pl\/srodowiskowa\/wp-content\/uploads\/sites\/5\/2023\/01\/57.-BZK_s_VI_Praktyka-zawodowa_B.pdf\">Praktyka zawodowa B<\/a><\/p>\n                                                <\/div>\n                                            <\/li>\n                                        <\/ul>\n\t\t\t\t\t\t                                                        <ul class=\"mn-accordion\">\n                                            <li>\n                                                <h4 class=\"mn-accordion-title\">Semestr VII<\/h4>\n                                                <div>\n\t\t\t\t\t\t\t\t\t                <p><a href=\"https:\/\/up.lublin.pl\/srodowiskowa\/wp-content\/uploads\/sites\/5\/2023\/01\/58.-BZK_s_VII_Kwarantanna-roslin.pdf\">Kwarantanna ro\u015blin<\/a><\/p>\n<p>Kwarantanna zwierz\u0105t<\/p>\n<p><a href=\"https:\/\/up.lublin.pl\/srodowiskowa\/wp-content\/uploads\/sites\/5\/2023\/01\/60.-BZK_s_VII_-Negocjacje-i-mediacje-w-sytuacjach-kryzysowych.pdf\">Negocjacje i\u00a0mediacje w\u00a0sytuacjach kryzysowych<\/a><\/p>\n<p><a href=\"https:\/\/up.lublin.pl\/srodowiskowa\/wp-content\/uploads\/sites\/5\/2023\/01\/61.-BZK_s_VII_-Podstawy-Public-Relations.pdf\">Podstawy public relations<\/a><\/p>\n<p><a href=\"https:\/\/up.lublin.pl\/srodowiskowa\/wp-content\/uploads\/sites\/5\/2023\/01\/62.-BZK_s_VII_Biologia-gatunkow-inwazyjnych.pdf\">Przedmiot do wyboru 5 \u2013 Biologia gatunk\u00f3w inwazyjnych<\/a><\/p>\n<p><a href=\"https:\/\/up.lublin.pl\/srodowiskowa\/wp-content\/uploads\/sites\/5\/2023\/01\/63.-BZK_s_VII_Wplyw-inwazji-gatunkow-na-bezpieczenstwo-ekosystemow.pdf\">Przedmiot do wyboru 5 \u2013 Wp\u0142yw inwazji gatunk\u00f3w na bezpiecze\u0144stwo ekosystem\u00f3w<\/a><\/p>\n<p><a href=\"https:\/\/up.lublin.pl\/srodowiskowa\/wp-content\/uploads\/sites\/5\/2023\/01\/64.-BZK_-s_VII_Rola-zapylaczy-w-bezpieczenstwie-zywnosci.pdf\">Przedmiot do wyboru 6 \u2013 Rola zapylaczy w\u00a0bezpiecze\u0144stwie \u017cywno\u015bci<\/a><\/p>\n<p><a href=\"https:\/\/up.lublin.pl\/srodowiskowa\/wp-content\/uploads\/sites\/5\/2023\/01\/65.-BZK_s_VII_Fitozwiazki-w-bioterroryzmie.pdf\">Przedmiot do wyboru 6 \u2013 Fitozwi\u0105zki w\u00a0bioterroryzmie<\/a><\/p>\n<p><a href=\"https:\/\/up.lublin.pl\/srodowiskowa\/wp-content\/uploads\/sites\/5\/2023\/01\/66.-BZK_s_VII_Bee-friendly-plants.pdf\">Przedmiot do wyboru 6 \u2013 Bee-friendly plants<\/a><\/p>\n<p><a href=\"https:\/\/up.lublin.pl\/srodowiskowa\/wp-content\/uploads\/sites\/5\/2023\/01\/68.-BZK_s_VII__Seminarium-dyplomowe_2-_A.pdf\">Seminarium dyplomowe 2 A<\/a><\/p>\n<p><a href=\"https:\/\/up.lublin.pl\/srodowiskowa\/wp-content\/uploads\/sites\/5\/2023\/01\/68.BZK_s_VII__Seminarium-dyplomowe_2-_B.pdf\">Seminarium dyplomowe 2 B<\/a><\/p>\n<p><a href=\"https:\/\/up.lublin.pl\/srodowiskowa\/wp-content\/uploads\/sites\/5\/2023\/01\/69.-BZK_s_VII__Projekt-inzynierski-i-egzamin-dyplomowy.pdf\">Projekt in\u017cynierski i\u00a0egzamin dyplomowy<\/a><\/p>\n                                                <\/div>\n                                            <\/li>\n                                        <\/ul>\n\t\t\t\t\t\t                                <\/div>\n\t\t\t\t                <div class=\"mn-content-block\">\n\t                                <\/div>\n\t\t\t\t                <div class=\"mn-content-block\">\n\t                                <\/div>\n\t\t\t\t                <div class=\"mn-content-block\">\n\t                                <\/div>\n\t\t\t\t                <div class=\"mn-content-block\">\n\t                                <\/div>\n\t\t\t\t                <div class=\"mn-content-block\">\n\t                                <\/div>\n\t\t\t\t                <div class=\"mn-content-block\">\n\t                                <\/div>\n\t\t\t\t                <div class=\"mn-content-block\">\n\t                                <\/div>\n\t\t\t\t                <div class=\"mn-content-block\">\n\t                                <\/div>\n\t\t\t\t                <div class=\"mn-content-block\">\n\t                                <\/div>\n\t\t\t\t                <div class=\"mn-content-block\">\n\t                                <\/div>\n\t\t\t\t                <div class=\"mn-content-block\">\n\t                                <\/div>\n\t\t\t\t                <div class=\"mn-content-block\">\n\t                                <\/div>\n\t\t\t\t                <div class=\"mn-content-block\">\n\t                                <\/div>\n\t\t\t\t                <div class=\"mn-content-block\">\n\t                                <\/div>\n\t\t\t\t                <div class=\"mn-content-block\">\n\t                                <\/div>\n\t\t\t\t                <div class=\"mn-content-block\">\n\t                                <\/div>\n\t\t\t\t                <div class=\"mn-content-block\">\n\t                                <\/div>\n\t\t\t\t                <div class=\"mn-content-block\">\n\t                                <\/div>\n\t\t\t\t                <div class=\"mn-content-block\">\n\t                                <\/div>\n\t\t\t\t\t\t<\/div>\n\t<\/div>\n<\/section>\n\t\t<\/div>\n\t\t\t\t<\/div>\n\t\t\t\t\t\t<\/div>\n\t\t\t\t\t<\/div>\n\t\t<\/div>\n\t\t\t\t\t\t\t\t<\/div>\n\t\t\t\t\t<\/div>\n\t\t<\/section>\n\t\t\t\t\t\t<\/div>\n\t\t\t\t\t\t<\/div>\n\t\t\t\t\t<\/div>\n\t\t","protected":false},"excerpt":{"rendered":"<p>\u2190 powr\u00f3t BIOBEZPIECZE\u0143STWO I&nbsp;ZARZ\u0104DZANIE KRYZYSOWEstudia stacjonarne I&nbsp;stopnia, nab\u00f3r 2022\/2023 \u00a0 I. Modu\u0142y rozszerzone Semestr I Zagro\u017cenia bioterrorystyczne Wychowanie fizyczne 1 Chemia i\u00a0in\u017cynieria procesowa Ochrona w\u0142asno\u015bci intelektualnej, ergonomia i\u00a0BHP Prawo w\u00a0biobezpiecze\u0144stwie Socjologiczne i\u00a0prawne aspekty biobezpiecze\u0144stwa Botanika Zoologia Ekologia og\u00f3lna i\u00a0rolnicza Semestr II J\u0119zyk obcy 1 \u2013 angielski J\u0119zyk obcy 1 \u2013 francuski J\u0119zyk obcy 1 \u2013 [&hellip;]<\/p>\n","protected":false},"author":202,"featured_media":0,"parent":178039,"menu_order":0,"comment_status":"closed","ping_status":"closed","template":"elementor_header_footer","meta":{"_monsterinsights_skip_tracking":false,"_monsterinsights_sitenote_active":false,"_monsterinsights_sitenote_note":"","_monsterinsights_sitenote_category":0},"_links":{"self":[{"href":"https:\/\/up.lublin.pl\/srodowiskowa\/wp-json\/wp\/v2\/pages\/168594"}],"collection":[{"href":"https:\/\/up.lublin.pl\/srodowiskowa\/wp-json\/wp\/v2\/pages"}],"about":[{"href":"https:\/\/up.lublin.pl\/srodowiskowa\/wp-json\/wp\/v2\/types\/page"}],"author":[{"embeddable":true,"href":"https:\/\/up.lublin.pl\/srodowiskowa\/wp-json\/wp\/v2\/users\/202"}],"replies":[{"embeddable":true,"href":"https:\/\/up.lublin.pl\/srodowiskowa\/wp-json\/wp\/v2\/comments?post=168594"}],"version-history":[{"count":16,"href":"https:\/\/up.lublin.pl\/srodowiskowa\/wp-json\/wp\/v2\/pages\/168594\/revisions"}],"predecessor-version":[{"id":168614,"href":"https:\/\/up.lublin.pl\/srodowiskowa\/wp-json\/wp\/v2\/pages\/168594\/revisions\/168614"}],"up":[{"embeddable":true,"href":"https:\/\/up.lublin.pl\/srodowiskowa\/wp-json\/wp\/v2\/pages\/178039"}],"wp:attachment":[{"href":"https:\/\/up.lublin.pl\/srodowiskowa\/wp-json\/wp\/v2\/media?parent=168594"}],"curies":[{"name":"wp","href":"https:\/\/api.w.org\/{rel}","templated":true}]}}