{"id":168439,"date":"2024-03-24T12:50:57","date_gmt":"2024-03-24T11:50:57","guid":{"rendered":"https:\/\/up.lublin.pl\/srodowiskowa\/?page_id=168439"},"modified":"2026-02-18T13:48:54","modified_gmt":"2026-02-18T12:48:54","slug":"biokosmetologia-studia-stacjonarne-i-stopnia-nabor-2018-2019","status":"publish","type":"page","link":"https:\/\/up.lublin.pl\/srodowiskowa\/ksztalcenie\/biokosmetologia-studia-stacjonarne-i-stopnia-nabor-2018-2019\/","title":{"rendered":"BIOKOSMETOLOGIA studia stacjonarne I stopnia, nab\u00f3r 2018\/2019"},"content":{"rendered":"\t\t<div data-elementor-type=\"wp-page\" data-elementor-id=\"168439\" class=\"elementor elementor-168439\" data-elementor-settings=\"[]\">\n\t\t\t\t\t\t<div class=\"elementor-inner\">\n\t\t\t\t\t\t\t<div class=\"elementor-section-wrap\">\n\t\t\t\t\t\t\t<section class=\"elementor-section elementor-top-section elementor-element elementor-element-f39ad1a elementor-section-boxed elementor-section-height-default elementor-section-height-default\" data-id=\"f39ad1a\" data-element_type=\"section\">\n\t\t\t\t\t\t<div class=\"elementor-container elementor-column-gap-default\">\n\t\t\t\t\t\t\t<div class=\"elementor-row\">\n\t\t\t\t\t<div class=\"elementor-column elementor-col-100 elementor-top-column elementor-element elementor-element-7d0908c4\" data-id=\"7d0908c4\" data-element_type=\"column\">\n\t\t\t<div class=\"elementor-column-wrap elementor-element-populated\">\n\t\t\t\t\t\t\t<div class=\"elementor-widget-wrap\">\n\t\t\t\t\t\t<div class=\"elementor-element elementor-element-6d1fdfe9 elementor-widget elementor-widget-m5c\" data-id=\"6d1fdfe9\" data-element_type=\"widget\" data-widget_type=\"m5c.default\">\n\t\t\t\t<div class=\"elementor-widget-container\">\n\t\t\t<section class=\"mn-m5-c mn-m5-d2 mn-bg-white\">\n\t<div class=\"mn-grid\">\n\t\t\t\t<div class=\"mn-content mn-grid-9\">\n\t\t\t                <div class=\"mn-content-block active\">\n\t                                                        <div class=\"block-text\">\n\t                                        <h5 style=\"margin-bottom: 20px\"><a href=\"https:\/\/up.lublin.pl\/srodowiskowa\/ksztalcenie\/\">\u2190 powr\u00f3t<\/a><\/h5>\n<h1 style=\"text-align: center;margin-bottom: 20px\"><strong>BIOKOSMETOLOGIA<br \/>studia stacjonarne I&nbsp;stopnia, nab\u00f3r 2018\/2019<\/strong><\/h1>\n                                        <\/div>\n\t\t\t\t\t\t                                                        <ul class=\"mn-accordion\">\n                                            <li>\n                                                <h4 class=\"mn-accordion-title\">Semestr I<\/h4>\n                                                <div>\n\t\t\t\t\t\t\t\t\t                <p>Przedmiot humanistyczny 1 \u2013 Podstawy dzia\u0142alno\u015bci gospodarczej<br \/>Przedmiot humanistyczny 1 \u2013 Etyka w\u00a0biznesie<br \/><a href=\"https:\/\/up.lublin.pl\/files\/srodowiskowa\/opisy%20modulow\/BIOKOSMETOLOGIA%20st.%20stac.%20I%20stopnia\/bk1s_03_chemia_kosmetyczna.pdf\">Chemia kosmetyczna<\/a><br \/><a href=\"https:\/\/up.lublin.pl\/files\/srodowiskowa\/opisy%20modulow\/BIOKOSMETOLOGIA%20st.%20stac.%20I%20stopnia\/bk1s_04_podstawy_anatomii_i_fizjologii_czlowieka.pdf\">Podstawy anatomii i\u00a0fizjologii cz\u0142owieka<\/a><br \/><a href=\"https:\/\/up.lublin.pl\/srodowiskowa\/wp-content\/uploads\/sites\/5\/2022\/02\/histologia-skr.pdf\">Histologia<\/a><br \/><a href=\"https:\/\/up.lublin.pl\/files\/srodowiskowa\/opisy%20modulow\/BIOKOSMETOLOGIA%20st.%20stac.%20I%20stopnia\/bk1s_06_botanika.pdf\">Botanika<\/a><br \/><a href=\"https:\/\/up.lublin.pl\/files\/srodowiskowa\/opisy%20modulow\/BIOKOSMETOLOGIA%20st.%20stac.%20I%20stopnia\/bk1s_07_aparatura_procesowa.pdf\">Aparatura procesowa<\/a><br \/><a href=\"https:\/\/up.lublin.pl\/srodowiskowa\/wp-content\/uploads\/sites\/5\/2022\/02\/BHP-z-ergonomia-skr.pdf\">BHP z\u00a0ergonomi\u0105<\/a><br \/><a href=\"https:\/\/up.lublin.pl\/srodowiskowa\/wp-content\/uploads\/sites\/5\/2022\/02\/technologia-informacyjna-skr-do-zamiany.pdf\">Technologia informacyjna<\/a><br \/><a href=\"https:\/\/up.lublin.pl\/srodowiskowa\/wp-content\/uploads\/sites\/5\/2022\/02\/prawo-kosmet.-skr.pdf\">Prawo kosmetyczne \u2013 przedmiot humanistyczny<\/a><\/p>\n                                                <\/div>\n                                            <\/li>\n                                        <\/ul>\n\t\t\t\t\t\t                                                        <ul class=\"mn-accordion\">\n                                            <li>\n                                                <h4 class=\"mn-accordion-title\">Semestr II<\/h4>\n                                                <div>\n\t\t\t\t\t\t\t\t\t                <p><a href=\"https:\/\/up.lublin.pl\/srodowiskowa\/wp-content\/uploads\/sites\/5\/2022\/02\/BK_ang1_S1.skrocony-docx.pdf\">J\u0119zyk obcy 1 \u2013 angielski<\/a><br \/><a href=\"https:\/\/up.lublin.pl\/srodowiskowa\/wp-content\/uploads\/sites\/5\/2022\/02\/BK_fran1_S1.skrocony-docx.pdf\">J\u0119zyk obcy 1 \u2013 francuski<\/a><br \/><a href=\"https:\/\/up.lublin.pl\/srodowiskowa\/wp-content\/uploads\/sites\/5\/2022\/02\/BK_niem1_S1.skrocony.pdf\">J\u0119zyk obcy 1 \u2013 niemiecki<\/a><br \/><a href=\"https:\/\/up.lublin.pl\/srodowiskowa\/wp-content\/uploads\/sites\/5\/2022\/02\/BK_ros1_S1-skrocony.pdf\">J\u0119zyk obcy 1 \u2013 rosyjski<\/a><br \/><a href=\"https:\/\/up.lublin.pl\/srodowiskowa\/wp-content\/uploads\/sites\/5\/2022\/02\/Wych-fiz-sala-skr.pdf\">Wychowanie fizyczne 1 \u2013 sala<\/a><br \/><a href=\"https:\/\/up.lublin.pl\/srodowiskowa\/wp-content\/uploads\/sites\/5\/2022\/02\/Wych-fiz.-plyw.-skr.pdf\">Wychowanie fizyczne 1 \u2013 p\u0142ywalnia<\/a><br \/><a href=\"https:\/\/up.lublin.pl\/srodowiskowa\/wp-content\/uploads\/sites\/5\/2022\/02\/Historia-kosmetologii-skr-do-zamiany.pdf\">Przedmiot humanistyczny 2 \u2013 Historia kosmetologii<\/a><br \/><a href=\"https:\/\/up.lublin.pl\/srodowiskowa\/wp-content\/uploads\/sites\/5\/2022\/02\/Psychologia-skr.pdf\">Przedmiot humanistyczny 2 \u2013 Psychologia<\/a><br \/><a href=\"https:\/\/up.lublin.pl\/files\/srodowiskowa\/opisy%20modulow\/BIOKOSMETOLOGIA%20st.%20stac.%20I%20stopnia\/bk1s_14_biologia_molekularna_komorki_z_podstawami_genetyki.pdf\">Biologia molekularna kom\u00f3rki z\u00a0podstawami genetyki<\/a><br \/><a href=\"https:\/\/up.lublin.pl\/files\/srodowiskowa\/opisy%20modulow\/BIOKOSMETOLOGIA%20st.%20stac.%20I%20stopnia\/bk1s_15_biochemia_z_elementami_biofizyki.pdf\">Biochemia z\u00a0elementami biofizyki<\/a><br \/><a href=\"https:\/\/up.lublin.pl\/srodowiskowa\/wp-content\/uploads\/sites\/5\/2022\/02\/mikrobiologia.pdf\">Mikrobiologia<\/a><br \/><a href=\"https:\/\/up.lublin.pl\/srodowiskowa\/wp-content\/uploads\/sites\/5\/2022\/02\/REceptury-kosm-Slaska-skroc-zamiernic-na-stronie.pdf\">Receptury kosmetyczne<\/a><br \/><a href=\"https:\/\/up.lublin.pl\/srodowiskowa\/wp-content\/uploads\/sites\/5\/2022\/02\/Surowce-pochodzenia-zwierzecego-do-zamany-na-stronie.pdf\">Surowce pochodzenia zwierz\u0119cego w\u00a0kosmetyce<\/a><br \/><a href=\"https:\/\/up.lublin.pl\/srodowiskowa\/wp-content\/uploads\/sites\/5\/2022\/02\/Surowce-pochodzenia-roslinnego-do-zamiany-na-stronie.pdf\">Surowce pochodzenia ro\u015blinnego w\u00a0kosmetyce<\/a><\/p>\n                                                <\/div>\n                                            <\/li>\n                                        <\/ul>\n\t\t\t\t\t\t                                                        <ul class=\"mn-accordion\">\n                                            <li>\n                                                <h4 class=\"mn-accordion-title\">Semestr III<\/h4>\n                                                <div>\n\t\t\t\t\t\t\t\t\t                <p><a href=\"https:\/\/up.lublin.pl\/srodowiskowa\/wp-content\/uploads\/sites\/5\/2022\/02\/BK_ang2_S1.-skrocony.pdf\">J\u0119zyk obcy 2 \u2013 angielski<\/a><br \/><a href=\"https:\/\/up.lublin.pl\/srodowiskowa\/wp-content\/uploads\/sites\/5\/2022\/02\/BK_fran2_S1.skrocony.pdf\">J\u0119zyk obcy 2 \u2013 francuski<\/a><br \/><a href=\"https:\/\/up.lublin.pl\/srodowiskowa\/wp-content\/uploads\/sites\/5\/2022\/02\/BK_niem2_S1.skrocony.pdf\">J\u0119zyk obcy 2 \u2013 niemiecki<\/a><br \/><a href=\"https:\/\/up.lublin.pl\/srodowiskowa\/wp-content\/uploads\/sites\/5\/2022\/02\/BK_ros2_S1.skrocony.pdf\">J\u0119zyk obcy 2 \u2013 rosyjski<\/a><br \/><a href=\"https:\/\/up.lublin.pl\/srodowiskowa\/wp-content\/uploads\/sites\/5\/2022\/02\/BK_Wf2_pl_2018-19.pdf\">Wychowanie fizyczne 2 \u2013 p\u0142ywalnia<\/a><br \/><a href=\"https:\/\/up.lublin.pl\/srodowiskowa\/wp-content\/uploads\/sites\/5\/2022\/02\/Immunologia-skr.pdf\">Immunologia z\u00a0elementami alergologii<\/a><br \/><a href=\"https:\/\/up.lublin.pl\/srodowiskowa\/wp-content\/uploads\/sites\/5\/2022\/02\/Dermatologia-pielegnac.-skr.pdf\">Dermatologia piel\u0119gnacyjna<\/a><br \/><a href=\"https:\/\/up.lublin.pl\/srodowiskowa\/wp-content\/uploads\/sites\/5\/2022\/02\/Produkcja-i-technologia-kosmetykow-skr.pdf\">Produkcja i\u00a0technologia kosmetyk\u00f3w<\/a><br \/><a href=\"https:\/\/up.lublin.pl\/srodowiskowa\/wp-content\/uploads\/sites\/5\/2022\/02\/podstawy-ziololecznictwa-skr.pdf\">Podstawy zio\u0142olecznictwa<\/a><br \/><a href=\"https:\/\/up.lublin.pl\/srodowiskowa\/wp-content\/uploads\/sites\/5\/2022\/02\/Endokrynologia-skr.pdf\">Endokrynologia<\/a><br \/><a href=\"https:\/\/up.lublin.pl\/srodowiskowa\/wp-content\/uploads\/sites\/5\/2022\/02\/ten-ok-Ekologiczna-producja-surowow-zwierzecych-skr.-.pdf\">Ekologiczna produkcja surowc\u00f3w zwierz\u0119cych<\/a><br \/><a href=\"https:\/\/up.lublin.pl\/srodowiskowa\/wp-content\/uploads\/sites\/5\/2022\/02\/Ekologiczna-produkcja-surowcow-roslinnych-skr.pdf\">Ekologiczna produkcja surowc\u00f3w ro\u015blinnych<\/a><\/p>\n                                                <\/div>\n                                            <\/li>\n                                        <\/ul>\n\t\t\t\t\t\t                                                        <ul class=\"mn-accordion\">\n                                            <li>\n                                                <h4 class=\"mn-accordion-title\">Semestr IV<\/h4>\n                                                <div>\n\t\t\t\t\t\t\t\t\t                <p><a href=\"https:\/\/up.lublin.pl\/srodowiskowa\/wp-content\/uploads\/sites\/5\/2022\/02\/BK_ang3_S1skrocony.pdf\">J\u0119zyk obcy 3 \u2013 angielski<\/a><br \/><a href=\"https:\/\/up.lublin.pl\/srodowiskowa\/wp-content\/uploads\/sites\/5\/2022\/02\/BK_fran3_S1skrocony.pdf\">J\u0119zyk obcy 3 \u2013 francuski<\/a><br \/><a href=\"https:\/\/up.lublin.pl\/srodowiskowa\/wp-content\/uploads\/sites\/5\/2022\/02\/BK_niem3_S1.skrocony.pdf\">J\u0119zyk obcy 3 \u2013 niemiecki<\/a><br \/><a href=\"https:\/\/up.lublin.pl\/srodowiskowa\/wp-content\/uploads\/sites\/5\/2022\/02\/BK_ros3_S1.skrocony.pdf\">J\u0119zyk obcy 3 \u2013 rosyjski<\/a><br \/><a href=\"https:\/\/up.lublin.pl\/srodowiskowa\/wp-content\/uploads\/sites\/5\/2022\/02\/Obrot-surowcow-i-kosmetykow-S-2018.pdf\">Obr\u00f3t surowc\u00f3w i\u00a0kosmetyk\u00f3w<\/a><br \/><a href=\"https:\/\/up.lublin.pl\/srodowiskowa\/wp-content\/uploads\/sites\/5\/2022\/02\/Toksykologia-Tutaj.pdf\">Toksykologia<\/a><br \/><a href=\"https:\/\/up.lublin.pl\/srodowiskowa\/wp-content\/uploads\/sites\/5\/2022\/02\/Metody-badan-Domaradzki.pdf\">Metody bada\u0144 w\u00a0kosmetologii<\/a><br \/><a href=\"https:\/\/up.lublin.pl\/srodowiskowa\/wp-content\/uploads\/sites\/5\/2022\/02\/SKR.-Niekonwencjonalne-metody-w-kosmetologii-S1.II_.IV_...pdf\">Niekonwencjonalne metody w\u00a0kosmetologii<\/a><br \/><a href=\"https:\/\/up.lublin.pl\/srodowiskowa\/wp-content\/uploads\/sites\/5\/2022\/02\/skr.-Higiena-i-epidemiologia-S1.II_.IV_..pdf\">Higiena i\u00a0epidemiologia<\/a><br \/><a href=\"https:\/\/up.lublin.pl\/srodowiskowa\/wp-content\/uploads\/sites\/5\/2022\/02\/Farmakologia-Zalewska.pdf\">Farmakologia<\/a><br \/><a href=\"https:\/\/up.lublin.pl\/srodowiskowa\/wp-content\/uploads\/sites\/5\/2022\/02\/BK_s_IV_Podstawy-statystyki_nabor-2018-2019_skr.pdf\">Podstawy statystyki<\/a><br \/><a href=\"https:\/\/up.lublin.pl\/srodowiskowa\/wp-content\/uploads\/sites\/5\/2022\/02\/Kosmetyki-ochronne-skr.pdf\">Przedmiot do wyboru 1 \u2013 Kosmetyki ochronne<\/a><br \/><a href=\"https:\/\/up.lublin.pl\/srodowiskowa\/wp-content\/uploads\/sites\/5\/2022\/02\/BK_s_4_skr.-Biosubstancje-w-surowcach-roslinnych.pdf\">Przedmiot do wyboru 1 \u2013 Biosubstancje w\u00a0surowcach ro\u015blinnych<\/a><br \/><a href=\"https:\/\/up.lublin.pl\/srodowiskowa\/wp-content\/uploads\/sites\/5\/2022\/02\/BK_s_IV_Dorazna-pomoc-przedmedyczna-dla-naboru-2018-2019-skrocony.pdf\">Przedmiot do wyboru 2 \u2013 Dora\u017ana pomoc przedmedyczna<\/a><br \/><a href=\"https:\/\/up.lublin.pl\/srodowiskowa\/wp-content\/uploads\/sites\/5\/2022\/02\/BK_s_IV_Kwalifikowana-pierwsza-pomoc-dla-naboru-2018-2019-skrocony.pdf\">Przedmiot do wyboru 2 \u2013 Kwalifikowana pierwsza pomoc<\/a><\/p>\n                                                <\/div>\n                                            <\/li>\n                                        <\/ul>\n\t\t\t\t\t\t                                                        <ul class=\"mn-accordion\">\n                                            <li>\n                                                <h4 class=\"mn-accordion-title\">Semestr V<\/h4>\n                                                <div>\n\t\t\t\t\t\t\t\t\t                <p><a href=\"https:\/\/up.lublin.pl\/srodowiskowa\/wp-content\/uploads\/sites\/5\/2022\/02\/Normalizacja-i-standaryzacja-surowcow-i-produktow-kosmetycznych-skr.pdf\">Normalizacja i\u00a0standaryzacja surowc\u00f3w i\u00a0produkt\u00f3w kosmetycznych<\/a><br \/><a href=\"https:\/\/up.lublin.pl\/srodowiskowa\/wp-content\/uploads\/sites\/5\/2022\/02\/Fizykochemia-Formy-Kosmetyku-skr.pdf\">Fizykochemia formy kosmetyku<\/a><br \/><a href=\"https:\/\/up.lublin.pl\/srodowiskowa\/wp-content\/uploads\/sites\/5\/2022\/02\/Aparatura-gabinetu-skr-Buczaj.pdf\">Aparatura gabinetu kosmetycznego<\/a><br \/><a href=\"https:\/\/up.lublin.pl\/srodowiskowa\/wp-content\/uploads\/sites\/5\/2022\/02\/BK_s_V_Techniki-fizjoterapeurtyczne-nabor-2018-19-skrocony.pdf\">Techniki fizjoterapeutyczne<\/a><br \/><a href=\"https:\/\/up.lublin.pl\/srodowiskowa\/wp-content\/uploads\/sites\/5\/2022\/02\/Systemy-zapewnienia..-skrocony.pdf\">Systemy zapewnienia bezpiecze\u0144stwa i\u00a0jako\u015bci produkt\u00f3w kosmetycznych<\/a><br \/><a href=\"https:\/\/up.lublin.pl\/srodowiskowa\/wp-content\/uploads\/sites\/5\/2022\/02\/Dietoterapie-w-kosmetologii-skr.pdf\">Przedmiot do wyboru 3 \u2013 Dietoterapie w\u00a0kosmetologii<\/a><br \/><a href=\"https:\/\/up.lublin.pl\/srodowiskowa\/wp-content\/uploads\/sites\/5\/2022\/02\/podstawy-dietetyk-iskr.pdf\">Przedmiot do wyboru 3 \u2013 Podstawy dietetyki<\/a><br \/><a href=\"https:\/\/up.lublin.pl\/srodowiskowa\/wp-content\/uploads\/sites\/5\/2022\/02\/Wykorzystanie-hydrobiontow-i-torfu-w-kosmetologii-skr.pdf\">Przedmiot do wyboru 4 \u2013 Wykorzystanie hydrobiont\u00f3w i\u00a0torfu w\u00a0kosmetologii<\/a><br \/><a href=\"https:\/\/up.lublin.pl\/srodowiskowa\/wp-content\/uploads\/sites\/5\/2022\/02\/Talasoterapia-skr.pdf\">Przedmiot do wyboru 4 \u2013 Talasoterapia<\/a><br \/><a href=\"https:\/\/up.lublin.pl\/srodowiskowa\/wp-content\/uploads\/sites\/5\/2022\/02\/Aromaterapia-skr.pdf\">Przedmiot do wyboru 5 \u2013 Aromaterapia i\u00a0\u015brodki zapachowe<\/a><br \/><a href=\"https:\/\/up.lublin.pl\/srodowiskowa\/wp-content\/uploads\/sites\/5\/2022\/02\/Produkty-zapachowe-skr.pdf\">Przedmiot do wyboru 5 \u2013 Produkty zapachowe i\u00a0podstawy perfumerii<\/a><br \/><a href=\"https:\/\/up.lublin.pl\/srodowiskowa\/wp-content\/uploads\/sites\/5\/2022\/02\/Praktyka-1-A-skr.pdf\">Praktyka 4 tyg. A<\/a><br \/><a href=\"https:\/\/up.lublin.pl\/srodowiskowa\/wp-content\/uploads\/sites\/5\/2022\/02\/Praktyka-1B.pdf\">Praktyka 4 tyg. B<\/a><br \/><a href=\"https:\/\/up.lublin.pl\/srodowiskowa\/wp-content\/uploads\/sites\/5\/2022\/02\/Praktyka-1C-skr.pdf\">Praktyka 4 tyg. C<\/a><\/p>\n                                                <\/div>\n                                            <\/li>\n                                        <\/ul>\n\t\t\t\t\t\t                                                        <ul class=\"mn-accordion\">\n                                            <li>\n                                                <h4 class=\"mn-accordion-title\">Semestr VI<\/h4>\n                                                <div>\n\t\t\t\t\t\t\t\t\t                <p><a href=\"https:\/\/up.lublin.pl\/srodowiskowa\/wp-content\/uploads\/sites\/5\/2022\/02\/Pakowanie-i-znakowanie-skr.pdf\">Pakowanie i\u00a0znakowanie kosmetyk\u00f3w<\/a><br \/><a href=\"https:\/\/up.lublin.pl\/srodowiskowa\/wp-content\/uploads\/sites\/5\/2022\/02\/BK_s_VI_-Kosmetologia-pielegnacyjna-i-upiekszajaca2018-19skrocony-.pdf\">Kosmetologia piel\u0119gnacyjna i\u00a0upi\u0119kszaj\u0105ca<\/a><br \/><a href=\"https:\/\/up.lublin.pl\/srodowiskowa\/wp-content\/uploads\/sites\/5\/2022\/02\/Innowacje-w-kosmet.-skr.pdf\">Przedmiot do wyboru 6 \u2013 Innowacje w\u00a0kosmetologii<\/a><br \/><a href=\"https:\/\/up.lublin.pl\/srodowiskowa\/wp-content\/uploads\/sites\/5\/2022\/02\/Specjalistyczna-aparatura-skr.pdf\">Przedmiot do wyboru 6 \u2013 Specjalistyczna aparatura w\u00a0kosmetologii<\/a><br \/><a href=\"https:\/\/up.lublin.pl\/srodowiskowa\/wp-content\/uploads\/sites\/5\/2022\/02\/Zarzadzanie-rynkiem-skr.pdf\">Przedmiot do wyboru 7 \u2013 Zarz\u0105dzanie rynkiem kosmetyk\u00f3w<\/a><br \/><a href=\"https:\/\/up.lublin.pl\/srodowiskowa\/wp-content\/uploads\/sites\/5\/2022\/02\/Rynek-i-marketing-skr.pdf\">Przedmiot do wyboru 7 \u2013 Rynek i\u00a0marketing kosmetyk\u00f3w<\/a><br \/><a href=\"https:\/\/up.lublin.pl\/srodowiskowa\/wp-content\/uploads\/sites\/5\/2022\/02\/Nutrikosmetologia-skr.pdf\">Przedmiot do wyboru 8 \u2013 Nutrikosmetologia<\/a><br \/><a href=\"https:\/\/up.lublin.pl\/srodowiskowa\/wp-content\/uploads\/sites\/5\/2022\/02\/Suplementy-diety-skr.pdf\">Przedmiot do wyboru 8 \u2013 Suplementy diety i\u00a0\u017cywno\u015b\u0107 prozdrowotna<\/a><br \/><a href=\"https:\/\/up.lublin.pl\/srodowiskowa\/wp-content\/uploads\/sites\/5\/2022\/02\/Apikosmetologia-skr.pdf\">Przedmiot do wyboru 9 \u2013 Apikosmetologia<\/a><br \/><a href=\"https:\/\/up.lublin.pl\/srodowiskowa\/wp-content\/uploads\/sites\/5\/2022\/02\/Produkty-pszczele-skr.pdf\">Przedmiot do wyboru 9 \u2013 Produkty pszczele w\u00a0kosmetykach<\/a><br \/><a href=\"https:\/\/up.lublin.pl\/srodowiskowa\/wp-content\/uploads\/sites\/5\/2022\/02\/Seminarium-1-A-skr.pdf\">Seminarium dyplomowe 1 A<\/a><br \/><a href=\"https:\/\/up.lublin.pl\/srodowiskowa\/wp-content\/uploads\/sites\/5\/2022\/02\/Seminarium-1-B-skr.pdf\">Seminarium dyplomowe 1 B<\/a><br \/><a href=\"https:\/\/up.lublin.pl\/srodowiskowa\/wp-content\/uploads\/sites\/5\/2022\/02\/Seminarium-1-C-skr.pdf\">Seminarium dyplomowe 1 C<\/a><br \/><a href=\"https:\/\/up.lublin.pl\/srodowiskowa\/wp-content\/uploads\/sites\/5\/2022\/02\/Praktyka-2A.pdf\">Praktyka 8 tyg. A<\/a><br \/><a href=\"https:\/\/up.lublin.pl\/srodowiskowa\/wp-content\/uploads\/sites\/5\/2022\/02\/Praktyka-2B-skr.pdf\">Praktyka 8 tyg. B<\/a><br \/><a href=\"https:\/\/up.lublin.pl\/srodowiskowa\/wp-content\/uploads\/sites\/5\/2022\/02\/Prasktyka-2-C-skr.pdf\">Praktyka 8 tyg. C<\/a><\/p>\n                                                <\/div>\n                                            <\/li>\n                                        <\/ul>\n\t\t\t\t\t\t                                                        <ul class=\"mn-accordion\">\n                                            <li>\n                                                <h4 class=\"mn-accordion-title\">Semestr VII<\/h4>\n                                                <div>\n\t\t\t\t\t\t\t\t\t                <p><a href=\"https:\/\/up.lublin.pl\/srodowiskowa\/wp-content\/uploads\/sites\/5\/2022\/02\/BK_s_VII_Techniki-wizazu2018-19.-skrocony.pdf\">Przedmiot do wyboru 10 \u2013 Techniki wiza\u017cu<\/a><br \/><a href=\"https:\/\/up.lublin.pl\/srodowiskowa\/wp-content\/uploads\/sites\/5\/2022\/02\/BK_s_VII_Efekty-specjalne-w-makijazu2018-19-skrocony.pdf\">Przedmiot do wyboru 10 \u2013 Efekty specjalne w\u00a0makija\u017cu<\/a><br \/><a href=\"https:\/\/up.lublin.pl\/srodowiskowa\/wp-content\/uploads\/sites\/5\/2022\/02\/Egzotyczne-surowce-skr.pdf\">Przedmiot do wyboru 11 \u2013 Egzotyczne surowce kosmetyczne<\/a><br \/><a href=\"https:\/\/up.lublin.pl\/srodowiskowa\/wp-content\/uploads\/sites\/5\/2022\/02\/Ekopreparaty-skr.pdf\">Przedmiot do wyboru 11 \u2013 Ekopreparaty kosmetyczne<\/a><br \/><a href=\"https:\/\/up.lublin.pl\/srodowiskowa\/wp-content\/uploads\/sites\/5\/2022\/02\/Organizacja-procesow-skr.pdf\">Przedmiot do wyboru 12 \u2013 Organizacja proces\u00f3w produkcyjnych<\/a><br \/><a href=\"https:\/\/up.lublin.pl\/srodowiskowa\/wp-content\/uploads\/sites\/5\/2022\/02\/Optymalizacja-skrocony.pdf\">Przedmiot do wyboru 12 \u2013 Optymalizacja proces\u00f3w produkcyjnych<\/a><br \/><a href=\"https:\/\/up.lublin.pl\/srodowiskowa\/wp-content\/uploads\/sites\/5\/2022\/02\/Zawodowy-wizerunek-skr.pdf\">Przedmiot do wyboru 13 \u2013 Zawodowy wizerunek producenta kosmetyk\u00f3w<\/a><br \/><a href=\"https:\/\/up.lublin.pl\/srodowiskowa\/wp-content\/uploads\/sites\/5\/2022\/02\/Komunikacja-interpersonalna-skr.pdf\">Przedmiot do wyboru 13 \u2013 Komunikacja interpersonalna<\/a><br \/><a href=\"https:\/\/up.lublin.pl\/srodowiskowa\/wp-content\/uploads\/sites\/5\/2022\/02\/Gospodarka-surowcami-odpadowymi.pdf\">Przedmiot do wyboru 14 \u2013 Gospodarka surowcami odpadowymi<\/a><br \/><a href=\"https:\/\/up.lublin.pl\/srodowiskowa\/wp-content\/uploads\/sites\/5\/2022\/02\/zagospodarowanie-odpadow.pdf\">Przedmiot do wyboru 14 \u2013 Zagospodarowanie odpad\u00f3w<\/a><br \/><a href=\"https:\/\/up.lublin.pl\/srodowiskowa\/wp-content\/uploads\/sites\/5\/2022\/02\/Genokkosmetyki-SKR..pdf\">Przedmiot do wyboru 15 \u2013 Genokosmetyki<\/a><br \/><a href=\"https:\/\/up.lublin.pl\/srodowiskowa\/wp-content\/uploads\/sites\/5\/2022\/02\/Genetyczne-podstawy-projekt.-kosm.-skr.pdf\">Przedmiot do wyboru 15 \u2013 Genetyczne podstawy projektowania kosmetyk\u00f3w<\/a><br \/><a href=\"https:\/\/up.lublin.pl\/srodowiskowa\/wp-content\/uploads\/sites\/5\/2022\/02\/Starzenie-sie-i-nowotwory-skr.pdf\">Przedmiot do wyboru 16 \u2013 Starzenie si\u0119 i\u00a0nowotwory sk\u00f3ry<\/a><br \/><a href=\"https:\/\/up.lublin.pl\/srodowiskowa\/wp-content\/uploads\/sites\/5\/2022\/02\/Biochemiczne-mechanizmy-starzenia-sie-skr.pdf\">Przedmiot do wyboru 16 \u2013 Biochemiczne mechanizmy starzenia<\/a><br \/><a href=\"https:\/\/up.lublin.pl\/srodowiskowa\/wp-content\/uploads\/sites\/5\/2022\/02\/Seminarium-2-A-skr.pdf\">Seminarium dyplomowe 2 A<\/a><br \/><a href=\"https:\/\/up.lublin.pl\/srodowiskowa\/wp-content\/uploads\/sites\/5\/2022\/02\/Seminarium-2-B-skr.pdf\">Seminarium dyplomowe 2 B<\/a><br \/><a href=\"https:\/\/up.lublin.pl\/srodowiskowa\/wp-content\/uploads\/sites\/5\/2022\/02\/Seminarium-2-C-skr.pdf\">Seminarium dyplomowe 2 C<\/a><br \/><a href=\"https:\/\/up.lublin.pl\/srodowiskowa\/wp-content\/uploads\/sites\/5\/2022\/02\/Praca-dyplomowa-i-egzamin-skr.pdf\">Praca dyplomowa i\u00a0egzamin dyplomowy<\/a><\/p>\n                                                <\/div>\n                                            <\/li>\n                                        <\/ul>\n\t\t\t\t\t\t                                <\/div>\n\t\t\t\t                <div class=\"mn-content-block\">\n\t                                <\/div>\n\t\t\t\t                <div class=\"mn-content-block\">\n\t                                <\/div>\n\t\t\t\t                <div class=\"mn-content-block\">\n\t                                <\/div>\n\t\t\t\t                <div class=\"mn-content-block\">\n\t                                <\/div>\n\t\t\t\t                <div class=\"mn-content-block\">\n\t                                <\/div>\n\t\t\t\t                <div class=\"mn-content-block\">\n\t                                <\/div>\n\t\t\t\t                <div class=\"mn-content-block\">\n\t                                <\/div>\n\t\t\t\t                <div class=\"mn-content-block\">\n\t                                <\/div>\n\t\t\t\t                <div class=\"mn-content-block\">\n\t                                <\/div>\n\t\t\t\t                <div class=\"mn-content-block\">\n\t                                <\/div>\n\t\t\t\t                <div class=\"mn-content-block\">\n\t                                <\/div>\n\t\t\t\t                <div class=\"mn-content-block\">\n\t                                <\/div>\n\t\t\t\t                <div class=\"mn-content-block\">\n\t                                <\/div>\n\t\t\t\t                <div class=\"mn-content-block\">\n\t                                <\/div>\n\t\t\t\t                <div class=\"mn-content-block\">\n\t                                <\/div>\n\t\t\t\t                <div class=\"mn-content-block\">\n\t                                <\/div>\n\t\t\t\t                <div class=\"mn-content-block\">\n\t                                <\/div>\n\t\t\t\t                <div class=\"mn-content-block\">\n\t                                <\/div>\n\t\t\t\t                <div class=\"mn-content-block\">\n\t                                <\/div>\n\t\t\t\t\t\t<\/div>\n\t<\/div>\n<\/section>\n\t\t<\/div>\n\t\t\t\t<\/div>\n\t\t\t\t\t\t<\/div>\n\t\t\t\t\t<\/div>\n\t\t<\/div>\n\t\t\t\t\t\t\t\t<\/div>\n\t\t\t\t\t<\/div>\n\t\t<\/section>\n\t\t\t\t\t\t<\/div>\n\t\t\t\t\t\t<\/div>\n\t\t\t\t\t<\/div>\n\t\t","protected":false},"excerpt":{"rendered":"<p>\u2190 powr\u00f3t BIOKOSMETOLOGIAstudia stacjonarne I&nbsp;stopnia, nab\u00f3r 2018\/2019 Semestr I Przedmiot humanistyczny 1 \u2013 Podstawy dzia\u0142alno\u015bci gospodarczejPrzedmiot humanistyczny 1 \u2013 Etyka w\u00a0biznesieChemia kosmetycznaPodstawy anatomii i\u00a0fizjologii cz\u0142owiekaHistologiaBotanikaAparatura procesowaBHP z\u00a0ergonomi\u0105Technologia informacyjnaPrawo kosmetyczne \u2013 przedmiot humanistyczny Semestr II J\u0119zyk obcy 1 \u2013 angielskiJ\u0119zyk obcy 1 \u2013 francuskiJ\u0119zyk obcy 1 \u2013 niemieckiJ\u0119zyk obcy 1 \u2013 rosyjskiWychowanie fizyczne 1 \u2013 salaWychowanie [&hellip;]<\/p>\n","protected":false},"author":202,"featured_media":0,"parent":178039,"menu_order":0,"comment_status":"closed","ping_status":"closed","template":"elementor_header_footer","meta":{"_monsterinsights_skip_tracking":false,"_monsterinsights_sitenote_active":false,"_monsterinsights_sitenote_note":"","_monsterinsights_sitenote_category":0},"_links":{"self":[{"href":"https:\/\/up.lublin.pl\/srodowiskowa\/wp-json\/wp\/v2\/pages\/168439"}],"collection":[{"href":"https:\/\/up.lublin.pl\/srodowiskowa\/wp-json\/wp\/v2\/pages"}],"about":[{"href":"https:\/\/up.lublin.pl\/srodowiskowa\/wp-json\/wp\/v2\/types\/page"}],"author":[{"embeddable":true,"href":"https:\/\/up.lublin.pl\/srodowiskowa\/wp-json\/wp\/v2\/users\/202"}],"replies":[{"embeddable":true,"href":"https:\/\/up.lublin.pl\/srodowiskowa\/wp-json\/wp\/v2\/comments?post=168439"}],"version-history":[{"count":25,"href":"https:\/\/up.lublin.pl\/srodowiskowa\/wp-json\/wp\/v2\/pages\/168439\/revisions"}],"predecessor-version":[{"id":168468,"href":"https:\/\/up.lublin.pl\/srodowiskowa\/wp-json\/wp\/v2\/pages\/168439\/revisions\/168468"}],"up":[{"embeddable":true,"href":"https:\/\/up.lublin.pl\/srodowiskowa\/wp-json\/wp\/v2\/pages\/178039"}],"wp:attachment":[{"href":"https:\/\/up.lublin.pl\/srodowiskowa\/wp-json\/wp\/v2\/media?parent=168439"}],"curies":[{"name":"wp","href":"https:\/\/api.w.org\/{rel}","templated":true}]}}