{"id":168,"date":"2020-11-26T11:36:10","date_gmt":"2020-11-26T10:36:10","guid":{"rendered":"http:\/\/nowastrona.up.lublin.pl\/srodowiskowa\/?page_id=168"},"modified":"2026-02-25T08:26:14","modified_gmt":"2026-02-25T07:26:14","slug":"dziekanat","status":"publish","type":"page","link":"https:\/\/up.lublin.pl\/srodowiskowa\/dziekanat\/","title":{"rendered":"Dziekanat Wydzia\u0142u Biologii \u015arodowiskowej"},"content":{"rendered":"\t\t<div data-elementor-type=\"wp-page\" data-elementor-id=\"168\" class=\"elementor elementor-168\" data-elementor-settings=\"[]\">\n\t\t\t\t\t\t<div class=\"elementor-inner\">\n\t\t\t\t\t\t\t<div class=\"elementor-section-wrap\">\n\t\t\t\t\t\t\t<section class=\"elementor-section elementor-top-section elementor-element elementor-element-b736d27 elementor-section-boxed elementor-section-height-default elementor-section-height-default\" data-id=\"b736d27\" data-element_type=\"section\">\n\t\t\t\t\t\t<div class=\"elementor-container elementor-column-gap-default\">\n\t\t\t\t\t\t\t<div class=\"elementor-row\">\n\t\t\t\t\t<div class=\"elementor-column elementor-col-100 elementor-top-column elementor-element elementor-element-439fe02\" data-id=\"439fe02\" data-element_type=\"column\">\n\t\t\t<div class=\"elementor-column-wrap elementor-element-populated\">\n\t\t\t\t\t\t\t<div class=\"elementor-widget-wrap\">\n\t\t\t\t\t\t<div class=\"elementor-element elementor-element-23831e7 elementor-widget elementor-widget-m2d\" data-id=\"23831e7\" data-element_type=\"widget\" data-widget_type=\"m2d.default\">\n\t\t\t\t<div class=\"elementor-widget-container\">\n\t\t\t<section class=\"mn-m2-d mn-bg-green\">\r\n\t<div class=\"mn-grid\">\r\n\t\t<div class=\"mn-grid-12 mn-introtext\">\r\n\t\t\t\t\t\t\t<h3>\r\n\t\t\t\t\tDziekanat Wydzia\u0142u Biologii \u015arodowiskowej\t\t\t\t<\/h3>\r\n\t\t\t\t\t\t<\/div>\r\n\t\t\t                            <div class=\"mn-grid-3 mn-m2d-baner-btn\">\r\n                        <a href=\"https:\/\/wd.up.lublin.pl\/\" class=\"mn-slider-btn\" style=\"margin-left: 5px;\">\r\n                            Wirtualny dziekanat                        <\/a>\r\n                    <\/div>\r\n                \r\n\r\n\t<\/div>\r\n\t<\/section>\r\n\t\t<\/div>\n\t\t\t\t<\/div>\n\t\t\t\t\t\t<\/div>\n\t\t\t\t\t<\/div>\n\t\t<\/div>\n\t\t\t\t\t\t\t\t<\/div>\n\t\t\t\t\t<\/div>\n\t\t<\/section>\n\t\t\t\t<section class=\"elementor-section elementor-top-section elementor-element elementor-element-003afc1 elementor-section-boxed elementor-section-height-default elementor-section-height-default\" data-id=\"003afc1\" data-element_type=\"section\">\n\t\t\t\t\t\t<div class=\"elementor-container elementor-column-gap-default\">\n\t\t\t\t\t\t\t<div class=\"elementor-row\">\n\t\t\t\t\t<div class=\"elementor-column elementor-col-100 elementor-top-column elementor-element elementor-element-ffdb930\" data-id=\"ffdb930\" data-element_type=\"column\">\n\t\t\t<div class=\"elementor-column-wrap elementor-element-populated\">\n\t\t\t\t\t\t\t<div class=\"elementor-widget-wrap\">\n\t\t\t\t\t\t<div class=\"elementor-element elementor-element-f281c8c elementor-widget elementor-widget-m5c\" data-id=\"f281c8c\" data-element_type=\"widget\" data-widget_type=\"m5c.default\">\n\t\t\t\t<div class=\"elementor-widget-container\">\n\t\t\t<section class=\"mn-m5-c mn-m5-d2 mn-bg-white\">\n\t<div class=\"mn-grid\">\n\t\t\t\t<div class=\"mn-content mn-grid-9\">\n\t\t\t                <div class=\"mn-content-block active\">\n\t                                                        <div class=\"block-text\">\n\t                                        <p>REKTORAT, ul. Akademicka 13, Lublin, pi\u0119tro II\u00a0<br \/><a href=\"https:\/\/www.google.com\/maps\/place\/Uniwersytet+Przyrodniczy+w+Lublinie\/@51.2437247,22.5375294,569m\/data=!3m3!1e3!4b1!5s0x472250ada8550715:0x651f8638aad0c300!4m6!3m5!1s0x472257987268962b:0x9fd2b99383d432c4!8m2!3d51.2437247!4d22.5401097!16s%2Fm%2F0dlm_lf?entry=ttu&amp;g_ep=EgoyMDI0MTExOS4yIKXMDSoASAFQAw%3D%3D\">[LOKALIZACJA]<\/a><\/p>\n<p><strong>mgr Kazimiera Blaim, starszy specjalista<br \/><\/strong>Tel. 81 445 &#8211; 66 &#8211; 85, pok.366<br \/>e-mail:\u00a0<a href=\"mailto:kazimiera.blaim@up.edu.pl\">kazimiera.blaim@up.edu.pl<\/a> ; email: <u>dziekanat.biologii@up.edu.pl<\/u><\/p>\n<p><strong>mgr in\u017c. Monika Baltyn, starszy specjalista<br \/><\/strong>Tel. 81 445 &#8211; 62 &#8211; 60, pok.366<br \/>e-mail: <a href=\"mailto:kazimiera.blaim@up.edu.pl\">monika.baltyn@up.edu.pl<\/a><\/p>\n<h3 style=\"text-align: center\"><strong>DNI I&nbsp;GODZINY PRACY DZIEKANATU DLA STUDENT\u00d3W<\/strong><\/h3>\n<table style=\"border-collapse: collapse;width: 100%;height: 160px\">\n<tbody>\n<tr style=\"height: 53px\">\n<td style=\"width: 47.4951%;text-align: center;height: 53px\">\n<h4><strong>DZIE\u0143 TYGODNIA<\/strong><\/h4>\n<\/td>\n<td style=\"width: 52.2492%;text-align: center;height: 53px\">\n<h4><strong>GODZINY<\/strong><\/h4>\n<\/td>\n<\/tr>\n<tr style=\"height: 53px\">\n<td style=\"width: 47.4951%;text-align: center;height: 42px\">\n<h5>Poniedzia\u0142ek &#8211; Wtorek<\/h5>\n<h5>Czwartek &#8211; Pi\u0105tek<\/h5>\n<\/td>\n<td style=\"width: 52.2492%;text-align: center;height: 42px\">\n<h5>11:00-14:00<\/h5>\n<\/td>\n<\/tr>\n<tr style=\"height: 53px\">\n<td style=\"width: 47.4951%;text-align: center;height: 10px\">\n<h5 style=\"text-align: right\"><span style=\"color: #000000\"><strong>\u015aRODA\u00a0<\/strong><\/span><\/h5>\n<\/td>\n<td style=\"width: 52.2492%;text-align: center;height: 10px\">\n<h5 style=\"text-align: left\"><span style=\"color: #000000\"><strong>\u00a0 \u00a0NIECZYNNE<\/strong><\/span><\/h5>\n<\/td>\n<\/tr>\n<tr style=\"height: 76px\">\n<td style=\"width: 47.4951%;text-align: center;height: 55px\">\n<h5>\u00a0<\/h5>\n<h5><strong>SOBOTA<br \/>(dla student\u00f3w studi\u00f3w niestacjonarnych)\u00a0<\/strong><\/h5>\n<\/td>\n<td style=\"width: 52.2492%;text-align: center;height: 55px\">\n<h5>\u00a0<\/h5>\n<h5><strong>9:00-13:00<\/strong><\/h5>\n<\/td>\n<\/tr>\n<\/tbody>\n<\/table>\n<h2>\u00a0<\/h2>\n<table style=\"border-collapse: collapse;width: 101.21%;height: 249px\">\n<tbody>\n<tr style=\"height: 71px\">\n<td style=\"height: 41px;width: 32.6934%\">\u00a0<\/td>\n<td style=\"width: 25.1826%;height: 41px\" colspan=\"2\">\n<h3 style=\"text-align: center\"><strong>OBS\u0141UGA KIERUNK\u00d3W:<\/strong><\/h3>\n<\/td>\n<\/tr>\n<tr style=\"height: 71px\">\n<td style=\"height: 63px;width: 32.6934%\">\n<h4>BIOKOSMETOLOGIA<\/h4>\n<\/td>\n<td style=\"width: 18.7268%;height: 63px\">\n<h4 style=\"text-align: center\">mgr in\u017c. Monika Baltyn<\/h4>\n<\/td>\n<td style=\"width: 6.45581%;height: 63px\">\n<h4 style=\"text-align: left\">tel. 814456260<\/h4>\n<\/td>\n<\/tr>\n<tr style=\"height: 59px\">\n<td style=\"height: 59px;width: 32.6934%\">\n<h4>BIOLOGIA<br \/>spec. Biologia stosowana\u00a0<\/h4>\n<h4>spec. Biologia s\u0105dowa\u00a0<\/h4>\n<\/td>\n<td style=\"width: 18.7268%;height: 145px;text-align: center\" rowspan=\"2\">\n<h4>mgr Kazimiera Blaim<\/h4>\n<h4>\u00a0<\/h4>\n<h4>\u00a0<\/h4>\n<h4>\u00a0<\/h4>\n<\/td>\n<td style=\"width: 6.45581%;height: 145px;text-align: center\" rowspan=\"2\">\n<h4 style=\"text-align: left\">tel. 814456685<\/h4>\n<h4>\u00a0<\/h4>\n<h4>\u00a0<\/h4>\n<h4>\u00a0<\/h4>\n<\/td>\n<\/tr>\n<tr style=\"height: 71px\">\n<td style=\"height: 39px;width: 32.6934%\">\n<h4>OCHRONA \u015aRODOWISKA<\/h4>\n<\/td>\n<\/tr>\n<\/tbody>\n<\/table>\n<h4>\u00a0<\/h4>\n<h4>W sprawach studenckich nale\u017cy kontaktowa\u0107 si\u0119 z&nbsp;pracownikami odpowiedzialnymi za obs\u0142ug\u0119 poszczeg\u00f3lnych kierunk\u00f3w studi\u00f3w.<\/h4>\n                                        <\/div>\n\t\t\t\t\t\t                                <\/div>\n\t\t\t\t                <div class=\"mn-content-block\">\n\t                                <\/div>\n\t\t\t\t                <div class=\"mn-content-block\">\n\t                                <\/div>\n\t\t\t\t                <div class=\"mn-content-block\">\n\t                                <\/div>\n\t\t\t\t                <div class=\"mn-content-block\">\n\t                                <\/div>\n\t\t\t\t                <div class=\"mn-content-block\">\n\t                                <\/div>\n\t\t\t\t                <div class=\"mn-content-block\">\n\t                                <\/div>\n\t\t\t\t                <div class=\"mn-content-block\">\n\t                                <\/div>\n\t\t\t\t                <div class=\"mn-content-block\">\n\t                                <\/div>\n\t\t\t\t                <div class=\"mn-content-block\">\n\t                                <\/div>\n\t\t\t\t                <div class=\"mn-content-block\">\n\t                                <\/div>\n\t\t\t\t                <div class=\"mn-content-block\">\n\t                                <\/div>\n\t\t\t\t                <div class=\"mn-content-block\">\n\t                                <\/div>\n\t\t\t\t                <div class=\"mn-content-block\">\n\t                                <\/div>\n\t\t\t\t                <div class=\"mn-content-block\">\n\t                                <\/div>\n\t\t\t\t                <div class=\"mn-content-block\">\n\t                                <\/div>\n\t\t\t\t                <div class=\"mn-content-block\">\n\t                                <\/div>\n\t\t\t\t                <div class=\"mn-content-block\">\n\t                                <\/div>\n\t\t\t\t                <div class=\"mn-content-block\">\n\t                                <\/div>\n\t\t\t\t                <div class=\"mn-content-block\">\n\t                                <\/div>\n\t\t\t\t\t\t<\/div>\n\t<\/div>\n<\/section>\n\t\t<\/div>\n\t\t\t\t<\/div>\n\t\t\t\t\t\t<\/div>\n\t\t\t\t\t<\/div>\n\t\t<\/div>\n\t\t\t\t\t\t\t\t<\/div>\n\t\t\t\t\t<\/div>\n\t\t<\/section>\n\t\t\t\t\t\t<\/div>\n\t\t\t\t\t\t<\/div>\n\t\t\t\t\t<\/div>\n\t\t","protected":false},"excerpt":{"rendered":"<p>Dziekanat Wydzia\u0142u Biologii \u015arodowiskowej Wirtualny dziekanat UP Wydzia\u0142 Biologii \u015arodowiskowej REKTORAT, ul. Akademicka 13, Lublin, pi\u0119tro II\u00a0[LOKALIZACJA] mgr Kazimiera Blaim, starszy specjalistaTel. 81 445 &#8211; 66 &#8211; 85, pok.366e-mail:\u00a0kazimiera.blaim@up.edu.pl ; email: dziekanat.biologii@up.edu.pl mgr in\u017c. Monika Baltyn, starszy specjalistaTel. 81 445 &#8211; 62 &#8211; 60, pok.366e-mail: monika.baltyn@up.edu.pl DNI I&nbsp;GODZINY PRACY DZIEKANATU DLA STUDENT\u00d3W DZIE\u0143 TYGODNIA GODZINY [&hellip;]<\/p>\n","protected":false},"author":2,"featured_media":0,"parent":0,"menu_order":0,"comment_status":"closed","ping_status":"closed","template":"elementor_header_footer","meta":{"_monsterinsights_skip_tracking":false,"_monsterinsights_sitenote_active":false,"_monsterinsights_sitenote_note":"","_monsterinsights_sitenote_category":0},"_links":{"self":[{"href":"https:\/\/up.lublin.pl\/srodowiskowa\/wp-json\/wp\/v2\/pages\/168"}],"collection":[{"href":"https:\/\/up.lublin.pl\/srodowiskowa\/wp-json\/wp\/v2\/pages"}],"about":[{"href":"https:\/\/up.lublin.pl\/srodowiskowa\/wp-json\/wp\/v2\/types\/page"}],"author":[{"embeddable":true,"href":"https:\/\/up.lublin.pl\/srodowiskowa\/wp-json\/wp\/v2\/users\/2"}],"replies":[{"embeddable":true,"href":"https:\/\/up.lublin.pl\/srodowiskowa\/wp-json\/wp\/v2\/comments?post=168"}],"version-history":[{"count":140,"href":"https:\/\/up.lublin.pl\/srodowiskowa\/wp-json\/wp\/v2\/pages\/168\/revisions"}],"predecessor-version":[{"id":178173,"href":"https:\/\/up.lublin.pl\/srodowiskowa\/wp-json\/wp\/v2\/pages\/168\/revisions\/178173"}],"wp:attachment":[{"href":"https:\/\/up.lublin.pl\/srodowiskowa\/wp-json\/wp\/v2\/media?parent=168"}],"curies":[{"name":"wp","href":"https:\/\/api.w.org\/{rel}","templated":true}]}}