{"id":161434,"date":"2024-02-09T10:47:23","date_gmt":"2024-02-09T09:47:23","guid":{"rendered":"https:\/\/up.lublin.pl\/srodowiskowa\/?page_id=161434"},"modified":"2026-02-18T13:51:19","modified_gmt":"2026-02-18T12:51:19","slug":"2s-biologia-sadowa-2021-2022","status":"publish","type":"page","link":"https:\/\/up.lublin.pl\/srodowiskowa\/ksztalcenie\/2s-biologia-sadowa-2021-2022\/","title":{"rendered":"Biologia, specjalno\u015b\u0107 biologia s\u0105dowa, studia stacjonarne II stopnia, nab\u00f3r 2021\/2022"},"content":{"rendered":"\t\t<div data-elementor-type=\"wp-page\" data-elementor-id=\"161434\" class=\"elementor elementor-161434\" data-elementor-settings=\"[]\">\n\t\t\t\t\t\t<div class=\"elementor-inner\">\n\t\t\t\t\t\t\t<div class=\"elementor-section-wrap\">\n\t\t\t\t\t\t\t<section class=\"elementor-section elementor-top-section elementor-element elementor-element-5ba75392 elementor-section-boxed elementor-section-height-default elementor-section-height-default\" data-id=\"5ba75392\" data-element_type=\"section\">\n\t\t\t\t\t\t<div class=\"elementor-container elementor-column-gap-default\">\n\t\t\t\t\t\t\t<div class=\"elementor-row\">\n\t\t\t\t\t<div class=\"elementor-column elementor-col-100 elementor-top-column elementor-element elementor-element-75aea06b\" data-id=\"75aea06b\" data-element_type=\"column\">\n\t\t\t<div class=\"elementor-column-wrap elementor-element-populated\">\n\t\t\t\t\t\t\t<div class=\"elementor-widget-wrap\">\n\t\t\t\t\t\t<div class=\"elementor-element elementor-element-34392fa8 elementor-widget elementor-widget-m5c\" data-id=\"34392fa8\" data-element_type=\"widget\" data-widget_type=\"m5c.default\">\n\t\t\t\t<div class=\"elementor-widget-container\">\n\t\t\t<section class=\"mn-m5-c mn-m5-d2 mn-bg-white\">\n\t<div class=\"mn-grid\">\n\t\t\t\t<div class=\"mn-content mn-grid-9\">\n\t\t\t                <div class=\"mn-content-block active\">\n\t                                                        <div class=\"block-text\">\n\t                                        <h5 style=\"margin-bottom: 20px\"><a href=\"https:\/\/up.lublin.pl\/srodowiskowa\/ksztalcenie\/\">\u2190 powr\u00f3t<\/a><\/h5>\n<h1 style=\"text-align: center\"><strong>BIOLOGIA, <em>specjalno\u015b\u0107<\/em> BIOLOGIA S\u0104DOWA<\/strong><\/h1>\n<h1 style=\"text-align: center\"><strong> studia stacjonarne II stopnia, nab\u00f3r 2021\/2022<\/strong><\/h1>\n<p>\u00a0<\/p>\n                                        <\/div>\n\t\t\t\t\t\t                                                        <ul class=\"mn-accordion\">\n                                            <li>\n                                                <h4 class=\"mn-accordion-title\">Semestr I<\/h4>\n                                                <div>\n\t\t\t\t\t\t\t\t\t                <p><a href=\"https:\/\/up.lublin.pl\/srodowiskowa\/wp-content\/uploads\/sites\/5\/2024\/02\/Metodologia-nauk-przyrodniczych-s-2021-2022.pdf\">Metodologia nauk spo\u0142ecznych i&nbsp;przyrodniczych<\/a> \/ <a href=\"https:\/\/up.lublin.pl\/srodowiskowa\/wp-content\/uploads\/sites\/5\/2024\/02\/Metodology-of-the-natural-sciences-s-2021-2022.pdf\">Metodology of the social and life sciences<\/a><\/p>\n<p><a href=\"https:\/\/up.lublin.pl\/srodowiskowa\/wp-content\/uploads\/sites\/5\/2024\/02\/Bioetyka-biol-s-2021-2022.pdf\">Bioetyka<\/a><\/p>\n<p><a href=\"https:\/\/up.lublin.pl\/srodowiskowa\/wp-content\/uploads\/sites\/5\/2024\/02\/Ekologia-roslin-S-2021-2022.pdf\">Ekologia ro\u015blin<\/a><\/p>\n<p><a href=\"https:\/\/up.lublin.pl\/srodowiskowa\/wp-content\/uploads\/sites\/5\/2024\/02\/Genetyka-czlowieka-s-2021-2022.pdf\">Genetyka cz\u0142owieka<\/a><\/p>\n<p><a href=\"https:\/\/up.lublin.pl\/srodowiskowa\/wp-content\/uploads\/sites\/5\/2024\/02\/Kryminalistyczne-slady-biologiczne-s-2021-2022.pdf\">Kryminalistyczne \u015blady biologiczne<\/a><\/p>\n<p><a href=\"https:\/\/up.lublin.pl\/srodowiskowa\/wp-content\/uploads\/sites\/5\/2024\/02\/Roznorodnosc-i-ewolucja-roslin-s-2021-2022.pdf\">R\u00f3\u017cnorodno\u015b\u0107 i&nbsp;ewolucja ro\u015blin<\/a><\/p>\n<p><a href=\"https:\/\/up.lublin.pl\/srodowiskowa\/wp-content\/uploads\/sites\/5\/2024\/02\/Immunohematologia-s-2021-2022.pdf\">Immunohematologia<\/a><\/p>\n<p>J\u0119zyk obcy specjalistyczny _ <a href=\"https:\/\/up.lublin.pl\/srodowiskowa\/wp-content\/uploads\/sites\/5\/2024\/02\/Jezyk-angielski-specjalistyczny-s2-2021-2022-1.pdf\">Angielski<\/a><\/p>\n<p>J\u0119zyk obcy specjalistyczny _ <a href=\"https:\/\/up.lublin.pl\/srodowiskowa\/wp-content\/uploads\/sites\/5\/2024\/02\/Jezyk-francuski-specjalistyczny-s2-2021-2022-1.pdf\">Francuski<\/a><\/p>\n<p>J\u0119zyk obcy specjalistyczny _ <a href=\"https:\/\/up.lublin.pl\/srodowiskowa\/wp-content\/uploads\/sites\/5\/2024\/02\/Jezyk-niemiecki-specjalistyczny-s2-2021-2022-1.pdf\">Niemiecki<\/a><\/p>\n<p>J\u0119zyk obcy specjalistyczny _ <a href=\"https:\/\/up.lublin.pl\/srodowiskowa\/wp-content\/uploads\/sites\/5\/2024\/02\/Jezyk-rosyjski-specjalistyczny-s2-2021-2022-1.pdf\">Rosyjski<\/a><\/p>\n<p>Przedmiot do wyboru blok A&nbsp;\u2013 <a href=\"https:\/\/up.lublin.pl\/srodowiskowa\/wp-content\/uploads\/sites\/5\/2024\/02\/Archeozoologia-2021-2022.pdf\">Archeozoologia<\/a><\/p>\n<p>Przedmiot do wyboru blok A&nbsp;\u2013 <a href=\"https:\/\/up.lublin.pl\/srodowiskowa\/wp-content\/uploads\/sites\/5\/2024\/02\/Ochrona-prawna-roslin-i-zwierzat-S-2021-2022.pdf\">Ochrona prawna ro\u015blin i&nbsp;zwierz\u0105t<\/a><\/p>\n<p>Przedmiot do wyboru blok A&nbsp;\u2013 <a href=\"https:\/\/up.lublin.pl\/srodowiskowa\/wp-content\/uploads\/sites\/5\/2024\/02\/Organizmy-wod-w-diagn-sadowej-s-2022-2023-1.pdf\">Organizmy wodne w&nbsp;diagnostyce s\u0105dowej<\/a><\/p>\n<p>Przedmiot do wyboru blok A&nbsp;\u2013 <a href=\"https:\/\/up.lublin.pl\/srodowiskowa\/wp-content\/uploads\/sites\/5\/2024\/02\/Analizy_biometryczne-s-2021-2022.pdf\">Analizy biometryczne<\/a><\/p>\n                                                <\/div>\n                                            <\/li>\n                                        <\/ul>\n\t\t\t\t\t\t                                                        <ul class=\"mn-accordion\">\n                                            <li>\n                                                <h4 class=\"mn-accordion-title\">Semestr II<\/h4>\n                                                <div>\n\t\t\t\t\t\t\t\t\t                <p><a href=\"https:\/\/up.lublin.pl\/srodowiskowa\/wp-content\/uploads\/sites\/5\/2024\/02\/Bezkregowce-w-diagnostyce-sadowej-S-2021-2022.pdf\">Bezkr\u0119gowce w&nbsp;diagnostyce s\u0105dowej<\/a><\/p>\n<p><a href=\"https:\/\/up.lublin.pl\/srodowiskowa\/wp-content\/uploads\/sites\/5\/2024\/02\/Mikrobiologia-stosowana-s-2021-2022.pdf\">Mikrobiologia stosowana<\/a><\/p>\n<p><a href=\"https:\/\/up.lublin.pl\/srodowiskowa\/wp-content\/uploads\/sites\/5\/2024\/02\/Toksykologia-sadowa-S-2021-2022.pdf\">Toksykologia s\u0105dowa<\/a><\/p>\n<p><a href=\"https:\/\/up.lublin.pl\/srodowiskowa\/wp-content\/uploads\/sites\/5\/2024\/02\/technika-kryminalistyczna-S-2021-2022.pdf\">Technika kryminalistyczna<\/a><\/p>\n<p><a href=\"https:\/\/up.lublin.pl\/srodowiskowa\/wp-content\/uploads\/sites\/5\/2024\/02\/Techniki-badawcze-w-genetyce-sadowej-s-2021-2022.pdf\">Techniki badawcze w&nbsp;genetyce s\u0105dowej<\/a><\/p>\n<p><a href=\"https:\/\/up.lublin.pl\/srodowiskowa\/wp-content\/uploads\/sites\/5\/2024\/02\/Grzyby-i-rosliny-trujace-s-2021-2022.pdf\">Grzyby i&nbsp;ro\u015bliny truj\u0105ce<\/a><\/p>\n<p><a href=\"https:\/\/up.lublin.pl\/srodowiskowa\/wp-content\/uploads\/sites\/5\/2024\/02\/Analiza-plynow-ustrojowych-s-2021-2022.pdf\">Analiza p\u0142yn\u00f3w ustrojowych<\/a><\/p>\n<p>Przedmiot do wyboru blok B&nbsp;\u2013 <a href=\"https:\/\/up.lublin.pl\/srodowiskowa\/wp-content\/uploads\/sites\/5\/2024\/03\/Palinologia-w-kryminalistyce-S-2021-2022.pdf\">Palinologia w&nbsp;kryminalistyce<\/a><\/p>\n<p>Przedmiot do wyboru blok B&nbsp;\u2013 <a href=\"https:\/\/up.lublin.pl\/srodowiskowa\/wp-content\/uploads\/sites\/5\/2024\/02\/Chemia-sadowa-s-2021-2022.pdf\">Chemia s\u0105dowa<\/a><\/p>\n<p>Przedmiot do wyboru blok B&nbsp;\u2013 <a href=\"https:\/\/up.lublin.pl\/srodowiskowa\/wp-content\/uploads\/sites\/5\/2024\/02\/Mikroorganizmy-w-diagnostyce-sadowej-s-2021-2022.pdf\">Mikroorganizmy w&nbsp;diagnostyce s\u0105dowej<\/a><\/p>\n<p>Przedmiot do wyboru blok B&nbsp;\u2013 <a href=\"https:\/\/up.lublin.pl\/srodowiskowa\/wp-content\/uploads\/sites\/5\/2024\/02\/Biodiversity-s2-2021-2022.pdf\">Biodiversity<\/a><\/p>\n<p>Przedmiot do wyboru blok B&nbsp;\u2013 <a href=\"https:\/\/up.lublin.pl\/srodowiskowa\/wp-content\/uploads\/sites\/5\/2024\/02\/Environmental-threats-s-2021-2022.pdf\">Environmental threats<\/a><\/p>\n<p><a href=\"https:\/\/up.lublin.pl\/srodowiskowa\/wp-content\/uploads\/sites\/5\/2024\/02\/Seminarium-dyplomowe-1-s-2021-2022.pdf\">Seminarium dyplomowe 1<\/a><\/p>\n                                                <\/div>\n                                            <\/li>\n                                        <\/ul>\n\t\t\t\t\t\t                                                        <ul class=\"mn-accordion\">\n                                            <li>\n                                                <h4 class=\"mn-accordion-title\">Semestr III<\/h4>\n                                                <div>\n\t\t\t\t\t\t\t\t\t                <p><a href=\"https:\/\/up.lublin.pl\/srodowiskowa\/wp-content\/uploads\/sites\/5\/2024\/02\/Biostatystyka-i-bioinformatyka-S-2021-2022.pdf\">Biostatystyka i&nbsp;bioinformatyka<\/a><\/p>\n<p><a href=\"https:\/\/up.lublin.pl\/srodowiskowa\/wp-content\/uploads\/sites\/5\/2024\/02\/Podstawy-nauk-medyczno-sadowych-S-2021-2022.pdf\">Podstawy nauk medyczno &#8211; s\u0105dowych<\/a><\/p>\n<p><a href=\"https:\/\/up.lublin.pl\/srodowiskowa\/wp-content\/uploads\/sites\/5\/2024\/02\/Ekologia-interakcji-miedzygatunkowych-s-2021-2022.pdf\">Ekologia interakcji mi\u0119dzygatunkowych<\/a><\/p>\n<p><a href=\"https:\/\/up.lublin.pl\/srodowiskowa\/wp-content\/uploads\/sites\/5\/2024\/02\/Epiegnetyka-s-2022-2023.pdf\">Epigenetyka<\/a><\/p>\n<p><a href=\"https:\/\/up.lublin.pl\/srodowiskowa\/wp-content\/uploads\/sites\/5\/2024\/02\/Genetyka-sadowa-s-2021-2022.pdf\">Genetyka s\u0105dowa<\/a><\/p>\n<p>Przedmiot do wyboru blok C&nbsp;\u2013 <a href=\"https:\/\/up.lublin.pl\/srodowiskowa\/wp-content\/uploads\/sites\/5\/2024\/02\/Bezpieczenstwo-zywnosci-s-2021-2022.pdf\">Bezpiecze\u0144stwo \u017cywno\u015bci<\/a><\/p>\n<p>Przedmiot do wyboru blok C&nbsp;\u2013 <a href=\"https:\/\/up.lublin.pl\/srodowiskowa\/wp-content\/uploads\/sites\/5\/2024\/03\/Genetyczne-podstawy-ludzkich-zachowan-s-2021-2022.pdf\">Genetyczne podstawy ludzkich zachowa\u0144<\/a><\/p>\n<p>Przedmiot do wyboru blok C&nbsp;\u2013 <a href=\"https:\/\/up.lublin.pl\/srodowiskowa\/wp-content\/uploads\/sites\/5\/2024\/03\/Podstawy-daktyloskopii-i-osmologii-s-2021-2022.pdf\">Podstawy daktyloskopii i&nbsp;osmologii<\/a><\/p>\n<p>Przedmiot do wyboru blok C&nbsp;\u2013 <a href=\"https:\/\/up.lublin.pl\/srodowiskowa\/wp-content\/uploads\/sites\/5\/2024\/02\/Oddzialywanie-substancji-bioaktywnych-na-organizm-S-2021-2022.pdf\">Oddzia\u0142ywanie substancji bioaktywnych na organizm<\/a><\/p>\n<p>Przedmiot do wyboru blok C&nbsp;\u2013 <a href=\"https:\/\/up.lublin.pl\/srodowiskowa\/wp-content\/uploads\/sites\/5\/2024\/02\/Systemy-kontroli-jakosci-s-2021-2022.pdf\">Systemy kontroli jako\u015bci<\/a><\/p>\n<p><a href=\"https:\/\/up.lublin.pl\/srodowiskowa\/wp-content\/uploads\/sites\/5\/2024\/02\/Seminarium-dyplomowe-1-s-2021-2022-1.pdf\">Seminarium dyplomowe 2<\/a><\/p>\n                                                <\/div>\n                                            <\/li>\n                                        <\/ul>\n\t\t\t\t\t\t                                                        <ul class=\"mn-accordion\">\n                                            <li>\n                                                <h4 class=\"mn-accordion-title\">Semestr IV<\/h4>\n                                                <div>\n\t\t\t\t\t\t\t\t\t                <p>Przedmiot do wyboru blok D&nbsp;\u2013 <a href=\"https:\/\/up.lublin.pl\/srodowiskowa\/wp-content\/uploads\/sites\/5\/2024\/03\/Genetyczne-podstawy-starzenia-s-2021-2022.pdf\">Genetyczne podstawy starzenia<\/a><\/p>\n<p>Przedmiot do wyboru blok D&nbsp;\u2013 <a href=\"https:\/\/up.lublin.pl\/srodowiskowa\/wp-content\/uploads\/sites\/5\/2024\/03\/Markery-molekularne-zwierzat-i-roslin-s-2021-2022.pdf\">Markery molekularne ro\u015blin i&nbsp;zwierz\u0105t<\/a><\/p>\n<p>Przedmiot do wyboru blok D&nbsp;\u2013 <a href=\"https:\/\/up.lublin.pl\/srodowiskowa\/wp-content\/uploads\/sites\/5\/2024\/02\/Bioterroryzm-i-biobezpieczenstwo-s-2021-22.pdf\">Bioterroryzm i&nbsp;biobezpiecze\u0144stwo<\/a><\/p>\n<p>Przedmiot do wyboru blok D&nbsp;\u2013 <a href=\"https:\/\/up.lublin.pl\/srodowiskowa\/wp-content\/uploads\/sites\/5\/2024\/03\/Prawne-aspekty-pracy-bieglego-sadowego-s-2021-2022.pdf\">Prawne aspekty pracy bieg\u0142ego s\u0105dowego<\/a><\/p>\n<p>Przedmiot do wyboru blok D&nbsp;\u2013 <a href=\"https:\/\/up.lublin.pl\/srodowiskowa\/wp-content\/uploads\/sites\/5\/2024\/02\/Przestepczosc-przeciwko-gatunkom-prawnie-chronionym-2021-2022.pdf\">Przest\u0119pczo\u015b\u0107 przeciwko gatunkom prawnie chronionym<\/a><\/p>\n<p><a href=\"https:\/\/up.lublin.pl\/srodowiskowa\/wp-content\/uploads\/sites\/5\/2024\/02\/Transfer-wiedzy-i-technologii-do-praktyki-s-2021-2022.pdf\">Transfer wiedzy i&nbsp;technologii do praktyki<\/a><\/p>\n<p><a href=\"https:\/\/up.lublin.pl\/srodowiskowa\/wp-content\/uploads\/sites\/5\/2024\/02\/Traseologia-zwierzat-s-2021-2022.pdf\">Traseologia zwierz\u0105t<\/a><\/p>\n<p><a href=\"https:\/\/up.lublin.pl\/srodowiskowa\/wp-content\/uploads\/sites\/5\/2024\/03\/Pracownia-specjalizacyjna_SII_sadowa.pdf\">Pracownia specjalizacyjna _ A<\/a><\/p>\n<p><a href=\"https:\/\/up.lublin.pl\/srodowiskowa\/wp-content\/uploads\/sites\/5\/2024\/03\/Pracownia-specjalizacyjnaHZB_SII_sadowa.pdf\">Pracownia specjalizacyjna _ B<\/a><\/p>\n<p><a href=\"https:\/\/up.lublin.pl\/srodowiskowa\/wp-content\/uploads\/sites\/5\/2024\/02\/Praca-magisterska-i-egzamin-dyplomowy-s-2021-2022.pdf\">Praca magisterska i&nbsp;egzamin dyplomowy<\/a><\/p>\n                                                <\/div>\n                                            <\/li>\n                                        <\/ul>\n\t\t\t\t\t\t                                <\/div>\n\t\t\t\t                <div class=\"mn-content-block\">\n\t                                <\/div>\n\t\t\t\t                <div class=\"mn-content-block\">\n\t                                <\/div>\n\t\t\t\t                <div class=\"mn-content-block\">\n\t                                <\/div>\n\t\t\t\t                <div class=\"mn-content-block\">\n\t                                <\/div>\n\t\t\t\t                <div class=\"mn-content-block\">\n\t                                <\/div>\n\t\t\t\t                <div class=\"mn-content-block\">\n\t                                <\/div>\n\t\t\t\t                <div class=\"mn-content-block\">\n\t                                <\/div>\n\t\t\t\t                <div class=\"mn-content-block\">\n\t                                <\/div>\n\t\t\t\t                <div class=\"mn-content-block\">\n\t                                <\/div>\n\t\t\t\t                <div class=\"mn-content-block\">\n\t                                <\/div>\n\t\t\t\t                <div class=\"mn-content-block\">\n\t                                <\/div>\n\t\t\t\t                <div class=\"mn-content-block\">\n\t                                <\/div>\n\t\t\t\t                <div class=\"mn-content-block\">\n\t                                <\/div>\n\t\t\t\t                <div class=\"mn-content-block\">\n\t                                <\/div>\n\t\t\t\t                <div class=\"mn-content-block\">\n\t                                <\/div>\n\t\t\t\t                <div class=\"mn-content-block\">\n\t                                <\/div>\n\t\t\t\t                <div class=\"mn-content-block\">\n\t                                <\/div>\n\t\t\t\t                <div class=\"mn-content-block\">\n\t                                <\/div>\n\t\t\t\t                <div class=\"mn-content-block\">\n\t                                <\/div>\n\t\t\t\t\t\t<\/div>\n\t<\/div>\n<\/section>\n\t\t<\/div>\n\t\t\t\t<\/div>\n\t\t\t\t\t\t<\/div>\n\t\t\t\t\t<\/div>\n\t\t<\/div>\n\t\t\t\t\t\t\t\t<\/div>\n\t\t\t\t\t<\/div>\n\t\t<\/section>\n\t\t\t\t\t\t<\/div>\n\t\t\t\t\t\t<\/div>\n\t\t\t\t\t<\/div>\n\t\t","protected":false},"excerpt":{"rendered":"<p>\u2190 powr\u00f3t BIOLOGIA, specjalno\u015b\u0107 BIOLOGIA S\u0104DOWA studia stacjonarne II stopnia, nab\u00f3r 2021\/2022 \u00a0 Semestr I Metodologia nauk spo\u0142ecznych i&nbsp;przyrodniczych \/ Metodology of the social and life sciences Bioetyka Ekologia ro\u015blin Genetyka cz\u0142owieka Kryminalistyczne \u015blady biologiczne R\u00f3\u017cnorodno\u015b\u0107 i&nbsp;ewolucja ro\u015blin Immunohematologia J\u0119zyk obcy specjalistyczny _ Angielski J\u0119zyk obcy specjalistyczny _ Francuski J\u0119zyk obcy specjalistyczny _ Niemiecki J\u0119zyk [&hellip;]<\/p>\n","protected":false},"author":2,"featured_media":0,"parent":178039,"menu_order":0,"comment_status":"closed","ping_status":"closed","template":"elementor_header_footer","meta":{"_monsterinsights_skip_tracking":false,"_monsterinsights_sitenote_active":false,"_monsterinsights_sitenote_note":"","_monsterinsights_sitenote_category":0},"_links":{"self":[{"href":"https:\/\/up.lublin.pl\/srodowiskowa\/wp-json\/wp\/v2\/pages\/161434"}],"collection":[{"href":"https:\/\/up.lublin.pl\/srodowiskowa\/wp-json\/wp\/v2\/pages"}],"about":[{"href":"https:\/\/up.lublin.pl\/srodowiskowa\/wp-json\/wp\/v2\/types\/page"}],"author":[{"embeddable":true,"href":"https:\/\/up.lublin.pl\/srodowiskowa\/wp-json\/wp\/v2\/users\/2"}],"replies":[{"embeddable":true,"href":"https:\/\/up.lublin.pl\/srodowiskowa\/wp-json\/wp\/v2\/comments?post=161434"}],"version-history":[{"count":34,"href":"https:\/\/up.lublin.pl\/srodowiskowa\/wp-json\/wp\/v2\/pages\/161434\/revisions"}],"predecessor-version":[{"id":167691,"href":"https:\/\/up.lublin.pl\/srodowiskowa\/wp-json\/wp\/v2\/pages\/161434\/revisions\/167691"}],"up":[{"embeddable":true,"href":"https:\/\/up.lublin.pl\/srodowiskowa\/wp-json\/wp\/v2\/pages\/178039"}],"wp:attachment":[{"href":"https:\/\/up.lublin.pl\/srodowiskowa\/wp-json\/wp\/v2\/media?parent=161434"}],"curies":[{"name":"wp","href":"https:\/\/api.w.org\/{rel}","templated":true}]}}