{"id":161343,"date":"2024-02-09T08:30:06","date_gmt":"2024-02-09T07:30:06","guid":{"rendered":"https:\/\/up.lublin.pl\/srodowiskowa\/?page_id=161343"},"modified":"2026-02-18T13:51:47","modified_gmt":"2026-02-18T12:51:47","slug":"2n-biologia-stosowana-2022-2023","status":"publish","type":"page","link":"https:\/\/up.lublin.pl\/srodowiskowa\/ksztalcenie\/2n-biologia-stosowana-2022-2023\/","title":{"rendered":"Biologia, specjalno\u015b\u0107 biologia stosowana studia niestacjonarne II stopnia nab\u00f3r 2022\/2023"},"content":{"rendered":"\t\t<div data-elementor-type=\"wp-page\" data-elementor-id=\"161343\" class=\"elementor elementor-161343\" data-elementor-settings=\"[]\">\n\t\t\t\t\t\t<div class=\"elementor-inner\">\n\t\t\t\t\t\t\t<div class=\"elementor-section-wrap\">\n\t\t\t\t\t\t\t<section class=\"elementor-section elementor-top-section elementor-element elementor-element-5cfc78fd elementor-section-boxed elementor-section-height-default elementor-section-height-default\" data-id=\"5cfc78fd\" data-element_type=\"section\">\n\t\t\t\t\t\t<div class=\"elementor-container elementor-column-gap-default\">\n\t\t\t\t\t\t\t<div class=\"elementor-row\">\n\t\t\t\t\t<div class=\"elementor-column elementor-col-100 elementor-top-column elementor-element elementor-element-51a1ab0b\" data-id=\"51a1ab0b\" data-element_type=\"column\">\n\t\t\t<div class=\"elementor-column-wrap elementor-element-populated\">\n\t\t\t\t\t\t\t<div class=\"elementor-widget-wrap\">\n\t\t\t\t\t\t<div class=\"elementor-element elementor-element-7d7689ab elementor-widget elementor-widget-m5c\" data-id=\"7d7689ab\" data-element_type=\"widget\" data-widget_type=\"m5c.default\">\n\t\t\t\t<div class=\"elementor-widget-container\">\n\t\t\t<section class=\"mn-m5-c mn-m5-d2 mn-bg-white\">\n\t<div class=\"mn-grid\">\n\t\t\t\t<div class=\"mn-content mn-grid-9\">\n\t\t\t                <div class=\"mn-content-block active\">\n\t                                                        <div class=\"block-text\">\n\t                                        <h5 style=\"margin-bottom: 20px\"><a href=\"https:\/\/up.lublin.pl\/srodowiskowa\/ksztalcenie\/\">\u2190 powr\u00f3t<\/a><\/h5>\n<h1 style=\"text-align: center\"><strong>BIOLOGIA, <em>specjalno\u015b\u0107<\/em> BIOLOGIA STOSOWANA<\/strong><\/h1>\n<h1 style=\"text-align: center\"><strong>studia niestacjonarne II stopnia, nab\u00f3r 2022\/2023<\/strong><\/h1>\n<p>\u00a0<\/p>\n                                        <\/div>\n\t\t\t\t\t\t                                                        <ul class=\"mn-accordion\">\n                                            <li>\n                                                <h4 class=\"mn-accordion-title\">Semestr I<\/h4>\n                                                <div>\n\t\t\t\t\t\t\t\t\t                <p><a href=\"https:\/\/up.lublin.pl\/srodowiskowa\/wp-content\/uploads\/sites\/5\/2024\/02\/Metodologia-nauk-przyrodniczych-N2-22-23.pdf\">Metodologia nauk przyrodniczych<\/a> \/ <a href=\"https:\/\/up.lublin.pl\/srodowiskowa\/wp-content\/uploads\/sites\/5\/2024\/02\/Metodology-of-the-natural-sciences-N2-22-23.pdf\">Metodology of the life sciences<\/a><\/p>\n<p><a href=\"https:\/\/up.lublin.pl\/srodowiskowa\/wp-content\/uploads\/sites\/5\/2024\/02\/Bioetyka-biol-N2-22-23.pdf\">Bioetyka<\/a><\/p>\n<p><a href=\"https:\/\/up.lublin.pl\/srodowiskowa\/wp-content\/uploads\/sites\/5\/2024\/02\/Ekologia-roslin-N2-22-23.pdf\">Ekologia ro\u015blin<\/a><\/p>\n<p><a href=\"https:\/\/up.lublin.pl\/srodowiskowa\/wp-content\/uploads\/sites\/5\/2024\/02\/Analiza-instrumentalna-N2-22-23.pdf\">Analiza instrumentalna<\/a><\/p>\n<p>Przedmiot do wyboru blok A&nbsp;&#8211; <a href=\"https:\/\/up.lublin.pl\/srodowiskowa\/wp-content\/uploads\/sites\/5\/2024\/02\/Monitoring-biologiczny-N2-22-23.pdf\">Monitoring biologiczny<\/a> \/ Biological monitoring<\/p>\n<p>Przedmiot do wyboru blok A&nbsp;&#8211; <a href=\"https:\/\/up.lublin.pl\/srodowiskowa\/wp-content\/uploads\/sites\/5\/2024\/02\/Inwazje-hydrobiontow-N2-22-23.pdf\">Inwazje hydrobiont\u00f3w<\/a> \/ Invasions of aquatic organ<\/p>\n<p>Przedmiot do wyboru blok A&nbsp;\u2013 <a href=\"https:\/\/up.lublin.pl\/srodowiskowa\/wp-content\/uploads\/sites\/5\/2024\/02\/Environmental-threats-N2-22-23.pdf\">Environmental threats<\/a><\/p>\n<p>Przedmiot do wyboru blok A&nbsp;&#8211; <a href=\"https:\/\/up.lublin.pl\/srodowiskowa\/wp-content\/uploads\/sites\/5\/2024\/02\/Biodiversity-N2-22-23.pdf\">Biodiversity<\/a><\/p>\n<p><a href=\"https:\/\/up.lublin.pl\/srodowiskowa\/wp-content\/uploads\/sites\/5\/2024\/02\/Biocenozy-techniczne-N2-22-23.pdf\">Biocenozy techniczne<\/a><\/p>\n<p><a href=\"https:\/\/up.lublin.pl\/srodowiskowa\/wp-content\/uploads\/sites\/5\/2024\/02\/Genetyka_czlowieka-N2-22-23.pdf\">Genetyka cz\u0142owieka<\/a><\/p>\n<p><a href=\"https:\/\/up.lublin.pl\/srodowiskowa\/wp-content\/uploads\/sites\/5\/2024\/02\/Roznorodnosc-i-ewolucja-roslin-N2-22-23.pdf\">R\u00f3\u017cnorodno\u015b\u0107 i&nbsp;ewolucja ro\u015blin<\/a><\/p>\n<p>J\u0119zyk obcy specjalistyczny 1 _ <a href=\"https:\/\/up.lublin.pl\/srodowiskowa\/wp-content\/uploads\/sites\/5\/2024\/02\/Jezyk-angielski-specjalistyczny-ns-2022-2023.pdf\">Angielski<\/a><\/p>\n<p>J\u0119zyk obcy specjalistyczny 1 _ <a href=\"https:\/\/up.lublin.pl\/srodowiskowa\/wp-content\/uploads\/sites\/5\/2024\/02\/Jezyk-francuski-specjalistyczny-ns-2022-2023.pdf\">Francuski<\/a><\/p>\n<p>J\u0119zyk obcy specjalistyczny 1 _ <a href=\"https:\/\/up.lublin.pl\/srodowiskowa\/wp-content\/uploads\/sites\/5\/2024\/02\/Jezyk-niemiecki-specjalistyczny-ns-2022-2023.pdf\">Niemiecki<\/a><\/p>\n<p>J\u0119zyk obcy specjalistyczny 1 _ <a href=\"https:\/\/up.lublin.pl\/srodowiskowa\/wp-content\/uploads\/sites\/5\/2024\/02\/Jezyk-rosyjski-specjalistyczny-ns-2022-2023.pdf\">Rosyjski<\/a><\/p>\n<p><a href=\"https:\/\/up.lublin.pl\/srodowiskowa\/wp-content\/uploads\/sites\/5\/2024\/02\/Enzymologia-N2-22-23.pdf\">Enzymologia<\/a><\/p>\n                                                <\/div>\n                                            <\/li>\n                                        <\/ul>\n\t\t\t\t\t\t                                                        <ul class=\"mn-accordion\">\n                                            <li>\n                                                <h4 class=\"mn-accordion-title\">Semestr II<\/h4>\n                                                <div>\n\t\t\t\t\t\t\t\t\t                <p><a href=\"https:\/\/up.lublin.pl\/srodowiskowa\/wp-content\/uploads\/sites\/5\/2024\/02\/Endokrynologia-N2-22-23.pdf\">Endokrynologia<\/a><\/p>\n<p><a href=\"https:\/\/up.lublin.pl\/srodowiskowa\/wp-content\/uploads\/sites\/5\/2024\/02\/Kultury-tkankowe-N2-22-23.pdf\">Kultury tkankowe i&nbsp;kom\u00f3rkowe ro\u015blin i&nbsp;zwierz\u0105t<\/a><\/p>\n<p><a href=\"https:\/\/up.lublin.pl\/srodowiskowa\/wp-content\/uploads\/sites\/5\/2024\/02\/Diagnostyka-laboratoryjna-N2-22-23.pdf\">Diagnostyka laboratoryjna<\/a><\/p>\n<p>Przedmiot do wyboru blok B&nbsp;&#8211; <a href=\"https:\/\/up.lublin.pl\/srodowiskowa\/wp-content\/uploads\/sites\/5\/2024\/02\/Inzynieria-genetyczna-N2-22-23.pdf\">In\u017cynieria genetyczna<\/a><\/p>\n<p>Przedmiot do wyboru blok B&nbsp;&#8211; <a href=\"https:\/\/up.lublin.pl\/srodowiskowa\/wp-content\/uploads\/sites\/5\/2024\/03\/Podstawy-genetyki-sadowej-22_23-ns.pdf\">Podstawy genetyki s\u0105dowej<\/a><\/p>\n<p><a href=\"https:\/\/up.lublin.pl\/srodowiskowa\/wp-content\/uploads\/sites\/5\/2024\/02\/Mikrobiologia-stosowana-N2-22-23.pdf\">Mikrobiologia stosowana<\/a><\/p>\n<p><a href=\"https:\/\/up.lublin.pl\/srodowiskowa\/wp-content\/uploads\/sites\/5\/2024\/02\/Toksykologia-N2-22-23.pdf\">Toksykologia<\/a><\/p>\n<p>Przedmiot do wyboru blok C&nbsp;&#8211; <a href=\"https:\/\/up.lublin.pl\/srodowiskowa\/wp-content\/uploads\/sites\/5\/2024\/02\/Biotechnologiczne-i-medyczne-podstawy-ksenotransplantacji-N2-22-23.pdf\">Biotechnologiczne i&nbsp;medyczne podstawy ksenotransplantacji<\/a><\/p>\n<p>Przedmiot do wyboru blok C&nbsp;&#8211; <a href=\"https:\/\/up.lublin.pl\/srodowiskowa\/wp-content\/uploads\/sites\/5\/2024\/02\/Fizjologiczne-aspekty-stresu-N2-22-23.pdf\">Fizjologiczne aspekty stresu<\/a><\/p>\n<p>Przedmiot do wyboru blok C&nbsp;&#8211; <a href=\"https:\/\/up.lublin.pl\/srodowiskowa\/wp-content\/uploads\/sites\/5\/2024\/02\/Regulacja-metabolizmu-N2-22-23.pdf\">Regulacja metabolizmu<\/a><\/p>\n<p><a href=\"https:\/\/up.lublin.pl\/srodowiskowa\/wp-content\/uploads\/sites\/5\/2024\/02\/Seminarium-dyplomowe-1-N2-22-23.pdf\">Seminarium dyplomowe 1<\/a><\/p>\n                                                <\/div>\n                                            <\/li>\n                                        <\/ul>\n\t\t\t\t\t\t                                                        <ul class=\"mn-accordion\">\n                                            <li>\n                                                <h4 class=\"mn-accordion-title\">Semestr III<\/h4>\n                                                <div>\n\t\t\t\t\t\t\t\t\t                <p><a href=\"https:\/\/up.lublin.pl\/srodowiskowa\/wp-content\/uploads\/sites\/5\/2024\/02\/Biostatystyka-i-bioinformatyka-N2-22-23.pdf\">Biostatystyka i&nbsp;bioinformatyka<\/a><\/p>\n<p><a href=\"https:\/\/up.lublin.pl\/srodowiskowa\/wp-content\/uploads\/sites\/5\/2024\/02\/Biotechnologia-N2-22-23.pdf\">Biotechnologia<\/a><\/p>\n<p><a href=\"https:\/\/up.lublin.pl\/srodowiskowa\/wp-content\/uploads\/sites\/5\/2024\/02\/Ekologia-interakcji-miedzygatunkowych-N2-22-23.pdf\">Ekologia interakcji mi\u0119dzygatunkowych<\/a><\/p>\n<p><a href=\"https:\/\/up.lublin.pl\/srodowiskowa\/wp-content\/uploads\/sites\/5\/2024\/02\/Diagnostyka-molekularna-N2-22-23.pdf\">Diagnostyka molekularna<\/a><\/p>\n<p>Przedmiot do wyboru blok D&nbsp;&#8211; <a href=\"https:\/\/up.lublin.pl\/srodowiskowa\/wp-content\/uploads\/sites\/5\/2024\/02\/Ekologia-mikroorganizmow-wodnych-N2-22-23.pdf\">Ekologia mikroorganizm\u00f3w wodnych<\/a><\/p>\n<p>Przedmiot do wyboru blok D&nbsp;&#8211; <a href=\"https:\/\/up.lublin.pl\/srodowiskowa\/wp-content\/uploads\/sites\/5\/2024\/06\/Biologiczne-skutki-zmian-klimatu-N2-22-23.pdf\">Biologiczne skutki zmian klimatu<\/a><\/p>\n<p>Przedmiot do wyboru blok D&nbsp;&#8211; <a href=\"https:\/\/up.lublin.pl\/srodowiskowa\/wp-content\/uploads\/sites\/5\/2024\/04\/Starzenie-N2-22-23.pdf\">Starzenie \u2013 aspekty molekularne, kliniczne i&nbsp;psychologiczne<\/a><\/p>\n<p>Przedmiot do wyboru blok D&nbsp;&#8211; <a href=\"https:\/\/up.lublin.pl\/srodowiskowa\/wp-content\/uploads\/sites\/5\/2024\/03\/Socjobiologia-owadow-N2-22-23.pdf\">Socjobiologia owad\u00f3w<\/a> \/ <a href=\"https:\/\/up.lublin.pl\/srodowiskowa\/wp-content\/uploads\/sites\/5\/2024\/03\/Sociobiology-of-insects-N2-1.pdf\">Sociobiology of insects<\/a><\/p>\n<p><a href=\"https:\/\/up.lublin.pl\/srodowiskowa\/wp-content\/uploads\/sites\/5\/2024\/02\/Seminarium-dyplomowe-2-N2-22-23.pdf\">Seminarium dyplomowe 2<\/a><\/p>\n                                                <\/div>\n                                            <\/li>\n                                        <\/ul>\n\t\t\t\t\t\t                                                        <ul class=\"mn-accordion\">\n                                            <li>\n                                                <h4 class=\"mn-accordion-title\">Semestr IV<\/h4>\n                                                <div>\n\t\t\t\t\t\t\t\t\t                <p>Przedmiot do wyboru blok E&nbsp;&#8211; <a href=\"https:\/\/up.lublin.pl\/srodowiskowa\/wp-content\/uploads\/sites\/5\/2024\/02\/Rosliny-inwazyjne-N2-22-23.pdf\">Ro\u015bliny inwazyjne<\/a><\/p>\n<p>Przedmiot do wyboru blok E&nbsp;&#8211; <a href=\"https:\/\/up.lublin.pl\/srodowiskowa\/wp-content\/uploads\/sites\/5\/2024\/02\/Biologia-sanitarna-N2-22-23.pdf\">Biologia sanitarna<\/a><\/p>\n<p>Przedmiot do wyboru blok E&nbsp;&#8211; <a href=\"https:\/\/up.lublin.pl\/srodowiskowa\/wp-content\/uploads\/sites\/5\/2024\/02\/Mikrobiologia-srodowiskowa-N2-22-23.pdf\">Mikrobiologia \u015brodowiskowa<\/a><\/p>\n<p>Przedmiot do wyboru blok E&nbsp;&#8211; <a href=\"https:\/\/up.lublin.pl\/srodowiskowa\/wp-content\/uploads\/sites\/5\/2024\/02\/Zoonozy-N2-22-23.pdf\">Zoonozy \u2013 diagnostyka<\/a><\/p>\n<p><a href=\"https:\/\/up.lublin.pl\/srodowiskowa\/wp-content\/uploads\/sites\/5\/2024\/02\/Transfer-wiedzy-i-technologii-N2-22-23.pdf\">Transfer wiedzy i&nbsp;technologii do praktyki<\/a><\/p>\n<p><a href=\"https:\/\/up.lublin.pl\/srodowiskowa\/wp-content\/uploads\/sites\/5\/2024\/02\/Identyfikacja-gatunkowa-i-osobnicza-N2-22-23.pdf\">Identyfikacja gatunkowa i&nbsp;osobnicza<\/a><\/p>\n<p><a href=\"https:\/\/up.lublin.pl\/srodowiskowa\/wp-content\/uploads\/sites\/5\/2024\/03\/Pracownia-specjalizacyjna_NII_stosowana-1.pdf\">Pracownia specjalizacyjna _ A<\/a><\/p>\n<p><a href=\"https:\/\/up.lublin.pl\/srodowiskowa\/wp-content\/uploads\/sites\/5\/2024\/03\/Pracownia-specjalizacyjnaHZB_NII_stosowana-1.pdf\">Pracownia specjalizacyjna _ B<\/a><\/p>\n<p><a href=\"https:\/\/up.lublin.pl\/srodowiskowa\/wp-content\/uploads\/sites\/5\/2024\/02\/Praca-magisterska-i-egzamin-dyplomowy-N2-22-23.pdf\">Praca magisterska i&nbsp;egzamin dyplomowy<\/a><\/p>\n                                                <\/div>\n                                            <\/li>\n                                        <\/ul>\n\t\t\t\t\t\t                                <\/div>\n\t\t\t\t                <div class=\"mn-content-block\">\n\t                                <\/div>\n\t\t\t\t                <div class=\"mn-content-block\">\n\t                                <\/div>\n\t\t\t\t                <div class=\"mn-content-block\">\n\t                                <\/div>\n\t\t\t\t                <div class=\"mn-content-block\">\n\t                                <\/div>\n\t\t\t\t                <div class=\"mn-content-block\">\n\t                                <\/div>\n\t\t\t\t                <div class=\"mn-content-block\">\n\t                                <\/div>\n\t\t\t\t                <div class=\"mn-content-block\">\n\t                                <\/div>\n\t\t\t\t                <div class=\"mn-content-block\">\n\t                                <\/div>\n\t\t\t\t                <div class=\"mn-content-block\">\n\t                                <\/div>\n\t\t\t\t                <div class=\"mn-content-block\">\n\t                                <\/div>\n\t\t\t\t                <div class=\"mn-content-block\">\n\t                                <\/div>\n\t\t\t\t                <div class=\"mn-content-block\">\n\t                                <\/div>\n\t\t\t\t                <div class=\"mn-content-block\">\n\t                                <\/div>\n\t\t\t\t                <div class=\"mn-content-block\">\n\t                                <\/div>\n\t\t\t\t                <div class=\"mn-content-block\">\n\t                                <\/div>\n\t\t\t\t                <div class=\"mn-content-block\">\n\t                                <\/div>\n\t\t\t\t                <div class=\"mn-content-block\">\n\t                                <\/div>\n\t\t\t\t                <div class=\"mn-content-block\">\n\t                                <\/div>\n\t\t\t\t                <div class=\"mn-content-block\">\n\t                                <\/div>\n\t\t\t\t\t\t<\/div>\n\t<\/div>\n<\/section>\n\t\t<\/div>\n\t\t\t\t<\/div>\n\t\t\t\t\t\t<\/div>\n\t\t\t\t\t<\/div>\n\t\t<\/div>\n\t\t\t\t\t\t\t\t<\/div>\n\t\t\t\t\t<\/div>\n\t\t<\/section>\n\t\t\t\t\t\t<\/div>\n\t\t\t\t\t\t<\/div>\n\t\t\t\t\t<\/div>\n\t\t","protected":false},"excerpt":{"rendered":"<p>\u2190 powr\u00f3t BIOLOGIA, specjalno\u015b\u0107 BIOLOGIA STOSOWANA studia niestacjonarne II stopnia, nab\u00f3r 2022\/2023 \u00a0 Semestr I Metodologia nauk przyrodniczych \/ Metodology of the life sciences Bioetyka Ekologia ro\u015blin Analiza instrumentalna Przedmiot do wyboru blok A&nbsp;&#8211; Monitoring biologiczny \/ Biological monitoring Przedmiot do wyboru blok A&nbsp;&#8211; Inwazje hydrobiont\u00f3w \/ Invasions of aquatic organ Przedmiot do wyboru blok [&hellip;]<\/p>\n","protected":false},"author":2,"featured_media":0,"parent":178039,"menu_order":0,"comment_status":"closed","ping_status":"closed","template":"elementor_header_footer","meta":{"_monsterinsights_skip_tracking":false,"_monsterinsights_sitenote_active":false,"_monsterinsights_sitenote_note":"","_monsterinsights_sitenote_category":0},"_links":{"self":[{"href":"https:\/\/up.lublin.pl\/srodowiskowa\/wp-json\/wp\/v2\/pages\/161343"}],"collection":[{"href":"https:\/\/up.lublin.pl\/srodowiskowa\/wp-json\/wp\/v2\/pages"}],"about":[{"href":"https:\/\/up.lublin.pl\/srodowiskowa\/wp-json\/wp\/v2\/types\/page"}],"author":[{"embeddable":true,"href":"https:\/\/up.lublin.pl\/srodowiskowa\/wp-json\/wp\/v2\/users\/2"}],"replies":[{"embeddable":true,"href":"https:\/\/up.lublin.pl\/srodowiskowa\/wp-json\/wp\/v2\/comments?post=161343"}],"version-history":[{"count":40,"href":"https:\/\/up.lublin.pl\/srodowiskowa\/wp-json\/wp\/v2\/pages\/161343\/revisions"}],"predecessor-version":[{"id":170945,"href":"https:\/\/up.lublin.pl\/srodowiskowa\/wp-json\/wp\/v2\/pages\/161343\/revisions\/170945"}],"up":[{"embeddable":true,"href":"https:\/\/up.lublin.pl\/srodowiskowa\/wp-json\/wp\/v2\/pages\/178039"}],"wp:attachment":[{"href":"https:\/\/up.lublin.pl\/srodowiskowa\/wp-json\/wp\/v2\/media?parent=161343"}],"curies":[{"name":"wp","href":"https:\/\/api.w.org\/{rel}","templated":true}]}}