{"id":161323,"date":"2024-02-09T08:14:16","date_gmt":"2024-02-09T07:14:16","guid":{"rendered":"https:\/\/up.lublin.pl\/srodowiskowa\/?page_id=161323"},"modified":"2026-02-18T13:51:23","modified_gmt":"2026-02-18T12:51:23","slug":"1n-biologia-stosowana-2021-2022","status":"publish","type":"page","link":"https:\/\/up.lublin.pl\/srodowiskowa\/ksztalcenie\/1n-biologia-stosowana-2021-2022\/","title":{"rendered":"Biologia, specjalno\u015b\u0107 biologia stosowana studia niestacjonarne I stopnia nab\u00f3r 2021\/2022"},"content":{"rendered":"\t\t<div data-elementor-type=\"wp-page\" data-elementor-id=\"161323\" class=\"elementor elementor-161323\" data-elementor-settings=\"[]\">\n\t\t\t\t\t\t<div class=\"elementor-inner\">\n\t\t\t\t\t\t\t<div class=\"elementor-section-wrap\">\n\t\t\t\t\t\t\t<section class=\"elementor-section elementor-top-section elementor-element elementor-element-380e3e03 elementor-section-boxed elementor-section-height-default elementor-section-height-default\" data-id=\"380e3e03\" data-element_type=\"section\">\n\t\t\t\t\t\t<div class=\"elementor-container elementor-column-gap-default\">\n\t\t\t\t\t\t\t<div class=\"elementor-row\">\n\t\t\t\t\t<div class=\"elementor-column elementor-col-100 elementor-top-column elementor-element elementor-element-77535d1b\" data-id=\"77535d1b\" data-element_type=\"column\">\n\t\t\t<div class=\"elementor-column-wrap elementor-element-populated\">\n\t\t\t\t\t\t\t<div class=\"elementor-widget-wrap\">\n\t\t\t\t\t\t<div class=\"elementor-element elementor-element-7ca1e5a2 elementor-widget elementor-widget-m5c\" data-id=\"7ca1e5a2\" data-element_type=\"widget\" data-widget_type=\"m5c.default\">\n\t\t\t\t<div class=\"elementor-widget-container\">\n\t\t\t<section class=\"mn-m5-c mn-m5-d2 mn-bg-white\">\n\t<div class=\"mn-grid\">\n\t\t\t\t<div class=\"mn-content mn-grid-9\">\n\t\t\t                <div class=\"mn-content-block active\">\n\t                                                        <div class=\"block-text\">\n\t                                        <h5 style=\"margin-bottom: 20px\"><a href=\"https:\/\/up.lublin.pl\/srodowiskowa\/ksztalcenie\/\">\u2190 powr\u00f3t<\/a><\/h5>\n<h1 style=\"text-align: center\"><strong>BIOLOGIA, <em>specjalno\u015b\u0107<\/em> BIOLOGIA STOSOWANA<\/strong><\/h1>\n<h1 style=\"text-align: center\"><strong>studia niestacjonarne I&nbsp;stopnia,nab\u00f3r 2021\/2022<\/strong><\/h1>\n<p>\u00a0<\/p>\n                                        <\/div>\n\t\t\t\t\t\t                                                        <ul class=\"mn-accordion\">\n                                            <li>\n                                                <h4 class=\"mn-accordion-title\">Semestr I<\/h4>\n                                                <div>\n\t\t\t\t\t\t\t\t\t                <p><a href=\"https:\/\/up.lublin.pl\/srodowiskowa\/wp-content\/uploads\/sites\/5\/2024\/02\/Matematyka-7.pdf\">Matematyka<\/a><\/p>\n<p><a href=\"https:\/\/up.lublin.pl\/srodowiskowa\/wp-content\/uploads\/sites\/5\/2024\/02\/Fizyka-i-Biofizyka-1.pdf\">Fizyka i&nbsp;biofizyka<\/a><\/p>\n<p><a href=\"https:\/\/up.lublin.pl\/srodowiskowa\/wp-content\/uploads\/sites\/5\/2024\/02\/Chemia-nieorganiczna-i-organiczna-7.pdf\">Chemia nieorganiczna i&nbsp;organiczna<\/a><\/p>\n<p><a href=\"https:\/\/up.lublin.pl\/srodowiskowa\/wp-content\/uploads\/sites\/5\/2024\/02\/Botanika-ogolna-7.pdf\">Botanika og\u00f3lna<\/a><\/p>\n<p><a href=\"https:\/\/up.lublin.pl\/srodowiskowa\/wp-content\/uploads\/sites\/5\/2024\/02\/Ergonomia-i-bhp-7.pdf\">Ergonomia i&nbsp;BHP (przez 10 tyg.)<\/a><\/p>\n<p><a href=\"https:\/\/up.lublin.pl\/srodowiskowa\/wp-content\/uploads\/sites\/5\/2024\/02\/Ochrona-wlasnosci-intelektualnej-7.pdf\">Ochrona w\u0142asno\u015bci intelektualnej (przez 10 tyg.)<\/a><\/p>\n<p><a href=\"https:\/\/up.lublin.pl\/srodowiskowa\/wp-content\/uploads\/sites\/5\/2024\/02\/Technologia-Informacyjna-1.pdf\">Technologia informacyjna<\/a><\/p>\n<p><a href=\"https:\/\/up.lublin.pl\/srodowiskowa\/wp-content\/uploads\/sites\/5\/2024\/02\/Przedsiebiorczosc-akademicka-6.pdf\">Przedsi\u0119biorczo\u015b\u0107 akademicka<\/a><\/p>\n<p>J\u0119zyk obcy 1 _ <a href=\"https:\/\/up.lublin.pl\/srodowiskowa\/wp-content\/uploads\/sites\/5\/2024\/02\/Jezyk-obcy-1_Angielski-7.pdf\">Angielski<\/a><\/p>\n<p>J\u0119zyk obcy 1 _ <a href=\"https:\/\/up.lublin.pl\/srodowiskowa\/wp-content\/uploads\/sites\/5\/2024\/02\/Jezyk-obcy-1_Francuski-7.pdf\">Francuski<\/a><\/p>\n<p>J\u0119zyk obcy 1 _ <a href=\"https:\/\/up.lublin.pl\/srodowiskowa\/wp-content\/uploads\/sites\/5\/2024\/02\/Jezyk-obcy-1_Niemiecki-7.pdf\">Niemiecki<\/a><\/p>\n<p>J\u0119zyk obcy 1 _ <a href=\"https:\/\/up.lublin.pl\/srodowiskowa\/wp-content\/uploads\/sites\/5\/2024\/02\/Jezyk-obcy-1_Rosyjski-7.pdf\">Rosyjski<\/a><\/p>\n<p>Przedmiot humanistyczny blok A&nbsp;\u2013 <a href=\"https:\/\/up.lublin.pl\/srodowiskowa\/wp-content\/uploads\/sites\/5\/2024\/02\/Komunikacja-interpersonalna-7.pdf\">Komunikacja interpersonalna<\/a><\/p>\n<p>Przedmiot humanistyczny blok A&nbsp;\u2013 <a href=\"https:\/\/up.lublin.pl\/srodowiskowa\/wp-content\/uploads\/sites\/5\/2024\/02\/Public-relations-8.pdf\">Public relations<\/a><\/p>\n<p>Przedmiot humanistyczny blok A&nbsp;\u2013 <a href=\"https:\/\/up.lublin.pl\/srodowiskowa\/wp-content\/uploads\/sites\/5\/2024\/02\/Etyka-7.pdf\">Etyka<\/a><\/p>\n                                                <\/div>\n                                            <\/li>\n                                        <\/ul>\n\t\t\t\t\t\t                                                        <ul class=\"mn-accordion\">\n                                            <li>\n                                                <h4 class=\"mn-accordion-title\">Semestr II<\/h4>\n                                                <div>\n\t\t\t\t\t\t\t\t\t                <p><a href=\"https:\/\/up.lublin.pl\/srodowiskowa\/wp-content\/uploads\/sites\/5\/2024\/02\/Zoologia-7.pdf\">Zoologia<\/a><\/p>\n<p><a href=\"https:\/\/up.lublin.pl\/srodowiskowa\/wp-content\/uploads\/sites\/5\/2024\/02\/Botanika-systematyczna-7.pdf\">Botanika systematyczna<\/a><\/p>\n<p><a href=\"https:\/\/up.lublin.pl\/srodowiskowa\/wp-content\/uploads\/sites\/5\/2024\/02\/Anatomia-zwierzat-i-czlowieka-7.pdf\">Anatomia zwierz\u0105t i&nbsp;cz\u0142owieka<\/a><\/p>\n<p><a href=\"https:\/\/up.lublin.pl\/srodowiskowa\/wp-content\/uploads\/sites\/5\/2024\/02\/Fizjologia-roslin-7.pdf\">Fizjologia ro\u015blin<\/a><\/p>\n<p><a href=\"https:\/\/up.lublin.pl\/srodowiskowa\/wp-content\/uploads\/sites\/5\/2024\/02\/Biochemia-7.pdf\">Biochemia<\/a><\/p>\n<p>J\u0119zyk obcy 2 _ <a href=\"https:\/\/up.lublin.pl\/srodowiskowa\/wp-content\/uploads\/sites\/5\/2024\/02\/Jezyk-obcy-2_Angielski-7.pdf\">Angielski<\/a><\/p>\n<p>J\u0119zyk obcy 2 _ <a href=\"https:\/\/up.lublin.pl\/srodowiskowa\/wp-content\/uploads\/sites\/5\/2024\/02\/Jezyk-obcy-2_Francuski-3.pdf\">Francuski<\/a><\/p>\n<p>J\u0119zyk obcy 2 _ <a href=\"https:\/\/up.lublin.pl\/srodowiskowa\/wp-content\/uploads\/sites\/5\/2024\/02\/Jezyk-obcy-2_Niemiecki-7.pdf\">Niemiecki<\/a><\/p>\n<p>J\u0119zyk obcy 2 _<a href=\"https:\/\/up.lublin.pl\/srodowiskowa\/wp-content\/uploads\/sites\/5\/2024\/02\/Jezyk-obcy-2_Rosyjski-7.pdf\">Rosyjski<\/a><\/p>\n                                                <\/div>\n                                            <\/li>\n                                        <\/ul>\n\t\t\t\t\t\t                                                        <ul class=\"mn-accordion\">\n                                            <li>\n                                                <h4 class=\"mn-accordion-title\">Semestr III<\/h4>\n                                                <div>\n\t\t\t\t\t\t\t\t\t                <p><a href=\"https:\/\/up.lublin.pl\/srodowiskowa\/wp-content\/uploads\/sites\/5\/2024\/02\/Fizjologia-zwierzat-i-czlowieka-7.pdf\">Fizjologia zwierz\u0105t i&nbsp;cz\u0142owieka<\/a><\/p>\n<p><a href=\"https:\/\/up.lublin.pl\/srodowiskowa\/wp-content\/uploads\/sites\/5\/2024\/02\/Mikrobiologia-ogolna-7.pdf\">Mikrobiologia og\u00f3lna<\/a><\/p>\n<p><a href=\"https:\/\/up.lublin.pl\/srodowiskowa\/wp-content\/uploads\/sites\/5\/2024\/02\/Biologia-komorki-7.pdf\">Biologia kom\u00f3rki<\/a><\/p>\n<p>J\u0119zyk obcy 3 _ <a href=\"https:\/\/up.lublin.pl\/srodowiskowa\/wp-content\/uploads\/sites\/5\/2024\/02\/Jezyk-obcy-3_Angielski-7.pdf\">Angielski<\/a><\/p>\n<p>J\u0119zyk obcy 3 _ <a href=\"https:\/\/up.lublin.pl\/srodowiskowa\/wp-content\/uploads\/sites\/5\/2024\/02\/Jezyk-obcy-3_Francuski-7.pdf\">Francuski<\/a><\/p>\n<p>J\u0119zyk obcy 3 _ <a href=\"https:\/\/up.lublin.pl\/srodowiskowa\/wp-content\/uploads\/sites\/5\/2024\/02\/Jezyk-obcy-3_Niemiecki-8.pdf\">Niemiecki<\/a><\/p>\n<p>J\u0119zyk obcy 3 _ <a href=\"https:\/\/up.lublin.pl\/srodowiskowa\/wp-content\/uploads\/sites\/5\/2024\/02\/Jezyk-obcy-3_Rosyjski-3.pdf\">Rosyjski<\/a><\/p>\n<p>Przedmiot do wyboru blok B&nbsp;\u2013 <a href=\"https:\/\/up.lublin.pl\/srodowiskowa\/wp-content\/uploads\/sites\/5\/2024\/02\/Chemia-bioorganiczna-1.pdf\">Chemia bioorganiczna<\/a><\/p>\n<p>Przedmiot do wyboru blok B&nbsp;\u2013 <a href=\"https:\/\/up.lublin.pl\/srodowiskowa\/wp-content\/uploads\/sites\/5\/2024\/02\/Podstawy-bioanalityki-1.pdf\">Podstawy bioanalityki<\/a><\/p>\n<p>Przedmiot do wyboru blok C&nbsp;\u2013 <a href=\"https:\/\/up.lublin.pl\/srodowiskowa\/wp-content\/uploads\/sites\/5\/2024\/02\/Katastrofy-ekologiczne-7.pdf\">Katastrofy ekologiczne<\/a><\/p>\n<p>Przedmiot do wyboru blok C&nbsp;\u2013 <a href=\"https:\/\/up.lublin.pl\/srodowiskowa\/wp-content\/uploads\/sites\/5\/2024\/02\/Ekosystemy-wodne-i-ladowe-swiata-8.pdf\">Ekosystemy wodne i&nbsp;l\u0105dowe \u015bwiata<\/a><\/p>\n<p>Przedmiot do wyboru blok D&nbsp;\u2013 <a href=\"https:\/\/up.lublin.pl\/srodowiskowa\/wp-content\/uploads\/sites\/5\/2024\/02\/Ekologia-i-biologia-ryb-7.pdf\">Ekologia i&nbsp;biologia ryb<\/a><\/p>\n<p>Przedmiot do wyboru blok D&nbsp;\u2013 <a href=\"https:\/\/up.lublin.pl\/srodowiskowa\/wp-content\/uploads\/sites\/5\/2024\/02\/Paleobiologia-1.pdf\">Paleobiologia<\/a><\/p>\n<p>Przedmiot do wyboru blok D&nbsp;\u2013 <a href=\"https:\/\/up.lublin.pl\/srodowiskowa\/wp-content\/uploads\/sites\/5\/2024\/02\/Antropologia-1.pdf\">Antropologia<\/a><\/p>\n<p>Przedmiot do wyboru blok E&nbsp;\u2013 <a href=\"https:\/\/up.lublin.pl\/srodowiskowa\/wp-content\/uploads\/sites\/5\/2024\/02\/Metody-stosowane-w-ocenie-materialu-biologicznego-1.pdf\">Metody stosowane w&nbsp;ocenie materia\u0142u biologicznego<\/a><\/p>\n<p>Przedmiot do wyboru blok E&nbsp;\u2013 <a href=\"https:\/\/up.lublin.pl\/srodowiskowa\/wp-content\/uploads\/sites\/5\/2024\/02\/Substancje-biologicznie-czynne.pdf\">Substancje biologicznie czynne<\/a><\/p>\n                                                <\/div>\n                                            <\/li>\n                                        <\/ul>\n\t\t\t\t\t\t                                                        <ul class=\"mn-accordion\">\n                                            <li>\n                                                <h4 class=\"mn-accordion-title\">Semestr IV<\/h4>\n                                                <div>\n\t\t\t\t\t\t\t\t\t                <p><a href=\"https:\/\/up.lublin.pl\/srodowiskowa\/wp-content\/uploads\/sites\/5\/2024\/02\/Genetyka-7.pdf\">Genetyka<\/a><\/p>\n<p><a href=\"https:\/\/up.lublin.pl\/srodowiskowa\/wp-content\/uploads\/sites\/5\/2024\/02\/Ekologia-ogolna-7.pdf\">Ekologia og\u00f3lna<\/a><\/p>\n<p><a href=\"https:\/\/up.lublin.pl\/srodowiskowa\/wp-content\/uploads\/sites\/5\/2024\/02\/Biologia-srodowiskowa-i-biogeografia-7.pdf\">Biologia \u015brodowiskowa i&nbsp;biogeografia<\/a><\/p>\n<p>J\u0119zyk obcy 4 _ <a href=\"https:\/\/up.lublin.pl\/srodowiskowa\/wp-content\/uploads\/sites\/5\/2024\/02\/Jezyk-obcy-4_Angielski-3.pdf\">Angielski<\/a><\/p>\n<p>J\u0119zyk obcy 4 _ <a href=\"https:\/\/up.lublin.pl\/srodowiskowa\/wp-content\/uploads\/sites\/5\/2024\/02\/Jezyk-obcy-4_Francuski-3.pdf\">Francuski<\/a><\/p>\n<p>J\u0119zyk obcy 4 _ <a href=\"https:\/\/up.lublin.pl\/srodowiskowa\/wp-content\/uploads\/sites\/5\/2024\/02\/Jezyk-obcy-4_Niemiecki-3.pdf\">Niemiecki<\/a><\/p>\n<p>J\u0119zyk obcy 4 _ <a href=\"https:\/\/up.lublin.pl\/srodowiskowa\/wp-content\/uploads\/sites\/5\/2024\/02\/Jezyk-obcy-4_Rosyjski-3.pdf\">Rosyjski<\/a><\/p>\n<p>Przedmiot do wyboru blok F&nbsp;\u2013 <a href=\"https:\/\/up.lublin.pl\/srodowiskowa\/wp-content\/uploads\/sites\/5\/2024\/02\/Cytobiochemia-i-regulacja-procesow-komorkowych-5.pdf\">Cytobiochemia i&nbsp;regulacja proces\u00f3w kom\u00f3rkowych<\/a><\/p>\n<p>Przedmiot do wyboru blok F&nbsp;\u2013 <a href=\"https:\/\/up.lublin.pl\/srodowiskowa\/wp-content\/uploads\/sites\/5\/2024\/02\/Ekofizjologia-owadow-7.pdf\">Ekofizjologia owad\u00f3w<\/a> \/ <a href=\"https:\/\/up.lublin.pl\/srodowiskowa\/wp-content\/uploads\/sites\/5\/2024\/03\/Ecophysiology-of-insects-1.pdf\">Ecophysiology of insects<\/a><\/p>\n<p>Przedmiot do wyboru blok G&nbsp;\u2013 <a href=\"https:\/\/up.lublin.pl\/srodowiskowa\/wp-content\/uploads\/sites\/5\/2024\/02\/Fizjologia-adaptacji-6.pdf\">Fizjologia adaptacji<\/a><\/p>\n<p>Przedmiot do wyboru blok G&nbsp;\u2013 <a href=\"https:\/\/up.lublin.pl\/srodowiskowa\/wp-content\/uploads\/sites\/5\/2024\/02\/Fizjologia-trawienia-i-wchlaniania-1.pdf\">Fizjologia trawienia i&nbsp;wch\u0142aniania<\/a><\/p>\n<p>Przedmiot do wyboru blok G&nbsp;\u2013 <a href=\"https:\/\/up.lublin.pl\/srodowiskowa\/wp-content\/uploads\/sites\/5\/2024\/03\/Procedury-wykorzystywania-zwierzat-w-badaniach-naukowych-i-edukacji.pdf\">Procedury wykorzystania zwierz\u0105t w&nbsp;badaniach naukowych i&nbsp;edukacji<\/a><\/p>\n<p>Przedmiot do wyboru blok H&nbsp;\u2013 <a href=\"https:\/\/up.lublin.pl\/srodowiskowa\/wp-content\/uploads\/sites\/5\/2024\/03\/Bioroznorodnosc-zwierzat-i-ich-znaczenie-w-srodowisku.pdf\">Bior\u00f3\u017cnorodno\u015b\u0107 zwierz\u0105t i&nbsp;ich znaczenie w&nbsp;\u015brodowisku<\/a><\/p>\n<p>Przedmiot do wyboru blok H&nbsp;\u2013 <a href=\"https:\/\/up.lublin.pl\/srodowiskowa\/wp-content\/uploads\/sites\/5\/2024\/02\/Ochrona-zasobow-genetycznych-zwierzat-1.pdf\">Ochrona zasob\u00f3w genetycznych zwierz\u0105t<\/a><\/p>\n<p><a href=\"https:\/\/up.lublin.pl\/srodowiskowa\/wp-content\/uploads\/sites\/5\/2024\/02\/Praktyka_A-9.pdf\">Praktyka zawodowa 3 tyg. obowi\u0105zkowa _ A<\/a><\/p>\n<p><a href=\"https:\/\/up.lublin.pl\/srodowiskowa\/wp-content\/uploads\/sites\/5\/2024\/02\/Praktyka_B-8.pdf\">Praktyka zawodowa 3 tyg. obowi\u0105zkowa _ B<\/a><\/p>\n<p><a href=\"https:\/\/up.lublin.pl\/srodowiskowa\/wp-content\/uploads\/sites\/5\/2024\/02\/Praktyka_C-8.pdf\">Praktyka zawodowa 3 tyg. obowi\u0105zkowa _ C<\/a><\/p>\n                                                <\/div>\n                                            <\/li>\n                                        <\/ul>\n\t\t\t\t\t\t                                                        <ul class=\"mn-accordion\">\n                                            <li>\n                                                <h4 class=\"mn-accordion-title\">Semestr V<\/h4>\n                                                <div>\n\t\t\t\t\t\t\t\t\t                <p><a href=\"https:\/\/up.lublin.pl\/srodowiskowa\/wp-content\/uploads\/sites\/5\/2024\/02\/Biologia-molekularna-i-podstawy-biotechnologii-7.pdf\">Biologia molekularna i&nbsp;podstawy biotechnologii<\/a><\/p>\n<p><a href=\"https:\/\/up.lublin.pl\/srodowiskowa\/wp-content\/uploads\/sites\/5\/2024\/02\/Immunologia-7.pdf\">Immunologia<\/a><\/p>\n<p><a href=\"https:\/\/up.lublin.pl\/srodowiskowa\/wp-content\/uploads\/sites\/5\/2024\/02\/Ochrona-Przyrody-7.pdf\">Ochrona przyrody<\/a><\/p>\n<p><a href=\"https:\/\/up.lublin.pl\/srodowiskowa\/wp-content\/uploads\/sites\/5\/2024\/02\/Szata-roslinna-7.pdf\">Szata ro\u015blinna<\/a><\/p>\n<p><a href=\"https:\/\/up.lublin.pl\/srodowiskowa\/wp-content\/uploads\/sites\/5\/2024\/02\/Protistologia-7.pdf\">Protistologia<\/a><\/p>\n<p>Przedmiot do wyboru blok I&nbsp;\u2013 <a href=\"https:\/\/up.lublin.pl\/srodowiskowa\/wp-content\/uploads\/sites\/5\/2024\/02\/Parazytologia-7.pdf\">Parazytologia<\/a><\/p>\n<p>Przedmiot do wyboru blok I&nbsp;\u2013 <a href=\"https:\/\/up.lublin.pl\/srodowiskowa\/wp-content\/uploads\/sites\/5\/2024\/02\/Human-ecology-7.pdf\">Human ecology<\/a> \/ <a href=\"https:\/\/up.lublin.pl\/srodowiskowa\/wp-content\/uploads\/sites\/5\/2024\/02\/Ekologia-czlowieka-7.pdf\">Ekologia cz\u0142owieka<\/a><\/p>\n<p>Przedmiot do wyboru blok J\u00a0 &#8211; <a href=\"https:\/\/up.lublin.pl\/srodowiskowa\/wp-content\/uploads\/sites\/5\/2024\/02\/Biologia-rozrodu-1.pdf\">Biologia rozrodu<\/a><\/p>\n<p>Przedmiot do wyboru blok J\u00a0 \u2013 <a href=\"https:\/\/up.lublin.pl\/srodowiskowa\/wp-content\/uploads\/sites\/5\/2024\/03\/Mikologia.pdf\">Mikologia<\/a><\/p>\n<p><a href=\"https:\/\/up.lublin.pl\/srodowiskowa\/wp-content\/uploads\/sites\/5\/2024\/02\/Seminarium-dyplomowe-1_A-3.pdf\">Seminarium dyplomowe i&nbsp;metodyka wyszukiwania informacji naukowych 1_A<\/a><\/p>\n<p><a href=\"https:\/\/up.lublin.pl\/srodowiskowa\/wp-content\/uploads\/sites\/5\/2024\/02\/Seminarium-dyplomowe-1_B-4.pdf\">Seminarium dyplomowe i&nbsp;metodyka wyszukiwania informacji naukowych 1_B<\/a><\/p>\n                                                <\/div>\n                                            <\/li>\n                                        <\/ul>\n\t\t\t\t\t\t                                                        <ul class=\"mn-accordion\">\n                                            <li>\n                                                <h4 class=\"mn-accordion-title\">Semestr VI<\/h4>\n                                                <div>\n\t\t\t\t\t\t\t\t\t                <p><a href=\"https:\/\/up.lublin.pl\/srodowiskowa\/wp-content\/uploads\/sites\/5\/2024\/02\/Ewolucjonizm-6.pdf\">Ewolucjonizm<\/a><\/p>\n<p><a href=\"https:\/\/up.lublin.pl\/srodowiskowa\/wp-content\/uploads\/sites\/5\/2024\/02\/Hydrobiologia-7.pdf\">Hydrobiologia<\/a><\/p>\n<p><a href=\"https:\/\/up.lublin.pl\/srodowiskowa\/wp-content\/uploads\/sites\/5\/2024\/03\/Ekotoksykologia.pdf\">Ekotoksykologia<\/a><\/p>\n<p>Przedmiot do wyboru blok K&nbsp;\u2013 <a href=\"https:\/\/up.lublin.pl\/srodowiskowa\/wp-content\/uploads\/sites\/5\/2024\/02\/Environmental-protection-9.pdf\">Environmental protection<\/a> \/ <a href=\"https:\/\/up.lublin.pl\/srodowiskowa\/wp-content\/uploads\/sites\/5\/2024\/02\/Ochrona-srodowiska-7.pdf\">Ochrona \u015brodowiska<\/a><\/p>\n<p>Przedmiot do wyboru blok K&nbsp;\u2013 <a href=\"https:\/\/up.lublin.pl\/srodowiskowa\/wp-content\/uploads\/sites\/5\/2024\/02\/Metodyka-badan-terenowych-7.pdf\">Metodyka bada\u0144 terenowych<\/a><\/p>\n<p>Przedmiot do wyboru blok L&nbsp;\u2013 <a href=\"https:\/\/up.lublin.pl\/srodowiskowa\/wp-content\/uploads\/sites\/5\/2024\/02\/Bioindykacja-7.pdf\">Bioindykacja<\/a><\/p>\n<p>Przedmiot do wyboru blok L&nbsp;\u2013 <a href=\"https:\/\/up.lublin.pl\/srodowiskowa\/wp-content\/uploads\/sites\/5\/2024\/02\/Ekologia-i-biologia-ptakow-9.pdf\">Ekologia i&nbsp;biologia ptak\u00f3w<\/a><\/p>\n<p>Przedmiot do wyboru blok L&nbsp;\u2013 <a href=\"https:\/\/up.lublin.pl\/srodowiskowa\/wp-content\/uploads\/sites\/5\/2024\/02\/Applied-entomology-7.pdf\">Applied entomology<\/a><\/p>\n<p>Przedmiot do wyboru blok L&nbsp;\u2013 <a href=\"https:\/\/up.lublin.pl\/srodowiskowa\/wp-content\/uploads\/sites\/5\/2024\/02\/Herpetology-8.pdf\">Herpetology<\/a><\/p>\n<p>Przedmiot do wyboru blok M&nbsp;\u2013 <a href=\"https:\/\/up.lublin.pl\/srodowiskowa\/wp-content\/uploads\/sites\/5\/2024\/03\/Informatyka-w-naukach-przyrodniczych-1.pdf\">Informatyka w&nbsp;naukach przyrodniczych<\/a><\/p>\n<p>Przedmiot do wyboru blok M&nbsp;\u2013 <a href=\"https:\/\/up.lublin.pl\/srodowiskowa\/wp-content\/uploads\/sites\/5\/2024\/02\/Apidologia-1.pdf\">Apidologia<\/a><\/p>\n<p>Przedmiot do wyboru blok M&nbsp;\u2013 <a href=\"https:\/\/up.lublin.pl\/srodowiskowa\/wp-content\/uploads\/sites\/5\/2024\/02\/Mikroorganizmy-antagonistyczne-i-toksynotworcze-6.pdf\">Mikroorganizmy antagonistyczne i&nbsp;toksynotw\u00f3rcze<\/a><\/p>\n<p>Przedmiot do wyboru blok N&nbsp;\u2013 <a href=\"https:\/\/up.lublin.pl\/srodowiskowa\/wp-content\/uploads\/sites\/5\/2024\/02\/Akarologia-7.pdf\">Akarologia<\/a><\/p>\n<p>Przedmiot do wyboru blok N&nbsp;\u2013 <a href=\"https:\/\/up.lublin.pl\/srodowiskowa\/wp-content\/uploads\/sites\/5\/2024\/02\/Zarzadzanie-obszarami-chronionymi-9.pdf\">Zarz\u0105dzanie obszarami chronionymi<\/a><\/p>\n<p>Przedmiot do wyboru blok N&nbsp;\u2013 <a href=\"https:\/\/up.lublin.pl\/srodowiskowa\/wp-content\/uploads\/sites\/5\/2024\/02\/Ekologia-i-biologia-ssakow-7.pdf\">Ekologia i&nbsp;biologia ssak\u00f3w<\/a><\/p>\n<p><a href=\"https:\/\/up.lublin.pl\/srodowiskowa\/wp-content\/uploads\/sites\/5\/2024\/02\/Seminarium-dyplomowe-2_A-3.pdf\">Seminarium dyplomowe 2 _A<\/a><\/p>\n<p><a href=\"https:\/\/up.lublin.pl\/srodowiskowa\/wp-content\/uploads\/sites\/5\/2024\/02\/Seminarium-dyplomowe-2_B-3.pdf\">Seminarium dyplomowe 2 _B<\/a><\/p>\n<p><a href=\"https:\/\/up.lublin.pl\/srodowiskowa\/wp-content\/uploads\/sites\/5\/2024\/03\/Egzamin-dyplomowy.pdf\">Egzamin dyplomowy<\/a><\/p>\n                                                <\/div>\n                                            <\/li>\n                                        <\/ul>\n\t\t\t\t\t\t                                <\/div>\n\t\t\t\t                <div class=\"mn-content-block\">\n\t                                <\/div>\n\t\t\t\t                <div class=\"mn-content-block\">\n\t                                <\/div>\n\t\t\t\t                <div class=\"mn-content-block\">\n\t                                <\/div>\n\t\t\t\t                <div class=\"mn-content-block\">\n\t                                <\/div>\n\t\t\t\t                <div class=\"mn-content-block\">\n\t                                <\/div>\n\t\t\t\t                <div class=\"mn-content-block\">\n\t                                <\/div>\n\t\t\t\t                <div class=\"mn-content-block\">\n\t                                <\/div>\n\t\t\t\t                <div class=\"mn-content-block\">\n\t                                <\/div>\n\t\t\t\t                <div class=\"mn-content-block\">\n\t                                <\/div>\n\t\t\t\t                <div class=\"mn-content-block\">\n\t                                <\/div>\n\t\t\t\t                <div class=\"mn-content-block\">\n\t                                <\/div>\n\t\t\t\t                <div class=\"mn-content-block\">\n\t                                <\/div>\n\t\t\t\t                <div class=\"mn-content-block\">\n\t                                <\/div>\n\t\t\t\t                <div class=\"mn-content-block\">\n\t                                <\/div>\n\t\t\t\t                <div class=\"mn-content-block\">\n\t                                <\/div>\n\t\t\t\t                <div class=\"mn-content-block\">\n\t                                <\/div>\n\t\t\t\t                <div class=\"mn-content-block\">\n\t                                <\/div>\n\t\t\t\t                <div class=\"mn-content-block\">\n\t                                <\/div>\n\t\t\t\t                <div class=\"mn-content-block\">\n\t                                <\/div>\n\t\t\t\t\t\t<\/div>\n\t<\/div>\n<\/section>\n\t\t<\/div>\n\t\t\t\t<\/div>\n\t\t\t\t\t\t<\/div>\n\t\t\t\t\t<\/div>\n\t\t<\/div>\n\t\t\t\t\t\t\t\t<\/div>\n\t\t\t\t\t<\/div>\n\t\t<\/section>\n\t\t\t\t\t\t<\/div>\n\t\t\t\t\t\t<\/div>\n\t\t\t\t\t<\/div>\n\t\t","protected":false},"excerpt":{"rendered":"<p>\u2190 powr\u00f3t BIOLOGIA, specjalno\u015b\u0107 BIOLOGIA STOSOWANA studia niestacjonarne I&nbsp;stopnia,nab\u00f3r 2021\/2022 \u00a0 Semestr I Matematyka Fizyka i&nbsp;biofizyka Chemia nieorganiczna i&nbsp;organiczna Botanika og\u00f3lna Ergonomia i&nbsp;BHP (przez 10 tyg.) Ochrona w\u0142asno\u015bci intelektualnej (przez 10 tyg.) Technologia informacyjna Przedsi\u0119biorczo\u015b\u0107 akademicka J\u0119zyk obcy 1 _ Angielski J\u0119zyk obcy 1 _ Francuski J\u0119zyk obcy 1 _ Niemiecki J\u0119zyk obcy 1 _ [&hellip;]<\/p>\n","protected":false},"author":2,"featured_media":0,"parent":178039,"menu_order":0,"comment_status":"closed","ping_status":"closed","template":"elementor_header_footer","meta":{"_monsterinsights_skip_tracking":false,"_monsterinsights_sitenote_active":false,"_monsterinsights_sitenote_note":"","_monsterinsights_sitenote_category":0},"_links":{"self":[{"href":"https:\/\/up.lublin.pl\/srodowiskowa\/wp-json\/wp\/v2\/pages\/161323"}],"collection":[{"href":"https:\/\/up.lublin.pl\/srodowiskowa\/wp-json\/wp\/v2\/pages"}],"about":[{"href":"https:\/\/up.lublin.pl\/srodowiskowa\/wp-json\/wp\/v2\/types\/page"}],"author":[{"embeddable":true,"href":"https:\/\/up.lublin.pl\/srodowiskowa\/wp-json\/wp\/v2\/users\/2"}],"replies":[{"embeddable":true,"href":"https:\/\/up.lublin.pl\/srodowiskowa\/wp-json\/wp\/v2\/comments?post=161323"}],"version-history":[{"count":40,"href":"https:\/\/up.lublin.pl\/srodowiskowa\/wp-json\/wp\/v2\/pages\/161323\/revisions"}],"predecessor-version":[{"id":167559,"href":"https:\/\/up.lublin.pl\/srodowiskowa\/wp-json\/wp\/v2\/pages\/161323\/revisions\/167559"}],"up":[{"embeddable":true,"href":"https:\/\/up.lublin.pl\/srodowiskowa\/wp-json\/wp\/v2\/pages\/178039"}],"wp:attachment":[{"href":"https:\/\/up.lublin.pl\/srodowiskowa\/wp-json\/wp\/v2\/media?parent=161323"}],"curies":[{"name":"wp","href":"https:\/\/api.w.org\/{rel}","templated":true}]}}