{"id":161311,"date":"2024-02-09T08:11:48","date_gmt":"2024-02-09T07:11:48","guid":{"rendered":"https:\/\/up.lublin.pl\/srodowiskowa\/?page_id=161311"},"modified":"2026-02-18T13:51:27","modified_gmt":"2026-02-18T12:51:27","slug":"1n-biologia-stosowana-2022-2023","status":"publish","type":"page","link":"https:\/\/up.lublin.pl\/srodowiskowa\/ksztalcenie\/1n-biologia-stosowana-2022-2023\/","title":{"rendered":"Biologia, specjalno\u015b\u0107 biologia stosowana studia niestacjonarne I stopnia nab\u00f3r 2022\/2023"},"content":{"rendered":"\t\t<div data-elementor-type=\"wp-page\" data-elementor-id=\"161311\" class=\"elementor elementor-161311\" data-elementor-settings=\"[]\">\n\t\t\t\t\t\t<div class=\"elementor-inner\">\n\t\t\t\t\t\t\t<div class=\"elementor-section-wrap\">\n\t\t\t\t\t\t\t<section class=\"elementor-section elementor-top-section elementor-element elementor-element-69e08cf6 elementor-section-boxed elementor-section-height-default elementor-section-height-default\" data-id=\"69e08cf6\" data-element_type=\"section\">\n\t\t\t\t\t\t<div class=\"elementor-container elementor-column-gap-default\">\n\t\t\t\t\t\t\t<div class=\"elementor-row\">\n\t\t\t\t\t<div class=\"elementor-column elementor-col-100 elementor-top-column elementor-element elementor-element-5d989851\" data-id=\"5d989851\" data-element_type=\"column\">\n\t\t\t<div class=\"elementor-column-wrap elementor-element-populated\">\n\t\t\t\t\t\t\t<div class=\"elementor-widget-wrap\">\n\t\t\t\t\t\t<div class=\"elementor-element elementor-element-76dbc92a elementor-widget elementor-widget-m5c\" data-id=\"76dbc92a\" data-element_type=\"widget\" data-widget_type=\"m5c.default\">\n\t\t\t\t<div class=\"elementor-widget-container\">\n\t\t\t<section class=\"mn-m5-c mn-m5-d2 mn-bg-white\">\n\t<div class=\"mn-grid\">\n\t\t\t\t<div class=\"mn-content mn-grid-9\">\n\t\t\t                <div class=\"mn-content-block active\">\n\t                                                        <div class=\"block-text\">\n\t                                        <h5 style=\"margin-bottom: 20px\"><a href=\"https:\/\/up.lublin.pl\/srodowiskowa\/ksztalcenie\/\">\u2190 powr\u00f3t<\/a><\/h5>\n<h1 style=\"text-align: center\"><strong>BIOLOGIA, <em>specjalno\u015b\u0107<\/em> BIOLOGIA STOSOWANA<\/strong><\/h1>\n<h1 style=\"text-align: center\"><strong>studia niestacjonarne I&nbsp;stopnia, <\/strong><strong>nab\u00f3r 2022\/2023<\/strong><\/h1>\n<p>\u00a0<\/p>\n                                        <\/div>\n\t\t\t\t\t\t                                                        <ul class=\"mn-accordion\">\n                                            <li>\n                                                <h4 class=\"mn-accordion-title\">Semestr I<\/h4>\n                                                <div>\n\t\t\t\t\t\t\t\t\t                <p><a href=\"https:\/\/up.lublin.pl\/srodowiskowa\/wp-content\/uploads\/sites\/5\/2024\/02\/Matematyka-5.pdf\">Matematyka<\/a><\/p>\n<p><a href=\"https:\/\/up.lublin.pl\/srodowiskowa\/wp-content\/uploads\/sites\/5\/2024\/02\/Fizyka-i-Biofizyka.pdf\">Fizyka i&nbsp;biofizyka<\/a><\/p>\n<p><a href=\"https:\/\/up.lublin.pl\/srodowiskowa\/wp-content\/uploads\/sites\/5\/2024\/02\/Chemia-nieorganiczna-i-organiczna-5.pdf\">Chemia nieorganiczna i&nbsp;organiczna<\/a><\/p>\n<p><a href=\"https:\/\/up.lublin.pl\/srodowiskowa\/wp-content\/uploads\/sites\/5\/2024\/02\/Botanika-ogolna-5.pdf\">Botanika og\u00f3lna<\/a><\/p>\n<p><a href=\"https:\/\/up.lublin.pl\/srodowiskowa\/wp-content\/uploads\/sites\/5\/2024\/02\/Ergonomia-i-bhp-5.pdf\">Ergonomia i&nbsp;BHP (przez 10 tyg.)<\/a><\/p>\n<p><a href=\"https:\/\/up.lublin.pl\/srodowiskowa\/wp-content\/uploads\/sites\/5\/2024\/02\/Ochrona-wlasnosci-intelektualnej-5.pdf\">Ochrona w\u0142asno\u015bci intelektualnej (przez 10 tyg.)<\/a><\/p>\n<p><a href=\"https:\/\/up.lublin.pl\/srodowiskowa\/wp-content\/uploads\/sites\/5\/2024\/02\/Technologia-Informacyjna.pdf\">Technologia informacyjna<\/a><\/p>\n<p><a href=\"https:\/\/up.lublin.pl\/srodowiskowa\/wp-content\/uploads\/sites\/5\/2024\/02\/Przedsiebiorczosc-akademicka-4.pdf\">Przedsi\u0119biorczo\u015b\u0107 akademicka<\/a><\/p>\n<p>J\u0119zyk obcy 1 _ <a href=\"https:\/\/up.lublin.pl\/srodowiskowa\/wp-content\/uploads\/sites\/5\/2024\/02\/Jezyk-obcy-1_Angielski-5.pdf\">Angielski<\/a><\/p>\n<p>J\u0119zyk obcy 1 _ <a href=\"https:\/\/up.lublin.pl\/srodowiskowa\/wp-content\/uploads\/sites\/5\/2024\/02\/Jezyk-obcy-1_Francuski-5.pdf\">Francuski<\/a><\/p>\n<p>J\u0119zyk obcy 1 _ <a href=\"https:\/\/up.lublin.pl\/srodowiskowa\/wp-content\/uploads\/sites\/5\/2024\/02\/Jezyk-obcy-1_Niemiecki-5.pdf\">Niemiecki<\/a><\/p>\n<p>J\u0119zyk obcy 1 _ <a href=\"https:\/\/up.lublin.pl\/srodowiskowa\/wp-content\/uploads\/sites\/5\/2024\/02\/Jezyk-obcy-1_Rosyjski-5.pdf\">Rosyjski<\/a><\/p>\n<p>Przedmiot humanistyczny blok A&nbsp;\u2013 <a href=\"https:\/\/up.lublin.pl\/srodowiskowa\/wp-content\/uploads\/sites\/5\/2024\/02\/Komunikacja-interpersonalna-5.pdf\">Komunikacja interpersonalna<\/a><\/p>\n<p>Przedmiot humanistyczny blok A&nbsp;\u2013 <a href=\"https:\/\/up.lublin.pl\/srodowiskowa\/wp-content\/uploads\/sites\/5\/2024\/02\/Public-relations-6.pdf\">Public relations<\/a><\/p>\n<p>Przedmiot humanistyczny blok A&nbsp;\u2013 <a href=\"https:\/\/up.lublin.pl\/srodowiskowa\/wp-content\/uploads\/sites\/5\/2024\/02\/Etyka-5.pdf\">Etyka<\/a><\/p>\n                                                <\/div>\n                                            <\/li>\n                                        <\/ul>\n\t\t\t\t\t\t                                                        <ul class=\"mn-accordion\">\n                                            <li>\n                                                <h4 class=\"mn-accordion-title\">Semestr II<\/h4>\n                                                <div>\n\t\t\t\t\t\t\t\t\t                <p><a href=\"https:\/\/up.lublin.pl\/srodowiskowa\/wp-content\/uploads\/sites\/5\/2024\/02\/Zoologia-5.pdf\">Zoologia<\/a><\/p>\n<p><a href=\"https:\/\/up.lublin.pl\/srodowiskowa\/wp-content\/uploads\/sites\/5\/2024\/02\/Botanika-systematyczna-5.pdf\">Botanika systematyczna<\/a><\/p>\n<p><a href=\"https:\/\/up.lublin.pl\/srodowiskowa\/wp-content\/uploads\/sites\/5\/2024\/02\/Anatomia-zwierzat-i-czlowieka-5.pdf\">Anatomia zwierz\u0105t i&nbsp;cz\u0142owieka<\/a><\/p>\n<p><a href=\"https:\/\/up.lublin.pl\/srodowiskowa\/wp-content\/uploads\/sites\/5\/2024\/02\/Fizjologia-roslin-5.pdf\">Fizjologia ro\u015blin<\/a><\/p>\n<p><a href=\"https:\/\/up.lublin.pl\/srodowiskowa\/wp-content\/uploads\/sites\/5\/2024\/02\/Biochemia-5.pdf\">Biochemia<\/a><\/p>\n<p>J\u0119zyk obcy 2 _ <a href=\"https:\/\/up.lublin.pl\/srodowiskowa\/wp-content\/uploads\/sites\/5\/2024\/02\/Jezyk-obcy-2_Angielski-5.pdf\">Angielski<\/a><\/p>\n<p>J\u0119zyk obcy 2 _ <a href=\"https:\/\/up.lublin.pl\/srodowiskowa\/wp-content\/uploads\/sites\/5\/2024\/02\/Jezyk-obcy-2_Francuski-2.pdf\">Francuski<\/a><\/p>\n<p>J\u0119zyk obcy 2 _ <a href=\"https:\/\/up.lublin.pl\/srodowiskowa\/wp-content\/uploads\/sites\/5\/2024\/02\/Jezyk-obcy-2_Niemiecki-5.pdf\">Niemiecki<\/a><\/p>\n<p>J\u0119zyk obcy 2 _ <a href=\"https:\/\/up.lublin.pl\/srodowiskowa\/wp-content\/uploads\/sites\/5\/2024\/02\/Jezyk-obcy-2_Rosyjski-5.pdf\">Rosyjski<\/a><\/p>\n                                                <\/div>\n                                            <\/li>\n                                        <\/ul>\n\t\t\t\t\t\t                                                        <ul class=\"mn-accordion\">\n                                            <li>\n                                                <h4 class=\"mn-accordion-title\">Semestr III<\/h4>\n                                                <div>\n\t\t\t\t\t\t\t\t\t                <p><a href=\"https:\/\/up.lublin.pl\/srodowiskowa\/wp-content\/uploads\/sites\/5\/2024\/02\/Fizjologia-zwierzat-i-czlowieka-5.pdf\">Fizjologia zwierz\u0105t i&nbsp;cz\u0142owieka<\/a><\/p>\n<p><a href=\"https:\/\/up.lublin.pl\/srodowiskowa\/wp-content\/uploads\/sites\/5\/2024\/02\/Mikrobiologia-ogolna-5.pdf\">Mikrobiologia og\u00f3lna<\/a><\/p>\n<p><a href=\"https:\/\/up.lublin.pl\/srodowiskowa\/wp-content\/uploads\/sites\/5\/2024\/02\/Biologia-komorki-5.pdf\">Biologia kom\u00f3rki<\/a><\/p>\n<p>J\u0119zyk obcy 3 _ <a href=\"https:\/\/up.lublin.pl\/srodowiskowa\/wp-content\/uploads\/sites\/5\/2024\/02\/Jezyk-obcy-3_Angielski-5.pdf\">Angielski<\/a><\/p>\n<p>J\u0119zyk obcy 3 _ <a href=\"https:\/\/up.lublin.pl\/srodowiskowa\/wp-content\/uploads\/sites\/5\/2024\/02\/Jezyk-obcy-3_Francuski-5.pdf\">Francuski<\/a><\/p>\n<p>J\u0119zyk obcy 3 _ <a href=\"https:\/\/up.lublin.pl\/srodowiskowa\/wp-content\/uploads\/sites\/5\/2024\/02\/Jezyk-obcy-3_Niemiecki-6.pdf\">Niemiecki<\/a><\/p>\n<p>J\u0119zyk obcy 3 _ <a href=\"https:\/\/up.lublin.pl\/srodowiskowa\/wp-content\/uploads\/sites\/5\/2024\/02\/Jezyk-obcy-3_Rosyjski-2.pdf\">Rosyjski<\/a><\/p>\n<p>Przedmiot do wyboru blok B&nbsp;\u2013 <a href=\"https:\/\/up.lublin.pl\/srodowiskowa\/wp-content\/uploads\/sites\/5\/2024\/02\/Biofizyka-bialek-5.pdf\">Biofizyka bia\u0142ek<\/a><\/p>\n<p>Przedmiot do wyboru blok B&nbsp;\u2013 <a href=\"https:\/\/up.lublin.pl\/srodowiskowa\/wp-content\/uploads\/sites\/5\/2024\/02\/Fizyczne-metody-badan-w-biologii-1.pdf\">Fizyczne metody bada\u0144 stosowane w&nbsp;biologii<\/a><\/p>\n<p>Przedmiot do wyboru blok C&nbsp;\u2013 <a href=\"https:\/\/up.lublin.pl\/srodowiskowa\/wp-content\/uploads\/sites\/5\/2024\/02\/Katastrofy-ekologiczne-5.pdf\">Katastrofy ekologiczne<\/a><\/p>\n<p>Przedmiot do wyboru blok C&nbsp;\u2013 <a href=\"https:\/\/up.lublin.pl\/srodowiskowa\/wp-content\/uploads\/sites\/5\/2024\/02\/Ekosystemy-wodne-i-ladowe-swiata-6.pdf\">Ekosystemy wodne i&nbsp;l\u0105dowe \u015bwiata<\/a><\/p>\n<p>Przedmiot do wyboru blok D&nbsp;\u2013 <a href=\"https:\/\/up.lublin.pl\/srodowiskowa\/wp-content\/uploads\/sites\/5\/2024\/02\/Ekologia-i-biologia-ryb-5.pdf\">Ekologia i&nbsp;biologia ryb<\/a><\/p>\n<p>Przedmiot do wyboru blok D&nbsp;\u2013 <a href=\"https:\/\/up.lublin.pl\/srodowiskowa\/wp-content\/uploads\/sites\/5\/2024\/02\/Mikrobiologia-wod-5.pdf\">Mikrobiologia w\u00f3d<\/a><\/p>\n<p>Przedmiot do wyboru blok D&nbsp;\u2013 <a href=\"https:\/\/up.lublin.pl\/srodowiskowa\/wp-content\/uploads\/sites\/5\/2024\/02\/Zastosowanie-GIS-w-naukach-przyrodniczych-10.pdf\">Zastosowanie System\u00f3w Informacji Geograficznej (GIS) w&nbsp;naukach przyrodniczych<\/a><\/p>\n<p>Przedmiot do wyboru blok E&nbsp;\u2013 <a href=\"https:\/\/up.lublin.pl\/srodowiskowa\/wp-content\/uploads\/sites\/5\/2024\/02\/Biologiczne-aspekty-inwazji-roslin-6.pdf\">Biologiczne aspekty inwazji ro\u015blin<\/a><\/p>\n<p>Przedmiot do wyboru blok E&nbsp;\u2013 <a href=\"https:\/\/up.lublin.pl\/srodowiskowa\/wp-content\/uploads\/sites\/5\/2024\/02\/Biologia-kwitnienia-i-zapylania-6.pdf\">Biologia kwitnienia i&nbsp;zapylania<\/a><\/p>\n                                                <\/div>\n                                            <\/li>\n                                        <\/ul>\n\t\t\t\t\t\t                                                        <ul class=\"mn-accordion\">\n                                            <li>\n                                                <h4 class=\"mn-accordion-title\">Semestr IV<\/h4>\n                                                <div>\n\t\t\t\t\t\t\t\t\t                <p><a href=\"https:\/\/up.lublin.pl\/srodowiskowa\/wp-content\/uploads\/sites\/5\/2024\/02\/Genetyka-5.pdf\">Genetyka<\/a><\/p>\n<p><a href=\"https:\/\/up.lublin.pl\/srodowiskowa\/wp-content\/uploads\/sites\/5\/2024\/02\/Ekologia-ogolna-5.pdf\">Ekologia og\u00f3lna<\/a><\/p>\n<p><a href=\"https:\/\/up.lublin.pl\/srodowiskowa\/wp-content\/uploads\/sites\/5\/2024\/02\/Biologia-srodowiskowa-i-biogeografia-5.pdf\">Biologia \u015brodowiskowa i&nbsp;biogeografia<\/a><\/p>\n<p>J\u0119zyk obcy 4 _ <a href=\"https:\/\/up.lublin.pl\/srodowiskowa\/wp-content\/uploads\/sites\/5\/2024\/02\/Jezyk-obcy-4_Angielski-2.pdf\">Angielski<\/a><\/p>\n<p>J\u0119zyk obcy 4 _ <a href=\"https:\/\/up.lublin.pl\/srodowiskowa\/wp-content\/uploads\/sites\/5\/2024\/02\/Jezyk-obcy-4_Francuski-2.pdf\">Francuski<\/a><\/p>\n<p>J\u0119zyk obcy 4 _ <a href=\"https:\/\/up.lublin.pl\/srodowiskowa\/wp-content\/uploads\/sites\/5\/2024\/02\/Jezyk-obcy-4_Niemiecki-2.pdf\">Niemiecki<\/a><\/p>\n<p>J\u0119zyk obcy 4 _ <a href=\"https:\/\/up.lublin.pl\/srodowiskowa\/wp-content\/uploads\/sites\/5\/2024\/02\/Jezyk-obcy-4_Rosyjski-2.pdf\">Rosyjski<\/a><\/p>\n<p>Przedmiot do wyboru blok F&nbsp;\u2013 <a href=\"https:\/\/up.lublin.pl\/srodowiskowa\/wp-content\/uploads\/sites\/5\/2024\/02\/Biologia-behawioralna-owadow-spolecznych-5.pdf\">Biologia behawioralna owad\u00f3w spo\u0142ecznych<\/a><\/p>\n<p>Przedmiot do wyboru blok F&nbsp;\u2013 <a href=\"https:\/\/up.lublin.pl\/srodowiskowa\/wp-content\/uploads\/sites\/5\/2024\/03\/Ekofizjologia-owadow-2.pdf\">Ekofizjologia owad\u00f3w<\/a> \/ <a href=\"https:\/\/up.lublin.pl\/srodowiskowa\/wp-content\/uploads\/sites\/5\/2024\/03\/Ecophysiology-of-insects-3.pdf\">Ecophysiology of insects<\/a><\/p>\n<p>Przedmiot do wyboru blok G&nbsp;\u2013 <a href=\"https:\/\/up.lublin.pl\/srodowiskowa\/wp-content\/uploads\/sites\/5\/2024\/02\/Fizjologia-adaptacji-4.pdf\">Fizjologia adaptacji<\/a><\/p>\n<p>Przedmiot do wyboru blok G&nbsp;\u2013 <a href=\"https:\/\/up.lublin.pl\/srodowiskowa\/wp-content\/uploads\/sites\/5\/2024\/02\/Cytobiochemia-i-regulacja-procesow-komorkowych-3.pdf\">Cytobiochemia i&nbsp;regulacja proces\u00f3w kom\u00f3rkowych<\/a><\/p>\n<p>Przedmiot do wyboru blok H&nbsp;\u2013 <a href=\"https:\/\/up.lublin.pl\/srodowiskowa\/wp-content\/uploads\/sites\/5\/2024\/02\/Bezkregowce-w-ekosystemach-antropogenicznych-6.pdf\">Bezkr\u0119gowce w&nbsp;ekosystemach antropogenicznych<\/a><\/p>\n<p>Przedmiot do wyboru blok H&nbsp;\u2013 <a href=\"https:\/\/up.lublin.pl\/srodowiskowa\/wp-content\/uploads\/sites\/5\/2024\/02\/Kregowce-w-ekosystemach-antropogenicznych-6.pdf\">Kr\u0119gowce w&nbsp;ekosystemach antropogenicznych<\/a><\/p>\n<p><a href=\"https:\/\/up.lublin.pl\/srodowiskowa\/wp-content\/uploads\/sites\/5\/2024\/02\/Praktyka_A-7.pdf\">Praktyka zawodowa 3 tyg. obowi\u0105zkowa_A<\/a><\/p>\n<p><a href=\"https:\/\/up.lublin.pl\/srodowiskowa\/wp-content\/uploads\/sites\/5\/2024\/02\/Praktyka_B-6.pdf\">Praktyka zawodowa 3 tyg. obowi\u0105zkowa_B<\/a><\/p>\n<p><a href=\"https:\/\/up.lublin.pl\/srodowiskowa\/wp-content\/uploads\/sites\/5\/2024\/02\/Praktyka_C-6.pdf\">Praktyka zawodowa 3 tyg. obowi\u0105zkowa_C<\/a><\/p>\n                                                <\/div>\n                                            <\/li>\n                                        <\/ul>\n\t\t\t\t\t\t                                                        <ul class=\"mn-accordion\">\n                                            <li>\n                                                <h4 class=\"mn-accordion-title\">Semestr V<\/h4>\n                                                <div>\n\t\t\t\t\t\t\t\t\t                <p><a href=\"https:\/\/up.lublin.pl\/srodowiskowa\/wp-content\/uploads\/sites\/5\/2024\/02\/Biologia-molekularna-i-podstawy-biotechnologii-5.pdf\">Biologia molekularna i&nbsp;podstawy biotechnologii<\/a><\/p>\n<p><a href=\"https:\/\/up.lublin.pl\/srodowiskowa\/wp-content\/uploads\/sites\/5\/2024\/02\/Immunologia-5.pdf\">Immunologia<\/a><\/p>\n<p><a href=\"https:\/\/up.lublin.pl\/srodowiskowa\/wp-content\/uploads\/sites\/5\/2024\/02\/Ochrona-Przyrody-5.pdf\">Ochrona przyrody<\/a><\/p>\n<p><a href=\"https:\/\/up.lublin.pl\/srodowiskowa\/wp-content\/uploads\/sites\/5\/2024\/02\/Szata-roslinna-5.pdf\">Szata ro\u015blinna<\/a><\/p>\n<p><a href=\"https:\/\/up.lublin.pl\/srodowiskowa\/wp-content\/uploads\/sites\/5\/2024\/02\/Protistologia-5.pdf\">Protistologia<\/a><\/p>\n<p>Przedmiot do wyboru blok I&nbsp;\u2013 <a href=\"https:\/\/up.lublin.pl\/srodowiskowa\/wp-content\/uploads\/sites\/5\/2024\/02\/Parazytologia-5.pdf\">Parazytologia<\/a><\/p>\n<p>Przedmiot do wyboru blok I&nbsp;\u2013 <a href=\"https:\/\/up.lublin.pl\/srodowiskowa\/wp-content\/uploads\/sites\/5\/2024\/02\/Human-ecology-5.pdf\">Human ecology<\/a> \/ <a href=\"https:\/\/up.lublin.pl\/srodowiskowa\/wp-content\/uploads\/sites\/5\/2024\/02\/Ekologia-czlowieka-5.pdf\">Ekologia cz\u0142owieka<\/a><\/p>\n<p>Przedmiot do wyboru blok J&nbsp;&#8211; <a href=\"https:\/\/up.lublin.pl\/srodowiskowa\/wp-content\/uploads\/sites\/5\/2024\/02\/Biostymulatory-i-ich-wplyw-na-organizm-2.pdf\">Biostymulatory i&nbsp;ich wp\u0142yw na organizm<\/a><\/p>\n<p>Przedmiot do wyboru blok J&nbsp;\u2013 <a href=\"https:\/\/up.lublin.pl\/srodowiskowa\/wp-content\/uploads\/sites\/5\/2024\/02\/Biochemia-starzenia-sie-bezkregowcow-i-kregowcow-4.pdf\">Biochemia starzenia si\u0119 bezkr\u0119gowc\u00f3w i&nbsp;kr\u0119gowc\u00f3w<\/a><\/p>\n<p><a href=\"https:\/\/up.lublin.pl\/srodowiskowa\/wp-content\/uploads\/sites\/5\/2024\/02\/Seminarium-dyplomowe-1_A-1.pdf\">Seminarium dyplomowe i&nbsp;metodyka wyszukiwania informacji naukowych 1_A<\/a><\/p>\n<p><a href=\"https:\/\/up.lublin.pl\/srodowiskowa\/wp-content\/uploads\/sites\/5\/2024\/02\/Seminarium-dyplomowe-1_B-2.pdf\">Seminarium dyplomowe i&nbsp;metodyka wyszukiwania informacji naukowych 1_B<\/a><\/p>\n                                                <\/div>\n                                            <\/li>\n                                        <\/ul>\n\t\t\t\t\t\t                                                        <ul class=\"mn-accordion\">\n                                            <li>\n                                                <h4 class=\"mn-accordion-title\">Semestr VI<\/h4>\n                                                <div>\n\t\t\t\t\t\t\t\t\t                <p><a href=\"https:\/\/up.lublin.pl\/srodowiskowa\/wp-content\/uploads\/sites\/5\/2024\/02\/Ewolucjonizm-4.pdf\">Ewolucjonizm<\/a><\/p>\n<p><a href=\"https:\/\/up.lublin.pl\/srodowiskowa\/wp-content\/uploads\/sites\/5\/2024\/02\/Hydrobiologia-5.pdf\">Hydrobiologia<\/a><\/p>\n<p><a href=\"https:\/\/up.lublin.pl\/srodowiskowa\/wp-content\/uploads\/sites\/5\/2024\/02\/Ekotoksykologia-5.pdf\">Ekotoksykologia<\/a><\/p>\n<p>Przedmiot do wyboru blok K&nbsp;\u2013 <a href=\"https:\/\/up.lublin.pl\/srodowiskowa\/wp-content\/uploads\/sites\/5\/2024\/02\/Environmental-protection-7.pdf\">Environmental protection<\/a> \/ <a href=\"https:\/\/up.lublin.pl\/srodowiskowa\/wp-content\/uploads\/sites\/5\/2024\/02\/Ochrona-srodowiska-5.pdf\">Ochrona \u015brodowiska<\/a><\/p>\n<p>Przedmiot do wyboru blok K&nbsp;\u2013 <a href=\"https:\/\/up.lublin.pl\/srodowiskowa\/wp-content\/uploads\/sites\/5\/2024\/02\/Metodyka-badan-terenowych-5.pdf\">Metodyka bada\u0144 terenowych<\/a><\/p>\n<p>Przedmiot do wyboru blok L&nbsp;\u2013 <a href=\"https:\/\/up.lublin.pl\/srodowiskowa\/wp-content\/uploads\/sites\/5\/2024\/02\/Bioindykacja-5.pdf\">Bioindykacja<\/a><\/p>\n<p>Przedmiot do wyboru blok L&nbsp;\u2013 <a href=\"https:\/\/up.lublin.pl\/srodowiskowa\/wp-content\/uploads\/sites\/5\/2024\/02\/Ekologia-i-biologia-ptakow-7.pdf\">Ekologia i&nbsp;biologia ptak\u00f3w<\/a><\/p>\n<p>Przedmiot do wyboru blok L&nbsp;\u2013 <a href=\"https:\/\/up.lublin.pl\/srodowiskowa\/wp-content\/uploads\/sites\/5\/2024\/02\/Applied-entomology-5.pdf\">Applied entomology<\/a><\/p>\n<p>Przedmiot do wyboru blok L&nbsp;\u2013 <a href=\"https:\/\/up.lublin.pl\/srodowiskowa\/wp-content\/uploads\/sites\/5\/2024\/02\/Herpetology-6.pdf\">Herpetology<\/a><\/p>\n<p>Przedmiot do wyboru blok M&nbsp;\u2013 <a href=\"https:\/\/up.lublin.pl\/srodowiskowa\/wp-content\/uploads\/sites\/5\/2024\/02\/Mechanizmy-odpornosci-u-bezkregowcow-4.pdf\">Mechanizmy odporno\u015bci u&nbsp;bezkr\u0119gowc\u00f3w<\/a><\/p>\n<p>Przedmiot do wyboru blok M&nbsp;\u2013 <a href=\"https:\/\/up.lublin.pl\/srodowiskowa\/wp-content\/uploads\/sites\/5\/2024\/02\/Mikroorganizmy-antagonistyczne-i-toksynotworcze-4.pdf\">Mikroorganizmy antagonistyczne i&nbsp;toksynotw\u00f3rcze<\/a><\/p>\n<p>Przedmiot do wyboru blok M&nbsp;\u2013 <a href=\"https:\/\/up.lublin.pl\/srodowiskowa\/wp-content\/uploads\/sites\/5\/2024\/02\/Biologia-eksperymentalna-5.pdf\">Biologia eksperymentalna<\/a><\/p>\n<p>Przedmiot do wyboru blok N&nbsp;\u2013 <a href=\"https:\/\/up.lublin.pl\/srodowiskowa\/wp-content\/uploads\/sites\/5\/2024\/02\/Akarologia-5.pdf\">Akarologia<\/a><\/p>\n<p>Przedmiot do wyboru blok N&nbsp;\u2013 <a href=\"https:\/\/up.lublin.pl\/srodowiskowa\/wp-content\/uploads\/sites\/5\/2024\/02\/Zarzadzanie-obszarami-chronionymi-7.pdf\">Zarz\u0105dzanie obszarami chronionymi<\/a><\/p>\n<p>Przedmiot do wyboru blok N&nbsp;\u2013 <a href=\"https:\/\/up.lublin.pl\/srodowiskowa\/wp-content\/uploads\/sites\/5\/2024\/02\/Ekologia-i-biologia-ssakow-5.pdf\">Ekologia i&nbsp;biologia ssak\u00f3w<\/a><\/p>\n<p><a href=\"https:\/\/up.lublin.pl\/srodowiskowa\/wp-content\/uploads\/sites\/5\/2024\/02\/Seminarium-dyplomowe-2_A-1.pdf\">Seminarium dyplomowe 2 _A<\/a><\/p>\n<p><a href=\"https:\/\/up.lublin.pl\/srodowiskowa\/wp-content\/uploads\/sites\/5\/2024\/02\/Seminarium-dyplomowe-2_B-1.pdf\">Seminarium dyplomowe 2 _B<\/a><\/p>\n<p><a href=\"https:\/\/up.lublin.pl\/srodowiskowa\/wp-content\/uploads\/sites\/5\/2024\/02\/Egzamin-dyplomowy-7.pdf\">Egzamin dyplomowy<\/a><\/p>\n                                                <\/div>\n                                            <\/li>\n                                        <\/ul>\n\t\t\t\t\t\t                                <\/div>\n\t\t\t\t                <div class=\"mn-content-block\">\n\t                                <\/div>\n\t\t\t\t                <div class=\"mn-content-block\">\n\t                                <\/div>\n\t\t\t\t                <div class=\"mn-content-block\">\n\t                                <\/div>\n\t\t\t\t                <div class=\"mn-content-block\">\n\t                                <\/div>\n\t\t\t\t                <div class=\"mn-content-block\">\n\t                                <\/div>\n\t\t\t\t                <div class=\"mn-content-block\">\n\t                                <\/div>\n\t\t\t\t                <div class=\"mn-content-block\">\n\t                                <\/div>\n\t\t\t\t                <div class=\"mn-content-block\">\n\t                                <\/div>\n\t\t\t\t                <div class=\"mn-content-block\">\n\t                                <\/div>\n\t\t\t\t                <div class=\"mn-content-block\">\n\t                                <\/div>\n\t\t\t\t                <div class=\"mn-content-block\">\n\t                                <\/div>\n\t\t\t\t                <div class=\"mn-content-block\">\n\t                                <\/div>\n\t\t\t\t                <div class=\"mn-content-block\">\n\t                                <\/div>\n\t\t\t\t                <div class=\"mn-content-block\">\n\t                                <\/div>\n\t\t\t\t                <div class=\"mn-content-block\">\n\t                                <\/div>\n\t\t\t\t                <div class=\"mn-content-block\">\n\t                                <\/div>\n\t\t\t\t                <div class=\"mn-content-block\">\n\t                                <\/div>\n\t\t\t\t                <div class=\"mn-content-block\">\n\t                                <\/div>\n\t\t\t\t                <div class=\"mn-content-block\">\n\t                                <\/div>\n\t\t\t\t\t\t<\/div>\n\t<\/div>\n<\/section>\n\t\t<\/div>\n\t\t\t\t<\/div>\n\t\t\t\t\t\t<\/div>\n\t\t\t\t\t<\/div>\n\t\t<\/div>\n\t\t\t\t\t\t\t\t<\/div>\n\t\t\t\t\t<\/div>\n\t\t<\/section>\n\t\t\t\t\t\t<\/div>\n\t\t\t\t\t\t<\/div>\n\t\t\t\t\t<\/div>\n\t\t","protected":false},"excerpt":{"rendered":"<p>\u2190 powr\u00f3t BIOLOGIA, specjalno\u015b\u0107 BIOLOGIA STOSOWANA studia niestacjonarne I&nbsp;stopnia, nab\u00f3r 2022\/2023 \u00a0 Semestr I Matematyka Fizyka i&nbsp;biofizyka Chemia nieorganiczna i&nbsp;organiczna Botanika og\u00f3lna Ergonomia i&nbsp;BHP (przez 10 tyg.) Ochrona w\u0142asno\u015bci intelektualnej (przez 10 tyg.) Technologia informacyjna Przedsi\u0119biorczo\u015b\u0107 akademicka J\u0119zyk obcy 1 _ Angielski J\u0119zyk obcy 1 _ Francuski J\u0119zyk obcy 1 _ Niemiecki J\u0119zyk obcy 1 [&hellip;]<\/p>\n","protected":false},"author":2,"featured_media":0,"parent":178039,"menu_order":0,"comment_status":"closed","ping_status":"closed","template":"elementor_header_footer","meta":{"_monsterinsights_skip_tracking":false,"_monsterinsights_sitenote_active":false,"_monsterinsights_sitenote_note":"","_monsterinsights_sitenote_category":0},"_links":{"self":[{"href":"https:\/\/up.lublin.pl\/srodowiskowa\/wp-json\/wp\/v2\/pages\/161311"}],"collection":[{"href":"https:\/\/up.lublin.pl\/srodowiskowa\/wp-json\/wp\/v2\/pages"}],"about":[{"href":"https:\/\/up.lublin.pl\/srodowiskowa\/wp-json\/wp\/v2\/types\/page"}],"author":[{"embeddable":true,"href":"https:\/\/up.lublin.pl\/srodowiskowa\/wp-json\/wp\/v2\/users\/2"}],"replies":[{"embeddable":true,"href":"https:\/\/up.lublin.pl\/srodowiskowa\/wp-json\/wp\/v2\/comments?post=161311"}],"version-history":[{"count":46,"href":"https:\/\/up.lublin.pl\/srodowiskowa\/wp-json\/wp\/v2\/pages\/161311\/revisions"}],"predecessor-version":[{"id":167807,"href":"https:\/\/up.lublin.pl\/srodowiskowa\/wp-json\/wp\/v2\/pages\/161311\/revisions\/167807"}],"up":[{"embeddable":true,"href":"https:\/\/up.lublin.pl\/srodowiskowa\/wp-json\/wp\/v2\/pages\/178039"}],"wp:attachment":[{"href":"https:\/\/up.lublin.pl\/srodowiskowa\/wp-json\/wp\/v2\/media?parent=161311"}],"curies":[{"name":"wp","href":"https:\/\/api.w.org\/{rel}","templated":true}]}}