{"id":161246,"date":"2024-02-08T08:21:42","date_gmt":"2024-02-08T07:21:42","guid":{"rendered":"https:\/\/up.lublin.pl\/srodowiskowa\/?page_id=161246"},"modified":"2026-02-18T13:52:05","modified_gmt":"2026-02-18T12:52:05","slug":"1-biologia-stosowana-2023-2024","status":"publish","type":"page","link":"https:\/\/up.lublin.pl\/srodowiskowa\/ksztalcenie\/1-biologia-stosowana-2023-2024\/","title":{"rendered":"Biologia, specjalno\u015b\u0107 biologia stosowana studia stacjonarne I stopnia nab\u00f3r 2023\/2024"},"content":{"rendered":"\t\t<div data-elementor-type=\"wp-page\" data-elementor-id=\"161246\" class=\"elementor elementor-161246\" data-elementor-settings=\"[]\">\n\t\t\t\t\t\t<div class=\"elementor-inner\">\n\t\t\t\t\t\t\t<div class=\"elementor-section-wrap\">\n\t\t\t\t\t\t\t<section class=\"elementor-section elementor-top-section elementor-element elementor-element-3051449c elementor-section-boxed elementor-section-height-default elementor-section-height-default\" data-id=\"3051449c\" data-element_type=\"section\">\n\t\t\t\t\t\t<div class=\"elementor-container elementor-column-gap-default\">\n\t\t\t\t\t\t\t<div class=\"elementor-row\">\n\t\t\t\t\t<div class=\"elementor-column elementor-col-100 elementor-top-column elementor-element elementor-element-28317483\" data-id=\"28317483\" data-element_type=\"column\">\n\t\t\t<div class=\"elementor-column-wrap elementor-element-populated\">\n\t\t\t\t\t\t\t<div class=\"elementor-widget-wrap\">\n\t\t\t\t\t\t<div class=\"elementor-element elementor-element-7f24387f elementor-widget elementor-widget-m5c\" data-id=\"7f24387f\" data-element_type=\"widget\" data-widget_type=\"m5c.default\">\n\t\t\t\t<div class=\"elementor-widget-container\">\n\t\t\t<section class=\"mn-m5-c mn-m5-d2 mn-bg-white\">\n\t<div class=\"mn-grid\">\n\t\t\t\t<div class=\"mn-content mn-grid-9\">\n\t\t\t                <div class=\"mn-content-block active\">\n\t                                                        <div class=\"block-text\">\n\t                                        <h5 style=\"margin-bottom: 20px\"><a href=\"https:\/\/up.lublin.pl\/srodowiskowa\/ksztalcenie\/\">\u2190 powr\u00f3t<\/a><\/h5>\n<h1 style=\"text-align: center\"><strong>BIOLOGIA, <em>specjalno\u015b\u0107<\/em> BIOLOGIA STOSOWANA<\/strong><\/h1>\n<h1 style=\"text-align: center\"><strong>studia stacjonarne I&nbsp;stopnia, <\/strong><strong>nab\u00f3r 2023\/2024<\/strong><\/h1>\n<p><strong>\u00a0<\/strong><\/p>\n                                        <\/div>\n\t\t\t\t\t\t                                                        <ul class=\"mn-accordion\">\n                                            <li>\n                                                <h4 class=\"mn-accordion-title\">Semestr I<\/h4>\n                                                <div>\n\t\t\t\t\t\t\t\t\t                <p><a href=\"https:\/\/up.lublin.pl\/srodowiskowa\/wp-content\/uploads\/sites\/5\/2024\/02\/Matematyka-3.pdf\">Matematyka<\/a><\/p>\n<p><a href=\"https:\/\/up.lublin.pl\/srodowiskowa\/wp-content\/uploads\/sites\/5\/2024\/02\/Fizyka_i_Biofizyka-2.pdf\">Fizyka i\u00a0biofizyka<\/a><\/p>\n<p><a href=\"https:\/\/up.lublin.pl\/srodowiskowa\/wp-content\/uploads\/sites\/5\/2024\/02\/Chemia-nieorganiczna-i-organiczna-3.pdf\">Chemia nieorganiczna i\u00a0organiczna<\/a><\/p>\n<p><a href=\"https:\/\/up.lublin.pl\/srodowiskowa\/wp-content\/uploads\/sites\/5\/2024\/02\/Botanika-ogolna-3.pdf\">Botanika og\u00f3lna<\/a><\/p>\n<p><a href=\"https:\/\/up.lublin.pl\/srodowiskowa\/wp-content\/uploads\/sites\/5\/2024\/02\/Ergonomia-i-bhp-3.pdf\">Ergonomia i\u00a0BHP (przez 10 tyg.)<\/a><\/p>\n<p><a href=\"https:\/\/up.lublin.pl\/srodowiskowa\/wp-content\/uploads\/sites\/5\/2024\/02\/Ochrona-wlasnosci-intelektualnej-3.pdf\">Ochrona w\u0142asno\u015bci intelektualnej (przez 10 tyg.)<\/a><\/p>\n<p><a href=\"https:\/\/up.lublin.pl\/srodowiskowa\/wp-content\/uploads\/sites\/5\/2024\/02\/Technologia-informacyjna-3.pdf\">Technologia informacyjna<\/a><\/p>\n<p><a href=\"https:\/\/up.lublin.pl\/srodowiskowa\/wp-content\/uploads\/sites\/5\/2024\/02\/Przedsiebiorczosc-akademicka-2.pdf\">Przedsi\u0119biorczo\u015b\u0107 akademicka<\/a><\/p>\n<p><a href=\"https:\/\/up.lublin.pl\/srodowiskowa\/wp-content\/uploads\/sites\/5\/2024\/02\/Wychowanie-fizyczne-1_A-2.pdf\">Wychowanie fizyczne 1_A<\/a><\/p>\n<p><a href=\"https:\/\/up.lublin.pl\/srodowiskowa\/wp-content\/uploads\/sites\/5\/2024\/02\/Wychowanie-fizyczne-1_B-2.pdf\">Wychowanie fizyczne 1_B<\/a><\/p>\n<p>Przedmiot humanistyczny blok A&nbsp;\u2013 <a href=\"https:\/\/up.lublin.pl\/srodowiskowa\/wp-content\/uploads\/sites\/5\/2024\/02\/Komunikacja-interpersonalna-3.pdf\">Komunikacja interpersonalna<\/a><\/p>\n<p>Przedmiot humanistyczny blok A&nbsp;\u2013 <a href=\"https:\/\/up.lublin.pl\/srodowiskowa\/wp-content\/uploads\/sites\/5\/2024\/02\/Public-relations-4.pdf\">Public relations<\/a><\/p>\n<p>Przedmiot humanistyczny blok A&nbsp;\u2013 <a href=\"https:\/\/up.lublin.pl\/srodowiskowa\/wp-content\/uploads\/sites\/5\/2024\/02\/Etyka-3.pdf\">Etyka<\/a><\/p>\n                                                <\/div>\n                                            <\/li>\n                                        <\/ul>\n\t\t\t\t\t\t                                                        <ul class=\"mn-accordion\">\n                                            <li>\n                                                <h4 class=\"mn-accordion-title\">Semestr II<\/h4>\n                                                <div>\n\t\t\t\t\t\t\t\t\t                <p><a href=\"https:\/\/up.lublin.pl\/srodowiskowa\/wp-content\/uploads\/sites\/5\/2024\/02\/Zoologia-3.pdf\">Zoologia<\/a><\/p>\n<p><a href=\"https:\/\/up.lublin.pl\/srodowiskowa\/wp-content\/uploads\/sites\/5\/2024\/02\/Botanika-systematyczna-3.pdf\">Botanika systematyczna<\/a><\/p>\n<p><a href=\"https:\/\/up.lublin.pl\/srodowiskowa\/wp-content\/uploads\/sites\/5\/2024\/02\/Anatomia-zwierzat-i-czlowieka-3.pdf\">Anatomia zwierz\u0105t i\u00a0cz\u0142owieka<\/a><\/p>\n<p><a href=\"https:\/\/up.lublin.pl\/srodowiskowa\/wp-content\/uploads\/sites\/5\/2024\/02\/Fizjologia-roslin-3.pdf\">Fizjologia ro\u015blin<\/a><\/p>\n<p><a href=\"https:\/\/up.lublin.pl\/srodowiskowa\/wp-content\/uploads\/sites\/5\/2024\/02\/Biochemia-3.pdf\">Biochemia<\/a><\/p>\n<p>J\u0119zyk obcy 1_ <a href=\"https:\/\/up.lublin.pl\/srodowiskowa\/wp-content\/uploads\/sites\/5\/2024\/02\/Jezyk-obcy-1_Angielski-3.pdf\">Angielski<\/a><\/p>\n<p>J\u0119zyk obcy 1_ <a href=\"https:\/\/up.lublin.pl\/srodowiskowa\/wp-content\/uploads\/sites\/5\/2024\/02\/Jezyk-obcy-1_Francuski-3.pdf\">Francuski<\/a><\/p>\n<p>J\u0119zyk obcy 1_ <a href=\"https:\/\/up.lublin.pl\/srodowiskowa\/wp-content\/uploads\/sites\/5\/2024\/02\/Jezyk-obcy-1_Niemiecki-3.pdf\">Niemiecki<\/a><\/p>\n<p>J\u0119zyk obcy 1_ <a href=\"https:\/\/up.lublin.pl\/srodowiskowa\/wp-content\/uploads\/sites\/5\/2024\/02\/Jezyk-obcy-1_Rosyjski-3.pdf\">Rosyjski<\/a><\/p>\n<p><a href=\"https:\/\/up.lublin.pl\/srodowiskowa\/wp-content\/uploads\/sites\/5\/2024\/02\/Wychowanie-fizyczne-2_A-3.pdf\">Wychowanie fizyczne 2_A<\/a><\/p>\n<p><a href=\"https:\/\/up.lublin.pl\/srodowiskowa\/wp-content\/uploads\/sites\/5\/2024\/02\/Wychowanie-fizyczne-2_B-2.pdf\">Wychowanie fizyczne 2_B<\/a><\/p>\n                                                <\/div>\n                                            <\/li>\n                                        <\/ul>\n\t\t\t\t\t\t                                                        <ul class=\"mn-accordion\">\n                                            <li>\n                                                <h4 class=\"mn-accordion-title\">Semestr III<\/h4>\n                                                <div>\n\t\t\t\t\t\t\t\t\t                <p><a href=\"https:\/\/up.lublin.pl\/srodowiskowa\/wp-content\/uploads\/sites\/5\/2024\/02\/Fizjologia-zwierzat-i-czlowieka-3.pdf\">Fizjologia zwierz\u0105t i\u00a0cz\u0142owieka<\/a><\/p>\n<p><a href=\"https:\/\/up.lublin.pl\/srodowiskowa\/wp-content\/uploads\/sites\/5\/2024\/02\/Mikrobiologia-ogolna-3.pdf\">Mikrobiologia og\u00f3lna<\/a><\/p>\n<p><a href=\"https:\/\/up.lublin.pl\/srodowiskowa\/wp-content\/uploads\/sites\/5\/2024\/02\/Biologia-komorki-3.pdf\">Biologia kom\u00f3rki<\/a><\/p>\n<p>J\u0119zyk obcy 2_ <a href=\"https:\/\/up.lublin.pl\/srodowiskowa\/wp-content\/uploads\/sites\/5\/2024\/02\/Jezyk-obcy-2_Angielski-3.pdf\">Angielski<\/a><\/p>\n<p>J\u0119zyk obcy 2_ <a href=\"https:\/\/up.lublin.pl\/srodowiskowa\/wp-content\/uploads\/sites\/5\/2024\/02\/Jezyk-Obcy-2_Francuski-2.pdf\">Francuski<\/a><\/p>\n<p>J\u0119zyk obcy 2_ <a href=\"https:\/\/up.lublin.pl\/srodowiskowa\/wp-content\/uploads\/sites\/5\/2024\/02\/Jezyk-obcy-2_Niemiecki-3.pdf\">Niemiecki<\/a><\/p>\n<p>J\u0119zyk obcy 2_ <a href=\"https:\/\/up.lublin.pl\/srodowiskowa\/wp-content\/uploads\/sites\/5\/2024\/02\/Jezyk-obcy-2_Rosyjski-3.pdf\">Rosyjski<\/a><\/p>\n<p>Przedmiot do wyboru blok B&nbsp;\u2013 <a href=\"https:\/\/up.lublin.pl\/srodowiskowa\/wp-content\/uploads\/sites\/5\/2024\/02\/Biofizyka-bialek-3.pdf\">Biofizyka bia\u0142ek<\/a><\/p>\n<p>Przedmiot do wyboru blok B&nbsp;\u2013 <a href=\"https:\/\/up.lublin.pl\/srodowiskowa\/wp-content\/uploads\/sites\/5\/2024\/02\/Barwniki-fluorescencyjne-w-biologii-molekularnej-2.pdf\">Barwniki fluorescencyjne w&nbsp;biologii molekularnej<\/a><\/p>\n<p>Przedmiot do wyboru blok C&nbsp;\u2013 <a href=\"https:\/\/up.lublin.pl\/srodowiskowa\/wp-content\/uploads\/sites\/5\/2024\/02\/Katastrofy-ekologiczne-3.pdf\">Katastrofy ekologiczne<\/a><\/p>\n<p>Przedmiot do wyboru blok C&nbsp;\u2013 <a href=\"https:\/\/up.lublin.pl\/srodowiskowa\/wp-content\/uploads\/sites\/5\/2024\/02\/Ekosystemy-wodne-i-ladowe-swiata-4.pdf\">Ekosystemy wodne i&nbsp;l\u0105dowe \u015bwiata<\/a><\/p>\n<p>Przedmiot do wyboru blok D&nbsp;\u2013 <a href=\"https:\/\/up.lublin.pl\/srodowiskowa\/wp-content\/uploads\/sites\/5\/2024\/02\/Ekologia-i-biologia-ryb-3.pdf\">Ekologia i\u00a0biologia ryb<\/a><\/p>\n<p>Przedmiot do wyboru blok D&nbsp;\u2013 <a href=\"https:\/\/up.lublin.pl\/srodowiskowa\/wp-content\/uploads\/sites\/5\/2024\/02\/Mikrobiologia-wod-3.pdf\">Mikrobiologia w\u00f3d<\/a><\/p>\n<p>Przedmiot do wyboru blok D&nbsp;\u2013 <a href=\"https:\/\/up.lublin.pl\/srodowiskowa\/wp-content\/uploads\/sites\/5\/2024\/02\/Zastosowanie-GIS-w-badaniach-biologicznych-1.pdf\">Zastosowanie System\u00f3w Informacji Geograficznej (GIS) w\u00a0naukach przyrodniczych<\/a><\/p>\n<p>Przedmiot do wyboru blok E&nbsp;\u2013 <a href=\"https:\/\/up.lublin.pl\/srodowiskowa\/wp-content\/uploads\/sites\/5\/2024\/02\/Biologiczne-aspekty-inwazji-roslin-4.pdf\">Biologiczne aspekty inwazji ro\u015blin<\/a><\/p>\n<p>Przedmiot do wyboru blok E&nbsp;\u2013 <a href=\"https:\/\/up.lublin.pl\/srodowiskowa\/wp-content\/uploads\/sites\/5\/2024\/02\/Biologia-kwitnienia-i-zapylania-4.pdf\">Biologia kwitnienia i\u00a0zapylania<\/a><\/p>\n                                                <\/div>\n                                            <\/li>\n                                        <\/ul>\n\t\t\t\t\t\t                                                        <ul class=\"mn-accordion\">\n                                            <li>\n                                                <h4 class=\"mn-accordion-title\">Semestr IV<\/h4>\n                                                <div>\n\t\t\t\t\t\t\t\t\t                <p><a href=\"https:\/\/up.lublin.pl\/srodowiskowa\/wp-content\/uploads\/sites\/5\/2024\/02\/Genetyka-3.pdf\">Genetyka<\/a><\/p>\n<p><a href=\"https:\/\/up.lublin.pl\/srodowiskowa\/wp-content\/uploads\/sites\/5\/2024\/02\/Ekologia-ogolna-3.pdf\">Ekologia og\u00f3lna<\/a><\/p>\n<p><a href=\"https:\/\/up.lublin.pl\/srodowiskowa\/wp-content\/uploads\/sites\/5\/2024\/02\/Biologia-srodowiskowa-i-biogeografia-3.pdf\">Biologia \u015brodowiskowa i\u00a0biogeografia<\/a><\/p>\n<p>J\u0119zyk obcy 3_ <a href=\"https:\/\/up.lublin.pl\/srodowiskowa\/wp-content\/uploads\/sites\/5\/2024\/02\/Jezyk-obcy-3_Angielski-3.pdf\">Angielski<\/a><\/p>\n<p>J\u0119zyk obcy 3_ <a href=\"https:\/\/up.lublin.pl\/srodowiskowa\/wp-content\/uploads\/sites\/5\/2024\/02\/Jezyk-obcy-3_Francuski-3.pdf\">Francuski<\/a><\/p>\n<p>J\u0119zyk obcy 3_ <a href=\"https:\/\/up.lublin.pl\/srodowiskowa\/wp-content\/uploads\/sites\/5\/2024\/02\/Jezyk-obcy-3_Niemiecki-3.pdf\">Niemiecki<\/a><\/p>\n<p>J\u0119zyk obcy 3_ <a href=\"https:\/\/up.lublin.pl\/srodowiskowa\/wp-content\/uploads\/sites\/5\/2024\/02\/jezyk-obcy-3_Rosyjski3-2.pdf\">Rosyjski<\/a><\/p>\n<p>Przedmiot do wyboru blok F&nbsp;\u2013 <a href=\"https:\/\/up.lublin.pl\/srodowiskowa\/wp-content\/uploads\/sites\/5\/2024\/02\/Biologia-behawioralna-owadow-spolecznych-3.pdf\">Biologia behawioralna owad\u00f3w spo\u0142ecznych<\/a><\/p>\n<p>Przedmiot do wyboru blok F&nbsp;\u2013 <a href=\"https:\/\/up.lublin.pl\/srodowiskowa\/wp-content\/uploads\/sites\/5\/2024\/02\/Ekofizjologia-owadow-2023-2024.pdf\">Ekofizjologia owad\u00f3w<\/a>\/ <a href=\"https:\/\/up.lublin.pl\/srodowiskowa\/wp-content\/uploads\/sites\/5\/2024\/02\/Ecophysiology-of-insects-2023-2024.pdf\">Ecophysiology of insects<\/a><\/p>\n<p>Przedmiot do wyboru blok G&nbsp;\u2013 <a href=\"https:\/\/up.lublin.pl\/srodowiskowa\/wp-content\/uploads\/sites\/5\/2024\/02\/Fizjologia-adaptacji-2.pdf\">Fizjologia adaptacji<\/a><\/p>\n<p>Przedmiot do wyboru blok G&nbsp;\u2013 <a href=\"https:\/\/up.lublin.pl\/srodowiskowa\/wp-content\/uploads\/sites\/5\/2024\/02\/Cytobiochemia-i-regulacja-procesow-komorkowych-1.pdf\">Cytobiochemia i\u00a0regulacja proces\u00f3w kom\u00f3rkowych<\/a><\/p>\n<p>Przedmiot do wyboru blok H&nbsp;\u2013 <a href=\"https:\/\/up.lublin.pl\/srodowiskowa\/wp-content\/uploads\/sites\/5\/2024\/02\/Bezkregowce-w-ekosystemach-antropogenicznych-4.pdf\">Bezkr\u0119gowce w\u00a0ekosystemach antropogenicznych<\/a><\/p>\n<p>Przedmiot do wyboru blok H&nbsp;\u2013 <a href=\"https:\/\/up.lublin.pl\/srodowiskowa\/wp-content\/uploads\/sites\/5\/2024\/02\/Kregowce-w-ekosystemach-antropogenicznych-4.pdf\">Kr\u0119gowce w\u00a0ekosystemach antropogenicznych<\/a><\/p>\n<p><a href=\"https:\/\/up.lublin.pl\/srodowiskowa\/wp-content\/uploads\/sites\/5\/2024\/02\/Praktyka_A-5.pdf\">Praktyka zawodowa 3 tyg. obowi\u0105zkowa_A<\/a><\/p>\n<p><a href=\"https:\/\/up.lublin.pl\/srodowiskowa\/wp-content\/uploads\/sites\/5\/2024\/02\/Praktyka_B-4.pdf\">Praktyka zawodowa 3 tyg. obowi\u0105zkowa_B<\/a><\/p>\n<p><a href=\"https:\/\/up.lublin.pl\/srodowiskowa\/wp-content\/uploads\/sites\/5\/2024\/02\/Praktyka_C-4.pdf\">Praktyka zawodowa 3 tyg. obowi\u0105zkowa_C<\/a><\/p>\n                                                <\/div>\n                                            <\/li>\n                                        <\/ul>\n\t\t\t\t\t\t                                                        <ul class=\"mn-accordion\">\n                                            <li>\n                                                <h4 class=\"mn-accordion-title\">Semestr V<\/h4>\n                                                <div>\n\t\t\t\t\t\t\t\t\t                <p><a href=\"https:\/\/up.lublin.pl\/srodowiskowa\/wp-content\/uploads\/sites\/5\/2024\/02\/Biologia-molekularna-i-podstawy-biotechnologii-3.pdf\">Biologia molekularna i\u00a0podstawy biotechnologii<\/a><\/p>\n<p><a href=\"https:\/\/up.lublin.pl\/srodowiskowa\/wp-content\/uploads\/sites\/5\/2024\/02\/Immunologia-3.pdf\">Immunologia<\/a><\/p>\n<p><a href=\"https:\/\/up.lublin.pl\/srodowiskowa\/wp-content\/uploads\/sites\/5\/2024\/02\/Ochrona-Przyrody-3.pdf\">Ochrona przyrody<\/a><\/p>\n<p><a href=\"https:\/\/up.lublin.pl\/srodowiskowa\/wp-content\/uploads\/sites\/5\/2024\/02\/Szata-roslinna-3.pdf\">Szata ro\u015blinna<\/a><\/p>\n<p>Przedmiot do wyboru blok I&nbsp;\u2013 <a href=\"https:\/\/up.lublin.pl\/srodowiskowa\/wp-content\/uploads\/sites\/5\/2024\/02\/Protistologia-3.pdf\">Protistologia<\/a><\/p>\n<p>Przedmiot do wyboru blok I&nbsp;\u2013 <a href=\"https:\/\/up.lublin.pl\/srodowiskowa\/wp-content\/uploads\/sites\/5\/2024\/02\/Fykologia-2.pdf\">Fykologia<\/a><\/p>\n<p>Przedmiot do wyboru blok J&nbsp;\u2013 <a href=\"https:\/\/up.lublin.pl\/srodowiskowa\/wp-content\/uploads\/sites\/5\/2024\/02\/Parazytologia-3.pdf\">Parazytologia<\/a><\/p>\n<p>Przedmiot do wyboru blok J\u00a0 \u2013 <a href=\"https:\/\/up.lublin.pl\/srodowiskowa\/wp-content\/uploads\/sites\/5\/2024\/02\/Human-ecology-3.pdf\">Human ecology<\/a> \/ <a href=\"https:\/\/up.lublin.pl\/srodowiskowa\/wp-content\/uploads\/sites\/5\/2024\/02\/Ekologia-czlowieka-3.pdf\">Ekologia cz\u0142owieka<\/a><\/p>\n<p>Przedmiot do wyboru blok K&nbsp;\u2013 <a href=\"https:\/\/up.lublin.pl\/srodowiskowa\/wp-content\/uploads\/sites\/5\/2024\/02\/Biostymulatory-i-ich-wplyw-na-organizm-1.pdf\">Biostymulatory i\u00a0ich wp\u0142yw na organizm<\/a><\/p>\n<p>Przedmiot do wyboru blok K&nbsp;\u2013 <a href=\"https:\/\/up.lublin.pl\/srodowiskowa\/wp-content\/uploads\/sites\/5\/2024\/02\/Biochemia-starzenia-sie-bezkregowcow-i-kregowcow-2.pdf\">Biochemia starzenia si\u0119 bezkr\u0119gowc\u00f3w i\u00a0kr\u0119gowc\u00f3w<\/a><\/p>\n<p><a href=\"https:\/\/up.lublin.pl\/srodowiskowa\/wp-content\/uploads\/sites\/5\/2024\/02\/Seminarium-dyplomowe_1_A-3.pdf\">Seminarium dyplomowe i\u00a0metodyka wyszukiwania informacji naukowych 1_A<\/a><\/p>\n<p><a href=\"https:\/\/up.lublin.pl\/srodowiskowa\/wp-content\/uploads\/sites\/5\/2024\/02\/Seminarium-dyplomowe_1_B-3.pdf\">Seminarium dyplomowe i\u00a0metodyka wyszukiwania informacji naukowych 1_B<\/a><\/p>\n                                                <\/div>\n                                            <\/li>\n                                        <\/ul>\n\t\t\t\t\t\t                                                        <ul class=\"mn-accordion\">\n                                            <li>\n                                                <h4 class=\"mn-accordion-title\">Semestr VI<\/h4>\n                                                <div>\n\t\t\t\t\t\t\t\t\t                <p><a href=\"https:\/\/up.lublin.pl\/srodowiskowa\/wp-content\/uploads\/sites\/5\/2024\/04\/Ewolucjonizm.pdf\">Ewolucjonizm<\/a><\/p>\n<p><a href=\"https:\/\/up.lublin.pl\/srodowiskowa\/wp-content\/uploads\/sites\/5\/2024\/02\/Hydrobiologia-3.pdf\">Hydrobiologia<\/a><\/p>\n<p><a href=\"https:\/\/up.lublin.pl\/srodowiskowa\/wp-content\/uploads\/sites\/5\/2024\/02\/Ekotoksykologia-3.pdf\">Ekotoksykologia<\/a><\/p>\n<p>Przedmiot do wyboru blok L&nbsp;\u2013 <a href=\"https:\/\/up.lublin.pl\/srodowiskowa\/wp-content\/uploads\/sites\/5\/2024\/02\/Environmental-protection-5.pdf\">Environmental protection<\/a> \/ <a href=\"https:\/\/up.lublin.pl\/srodowiskowa\/wp-content\/uploads\/sites\/5\/2024\/02\/Ochrona-srodowiska-3.pdf\">Ochrona \u015brodowiska<\/a><\/p>\n<p>Przedmiot do wyboru blok L&nbsp;\u2013 <a href=\"https:\/\/up.lublin.pl\/srodowiskowa\/wp-content\/uploads\/sites\/5\/2024\/02\/Metodyka-badan-terenowych-3.pdf\">Metodyka bada\u0144 terenowych<\/a><\/p>\n<p>Przedmiot do wyboru blok M&nbsp;\u2013 <a href=\"https:\/\/up.lublin.pl\/srodowiskowa\/wp-content\/uploads\/sites\/5\/2024\/02\/Bioindykacja-3.pdf\">Bioindykacja<\/a><\/p>\n<p>Przedmiot do wyboru blok M&nbsp;\u2013 <a href=\"https:\/\/up.lublin.pl\/srodowiskowa\/wp-content\/uploads\/sites\/5\/2024\/02\/Ekologia-i-biologia-ptakow-5.pdf\">Ekologia i\u00a0biologia ptak\u00f3w<\/a><\/p>\n<p>Przedmiot do wyboru blok M&nbsp;\u2013 <a href=\"https:\/\/up.lublin.pl\/srodowiskowa\/wp-content\/uploads\/sites\/5\/2024\/02\/Applied-entomology-3.pdf\">Applied entomology<\/a><\/p>\n<p>Przedmiot do wyboru blok M&nbsp;\u2013 <a href=\"https:\/\/up.lublin.pl\/srodowiskowa\/wp-content\/uploads\/sites\/5\/2024\/02\/Herpetology-4.pdf\">Herpetology<\/a><\/p>\n<p>Przedmiot do wyboru blok N&nbsp;\u2013 <a href=\"https:\/\/up.lublin.pl\/srodowiskowa\/wp-content\/uploads\/sites\/5\/2024\/02\/Mechanizmy-odpornosci-u-bezkregowcow-2.pdf\">Mechanizmy odporno\u015bci u\u00a0bezkr\u0119gowc\u00f3w<\/a><\/p>\n<p>Przedmiot do wyboru blok N&nbsp;\u2013 <a href=\"https:\/\/up.lublin.pl\/srodowiskowa\/wp-content\/uploads\/sites\/5\/2024\/02\/Mikroorganizmy-antagonistyczne-i-toksynotworcze-2.pdf\">Mikroorganizmy antagonistyczne i\u00a0toksynotw\u00f3rcze<\/a><\/p>\n<p>Przedmiot do wyboru blok N&nbsp;\u2013 <a href=\"https:\/\/up.lublin.pl\/srodowiskowa\/wp-content\/uploads\/sites\/5\/2024\/02\/Biologia-eksperymentalna-4.pdf\">Biologia eksperymentalna<\/a><\/p>\n<p>Przedmiot do wyboru blok O&nbsp;\u2013 <a href=\"https:\/\/up.lublin.pl\/srodowiskowa\/wp-content\/uploads\/sites\/5\/2024\/02\/Akarologia-3.pdf\">Akarologia<\/a><\/p>\n<p>Przedmiot do wyboru blok O&nbsp;\u2013 <a href=\"https:\/\/up.lublin.pl\/srodowiskowa\/wp-content\/uploads\/sites\/5\/2024\/02\/Zarzadzanie-obszarami-chronionymi-5.pdf\">Zarz\u0105dzanie obszarami chronionymi<\/a><\/p>\n<p>Przedmiot do wyboru blok O&nbsp;\u2013 <a href=\"https:\/\/up.lublin.pl\/srodowiskowa\/wp-content\/uploads\/sites\/5\/2024\/02\/Ekologia-i-biologia-ssakow-3.pdf\">Ekologia i\u00a0biologia ssak\u00f3w<\/a><\/p>\n<p><a href=\"https:\/\/up.lublin.pl\/srodowiskowa\/wp-content\/uploads\/sites\/5\/2024\/02\/Seminarium-dyplomowe_2-_A-4.pdf\">Seminarium dyplomowe 2 _A<\/a><\/p>\n<p><a href=\"https:\/\/up.lublin.pl\/srodowiskowa\/wp-content\/uploads\/sites\/5\/2024\/02\/Seminarium-dyplomowe_2-_B-2.pdf\">Seminarium dyplomowe 2 _B<\/a><\/p>\n<p><a href=\"https:\/\/up.lublin.pl\/srodowiskowa\/wp-content\/uploads\/sites\/5\/2024\/02\/Egzamin-dyplomowy-5.pdf\">Egzamin dyplomowy<\/a><\/p>\n                                                <\/div>\n                                            <\/li>\n                                        <\/ul>\n\t\t\t\t\t\t                                <\/div>\n\t\t\t\t                <div class=\"mn-content-block\">\n\t                                <\/div>\n\t\t\t\t                <div class=\"mn-content-block\">\n\t                                <\/div>\n\t\t\t\t                <div class=\"mn-content-block\">\n\t                                <\/div>\n\t\t\t\t                <div class=\"mn-content-block\">\n\t                                <\/div>\n\t\t\t\t                <div class=\"mn-content-block\">\n\t                                <\/div>\n\t\t\t\t                <div class=\"mn-content-block\">\n\t                                <\/div>\n\t\t\t\t                <div class=\"mn-content-block\">\n\t                                <\/div>\n\t\t\t\t                <div class=\"mn-content-block\">\n\t                                <\/div>\n\t\t\t\t                <div class=\"mn-content-block\">\n\t                                <\/div>\n\t\t\t\t                <div class=\"mn-content-block\">\n\t                                <\/div>\n\t\t\t\t                <div class=\"mn-content-block\">\n\t                                <\/div>\n\t\t\t\t                <div class=\"mn-content-block\">\n\t                                <\/div>\n\t\t\t\t                <div class=\"mn-content-block\">\n\t                                <\/div>\n\t\t\t\t                <div class=\"mn-content-block\">\n\t                                <\/div>\n\t\t\t\t                <div class=\"mn-content-block\">\n\t                                <\/div>\n\t\t\t\t                <div class=\"mn-content-block\">\n\t                                <\/div>\n\t\t\t\t                <div class=\"mn-content-block\">\n\t                                <\/div>\n\t\t\t\t                <div class=\"mn-content-block\">\n\t                                <\/div>\n\t\t\t\t                <div class=\"mn-content-block\">\n\t                                <\/div>\n\t\t\t\t\t\t<\/div>\n\t<\/div>\n<\/section>\n\t\t<\/div>\n\t\t\t\t<\/div>\n\t\t\t\t\t\t<\/div>\n\t\t\t\t\t<\/div>\n\t\t<\/div>\n\t\t\t\t\t\t\t\t<\/div>\n\t\t\t\t\t<\/div>\n\t\t<\/section>\n\t\t\t\t\t\t<\/div>\n\t\t\t\t\t\t<\/div>\n\t\t\t\t\t<\/div>\n\t\t","protected":false},"excerpt":{"rendered":"<p>\u2190 powr\u00f3t BIOLOGIA, specjalno\u015b\u0107 BIOLOGIA STOSOWANA studia stacjonarne I&nbsp;stopnia, nab\u00f3r 2023\/2024 \u00a0 Semestr I Matematyka Fizyka i\u00a0biofizyka Chemia nieorganiczna i\u00a0organiczna Botanika og\u00f3lna Ergonomia i\u00a0BHP (przez 10 tyg.) Ochrona w\u0142asno\u015bci intelektualnej (przez 10 tyg.) Technologia informacyjna Przedsi\u0119biorczo\u015b\u0107 akademicka Wychowanie fizyczne 1_A Wychowanie fizyczne 1_B Przedmiot humanistyczny blok A&nbsp;\u2013 Komunikacja interpersonalna Przedmiot humanistyczny blok A&nbsp;\u2013 Public relations [&hellip;]<\/p>\n","protected":false},"author":2,"featured_media":0,"parent":178039,"menu_order":0,"comment_status":"closed","ping_status":"closed","template":"elementor_header_footer","meta":{"_monsterinsights_skip_tracking":false,"_monsterinsights_sitenote_active":false,"_monsterinsights_sitenote_note":"","_monsterinsights_sitenote_category":0},"_links":{"self":[{"href":"https:\/\/up.lublin.pl\/srodowiskowa\/wp-json\/wp\/v2\/pages\/161246"}],"collection":[{"href":"https:\/\/up.lublin.pl\/srodowiskowa\/wp-json\/wp\/v2\/pages"}],"about":[{"href":"https:\/\/up.lublin.pl\/srodowiskowa\/wp-json\/wp\/v2\/types\/page"}],"author":[{"embeddable":true,"href":"https:\/\/up.lublin.pl\/srodowiskowa\/wp-json\/wp\/v2\/users\/2"}],"replies":[{"embeddable":true,"href":"https:\/\/up.lublin.pl\/srodowiskowa\/wp-json\/wp\/v2\/comments?post=161246"}],"version-history":[{"count":70,"href":"https:\/\/up.lublin.pl\/srodowiskowa\/wp-json\/wp\/v2\/pages\/161246\/revisions"}],"predecessor-version":[{"id":168933,"href":"https:\/\/up.lublin.pl\/srodowiskowa\/wp-json\/wp\/v2\/pages\/161246\/revisions\/168933"}],"up":[{"embeddable":true,"href":"https:\/\/up.lublin.pl\/srodowiskowa\/wp-json\/wp\/v2\/pages\/178039"}],"wp:attachment":[{"href":"https:\/\/up.lublin.pl\/srodowiskowa\/wp-json\/wp\/v2\/media?parent=161246"}],"curies":[{"name":"wp","href":"https:\/\/api.w.org\/{rel}","templated":true}]}}