{"id":150426,"date":"2022-06-02T13:05:44","date_gmt":"2022-06-02T11:05:44","guid":{"rendered":"https:\/\/up.lublin.pl\/srodowiskowa\/?page_id=150426"},"modified":"2025-10-28T11:43:39","modified_gmt":"2025-10-28T10:43:39","slug":"skn-zoologow","status":"publish","type":"page","link":"https:\/\/up.lublin.pl\/srodowiskowa\/skn-zoologow\/","title":{"rendered":"Studenckie Ko\u0142o Naukowe Zoolog\u00f3w"},"content":{"rendered":"\t\t<div data-elementor-type=\"wp-page\" data-elementor-id=\"150426\" class=\"elementor elementor-150426\" data-elementor-settings=\"[]\">\n\t\t\t\t\t\t<div class=\"elementor-inner\">\n\t\t\t\t\t\t\t<div class=\"elementor-section-wrap\">\n\t\t\t\t\t\t\t<section class=\"elementor-section elementor-top-section elementor-element elementor-element-aa9db20 elementor-section-boxed elementor-section-height-default elementor-section-height-default\" data-id=\"aa9db20\" data-element_type=\"section\">\n\t\t\t\t\t\t<div class=\"elementor-container elementor-column-gap-default\">\n\t\t\t\t\t\t\t<div class=\"elementor-row\">\n\t\t\t\t\t<div class=\"elementor-column elementor-col-100 elementor-top-column elementor-element elementor-element-e05448f\" data-id=\"e05448f\" data-element_type=\"column\">\n\t\t\t<div class=\"elementor-column-wrap elementor-element-populated\">\n\t\t\t\t\t\t\t<div class=\"elementor-widget-wrap\">\n\t\t\t\t\t\t<div class=\"elementor-element elementor-element-350b74f elementor-widget elementor-widget-m5c\" data-id=\"350b74f\" data-element_type=\"widget\" data-widget_type=\"m5c.default\">\n\t\t\t\t<div class=\"elementor-widget-container\">\n\t\t\t<section class=\"mn-m5-c mn-m5-d2 mn-bg-white\">\n\t<div class=\"mn-grid\">\n\t\t\t\t<div class=\"mn-content mn-grid-9\">\n\t\t\t                <div class=\"mn-content-block active\">\n\t                                                        <div class=\"block-text\">\n\t                                        <h3 style=\"text-align: center\">Studenckie Ko\u0142o Naukowe Zoolog\u00f3w<\/h3>\n<p><strong>Opiekun ko\u0142a i&nbsp;dane kontaktowe:<br \/><\/strong>dr <strong>Rados\u0142aw \u015acibior<\/strong><br \/>Katedra Zoologii i&nbsp;Ekologii\u00a0 Zwierz\u0105t<br \/>ul. Akademicka 13, p. 231<br \/>e-mail: <a href=\"mailto:radoslaw.scibior@up.edu.pl\">radoslaw.scibior@up.edu.pl<\/a><\/p>\n<p><strong>Cele Ko\u0142a:<\/strong> Ko\u0142o posiada trzy sekcje: teriologiczn\u0105, ornitologiczn\u0105 oraz bezkr\u0119gowc\u00f3w. Oferuje wyjazdy badawcze z&nbsp;pracownikami naukowymi, b\u0119d\u0105cymi opiekunami poszczeg\u00f3lnych sekcji, prowadzenie w\u0142asnych bada\u0144 naukowych, zar\u00f3wno terenowych, jak i&nbsp;laboratoryjnych. Wspiera ono uczestnictwo w&nbsp;krajowych i&nbsp;mi\u0119dzynarodowych konferencjach studenckich, a&nbsp;tak\u017ce w&nbsp;innych formach popularyzacji nauki. Dzia\u0142alno\u015b\u0107 uwzgl\u0119dnia tak\u017ce mo\u017cliwo\u015b\u0107 tworzenia w\u0142asnych hodowli, czy kolekcji pospolitych takson\u00f3w bezkr\u0119gowc\u00f3w, ich oznaczanie i&nbsp;preparowanie. Podobna aktywno\u015b\u0107 dotyczy obserwacji, oznaczania i&nbsp;fotografowania wybranych kr\u0119gowc\u00f3w w&nbsp;terenie. Cz\u0142onkowie i&nbsp;sympatycy Ko\u0142a mog\u0105 bra\u0107 aktywny udzia\u0142 w&nbsp;piknikach naukowych, wystawach fotograficznych oraz warsztatach organizowanych przez parki narodowe Lubelszczyzny. Maj\u0105 r\u00f3wnie\u017c mo\u017cliwo\u015b\u0107 zapraszania, przygotowania i&nbsp;wyg\u0142aszania prelekcji dla szerokiego grona odbiorc\u00f3w.<\/p>\n                                        <\/div>\n\t\t\t\t\t\t                                <\/div>\n\t\t\t\t                <div class=\"mn-content-block\">\n\t                                <\/div>\n\t\t\t\t                <div class=\"mn-content-block\">\n\t                                <\/div>\n\t\t\t\t                <div class=\"mn-content-block\">\n\t                                <\/div>\n\t\t\t\t                <div class=\"mn-content-block\">\n\t                                <\/div>\n\t\t\t\t                <div class=\"mn-content-block\">\n\t                                <\/div>\n\t\t\t\t                <div class=\"mn-content-block\">\n\t                                <\/div>\n\t\t\t\t                <div class=\"mn-content-block\">\n\t                                <\/div>\n\t\t\t\t                <div class=\"mn-content-block\">\n\t                                <\/div>\n\t\t\t\t                <div class=\"mn-content-block\">\n\t                                <\/div>\n\t\t\t\t                <div class=\"mn-content-block\">\n\t                                <\/div>\n\t\t\t\t                <div class=\"mn-content-block\">\n\t                                <\/div>\n\t\t\t\t                <div class=\"mn-content-block\">\n\t                                <\/div>\n\t\t\t\t                <div class=\"mn-content-block\">\n\t                                <\/div>\n\t\t\t\t                <div class=\"mn-content-block\">\n\t                                <\/div>\n\t\t\t\t                <div class=\"mn-content-block\">\n\t                                <\/div>\n\t\t\t\t                <div class=\"mn-content-block\">\n\t                                <\/div>\n\t\t\t\t                <div class=\"mn-content-block\">\n\t                                <\/div>\n\t\t\t\t                <div class=\"mn-content-block\">\n\t                                <\/div>\n\t\t\t\t                <div class=\"mn-content-block\">\n\t                                <\/div>\n\t\t\t\t\t\t<\/div>\n\t<\/div>\n<\/section>\n\t\t<\/div>\n\t\t\t\t<\/div>\n\t\t\t\t\t\t<\/div>\n\t\t\t\t\t<\/div>\n\t\t<\/div>\n\t\t\t\t\t\t\t\t<\/div>\n\t\t\t\t\t<\/div>\n\t\t<\/section>\n\t\t\t\t\t\t<\/div>\n\t\t\t\t\t\t<\/div>\n\t\t\t\t\t<\/div>\n\t\t","protected":false},"excerpt":{"rendered":"<p>Studenckie Ko\u0142o Naukowe Zoolog\u00f3w Opiekun ko\u0142a i&nbsp;dane kontaktowe:dr Rados\u0142aw \u015acibiorKatedra Zoologii i&nbsp;Ekologii\u00a0 Zwierz\u0105tul. Akademicka 13, p. 231e-mail: radoslaw.scibior@up.edu.pl Cele Ko\u0142a: Ko\u0142o posiada trzy sekcje: teriologiczn\u0105, ornitologiczn\u0105 oraz bezkr\u0119gowc\u00f3w. Oferuje wyjazdy badawcze z&nbsp;pracownikami naukowymi, b\u0119d\u0105cymi opiekunami poszczeg\u00f3lnych sekcji, prowadzenie w\u0142asnych bada\u0144 naukowych, zar\u00f3wno terenowych, jak i&nbsp;laboratoryjnych. Wspiera ono uczestnictwo w&nbsp;krajowych i&nbsp;mi\u0119dzynarodowych konferencjach studenckich, a&nbsp;tak\u017ce w&nbsp;innych formach [&hellip;]<\/p>\n","protected":false},"author":2,"featured_media":0,"parent":0,"menu_order":0,"comment_status":"closed","ping_status":"closed","template":"elementor_header_footer","meta":{"_monsterinsights_skip_tracking":false,"_monsterinsights_sitenote_active":false,"_monsterinsights_sitenote_note":"","_monsterinsights_sitenote_category":0},"_links":{"self":[{"href":"https:\/\/up.lublin.pl\/srodowiskowa\/wp-json\/wp\/v2\/pages\/150426"}],"collection":[{"href":"https:\/\/up.lublin.pl\/srodowiskowa\/wp-json\/wp\/v2\/pages"}],"about":[{"href":"https:\/\/up.lublin.pl\/srodowiskowa\/wp-json\/wp\/v2\/types\/page"}],"author":[{"embeddable":true,"href":"https:\/\/up.lublin.pl\/srodowiskowa\/wp-json\/wp\/v2\/users\/2"}],"replies":[{"embeddable":true,"href":"https:\/\/up.lublin.pl\/srodowiskowa\/wp-json\/wp\/v2\/comments?post=150426"}],"version-history":[{"count":19,"href":"https:\/\/up.lublin.pl\/srodowiskowa\/wp-json\/wp\/v2\/pages\/150426\/revisions"}],"predecessor-version":[{"id":176823,"href":"https:\/\/up.lublin.pl\/srodowiskowa\/wp-json\/wp\/v2\/pages\/150426\/revisions\/176823"}],"wp:attachment":[{"href":"https:\/\/up.lublin.pl\/srodowiskowa\/wp-json\/wp\/v2\/media?parent=150426"}],"curies":[{"name":"wp","href":"https:\/\/api.w.org\/{rel}","templated":true}]}}