{"id":1500,"date":"2021-02-08T12:43:27","date_gmt":"2021-02-08T11:43:27","guid":{"rendered":"http:\/\/nowastrona.up.lublin.pl\/srodowiskowa\/?page_id=1500"},"modified":"2025-10-28T11:44:58","modified_gmt":"2025-10-28T10:44:58","slug":"mkn-zrownowazonego-rozwoju-personalnego","status":"publish","type":"page","link":"https:\/\/up.lublin.pl\/srodowiskowa\/mkn-zrownowazonego-rozwoju-personalnego\/","title":{"rendered":"Mi\u0119dzywydzia\u0142owe Ko\u0142o Naukowe &#8220;Zr\u00f3wnowa\u017conego rozwoju personalnego&#8221;"},"content":{"rendered":"\t\t<div data-elementor-type=\"wp-page\" data-elementor-id=\"1500\" class=\"elementor elementor-1500\" data-elementor-settings=\"[]\">\n\t\t\t\t\t\t<div class=\"elementor-inner\">\n\t\t\t\t\t\t\t<div class=\"elementor-section-wrap\">\n\t\t\t\t\t\t\t<section class=\"elementor-section elementor-top-section elementor-element elementor-element-009f240 elementor-section-boxed elementor-section-height-default elementor-section-height-default\" data-id=\"009f240\" data-element_type=\"section\">\n\t\t\t\t\t\t<div class=\"elementor-container elementor-column-gap-default\">\n\t\t\t\t\t\t\t<div class=\"elementor-row\">\n\t\t\t\t\t<div class=\"elementor-column elementor-col-100 elementor-top-column elementor-element elementor-element-25624e3\" data-id=\"25624e3\" data-element_type=\"column\">\n\t\t\t<div class=\"elementor-column-wrap elementor-element-populated\">\n\t\t\t\t\t\t\t<div class=\"elementor-widget-wrap\">\n\t\t\t\t\t\t<div class=\"elementor-element elementor-element-1f3fb97 elementor-widget elementor-widget-m5c\" data-id=\"1f3fb97\" data-element_type=\"widget\" data-widget_type=\"m5c.default\">\n\t\t\t\t<div class=\"elementor-widget-container\">\n\t\t\t<section class=\"mn-m5-c mn-m5-d2 mn-bg-white\">\n\t<div class=\"mn-grid\">\n\t\t\t\t<div class=\"mn-content mn-grid-9\">\n\t\t\t                <div class=\"mn-content-block active\">\n\t                                                        <div class=\"block-text\">\n\t                                        <h3 style=\"text-align: center\">Mi\u0119dzywydzia\u0142owe Ko\u0142o Naukowe<br \/>&#8220;Zr\u00f3wnowa\u017conego rozwoju personalnego&#8221;<\/h3>\n<p><strong>Opiekun ko\u0142a i&nbsp;dane kontaktowe:<\/strong> <br \/>dr <strong>Anna Kaczorowska<\/strong><br \/>Katedra Ekofizjologii Bezkr\u0119gowc\u00f3w i&nbsp;Biologii Eksperymentalnej<br \/>ul. Do\u015bwiadczalna 50a, <br \/>e-mail: anna.k.kaczorowska@gmail.com<\/p>\n<p><strong>Cele ko\u0142a:<\/strong> Mi\u0119dzywydzia\u0142owe Ko\u0142o Naukowe \u201eZr\u00f3wnowa\u017conego Rozwoju Personalnego\u201d to miejsce stworzone dla wszechstronnego rozwoju studenta, rozwoju w&nbsp;uj\u0119ciu holistycznym czyli obejmuj\u0105cym wszystkie sfery \u017cycia cz\u0142owieka: sfer\u0119 fizyczn\u0105, mentaln\u0105, intelektualn\u0105, emocjonaln\u0105 oraz duchow\u0105. To przyjazna i&nbsp;bezpieczna przestrze\u0144, w&nbsp;kt\u00f3rej rozw\u00f3j studenta realizuje si\u0119 poprzez:<\/p>\n<ul>\n<li>zdobywanie wiedzy wykraczaj\u0105cej poza program studi\u00f3w,<\/li>\n<li>zdobywanie wiedzy i&nbsp;umiej\u0119tno\u015bci w&nbsp;zakresie: kompetencji spo\u0142ecznych, relacji mi\u0119dzyludzkich, komunikacji interpersonalnej, radzenia sobie ze stresem, wzmacniania poczucia w\u0142asnej warto\u015bci, kszta\u0142towania w\u0142asnego \/ profesjonalnego wizerunku, zasad\u00a0 savoir vivre\u2019u w&nbsp;\u017cyciu osobistym i&nbsp;zawodowym, inteligencji emocjonalnej i&nbsp;moralnej,<\/li>\n<li>wymian\u0119 wiedzy i&nbsp;cennych do\u015bwiadcze\u0144 dotycz\u0105cych samego procesu kszta\u0142cenia jak r\u00f3wnie\u017c dotychczasowych do\u015bwiadcze\u0144 na rynku pracy,<\/li>\n<li>odkrywanie samego siebie, swoich s\u0142abych i&nbsp;mocnych stron, ukrytych talent\u00f3w<\/li>\n<li>dyskusje na temat uniwersalnych warto\u015bci, ich roli w&nbsp;rozwoju cz\u0142owieka oraz wp\u0142ywu na jako\u015b\u0107 jego \u017cycia<\/li>\n<li>dyskusje na temat aktualnych problem\u00f3w spo\u0142ecznych (zjawisko wielokulturowo\u015bci, poczucie to\u017csamo\u015bci narodowej w&nbsp;erze globalizacji, problem masowego nap\u0142ywu imigrant\u00f3w itp.),<\/li>\n<li>spotkania i&nbsp;rozmowy z&nbsp;lud\u017ami, kt\u00f3rzy odnie\u015bli sukces w&nbsp;\u017cyciu zawodowym i&nbsp;osobistym i&nbsp;wiele innych.<\/li>\n<\/ul>\n<p>Opiekun ko\u0142a pracuje ze studentami g\u0142\u00f3wnie metod\u0105 tutoringu (z niewielkimi autorskimi modyfikacjami), stosowan\u0105 przez wiod\u0105ce instytucje edukacyjne na ca\u0142ym \u015bwiecie. Jest to metoda rozwoju m\u0142odego cz\u0142owieka, kt\u00f3ra przynosi niezwyk\u0142e efekty w&nbsp;sferze naukowej i&nbsp;wychowawczej. Jest inspiruj\u0105ca i&nbsp;o\u017cywcza zar\u00f3wno dla student\u00f3w jak i&nbsp;samego nauczyciela, zwi\u0119ksza ich presti\u017c zawodowy i&nbsp;osobisty. System tutoriali zosta\u0142 zapocz\u0105tkowany na uniwersytetach Oxford i&nbsp;Cambridge i&nbsp;praktykowany jest na wiod\u0105cych uczelniach na \u015bwiecie. Stanowi przeciwie\u0144stwo masowej edukacji wy\u017cszej i&nbsp;ma na celu nowoczesne, interdyscyplinarne kszta\u0142cenie elit. Tutoring to szansa na odnowienie relacji mistrz-ucze\u0144 i&nbsp;efektywny rozw\u00f3j student\u00f3w.<\/p>\n                                        <\/div>\n\t\t\t\t\t\t                                <\/div>\n\t\t\t\t                <div class=\"mn-content-block\">\n\t                                <\/div>\n\t\t\t\t                <div class=\"mn-content-block\">\n\t                                <\/div>\n\t\t\t\t                <div class=\"mn-content-block\">\n\t                                <\/div>\n\t\t\t\t                <div class=\"mn-content-block\">\n\t                                <\/div>\n\t\t\t\t                <div class=\"mn-content-block\">\n\t                                <\/div>\n\t\t\t\t                <div class=\"mn-content-block\">\n\t                                <\/div>\n\t\t\t\t                <div class=\"mn-content-block\">\n\t                                <\/div>\n\t\t\t\t                <div class=\"mn-content-block\">\n\t                                <\/div>\n\t\t\t\t                <div class=\"mn-content-block\">\n\t                                <\/div>\n\t\t\t\t                <div class=\"mn-content-block\">\n\t                                <\/div>\n\t\t\t\t                <div class=\"mn-content-block\">\n\t                                <\/div>\n\t\t\t\t                <div class=\"mn-content-block\">\n\t                                <\/div>\n\t\t\t\t                <div class=\"mn-content-block\">\n\t                                <\/div>\n\t\t\t\t                <div class=\"mn-content-block\">\n\t                                <\/div>\n\t\t\t\t                <div class=\"mn-content-block\">\n\t                                <\/div>\n\t\t\t\t                <div class=\"mn-content-block\">\n\t                                <\/div>\n\t\t\t\t                <div class=\"mn-content-block\">\n\t                                <\/div>\n\t\t\t\t                <div class=\"mn-content-block\">\n\t                                <\/div>\n\t\t\t\t                <div class=\"mn-content-block\">\n\t                                <\/div>\n\t\t\t\t\t\t<\/div>\n\t<\/div>\n<\/section>\n\t\t<\/div>\n\t\t\t\t<\/div>\n\t\t\t\t\t\t<\/div>\n\t\t\t\t\t<\/div>\n\t\t<\/div>\n\t\t\t\t\t\t\t\t<\/div>\n\t\t\t\t\t<\/div>\n\t\t<\/section>\n\t\t\t\t\t\t<\/div>\n\t\t\t\t\t\t<\/div>\n\t\t\t\t\t<\/div>\n\t\t","protected":false},"excerpt":{"rendered":"<p>Mi\u0119dzywydzia\u0142owe Ko\u0142o Naukowe&#8220;Zr\u00f3wnowa\u017conego rozwoju personalnego&#8221; Opiekun ko\u0142a i&nbsp;dane kontaktowe: dr Anna KaczorowskaKatedra Ekofizjologii Bezkr\u0119gowc\u00f3w i&nbsp;Biologii Eksperymentalnejul. Do\u015bwiadczalna 50a, e-mail: anna.k.kaczorowska@gmail.com Cele ko\u0142a: Mi\u0119dzywydzia\u0142owe Ko\u0142o Naukowe \u201eZr\u00f3wnowa\u017conego Rozwoju Personalnego\u201d to miejsce stworzone dla wszechstronnego rozwoju studenta, rozwoju w&nbsp;uj\u0119ciu holistycznym czyli obejmuj\u0105cym wszystkie sfery \u017cycia cz\u0142owieka: sfer\u0119 fizyczn\u0105, mentaln\u0105, intelektualn\u0105, emocjonaln\u0105 oraz duchow\u0105. To przyjazna i&nbsp;bezpieczna przestrze\u0144, [&hellip;]<\/p>\n","protected":false},"author":2,"featured_media":0,"parent":0,"menu_order":0,"comment_status":"closed","ping_status":"closed","template":"elementor_header_footer","meta":{"_monsterinsights_skip_tracking":false,"_monsterinsights_sitenote_active":false,"_monsterinsights_sitenote_note":"","_monsterinsights_sitenote_category":0},"_links":{"self":[{"href":"https:\/\/up.lublin.pl\/srodowiskowa\/wp-json\/wp\/v2\/pages\/1500"}],"collection":[{"href":"https:\/\/up.lublin.pl\/srodowiskowa\/wp-json\/wp\/v2\/pages"}],"about":[{"href":"https:\/\/up.lublin.pl\/srodowiskowa\/wp-json\/wp\/v2\/types\/page"}],"author":[{"embeddable":true,"href":"https:\/\/up.lublin.pl\/srodowiskowa\/wp-json\/wp\/v2\/users\/2"}],"replies":[{"embeddable":true,"href":"https:\/\/up.lublin.pl\/srodowiskowa\/wp-json\/wp\/v2\/comments?post=1500"}],"version-history":[{"count":13,"href":"https:\/\/up.lublin.pl\/srodowiskowa\/wp-json\/wp\/v2\/pages\/1500\/revisions"}],"predecessor-version":[{"id":176826,"href":"https:\/\/up.lublin.pl\/srodowiskowa\/wp-json\/wp\/v2\/pages\/1500\/revisions\/176826"}],"wp:attachment":[{"href":"https:\/\/up.lublin.pl\/srodowiskowa\/wp-json\/wp\/v2\/media?parent=1500"}],"curies":[{"name":"wp","href":"https:\/\/api.w.org\/{rel}","templated":true}]}}