{"id":1495,"date":"2021-02-08T12:42:14","date_gmt":"2021-02-08T11:42:14","guid":{"rendered":"http:\/\/nowastrona.up.lublin.pl\/srodowiskowa\/?page_id=1495"},"modified":"2025-10-28T11:45:39","modified_gmt":"2025-10-28T10:45:39","slug":"skn-rybactwa-i-akwarystyki","status":"publish","type":"page","link":"https:\/\/up.lublin.pl\/srodowiskowa\/skn-rybactwa-i-akwarystyki\/","title":{"rendered":"Studenckie Ko\u0142o Naukowe Rybactwa i Akwarystyki"},"content":{"rendered":"\t\t<div data-elementor-type=\"wp-page\" data-elementor-id=\"1495\" class=\"elementor elementor-1495\" data-elementor-settings=\"[]\">\n\t\t\t\t\t\t<div class=\"elementor-inner\">\n\t\t\t\t\t\t\t<div class=\"elementor-section-wrap\">\n\t\t\t\t\t\t\t<section class=\"elementor-section elementor-top-section elementor-element elementor-element-60b2233 elementor-section-boxed elementor-section-height-default elementor-section-height-default\" data-id=\"60b2233\" data-element_type=\"section\">\n\t\t\t\t\t\t<div class=\"elementor-container elementor-column-gap-default\">\n\t\t\t\t\t\t\t<div class=\"elementor-row\">\n\t\t\t\t\t<div class=\"elementor-column elementor-col-100 elementor-top-column elementor-element elementor-element-d61663c\" data-id=\"d61663c\" data-element_type=\"column\">\n\t\t\t<div class=\"elementor-column-wrap elementor-element-populated\">\n\t\t\t\t\t\t\t<div class=\"elementor-widget-wrap\">\n\t\t\t\t\t\t<div class=\"elementor-element elementor-element-1565955 elementor-widget elementor-widget-m5c\" data-id=\"1565955\" data-element_type=\"widget\" data-widget_type=\"m5c.default\">\n\t\t\t\t<div class=\"elementor-widget-container\">\n\t\t\t<section class=\"mn-m5-c mn-m5-d2 mn-bg-white\">\n\t<div class=\"mn-grid\">\n\t\t\t\t<div class=\"mn-content mn-grid-9\">\n\t\t\t                <div class=\"mn-content-block active\">\n\t                                                        <div class=\"block-text\">\n\t                                        <h3 style=\"text-align: center\">Studenckie Ko\u0142o Naukowe Rybactwa i&nbsp;Akwarystyki<\/h3>\n<p><strong>Opiekun ko\u0142a i&nbsp;dane kontaktowe:<\/strong> <br \/>dr hab. <strong>Jacek Rechulicz<br \/><\/strong>Katedra Hydrobiologii i&nbsp;Ochrony Ekosystem\u00f3w <br \/>ul. Dobrza\u0144skiego 37, p. 021, <br \/>e-mail: jacek.rechulicz@up.edu.pl<\/p>\n<p><img loading=\"lazy\" class=\"aligncenter\" src=\"https:\/\/up.lublin.pl\/files\/images\/srodowiskowa\/galerie\/Kola Naukowe\/rechulicz1.jpg\" alt=\"\" width=\"630\" height=\"473\" \/><\/p>\n<p><strong>Cele ko\u0142a: <\/strong>prowadzenie bada\u0144 terenowych i&nbsp;laboratoryjnych zwi\u0105zanych z&nbsp;rybami, uczestnictwo w&nbsp;projektach badawczych realizowanych w&nbsp;Katedrze Hydrobiologii i&nbsp;Ochrony Ekosystem\u00f3w, aktywne uczestnictwo w&nbsp;konferencjach naukowych, Festiwalach Nauki oraz innych imprezach naukowych i&nbsp;propaguj\u0105cych nauk\u0119. Oferujemy ciekawe wyjazdy terenowe m. in. na Pojezierze \u0141\u0119czy\u0144sko-W\u0142odawskie i&nbsp;Roztocze, a&nbsp;tak\u017ce zdobycie wielu praktycznych umiej\u0119tno\u015bci niezb\u0119dnych w&nbsp;przysz\u0142ej pracy zawodowej.<\/p>\n<p><img loading=\"lazy\" class=\"aligncenter\" src=\"https:\/\/up.lublin.pl\/files\/images\/srodowiskowa\/galerie\/Kola Naukowe\/rechulicz2.jpg\" alt=\"\" width=\"630\" height=\"472\" \/><\/p>\n                                        <\/div>\n\t\t\t\t\t\t                                <\/div>\n\t\t\t\t                <div class=\"mn-content-block\">\n\t                                <\/div>\n\t\t\t\t                <div class=\"mn-content-block\">\n\t                                <\/div>\n\t\t\t\t                <div class=\"mn-content-block\">\n\t                                <\/div>\n\t\t\t\t                <div class=\"mn-content-block\">\n\t                                <\/div>\n\t\t\t\t                <div class=\"mn-content-block\">\n\t                                <\/div>\n\t\t\t\t                <div class=\"mn-content-block\">\n\t                                <\/div>\n\t\t\t\t                <div class=\"mn-content-block\">\n\t                                <\/div>\n\t\t\t\t                <div class=\"mn-content-block\">\n\t                                <\/div>\n\t\t\t\t                <div class=\"mn-content-block\">\n\t                                <\/div>\n\t\t\t\t                <div class=\"mn-content-block\">\n\t                                <\/div>\n\t\t\t\t                <div class=\"mn-content-block\">\n\t                                <\/div>\n\t\t\t\t                <div class=\"mn-content-block\">\n\t                                <\/div>\n\t\t\t\t                <div class=\"mn-content-block\">\n\t                                <\/div>\n\t\t\t\t                <div class=\"mn-content-block\">\n\t                                <\/div>\n\t\t\t\t                <div class=\"mn-content-block\">\n\t                                <\/div>\n\t\t\t\t                <div class=\"mn-content-block\">\n\t                                <\/div>\n\t\t\t\t                <div class=\"mn-content-block\">\n\t                                <\/div>\n\t\t\t\t                <div class=\"mn-content-block\">\n\t                                <\/div>\n\t\t\t\t                <div class=\"mn-content-block\">\n\t                                <\/div>\n\t\t\t\t\t\t<\/div>\n\t<\/div>\n<\/section>\n\t\t<\/div>\n\t\t\t\t<\/div>\n\t\t\t\t\t\t<\/div>\n\t\t\t\t\t<\/div>\n\t\t<\/div>\n\t\t\t\t\t\t\t\t<\/div>\n\t\t\t\t\t<\/div>\n\t\t<\/section>\n\t\t\t\t\t\t<\/div>\n\t\t\t\t\t\t<\/div>\n\t\t\t\t\t<\/div>\n\t\t","protected":false},"excerpt":{"rendered":"<p>Studenckie Ko\u0142o Naukowe Rybactwa i&nbsp;Akwarystyki Opiekun ko\u0142a i&nbsp;dane kontaktowe: dr hab. Jacek RechuliczKatedra Hydrobiologii i&nbsp;Ochrony Ekosystem\u00f3w ul. Dobrza\u0144skiego 37, p. 021, e-mail: jacek.rechulicz@up.edu.pl Cele ko\u0142a: prowadzenie bada\u0144 terenowych i&nbsp;laboratoryjnych zwi\u0105zanych z&nbsp;rybami, uczestnictwo w&nbsp;projektach badawczych realizowanych w&nbsp;Katedrze Hydrobiologii i&nbsp;Ochrony Ekosystem\u00f3w, aktywne uczestnictwo w&nbsp;konferencjach naukowych, Festiwalach Nauki oraz innych imprezach naukowych i&nbsp;propaguj\u0105cych nauk\u0119. Oferujemy ciekawe wyjazdy terenowe [&hellip;]<\/p>\n","protected":false},"author":2,"featured_media":0,"parent":0,"menu_order":0,"comment_status":"closed","ping_status":"closed","template":"elementor_header_footer","meta":{"_monsterinsights_skip_tracking":false,"_monsterinsights_sitenote_active":false,"_monsterinsights_sitenote_note":"","_monsterinsights_sitenote_category":0},"_links":{"self":[{"href":"https:\/\/up.lublin.pl\/srodowiskowa\/wp-json\/wp\/v2\/pages\/1495"}],"collection":[{"href":"https:\/\/up.lublin.pl\/srodowiskowa\/wp-json\/wp\/v2\/pages"}],"about":[{"href":"https:\/\/up.lublin.pl\/srodowiskowa\/wp-json\/wp\/v2\/types\/page"}],"author":[{"embeddable":true,"href":"https:\/\/up.lublin.pl\/srodowiskowa\/wp-json\/wp\/v2\/users\/2"}],"replies":[{"embeddable":true,"href":"https:\/\/up.lublin.pl\/srodowiskowa\/wp-json\/wp\/v2\/comments?post=1495"}],"version-history":[{"count":13,"href":"https:\/\/up.lublin.pl\/srodowiskowa\/wp-json\/wp\/v2\/pages\/1495\/revisions"}],"predecessor-version":[{"id":176829,"href":"https:\/\/up.lublin.pl\/srodowiskowa\/wp-json\/wp\/v2\/pages\/1495\/revisions\/176829"}],"wp:attachment":[{"href":"https:\/\/up.lublin.pl\/srodowiskowa\/wp-json\/wp\/v2\/media?parent=1495"}],"curies":[{"name":"wp","href":"https:\/\/api.w.org\/{rel}","templated":true}]}}