{"id":1487,"date":"2021-02-08T12:39:20","date_gmt":"2021-02-08T11:39:20","guid":{"rendered":"http:\/\/nowastrona.up.lublin.pl\/srodowiskowa\/?page_id=1487"},"modified":"2025-10-28T11:46:15","modified_gmt":"2025-10-28T10:46:15","slug":"skn-hydrobiologii-i-ochrony-srodowiska","status":"publish","type":"page","link":"https:\/\/up.lublin.pl\/srodowiskowa\/skn-hydrobiologii-i-ochrony-srodowiska\/","title":{"rendered":"Studenckie Ko\u0142o Naukowe Hydrobiologii i Ochrony \u015arodowiska"},"content":{"rendered":"\t\t<div data-elementor-type=\"wp-page\" data-elementor-id=\"1487\" class=\"elementor elementor-1487\" data-elementor-settings=\"[]\">\n\t\t\t\t\t\t<div class=\"elementor-inner\">\n\t\t\t\t\t\t\t<div class=\"elementor-section-wrap\">\n\t\t\t\t\t\t\t<section class=\"elementor-section elementor-top-section elementor-element elementor-element-1b47387 elementor-section-boxed elementor-section-height-default elementor-section-height-default\" data-id=\"1b47387\" data-element_type=\"section\">\n\t\t\t\t\t\t<div class=\"elementor-container elementor-column-gap-default\">\n\t\t\t\t\t\t\t<div class=\"elementor-row\">\n\t\t\t\t\t<div class=\"elementor-column elementor-col-100 elementor-top-column elementor-element elementor-element-679021a\" data-id=\"679021a\" data-element_type=\"column\">\n\t\t\t<div class=\"elementor-column-wrap elementor-element-populated\">\n\t\t\t\t\t\t\t<div class=\"elementor-widget-wrap\">\n\t\t\t\t\t\t<div class=\"elementor-element elementor-element-7db1fca elementor-widget elementor-widget-m5c\" data-id=\"7db1fca\" data-element_type=\"widget\" data-widget_type=\"m5c.default\">\n\t\t\t\t<div class=\"elementor-widget-container\">\n\t\t\t<section class=\"mn-m5-c mn-m5-d2 mn-bg-white\">\n\t<div class=\"mn-grid\">\n\t\t\t\t<div class=\"mn-content mn-grid-9\">\n\t\t\t                <div class=\"mn-content-block active\">\n\t                                                        <div class=\"block-text\">\n\t                                        <h3 style=\"text-align: center\">Studenckie Ko\u0142o Naukowe Hydrobiologii i&nbsp;Ochrony \u015arodowiska<\/h3>\n<p><strong>Opiekun ko\u0142a i&nbsp;dane kontaktowe:<\/strong> <br \/>dr <strong>Wojciech P\u0142aska<br \/><\/strong>Katedra Hydrobiologii i&nbsp;Ochrony Ekosystem\u00f3w <br \/>ul. Dobrza\u0144skiego 37, p. 08, <br \/>e-mail: wojciech.plaska@up.edu.pl<\/p>\n<p><img loading=\"lazy\" class=\"aligncenter\" src=\"https:\/\/up.lublin.pl\/files\/images\/srodowiskowa\/galerie\/Kola Naukowe\/plaska_1.jpg\" alt=\"\" width=\"480\" height=\"640\" \/><\/p>\n<p><strong>Cele ko\u0142a:<\/strong> prowadzenie przez student\u00f3w bada\u0144 naukowych z&nbsp;zakresu hydrobiologii i&nbsp;ochrony \u015brodowiska, poznanie metodyki prac badawczych w&nbsp;laboratorium i&nbsp;w terenie oraz prowadzenie dzia\u0142alno\u015bci edukacyjnej i&nbsp;popularyzatorskiej w&nbsp;zakresie hydrobiologii i&nbsp;ochrony \u015brodowiska. Oferujemy ciekawe wyjazdy terenowe m. in. na Pojezierze \u0141\u0119czy\u0144sko-W\u0142odawskie i&nbsp;Roztocze, udzia\u0142 w&nbsp;konferencjach, a&nbsp;tak\u017ce zdobycie wielu praktycznych umiej\u0119tno\u015bci niezb\u0119dnych w&nbsp;przysz\u0142ej pracy zawodowej.<\/p>\n<p><img loading=\"lazy\" src=\"https:\/\/up.lublin.pl\/files\/images\/srodowiskowa\/galerie\/Kola Naukowe\/plaska2.jpg\" alt=\"\" width=\"630\" height=\"475\" \/><\/p>\n                                        <\/div>\n\t\t\t\t\t\t                                <\/div>\n\t\t\t\t                <div class=\"mn-content-block\">\n\t                                <\/div>\n\t\t\t\t                <div class=\"mn-content-block\">\n\t                                <\/div>\n\t\t\t\t                <div class=\"mn-content-block\">\n\t                                <\/div>\n\t\t\t\t                <div class=\"mn-content-block\">\n\t                                <\/div>\n\t\t\t\t                <div class=\"mn-content-block\">\n\t                                <\/div>\n\t\t\t\t                <div class=\"mn-content-block\">\n\t                                <\/div>\n\t\t\t\t                <div class=\"mn-content-block\">\n\t                                <\/div>\n\t\t\t\t                <div class=\"mn-content-block\">\n\t                                <\/div>\n\t\t\t\t                <div class=\"mn-content-block\">\n\t                                <\/div>\n\t\t\t\t                <div class=\"mn-content-block\">\n\t                                <\/div>\n\t\t\t\t                <div class=\"mn-content-block\">\n\t                                <\/div>\n\t\t\t\t                <div class=\"mn-content-block\">\n\t                                <\/div>\n\t\t\t\t                <div class=\"mn-content-block\">\n\t                                <\/div>\n\t\t\t\t                <div class=\"mn-content-block\">\n\t                                <\/div>\n\t\t\t\t                <div class=\"mn-content-block\">\n\t                                <\/div>\n\t\t\t\t                <div class=\"mn-content-block\">\n\t                                <\/div>\n\t\t\t\t                <div class=\"mn-content-block\">\n\t                                <\/div>\n\t\t\t\t                <div class=\"mn-content-block\">\n\t                                <\/div>\n\t\t\t\t                <div class=\"mn-content-block\">\n\t                                <\/div>\n\t\t\t\t\t\t<\/div>\n\t<\/div>\n<\/section>\n\t\t<\/div>\n\t\t\t\t<\/div>\n\t\t\t\t\t\t<\/div>\n\t\t\t\t\t<\/div>\n\t\t<\/div>\n\t\t\t\t\t\t\t\t<\/div>\n\t\t\t\t\t<\/div>\n\t\t<\/section>\n\t\t\t\t\t\t<\/div>\n\t\t\t\t\t\t<\/div>\n\t\t\t\t\t<\/div>\n\t\t","protected":false},"excerpt":{"rendered":"<p>Studenckie Ko\u0142o Naukowe Hydrobiologii i&nbsp;Ochrony \u015arodowiska Opiekun ko\u0142a i&nbsp;dane kontaktowe: dr Wojciech P\u0142askaKatedra Hydrobiologii i&nbsp;Ochrony Ekosystem\u00f3w ul. Dobrza\u0144skiego 37, p. 08, e-mail: wojciech.plaska@up.edu.pl Cele ko\u0142a: prowadzenie przez student\u00f3w bada\u0144 naukowych z&nbsp;zakresu hydrobiologii i&nbsp;ochrony \u015brodowiska, poznanie metodyki prac badawczych w&nbsp;laboratorium i&nbsp;w terenie oraz prowadzenie dzia\u0142alno\u015bci edukacyjnej i&nbsp;popularyzatorskiej w&nbsp;zakresie hydrobiologii i&nbsp;ochrony \u015brodowiska. Oferujemy ciekawe wyjazdy terenowe m. [&hellip;]<\/p>\n","protected":false},"author":2,"featured_media":0,"parent":0,"menu_order":0,"comment_status":"closed","ping_status":"closed","template":"elementor_header_footer","meta":{"_monsterinsights_skip_tracking":false,"_monsterinsights_sitenote_active":false,"_monsterinsights_sitenote_note":"","_monsterinsights_sitenote_category":0},"_links":{"self":[{"href":"https:\/\/up.lublin.pl\/srodowiskowa\/wp-json\/wp\/v2\/pages\/1487"}],"collection":[{"href":"https:\/\/up.lublin.pl\/srodowiskowa\/wp-json\/wp\/v2\/pages"}],"about":[{"href":"https:\/\/up.lublin.pl\/srodowiskowa\/wp-json\/wp\/v2\/types\/page"}],"author":[{"embeddable":true,"href":"https:\/\/up.lublin.pl\/srodowiskowa\/wp-json\/wp\/v2\/users\/2"}],"replies":[{"embeddable":true,"href":"https:\/\/up.lublin.pl\/srodowiskowa\/wp-json\/wp\/v2\/comments?post=1487"}],"version-history":[{"count":13,"href":"https:\/\/up.lublin.pl\/srodowiskowa\/wp-json\/wp\/v2\/pages\/1487\/revisions"}],"predecessor-version":[{"id":176832,"href":"https:\/\/up.lublin.pl\/srodowiskowa\/wp-json\/wp\/v2\/pages\/1487\/revisions\/176832"}],"wp:attachment":[{"href":"https:\/\/up.lublin.pl\/srodowiskowa\/wp-json\/wp\/v2\/media?parent=1487"}],"curies":[{"name":"wp","href":"https:\/\/api.w.org\/{rel}","templated":true}]}}