{"id":1482,"date":"2021-02-08T12:35:25","date_gmt":"2021-02-08T11:35:25","guid":{"rendered":"http:\/\/nowastrona.up.lublin.pl\/srodowiskowa\/?page_id=1482"},"modified":"2025-10-28T11:46:50","modified_gmt":"2025-10-28T10:46:50","slug":"skn-ekologow","status":"publish","type":"page","link":"https:\/\/up.lublin.pl\/srodowiskowa\/skn-ekologow\/","title":{"rendered":"Studenckie Ko\u0142o Naukowe Ekolog\u00f3w"},"content":{"rendered":"\t\t<div data-elementor-type=\"wp-page\" data-elementor-id=\"1482\" class=\"elementor elementor-1482\" data-elementor-settings=\"[]\">\n\t\t\t\t\t\t<div class=\"elementor-inner\">\n\t\t\t\t\t\t\t<div class=\"elementor-section-wrap\">\n\t\t\t\t\t\t\t<section class=\"elementor-section elementor-top-section elementor-element elementor-element-d3e08a0 elementor-section-boxed elementor-section-height-default elementor-section-height-default\" data-id=\"d3e08a0\" data-element_type=\"section\">\n\t\t\t\t\t\t<div class=\"elementor-container elementor-column-gap-default\">\n\t\t\t\t\t\t\t<div class=\"elementor-row\">\n\t\t\t\t\t<div class=\"elementor-column elementor-col-100 elementor-top-column elementor-element elementor-element-252722e\" data-id=\"252722e\" data-element_type=\"column\">\n\t\t\t<div class=\"elementor-column-wrap elementor-element-populated\">\n\t\t\t\t\t\t\t<div class=\"elementor-widget-wrap\">\n\t\t\t\t\t\t<div class=\"elementor-element elementor-element-5180d38 elementor-widget elementor-widget-m5c\" data-id=\"5180d38\" data-element_type=\"widget\" data-widget_type=\"m5c.default\">\n\t\t\t\t<div class=\"elementor-widget-container\">\n\t\t\t<section class=\"mn-m5-c mn-m5-d2 mn-bg-white\">\n\t<div class=\"mn-grid\">\n\t\t\t\t<div class=\"mn-content mn-grid-9\">\n\t\t\t                <div class=\"mn-content-block active\">\n\t                                                        <div class=\"block-text\">\n\t                                        <h3 style=\"text-align: center\">Studenckie Ko\u0142o Naukowe Ekolog\u00f3w<br \/>\u00a0<img loading=\"lazy\" class=\"aligncenter\" src=\"https:\/\/up.lublin.pl\/files\/images\/srodowiskowa\/galerie\/Kola Naukowe\/denisow_logo.jpg\" alt=\"\" width=\"251\" height=\"255\" \/><\/h3>\n<p><strong>Opiekun ko\u0142a i&nbsp;dane kontaktowe:<\/strong> <br \/>dr in\u017c. <strong>Barbara Banach-Albi\u0144ska<br \/><\/strong>Katedra Botaniki i&nbsp;Fizjologii Ro\u015blin<br \/>ul. Akademicka 15 Agro I&nbsp;<br \/>e-mail: barbara.banach@up.edu.pl<\/p>\n<p><img loading=\"lazy\" class=\"aligncenter\" src=\"https:\/\/up.lublin.pl\/files\/images\/srodowiskowa\/galerie\/Kola Naukowe\/pogorzelec2.jpg\" alt=\"\" width=\"556\" height=\"373\" \/><\/p>\n<p><strong>Cele ko\u0142a:<\/strong> poszerzanie wiedzy z&nbsp;zakresu szeroko poj\u0119tej ekologii, ze szczeg\u00f3lnym uwzgl\u0119dnieniem problematyki ochrony r\u00f3\u017cnorodno\u015bci biologicznej w&nbsp;Polsce i&nbsp;na \u015bwiecie. Cz\u0142onkowie Ko\u0142a zdobywaj\u0105 widz\u0119 teoretyczn\u0105 oraz nabywaj\u0105 umiej\u0119tno\u015bci praktyczne poprzez prowadzenie kameralnych i&nbsp;terenowych bada\u0144 naukowych, samokszta\u0142cenie w&nbsp;oparciu o&nbsp;studiowanie i&nbsp;dyskutowanie pi\u015bmiennictwa specjalistycznego, podejmowanie w\u0142asnych inicjatyw projektowych oraz wsp\u00f3\u0142prac\u0119 z&nbsp;instytucjami odpowiedzialnymi za ochron\u0119 przyrody. Dzia\u0142alno\u015b\u0107 Ko\u0142a skupia si\u0119 tak\u017ce na promowaniu szeroko rozumianej problematyki proekologicznej w\u015br\u00f3d spo\u0142eczno\u015bci akademickiej.<\/p>\n<p><img loading=\"lazy\" class=\"aligncenter\" src=\"https:\/\/up.lublin.pl\/files\/images\/srodowiskowa\/galerie\/Kola Naukowe\/pogorzelec1.jpg\" alt=\"\" width=\"594\" height=\"396\" \/><\/p>\n                                        <\/div>\n\t\t\t\t\t\t                                <\/div>\n\t\t\t\t                <div class=\"mn-content-block\">\n\t                                <\/div>\n\t\t\t\t                <div class=\"mn-content-block\">\n\t                                <\/div>\n\t\t\t\t                <div class=\"mn-content-block\">\n\t                                <\/div>\n\t\t\t\t                <div class=\"mn-content-block\">\n\t                                <\/div>\n\t\t\t\t                <div class=\"mn-content-block\">\n\t                                <\/div>\n\t\t\t\t                <div class=\"mn-content-block\">\n\t                                <\/div>\n\t\t\t\t                <div class=\"mn-content-block\">\n\t                                <\/div>\n\t\t\t\t                <div class=\"mn-content-block\">\n\t                                <\/div>\n\t\t\t\t                <div class=\"mn-content-block\">\n\t                                <\/div>\n\t\t\t\t                <div class=\"mn-content-block\">\n\t                                <\/div>\n\t\t\t\t                <div class=\"mn-content-block\">\n\t                                <\/div>\n\t\t\t\t                <div class=\"mn-content-block\">\n\t                                <\/div>\n\t\t\t\t                <div class=\"mn-content-block\">\n\t                                <\/div>\n\t\t\t\t                <div class=\"mn-content-block\">\n\t                                <\/div>\n\t\t\t\t                <div class=\"mn-content-block\">\n\t                                <\/div>\n\t\t\t\t                <div class=\"mn-content-block\">\n\t                                <\/div>\n\t\t\t\t                <div class=\"mn-content-block\">\n\t                                <\/div>\n\t\t\t\t                <div class=\"mn-content-block\">\n\t                                <\/div>\n\t\t\t\t                <div class=\"mn-content-block\">\n\t                                <\/div>\n\t\t\t\t\t\t<\/div>\n\t<\/div>\n<\/section>\n\t\t<\/div>\n\t\t\t\t<\/div>\n\t\t\t\t\t\t<\/div>\n\t\t\t\t\t<\/div>\n\t\t<\/div>\n\t\t\t\t\t\t\t\t<\/div>\n\t\t\t\t\t<\/div>\n\t\t<\/section>\n\t\t\t\t\t\t<\/div>\n\t\t\t\t\t\t<\/div>\n\t\t\t\t\t<\/div>\n\t\t","protected":false},"excerpt":{"rendered":"<p>Studenckie Ko\u0142o Naukowe Ekolog\u00f3w\u00a0 Opiekun ko\u0142a i&nbsp;dane kontaktowe: dr in\u017c. Barbara Banach-Albi\u0144skaKatedra Botaniki i&nbsp;Fizjologii Ro\u015blinul. Akademicka 15 Agro I&nbsp;e-mail: barbara.banach@up.edu.pl Cele ko\u0142a: poszerzanie wiedzy z&nbsp;zakresu szeroko poj\u0119tej ekologii, ze szczeg\u00f3lnym uwzgl\u0119dnieniem problematyki ochrony r\u00f3\u017cnorodno\u015bci biologicznej w&nbsp;Polsce i&nbsp;na \u015bwiecie. Cz\u0142onkowie Ko\u0142a zdobywaj\u0105 widz\u0119 teoretyczn\u0105 oraz nabywaj\u0105 umiej\u0119tno\u015bci praktyczne poprzez prowadzenie kameralnych i&nbsp;terenowych bada\u0144 naukowych, samokszta\u0142cenie w&nbsp;oparciu [&hellip;]<\/p>\n","protected":false},"author":2,"featured_media":0,"parent":0,"menu_order":0,"comment_status":"closed","ping_status":"closed","template":"elementor_header_footer","meta":{"_monsterinsights_skip_tracking":false,"_monsterinsights_sitenote_active":false,"_monsterinsights_sitenote_note":"","_monsterinsights_sitenote_category":0},"_links":{"self":[{"href":"https:\/\/up.lublin.pl\/srodowiskowa\/wp-json\/wp\/v2\/pages\/1482"}],"collection":[{"href":"https:\/\/up.lublin.pl\/srodowiskowa\/wp-json\/wp\/v2\/pages"}],"about":[{"href":"https:\/\/up.lublin.pl\/srodowiskowa\/wp-json\/wp\/v2\/types\/page"}],"author":[{"embeddable":true,"href":"https:\/\/up.lublin.pl\/srodowiskowa\/wp-json\/wp\/v2\/users\/2"}],"replies":[{"embeddable":true,"href":"https:\/\/up.lublin.pl\/srodowiskowa\/wp-json\/wp\/v2\/comments?post=1482"}],"version-history":[{"count":25,"href":"https:\/\/up.lublin.pl\/srodowiskowa\/wp-json\/wp\/v2\/pages\/1482\/revisions"}],"predecessor-version":[{"id":176835,"href":"https:\/\/up.lublin.pl\/srodowiskowa\/wp-json\/wp\/v2\/pages\/1482\/revisions\/176835"}],"wp:attachment":[{"href":"https:\/\/up.lublin.pl\/srodowiskowa\/wp-json\/wp\/v2\/media?parent=1482"}],"curies":[{"name":"wp","href":"https:\/\/api.w.org\/{rel}","templated":true}]}}