{"id":145300,"date":"2021-11-30T09:05:30","date_gmt":"2021-11-30T08:05:30","guid":{"rendered":"https:\/\/up.lublin.pl\/srodowiskowa\/?page_id=145300"},"modified":"2026-02-23T12:19:43","modified_gmt":"2026-02-23T11:19:43","slug":"seminarium-i-egzamin-dyplomowy-dla-cykli-studiow-2019-2020","status":"publish","type":"page","link":"https:\/\/up.lublin.pl\/srodowiskowa\/ksztalcenie\/seminarium-i-egzamin-dyplomowy-dla-cykli-studiow-2019-2020\/","title":{"rendered":"Seminarium i egzamin dyplomowy dla cykli studi\u00f3w 2019\/2020"},"content":{"rendered":"\t\t<div data-elementor-type=\"wp-page\" data-elementor-id=\"145300\" class=\"elementor elementor-145300\" data-elementor-settings=\"[]\">\n\t\t\t\t\t\t<div class=\"elementor-inner\">\n\t\t\t\t\t\t\t<div class=\"elementor-section-wrap\">\n\t\t\t\t\t\t\t<section class=\"elementor-section elementor-top-section elementor-element elementor-element-ed84c76 elementor-section-boxed elementor-section-height-default elementor-section-height-default\" data-id=\"ed84c76\" data-element_type=\"section\">\n\t\t\t\t\t\t<div class=\"elementor-container elementor-column-gap-default\">\n\t\t\t\t\t\t\t<div class=\"elementor-row\">\n\t\t\t\t\t<div class=\"elementor-column elementor-col-100 elementor-top-column elementor-element elementor-element-2e86780\" data-id=\"2e86780\" data-element_type=\"column\">\n\t\t\t<div class=\"elementor-column-wrap elementor-element-populated\">\n\t\t\t\t\t\t\t<div class=\"elementor-widget-wrap\">\n\t\t\t\t\t\t<div class=\"elementor-element elementor-element-ee1769c elementor-widget elementor-widget-m5c\" data-id=\"ee1769c\" data-element_type=\"widget\" data-widget_type=\"m5c.default\">\n\t\t\t\t<div class=\"elementor-widget-container\">\n\t\t\t<section class=\"mn-m5-c mn-m5-d2 mn-bg-white\">\n\t<div class=\"mn-grid\">\n\t\t\t\t<div class=\"mn-content mn-grid-9\">\n\t\t\t                <div class=\"mn-content-block active\">\n\t                                                        <div class=\"block-text\">\n\t                                        <h4 class=\"mn-accordion-title\">Seminarium i&nbsp;egzamin dyplomowy licencjacki\/in\u017cynierski<\/h4>\n<p><a href=\"https:\/\/up.lublin.pl\/srodowiskowa\/wp-content\/uploads\/sites\/5\/2025\/02\/1-Zasady-prowadzenia-seminarium-dyplomowego.docx\">1. Zasady prowadzenia seminarium dyplomowego<\/a><\/p>\n<div>\n<p><a href=\"https:\/\/up.lublin.pl\/srodowiskowa\/wp-content\/uploads\/sites\/5\/2025\/02\/2-Projekt-wymagania-merytoryczne-1.docx\">2. Projekt &#8211; wymagania merytoryczne<\/a><\/p>\n<p><a href=\"https:\/\/up.lublin.pl\/srodowiskowa\/wp-content\/uploads\/sites\/5\/2025\/02\/3-Instrukcja-przygotowania-prezentacji-na-egzamin-dyplomowy.docx\">3. Instrukcja przygotowania prezentacji na egzamin dyplomowy<\/a><\/p>\n<p><a href=\"https:\/\/up.lublin.pl\/srodowiskowa\/wp-content\/uploads\/sites\/5\/2022\/03\/Zal-1A-Wzor-konspektu.docx\">Za\u0142 1A Wz\u00f3r konspektu<\/a><\/p>\n<p><a href=\"https:\/\/up.lublin.pl\/srodowiskowa\/wp-content\/uploads\/sites\/5\/2021\/11\/Zal-2A-Strona-tytulowa.docx\">Za\u0142 2A Strona tytu\u0142owa<\/a><\/p>\n<p><a href=\"https:\/\/up.lublin.pl\/srodowiskowa\/wp-content\/uploads\/sites\/5\/2025\/06\/Oswiadczenie-autora_AI_-projekt-licencjacki_-inzynierski-1.docx\">O\u015bwiadczenie studenta<\/a><\/p>\n<p><a href=\"https:\/\/up.lublin.pl\/srodowiskowa\/wp-content\/uploads\/sites\/5\/2023\/06\/Wzor_Prezentacji_projektu_dyplomowego-1.pptx\">Wz\u00f3r Prezentacji projektu dyplomowego<\/a><\/p>\n<\/div>\n<p><a href=\"https:\/\/up.lublin.pl\/bip\/wp-content\/uploads\/sites\/9\/2021\/04\/45.pdf\">Zarz\u0105dzenie nr 45 Rektora Uniwersytetu Przyrodniczego w&nbsp;Lublinie z&nbsp;dnia 19 kwietnia 2021 r. w&nbsp;sprawie zasad prowadzenia seminarium dyplomowego i&nbsp;przebiegu egzaminu dyplomowego dla cykli studi\u00f3w pierwszego stopnia, kt\u00f3re rozpocz\u0119\u0142y si\u0119 w&nbsp;Uniwersytecie Przyrodniczym w&nbsp;Lublinie od roku akademickiego 2019\/2020<\/a><\/p>\n<div>\n<p><a href=\"https:\/\/up.lublin.pl\/bip\/wp-content\/uploads\/sites\/9\/2021\/04\/zal.-nr-1-1.pdf\">Za\u0142\u0105cznik nr 1 do Zarz\u0105dzenia nr 45<\/a><\/p>\n<p><a href=\"https:\/\/up.lublin.pl\/bip\/wp-content\/uploads\/sites\/9\/2021\/04\/zal.-nr-2-1.pdf\">Za\u0142\u0105cznik nr 2 do Zarz\u0105dzenia nr 45<\/a><\/p>\n<\/div>\n                                        <\/div>\n\t\t\t\t\t\t                                <\/div>\n\t\t\t\t                <div class=\"mn-content-block\">\n\t                                <\/div>\n\t\t\t\t                <div class=\"mn-content-block\">\n\t                                <\/div>\n\t\t\t\t                <div class=\"mn-content-block\">\n\t                                <\/div>\n\t\t\t\t                <div class=\"mn-content-block\">\n\t                                <\/div>\n\t\t\t\t                <div class=\"mn-content-block\">\n\t                                <\/div>\n\t\t\t\t                <div class=\"mn-content-block\">\n\t                                <\/div>\n\t\t\t\t                <div class=\"mn-content-block\">\n\t                                <\/div>\n\t\t\t\t                <div class=\"mn-content-block\">\n\t                                <\/div>\n\t\t\t\t                <div class=\"mn-content-block\">\n\t                                <\/div>\n\t\t\t\t                <div class=\"mn-content-block\">\n\t                                <\/div>\n\t\t\t\t                <div class=\"mn-content-block\">\n\t                                <\/div>\n\t\t\t\t                <div class=\"mn-content-block\">\n\t                                <\/div>\n\t\t\t\t                <div class=\"mn-content-block\">\n\t                                <\/div>\n\t\t\t\t                <div class=\"mn-content-block\">\n\t                                <\/div>\n\t\t\t\t                <div class=\"mn-content-block\">\n\t                                <\/div>\n\t\t\t\t                <div class=\"mn-content-block\">\n\t                                <\/div>\n\t\t\t\t                <div class=\"mn-content-block\">\n\t                                <\/div>\n\t\t\t\t                <div class=\"mn-content-block\">\n\t                                <\/div>\n\t\t\t\t                <div class=\"mn-content-block\">\n\t                                <\/div>\n\t\t\t\t\t\t<\/div>\n\t<\/div>\n<\/section>\n\t\t<\/div>\n\t\t\t\t<\/div>\n\t\t\t\t\t\t<\/div>\n\t\t\t\t\t<\/div>\n\t\t<\/div>\n\t\t\t\t\t\t\t\t<\/div>\n\t\t\t\t\t<\/div>\n\t\t<\/section>\n\t\t\t\t\t\t<\/div>\n\t\t\t\t\t\t<\/div>\n\t\t\t\t\t<\/div>\n\t\t","protected":false},"excerpt":{"rendered":"<p>Seminarium i&nbsp;egzamin dyplomowy licencjacki\/in\u017cynierski 1. Zasady prowadzenia seminarium dyplomowego 2. Projekt &#8211; wymagania merytoryczne 3. Instrukcja przygotowania prezentacji na egzamin dyplomowy Za\u0142 1A Wz\u00f3r konspektu Za\u0142 2A Strona tytu\u0142owa O\u015bwiadczenie studenta Wz\u00f3r Prezentacji projektu dyplomowego Zarz\u0105dzenie nr 45 Rektora Uniwersytetu Przyrodniczego w&nbsp;Lublinie z&nbsp;dnia 19 kwietnia 2021 r. w&nbsp;sprawie zasad prowadzenia seminarium dyplomowego i&nbsp;przebiegu egzaminu dyplomowego [&hellip;]<\/p>\n","protected":false},"author":201,"featured_media":0,"parent":178039,"menu_order":0,"comment_status":"closed","ping_status":"closed","template":"elementor_header_footer","meta":{"_monsterinsights_skip_tracking":false,"_monsterinsights_sitenote_active":false,"_monsterinsights_sitenote_note":"","_monsterinsights_sitenote_category":0},"_links":{"self":[{"href":"https:\/\/up.lublin.pl\/srodowiskowa\/wp-json\/wp\/v2\/pages\/145300"}],"collection":[{"href":"https:\/\/up.lublin.pl\/srodowiskowa\/wp-json\/wp\/v2\/pages"}],"about":[{"href":"https:\/\/up.lublin.pl\/srodowiskowa\/wp-json\/wp\/v2\/types\/page"}],"author":[{"embeddable":true,"href":"https:\/\/up.lublin.pl\/srodowiskowa\/wp-json\/wp\/v2\/users\/201"}],"replies":[{"embeddable":true,"href":"https:\/\/up.lublin.pl\/srodowiskowa\/wp-json\/wp\/v2\/comments?post=145300"}],"version-history":[{"count":94,"href":"https:\/\/up.lublin.pl\/srodowiskowa\/wp-json\/wp\/v2\/pages\/145300\/revisions"}],"predecessor-version":[{"id":175038,"href":"https:\/\/up.lublin.pl\/srodowiskowa\/wp-json\/wp\/v2\/pages\/145300\/revisions\/175038"}],"up":[{"embeddable":true,"href":"https:\/\/up.lublin.pl\/srodowiskowa\/wp-json\/wp\/v2\/pages\/178039"}],"wp:attachment":[{"href":"https:\/\/up.lublin.pl\/srodowiskowa\/wp-json\/wp\/v2\/media?parent=145300"}],"curies":[{"name":"wp","href":"https:\/\/api.w.org\/{rel}","templated":true}]}}