{"id":141523,"date":"2021-07-12T10:45:21","date_gmt":"2021-07-12T08:45:21","guid":{"rendered":"https:\/\/up.lublin.pl\/srodowiskowa\/?page_id=141523"},"modified":"2025-04-10T11:00:15","modified_gmt":"2025-04-10T09:00:15","slug":"fizjologia-biochemia-roslin","status":"publish","type":"page","link":"https:\/\/up.lublin.pl\/srodowiskowa\/wydzial\/struktura-i-pracownicy\/botanika\/fizjologia-biochemia-roslin\/","title":{"rendered":"Zak\u0142ad Fizjologii i Biochemii Ro\u015blin"},"content":{"rendered":"\t\t<div data-elementor-type=\"wp-page\" data-elementor-id=\"141523\" class=\"elementor elementor-141523\" data-elementor-settings=\"[]\">\n\t\t\t\t\t\t<div class=\"elementor-inner\">\n\t\t\t\t\t\t\t<div class=\"elementor-section-wrap\">\n\t\t\t\t\t\t\t<section class=\"elementor-section elementor-top-section elementor-element elementor-element-cb4205d elementor-section-boxed elementor-section-height-default elementor-section-height-default\" data-id=\"cb4205d\" data-element_type=\"section\">\n\t\t\t\t\t\t<div class=\"elementor-container elementor-column-gap-default\">\n\t\t\t\t\t\t\t<div class=\"elementor-row\">\n\t\t\t\t\t<div class=\"elementor-column elementor-col-100 elementor-top-column elementor-element elementor-element-247d6d4\" data-id=\"247d6d4\" data-element_type=\"column\">\n\t\t\t<div class=\"elementor-column-wrap elementor-element-populated\">\n\t\t\t\t\t\t\t<div class=\"elementor-widget-wrap\">\n\t\t\t\t\t\t<div class=\"elementor-element elementor-element-b10ddb9 elementor-widget elementor-widget-m2k\" data-id=\"b10ddb9\" data-element_type=\"widget\" data-widget_type=\"m2k.default\">\n\t\t\t\t<div class=\"elementor-widget-container\">\n\t\t\t<section class=\"mn-m2-d mn-bg-green\">\n    <div class=\"mn-grid\">\n        <div class=\"mn-grid-12 mn-introtext\">\n                            <h3>\n                    Zak\u0142ad Fizjologii i&nbsp;Biochemii Ro\u015blin                <\/h3>\n                        <\/div>\n    <\/div>\n    <\/section>\n\t\t<\/div>\n\t\t\t\t<\/div>\n\t\t\t\t\t\t<\/div>\n\t\t\t\t\t<\/div>\n\t\t<\/div>\n\t\t\t\t\t\t\t\t<\/div>\n\t\t\t\t\t<\/div>\n\t\t<\/section>\n\t\t\t\t<section class=\"elementor-section elementor-top-section elementor-element elementor-element-78fbaac elementor-section-boxed elementor-section-height-default elementor-section-height-default\" data-id=\"78fbaac\" data-element_type=\"section\">\n\t\t\t\t\t\t<div class=\"elementor-container elementor-column-gap-default\">\n\t\t\t\t\t\t\t<div class=\"elementor-row\">\n\t\t\t\t\t<div class=\"elementor-column elementor-col-100 elementor-top-column elementor-element elementor-element-2c43c87\" data-id=\"2c43c87\" data-element_type=\"column\">\n\t\t\t<div class=\"elementor-column-wrap elementor-element-populated\">\n\t\t\t\t\t\t\t<div class=\"elementor-widget-wrap\">\n\t\t\t\t\t\t<div class=\"elementor-element elementor-element-d01718d elementor-widget elementor-widget-m5c\" data-id=\"d01718d\" data-element_type=\"widget\" data-widget_type=\"m5c.default\">\n\t\t\t\t<div class=\"elementor-widget-container\">\n\t\t\t<section class=\"mn-m5-c mn-bg-white\">\n\t<div class=\"mn-grid\">\n\t\t            <div class=\"mn-menu-container mn-grid-3\">\n                <ul class=\"mn-bg-yellow\">\n\t                                        <li>\n                            <a href=\"#\" class=\"active\" data-hash=\"#dydaktyka\">\n                                Dydaktyka                            <\/a>\n                        <\/li>\n                                                <li>\n                            <a href=\"#\" class=\"\" data-hash=\"#badania\">\n                                Badania                            <\/a>\n                        <\/li>\n                                                <li>\n                            <a href=\"#\" class=\"\" data-hash=\"#historia\">\n                                Historia                            <\/a>\n                        <\/li>\n                                                <li>\n                            <a href=\"#\" class=\"\" data-hash=\"#oferta\">\n                                Oferta                            <\/a>\n                        <\/li>\n                                        <\/ul>\n            <\/div>\n\t        \t\t<div class=\"mn-content mn-grid-8\">\n\t\t\t                <div class=\"mn-content-block active\">\n\t                                                        <div class=\"block-text\">\n\t                                        <p>\u00a0<\/p>\n<p>Pracownicy Zak\u0142adu zaj\u0119cia dydaktyczne prowadz\u0105 na nast\u0119puj\u0105cych Wydzia\u0142ach: Biologii \u015arodowiskowej; Ogrodnictwa i&nbsp;Architektury Krajobrazu; Agrobioin\u017cynierii; Nauk o&nbsp;Zwierz\u0119tach i&nbsp;Biogospodarki oraz Nauk o&nbsp;\u017bywno\u015bci i&nbsp;Biotechnologii.<\/p>\n<p>Realizowane s\u0105 nast\u0119puj\u0105ce modu\u0142y obligatoryjne i&nbsp;fakultatywne:<br \/>&#8211; Fizjologia ro\u015blin<br \/>&#8211; Fizjologia ro\u015blin drzewiastych<br \/>&#8211; Biochemia <br \/>&#8211; Receptury kosmetyczne<br \/>&#8211; Biokosmetyki innowacyjne<br \/>&#8211; Techniki wiza\u017cu<br \/>&#8211; Kosmetologia piel\u0119gnacyjna i&nbsp;upi\u0119kszaj\u0105ca<br \/>&#8211; Zaawansowana kosmetologia piel\u0119gnacyjna i&nbsp;upi\u0119kszaj\u0105ca<br \/>&#8211; Historia kosmetologii<br \/>&#8211; Reakcja ro\u015blin na stresy \u015brodowiskowe<br \/>&#8211; Wykorzystanie siedlisk wodnych w&nbsp;hortiterapii<br \/>&#8211; Naturalne i&nbsp;antropogeniczne siedliska ro\u015blin<br \/>&#8211; Podstawy prawa i&nbsp;ochrona w\u0142asno\u015bci intelektualnej<br \/>&#8211; Podstawy statystyki<br \/>&#8211; Ekologia<br \/>&#8211; Ekologia i&nbsp;ochrona \u015brodowiska<br \/>&#8211; Ochrona krajobrazu<br \/>&#8211; Kszta\u0142towanie krajobrazu i&nbsp;ochrona przyrody<br \/>&#8211; Seminaria dyplomowe<\/p>\n<p>\u00a0<\/p>\n                                        <\/div>\n\t\t\t\t\t\t                                <\/div>\n\t\t\t\t                <div class=\"mn-content-block\">\n\t                                                        <div class=\"block-text\">\n\t                                        <p><strong>Aktualna problematyka badawcza Zak\u0142adu Fizjologii i&nbsp;Biochemii Ro\u015blin koncentruje si\u0119 wok\u00f3\u0142 nast\u0119puj\u0105cych zagadnie\u0144:<\/strong><\/p>\n<p>I. Indukcja biosyntezy fenolowych metabolit\u00f3w wt\u00f3rnych w&nbsp;ro\u015blinach z&nbsp;u\u017cyciem zwi\u0105zk\u00f3w o&nbsp;charakterze elicytor\u00f3w abiotycznych i&nbsp;biotycznych. Podwy\u017cszona akumulacja zwi\u0105zk\u00f3w (poli)fenolowych w&nbsp;biomasie ro\u015blin jest szczeg\u00f3lnie po\u017c\u0105dana g\u0142\u00f3wnie ze wzgl\u0119du na ich silny potencja\u0142 antyoksydacyjny. Zwi\u0105zki fenolowe pozyskiwane ze \u017ar\u00f3de\u0142 naturalnych znajduj\u0105 szerokie zastosowanie w&nbsp;kosmetologii oraz w&nbsp;produkcji tzw. \u017cywno\u015bci funkcjonalnej. Badania te prowadzone s\u0105 we wsp\u00f3\u0142pracy z&nbsp;pracownikami Uniwersytetu Medycznego w&nbsp;Lublinie oraz Uniwersytetu Marii Curie-Sk\u0142odowskiej.<\/p>\n<p>II. Biologiczna aktywno\u015b\u0107 alantoiny oraz mo\u017cliwo\u015bci jej pozyskiwania ze \u017ar\u00f3de\u0142 naturalnych, zw\u0142aszcza do zastosowa\u0144 dermatologicznych. Badania te prowadzone s\u0105 we wsp\u00f3\u0142pracy z&nbsp;pracownikami Uniwersytetu Medycznego w&nbsp;Lublinie oraz Uniwersytetu Marii Curie-Sk\u0142odowskiej.<\/p>\n<p>III. Fitotoksyczno\u015b\u0107 metali \u015bladowych oraz metody \u0142agodzenia ich niekorzystnego wp\u0142ywu na ro\u015bliny.<\/p>\n<p>IV. Reakcja ro\u015blin na stresy abiotyczne oraz czynniki wp\u0142ywaj\u0105ce na wzrost odporno\u015bci ro\u015blin na stresy \u015brodowiskowe, w&nbsp;szczeg\u00f3lno\u015bci wysok\u0105 temperatur\u0119, ch\u0142\u00f3d i&nbsp;zasolenie.<\/p>\n<p>V. Wp\u0142yw \u015bwiat\u0142a LED oraz jego sk\u0142adu spektralnego na wzrost i&nbsp;wybrane parametry fotosyntezy.<\/p>\n<p><a href=\"https:\/\/up.lublin.pl\/srodowiskowa\/wp-content\/uploads\/sites\/5\/2021\/07\/fot._1zfr..jpg\"><img loading=\"lazy\" class=\"aligncenter size-full wp-image-141527\" src=\"https:\/\/up.lublin.pl\/srodowiskowa\/wp-content\/uploads\/sites\/5\/2021\/07\/fot._1zfr..jpg\" alt=\"\" width=\"975\" height=\"805\" \/><\/a><\/p>\n<p><a href=\"https:\/\/up.lublin.pl\/srodowiskowa\/wp-content\/uploads\/sites\/5\/2021\/07\/fot._2zfr..jpg\"><img loading=\"lazy\" class=\"aligncenter size-full wp-image-141531\" src=\"https:\/\/up.lublin.pl\/srodowiskowa\/wp-content\/uploads\/sites\/5\/2021\/07\/fot._2zfr..jpg\" alt=\"\" width=\"918\" height=\"723\" \/><\/a><\/p>\n<p>Efektem prowadzonych w&nbsp;Zak\u0142adzie bada\u0144, jak r\u00f3wnie\u017c wsp\u00f3\u0142pracy naukowej pracownik\u00f3w z&nbsp;innymi jednostkami naukowo-badawczymi jest szereg publikacji naukowych, dotycz\u0105cych zagadnie\u0144 typowo fizjologicznych, biochemicznych, ekotoksykologicznych, jak r\u00f3wnie\u017c zwi\u0105zanych z&nbsp;szeroko poj\u0119t\u0105 fizjologi\u0105 stresu. W&nbsp;okresie ostatnich lat pracownicy Zak\u0142adu opublikowali wiele oryginalnych prac naukowych, a&nbsp;wiele z&nbsp;nich ukaza\u0142o si\u0119 w&nbsp;wiod\u0105cych mi\u0119dzynarodowych wydawnictwach naukowych, jak Elsevier, Springer, Taylor &amp; Francis czy MDPI. Pracownicy Zak\u0142adu, opr\u00f3cz bada\u0144 zwi\u0105zanych z&nbsp;dzia\u0142alno\u015bci\u0105 statutow\u0105, realizowali lub uczestniczyli w&nbsp;projektach badawczych finansowanych ze \u017ar\u00f3de\u0142 zewn\u0119trznych (NCN, POI\u015a, projekty badawcze zlecone).<\/p>\n<p><strong>Projekty badawcze:<\/strong><\/p>\n<p>\u2022 projekt NCN (N N310 430939): \u201eBiofortyfikacja wybranych warzyw w&nbsp;selen w&nbsp;aspekcie wzrostu ich odporno\u015bci na zasolenie lub metale ci\u0119\u017ckie\u201d realizowany w&nbsp;latach 2010\u20132014 &#8211; kierownik: dr Barbara Hawrylak-Nowak<br \/>\u2022 projekt mi\u0119dzynarodowy zlecony (OKA\/U-195\/2017) realizowany z&nbsp;firm\u0105 chemiczn\u0105 Perstorp AB, Malm\u00f6, Szwecja: \u201cEvaluation of yielding efficiency of potassium formate in fertilization depending from the way of application, plant species and environmental conditions\u201d realizowany w&nbsp;latach 2017\u20132018, kierownik: dr in\u017c. S\u0142awomir Micha\u0142ek<\/p>\n<p><strong>Patent:<\/strong> <br \/>\u2022 PL433604A1 \u2018Wodny ekstrakt alantoiny z&nbsp;porost\u00f3w z&nbsp;rodzaju Physcia i&nbsp;Phaeophyscia do zastosowania w&nbsp;leczeniu ran sk\u00f3ry r\u00f3\u017cnej etiologii, zw\u0142aszcza po oparzeniach czy zaka\u017ceniach grzybicznych\u2019. Uzyskany patent jest efektem wsp\u00f3\u0142pracy dr hab. Barbary Hawrylak-Nowak z&nbsp;naukowcami z&nbsp;Uniwersytetu Medycznego w&nbsp;Lublinie oraz UMCS. Przedmiotem wynalazku jest wodny ekstrakt alantoiny z&nbsp;porost\u00f3w z&nbsp;rodzaju Physcia i&nbsp;Phaeophyscia, wyizolowany z&nbsp;gatunk\u00f3w Physcia dubia, Physcia adscendens i&nbsp;Phaeophyscia orbicularis do zastosowania w&nbsp;preparatach dermatologicznych regeneruj\u0105cych uszkodzon\u0105 sk\u00f3r\u0119. Mo\u017ce on znale\u017a\u0107 zastosowanie zw\u0142aszcza w&nbsp;leczeniu ran po oparzeniu r\u00f3\u017cnej etiologii, zaka\u017ce\u0144 bakteryjnych i&nbsp;grzybiczych sk\u00f3ry, piel\u0119gnacji sk\u00f3ry w&nbsp;\u0142uszczycy, tr\u0105dziku czy te\u017c regeneracji sk\u00f3ry podra\u017cnionej, wysuszonej czy sk\u0142onnej do stan\u00f3w zapalnych. Naturalny ekstrakt z&nbsp;porost\u00f3w mo\u017ce mie\u0107 du\u017ce znaczenie w&nbsp;opracowywaniu receptur dermokosmetyk\u00f3w i&nbsp;preparat\u00f3w leczniczych o&nbsp;aktywno\u015bci regeneracyjnej, stanowi\u0105c alternatyw\u0119 dla syntetycznej postaci tego zwi\u0105zku.<\/p>\n<p><strong>Pracownicy Zak\u0142adu byli lub s\u0105 wsp\u00f3\u0142wykonawcami projekt\u00f3w badawczych zwi\u0105zanych z:<\/strong><\/p>\n<p>\u2022 wp\u0142ywem mikrosporydiozy na organizmy \u017cywicielskie oraz okre\u015bleniem zmian zachodz\u0105cych w&nbsp;interakcjach paso\u017cyt \u017cywiciel<br \/>\u2022 ekologi\u0105 i&nbsp;ochron\u0105 populacji relikt\u00f3w borealnych na Polesiu Lubelskim,<br \/>\u2022 fizjologiczn\u0105 reakcj\u0105 ozdobnych ro\u015blin doniczkowych na stres biotyczny wywo\u0142any \u017cerowaniem i&nbsp;spadziowaniem Coccus hesperidum<\/p>\n<p>Aktualnie (2023 r.) w&nbsp;Zak\u0142adzie Fizjologii i&nbsp;Biochemii Ro\u015blin prac\u0119 doktorsk\u0105 realizuje mgr in\u017c. Maria Stasi\u0144ska-Jakubas.<\/p>\n<p>\u00a0<\/p>\n<p><a href=\"https:\/\/up.lublin.pl\/srodowiskowa\/wp-content\/uploads\/sites\/5\/2021\/07\/fot._3zfr..jpg\"><img loading=\"lazy\" class=\"aligncenter size-full wp-image-141535\" src=\"https:\/\/up.lublin.pl\/srodowiskowa\/wp-content\/uploads\/sites\/5\/2021\/07\/fot._3zfr..jpg\" alt=\"\" width=\"938\" height=\"464\" \/><\/a><br \/><strong>Zaplecze badawcze:<\/strong><\/p>\n<p>Baz\u0119 do\u015bwiadczalno-naukow\u0105 Zak\u0142adu stanowi\u0105 trzy pomieszczenia wegetacyjne umo\u017cliwiaj\u0105ce prowadzenie do\u015bwiadcze\u0144 w&nbsp;kontrolowanych warunkach nat\u0119\u017cenia i&nbsp;sk\u0142adu spektralnego promieniowania, fotoperiodu, temperatury, wilgotno\u015bci powietrza i&nbsp;pod\u0142o\u017ca. Ponadto Zak\u0142ad dysponuje trzema pomieszczeniami laboratoryjnymi, umo\u017cliwiaj\u0105cymi prowadzenie analiz fizykochemicznych oraz fizjologiczno-biochemicznych, w&nbsp;tym aparatur\u0105 umo\u017cliwiaj\u0105c\u0105 ocen\u0119 parametr\u00f3w intensywno\u015bci fotosyntezy, transpiracji, fluorescencji chlorofilu, powierzchni li\u015bci oraz stopnia otwarcia aparat\u00f3w szparkowych. Zaplecze naukowo-badawcze daje mo\u017cliwo\u015b\u0107 pe\u0142nej kontroli procesu wzrostu ro\u015blin oraz szczeg\u00f3\u0142owej oceny wp\u0142ywu zr\u00f3\u017cnicowanych warunk\u00f3w \u015brodowiska na procesy wzrostowe oraz fizjologiczno-biochemiczne. Ponadto posiadane urz\u0105dzenia umo\u017cliwiaj\u0105 ocen\u0119 wybranych parametr\u00f3w fizykochemicznych, w&nbsp;tym pH oraz elektroprzewodno\u015bci roztwor\u00f3w, r\u00f3wnie\u017c produkt\u00f3w kosmetycznych.<\/p>\n<p style=\"text-align: left\">\u00a0<\/p>\n                                        <\/div>\n\t\t\t\t\t\t                                                        <div class=\"block-text\">\n\t                                        <p>&#8230;<\/p>\n                                        <\/div>\n\t\t\t\t\t\t                                <\/div>\n\t\t\t\t                <div class=\"mn-content-block\">\n\t                                                        <div class=\"block-text\">\n\t                                        <p>Historia Zak\u0142adu Fizjologii i&nbsp;Biochemii Ro\u015blin si\u0119ga 1952 roku, w&nbsp;kt\u00f3rym to roku Katedra Fizjologii Ro\u015blin zosta\u0142a powo\u0142ana jako samodzielna jednostka Wydzia\u0142u Rolnego UMCS. Nast\u0119pnie przez wiele lat Katedra Fizjologii Ro\u015blin zwi\u0105zana by\u0142a z&nbsp;Wydzia\u0142em Ogrodniczym przekszta\u0142conym nast\u0119pnie w&nbsp;Wydzia\u0142 Ogrodnictwa i&nbsp;Architektury Krajobrazu. W&nbsp;pierwszych latach swej dzia\u0142alno\u015bci Katedra nie mia\u0142a kierownika, a&nbsp;jej prac\u0105 kierowali kolejni kuratorzy: prof. Adam Paszewski, prof. dr Adam Wondraush oraz prof. dr Jadwiga Ziemi\u0119cka. W&nbsp;1956 r. pozyskano kierownika w&nbsp;osobie prof. dr Anny Nowotny &#8211; Mieczy\u0144skiej, kt\u00f3ra kierowa\u0142a jednostk\u0105 do 1963 r. W&nbsp;latach 1964-1966 Katedra znowu przesz\u0142a pod opiek\u0119 kuratora prof. dr Kazimierza Matusiaka. Od 1969 r. do ko\u0144ca wrze\u015bnia 1995 r. funkcj\u0119 kierownika Katedry pe\u0142ni\u0142a prof. dr hab. Zofia Uziak, a&nbsp;od 1995 r. do 2015 r. prac\u0105 Katedry kierowa\u0142 prof. dr hab. Edward Borowski. Od 2015 r. funkcj\u0119 p.o. kierownika sprawowa\u0142a dr Barbara Hawrylak-Nowak, natomiast od 2017 do 2019 r. dr hab. Barbara Hawrylak-Nowak pe\u0142ni\u0142a funkcj\u0119 kierownika Katedry Fizjologii Ro\u015blin, a&nbsp;obecnie kierownika Zak\u0142adu Fizjologii i&nbsp;Biochemii Ro\u015blin. Od marca 2019 r. Zak\u0142ad Fizjologii i&nbsp;Biochemii Ro\u015blin wchodzi w&nbsp;sk\u0142ad Katedry Botaniki i&nbsp;Fizjologii Ro\u015blin funkcjonuj\u0105cej obecnie na Wydziale Biologii \u015arodowiskowej. <\/p>\n<p><strong>Prace doktorskie w&nbsp;Katedrze Fizjologii Ro\u015blin (obecnie Zak\u0142ad Fizjologii i&nbsp;Biochemii Ro\u015blin przy Katedrze Botaniki i&nbsp;Fizjologii Ro\u015blin) obronili:<\/strong> Zofia Uziak (1960), Zofia Koter (1964), Anna Oczo\u015b (1970), Ewa Szczypa-Wolska (1973), Maria Szyma\u0144ska (1975), Edward Borowski (1976), Ryszard Stanek (1977), Zbyszek K. Blamowski (1979), Urszula Kruszelnicka (1982), Irena Rukasz (1983), Lidia Koz\u0142owska (1988), W\u0142adys\u0142aw Micha\u0142ek (1990), Renata Matraszek (2000), Anna \u015awi\u0105der (2001), S\u0142awomir Micha\u0142ek (2002), Ma\u0142gorzata Makowska (2003), Barbara Hawrylak-Nowak (2004), Katarzyna Rubinowska (2009), Monika Kalinowska (2013).<\/p>\n<p><strong>Stopnie naukowe doktor\u00f3w habilitowanych z&nbsp;zakresu fizjologii ro\u015blin uzyskali:<\/strong> Zofia Uziak (1967), Kazimierz Olech (1968), Anna Oczo\u015b (1982), Edward Borowski (1986), Maria Szyma\u0144ska (1988), W\u0142adys\u0142aw Micha\u0142ek (2002), Barbara Hawrylak-Nowak (2017) i&nbsp;Renata Matraszek-Gawron (2017).<\/p>\n<p><strong>Tytu\u0142 profesora nadano:<\/strong> Zofii Uziak (1991), Edwardowi Borowskiemu (1996), Marii Szyma\u0144skiej (2001)<\/p>\n<p><strong>Przez wiele lat z&nbsp;Katedr\u0105 zwi\u0105zani byli dwaj samodzielni pracownicy naukowi:<\/strong> doc. dr hab. Eugeniusz Gawro\u0144ski, pracuj\u0105cy od 1959 r. do 1985 r., w&nbsp;kt\u00f3rym to roku zosta\u0142 kierownikiem Zak\u0142adu Nasiennictwa i&nbsp;Szk\u00f3\u0142karstwa Ogrodniczego, a&nbsp;tak\u017ce doc. dr hab. Kazimierz Olech pracuj\u0105cy od 1960 r. do przedwczesnej \u015bmierci w&nbsp;roku 1978 r. Od 1970 r. by\u0142 r\u00f3wnocze\u015bnie dyrektorem Instytutu Przyrodniczych Podstaw Produkcji Ro\u015blinnej na nowo powsta\u0142ym Wydziale Ogrodniczym.<\/p>\n<p><strong>Pracownicy emerytowani:<\/strong><\/p>\n<p>prof. dr hab. Edward Borowski<br \/>prof. dr hab. Maria Szyma\u0144ska<br \/>dr hab. Jolanta Molas<br \/>dr Irena Rukasz<br \/>dr Ryszard Stanek<br \/>mgr Marianna \u0106wikli\u0144ska<br \/>mgr Krystyna Modzelewska-Paczos<br \/>mgr Maria Wawron<br \/>mgr El\u017cbieta Jarosz<br \/>mgr Ma\u0142gorzata Wr\u00f3blewska<br \/>mgr Anna Ziemba<\/p>\n<p><strong>D\u0142ugoletnimi pracownikami Katedry byli r\u00f3wnie\u017c:<\/strong><\/p>\n<p>mgr Zofia Harassek (zm. 1978)<br \/>doc. dr hab. Kazimierz Olech (zm. 1978)<br \/>mgr Maria Gwo\u017adziak (zm. 1991)<br \/>dr Lidia Koz\u0142owska (zm. 2010)<br \/>prof. dr hab. Zofia Uziak (zm. 2015)<br \/>dr Zbyszek K. Blamowski (zm. 2021)<\/p>\n<p>\u00a0<\/p>\n                                        <\/div>\n\t\t\t\t\t\t                                <\/div>\n\t\t\t\t                <div class=\"mn-content-block\">\n\t                                                        <div class=\"block-text\">\n\t                                        <div id=\"pagewidth\">\n<div id=\"wrapper\" class=\"clearfix\">\n<div id=\"twocols\">\n<div id=\"podstrona-zwykla\">\n<div id=\"podstrona-zwykla\">\n<div class=\"post1\">\n<p><strong>Pracownicy Zak\u0142adu deklaruj\u0105 mo\u017cliwo\u015b\u0107 wykonania nast\u0119puj\u0105cych analiz i&nbsp;ekspertyz:<\/strong><\/p>\n<p>\u2022 okre\u015blenie odporno\u015bci gatunk\u00f3w i&nbsp;odmian ro\u015blin na stresy \u015brodowiskowe,<\/p>\n<p>\u2022 analizy biochemiczne materia\u0142u ro\u015blinnego (st\u0119\u017cenie chlorofili, karotenoid\u00f3w, antocyjan\u00f3w, zwi\u0105zk\u00f3w fenowych og\u00f3\u0142em; aktywno\u015b\u0107 antyoksydacyjna; wska\u017aniki stresu oksydacyjnego &#8211; poziom peroksydacji lipid\u00f3w; zawarto\u015b\u0107 i&nbsp;wizualizacja H2O2; wizualizacja anionu ponadtlenkowego; aktywno\u015b\u0107 enzym\u00f3w antyoksydacyjnych),<\/p>\n<p>\u2022 okre\u015blenie poziomu fitotoksyczno\u015bci r\u00f3\u017cnego rodzaju substancji i&nbsp;preparat\u00f3w,<\/p>\n<p>\u2022 ocena efektywno\u015bci preparat\u00f3w komercyjnych we wzro\u015bcie odporno\u015bci ro\u015blin na stresy abiotyczne oraz w&nbsp;przed\u0142u\u017caniu trwa\u0142o\u015bci pozbiorczej kwiat\u00f3w i&nbsp;zieleni ci\u0119tej,<\/p>\n<p>\u2022 doradztwo dla os\u00f3b indywidualnych i&nbsp;grup producenckich w&nbsp;zakresie diagnostyki chor\u00f3b fizjologicznych ro\u015blin uprawnych,<\/p>\n<p>\u2022 okre\u015blenie wybranych w\u0142a\u015bciwo\u015bci fizykochemicznych oraz biochemicznych preparat\u00f3w kosmetycznych.<\/p>\n<p>\u00a0<\/p>\n<p><strong>W zakresie przedstawionej problematyki pracownicy Zak\u0142adu deklaruj\u0105 ch\u0119\u0107 wsp\u00f3\u0142pracy z&nbsp;innymi partnerami i&nbsp;podmiotami gospodarczymi.<\/strong><\/p>\n<p>\u00a0<\/p>\n<\/div>\n<\/div>\n<\/div>\n<\/div>\n<\/div>\n<\/div>\n                                        <\/div>\n\t\t\t\t\t\t                                <\/div>\n\t\t\t\t\t\t<\/div>\n\t<\/div>\n<\/section>\n\t\t<\/div>\n\t\t\t\t<\/div>\n\t\t\t\t\t\t<\/div>\n\t\t\t\t\t<\/div>\n\t\t<\/div>\n\t\t\t\t\t\t\t\t<\/div>\n\t\t\t\t\t<\/div>\n\t\t<\/section>\n\t\t\t\t\t\t<\/div>\n\t\t\t\t\t\t<\/div>\n\t\t\t\t\t<\/div>\n\t\t","protected":false},"excerpt":{"rendered":"<p>Zak\u0142ad Fizjologii i&nbsp;Biochemii Ro\u015blin UP Wydzia\u0142 Biologii \u015arodowiskowej Dydaktyka Badania Historia Oferta \u00a0 Pracownicy Zak\u0142adu zaj\u0119cia dydaktyczne prowadz\u0105 na nast\u0119puj\u0105cych Wydzia\u0142ach: Biologii \u015arodowiskowej; Ogrodnictwa i&nbsp;Architektury Krajobrazu; Agrobioin\u017cynierii; Nauk o&nbsp;Zwierz\u0119tach i&nbsp;Biogospodarki oraz Nauk o&nbsp;\u017bywno\u015bci i&nbsp;Biotechnologii. Realizowane s\u0105 nast\u0119puj\u0105ce modu\u0142y obligatoryjne i&nbsp;fakultatywne:&#8211; Fizjologia ro\u015blin&#8211; Fizjologia ro\u015blin drzewiastych&#8211; Biochemia &#8211; Receptury kosmetyczne&#8211; Biokosmetyki innowacyjne&#8211; Techniki wiza\u017cu&#8211; Kosmetologia piel\u0119gnacyjna [&hellip;]<\/p>\n","protected":false},"author":2,"featured_media":0,"parent":141423,"menu_order":0,"comment_status":"closed","ping_status":"closed","template":"elementor_header_footer","meta":{"_monsterinsights_skip_tracking":false,"_monsterinsights_sitenote_active":false,"_monsterinsights_sitenote_note":"","_monsterinsights_sitenote_category":0},"_links":{"self":[{"href":"https:\/\/up.lublin.pl\/srodowiskowa\/wp-json\/wp\/v2\/pages\/141523"}],"collection":[{"href":"https:\/\/up.lublin.pl\/srodowiskowa\/wp-json\/wp\/v2\/pages"}],"about":[{"href":"https:\/\/up.lublin.pl\/srodowiskowa\/wp-json\/wp\/v2\/types\/page"}],"author":[{"embeddable":true,"href":"https:\/\/up.lublin.pl\/srodowiskowa\/wp-json\/wp\/v2\/users\/2"}],"replies":[{"embeddable":true,"href":"https:\/\/up.lublin.pl\/srodowiskowa\/wp-json\/wp\/v2\/comments?post=141523"}],"version-history":[{"count":31,"href":"https:\/\/up.lublin.pl\/srodowiskowa\/wp-json\/wp\/v2\/pages\/141523\/revisions"}],"predecessor-version":[{"id":174536,"href":"https:\/\/up.lublin.pl\/srodowiskowa\/wp-json\/wp\/v2\/pages\/141523\/revisions\/174536"}],"up":[{"embeddable":true,"href":"https:\/\/up.lublin.pl\/srodowiskowa\/wp-json\/wp\/v2\/pages\/141423"}],"wp:attachment":[{"href":"https:\/\/up.lublin.pl\/srodowiskowa\/wp-json\/wp\/v2\/media?parent=141523"}],"curies":[{"name":"wp","href":"https:\/\/api.w.org\/{rel}","templated":true}]}}