{"id":141456,"date":"2021-07-09T13:14:15","date_gmt":"2021-07-09T11:14:15","guid":{"rendered":"https:\/\/up.lublin.pl\/srodowiskowa\/?page_id=141456"},"modified":"2023-05-24T11:56:43","modified_gmt":"2023-05-24T09:56:43","slug":"biologia-roslin","status":"publish","type":"page","link":"https:\/\/up.lublin.pl\/srodowiskowa\/wydzial\/struktura-i-pracownicy\/botanika\/biologia-roslin\/","title":{"rendered":"Zak\u0142ad Biologii Ro\u015blin"},"content":{"rendered":"\t\t<div data-elementor-type=\"wp-page\" data-elementor-id=\"141456\" class=\"elementor elementor-141456\" data-elementor-settings=\"[]\">\n\t\t\t\t\t\t<div class=\"elementor-inner\">\n\t\t\t\t\t\t\t<div class=\"elementor-section-wrap\">\n\t\t\t\t\t\t\t<section class=\"elementor-section elementor-top-section elementor-element elementor-element-e6c4740 elementor-section-boxed elementor-section-height-default elementor-section-height-default\" data-id=\"e6c4740\" data-element_type=\"section\">\n\t\t\t\t\t\t<div class=\"elementor-container elementor-column-gap-default\">\n\t\t\t\t\t\t\t<div class=\"elementor-row\">\n\t\t\t\t\t<div class=\"elementor-column elementor-col-100 elementor-top-column elementor-element elementor-element-20db6a5\" data-id=\"20db6a5\" data-element_type=\"column\">\n\t\t\t<div class=\"elementor-column-wrap elementor-element-populated\">\n\t\t\t\t\t\t\t<div class=\"elementor-widget-wrap\">\n\t\t\t\t\t\t<div class=\"elementor-element elementor-element-75b9fc8 elementor-widget elementor-widget-m2k\" data-id=\"75b9fc8\" data-element_type=\"widget\" data-widget_type=\"m2k.default\">\n\t\t\t\t<div class=\"elementor-widget-container\">\n\t\t\t<section class=\"mn-m2-d mn-bg-green\">\n    <div class=\"mn-grid\">\n        <div class=\"mn-grid-12 mn-introtext\">\n                            <h3>\n                    Zak\u0142ad Biologii Ro\u015blin                <\/h3>\n                        <\/div>\n    <\/div>\n    <\/section>\n\t\t<\/div>\n\t\t\t\t<\/div>\n\t\t\t\t\t\t<\/div>\n\t\t\t\t\t<\/div>\n\t\t<\/div>\n\t\t\t\t\t\t\t\t<\/div>\n\t\t\t\t\t<\/div>\n\t\t<\/section>\n\t\t\t\t<section class=\"elementor-section elementor-top-section elementor-element elementor-element-ed235c6 elementor-section-boxed elementor-section-height-default elementor-section-height-default\" data-id=\"ed235c6\" data-element_type=\"section\">\n\t\t\t\t\t\t<div class=\"elementor-container elementor-column-gap-default\">\n\t\t\t\t\t\t\t<div class=\"elementor-row\">\n\t\t\t\t\t<div class=\"elementor-column elementor-col-100 elementor-top-column elementor-element elementor-element-1e0cf5d\" data-id=\"1e0cf5d\" data-element_type=\"column\">\n\t\t\t<div class=\"elementor-column-wrap elementor-element-populated\">\n\t\t\t\t\t\t\t<div class=\"elementor-widget-wrap\">\n\t\t\t\t\t\t<div class=\"elementor-element elementor-element-c0e633e elementor-widget elementor-widget-m5c\" data-id=\"c0e633e\" data-element_type=\"widget\" data-widget_type=\"m5c.default\">\n\t\t\t\t<div class=\"elementor-widget-container\">\n\t\t\t<section class=\"mn-m5-c mn-bg-white\">\n\t<div class=\"mn-grid\">\n\t\t            <div class=\"mn-menu-container mn-grid-3\">\n                <ul class=\"mn-bg-yellow\">\n\t                                        <li>\n                            <a href=\"#\" class=\"active\" data-hash=\"#dydaktyka\">\n                                Dydaktyka                            <\/a>\n                        <\/li>\n                                                <li>\n                            <a href=\"#\" class=\"\" data-hash=\"#badania\">\n                                Badania                            <\/a>\n                        <\/li>\n                                                <li>\n                            <a href=\"#\" class=\"\" data-hash=\"#historia\">\n                                Historia                            <\/a>\n                        <\/li>\n                                                <li>\n                            <a href=\"#\" class=\"\" data-hash=\"#oferta\">\n                                Oferta naukowo-badawcza                            <\/a>\n                        <\/li>\n                                                <li>\n                            <a href=\"#\" class=\"\" data-hash=\"#publikacje\">\n                                Publikacje                            <\/a>\n                        <\/li>\n                                        <\/ul>\n            <\/div>\n\t        \t\t<div class=\"mn-content mn-grid-8\">\n\t\t\t                <div class=\"mn-content-block active\">\n\t                                                        <div class=\"block-text\">\n\t                                        <p><strong>Zaj\u0119cia dydaktyczne prowadzone s\u0105 na Wydzia\u0142ach: <\/strong><\/p>\n<ul>\n<li>Biologii \u015arodowiskowej<\/li>\n<li>Ogrodnictwa i&nbsp;Architektury Krajobrazu,<\/li>\n<li>Agrobioin\u017cynierii,<\/li>\n<li>Biologii, Nauk o&nbsp;Zwierz\u0119tach i&nbsp;Biogospodarki.<\/li>\n<\/ul>\n<p><strong>Wyk\u0142ady i&nbsp;\u0107wiczenia obejmuj\u0105 nast\u0119puj\u0105ce przedmioty:<\/strong><\/p>\n<ul>\n<li>&#8211; Botanika,<\/li>\n<li>&#8211; Botanika rolnicza,<\/li>\n<li>&#8211; Botanika le\u015bna,<\/li>\n<li>&#8211; Botanika z&nbsp;fitofenologi\u0105,<\/li>\n<li>&#8211; Botanika i&nbsp;podstawy fitosocjologii,<\/li>\n<li>&#8211; Botanika z&nbsp;fizjologi\u0105 ro\u015blin,<\/li>\n<li>&#8211; Biologia ro\u015blin,<\/li>\n<li>&#8211; Szata ro\u015blinna &#8211; fitosocjologia,<\/li>\n<li>&#8211; Ro\u015bliny toksyczne &#8211; pokojowe i&nbsp;dzikorosn\u0105ce,<\/li>\n<li>&#8211; Ro\u015bliny kosmetyczne i&nbsp;barwierskie,<\/li>\n<li>&#8211; Ekologia zapylania ro\u015blin,<\/li>\n<li>&#8211; Anatomia i&nbsp;fizjologia ro\u015blin drzewiastych,<\/li>\n<li>&#8211; Fenologia,<\/li>\n<li>&#8211; Palinologia w&nbsp;kryminalistyce,<\/li>\n<li>&#8211; Substancje biologicznie czynne,<\/li>\n<li>&#8211; Ro\u015bliny toksyczne\u00a0 i&nbsp;fitotoksyny,<\/li>\n<li>&#8211; Ro\u015bliny truj\u0105ce i&nbsp;alergizuj\u0105ce,<\/li>\n<li>&#8211; Receptury kosmetyczne,<\/li>\n<li>&#8211; Aromaterapia i&nbsp;\u015brodki zapachowe,<\/li>\n<li>&#8211; Egzotyczne surowce kosmetyczne,<\/li>\n<li>&#8211; Zaawansowane receptury biokosmetyk\u00f3w,<\/li>\n<li>&#8211; Kosmetyki ochronne,<\/li>\n<li>&#8211; Surowce pochodzenia ro\u015blinnego w&nbsp;kosmetyce,<\/li>\n<li>&#8211; Apikosmetologia,<\/li>\n<li>&#8211; Seminarium dyplomowe.<\/li>\n<\/ul>\n                                        <\/div>\n\t\t\t\t\t\t                                <\/div>\n\t\t\t\t                <div class=\"mn-content-block\">\n\t                                                        <div class=\"block-text\">\n\t                                        <p><strong><u>G\u0142\u00f3wne kierunki bada\u0144 realizowanych w&nbsp;Katedrze Botaniki dotycz\u0105:<\/u><\/strong><\/p>\n<ul>\n<li>botaniki pszczelarskiej,<\/li>\n<li>anatomii i&nbsp;cytologii ro\u015blin,<\/li>\n<li>aerobiologii.<\/li>\n<\/ul>\n<p>Kierunki te odgrywaj\u0105 donios\u0142\u0105 rol\u0119 w&nbsp;ekologii kwitnienia i&nbsp;zapylania ro\u015blin.<\/p>\n<p><strong>Prace badawcze z&nbsp;zakresu botaniki pszczelarskiej obejmuj\u0105:<\/strong><\/p>\n<p>1. Biologi\u0119 kwitnienia i&nbsp;ocen\u0119 warto\u015bci pszczelarskiej (intensywno\u015b\u0107 nektarowania i&nbsp;pylenia kwiat\u00f3w) gatunk\u00f3w uprawnych oraz wyst\u0119puj\u0105cych w&nbsp;naturalnych zbiorowiskach ro\u015blinnych,\u00a0<\/p>\n<p><a href=\"https:\/\/up.lublin.pl\/srodowiskowa\/wp-content\/uploads\/sites\/5\/2021\/07\/Screenshot-200.jpg\"><img loading=\"lazy\" class=\"aligncenter size-full wp-image-141480\" src=\"https:\/\/up.lublin.pl\/srodowiskowa\/wp-content\/uploads\/sites\/5\/2021\/07\/Screenshot-200.jpg\" alt=\"\" width=\"602\" height=\"133\" \/><\/a><\/p>\n<p>2. Wp\u0142yw owad\u00f3w zapylaj\u0105cych na wysoko\u015b\u0107 plonu owoc\u00f3w i&nbsp;nasion uprawnych gatunk\u00f3w ro\u015blin,<\/p>\n<p><a href=\"https:\/\/up.lublin.pl\/srodowiskowa\/wp-content\/uploads\/sites\/5\/2021\/07\/Screenshot-200_1.jpg\"><img loading=\"lazy\" class=\"aligncenter size-full wp-image-141484\" src=\"https:\/\/up.lublin.pl\/srodowiskowa\/wp-content\/uploads\/sites\/5\/2021\/07\/Screenshot-200_1.jpg\" alt=\"\" width=\"614\" height=\"147\" \/><\/a><\/p>\n<p>3. Mikroskopowe analizy py\u0142kowe produkt\u00f3w pszczelich (miod\u00f3w, pierzgi i&nbsp;obn\u00f3\u017cy py\u0142kowych).<\/p>\n<p><a href=\"https:\/\/up.lublin.pl\/srodowiskowa\/wp-content\/uploads\/sites\/5\/2021\/07\/Screenshot-200_2.jpg\"><img loading=\"lazy\" class=\"aligncenter size-full wp-image-141488\" src=\"https:\/\/up.lublin.pl\/srodowiskowa\/wp-content\/uploads\/sites\/5\/2021\/07\/Screenshot-200_2.jpg\" alt=\"\" width=\"571\" height=\"143\" \/><\/a><\/p>\n<p><strong>Badania anatomiczne dotycz\u0105:<\/strong><\/p>\n<p>1. Topografii i&nbsp;struktur tkanek wydzielniczych (nektarniki, osmofory, w\u0142oski i&nbsp;zbiorniki wydzielnicze),<\/p>\n<p>2. Mikromorfologii i&nbsp;struktury owoc\u00f3w w&nbsp;r\u00f3\u017cnych fazach ich rozwoju oraz po kilku miesi\u0105cach przechowywania.\u00a0<\/p>\n<p><a href=\"https:\/\/up.lublin.pl\/srodowiskowa\/wp-content\/uploads\/sites\/5\/2021\/07\/Screenshot-200_3.jpg\"><img loading=\"lazy\" class=\"aligncenter size-full wp-image-141492\" src=\"https:\/\/up.lublin.pl\/srodowiskowa\/wp-content\/uploads\/sites\/5\/2021\/07\/Screenshot-200_3.jpg\" alt=\"\" width=\"550\" height=\"172\" \/><\/a><\/p>\n<p><strong>Realizuje si\u0119 r\u00f3wnie\u017c badania zwi\u0105zane z:<\/strong><\/p>\n<p>\u2022 \u00a0 biologi\u0105 i\u00a0ekologi\u0105 ro\u015blin wykorzystywanych w\u00a0przemy\u015ble kosmetycznym i\u00a0farmaceutycznym,<\/p>\n<p>\u2022 \u00a0 badania morfologii i\u00a0ultrastruktury kwiat\u00f3w oraz tkanki wydzielniczej wybranych ro\u015blin leczniczych i\u00a0kosmetycznych,<\/p>\n<p>\u2022 \u00a0 wyst\u0119powaniem i\u00a0lokalizacj\u0105 substancji biologicznie czynnych w\u00a0organach ro\u015blin kosmetycznych,<\/p>\n<p>\u2022 \u00a0 ocena jako\u015bci surowc\u00f3w zielarskich i\u00a0kosmetycznych, analiza ilo\u015bciowa i\u00a0jako\u015bciowa olejk\u00f3w eterycznych, analiza zawarto\u015bci zwi\u0105zk\u00f3w polifenolowych, witamin i\u00a0sk\u0142adnik\u00f3w mineralnych z\u00a0uwzgl\u0119dnieniem czynnik\u00f3w natury genetycznej, ontogenetycznej i\u00a0\u015brodowiskowej oraz czynnik\u00f3w pozbiorczych.<\/p>\n<p><img loading=\"lazy\" class=\"alignnone wp-image-156198\" src=\"https:\/\/up.lublin.pl\/srodowiskowa\/wp-content\/uploads\/sites\/5\/2023\/05\/Wloski.jpg\" alt=\"\" width=\"578\" height=\"163\" \/><\/p>\n                                        <\/div>\n\t\t\t\t\t\t                                <\/div>\n\t\t\t\t                <div class=\"mn-content-block\">\n\t                                                        <div class=\"block-text\">\n\t                                        <p style=\"text-align: center\"><a href=\"https:\/\/up.lublin.pl\/srodowiskowa\/wp-content\/uploads\/sites\/5\/2021\/07\/pracownicy_katedry_botaniki.jpg\"><img loading=\"lazy\" class=\"aligncenter size-full wp-image-141496\" src=\"https:\/\/up.lublin.pl\/srodowiskowa\/wp-content\/uploads\/sites\/5\/2021\/07\/pracownicy_katedry_botaniki.jpg\" alt=\"\" width=\"1000\" height=\"712\" \/><\/a><strong>Pracownicy Katedry Botaniki<\/strong><\/p>\n<p>W roku powstania Wydzia\u0142u Ogrodniczego (1970), Katedra Botaniki liczy\u0142a ju\u017c 26 lat. Powsta\u0142a w&nbsp;1944 roku na Wydziale Rolnym UMCS. Od 1955 roku funkcjonowa\u0142a na Wydziale Rolniczym Wy\u017cszej Szko\u0142y Rolniczej. W&nbsp;roku 1970 zosta\u0142a przeniesiona na Wydzia\u0142 Ogrodniczy i&nbsp;otrzyma\u0142a nazw\u0119 Zespo\u0142u Dydaktycznego Botaniki. W&nbsp;roku 1972 na Wydziale Ogrodniczym utworzono Instytut Przyrodniczych Podstaw Produkcji Ro\u015blinnej, w&nbsp;kt\u00f3rym powsta\u0142 Zak\u0142ad Botaniki. Po rozwi\u0105zaniu Instytutu w&nbsp;1991 roku powr\u00f3cono do nazwy Katedra Botaniki.<\/p>\n<p>Od roku 1970 funkcj\u0119 kierownika Katedry pe\u0142nili:<\/p>\n<ul>\n<li>1970-1981 \u00a0 doc. dr Adam Tomaszewski<\/li>\n<li>1982-1994 \u00a0 Prof. dr hab Zofia Warakomska<\/li>\n<li>1994-2017 \u00a0 Prof. dr hab. El\u017cbieta Weryszko-Chmielewska<\/li>\n<li>od 2017\u00a0\u00a0\u00a0\u00a0\u00a0 dr hab. Bo\u017cena Denisow<\/li>\n<\/ul>\n<p>Obecnie w&nbsp;strukturze Katedry funkcjonuj\u0105 dwa zak\u0142ady:<\/p>\n<ul>\n<li>Zak\u0142ad Biologii Ro\u015blin<\/li>\n<li>Zak\u0142ad Aerobiologii<\/li>\n<\/ul>\n                                        <\/div>\n\t\t\t\t\t\t                                <\/div>\n\t\t\t\t                <div class=\"mn-content-block\">\n\t                                                        <div class=\"block-text\">\n\t                                        <ul>\n<li><strong>Ewaluacja wymog\u00f3w zapylania ro\u015blin uprawnych<\/strong><\/li>\n<li><strong>Tworzenie dobor\u00f3w ro\u015blin w&nbsp;celu poprawy po\u017cytk\u00f3w pszczelich<\/strong><\/li>\n<\/ul>\n<p><a href=\"https:\/\/up.lublin.pl\/srodowiskowa\/wp-content\/uploads\/sites\/5\/2021\/07\/Screenshot-201.jpg\"><img loading=\"lazy\" class=\"aligncenter size-full wp-image-141500\" src=\"https:\/\/up.lublin.pl\/srodowiskowa\/wp-content\/uploads\/sites\/5\/2021\/07\/Screenshot-201.jpg\" alt=\"\" width=\"506\" height=\"151\" \/><\/a><\/p>\n<ul>\n<li><strong>Ustalanie jako\u015bci miod\u00f3w na podstawie wynik\u00f3w analiz py\u0142kowych<\/strong><\/li>\n<\/ul>\n<p><a href=\"https:\/\/up.lublin.pl\/srodowiskowa\/wp-content\/uploads\/sites\/5\/2021\/07\/Screenshot-201_1.jpg\"><img loading=\"lazy\" class=\"aligncenter size-full wp-image-141504\" src=\"https:\/\/up.lublin.pl\/srodowiskowa\/wp-content\/uploads\/sites\/5\/2021\/07\/Screenshot-201_1.jpg\" alt=\"\" width=\"516\" height=\"129\" \/><\/a><\/p>\n<ul>\n<li><strong>Zastosowanie monitoringu aerobiologicznego w&nbsp;fenologii kwitnienia i&nbsp;alergologii<\/strong><\/li>\n<\/ul>\n<p><a href=\"https:\/\/up.lublin.pl\/srodowiskowa\/wp-content\/uploads\/sites\/5\/2021\/07\/Screenshot-201_2.jpg\"><img loading=\"lazy\" class=\"aligncenter size-full wp-image-141508\" src=\"https:\/\/up.lublin.pl\/srodowiskowa\/wp-content\/uploads\/sites\/5\/2021\/07\/Screenshot-201_2.jpg\" alt=\"\" width=\"466\" height=\"152\" \/><\/a><\/p>\n<ul>\n<li><strong>Analizy mikroskopowe fragment\u00f3w ro\u015blin do wykorzystania w&nbsp;kryminalistyce<\/strong><\/li>\n<\/ul>\n<p><a href=\"https:\/\/up.lublin.pl\/srodowiskowa\/wp-content\/uploads\/sites\/5\/2021\/07\/Screenshot-201_3.jpg\"><img loading=\"lazy\" class=\"aligncenter size-full wp-image-141512\" src=\"https:\/\/up.lublin.pl\/srodowiskowa\/wp-content\/uploads\/sites\/5\/2021\/07\/Screenshot-201_3.jpg\" alt=\"\" width=\"450\" height=\"159\" \/><\/a><\/p>\n<ul>\n<li><strong>Analizy palinologiczne do potrzeb biologii s\u0105dowej<\/strong><\/li>\n<\/ul>\n<p><a href=\"https:\/\/up.lublin.pl\/srodowiskowa\/wp-content\/uploads\/sites\/5\/2021\/07\/Screenshot-201_4.jpg\"><img loading=\"lazy\" class=\"aligncenter size-full wp-image-141516\" src=\"https:\/\/up.lublin.pl\/srodowiskowa\/wp-content\/uploads\/sites\/5\/2021\/07\/Screenshot-201_4.jpg\" alt=\"\" width=\"568\" height=\"140\" \/><\/a><\/p>\n<ul>\n<li><strong>Analizy py\u0142kowe surowc\u00f3w pszczelich stosowanych w&nbsp;preparatach farmakologicznych, suplementach diety, kosmetykach pod wzgl\u0119dem zawarto\u015bci py\u0142ku alergennego<\/strong><\/li>\n<\/ul>\n<p style=\"text-align: center\">\u00a0<\/p>\n<p>\u00a0<\/p>\n                                        <\/div>\n\t\t\t\t\t\t                                <\/div>\n\t\t\t\t                <div class=\"mn-content-block\">\n\t                                                        <div class=\"mn-cards-list\">\n                                            <div class=\"mn-card-container\">\n                                                <div>\n                                                    <img src=\"https:\/\/up.lublin.pl\/srodowiskowa\/wp-content\/themes\/up-lublin\/assets\/images\/doc-ico.svg\" alt=\"\" \/>\n                                                    <h5>Publikacje pracownik\u00f3w Katedry Botaniki<\/h5>\n                                                <\/div>\n                                                <a href=\"https:\/\/publikacje.up.lublin.pl\/bpp\/jednostka\/Katedra-Botaniki\/\" class=\"mn-more\" target=\"_blank\">Zobacz<\/a>\n                                            <\/div>\n                                        <\/div>\n\t\t\t\t\t\t                                <\/div>\n\t\t\t\t\t\t<\/div>\n\t<\/div>\n<\/section>\n\t\t<\/div>\n\t\t\t\t<\/div>\n\t\t\t\t\t\t<\/div>\n\t\t\t\t\t<\/div>\n\t\t<\/div>\n\t\t\t\t\t\t\t\t<\/div>\n\t\t\t\t\t<\/div>\n\t\t<\/section>\n\t\t\t\t\t\t<\/div>\n\t\t\t\t\t\t<\/div>\n\t\t\t\t\t<\/div>\n\t\t","protected":false},"excerpt":{"rendered":"<p>Zak\u0142ad Biologii Ro\u015blin UP Wydzia\u0142 Biologii \u015arodowiskowej Dydaktyka Badania Historia Oferta naukowo-badawcza Publikacje Zaj\u0119cia dydaktyczne prowadzone s\u0105 na Wydzia\u0142ach: Biologii \u015arodowiskowej Ogrodnictwa i&nbsp;Architektury Krajobrazu, Agrobioin\u017cynierii, Biologii, Nauk o&nbsp;Zwierz\u0119tach i&nbsp;Biogospodarki. Wyk\u0142ady i&nbsp;\u0107wiczenia obejmuj\u0105 nast\u0119puj\u0105ce przedmioty: &#8211; Botanika, &#8211; Botanika rolnicza, &#8211; Botanika le\u015bna, &#8211; Botanika z&nbsp;fitofenologi\u0105, &#8211; Botanika i&nbsp;podstawy fitosocjologii, &#8211; Botanika z&nbsp;fizjologi\u0105 ro\u015blin, &#8211; Biologia [&hellip;]<\/p>\n","protected":false},"author":2,"featured_media":0,"parent":141423,"menu_order":0,"comment_status":"closed","ping_status":"closed","template":"elementor_header_footer","meta":{"_monsterinsights_skip_tracking":false,"_monsterinsights_sitenote_active":false,"_monsterinsights_sitenote_note":"","_monsterinsights_sitenote_category":0},"_links":{"self":[{"href":"https:\/\/up.lublin.pl\/srodowiskowa\/wp-json\/wp\/v2\/pages\/141456"}],"collection":[{"href":"https:\/\/up.lublin.pl\/srodowiskowa\/wp-json\/wp\/v2\/pages"}],"about":[{"href":"https:\/\/up.lublin.pl\/srodowiskowa\/wp-json\/wp\/v2\/types\/page"}],"author":[{"embeddable":true,"href":"https:\/\/up.lublin.pl\/srodowiskowa\/wp-json\/wp\/v2\/users\/2"}],"replies":[{"embeddable":true,"href":"https:\/\/up.lublin.pl\/srodowiskowa\/wp-json\/wp\/v2\/comments?post=141456"}],"version-history":[{"count":31,"href":"https:\/\/up.lublin.pl\/srodowiskowa\/wp-json\/wp\/v2\/pages\/141456\/revisions"}],"predecessor-version":[{"id":156255,"href":"https:\/\/up.lublin.pl\/srodowiskowa\/wp-json\/wp\/v2\/pages\/141456\/revisions\/156255"}],"up":[{"embeddable":true,"href":"https:\/\/up.lublin.pl\/srodowiskowa\/wp-json\/wp\/v2\/pages\/141423"}],"wp:attachment":[{"href":"https:\/\/up.lublin.pl\/srodowiskowa\/wp-json\/wp\/v2\/media?parent=141456"}],"curies":[{"name":"wp","href":"https:\/\/api.w.org\/{rel}","templated":true}]}}