{"id":141450,"date":"2021-07-09T13:09:20","date_gmt":"2021-07-09T11:09:20","guid":{"rendered":"https:\/\/up.lublin.pl\/srodowiskowa\/?page_id=141450"},"modified":"2022-10-13T08:26:47","modified_gmt":"2022-10-13T06:26:47","slug":"aerobiologia","status":"publish","type":"page","link":"https:\/\/up.lublin.pl\/srodowiskowa\/wydzial\/struktura-i-pracownicy\/botanika\/aerobiologia\/","title":{"rendered":"Zak\u0142ad Aerobiologii"},"content":{"rendered":"\t\t<div data-elementor-type=\"wp-page\" data-elementor-id=\"141450\" class=\"elementor elementor-141450\" data-elementor-settings=\"[]\">\n\t\t\t\t\t\t<div class=\"elementor-inner\">\n\t\t\t\t\t\t\t<div class=\"elementor-section-wrap\">\n\t\t\t\t\t\t\t<section class=\"elementor-section elementor-top-section elementor-element elementor-element-8fc84ea elementor-section-boxed elementor-section-height-default elementor-section-height-default\" data-id=\"8fc84ea\" data-element_type=\"section\">\n\t\t\t\t\t\t<div class=\"elementor-container elementor-column-gap-default\">\n\t\t\t\t\t\t\t<div class=\"elementor-row\">\n\t\t\t\t\t<div class=\"elementor-column elementor-col-100 elementor-top-column elementor-element elementor-element-9acf94d\" data-id=\"9acf94d\" data-element_type=\"column\">\n\t\t\t<div class=\"elementor-column-wrap elementor-element-populated\">\n\t\t\t\t\t\t\t<div class=\"elementor-widget-wrap\">\n\t\t\t\t\t\t<div class=\"elementor-element elementor-element-4002436 elementor-widget elementor-widget-m2k\" data-id=\"4002436\" data-element_type=\"widget\" data-widget_type=\"m2k.default\">\n\t\t\t\t<div class=\"elementor-widget-container\">\n\t\t\t<section class=\"mn-m2-d mn-bg-green\">\n    <div class=\"mn-grid\">\n        <div class=\"mn-grid-12 mn-introtext\">\n                            <h3>\n                    Zak\u0142ad Aerobiologii                <\/h3>\n                        <\/div>\n    <\/div>\n    <\/section>\n\t\t<\/div>\n\t\t\t\t<\/div>\n\t\t\t\t\t\t<\/div>\n\t\t\t\t\t<\/div>\n\t\t<\/div>\n\t\t\t\t\t\t\t\t<\/div>\n\t\t\t\t\t<\/div>\n\t\t<\/section>\n\t\t\t\t<section class=\"elementor-section elementor-top-section elementor-element elementor-element-7033aa9 elementor-section-boxed elementor-section-height-default elementor-section-height-default\" data-id=\"7033aa9\" data-element_type=\"section\">\n\t\t\t\t\t\t<div class=\"elementor-container elementor-column-gap-default\">\n\t\t\t\t\t\t\t<div class=\"elementor-row\">\n\t\t\t\t\t<div class=\"elementor-column elementor-col-100 elementor-top-column elementor-element elementor-element-8d16384\" data-id=\"8d16384\" data-element_type=\"column\">\n\t\t\t<div class=\"elementor-column-wrap elementor-element-populated\">\n\t\t\t\t\t\t\t<div class=\"elementor-widget-wrap\">\n\t\t\t\t\t\t<div class=\"elementor-element elementor-element-6cf7ed5 elementor-widget elementor-widget-m5c\" data-id=\"6cf7ed5\" data-element_type=\"widget\" data-widget_type=\"m5c.default\">\n\t\t\t\t<div class=\"elementor-widget-container\">\n\t\t\t<section class=\"mn-m5-c mn-m5-d2 mn-bg-white\">\n\t<div class=\"mn-grid\">\n\t\t\t\t<div class=\"mn-content mn-grid-9\">\n\t\t\t                <div class=\"mn-content-block active\">\n\t                                                        <div class=\"block-text\">\n\t                                        <p><strong>G\u0142\u00f3wne kierunki bada\u0144 realizowanych w&nbsp;Zak\u0142adzie Aerobiologii dotycz\u0105 nast\u0119puj\u0105cych zagadnie\u0144:<br \/><\/strong><br \/>1. Badanie dynamiki alergennych ziaren py\u0142ku i&nbsp;zarodnik\u00f3w grzyb\u00f3w w&nbsp;aeroplanktonie Lublina<br \/>2. Sta\u0142y monitoring py\u0142kowy &#8211; ustalanie zawarto\u015bci ziaren py\u0142ku w&nbsp;powietrzu w&nbsp;ci\u0105gu roku<br \/>3. Opracowywanie prognoz py\u0142kowych i&nbsp;kalendarzy py\u0142kowych dla drzew i&nbsp;ro\u015blin zielnych wywo\u0142uj\u0105cych alergie py\u0142kowe<br \/>4. Ocena wp\u0142ywu czynnik\u00f3w pogodowych na przebieg sezon\u00f3w py\u0142kowych<br \/>5. Zale\u017cno\u015bci mi\u0119dzy fenologi\u0105 kwitnienia i&nbsp;pylenia wybranych drzew w&nbsp;r\u00f3\u017cnych dzielnicach Lublina<br \/>6. Badanie wp\u0142ywu zmian klimatu na sezony py\u0142kowe ro\u015blin<\/p>\n<p><b><a href=\"https:\/\/up.lublin.pl\/srodowiskowa\/wp-content\/uploads\/sites\/5\/2021\/07\/Screenshot-199.jpg\"><img loading=\"lazy\" class=\"aligncenter size-full wp-image-141468\" src=\"https:\/\/up.lublin.pl\/srodowiskowa\/wp-content\/uploads\/sites\/5\/2021\/07\/Screenshot-199.jpg\" alt=\"\" width=\"553\" height=\"167\" \/><\/a><\/b> <\/p>\n<p>Badania umo\u017cliwiaj\u0105 ocen\u0119 st\u0119\u017cenia ziaren py\u0142ku ro\u015blin wiatropylnych oraz zarodnik\u00f3w grzyb\u00f3w w&nbsp;powietrzu atmosferycznym, co ma du\u017ce znaczenie dla alergologii, fenologii, ekologii, palinologii, fitopatologii oraz klimatologii. Uzyskane dane umo\u017cliwiaj\u0105 por\u00f3wnanie zawarto\u015bci ziaren py\u0142ku i&nbsp;spor w&nbsp;atmosferze r\u00f3\u017cnych region\u00f3w Polski, a&nbsp;tak\u017ce r\u00f3\u017cnych cz\u0119\u015bci Europy.\u00a0\u00a0 <a href=\"https:\/\/up.lublin.pl\/srodowiskowa\/wp-content\/uploads\/sites\/5\/2021\/07\/Screenshot-199_1.jpg\"><img loading=\"lazy\" class=\"aligncenter size-full wp-image-141472\" src=\"https:\/\/up.lublin.pl\/srodowiskowa\/wp-content\/uploads\/sites\/5\/2021\/07\/Screenshot-199_1.jpg\" alt=\"\" width=\"471\" height=\"166\" \/><\/a><br \/><strong>Projekty badawcze:<br \/><\/strong>a)\u00a0\u00a0\u00a0 2007-2011 &#8211; Assessment of production, release, distribution and health impact of allergenic pollen in Europe\u2019 COST ACTION ESO603. \u0179r\u00f3d\u0142o finansowania: UE Projekt \u2018EUPOL\u2019<br \/>b)\u00a0\u00a0\u00a0 2009-2012 &#8211; Prognozowanie dobowych st\u0119\u017ce\u0144 py\u0142ku Alnus, Corylus, Betula na obszarze Polski na podstawie czasoprzestrzennego modelu klimatyczno-fenologicznego\u201d;\u00a0 \u017ar\u00f3d\u0142o finansowania MNiSW Wykonawca, Nr projektu badawczego N305 3219\/36. <br \/>c)\u00a0\u00a0\u00a0 \u00a02019-2021 &#8211; CAMS_23 \u2013 Provision of EAN Observations, Vienna; \u017ar\u00f3d\u0142o finansowania: Copernicus\/ECMWF project<\/p>\n<p>Wyniki bada\u0144 s\u0105 sukcesywnie publikowane w&nbsp;wysoko punktowanych czasopismach naukowych oraz stanowi\u0105 podstaw\u0119 rozpraw doktorskich i&nbsp;habilitacyjnych<\/p>\n                                        <\/div>\n\t\t\t\t\t\t                                <\/div>\n\t\t\t\t                <div class=\"mn-content-block\">\n\t                                <\/div>\n\t\t\t\t                <div class=\"mn-content-block\">\n\t                                <\/div>\n\t\t\t\t                <div class=\"mn-content-block\">\n\t                                <\/div>\n\t\t\t\t                <div class=\"mn-content-block\">\n\t                                <\/div>\n\t\t\t\t                <div class=\"mn-content-block\">\n\t                                <\/div>\n\t\t\t\t                <div class=\"mn-content-block\">\n\t                                <\/div>\n\t\t\t\t                <div class=\"mn-content-block\">\n\t                                <\/div>\n\t\t\t\t                <div class=\"mn-content-block\">\n\t                                <\/div>\n\t\t\t\t                <div class=\"mn-content-block\">\n\t                                <\/div>\n\t\t\t\t                <div class=\"mn-content-block\">\n\t                                <\/div>\n\t\t\t\t                <div class=\"mn-content-block\">\n\t                                <\/div>\n\t\t\t\t                <div class=\"mn-content-block\">\n\t                                <\/div>\n\t\t\t\t                <div class=\"mn-content-block\">\n\t                                <\/div>\n\t\t\t\t                <div class=\"mn-content-block\">\n\t                                <\/div>\n\t\t\t\t                <div class=\"mn-content-block\">\n\t                                <\/div>\n\t\t\t\t                <div class=\"mn-content-block\">\n\t                                <\/div>\n\t\t\t\t                <div class=\"mn-content-block\">\n\t                                <\/div>\n\t\t\t\t                <div class=\"mn-content-block\">\n\t                                <\/div>\n\t\t\t\t                <div class=\"mn-content-block\">\n\t                                <\/div>\n\t\t\t\t\t\t<\/div>\n\t<\/div>\n<\/section>\n\t\t<\/div>\n\t\t\t\t<\/div>\n\t\t\t\t\t\t<\/div>\n\t\t\t\t\t<\/div>\n\t\t<\/div>\n\t\t\t\t\t\t\t\t<\/div>\n\t\t\t\t\t<\/div>\n\t\t<\/section>\n\t\t\t\t\t\t<\/div>\n\t\t\t\t\t\t<\/div>\n\t\t\t\t\t<\/div>\n\t\t","protected":false},"excerpt":{"rendered":"<p>Zak\u0142ad Aerobiologii UP Wydzia\u0142 Biologii \u015arodowiskowej G\u0142\u00f3wne kierunki bada\u0144 realizowanych w&nbsp;Zak\u0142adzie Aerobiologii dotycz\u0105 nast\u0119puj\u0105cych zagadnie\u0144:1. Badanie dynamiki alergennych ziaren py\u0142ku i&nbsp;zarodnik\u00f3w grzyb\u00f3w w&nbsp;aeroplanktonie Lublina2. Sta\u0142y monitoring py\u0142kowy &#8211; ustalanie zawarto\u015bci ziaren py\u0142ku w&nbsp;powietrzu w&nbsp;ci\u0105gu roku3. Opracowywanie prognoz py\u0142kowych i&nbsp;kalendarzy py\u0142kowych dla drzew i&nbsp;ro\u015blin zielnych wywo\u0142uj\u0105cych alergie py\u0142kowe4. Ocena wp\u0142ywu czynnik\u00f3w pogodowych na przebieg sezon\u00f3w py\u0142kowych5. [&hellip;]<\/p>\n","protected":false},"author":2,"featured_media":0,"parent":141423,"menu_order":0,"comment_status":"closed","ping_status":"closed","template":"elementor_header_footer","meta":{"_monsterinsights_skip_tracking":false,"_monsterinsights_sitenote_active":false,"_monsterinsights_sitenote_note":"","_monsterinsights_sitenote_category":0},"_links":{"self":[{"href":"https:\/\/up.lublin.pl\/srodowiskowa\/wp-json\/wp\/v2\/pages\/141450"}],"collection":[{"href":"https:\/\/up.lublin.pl\/srodowiskowa\/wp-json\/wp\/v2\/pages"}],"about":[{"href":"https:\/\/up.lublin.pl\/srodowiskowa\/wp-json\/wp\/v2\/types\/page"}],"author":[{"embeddable":true,"href":"https:\/\/up.lublin.pl\/srodowiskowa\/wp-json\/wp\/v2\/users\/2"}],"replies":[{"embeddable":true,"href":"https:\/\/up.lublin.pl\/srodowiskowa\/wp-json\/wp\/v2\/comments?post=141450"}],"version-history":[{"count":13,"href":"https:\/\/up.lublin.pl\/srodowiskowa\/wp-json\/wp\/v2\/pages\/141450\/revisions"}],"predecessor-version":[{"id":152262,"href":"https:\/\/up.lublin.pl\/srodowiskowa\/wp-json\/wp\/v2\/pages\/141450\/revisions\/152262"}],"up":[{"embeddable":true,"href":"https:\/\/up.lublin.pl\/srodowiskowa\/wp-json\/wp\/v2\/pages\/141423"}],"wp:attachment":[{"href":"https:\/\/up.lublin.pl\/srodowiskowa\/wp-json\/wp\/v2\/media?parent=141450"}],"curies":[{"name":"wp","href":"https:\/\/api.w.org\/{rel}","templated":true}]}}