{"id":143167,"date":"2021-07-28T09:16:41","date_gmt":"2021-07-28T07:16:41","guid":{"rendered":"https:\/\/up.lublin.pl\/srodowiskowa\/?page_id=143167"},"modified":"2021-09-13T10:23:59","modified_gmt":"2021-09-13T08:23:59","slug":"department-of-biophysics","status":"publish","type":"page","link":"https:\/\/up.lublin.pl\/srodowiskowa\/en\/about-faculty\/didactic-units\/department-of-biophysics\/","title":{"rendered":"Department of Biophysics"},"content":{"rendered":"\t\t<div data-elementor-type=\"wp-page\" data-elementor-id=\"143167\" class=\"elementor elementor-143167 elementor-141262\" data-elementor-settings=\"[]\">\n\t\t\t\t\t\t<div class=\"elementor-inner\">\n\t\t\t\t\t\t\t<div class=\"elementor-section-wrap\">\n\t\t\t\t\t\t\t<section class=\"elementor-section elementor-top-section elementor-element elementor-element-a7f98e9 elementor-section-boxed elementor-section-height-default elementor-section-height-default\" data-id=\"a7f98e9\" data-element_type=\"section\">\n\t\t\t\t\t\t<div class=\"elementor-container elementor-column-gap-default\">\n\t\t\t\t\t\t\t<div class=\"elementor-row\">\n\t\t\t\t\t<div class=\"elementor-column elementor-col-100 elementor-top-column elementor-element elementor-element-9b3d33a\" data-id=\"9b3d33a\" data-element_type=\"column\">\n\t\t\t<div class=\"elementor-column-wrap elementor-element-populated\">\n\t\t\t\t\t\t\t<div class=\"elementor-widget-wrap\">\n\t\t\t\t\t\t<div class=\"elementor-element elementor-element-bc5257a elementor-widget elementor-widget-m2k\" data-id=\"bc5257a\" data-element_type=\"widget\" data-widget_type=\"m2k.default\">\n\t\t\t\t<div class=\"elementor-widget-container\">\n\t\t\t<section class=\"mn-m2-d mn-bg-green\">\n    <div class=\"mn-grid\">\n        <div class=\"mn-grid-12 mn-introtext\">\n                            <h3>\n                    Department of Biophysics                <\/h3>\n                        <\/div>\n    <\/div>\n    <\/section>\n\t\t<\/div>\n\t\t\t\t<\/div>\n\t\t\t\t\t\t<\/div>\n\t\t\t\t\t<\/div>\n\t\t<\/div>\n\t\t\t\t\t\t\t\t<\/div>\n\t\t\t\t\t<\/div>\n\t\t<\/section>\n\t\t\t\t<section class=\"elementor-section elementor-top-section elementor-element elementor-element-b4f4e81 elementor-section-boxed elementor-section-height-default elementor-section-height-default\" data-id=\"b4f4e81\" data-element_type=\"section\">\n\t\t\t\t\t\t<div class=\"elementor-container elementor-column-gap-default\">\n\t\t\t\t\t\t\t<div class=\"elementor-row\">\n\t\t\t\t\t<div class=\"elementor-column elementor-col-100 elementor-top-column elementor-element elementor-element-0361a4b\" data-id=\"0361a4b\" data-element_type=\"column\">\n\t\t\t<div class=\"elementor-column-wrap elementor-element-populated\">\n\t\t\t\t\t\t\t<div class=\"elementor-widget-wrap\">\n\t\t\t\t\t\t<div class=\"elementor-element elementor-element-45fd83c elementor-widget elementor-widget-m4a\" data-id=\"45fd83c\" data-element_type=\"widget\" data-widget_type=\"m4a.default\">\n\t\t\t\t<div class=\"elementor-widget-container\">\n\t\t\t\t<section class=\"mn-m4_b mn-bg-green\">\n\t\t\t\t<div class=\"mn-grid\">\n\t\t\t\t\t\t\t<div class=\"mn-grid-12 mn-kat-m4-container\">\n\t\t\t\t\t\t\t\t\t\t\t\t\t\t\t\t<h3>Biophysics - subject<\/h3>\n\t\t\t\t\t\t\t\t\t\t\t\t\t\t\t\t\t\t\t\t\t\t<a href=\"https:\/\/up.lublin.pl\/srodowiskowa\/en\/about-faculty\/didactic-units\/department-of-biophysics\/biophysics\/\" class=\"mn-more\">Read more<\/a>\n\t\t\t\t\t\t\t\t\t\t<\/div>\n\t\t\t\t\t\t<\/div>\n\t<\/section>\n\t\t\t<\/div>\n\t\t\t\t<\/div>\n\t\t\t\t\t\t<\/div>\n\t\t\t\t\t<\/div>\n\t\t<\/div>\n\t\t\t\t\t\t\t\t<\/div>\n\t\t\t\t\t<\/div>\n\t\t<\/section>\n\t\t\t\t\t\t<\/div>\n\t\t\t\t\t\t<\/div>\n\t\t\t\t\t<\/div>\n\t\t","protected":false},"excerpt":{"rendered":"<p>Department of Biophysics UP Wydzia\u0142 Biologii \u015arodowiskowej Biophysics &#8211; subject Zobacz wi\u0119cej<\/p>\n","protected":false},"author":2,"featured_media":0,"parent":141842,"menu_order":0,"comment_status":"closed","ping_status":"closed","template":"elementor_header_footer","meta":{"_monsterinsights_skip_tracking":false,"_monsterinsights_sitenote_active":false,"_monsterinsights_sitenote_note":"","_monsterinsights_sitenote_category":0},"_links":{"self":[{"href":"https:\/\/up.lublin.pl\/srodowiskowa\/en\/wp-json\/wp\/v2\/pages\/143167"}],"collection":[{"href":"https:\/\/up.lublin.pl\/srodowiskowa\/en\/wp-json\/wp\/v2\/pages"}],"about":[{"href":"https:\/\/up.lublin.pl\/srodowiskowa\/en\/wp-json\/wp\/v2\/types\/page"}],"author":[{"embeddable":true,"href":"https:\/\/up.lublin.pl\/srodowiskowa\/en\/wp-json\/wp\/v2\/users\/2"}],"replies":[{"embeddable":true,"href":"https:\/\/up.lublin.pl\/srodowiskowa\/en\/wp-json\/wp\/v2\/comments?post=143167"}],"version-history":[{"count":13,"href":"https:\/\/up.lublin.pl\/srodowiskowa\/en\/wp-json\/wp\/v2\/pages\/143167\/revisions"}],"predecessor-version":[{"id":143217,"href":"https:\/\/up.lublin.pl\/srodowiskowa\/en\/wp-json\/wp\/v2\/pages\/143167\/revisions\/143217"}],"up":[{"embeddable":true,"href":"https:\/\/up.lublin.pl\/srodowiskowa\/en\/wp-json\/wp\/v2\/pages\/141842"}],"wp:attachment":[{"href":"https:\/\/up.lublin.pl\/srodowiskowa\/en\/wp-json\/wp\/v2\/media?parent=143167"}],"curies":[{"name":"wp","href":"https:\/\/api.w.org\/{rel}","templated":true}]}}