{"id":143131,"date":"2021-07-26T09:44:13","date_gmt":"2021-07-26T07:44:13","guid":{"rendered":"https:\/\/up.lublin.pl\/srodowiskowa\/?page_id=143131"},"modified":"2021-12-17T12:17:45","modified_gmt":"2021-12-17T11:17:45","slug":"research","status":"publish","type":"page","link":"https:\/\/up.lublin.pl\/srodowiskowa\/en\/about-faculty\/didactic-units\/hydrobiology\/research\/","title":{"rendered":"Research"},"content":{"rendered":"\t\t<div data-elementor-type=\"wp-page\" data-elementor-id=\"143131\" class=\"elementor elementor-143131 elementor-142348\" data-elementor-settings=\"[]\">\n\t\t\t\t\t\t<div class=\"elementor-inner\">\n\t\t\t\t\t\t\t<div class=\"elementor-section-wrap\">\n\t\t\t\t\t\t\t<section class=\"elementor-section elementor-top-section elementor-element elementor-element-8c18306 elementor-section-boxed elementor-section-height-default elementor-section-height-default\" data-id=\"8c18306\" data-element_type=\"section\">\n\t\t\t\t\t\t<div class=\"elementor-container elementor-column-gap-default\">\n\t\t\t\t\t\t\t<div class=\"elementor-row\">\n\t\t\t\t\t<div class=\"elementor-column elementor-col-100 elementor-top-column elementor-element elementor-element-4684921\" data-id=\"4684921\" data-element_type=\"column\">\n\t\t\t<div class=\"elementor-column-wrap elementor-element-populated\">\n\t\t\t\t\t\t\t<div class=\"elementor-widget-wrap\">\n\t\t\t\t\t\t<div class=\"elementor-element elementor-element-f76353f elementor-widget elementor-widget-m2e\" data-id=\"f76353f\" data-element_type=\"widget\" data-widget_type=\"m2e.default\">\n\t\t\t\t<div class=\"elementor-widget-container\">\n\t\t\t<section class=\"mn-m2-e mn-bg-green\">\n\t<div class=\"mn-grid\">\n\t\t<div class=\"mn-grid-3 mn-introtext\">\n\t\t\t\t\t\t\t\t\t\t<h3>\n\t\t\t\t\tResearch\t\t\t\t<\/h3>\n\t\t\t\t\t\t\t\t\t\t\t\t<\/div>\n\t\t<div class=\"mn-grid-9 mn-image-container\">\n\t\t\t\t\t<\/div>\n\t<\/div>\n\t<\/section>\n\t\t<\/div>\n\t\t\t\t<\/div>\n\t\t\t\t\t\t<\/div>\n\t\t\t\t\t<\/div>\n\t\t<\/div>\n\t\t\t\t\t\t\t\t<\/div>\n\t\t\t\t\t<\/div>\n\t\t<\/section>\n\t\t\t\t<section class=\"elementor-section elementor-top-section elementor-element elementor-element-5776f79 elementor-section-boxed elementor-section-height-default elementor-section-height-default\" data-id=\"5776f79\" data-element_type=\"section\">\n\t\t\t\t\t\t<div class=\"elementor-container elementor-column-gap-default\">\n\t\t\t\t\t\t\t<div class=\"elementor-row\">\n\t\t\t\t\t<div class=\"elementor-column elementor-col-100 elementor-top-column elementor-element elementor-element-b7c602f\" data-id=\"b7c602f\" data-element_type=\"column\">\n\t\t\t<div class=\"elementor-column-wrap elementor-element-populated\">\n\t\t\t\t\t\t\t<div class=\"elementor-widget-wrap\">\n\t\t\t\t\t\t<div class=\"elementor-element elementor-element-9059270 elementor-widget elementor-widget-m5c\" data-id=\"9059270\" data-element_type=\"widget\" data-widget_type=\"m5c.default\">\n\t\t\t\t<div class=\"elementor-widget-container\">\n\t\t\t<section class=\"mn-m5-c mn-m5-d2 mn-bg-white\">\n\t<div class=\"mn-grid\">\n\t\t\t\t<div class=\"mn-content mn-grid-9\">\n\t\t\t                <div class=\"mn-content-block active\">\n\t                                                        <div class=\"block-text\">\n\t                                        <p><b><big>Main scientific interests<\/big><\/b><\/p>\n<ul>\n<li>Influence of drainage usage on eutrophication of freshwaters (W. P\u0119czu\u0142a);<\/li>\n<li>Biology and ecology of: periphytic microfauna (T. Mieczan), fauna associated with macrophytes ( M. Tarkowska-Kukuryk), zoobenthos (M. Tarkowska-Kukuryk), phytoplankton (W. P\u0119czu\u0142a, B. Pawlik-Skowro\u0144ska, M. Toporowska), phytobenthos and phytoperiphyton (M. Toporowska), zooplankton (A. Demetraki-Paleolog, M. Adamczuk, W. P\u0119czu\u0142a), ichtyofauna (J. Rechulicz), pleuston and neuston (W. P\u0142aska);<\/li>\n<li>Food web interactions in freshwaters (T. Mieczan, M. Tarkowska-Kukuryk, W. P\u0119czu\u0142a, W. P\u0142aska);<\/li>\n<li>Toxycology of water ecosystems, cyanobacterial blooms and cyanotoxin production(B. Pawlik-Skowro\u0144ska, M. Toporowska);<\/li>\n<li>Paleolimnology (A. Kaczorowska);<\/li>\n<li>Biology of invasion hydrobionts and their impact on freshwaters (J. Rechulicz);<\/li>\n<li>Influence of chanalization on rivers&#8217; functioning (J. Rechulicz);<\/li>\n<li>Restoration of freshwaters (T. Mieczan, A. Demetraki &#8211; Paleolog, W. P\u0142aska, M. Tarkowska &#8211; Kukuryk, J. Rechulicz, W. P\u0119czu\u0142a);<\/li>\n<li>Restoration of threatened fish (J. Rechulicz);<\/li>\n<li>Richness of aquatic ecosystems in fish feed (M. Tarkowska-Kukuryk, J. Rechulicz);<\/li>\n<li>Ecology of wetlands and peatlands (T. Mieczan, W. P\u0142aska);<\/li>\n<\/ul>\n<p><a href=\"https:\/\/up.lublin.pl\/srodowiskowa\/wp-content\/uploads\/sites\/5\/2021\/07\/foto10a.png\"><img loading=\"lazy\" class=\"aligncenter size-full wp-image-142360\" src=\"https:\/\/up.lublin.pl\/srodowiskowa\/wp-content\/uploads\/sites\/5\/2021\/07\/foto10a.png\" alt=\"\" width=\"526\" height=\"371\" \/><\/a> <a href=\"https:\/\/up.lublin.pl\/srodowiskowa\/wp-content\/uploads\/sites\/5\/2021\/07\/foto10b.png\"><img loading=\"lazy\" class=\"aligncenter size-full wp-image-142364\" src=\"https:\/\/up.lublin.pl\/srodowiskowa\/wp-content\/uploads\/sites\/5\/2021\/07\/foto10b.png\" alt=\"\" width=\"526\" height=\"372\" \/><\/a> <a href=\"https:\/\/up.lublin.pl\/srodowiskowa\/wp-content\/uploads\/sites\/5\/2021\/07\/foto10c.png\"><img loading=\"lazy\" class=\"aligncenter size-full wp-image-142368\" src=\"https:\/\/up.lublin.pl\/srodowiskowa\/wp-content\/uploads\/sites\/5\/2021\/07\/foto10c.png\" alt=\"\" width=\"526\" height=\"371\" \/><\/a><\/p>\n                                        <\/div>\n\t\t\t\t\t\t                                <\/div>\n\t\t\t\t                <div class=\"mn-content-block\">\n\t                                <\/div>\n\t\t\t\t                <div class=\"mn-content-block\">\n\t                                <\/div>\n\t\t\t\t                <div class=\"mn-content-block\">\n\t                                <\/div>\n\t\t\t\t                <div class=\"mn-content-block\">\n\t                                <\/div>\n\t\t\t\t                <div class=\"mn-content-block\">\n\t                                <\/div>\n\t\t\t\t                <div class=\"mn-content-block\">\n\t                                <\/div>\n\t\t\t\t                <div class=\"mn-content-block\">\n\t                                <\/div>\n\t\t\t\t                <div class=\"mn-content-block\">\n\t                                <\/div>\n\t\t\t\t                <div class=\"mn-content-block\">\n\t                                <\/div>\n\t\t\t\t                <div class=\"mn-content-block\">\n\t                                <\/div>\n\t\t\t\t                <div class=\"mn-content-block\">\n\t                                <\/div>\n\t\t\t\t                <div class=\"mn-content-block\">\n\t                                <\/div>\n\t\t\t\t                <div class=\"mn-content-block\">\n\t                                <\/div>\n\t\t\t\t                <div class=\"mn-content-block\">\n\t                                <\/div>\n\t\t\t\t                <div class=\"mn-content-block\">\n\t                                <\/div>\n\t\t\t\t                <div class=\"mn-content-block\">\n\t                                <\/div>\n\t\t\t\t                <div class=\"mn-content-block\">\n\t                                <\/div>\n\t\t\t\t                <div class=\"mn-content-block\">\n\t                                <\/div>\n\t\t\t\t                <div class=\"mn-content-block\">\n\t                                <\/div>\n\t\t\t\t\t\t<\/div>\n\t<\/div>\n<\/section>\n\t\t<\/div>\n\t\t\t\t<\/div>\n\t\t\t\t\t\t<\/div>\n\t\t\t\t\t<\/div>\n\t\t<\/div>\n\t\t\t\t\t\t\t\t<\/div>\n\t\t\t\t\t<\/div>\n\t\t<\/section>\n\t\t\t\t\t\t<\/div>\n\t\t\t\t\t\t<\/div>\n\t\t\t\t\t<\/div>\n\t\t","protected":false},"excerpt":{"rendered":"<p>Research UP Wydzia\u0142 Biologii \u015arodowiskowej Main scientific interests Influence of drainage usage on eutrophication of freshwaters (W. P\u0119czu\u0142a); Biology and ecology of: periphytic microfauna (T. Mieczan), fauna associated with macrophytes ( M. Tarkowska-Kukuryk), zoobenthos (M. Tarkowska-Kukuryk), phytoplankton (W. P\u0119czu\u0142a, B. Pawlik-Skowro\u0144ska, M. Toporowska), phytobenthos and phytoperiphyton (M. Toporowska), zooplankton (A. Demetraki-Paleolog, M. Adamczuk, W. P\u0119czu\u0142a), [&hellip;]<\/p>\n","protected":false},"author":2,"featured_media":0,"parent":143106,"menu_order":0,"comment_status":"closed","ping_status":"closed","template":"elementor_header_footer","meta":{"_monsterinsights_skip_tracking":false,"_monsterinsights_sitenote_active":false,"_monsterinsights_sitenote_note":"","_monsterinsights_sitenote_category":0},"_links":{"self":[{"href":"https:\/\/up.lublin.pl\/srodowiskowa\/en\/wp-json\/wp\/v2\/pages\/143131"}],"collection":[{"href":"https:\/\/up.lublin.pl\/srodowiskowa\/en\/wp-json\/wp\/v2\/pages"}],"about":[{"href":"https:\/\/up.lublin.pl\/srodowiskowa\/en\/wp-json\/wp\/v2\/types\/page"}],"author":[{"embeddable":true,"href":"https:\/\/up.lublin.pl\/srodowiskowa\/en\/wp-json\/wp\/v2\/users\/2"}],"replies":[{"embeddable":true,"href":"https:\/\/up.lublin.pl\/srodowiskowa\/en\/wp-json\/wp\/v2\/comments?post=143131"}],"version-history":[{"count":7,"href":"https:\/\/up.lublin.pl\/srodowiskowa\/en\/wp-json\/wp\/v2\/pages\/143131\/revisions"}],"predecessor-version":[{"id":146503,"href":"https:\/\/up.lublin.pl\/srodowiskowa\/en\/wp-json\/wp\/v2\/pages\/143131\/revisions\/146503"}],"up":[{"embeddable":true,"href":"https:\/\/up.lublin.pl\/srodowiskowa\/en\/wp-json\/wp\/v2\/pages\/143106"}],"wp:attachment":[{"href":"https:\/\/up.lublin.pl\/srodowiskowa\/en\/wp-json\/wp\/v2\/media?parent=143131"}],"curies":[{"name":"wp","href":"https:\/\/api.w.org\/{rel}","templated":true}]}}