{"id":141866,"date":"2021-07-12T13:51:22","date_gmt":"2021-07-12T11:51:22","guid":{"rendered":"https:\/\/up.lublin.pl\/srodowiskowa\/?page_id=141866"},"modified":"2021-07-13T09:29:27","modified_gmt":"2021-07-13T07:29:27","slug":"development-strategy","status":"publish","type":"page","link":"https:\/\/up.lublin.pl\/srodowiskowa\/en\/about-faculty\/development-strategy\/","title":{"rendered":"Development strategy"},"content":{"rendered":"\t\t<div data-elementor-type=\"wp-page\" data-elementor-id=\"141866\" class=\"elementor elementor-141866 elementor-267\" data-elementor-settings=\"[]\">\n\t\t\t\t\t\t<div class=\"elementor-inner\">\n\t\t\t\t\t\t\t<div class=\"elementor-section-wrap\">\n\t\t\t\t\t\t\t<section class=\"elementor-section elementor-top-section elementor-element elementor-element-bd332ff elementor-section-boxed elementor-section-height-default elementor-section-height-default\" data-id=\"bd332ff\" data-element_type=\"section\">\n\t\t\t\t\t\t<div class=\"elementor-container elementor-column-gap-default\">\n\t\t\t\t\t\t\t<div class=\"elementor-row\">\n\t\t\t\t\t<div class=\"elementor-column elementor-col-100 elementor-top-column elementor-element elementor-element-c774b85\" data-id=\"c774b85\" data-element_type=\"column\">\n\t\t\t<div class=\"elementor-column-wrap elementor-element-populated\">\n\t\t\t\t\t\t\t<div class=\"elementor-widget-wrap\">\n\t\t\t\t\t\t<div class=\"elementor-element elementor-element-0b81c59 elementor-widget elementor-widget-m2e\" data-id=\"0b81c59\" data-element_type=\"widget\" data-widget_type=\"m2e.default\">\n\t\t\t\t<div class=\"elementor-widget-container\">\n\t\t\t<section class=\"mn-m2-e mn-bg-green\">\n\t<div class=\"mn-grid\">\n\t\t<div class=\"mn-grid-3 mn-introtext\">\n\t\t\t\t\t\t\t<p class=\"mn-header\">Faculty of Environmental Biology<\/p>\n\t\t\t\t\t\t\t\t\t\t\t<h3>\n\t\t\t\t\tDevelopment strategy\t\t\t\t<\/h3>\n\t\t\t\t\t\t\t\t\t\t\t\t<\/div>\n\t\t<div class=\"mn-grid-9 mn-image-container\">\n\t\t\t\t\t<\/div>\n\t<\/div>\n\t<\/section>\n\t\t<\/div>\n\t\t\t\t<\/div>\n\t\t\t\t\t\t<\/div>\n\t\t\t\t\t<\/div>\n\t\t<\/div>\n\t\t\t\t\t\t\t\t<\/div>\n\t\t\t\t\t<\/div>\n\t\t<\/section>\n\t\t\t\t<section class=\"elementor-section elementor-top-section elementor-element elementor-element-8f1d0fa elementor-section-boxed elementor-section-height-default elementor-section-height-default\" data-id=\"8f1d0fa\" data-element_type=\"section\">\n\t\t\t\t\t\t<div class=\"elementor-container elementor-column-gap-default\">\n\t\t\t\t\t\t\t<div class=\"elementor-row\">\n\t\t\t\t\t<div class=\"elementor-column elementor-col-100 elementor-top-column elementor-element elementor-element-2e7e1ea\" data-id=\"2e7e1ea\" data-element_type=\"column\">\n\t\t\t<div class=\"elementor-column-wrap elementor-element-populated\">\n\t\t\t\t\t\t\t<div class=\"elementor-widget-wrap\">\n\t\t\t\t\t\t<div class=\"elementor-element elementor-element-6adaf36 elementor-widget elementor-widget-m5c\" data-id=\"6adaf36\" data-element_type=\"widget\" data-widget_type=\"m5c.default\">\n\t\t\t\t<div class=\"elementor-widget-container\">\n\t\t\t<section class=\"mn-m5-c mn-bg-white\">\n\t<div class=\"mn-grid\">\n\t\t            <div class=\"mn-menu-container mn-grid-3\">\n                <ul class=\"mn-bg-yellow\">\n\t                                        <li>\n                            <a href=\"#\" class=\"active\" data-hash=\"#\">\n                                General information                            <\/a>\n                        <\/li>\n                                                <li>\n                            <a href=\"#\" class=\"\" data-hash=\"#\">\n                                Faculty's misson                            <\/a>\n                        <\/li>\n                                                <li>\n                            <a href=\"#\" class=\"\" data-hash=\"#\">\n                                Faculty's vision and strategic objectives                            <\/a>\n                        <\/li>\n                                                <li>\n                            <a href=\"#\" class=\"\" data-hash=\"#\">\n                                Detailed objectives necessary to achieve the strategic goals of the Faculty                             <\/a>\n                        <\/li>\n                                        <\/ul>\n            <\/div>\n\t        \t\t<div class=\"mn-content mn-grid-8\">\n\t\t\t                <div class=\"mn-content-block active\">\n\t                                                        <div class=\"block-text\">\n\t                                        <table style=\"border-collapse: collapse; width: 100%;\">\n<tbody>\n<tr>\n<td style=\"width: 30%; text-align: left; vertical-align: middle;\">Logo<\/td>\n<th style=\"width: 70%;\"><a href=\"https:\/\/up.lublin.pl\/srodowiskowa\/wp-content\/uploads\/sites\/5\/2021\/07\/logo_up_wydz_bs_eng.jpg\"><img loading=\"lazy\" class=\"aligncenter size-full wp-image-141874\" src=\"https:\/\/up.lublin.pl\/srodowiskowa\/wp-content\/uploads\/sites\/5\/2021\/07\/logo_up_wydz_bs_eng.jpg\" alt=\"\" width=\"4961\" height=\"1418\" \/><\/a><\/th>\n<\/tr>\n<tr>\n<td style=\"width: 30%; text-align: left; vertical-align: middle;\">Faculty of<\/td>\n<td style=\"width: 70%;\">Environmental Biology<\/td>\n<\/tr>\n<tr>\n<td style=\"width: 30%; text-align: left; vertical-align: middle;\">Governance<\/td>\n<td style=\"width: 70%;\">Dean professor Tomasz Mieczan<br \/>Vice-dean profesor Bo\u017cena Denisow<\/td>\n<\/tr>\n<\/tbody>\n<\/table>\n<p>\u00a0<\/p>\n                                        <\/div>\n\t\t\t\t\t\t                                <\/div>\n\t\t\t\t                <div class=\"mn-content-block\">\n\t                                                        <div class=\"block-text\">\n\t                                        <p>The mission of the Faculty of Environmental Biology is consistent with the mission of the University of Life Sciences in Lublin and it is to provide the highest quality education. The mission of the faculty, implemented by the community of the faculty, the employees and students, is:<\/p>\n<ul>\n<li>training the personnel for the country and the region, also in the field of the so-called smart specialisations,<\/li>\n<li>creation of a&nbsp;competitive curriculum, launching new courses of study according to current needs of the labour market and the knowledge-based economy related to the specificity of the research activity at the faculty,<\/li>\n<li>development of the research staff and university lecturers,<\/li>\n<li>improvement of study curricula and teaching based on the Integrated Qualification System taking into account the universal characteristics of the first- and second-cycle studies and consultations with the socio-economic environment,<\/li>\n<li>improvement of the standards of diploma theses and verification of their independent preparation with the use of the Unified Anti-plagiarism System\u00a0<\/li>\n<li>promoting, among the students and the employees, the attitude of respect for universal principles such as freedom, independence of thought, tolerance, ethics as well as scientific and didactic reliability.<\/li>\n<\/ul>\n                                        <\/div>\n\t\t\t\t\t\t                                <\/div>\n\t\t\t\t                <div class=\"mn-content-block\">\n\t                                                        <div class=\"block-text\">\n\t                                        <p>The teaching activities and related research activities at the Faculty of Environmental Biology are promising areas of the faculty. Taking care of the highest quality of the above is the goal of both the authorities and the entire community of the unit. Institutional cooperation with other universities, government entities and businesses is also important. Collaboration with the socio-economic environment is an important factor in our teaching activities.<\/p>\n<p>Strategic objectives of the Faculty of Environmental Biology:<\/p>\n<ul>\n<li>launching new courses of study in accordance with the current needs of the labour market,<\/li>\n<li>improvement and evaluation of the quality of education, increasing qualifications and taking advantage of scientific achievements of the academic teachers in the didactic work,<\/li>\n<li>improvement of the internal system for evaluation of study programmes, qualification of staff, scientific and practical achievements related to conducted or newly created fields of study,<\/li>\n<li>constant consultations with the socio-economic environment to improve the curriculum,<\/li>\n<li>systematic expansion of the offer of classes conducted in foreign languages, including classes as part of the Erasmus Plus Programme and promotion of distance learning,<\/li>\n<li>supporting the mobility of students of first- and second-cycle studies: education in other centres in the country (Most) and abroad (Erasmus), promotion of internships abroad and in the country,<\/li>\n<li>development of the scientific movement of students, scientific associations and research works performed at the organisational units of the faculty,<\/li>\n<li>active promotion of the Faculty of Environmental Biology among high school students &#8211; development of patronage classes, participation in events promoting biological sciences and the use of the Internet,<\/li>\n<li>systematic development and modernisation of the research and teaching centres as places of outdoor classes and student internships,<\/li>\n<li>systematic improvement of the premises of the faculty, making sure that the classrooms and laboratories are equipped with test apparatus.<\/li>\n<\/ul>\n                                        <\/div>\n\t\t\t\t\t\t                                <\/div>\n\t\t\t\t                <div class=\"mn-content-block\">\n\t                                                        <div class=\"block-text\">\n\t                                        <table style=\"border-collapse: collapse; width: 100%; height: 805px;\">\n<tbody>\n<tr style=\"height: 46px;\">\n<th style=\"width: 30%; height: 46px; text-align: left;\">Operations<\/th>\n<th style=\"width: 30%; height: 46px; text-align: left;\">Responsibility<\/th>\n<th style=\"width: 10%; height: 46px; text-align: center;\">Source of financing<\/th>\n<th style=\"width: 10%; height: 46px; text-align: center;\">Nature of operations<\/th>\n<th style=\"width: 20%; height: 46px; text-align: center;\">Measurement of performance effects<\/th>\n<\/tr>\n<tr style=\"height: 23px;\">\n<td style=\"width: 100%; height: 23px; text-align: center;\" colspan=\"5\"><strong>Monitoring of study programs<\/strong><\/td>\n<\/tr>\n<tr style=\"height: 69px;\">\n<td style=\"width: 30%; height: 69px;\">Monitoring the compliance of study programs with the Integrated Qualification System, taking into account the universal characteristics of the first- and second-cycle studies.<\/td>\n<td style=\"width: 30%; height: 69px;\">\n<p>Dean<br \/>Vice Dean<br \/>Programme boards<br \/>Faculty Committee for Quality of education<\/p>\n<\/td>\n<td style=\"width: 10%; height: 69px; text-align: left;\">resources of the faculty<\/td>\n<td style=\"width: 10%; height: 69px; text-align: center;\">continuous<\/td>\n<td style=\"width: 20%; height: 69px; text-align: center;\">accreditation results<\/td>\n<\/tr>\n<tr style=\"height: 69px;\">\n<td style=\"width: 30%; height: 69px;\">Increasing the participation of third party entities in the process of evaluation of study programes and the outcomes of learning<\/td>\n<td style=\"width: 30%; height: 69px;\">Vice Dean<br \/>Programme boards<\/td>\n<td style=\"width: 10%; height: 69px; text-align: left;\">no extra costs<\/td>\n<td style=\"width: 10%; height: 69px; text-align: center;\">continuous (annual)<\/td>\n<td style=\"width: 20%; height: 69px; text-align: center;\">number of third party entities involved in the evaluation process<\/td>\n<\/tr>\n<tr style=\"height: 23px;\">\n<td style=\"width: 30%; height: 23px;\">Development of an internal system of evaluation and assurance of high quality education<\/td>\n<td style=\"width: 30%; height: 23px;\">Vice Dean<br \/>Programme boards<br \/>Faculty Committee for Quality of education<\/td>\n<td style=\"width: 10%; height: 23px; text-align: left;\">no extra costs<\/td>\n<td style=\"width: 10%; height: 23px; text-align: center;\">continuous<\/td>\n<td style=\"width: 20%; height: 23px; text-align: center;\">data from annual evaluation reports of the courses of study<\/td>\n<\/tr>\n<tr style=\"height: 23px;\">\n<td style=\"width: 100%; height: 23px; text-align: center;\" colspan=\"5\"><strong>Modern didactic offer<\/strong><\/td>\n<\/tr>\n<tr style=\"height: 23px;\">\n<td style=\"width: 30%; height: 23px;\">Obtaining funds for expansion and improvement of the educational offer, including purchasing equipment and apparatus for research and didactic purposes<\/td>\n<td style=\"width: 30%; height: 23px;\">Dean<br \/>Vice Dean<br \/>Heads of the organisational units of a&nbsp;faculty<br \/>Research and teaching staff<\/td>\n<td style=\"width: 10%; height: 23px; text-align: left;\">no extra costs<\/td>\n<td style=\"width: 10%; height: 23px; text-align: center;\">continuous<\/td>\n<td style=\"width: 20%; height: 23px; text-align: center;\">number of applications, obtained funds<\/td>\n<\/tr>\n<tr style=\"height: 23px;\">\n<td style=\"width: 30%; height: 23px;\">Adjusting the programmes of individual modules to the current state of knowledge<\/td>\n<td style=\"width: 30%; height: 23px;\">Research and teaching staff<br \/>Programme boards<\/td>\n<td style=\"width: 10%; height: 23px; text-align: left;\">resources of the faculty<br \/>financial resources of the University of Life Sciences in Lublin<br \/>external financial resources<\/td>\n<td style=\"width: 10%; height: 23px; text-align: center;\">continuous<\/td>\n<td style=\"width: 20%; height: 23px; text-align: center;\">relevance<\/td>\n<\/tr>\n<tr style=\"height: 23px;\">\n<td style=\"width: 100%; height: 23px; text-align: center;\" colspan=\"5\"><strong>Supporting academic staff in the development of teaching skills<\/strong><\/td>\n<\/tr>\n<tr style=\"height: 23px;\">\n<td style=\"width: 30%; height: 23px;\">Participation in workshops\/trainings for university teachers<\/td>\n<td style=\"width: 30%; height: 23px;\">Dean<br \/>Heads of the organisational units of a&nbsp;faculty<\/td>\n<td style=\"width: 10%; height: 23px; text-align: left;\">resources of the faculty<br \/>financial resources of the University of Life Sciences in Lublin<br \/>external financial resources<\/td>\n<td style=\"width: 10%; height: 23px; text-align: center;\">continuous<\/td>\n<td style=\"width: 20%; height: 23px; text-align: center;\">number of participants of the trainings<\/td>\n<\/tr>\n<tr style=\"height: 23px;\">\n<td style=\"width: 100%; height: 23px; text-align: center;\" colspan=\"5\"><strong>Increasing internationalisation of studies and mobility of students of the faculty<\/strong><\/td>\n<\/tr>\n<tr style=\"height: 69px;\">\n<td style=\"width: 30%; height: 69px;\">Increasing the number of courses conducted in English<\/td>\n<td style=\"width: 30%; height: 69px;\">Vice Dean<br \/>Programme boards<br \/>Koordynator Wydzia\u0142owy ds. programu Erasmus Plus<\/td>\n<td style=\"width: 10%; height: 69px; text-align: left;\">no extra costs<\/td>\n<td style=\"width: 10%; height: 69px; text-align: center;\">continuous<\/td>\n<td style=\"width: 20%; height: 69px; text-align: center;\">number of courses conducted in English<\/td>\n<\/tr>\n<tr style=\"height: 69px;\">\n<td style=\"width: 30%; height: 69px;\">Increasing the number of international students as part of the Erasmus Plus programme<\/td>\n<td style=\"width: 30%; height: 69px;\">Vice Dean<br \/>International Exchange Office<br \/>The faculty coordinator for\u00a0 the Erasmus Plus programme<\/td>\n<td style=\"width: 10%; height: 69px; text-align: left;\">financial resources of the University of Life Sciences in Lublin<\/td>\n<td style=\"width: 10%; height: 69px; text-align: center;\">continuous<\/td>\n<td style=\"width: 20%; height: 69px; text-align: center;\">number of international students<\/td>\n<\/tr>\n<tr style=\"height: 69px;\">\n<td style=\"width: 30%; height: 69px;\">Increasing mobility of students of the faculty and education in other centres in the country (Most) and abroad (Erasmus+)<\/td>\n<td style=\"width: 30%; height: 69px;\">Vice Dean<br \/>International Exchange Office<br \/>The faculty coordinator for\u00a0 the Erasmus Plus programme<\/td>\n<td style=\"width: 10%; height: 69px; text-align: left;\">financial resources of the University of Life Sciences in Lublin<\/td>\n<td style=\"width: 10%; height: 69px; text-align: center;\">continuous<\/td>\n<td style=\"width: 20%; height: 69px; text-align: center;\">the number of students of the faculty who go abroad<\/td>\n<\/tr>\n<tr style=\"height: 115px;\">\n<td style=\"width: 30%; height: 115px;\">Establishment of cooperation with state and local administration institutions and enterprises to organise internships for students<\/td>\n<td style=\"width: 30%; height: 115px;\">Dean<br \/>Vice Dean<br \/>Faculty Committee for cooperation with the socio-economic environment<br \/>Practical Training and Competencies Development Office<\/td>\n<td style=\"width: 10%; height: 115px; text-align: left;\">financial resources of the University of Life Sciences in Lublin<br \/>external financial resources<\/td>\n<td style=\"width: 10%; height: 115px; text-align: center;\">continuous<\/td>\n<td style=\"width: 20%; height: 115px; text-align: center;\">number of institutions offering internships<\/td>\n<\/tr>\n<tr style=\"height: 23px;\">\n<td style=\"width: 100%; height: 23px; text-align: center;\" colspan=\"5\"><strong>Increasing scientific and organisational activities of students<\/strong><\/td>\n<\/tr>\n<tr style=\"height: 23px;\">\n<td style=\"width: 30%; height: 23px;\">Development of the scientific movement of students, scientific associations and research works performed at the organisational units of the faculty<\/td>\n<td style=\"width: 30%; height: 23px;\">Dean<br \/>Vice Dean<br \/>Tutors of scientific associations<br \/>Research and teaching staff<\/td>\n<td style=\"width: 10%; height: 23px; text-align: left;\">resources of the faculty<br \/>financial resources of the University of Life Sciences in Lublin \/ no extra costs<\/td>\n<td style=\"width: 10%; height: 23px; text-align: center;\">continuous<\/td>\n<td style=\"width: 20%; height: 23px; text-align: center;\">number of scientific associations, number of students in individual scientific associations, participation of students in trainings and conferences, authorship or co-authorship of students in scientific publications and research projects<\/td>\n<\/tr>\n<tr style=\"height: 23px;\">\n<td style=\"width: 100%; height: 23px; text-align: center;\" colspan=\"5\"><strong>Promotional activities<\/strong><\/td>\n<\/tr>\n<tr style=\"height: 23px;\">\n<td style=\"width: 30%; height: 23px;\">Development of patronage classes, participation in events promoting biological sciences and the use of social media<\/td>\n<td style=\"width: 30%; height: 23px;\">Dean<br \/>Vice Dean<br \/>Faculty Committee for Promotion<br \/>Communicaton and International Exchage Department<br \/>Research, teaching, engineering and technical staff<\/td>\n<td style=\"width: 10%; height: 23px; text-align: left;\">resources of the faculty<br \/>financial resources of the University of Life Sciences in Lublin \/ no extra costs<\/td>\n<td style=\"width: 10%; height: 23px; text-align: center;\">continuous<\/td>\n<td style=\"width: 20%; height: 23px; text-align: center;\">number of patronage classes, number of events promoting the faculty, activity in social media<\/td>\n<\/tr>\n<tr style=\"height: 23px;\">\n<td style=\"width: 30%; height: 23px;\">Zwi\u0119kszenie liczby zaj\u0119\u0107 dydaktycznych dla uczni\u00f3w szk\u00f3\u0142 \u015brednich w&nbsp;siedzibie Wydzia\u0142u oraz w&nbsp;ramach wizyt studyjnych<\/td>\n<td style=\"width: 30%; height: 23px;\">Dean<br \/>Vice Dean<br \/>Faculty Committee for Promotion<br \/>Communicaton and International Exchage Department<br \/>Research and teaching staff<\/td>\n<td style=\"width: 10%; height: 23px; text-align: left;\">resources of the faculty<br \/>financial resources of the University of Life Sciences in Lublin \/ no extra costs<\/td>\n<td style=\"width: 10%; height: 23px; text-align: center;\">continuous<\/td>\n<td style=\"width: 20%; height: 23px; text-align: center;\">number of conducted classes<\/td>\n<\/tr>\n<\/tbody>\n<\/table>\n                                        <\/div>\n\t\t\t\t\t\t                                <\/div>\n\t\t\t\t\t\t<\/div>\n\t<\/div>\n<\/section>\n\t\t<\/div>\n\t\t\t\t<\/div>\n\t\t\t\t\t\t<\/div>\n\t\t\t\t\t<\/div>\n\t\t<\/div>\n\t\t\t\t\t\t\t\t<\/div>\n\t\t\t\t\t<\/div>\n\t\t<\/section>\n\t\t\t\t\t\t<\/div>\n\t\t\t\t\t\t<\/div>\n\t\t\t\t\t<\/div>\n\t\t","protected":false},"excerpt":{"rendered":"<p>Faculty of Environmental Biology Development strategy UP Wydzia\u0142 Biologii \u015arodowiskowej General information Faculty&#8217;s misson Faculty&#8217;s vision and strategic objectives Detailed objectives necessary to achieve the strategic goals of the Faculty Logo Faculty of Environmental Biology Governance Dean professor Tomasz MieczanVice-dean profesor Bo\u017cena Denisow \u00a0 The mission of the Faculty of Environmental Biology is consistent with [&hellip;]<\/p>\n","protected":false},"author":2,"featured_media":0,"parent":141837,"menu_order":0,"comment_status":"closed","ping_status":"closed","template":"elementor_header_footer","meta":{"_monsterinsights_skip_tracking":false,"_monsterinsights_sitenote_active":false,"_monsterinsights_sitenote_note":"","_monsterinsights_sitenote_category":0},"_links":{"self":[{"href":"https:\/\/up.lublin.pl\/srodowiskowa\/en\/wp-json\/wp\/v2\/pages\/141866"}],"collection":[{"href":"https:\/\/up.lublin.pl\/srodowiskowa\/en\/wp-json\/wp\/v2\/pages"}],"about":[{"href":"https:\/\/up.lublin.pl\/srodowiskowa\/en\/wp-json\/wp\/v2\/types\/page"}],"author":[{"embeddable":true,"href":"https:\/\/up.lublin.pl\/srodowiskowa\/en\/wp-json\/wp\/v2\/users\/2"}],"replies":[{"embeddable":true,"href":"https:\/\/up.lublin.pl\/srodowiskowa\/en\/wp-json\/wp\/v2\/comments?post=141866"}],"version-history":[{"count":10,"href":"https:\/\/up.lublin.pl\/srodowiskowa\/en\/wp-json\/wp\/v2\/pages\/141866\/revisions"}],"predecessor-version":[{"id":141884,"href":"https:\/\/up.lublin.pl\/srodowiskowa\/en\/wp-json\/wp\/v2\/pages\/141866\/revisions\/141884"}],"up":[{"embeddable":true,"href":"https:\/\/up.lublin.pl\/srodowiskowa\/en\/wp-json\/wp\/v2\/pages\/141837"}],"wp:attachment":[{"href":"https:\/\/up.lublin.pl\/srodowiskowa\/en\/wp-json\/wp\/v2\/media?parent=141866"}],"curies":[{"name":"wp","href":"https:\/\/api.w.org\/{rel}","templated":true}]}}