{"id":141855,"date":"2021-07-12T13:47:48","date_gmt":"2021-07-12T11:47:48","guid":{"rendered":"https:\/\/up.lublin.pl\/srodowiskowa\/?page_id=141855"},"modified":"2021-07-12T13:51:04","modified_gmt":"2021-07-12T11:51:04","slug":"history","status":"publish","type":"page","link":"https:\/\/up.lublin.pl\/srodowiskowa\/en\/about-faculty\/history\/","title":{"rendered":"History"},"content":{"rendered":"\t\t<div data-elementor-type=\"wp-page\" data-elementor-id=\"141855\" class=\"elementor elementor-141855 elementor-270\" data-elementor-settings=\"[]\">\n\t\t\t\t\t\t<div class=\"elementor-inner\">\n\t\t\t\t\t\t\t<div class=\"elementor-section-wrap\">\n\t\t\t\t\t\t\t<section class=\"elementor-section elementor-top-section elementor-element elementor-element-bd17219 elementor-section-boxed elementor-section-height-default elementor-section-height-default\" data-id=\"bd17219\" data-element_type=\"section\">\n\t\t\t\t\t\t<div class=\"elementor-container elementor-column-gap-default\">\n\t\t\t\t\t\t\t<div class=\"elementor-row\">\n\t\t\t\t\t<div class=\"elementor-column elementor-col-100 elementor-top-column elementor-element elementor-element-ab34262\" data-id=\"ab34262\" data-element_type=\"column\">\n\t\t\t<div class=\"elementor-column-wrap elementor-element-populated\">\n\t\t\t\t\t\t\t<div class=\"elementor-widget-wrap\">\n\t\t\t\t\t\t<div class=\"elementor-element elementor-element-b180428 elementor-widget elementor-widget-m2e\" data-id=\"b180428\" data-element_type=\"widget\" data-widget_type=\"m2e.default\">\n\t\t\t\t<div class=\"elementor-widget-container\">\n\t\t\t<section class=\"mn-m2-e mn-bg-green\">\n\t<div class=\"mn-grid\">\n\t\t<div class=\"mn-grid-3 mn-introtext\">\n\t\t\t\t\t\t\t<p class=\"mn-header\">Faculty of Environmental Biology<\/p>\n\t\t\t\t\t\t\t\t\t\t\t<h3>\n\t\t\t\t\tHistory\t\t\t\t<\/h3>\n\t\t\t\t\t\t\t\t\t\t\t\t<\/div>\n\t\t<div class=\"mn-grid-9 mn-image-container\">\n\t\t\t\t\t<\/div>\n\t<\/div>\n\t<\/section>\n\t\t<\/div>\n\t\t\t\t<\/div>\n\t\t\t\t\t\t<\/div>\n\t\t\t\t\t<\/div>\n\t\t<\/div>\n\t\t\t\t\t\t\t\t<\/div>\n\t\t\t\t\t<\/div>\n\t\t<\/section>\n\t\t\t\t<section class=\"elementor-section elementor-top-section elementor-element elementor-element-92ea12a elementor-section-boxed elementor-section-height-default elementor-section-height-default\" data-id=\"92ea12a\" data-element_type=\"section\">\n\t\t\t\t\t\t<div class=\"elementor-container elementor-column-gap-default\">\n\t\t\t\t\t\t\t<div class=\"elementor-row\">\n\t\t\t\t\t<div class=\"elementor-column elementor-col-100 elementor-top-column elementor-element elementor-element-ea6e632\" data-id=\"ea6e632\" data-element_type=\"column\">\n\t\t\t<div class=\"elementor-column-wrap elementor-element-populated\">\n\t\t\t\t\t\t\t<div class=\"elementor-widget-wrap\">\n\t\t\t\t\t\t<div class=\"elementor-element elementor-element-c77b34d elementor-widget elementor-widget-m5c\" data-id=\"c77b34d\" data-element_type=\"widget\" data-widget_type=\"m5c.default\">\n\t\t\t\t<div class=\"elementor-widget-container\">\n\t\t\t<section class=\"mn-m5-c mn-m5-d2 mn-bg-white\">\n\t<div class=\"mn-grid\">\n\t\t\t\t<div class=\"mn-content mn-grid-9\">\n\t\t\t                <div class=\"mn-content-block active\">\n\t                                                        <div class=\"block-text\">\n\t                                        <p>The Faculty of Environmental Biology was established on 1 September 2019, by a\u00a0 resolution of the Senate of the University of Life Sciences in Lublin of 29 March 2019 (Resolution no. 49\/2018-2019). The first dean of the faculty was prof. dr hab. Tomasz Mieczan and the deputy dean was prof. dr hab. Bo\u017cena Denisow.<\/p>\n<p>The genesis of the Faculty of Environmental Biology dates back to the end of the 20th century when on 1 September 1993, at the Faculty of Zootechnics, the Environmental Protection branch was created, where scientific staff in the field of biological sciences was gradually employed, mainly in two units: the Department of Zoology and the Department of Hydrobiology and Ichthyobiology. In 1991, at the faculty, a&nbsp;field of study was created &#8211; environmental protection. During those years, the successive authorities of the faculty increased the number of &#8220;biological employees&#8221;. Initially, the staff was recruited from outside of the university, later on, the students of the faculty were trained, they were able to get degrees and academic titles in biological sciences at various universities in Poland (Maria Curie-Sk\u0142odowska University in Lublin, the University of Warmia and Mazury in Olsztyn, Nicolaus Copernicus University in Toru\u0144, Siedlce University of Natural Sciences and Humanities, The University of \u0141\u00f3d\u017a, the University of Szczecin). In 2020, another field of study related to biological sciences was created &#8211; biology (in 2011, a&nbsp;specialisation in forensic biology was created). Those facts were the reason for changing the name of the Faculty, first to the Faculty of Biology and Animal Breeding and later on to the Faculty of Biology and the Faculty of\u00a0Animal Sciences\u00a0and\u00a0Bioeconomy. The above-mentioned operations made it possible in 2018, for the management of the faculty submit an application to the\u00a0Central Commission\u00a0for Academic\u00a0Degrees and Titles to obtain the rights to award the academic title of a&nbsp;doctor in the discipline of biology. Following the decision of the Commission of 28 January 2019, the University of Life Sciences in Lublin (taking into account the personnel from other faculties who are assigned to the discipline of biology) obtained the rights to award a&nbsp;title of doctor of science in the discipline of biological sciences. The above allowed JM Rector of the University of Life Sciences in Lublin &#8211; prof. dr hab. Zygmunt Litwinczuk to establish a&nbsp;new faculty &#8211; the Faculty of Environmental Biology, which was composed of two organisational units moved from the Faculty of Biology and the Faculty of\u00a0Animal Sciences\u00a0and\u00a0Bioeconomy (Department\u00a0of Hydrobiology and\u00a0Protection\u00a0of\u00a0Ecosystems and Department of Zoology and Animal Ecology) and the units moved from the Faculty of Horticulture and Landscape Architecture (Department of\u00a0Botany and\u00a0Plant Physiology) and from\u00a0 the Faculty of Production Engineering (Department of Biophysics). With the establishment of the Faculty of Environmental Biology, education in the following fields of study was transferred over there: environmental protection, biocosmetology, biology with a&nbsp;specialisation in forensic biology, which, until then, were part of the Faculty of Biology and the Faculty of Animal Sciences and Bioeconomy. In 2019, another major was created: Biosecurity\u00a0and\u00a0Crisis Management.<\/p>\n                                        <\/div>\n\t\t\t\t\t\t                                                        <div class=\"block-text\">\n\t                                        <table style=\"border-collapse: collapse; width: 100%; height: 69px;\">\n<tbody>\n<tr style=\"height: 23px;\">\n<th style=\"width: 50%; height: 23px;\" colspan=\"2\">Structure of the Faculty of Environmental Biology<\/th>\n<\/tr>\n<tr style=\"height: 23px;\">\n<th style=\"width: 50%; height: 23px;\">Independent organisational units<\/th>\n<th style=\"width: 50%; height: 23px;\">Subordinate units<\/th>\n<\/tr>\n<tr style=\"height: 23px;\">\n<td style=\"height: 23px; width: 40%; text-align: left; vertical-align: top;\">Department\u00a0of Hydrobiology and\u00a0Protection\u00a0of\u00a0Ecosystems<\/td>\n<td style=\"height: 23px; width: 60%; text-align: left; vertical-align: top;\">\n<ul>\n<li>Sub-department of Landscape Ecology and Nature Conservation<\/li>\n<li>Sub-department of Hydrobotany<\/li>\n<\/ul>\n<\/td>\n<\/tr>\n<tr>\n<td style=\"width: 40%; text-align: left; vertical-align: top;\">Department of Zoology and Animal Ecology<\/td>\n<td style=\"width: 60%; text-align: left; vertical-align: top;\">\n<ul>\n<li>Laboratory for Environmental Bioindication<\/li>\n<\/ul>\n<\/td>\n<\/tr>\n<tr>\n<td style=\"width: 40%; text-align: left; vertical-align: top;\">Department of Botany and Plant Physiology<\/td>\n<td style=\"width: 60%; text-align: left; vertical-align: top;\">\n<ul>\n<li>Sub-department of Aerobiology<\/li>\n<li>Sub-department of Plant Biology<\/li>\n<li>Sub-department of Plant Physiology and Biochemistry<\/li>\n<\/ul>\n<\/td>\n<\/tr>\n<tr>\n<td style=\"width: 40%; text-align: left; vertical-align: top;\">Department of Biophysics<\/td>\n<td style=\"width: 60%; text-align: left; vertical-align: top;\">\n<ul>\n<li>Sub-department of Molecular Biophysics<\/li>\n<li>Sub-department of Applied Physics<\/li>\n<li>Laboratory for Mechanics<\/li>\n<\/ul>\n<\/td>\n<\/tr>\n<\/tbody>\n<\/table>\n<p>There are 67 employees at the Faculty of Environmental Biology, including 54 academic teachers: 7 titular professors, 9 university professors with a&nbsp;title of habilitated doctor, 8 assistant professors with a&nbsp;title of habilitated doctor, 20 assistant professors with a&nbsp;doctoral degree, 2 assistants, 4 academic lecturers and 17 engineering and technical staff.<\/p>\n                                        <\/div>\n\t\t\t\t\t\t                                <\/div>\n\t\t\t\t                <div class=\"mn-content-block\">\n\t                                <\/div>\n\t\t\t\t                <div class=\"mn-content-block\">\n\t                                <\/div>\n\t\t\t\t                <div class=\"mn-content-block\">\n\t                                <\/div>\n\t\t\t\t                <div class=\"mn-content-block\">\n\t                                <\/div>\n\t\t\t\t                <div class=\"mn-content-block\">\n\t                                <\/div>\n\t\t\t\t                <div class=\"mn-content-block\">\n\t                                <\/div>\n\t\t\t\t                <div class=\"mn-content-block\">\n\t                                <\/div>\n\t\t\t\t                <div class=\"mn-content-block\">\n\t                                <\/div>\n\t\t\t\t                <div class=\"mn-content-block\">\n\t                                <\/div>\n\t\t\t\t                <div class=\"mn-content-block\">\n\t                                <\/div>\n\t\t\t\t                <div class=\"mn-content-block\">\n\t                                <\/div>\n\t\t\t\t                <div class=\"mn-content-block\">\n\t                                <\/div>\n\t\t\t\t                <div class=\"mn-content-block\">\n\t                                <\/div>\n\t\t\t\t                <div class=\"mn-content-block\">\n\t                                <\/div>\n\t\t\t\t                <div class=\"mn-content-block\">\n\t                                <\/div>\n\t\t\t\t                <div class=\"mn-content-block\">\n\t                                <\/div>\n\t\t\t\t                <div class=\"mn-content-block\">\n\t                                <\/div>\n\t\t\t\t                <div class=\"mn-content-block\">\n\t                                <\/div>\n\t\t\t\t                <div class=\"mn-content-block\">\n\t                                <\/div>\n\t\t\t\t\t\t<\/div>\n\t<\/div>\n<\/section>\n\t\t<\/div>\n\t\t\t\t<\/div>\n\t\t\t\t\t\t<\/div>\n\t\t\t\t\t<\/div>\n\t\t<\/div>\n\t\t\t\t\t\t\t\t<\/div>\n\t\t\t\t\t<\/div>\n\t\t<\/section>\n\t\t\t\t\t\t<\/div>\n\t\t\t\t\t\t<\/div>\n\t\t\t\t\t<\/div>\n\t\t","protected":false},"excerpt":{"rendered":"<p>Faculty of Environmental Biology History UP Wydzia\u0142 Biologii \u015arodowiskowej The Faculty of Environmental Biology was established on 1 September 2019, by a\u00a0 resolution of the Senate of the University of Life Sciences in Lublin of 29 March 2019 (Resolution no. 49\/2018-2019). The first dean of the faculty was prof. dr hab. Tomasz Mieczan and the [&hellip;]<\/p>\n","protected":false},"author":2,"featured_media":0,"parent":141837,"menu_order":0,"comment_status":"closed","ping_status":"closed","template":"elementor_header_footer","meta":{"_monsterinsights_skip_tracking":false,"_monsterinsights_sitenote_active":false,"_monsterinsights_sitenote_note":"","_monsterinsights_sitenote_category":0},"_links":{"self":[{"href":"https:\/\/up.lublin.pl\/srodowiskowa\/en\/wp-json\/wp\/v2\/pages\/141855"}],"collection":[{"href":"https:\/\/up.lublin.pl\/srodowiskowa\/en\/wp-json\/wp\/v2\/pages"}],"about":[{"href":"https:\/\/up.lublin.pl\/srodowiskowa\/en\/wp-json\/wp\/v2\/types\/page"}],"author":[{"embeddable":true,"href":"https:\/\/up.lublin.pl\/srodowiskowa\/en\/wp-json\/wp\/v2\/users\/2"}],"replies":[{"embeddable":true,"href":"https:\/\/up.lublin.pl\/srodowiskowa\/en\/wp-json\/wp\/v2\/comments?post=141855"}],"version-history":[{"count":10,"href":"https:\/\/up.lublin.pl\/srodowiskowa\/en\/wp-json\/wp\/v2\/pages\/141855\/revisions"}],"predecessor-version":[{"id":141865,"href":"https:\/\/up.lublin.pl\/srodowiskowa\/en\/wp-json\/wp\/v2\/pages\/141855\/revisions\/141865"}],"up":[{"embeddable":true,"href":"https:\/\/up.lublin.pl\/srodowiskowa\/en\/wp-json\/wp\/v2\/pages\/141837"}],"wp:attachment":[{"href":"https:\/\/up.lublin.pl\/srodowiskowa\/en\/wp-json\/wp\/v2\/media?parent=141855"}],"curies":[{"name":"wp","href":"https:\/\/api.w.org\/{rel}","templated":true}]}}