{"id":141822,"date":"2021-07-12T13:38:14","date_gmt":"2021-07-12T11:38:14","guid":{"rendered":"https:\/\/up.lublin.pl\/srodowiskowa\/?page_id=141822"},"modified":"2025-12-11T08:56:27","modified_gmt":"2025-12-11T07:56:27","slug":"home","status":"publish","type":"page","link":"https:\/\/up.lublin.pl\/srodowiskowa\/en\/","title":{"rendered":"Home"},"content":{"rendered":"\t\t<div data-elementor-type=\"wp-page\" data-elementor-id=\"141822\" class=\"elementor elementor-141822 elementor-4\" data-elementor-settings=\"[]\">\n\t\t\t\t\t\t<div class=\"elementor-inner\">\n\t\t\t\t\t\t\t<div class=\"elementor-section-wrap\">\n\t\t\t\t\t\t\t<section class=\"elementor-section elementor-top-section elementor-element elementor-element-18cc2a1 elementor-section-boxed elementor-section-height-default elementor-section-height-default\" data-id=\"18cc2a1\" data-element_type=\"section\">\n\t\t\t\t\t\t<div class=\"elementor-container elementor-column-gap-default\">\n\t\t\t\t\t\t\t<div class=\"elementor-row\">\n\t\t\t\t\t<div class=\"elementor-column elementor-col-100 elementor-top-column elementor-element elementor-element-76680de\" data-id=\"76680de\" data-element_type=\"column\">\n\t\t\t<div class=\"elementor-column-wrap elementor-element-populated\">\n\t\t\t\t\t\t\t<div class=\"elementor-widget-wrap\">\n\t\t\t\t\t\t<div class=\"elementor-element elementor-element-e374894 elementor-widget elementor-widget-m2c\" data-id=\"e374894\" data-element_type=\"widget\" data-widget_type=\"m2c.default\">\n\t\t\t\t<div class=\"elementor-widget-container\">\n\t\t\t\t<section class=\"mn-m2-a mn-m2-c mn-bg-green\">\n\t\t<div class=\"mn-grid\">\n\t\t\t<div class=\"mn-grid-3 mn-introtext\">\n\t\t\t\t\t\t\t\t\t<p>Faculty of<\/p>\n\t\t\t\t\t\t\t\t\t\t\t\t\t\t<h3>Environmental Biology<\/h3>\n\t\t\t\t\t                                    <div style=\"margin-top: 50px;\">\n                        <img src=\"http:\/\/nowastrona.up.lublin.pl\/srodowiskowa\/wp-content\/uploads\/sites\/5\/2021\/03\/Group-1667.png\" alt=\"\" \/>\n                    <\/div>\n                    \t\t\t<\/div>\n\t\t\t<div class=\"slider slider-for-m2c mn-grid-9\">\n\t\t\t\t\t\t\t\t\t<div class=\"element\">\n\t\t\t\t\t\t\t\t\t\t\t\t\t<img src=\"https:\/\/up.lublin.pl\/srodowiskowa\/wp-content\/uploads\/sites\/5\/2023\/05\/wbs_banner_bocian.jpg\" alt=\"\">\n\t\t\t\t\t\t\t\t\t\t\t\t<\/div>\n\t\t\t\t\t\t\t\t\t\t<div class=\"element\">\n\t\t\t\t\t\t\t\t\t\t\t\t\t<img src=\"https:\/\/up.lublin.pl\/srodowiskowa\/wp-content\/uploads\/sites\/5\/2023\/05\/wbs_banner_6.jpg\" alt=\"\">\n\t\t\t\t\t\t\t\t\t\t\t\t<\/div>\n\t\t\t\t\t\t\t\t\t\t<div class=\"element\">\n\t\t\t\t\t\t\t\t\t\t\t\t\t<img src=\"https:\/\/up.lublin.pl\/srodowiskowa\/wp-content\/uploads\/sites\/5\/2021\/03\/wbs4.jpg\" alt=\"\">\n\t\t\t\t\t\t\t\t\t\t\t\t<\/div>\n\t\t\t\t\t\t\t\t\t\t<div class=\"element\">\n\t\t\t\t\t\t\t\t\t\t\t\t\t<img src=\"https:\/\/up.lublin.pl\/srodowiskowa\/wp-content\/uploads\/sites\/5\/2021\/03\/wbs1.jpg\" alt=\"\">\n\t\t\t\t\t\t\t\t\t\t\t\t<\/div>\n\t\t\t\t\t\t\t\t<\/div>\n\t\t<\/div>\n\t\t\t\t<div class=\"mn-grid\">\n\t\t\t<div class=\"mn-content mn-grid-12\">\n\t\t\t\t<div class=\"slider slider-nav-m2c\">\n\t\t\t\t\t\t\t\t\t\t\t<div class=\"element\">\n\t\t\t\t\t\t\t<p class=\"mn-slide-nmb\">01<\/p>\n\t\t\t\t\t\t\t<div class=\"mn-slide-progress\"><\/div>\n\t\t\t\t\t\t\t\t\t\t\t\t\t<\/div>\n\t\t\t\t\t\t\t\t\t\t\t\t<div class=\"element\">\n\t\t\t\t\t\t\t<p class=\"mn-slide-nmb\">02<\/p>\n\t\t\t\t\t\t\t<div class=\"mn-slide-progress\"><\/div>\n\t\t\t\t\t\t\t\t\t\t\t\t\t<\/div>\n\t\t\t\t\t\t\t\t\t\t\t\t<div class=\"element\">\n\t\t\t\t\t\t\t<p class=\"mn-slide-nmb\">03<\/p>\n\t\t\t\t\t\t\t<div class=\"mn-slide-progress\"><\/div>\n\t\t\t\t\t\t\t\t\t\t\t\t\t<\/div>\n\t\t\t\t\t\t\t\t\t\t\t\t<div class=\"element\">\n\t\t\t\t\t\t\t<p class=\"mn-slide-nmb\">04<\/p>\n\t\t\t\t\t\t\t<div class=\"mn-slide-progress\"><\/div>\n\t\t\t\t\t\t\t\t\t\t\t\t\t<\/div>\n\t\t\t\t\t\t\t\t\t\t<\/div>\n\t\t\t<\/div>\n\t\t<\/div>\n\t<\/section>\n\t\t\t\t<\/div>\n\t\t\t\t<\/div>\n\t\t\t\t\t\t<\/div>\n\t\t\t\t\t<\/div>\n\t\t<\/div>\n\t\t\t\t\t\t\t\t<\/div>\n\t\t\t\t\t<\/div>\n\t\t<\/section>\n\t\t\t\t<section class=\"elementor-section elementor-top-section elementor-element elementor-element-4438988 elementor-section-boxed elementor-section-height-default elementor-section-height-default\" data-id=\"4438988\" data-element_type=\"section\">\n\t\t\t\t\t\t<div class=\"elementor-container elementor-column-gap-default\">\n\t\t\t\t\t\t\t<div class=\"elementor-row\">\n\t\t\t\t\t<div class=\"elementor-column elementor-col-100 elementor-top-column elementor-element elementor-element-796722b\" data-id=\"796722b\" data-element_type=\"column\">\n\t\t\t<div class=\"elementor-column-wrap elementor-element-populated\">\n\t\t\t\t\t\t\t<div class=\"elementor-widget-wrap\">\n\t\t\t\t\t\t<div class=\"elementor-element elementor-element-f248741 elementor-widget elementor-widget-m4a\" data-id=\"f248741\" data-element_type=\"widget\" data-widget_type=\"m4a.default\">\n\t\t\t\t<div class=\"elementor-widget-container\">\n\t\t\t\t<section class=\"mn-m4_b mn-bg-green\">\n\t\t\t\t<div class=\"mn-grid\">\n\t\t\t\t\t\t\t<div class=\"mn-grid-3 mn-kat-m4-container\">\n\t\t\t\t\t\t\t\t\t\t\t\t\t\t\t\t<h3>About Faculty<\/h3>\n\t\t\t\t\t\t\t\t\t\t\t\t\t\t\t\t\t\t\t\t\t\t<a href=\"https:\/\/up.lublin.pl\/srodowiskowa\/en\/about-faculty\/\" class=\"mn-more\">Read more<\/a>\n\t\t\t\t\t\t\t\t\t\t<\/div>\n\t\t\t\t\t\t\t\t<div class=\"mn-grid-3 mn-kat-m4-container\">\n\t\t\t\t\t\t\t\t\t\t\t\t\t\t\t\t<h3>Didactic units<\/h3>\n\t\t\t\t\t\t\t\t\t\t\t\t\t\t\t\t\t\t\t\t\t\t<a href=\"https:\/\/up.lublin.pl\/srodowiskowa\/en\/about-faculty\/didactic-units\/\" class=\"mn-more\">Read more<\/a>\n\t\t\t\t\t\t\t\t\t\t<\/div>\n\t\t\t\t\t\t\t\t<div class=\"mn-grid-3 mn-kat-m4-container\">\n\t\t\t\t\t\t\t\t\t\t\t\t\t\t\t\t<h3>Didactic activity<\/h3>\n\t\t\t\t\t\t\t\t\t\t\t\t\t\t\t\t\t\t\t\t\t\t<a href=\"https:\/\/up.lublin.pl\/srodowiskowa\/en\/didactic-activity\/\" class=\"mn-more\">Read more<\/a>\n\t\t\t\t\t\t\t\t\t\t<\/div>\n\t\t\t\t\t\t\t\t<div class=\"mn-grid-3 mn-kat-m4-container\">\n\t\t\t\t\t\t\t\t\t\t\t\t\t\t\t\t<h3>Direction of research<\/h3>\n\t\t\t\t\t\t\t\t\t\t\t\t\t\t\t\t\t\t\t\t\t\t<a href=\"https:\/\/up.lublin.pl\/srodowiskowa\/en\/direction-of-research\/\" class=\"mn-more\">Read more<\/a>\n\t\t\t\t\t\t\t\t\t\t<\/div>\n\t\t\t\t\t\t<\/div>\n\t<\/section>\n\t\t\t<\/div>\n\t\t\t\t<\/div>\n\t\t\t\t\t\t<\/div>\n\t\t\t\t\t<\/div>\n\t\t<\/div>\n\t\t\t\t\t\t\t\t<\/div>\n\t\t\t\t\t<\/div>\n\t\t<\/section>\n\t\t\t\t\t\t<\/div>\n\t\t\t\t\t\t<\/div>\n\t\t\t\t\t<\/div>\n\t\t","protected":false},"excerpt":{"rendered":"<p>Faculty of Environmental Biology UP Wydzia\u0142 Biologii \u015arodowiskowej 01 02 03 04 About Faculty Zobacz wi\u0119cej Didactic units Zobacz wi\u0119cej Didactic activity Zobacz wi\u0119cej Direction of research Zobacz wi\u0119cej<\/p>\n","protected":false},"author":2,"featured_media":0,"parent":0,"menu_order":0,"comment_status":"closed","ping_status":"closed","template":"","meta":{"_monsterinsights_skip_tracking":false,"_monsterinsights_sitenote_active":false,"_monsterinsights_sitenote_note":"","_monsterinsights_sitenote_category":0},"_links":{"self":[{"href":"https:\/\/up.lublin.pl\/srodowiskowa\/en\/wp-json\/wp\/v2\/pages\/141822"}],"collection":[{"href":"https:\/\/up.lublin.pl\/srodowiskowa\/en\/wp-json\/wp\/v2\/pages"}],"about":[{"href":"https:\/\/up.lublin.pl\/srodowiskowa\/en\/wp-json\/wp\/v2\/types\/page"}],"author":[{"embeddable":true,"href":"https:\/\/up.lublin.pl\/srodowiskowa\/en\/wp-json\/wp\/v2\/users\/2"}],"replies":[{"embeddable":true,"href":"https:\/\/up.lublin.pl\/srodowiskowa\/en\/wp-json\/wp\/v2\/comments?post=141822"}],"version-history":[{"count":18,"href":"https:\/\/up.lublin.pl\/srodowiskowa\/en\/wp-json\/wp\/v2\/pages\/141822\/revisions"}],"predecessor-version":[{"id":177478,"href":"https:\/\/up.lublin.pl\/srodowiskowa\/en\/wp-json\/wp\/v2\/pages\/141822\/revisions\/177478"}],"wp:attachment":[{"href":"https:\/\/up.lublin.pl\/srodowiskowa\/en\/wp-json\/wp\/v2\/media?parent=141822"}],"curies":[{"name":"wp","href":"https:\/\/api.w.org\/{rel}","templated":true}]}}