{"id":98606,"date":"2020-11-18T08:55:42","date_gmt":"2020-11-18T07:55:42","guid":{"rendered":"https:\/\/up.lublin.pl\/?page_id=98606"},"modified":"2020-11-18T08:55:42","modified_gmt":"2020-11-18T07:55:42","slug":"tytul-doktora-honoris-causa","status":"publish","type":"page","link":"https:\/\/up.lublin.pl\/ru\/uniwersytet\/godnosci-i-tytuly\/tytul-doktora-honoris-causa\/","title":{"rendered":"Tytu\u0142 Doktora Honoris Causa"},"content":{"rendered":"\t\t<div data-elementor-type=\"wp-page\" data-elementor-id=\"98606\" class=\"elementor elementor-98606 elementor-86161\" data-elementor-settings=\"[]\">\n\t\t\t\t\t\t<div class=\"elementor-inner\">\n\t\t\t\t\t\t\t<div class=\"elementor-section-wrap\">\n\t\t\t\t\t\t\t<section class=\"elementor-section elementor-top-section elementor-element elementor-element-59d2a79b elementor-section-boxed elementor-section-height-default elementor-section-height-default\" data-id=\"59d2a79b\" data-element_type=\"section\">\n\t\t\t\t\t\t<div class=\"elementor-container elementor-column-gap-default\">\n\t\t\t\t\t\t\t<div class=\"elementor-row\">\n\t\t\t\t\t<div class=\"elementor-column elementor-col-100 elementor-top-column elementor-element elementor-element-3ac6fb66\" data-id=\"3ac6fb66\" data-element_type=\"column\">\n\t\t\t<div class=\"elementor-column-wrap elementor-element-populated\">\n\t\t\t\t\t\t\t<div class=\"elementor-widget-wrap\">\n\t\t\t\t\t\t<div class=\"elementor-element elementor-element-5578c6c6 elementor-widget elementor-widget-m2d\" data-id=\"5578c6c6\" data-element_type=\"widget\" data-widget_type=\"m2d.default\">\n\t\t\t\t<div class=\"elementor-widget-container\">\n\t\t\t<section class=\"mn-m2-d mn-bg-green\">\r\n\t<div class=\"mn-grid\">\r\n\t\t<div class=\"mn-grid-3 mn-introtext\">\r\n\t\t\t\t\t\t\t<h3>\r\n\t\t\t\t\tUniwersytet\t\t\t\t<\/h3>\r\n\t\t\t\t\t\t<\/div>\r\n\t\t\t            <div class=\"mn-grid-9 mn-image-container\">\r\n\t\t\t\t<img src=\"https:\/\/up.lublin.pl\/wp-content\/uploads\/2020\/08\/Image-1.png\" alt=\"\">\r\n            <\/div>\r\n\t\t\t\t        \r\n\r\n\t<\/div>\r\n\t<\/section>\r\n\t\t<\/div>\n\t\t\t\t<\/div>\n\t\t\t\t\t\t<\/div>\n\t\t\t\t\t<\/div>\n\t\t<\/div>\n\t\t\t\t\t\t\t\t<\/div>\n\t\t\t\t\t<\/div>\n\t\t<\/section>\n\t\t\t\t<section class=\"elementor-section elementor-top-section elementor-element elementor-element-301a7c2 elementor-section-boxed elementor-section-height-default elementor-section-height-default\" data-id=\"301a7c2\" data-element_type=\"section\">\n\t\t\t\t\t\t<div class=\"elementor-container elementor-column-gap-default\">\n\t\t\t\t\t\t\t<div class=\"elementor-row\">\n\t\t\t\t\t<div class=\"elementor-column elementor-col-100 elementor-top-column elementor-element elementor-element-5bf3ff7\" data-id=\"5bf3ff7\" data-element_type=\"column\">\n\t\t\t<div class=\"elementor-column-wrap elementor-element-populated\">\n\t\t\t\t\t\t\t<div class=\"elementor-widget-wrap\">\n\t\t\t\t\t\t<div class=\"elementor-element elementor-element-00d48c4 elementor-widget elementor-widget-m5c\" data-id=\"00d48c4\" data-element_type=\"widget\" data-widget_type=\"m5c.default\">\n\t\t\t\t<div class=\"elementor-widget-container\">\n\t\t\t<section class=\"mn-m5-c mn-bg-white\">\n\t<div class=\"mn-grid\">\n\t\t            <div class=\"mn-menu-container mn-grid-3\">\n                <ul class=\"mn-bg-yellow\">\n\t                                        <li>\n                            <a href=\"#\" class=\"active\" data-hash=\"#\">\n                                Tytu\u0142 Doktora Honoris Causa  Uniwersytetu Przyrodniczego w&nbsp;Lublinie                            <\/a>\n                        <\/li>\n                                                <li>\n                            <a href=\"#\" class=\"\" data-hash=\"#\">\n                                Tytu\u0142 Doktora Honoris Causa  nadany Pracownikom UP w&nbsp;Lublinie przez inne Uczelnie                            <\/a>\n                        <\/li>\n                                        <\/ul>\n            <\/div>\n\t        \t\t<div class=\"mn-content mn-grid-8\">\n\t\t\t                <div class=\"mn-content-block active\">\n\t                                                        <div class=\"block-text\">\n\t                                        <p>1964 \u2013 prof. dr\u00a0<strong>Laura Kaufman<\/strong>, Wy\u017csza Szko\u0142a Rolnicza w&nbsp;Lublinie<\/p>\n<p>1966 \u2013 prof. dr hab.\u00a0<strong>Stefan Lewicki,\u00a0<\/strong>Wy\u017csza Szko\u0142a Rolnicza w&nbsp;Lublinie<\/p>\n<p>1969 \u2013 prof. dr hab.\u00a0<strong>Bohdan Dobrza\u0144ski<\/strong>, sen., Wy\u017csza Szko\u0142a Rolnicza w&nbsp;Lublinie<\/p>\n<p>\u00a0<\/p>\n<p>1974 \u2013 prof. dr\u00a0<strong>Emil Chroboczek,\u00a0<\/strong>Instytut Warzywnictwa w&nbsp;Skierniewicach<\/p>\n<p>1974 &#8211;\u00a0 prof. dr\u00a0<strong>Czes\u0142aw Marian Bie\u017canko<\/strong>, Uniwersytet w&nbsp;Pelotas (Brazylia)\u00a0<\/p>\n<p>1979 \u2013 prof. dr hab.\u00a0<strong>Ryszard Manteuffel<\/strong>, SGGW w&nbsp;Warszawie<\/p>\n<p>1979 &#8211; prof. dr<strong>\u00a0Iwan Jefimowicz Mozgow<\/strong>, Moskiewska Weterynaryjna Akademia<\/p>\n<p>1979 &#8211; prof. dr hab.\u00a0<strong>Kazimierz Szczud\u0142owski<\/strong>, Akademia Rolnicza we Wroc\u0142awiu<\/p>\n<p>\u00a0<\/p>\n<p>1984 \u2013 prof. dr hab.<strong>\u00a0Gabriel Brz\u0119k,\u00a0<\/strong>Akademia Rolnicza w&nbsp;Lublinie<\/p>\n<p>1984 &#8211; prof. dr hab.\u00a0<strong>Jerzy Korohoda<\/strong>, Akademia Rolnicza w&nbsp;Lublinie<\/p>\n<p>1985 \u2013 prof. dr\u00a0<strong>Jaroslav Vrtiak,\u00a0<\/strong>Wy\u017csza Szko\u0142a Weterynaryjna w&nbsp;Koszycach<\/p>\n<p>1987 \u2013 prof. dr<strong>\u00a0Adam Doma\u0144ski,\u00a0<\/strong>Akademia Rolnicza w&nbsp;Lublinie<\/p>\n<p>1987 \u2013 prof. dr\u00a0<strong>Marcel F. de Boodt<\/strong>, Uniwersytet w&nbsp;Gandawie (Belgia)<\/p>\n<p>1989 \u2013 prof. dr hab.\u00a0<strong>Grzegorz Sta\u015bkiewicz,\u00a0<\/strong>Akademia Rolnicza w&nbsp;Lublinie<\/p>\n<p>1989 &#8211;\u00a0 prof. dr\u00a0<strong>Stefan St\u0119pkowski,\u00a0<\/strong>Akademia Rolnicza w&nbsp;Lublinie<\/p>\n<p>1989 &#8211;\u00a0 prof. dr\u00a0<strong>Stanis\u0142aw Bujak,\u00a0<\/strong>Akademia Rolnicza w&nbsp;Lublinie<\/p>\n<p>1989 \u2013 prof. dr hab.\u00a0<strong>Pawe\u0142 Gamcik<\/strong>, Wy\u017csza Szko\u0142a Weterynaryjna w&nbsp;Koszycach<\/p>\n<p>\u00a0<\/p>\n<p>1990 \u2013 prof. dr hab.\u00a0<strong>Teresa Hulewicz,\u00a0<\/strong>Akademia Rolnicza w&nbsp;Lublinie<\/p>\n<p>1990 \u2013 prof. dr hab.<strong>\u00a0Henryk Jasiorowski<\/strong>, dyrektor Wydzia\u0142u Produkcji Zwierz\u0119cej i&nbsp;Weterynaryjnej FAO<\/p>\n<p>1990 \u2013 prof. dr hab.\u00a0<strong>Janusz Haman<\/strong>, cz\u0142onek rzeczywisty PAN<\/p>\n<p>1990 &#8211; prof.\u00a0<strong>Walter K. Bila\u0144ski<\/strong>, Uniwersytet w&nbsp;Guelph (Kanada)\u00a0<\/p>\n<p>1991 \u2013 prof. dr hab.\u00a0<strong>Ewald Sasimowski<\/strong>, Akademia Rolnicza w&nbsp;Lublinie\u00a0\u00a0\u00a0\u00a0\u00a0<\/p>\n<p>1992 \u2013 prof. dr hab.\u00a0<strong>J\u00f3zef Dzie\u017cyc<\/strong>, Akademia Rolnicza we Wroc\u0142awiu<\/p>\n<p>1992 &#8211; prof. dr\u00a0<strong>Luigi Pozzi<\/strong>, Uniwersytet w&nbsp;Turynie (W\u0142ochy)<\/p>\n<p>1993 \u2013 prof. dr\u00a0<strong>Wienfred Erich Hubert Blum<\/strong>, Uniwersytet w&nbsp;Wiedniu<\/p>\n<p>1993 \u2013 prof. dr hab.\u00a0<strong>Maria Joanna Radomska<\/strong>, SGGW w&nbsp;Warszawie<\/p>\n<p>1994 \u2013 prof. dr\u00a0<strong>Michel Lapras<\/strong>, Pa\u0144stwowa Szko\u0142a Weterynaryjna w&nbsp;Lyonie<\/p>\n<p>1994 &#8211; prof. dr hab.\u00a0<strong>Marian Truszczy\u0144ski<\/strong>, Instytut Weterynarii w&nbsp;Pu\u0142awach<\/p>\n<p>1995 \u2013 prof. dr\u00a0<strong>Gerhard B\u00fcnemann<\/strong>, Uniwersytet w&nbsp;Hanowerze<\/p>\n<p>1995 &#8211; prof. dr<strong>\u00a0Fritz Lenz<\/strong>, Uniwersytet w&nbsp;Bonn<\/p>\n<p>1995 &#8211; prof. dr hab.\u00a0<strong>Stanis\u0142aw Nawrocki<\/strong>, Instytut Uprawy, Nawo\u017cenia i&nbsp;Gleboznawstwa w&nbsp;Pu\u0142awach<\/p>\n<p>1996 \u2013 prof. dr\u00a0<strong>James K. Miller<\/strong>, Uniwersytet w&nbsp;Tennessee (USA)<\/p>\n<p>1997 \u2013 prof. dr\u00a0<strong>Dirk Jan van Zuilichem<\/strong>, Uniwersytet Rolniczy w&nbsp;Wageningen (Holandia)<\/p>\n<p>1998 \u2013 prof. dr\u00a0<strong>Tadeusz Wolski<\/strong>, cz\u0142onek korespondent PAN<\/p>\n<p>1999 \u2013 prof. dr hab.\u00a0<strong>Edmund Prost<\/strong>, Akademia Rolnicza w&nbsp;Lublinie<\/p>\n<p>1999 \u2013 prof. dr\u00a0<strong>Walter Spiess<\/strong>, Federalne Centrum \u017bywno\u015bci i&nbsp;Wy\u017cywienia w&nbsp;Karlsruhe<\/p>\n<p>1999 &#8211; prof. dr<strong>\u00a0Du\u0161an Magic<\/strong>\u00a0z Uniwersytetu Weterynaryjnego w&nbsp;Koszycach<\/p>\n<p>\u00a0<\/p>\n<p>2000 \u2013 prof. dr hab.\u00a0<strong>Zygmunt Reklewski<\/strong>, Instytut Genetyki i&nbsp;Hodowli Zwierz\u0105t w&nbsp;Jastrz\u0119bcu<\/p>\n<p>2000 &#8211; prof. dr hab.\u00a0<strong>Rudolf Micha\u0142ek<\/strong>, Akademia Rolnicza w&nbsp;Krakowie<\/p>\n<p>2000 &#8211; prof. dr hab.\u00a0<strong>Teofil Mazur<\/strong>, Uniwersytet Warmi\u0144sko-Mazurski w&nbsp;Olsztynie<\/p>\n<p>2000 &#8211; prof. dr hab.\u00a0<strong>Henryk Sk\u0105pski<\/strong>, SGGW w&nbsp;Warszawie<\/p>\n<p>2002 &#8211; prof. dr\u00a0<strong>J\u00f3zef Rola<\/strong>, Zak\u0142ad Ekologii i&nbsp;Zwalczania Chwast\u00f3w IUNG we Wroc\u0142awiu<\/p>\n<p>2003 \u2013 prof. dr hab.\u00a0<strong>W\u0142adys\u0142aw Zalewski,\u00a0<\/strong>Akademia Rolnicza w&nbsp;Lublinie<\/p>\n<p>2003 &#8211; prof. dr hab.\u00a0<strong>Franciszek Paw\u0142owski,\u00a0<\/strong>Akademia Rolnicza w&nbsp;Lublinie<\/p>\n<p>2004 \u2013 prof. dr hab.\u00a0<strong>Zygmunt Pejsak<\/strong>, Pa\u0144stwowy Instytut Weterynaryjny w&nbsp;Pu\u0142awach<\/p>\n<p>2004 &#8211; abp prof. dr hab.\u00a0<strong>J\u00f3zef \u017byci\u0144ski<\/strong>, Metropolita Lubelski<\/p>\n<p>2006 \u2013 prof. dr hab.\u00a0<strong>Dorota Jamroz<\/strong>, Akademia Rolnicza we Wroc\u0142awiu<\/p>\n<p>2008 \u2013 prof. dr\u00a0<strong>Dmytro Melnyczuk<\/strong>, Narodowy Uniwersytet Rolniczy w&nbsp;Kijowie<\/p>\n<p>2008 &#8211; prof. dr hab.\u00a0<strong>Tadeusz Szulc<\/strong>, Uniwersytet Przyrodniczy we Wroc\u0142awiu<\/p>\n<p>2008 &#8211; prof. dr hab.\u00a0<strong>Stanis\u0142aw Wajda<\/strong>, Uniwersytet Warmi\u0144sko-Mazurski w&nbsp;Olsztynie<\/p>\n<p>2009 &#8211; prof. dr hab.\u00a0<strong>Stanislaw Wo\u0142oszyn,\u00a0<\/strong>Uniwersytet Przyrodniczy w&nbsp;Lublinie<\/p>\n<p>2009 \u2013 prof. dr hab.\u00a0<strong>Mieczys\u0142aw Adamowicz<\/strong>, SGGW w&nbsp;Warszawie<\/p>\n<p>2010 \u2013 prof. dr hab.<strong>\u00a0Andrzej Libik<\/strong>, Uniwersytet Rolniczy w&nbsp;Krakowie<\/p>\n<p>\u00a0<\/p>\n<p>2011 \u2013 prof. dr hab.\u00a0<strong>Jan Marian Gli\u0144ski<\/strong>, Instytut Agrofizyki PAN w&nbsp;Lublinie<\/p>\n<p>2013 &#8211; prof. dr hab.\u00a0<strong>Marian Budzy\u0144ski,\u00a0<\/strong>Uniwersytet Przyrodniczy w&nbsp;Lublinie<\/p>\n<p>2014 &#8211; ks. prof. dr hab.<strong>\u00a0Micha\u0142 Heller<\/strong>, Uniwersytet Papieski Jana Paw\u0142a II w&nbsp;Krakowie<\/p>\n<p>2016 \u2013 prof. dr hab.\u00a0<strong>Andrzej Mocek<\/strong>, Uniwersytet Przyrodniczy w&nbsp;Poznaniu<\/p>\n<p>2017 &#8211; prof. dr hab.<strong>\u00a0<a href=\"https:\/\/www.up.lublin.pl\/files\/kwapisz\/2020\/2020-styczen\/ksiazka_jan_jankowski.pdf\"><u>Jan Jankowski<\/u><\/a><\/strong>, Uniwersytet Warmi\u0144sko-Mazurski w&nbsp;Olsztynie<\/p>\n<p>2018 &#8211; prof. dr hab.\u00a0<a href=\"https:\/\/www.up.lublin.pl\/files\/kwapisz\/2020\/2020-styczen\/ksiazka_dhc_bernd_hofmman_2018.pdf\"><u><strong>Bernd Hoffmann<\/strong><\/u><\/a>, Uniwersytet im. Justusa Liebiga w&nbsp;Gissen<\/p>\n<p>2019 &#8211; prof. dr hab.\u00a0<a href=\"https:\/\/www.up.lublin.pl\/files\/kwapisz\/2020\/2020-styczen\/ksiazeczka_dhc_ang_boerner.pdf\"><u><strong>Andreas B\u00f6rner<\/strong><\/u><\/a>, Instytut Leibniza Genetyki i&nbsp;Bada\u0144 Ro\u015blin Uprawnych (Niemcy)<\/p>\n<p>2020 &#8211; abp prof. dr hab.\u00a0<a href=\"https:\/\/www.up.lublin.pl\/files\/kwapisz\/2020\/2020-styczen\/dhc_stanislaw_budzik.pdf\"><u><strong>Stanis\u0142aw Budzik<\/strong><\/u><\/a>, Metropolita Lubelski<\/p>\n<p>2020 &#8211; prof. dr hab.\u00a0<strong>Zdzis\u0142aw Targo\u0144ski<\/strong>, Uniwersytet Przyrodniczy w&nbsp;Lublinie<\/p>\n<p>2020 &#8211; prof. dr nauk\u00a0<a href=\"https:\/\/up.lublin.pl\/files\/kwapisz\/2020\/2020-wrzesien\/wolodymyr_stybel_ksiazeczka_dhc.pdf\"><u><strong>Wo\u0142odymyr Stybel<\/strong><\/u><\/a>, Lwowski Uniwersytet Narodowy Medycyny Weterynaryjnej i&nbsp;Biotechnologii im. S. Grzyckiego<\/p>\n                                        <\/div>\n\t\t\t\t\t\t                                <\/div>\n\t\t\t\t                <div class=\"mn-content-block\">\n\t                                                        <div class=\"block-text\">\n\t                                        <p>1949 \u2013 prof. dr\u00a0<strong>J\u00f3zef Parnas<\/strong> \u2013 w&nbsp;Wy\u017cszej Szkole Weterynaryjnej w&nbsp;Brnie<\/p>\n<p>1961 \u2013 prof. dr hab.<strong>\u00a0Roman Prawoche\u0144ski<\/strong> \u2013 w&nbsp;Wy\u017cszej Szkole Rolniczej w&nbsp;Krakowie<\/p>\n<p>1962 \u2013 prof. dr hab.\u00a0<strong>Stanis\u0142aw Bac<\/strong> \u2013 w&nbsp;Wy\u017cszej Szkole Rolniczej we Wroc\u0142awiu<\/p>\n<p>1965 \u2013 prof. dr hab.\u00a0<strong>Jan Tomaszewski<\/strong> \u2013 w&nbsp;Wy\u017cszej Szkole Rolniczej w&nbsp;Olsztynie<\/p>\n<p>1969 \u2013 prof. dr hab.\u00a0<strong>Kazimierz Boraty\u0144ski<\/strong> \u2013 w&nbsp;Wy\u017cszej Szkole Rolniczej w&nbsp;Poznaniu<\/p>\n<p>1978 \u2013 prof. dr hab.\u00a0<strong>Janusz Welento<\/strong> \u2013 na Uniwersytecie Rolniczym w&nbsp;Debreczynie<\/p>\n<p>1979 \u2013 prof. dr hab.\u00a0<strong>Jerzy Korohoda<\/strong> \u2013 w&nbsp;Akademii Rolniczej w&nbsp;Poznaniu<\/p>\n<p>1980 \u2013 prof. dr hab.\u00a0<strong>Bohdan Dobrza\u0144ski,<\/strong> sen \u2013 na UMCS w&nbsp;Lublinie<\/p>\n<p>1984 \u2013 prof. dr hab.\u00a0<strong>Janina Blauth-Opie\u0144sk<\/strong><strong>a\u00a0<\/strong>\u2013 w&nbsp;Akademii Medycznej w&nbsp;Lublinie<\/p>\n<p>1986 \u2013 prof. dr hab.\u00a0<strong>Bohdan Dobrza\u0144ski<\/strong>, sen. \u2013 w&nbsp;Akademii Rolniczo-Technicznej w&nbsp;Olsztynie<\/p>\n<p>1988 \u2013 prof. dr\u00a0<strong>Stanis\u0142aw Bujak<\/strong> \u2013 w&nbsp;Akademii Rolniczo-Technicznej w&nbsp;Olsztynie<\/p>\n<p>1989 \u2013 prof. dr\u00a0<strong>Stanis\u0142aw Bujak<\/strong>\u00a0w Akademii Rolniczej w&nbsp;Poznaniu<\/p>\n<p>1989 &#8211; prof. dr hab.\u00a0<strong>Stanis\u0142aw Wo\u0142oszyn<\/strong>\u00a0\u2013 w&nbsp;Wy\u017cszej Szkole Weterynaryjnej w&nbsp;Koszycach<\/p>\n<p>1990 \u2013 prof. dr hab.\u00a0<strong>Edmund Prost\u00a0<\/strong>\u2013 na Uniwersytecie Humboldta w&nbsp;Berlinie<\/p>\n<p>1990 &#8211; prof. dr hab.\u00a0<strong>Janusz Haman<\/strong>\u00a0\u2013 w&nbsp;Akademii Rolniczej w&nbsp;Krakowie<\/p>\n<p>1991 \u2013 prof. dr\u00a0<strong>Stanis\u0142aw Nawrocki<\/strong> \u2013 w&nbsp;Akademii Rolniczo-Technicznej w&nbsp;Olsztynie<\/p>\n<p>1994 \u2013 prof. dr hab.\u00a0<strong>Janusz Haman<\/strong>\u00a0\u2013 w&nbsp;Akademii Rolniczej we Wroc\u0142awiu<\/p>\n<p>1994 &#8211; prof. dr hab.\u00a0<strong>Leszek Malicki<\/strong>\u00a0\u2013 w&nbsp;Akademii Rolniczej w&nbsp;Szczecinie<\/p>\n<p>1995 \u2013 prof. dr hab.\u00a0<strong>Gabriel Brz\u0119k<\/strong> \u2013 w&nbsp;Akademii Medycznej w&nbsp;Lublinie<\/p>\n<p>2002 \u2013 prof. dr hab.\u00a0<strong>Saturnin Zawadzki<\/strong> \u2013 w&nbsp;Akademii Rolniczej w&nbsp;Krakowie<\/p>\n<p>2004 \u2013 prof. dr hab.\u00a0<strong>Stanis\u0142aw Z. \u0141abuda<\/strong> \u2013 w&nbsp;Bia\u0142oruskiej Pa\u0144stwowej Akademii Rolniczej<\/p>\n<p>2006 \u2013 prof. dr hab.\u00a0<strong>Czes\u0142awa Lipecka<\/strong>\u00a0\u2013 w&nbsp;Akademii Rolniczej we Wroc\u0142awiu<\/p>\n<p>2006 &#8211; prof. dr hab.\u00a0<strong>J\u00f3zef Grochowicz<\/strong>\u00a0\u2013 w&nbsp;Politechnice Koszali\u0144skiej<\/p>\n<p>2007 \u2013 prof. dr hab.<strong>\u00a0Zdzis\u0142aw Targo\u0144ski\u00a0<\/strong>\u2013 w&nbsp;Narodowym Uniwersytecie Rolniczym Ukrainy<\/p>\n<p>2007 &#8211; prof. dr hab.\u00a0<strong>Janusz Haman<\/strong>\u00a0\u2013 w&nbsp;Akademii Rolniczej w&nbsp;Szczecinie<\/p>\n<p>2008 \u2013 prof. dr hab.\u00a0<strong>Zygmunt Litwi\u0144czuk<\/strong>\u00a0\u2013 w&nbsp;Akademii Podlaskiej w&nbsp;Siedlcach<\/p>\n<p>2010 &#8211; prof. dr hab.\u00a0<strong>Eugeniusz Krasowski<\/strong>\u00a0&#8211; na Lwowskim Narodowym Uniwersytecie Rolniczym w&nbsp;Dublanach<\/p>\n<p>2011 &#8211; prof. dr hab.\u00a0<strong>Eugeniusz Krasowski\u00a0<\/strong> &#8211; na Wschodnioukrai\u0144skim Narodowym Uniwersytecie w&nbsp;\u0141uga\u0144sku<\/p>\n<p>2011 \u2013 prof. dr hab.\u00a0<strong>Janusz Lipecki\u00a0<\/strong>\u2013 w&nbsp;Uniwersytecie Rolniczym im. Hugona Ko\u0142\u0142\u0105taja w&nbsp;Krakowie<\/p>\n<p>2012 \u2013 prof. dr hab.<strong>\u00a0Wojciech Tana\u015b<\/strong> \u2013 w&nbsp;Narodowej Akademii Nauk Republiki Bia\u0142oru\u015b (Naukowo-Badawcze Centrum Mech. Rolnictwa w&nbsp;Mi\u0144sku)<\/p>\n<p>2013 \u2013 prof. dr hab.\u00a0<strong>Zygmunt Litwi\u0144czuk<\/strong>\u00a0\u2013 w&nbsp;Uniwersytecie Warmi\u0144sko-Mazurskim w&nbsp;Olsztynie<\/p>\n<p>2013 \u2013 prof. dr hab.\u00a0<strong>Marian Weso\u0142owski\u00a0<\/strong>&#8211; w&nbsp;Uniwersytecie Le\u015bno-Technicznym we Lwowie<\/p>\n<p>2015 &#8211;\u00a0 prof. dr hab.\u00a0<strong>Zdzis\u0142aw Targo\u0144ski\u00a0<\/strong>\u2013 w&nbsp;Uniwersytecie Przyrodniczym w&nbsp;Poznaniu<\/p>\n<p>2016 &#8211;\u00a0 prof. dr hab.\u00a0<strong>Zygmunt Litwi\u0144czuk<\/strong>\u00a0\u2013 w&nbsp;Uniwersytecie Przyrodniczym we Wroc\u0142awiu<\/p>\n<p>2017 &#8211; prof. dr hab.\u00a0<strong>Stanis\u0142aw Winiarczyk &#8211;\u00a0<\/strong>we Lwowskim Narodowym Uniwersytecie Medycyny Weterynaryjnej i\u00a0Biotechnologii im. S. Grzyckiego<\/p>\n<p>2020 &#8211;\u00a0prof. dr hab.\u00a0<strong>Zygmunt Litwi\u0144czuk<\/strong>\u00a0\u2013 w&nbsp;Zachodniopomorskim Uniwersytecie Technologicznym w&nbsp;Szczecinie<\/p>\n                                        <\/div>\n\t\t\t\t\t\t                                <\/div>\n\t\t\t\t\t\t<\/div>\n\t<\/div>\n<\/section>\n\t\t<\/div>\n\t\t\t\t<\/div>\n\t\t\t\t\t\t<\/div>\n\t\t\t\t\t<\/div>\n\t\t<\/div>\n\t\t\t\t\t\t\t\t<\/div>\n\t\t\t\t\t<\/div>\n\t\t<\/section>\n\t\t\t\t\t\t<\/div>\n\t\t\t\t\t\t<\/div>\n\t\t\t\t\t<\/div>\n\t\t","protected":false},"excerpt":{"rendered":"","protected":false},"author":2,"featured_media":0,"parent":98588,"menu_order":0,"comment_status":"closed","ping_status":"closed","template":"elementor_header_footer","meta":{"_monsterinsights_skip_tracking":false,"_monsterinsights_sitenote_active":false,"_monsterinsights_sitenote_note":"","_monsterinsights_sitenote_category":0},"_links":{"self":[{"href":"https:\/\/up.lublin.pl\/ru\/wp-json\/wp\/v2\/pages\/98606"}],"collection":[{"href":"https:\/\/up.lublin.pl\/ru\/wp-json\/wp\/v2\/pages"}],"about":[{"href":"https:\/\/up.lublin.pl\/ru\/wp-json\/wp\/v2\/types\/page"}],"author":[{"embeddable":true,"href":"https:\/\/up.lublin.pl\/ru\/wp-json\/wp\/v2\/users\/2"}],"replies":[{"embeddable":true,"href":"https:\/\/up.lublin.pl\/ru\/wp-json\/wp\/v2\/comments?post=98606"}],"version-history":[{"count":1,"href":"https:\/\/up.lublin.pl\/ru\/wp-json\/wp\/v2\/pages\/98606\/revisions"}],"predecessor-version":[{"id":98608,"href":"https:\/\/up.lublin.pl\/ru\/wp-json\/wp\/v2\/pages\/98606\/revisions\/98608"}],"up":[{"embeddable":true,"href":"https:\/\/up.lublin.pl\/ru\/wp-json\/wp\/v2\/pages\/98588"}],"wp:attachment":[{"href":"https:\/\/up.lublin.pl\/ru\/wp-json\/wp\/v2\/media?parent=98606"}],"curies":[{"name":"wp","href":"https:\/\/api.w.org\/{rel}","templated":true}]}}