{"id":363,"date":"2021-02-02T10:36:59","date_gmt":"2021-02-02T09:36:59","guid":{"rendered":"http:\/\/nowastrona.up.lublin.pl\/ogrodnictwo\/?page_id=363"},"modified":"2021-02-02T10:54:20","modified_gmt":"2021-02-02T09:54:20","slug":"jubileusz-45-lecia","status":"publish","type":"page","link":"https:\/\/up.lublin.pl\/ogrodnictwo\/wydzial\/jubileusze\/jubileusz-45-lecia\/","title":{"rendered":"Jubileusz 45-lecia"},"content":{"rendered":"\t\t<div data-elementor-type=\"wp-page\" data-elementor-id=\"363\" class=\"elementor elementor-363\" data-elementor-settings=\"[]\">\n\t\t\t\t\t\t<div class=\"elementor-inner\">\n\t\t\t\t\t\t\t<div class=\"elementor-section-wrap\">\n\t\t\t\t\t\t\t<section class=\"elementor-section elementor-top-section elementor-element elementor-element-953a96b elementor-section-boxed elementor-section-height-default elementor-section-height-default\" data-id=\"953a96b\" data-element_type=\"section\">\n\t\t\t\t\t\t<div class=\"elementor-container elementor-column-gap-default\">\n\t\t\t\t\t\t\t<div class=\"elementor-row\">\n\t\t\t\t\t<div class=\"elementor-column elementor-col-100 elementor-top-column elementor-element elementor-element-6a884ec\" data-id=\"6a884ec\" data-element_type=\"column\">\n\t\t\t<div class=\"elementor-column-wrap elementor-element-populated\">\n\t\t\t\t\t\t\t<div class=\"elementor-widget-wrap\">\n\t\t\t\t\t\t<div class=\"elementor-element elementor-element-7f3a6b9 elementor-widget elementor-widget-m5c\" data-id=\"7f3a6b9\" data-element_type=\"widget\" data-widget_type=\"m5c.default\">\n\t\t\t\t<div class=\"elementor-widget-container\">\n\t\t\t<section class=\"mn-m5-c mn-m5-d2 mn-bg-white\">\n\t<div class=\"mn-grid\">\n\t\t\t\t<div class=\"mn-content mn-grid-9\">\n\t\t\t                <div class=\"mn-content-block active\">\n\t                                                        <div class=\"block-text\">\n\t                                        <p><img loading=\"lazy\" class=\"aligncenter size-full wp-image-365\" src=\"http:\/\/nowastrona.up.lublin.pl\/ogrodnictwo\/wp-content\/uploads\/sites\/6\/2021\/02\/45-lecie-ogrodniczy.jpg\" alt=\"\" width=\"700\" height=\"181\" \/><\/p>\n                                        <\/div>\n\t\t\t\t\t\t                                                        <div class=\"block-text\">\n\t                                        <p style=\"text-align: center;\">[ REPORTA\u017b ]<\/p>\n<hr \/>\n<p>\u00a0<\/p>\n                                        <\/div>\n\t\t\t\t\t\t                                                        <div class=\"block-text\">\n\t                                        <p style=\"text-align: center;\">W\u0142adze dzieka\u0144skie i&nbsp;spo\u0142eczno\u015b\u0107 akademicka<br \/>Wydzia\u0142u Ogrodnictwa i&nbsp;Architektury Krajobrazu Uniwersytetu Przyrodniczego w&nbsp;Lublinie<br \/>maj\u0105 zaszczyt zaprosi\u0107 na<\/p>\n<h1 style=\"text-align: center;\">Mi\u0119dzynarodow\u0105 Konferencj\u0119 Naukow\u0105<br \/>&#8220;Ogrodnictwo w&nbsp;kszta\u0142towaniu jako\u015bci \u017cycia&#8221;<\/h1>\n<p style=\"text-align: center;\">organizowan\u0105 w&nbsp;dniach<br \/>18-19 czerwca 2015 roku<br \/>w Lublinie z&nbsp;okazji jubileuszu 45-lecia Wydzia\u0142u<\/p>\n                                        <\/div>\n\t\t\t\t\t\t                                                        <ul class=\"mn-accordion\">\n                                            <li>\n                                                <h4 class=\"mn-accordion-title\">Do pobrania<\/h4>\n                                                <div>\n\t\t\t\t\t\t\t\t\t                <ul>\n<li><a href=\"http:\/\/nowastrona.up.lublin.pl\/ogrodnictwo\/wp-content\/uploads\/sites\/6\/2021\/02\/konferencja_2015_trzeci_komunikat_poprawiony.pdf\">[Komunikat III]<\/a><\/li>\n<li><a href=\"http:\/\/nowastrona.up.lublin.pl\/ogrodnictwo\/wp-content\/uploads\/sites\/6\/2021\/02\/conference_2015__3rd_announcement.pdf\">[Announcement III]<\/a><\/li>\n<li><a href=\"http:\/\/nowastrona.up.lublin.pl\/ogrodnictwo\/wp-content\/uploads\/sites\/6\/2021\/02\/referaty_w_sekcjach_wykaz_nazwisk_i_tematow.pdf\">[Wykaz g\u0142oszonych referat\u00f3w w&nbsp;poszczeg\u00f3lnych sekcjach tematycznych]<\/a><\/li>\n<li><a href=\"http:\/\/nowastrona.up.lublin.pl\/ogrodnictwo\/wp-content\/uploads\/sites\/6\/2021\/02\/wykaz_posterow_z_podzialem_na_sekcje_z_symbolami_13.05.15.pdf\">[Wykaz poster\u00f3w w&nbsp;poszczeg\u00f3lnych sekcjach tematycznych]<\/a><\/li>\n<\/ul>\n<p>\u00a0<\/p>\n<ul>\n<li><a href=\"http:\/\/nowastrona.up.lublin.pl\/ogrodnictwo\/wp-content\/uploads\/sites\/6\/2021\/02\/konferencja_2015_-_drugi_komunikat.pdf\">[ Komunikat II ] <\/a><\/li>\n<li><a href=\"http:\/\/nowastrona.up.lublin.pl\/ogrodnictwo\/wp-content\/uploads\/sites\/6\/2021\/02\/conference_2015_-__ii_announcement.pdf\">[ Announcement II ] <\/a><\/li>\n<li><a href=\"http:\/\/nowastrona.up.lublin.pl\/ogrodnictwo\/wp-content\/uploads\/sites\/6\/2021\/02\/mkn.ogr_-_konferencja_2015.pdf\">[ Karta zg\u0142oszeniowa \/ Registration form ]<\/a><\/li>\n<\/ul>\n                                                <\/div>\n                                            <\/li>\n                                        <\/ul>\n\t\t\t\t\t\t                                                        <ul class=\"mn-accordion\">\n                                            <li>\n                                                <h4 class=\"mn-accordion-title\">Patronat honorowy<\/h4>\n                                                <div>\n\t\t\t\t\t\t\t\t\t                <p>Prof. dr hab. Marian Weso\u0142owski &#8211; JM Rektor UP w&nbsp;Lublinie<br \/>Prof. dr hab. Lena Kolarska-Bobi\u0144ska \u2013 Minister Nauki i&nbsp;Szkolnictwa Wy\u017cszego<br \/>Marek Sawicki \u2013 Minister Rolnictwa i&nbsp;Rozwoju Wsi<br \/>S\u0142awomir Sosnowski \u2013 Marsza\u0142ek Wojew\u00f3dztwa Lubelskiego<br \/>Krzysztof \u017buk \u2013 Prezydent Miasta Lublin<\/p>\n                                                <\/div>\n                                            <\/li>\n                                        <\/ul>\n\t\t\t\t\t\t                                                        <ul class=\"mn-accordion\">\n                                            <li>\n                                                <h4 class=\"mn-accordion-title\">Sposorzy g\u0142\u00f3wni<\/h4>\n                                                <div>\n\t\t\t\t\t\t\t\t\t                <p>Bayer CropScience<br \/>Bracia D\u0119bscy &#8211; Szk\u00f3\u0142ki Drzew, Krzew\u00f3w i&nbsp;Bylin<br \/>Timac\u00a0 Agro Polska Sp. z&nbsp;o.o.<\/p>\n                                                <\/div>\n                                            <\/li>\n                                        <\/ul>\n\t\t\t\t\t\t                                                        <ul class=\"mn-accordion\">\n                                            <li>\n                                                <h4 class=\"mn-accordion-title\">Pozostali sponsorzy<\/h4>\n                                                <div>\n\t\t\t\t\t\t\t\t\t                <p>YARA Poland Sp. z&nbsp;o.o.<br \/>Bigfarm Serwis Sp. z&nbsp;o.o.<br \/>Agrosimex<br \/>PW Pesan<br \/>Instytut Nowych Syntez Chemicznych Pu\u0142awy<br \/>Lubelski Rynek Hurtowy \u2013 Eliz\u00f3wka<br \/>Krajowe Stowarzyszenie Plantator\u00f3w Czarnej Porzeczki<br \/>Szk\u00f3\u0142ka Drzew Owocowych Andrzej Su\u0142ek i&nbsp;Syn<br \/>Lubsad Sp. z&nbsp;o.o.<br \/>\u201eStryjno-Sad\u201d Zrzeszenie Producent\u00f3w Owoc\u00f3w<br \/>Weremczuk FMR Sp. z&nbsp;o.o.<br \/>Ambra S.A.<br \/>PPHU \u201eOgrodnik\u201d Krzysztof Wrona<br \/>Osadkowski S.A.<br \/>OSM Krasnystaw<br \/>Bury Sp. z&nbsp;o.o.<\/p>\n                                                <\/div>\n                                            <\/li>\n                                        <\/ul>\n\t\t\t\t\t\t                                                        <ul class=\"mn-accordion\">\n                                            <li>\n                                                <h4 class=\"mn-accordion-title\">Nasi patroni medialni<\/h4>\n                                                <div>\n\t\t\t\t\t\t\t\t\t                <p><img loading=\"lazy\" class=\"aligncenter size-full wp-image-408\" src=\"http:\/\/nowastrona.up.lublin.pl\/ogrodnictwo\/wp-content\/uploads\/sites\/6\/2021\/02\/Screenshot_2021-02-02-Uniwersytet-Przyrodniczy-w-Lublinie-.png\" alt=\"\" width=\"512\" height=\"227\" \/><\/p>\n                                                <\/div>\n                                            <\/li>\n                                        <\/ul>\n\t\t\t\t\t\t                                <\/div>\n\t\t\t\t                <div class=\"mn-content-block\">\n\t                                <\/div>\n\t\t\t\t                <div class=\"mn-content-block\">\n\t                                <\/div>\n\t\t\t\t                <div class=\"mn-content-block\">\n\t                                <\/div>\n\t\t\t\t                <div class=\"mn-content-block\">\n\t                                <\/div>\n\t\t\t\t                <div class=\"mn-content-block\">\n\t                                <\/div>\n\t\t\t\t                <div class=\"mn-content-block\">\n\t                                <\/div>\n\t\t\t\t                <div class=\"mn-content-block\">\n\t                                <\/div>\n\t\t\t\t                <div class=\"mn-content-block\">\n\t                                <\/div>\n\t\t\t\t                <div class=\"mn-content-block\">\n\t                                <\/div>\n\t\t\t\t                <div class=\"mn-content-block\">\n\t                                <\/div>\n\t\t\t\t                <div class=\"mn-content-block\">\n\t                                <\/div>\n\t\t\t\t                <div class=\"mn-content-block\">\n\t                                <\/div>\n\t\t\t\t                <div class=\"mn-content-block\">\n\t                                <\/div>\n\t\t\t\t                <div class=\"mn-content-block\">\n\t                                <\/div>\n\t\t\t\t                <div class=\"mn-content-block\">\n\t                                <\/div>\n\t\t\t\t                <div class=\"mn-content-block\">\n\t                                <\/div>\n\t\t\t\t                <div class=\"mn-content-block\">\n\t                                <\/div>\n\t\t\t\t                <div class=\"mn-content-block\">\n\t                                <\/div>\n\t\t\t\t                <div class=\"mn-content-block\">\n\t                                <\/div>\n\t\t\t\t\t\t<\/div>\n\t<\/div>\n<\/section>\n\t\t<\/div>\n\t\t\t\t<\/div>\n\t\t\t\t\t\t<\/div>\n\t\t\t\t\t<\/div>\n\t\t<\/div>\n\t\t\t\t\t\t\t\t<\/div>\n\t\t\t\t\t<\/div>\n\t\t<\/section>\n\t\t\t\t\t\t<\/div>\n\t\t\t\t\t\t<\/div>\n\t\t\t\t\t<\/div>\n\t\t","protected":false},"excerpt":{"rendered":"<p>[ REPORTA\u017b ] \u00a0 W\u0142adze dzieka\u0144skie i&nbsp;spo\u0142eczno\u015b\u0107 akademickaWydzia\u0142u Ogrodnictwa i&nbsp;Architektury Krajobrazu Uniwersytetu Przyrodniczego w&nbsp;Lubliniemaj\u0105 zaszczyt zaprosi\u0107 na Mi\u0119dzynarodow\u0105 Konferencj\u0119 Naukow\u0105&#8220;Ogrodnictwo w&nbsp;kszta\u0142towaniu jako\u015bci \u017cycia&#8221; organizowan\u0105 w&nbsp;dniach18-19 czerwca 2015 rokuw Lublinie z&nbsp;okazji jubileuszu 45-lecia Wydzia\u0142u Do pobrania [Komunikat III] [Announcement III] [Wykaz g\u0142oszonych referat\u00f3w w&nbsp;poszczeg\u00f3lnych sekcjach tematycznych] [Wykaz poster\u00f3w w&nbsp;poszczeg\u00f3lnych sekcjach tematycznych] \u00a0 [ Komunikat II ] [&hellip;]<\/p>\n","protected":false},"author":2,"featured_media":0,"parent":256,"menu_order":0,"comment_status":"closed","ping_status":"closed","template":"elementor_header_footer","meta":{"_monsterinsights_skip_tracking":false,"_monsterinsights_sitenote_active":false,"_monsterinsights_sitenote_note":"","_monsterinsights_sitenote_category":0},"_links":{"self":[{"href":"https:\/\/up.lublin.pl\/ogrodnictwo\/wp-json\/wp\/v2\/pages\/363"}],"collection":[{"href":"https:\/\/up.lublin.pl\/ogrodnictwo\/wp-json\/wp\/v2\/pages"}],"about":[{"href":"https:\/\/up.lublin.pl\/ogrodnictwo\/wp-json\/wp\/v2\/types\/page"}],"author":[{"embeddable":true,"href":"https:\/\/up.lublin.pl\/ogrodnictwo\/wp-json\/wp\/v2\/users\/2"}],"replies":[{"embeddable":true,"href":"https:\/\/up.lublin.pl\/ogrodnictwo\/wp-json\/wp\/v2\/comments?post=363"}],"version-history":[{"count":10,"href":"https:\/\/up.lublin.pl\/ogrodnictwo\/wp-json\/wp\/v2\/pages\/363\/revisions"}],"predecessor-version":[{"id":428,"href":"https:\/\/up.lublin.pl\/ogrodnictwo\/wp-json\/wp\/v2\/pages\/363\/revisions\/428"}],"up":[{"embeddable":true,"href":"https:\/\/up.lublin.pl\/ogrodnictwo\/wp-json\/wp\/v2\/pages\/256"}],"wp:attachment":[{"href":"https:\/\/up.lublin.pl\/ogrodnictwo\/wp-json\/wp\/v2\/media?parent=363"}],"curies":[{"name":"wp","href":"https:\/\/api.w.org\/{rel}","templated":true}]}}