{"id":314,"date":"2020-11-30T10:07:24","date_gmt":"2020-11-30T09:07:24","guid":{"rendered":"http:\/\/nowastrona.up.lublin.pl\/ogrodnictwo\/?page_id=314"},"modified":"2025-09-02T08:41:25","modified_gmt":"2025-09-02T06:41:25","slug":"nauka","status":"publish","type":"page","link":"https:\/\/up.lublin.pl\/ogrodnictwo\/nauka\/","title":{"rendered":"Nauka"},"content":{"rendered":"\t\t<div data-elementor-type=\"wp-page\" data-elementor-id=\"314\" class=\"elementor elementor-314\" data-elementor-settings=\"[]\">\n\t\t\t\t\t\t<div class=\"elementor-inner\">\n\t\t\t\t\t\t\t<div class=\"elementor-section-wrap\">\n\t\t\t\t\t\t\t<section class=\"elementor-section elementor-top-section elementor-element elementor-element-0607024 elementor-section-boxed elementor-section-height-default elementor-section-height-default\" data-id=\"0607024\" data-element_type=\"section\">\n\t\t\t\t\t\t<div class=\"elementor-container elementor-column-gap-default\">\n\t\t\t\t\t\t\t<div class=\"elementor-row\">\n\t\t\t\t\t<div class=\"elementor-column elementor-col-100 elementor-top-column elementor-element elementor-element-2918da6\" data-id=\"2918da6\" data-element_type=\"column\">\n\t\t\t<div class=\"elementor-column-wrap elementor-element-populated\">\n\t\t\t\t\t\t\t<div class=\"elementor-widget-wrap\">\n\t\t\t\t\t\t<div class=\"elementor-element elementor-element-44fcee0 elementor-widget elementor-widget-m2e\" data-id=\"44fcee0\" data-element_type=\"widget\" data-widget_type=\"m2e.default\">\n\t\t\t\t<div class=\"elementor-widget-container\">\n\t\t\t<section class=\"mn-m2-e mn-bg-green\">\n\t<div class=\"mn-grid\">\n\t\t<div class=\"mn-grid-3 mn-introtext\">\n\t\t\t\t\t\t\t<p class=\"mn-header\">Wydzia\u0142 Ogrodnictwa i&nbsp;Architektury Krajobrazu<\/p>\n\t\t\t\t\t\t\t\t\t\t\t<h3>\n\t\t\t\t\tNauka\t\t\t\t<\/h3>\n\t\t\t\t\t\t\t\t\t\t\t\t<\/div>\n\t\t<div class=\"mn-grid-9 mn-image-container\">\n\t\t\t\t\t\t\t<img src=\"http:\/\/nowastrona.up.lublin.pl\/ogrodnictwo\/wp-content\/uploads\/sites\/6\/2021\/04\/ogrodnictwo_nauka.jpg\" alt=\"\">\n\t\t\t\t\t\t<\/div>\n\t<\/div>\n\t<\/section>\n\t\t<\/div>\n\t\t\t\t<\/div>\n\t\t\t\t\t\t<\/div>\n\t\t\t\t\t<\/div>\n\t\t<\/div>\n\t\t\t\t\t\t\t\t<\/div>\n\t\t\t\t\t<\/div>\n\t\t<\/section>\n\t\t\t\t<section class=\"elementor-section elementor-top-section elementor-element elementor-element-e268155 elementor-section-boxed elementor-section-height-default elementor-section-height-default\" data-id=\"e268155\" data-element_type=\"section\">\n\t\t\t\t\t\t<div class=\"elementor-container elementor-column-gap-default\">\n\t\t\t\t\t\t\t<div class=\"elementor-row\">\n\t\t\t\t\t<div class=\"elementor-column elementor-col-100 elementor-top-column elementor-element elementor-element-3aaa785\" data-id=\"3aaa785\" data-element_type=\"column\">\n\t\t\t<div class=\"elementor-column-wrap elementor-element-populated\">\n\t\t\t\t\t\t\t<div class=\"elementor-widget-wrap\">\n\t\t\t\t\t\t<div class=\"elementor-element elementor-element-2ef27a4 elementor-widget elementor-widget-m4a\" data-id=\"2ef27a4\" data-element_type=\"widget\" data-widget_type=\"m4a.default\">\n\t\t\t\t<div class=\"elementor-widget-container\">\n\t\t\t\t<section class=\"mn-m4_b mn-bg-green\">\n\t\t\t\t<div class=\"mn-grid\">\n\t\t\t\t\t\t\t<div class=\"mn-grid-4 mn-kat-m4-container\">\n\t\t\t\t\t\t\t\t\t\t\t\t\t\t\t\t<h3>Rada Dyscypliny Rolnictwo i&nbsp;Ogrodnictwo<\/h3>\n\t\t\t\t\t\t\t\t\t\t\t\t\t\t\t\t\t\t\t\t\t\t<a href=\"https:\/\/up.lublin.pl\/nauka\/ewaluacja-nauki-i-nadawanie-stopni-naukowych\/rady-dyscyplin-naukowych\/rolnictwo-i-ogrodnictwo\/\" class=\"mn-more\">Zobacz wi\u0119cej<\/a>\n\t\t\t\t\t\t\t\t\t\t<\/div>\n\t\t\t\t\t\t\t\t<div class=\"mn-grid-4 mn-kat-m4-container\">\n\t\t\t\t\t\t\t\t\t\t\t\t\t\t\t\t<h3>Post\u0119powania naukowe o&nbsp;nadanie stopnia doktora w&nbsp;dyscyplinie Rolnictwo i&nbsp;Ogrodnictwo<\/h3>\n\t\t\t\t\t\t\t\t\t\t\t\t\t\t\t\t\t\t\t\t\t\t<a href=\"https:\/\/up.lublin.pl\/nauka\/ewaluacja-nauki-i-nadawanie-stopni-naukowych\/nadawanie-stopni\/doktoraty\/doktoraty-rolnictwo-i-ogrodnictwo\/\" class=\"mn-more\">Zobacz wi\u0119cej<\/a>\n\t\t\t\t\t\t\t\t\t\t<\/div>\n\t\t\t\t\t\t\t\t<div class=\"mn-grid-4 mn-kat-m4-container\">\n\t\t\t\t\t\t\t\t\t\t\t\t\t\t\t\t<h3>Post\u0119powania naukowe o&nbsp;nadanie stopnia  stopnia doktora habilitowanego w&nbsp;dyscyplinie Rolnictwo i&nbsp;Ogrodnictwo<\/h3>\n\t\t\t\t\t\t\t\t\t\t\t\t\t\t\t\t\t\t\t\t\t\t<a href=\"https:\/\/up.lublin.pl\/nauka\/ewaluacja-nauki-i-nadawanie-stopni-naukowych\/nadawanie-stopni\/habilitacje\/habilitacje-rolnictwo-i-ogrodnictwo\/\" class=\"mn-more\">Zobacz wi\u0119cej<\/a>\n\t\t\t\t\t\t\t\t\t\t<\/div>\n\t\t\t\t\t\t\t\t<div class=\"mn-grid-6 mn-kat-m4-container\">\n\t\t\t\t\t\t\t\t\t\t\t\t\t\t\t\t<h3>Og\u0142oszenia o&nbsp;obronach rozpraw doktorskich <\/h3>\n\t\t\t\t\t\t\t\t\t\t\t\t\t\t\t\t\t\t\t\t\t\t<a href=\"https:\/\/up.lublin.pl\/nauka\/ewaluacja-nauki-i-nadawanie-stopni-naukowych\/nadawanie-stopni\/ogloszenia-o-obronach-rozpraw-doktorskich\/\" class=\"mn-more\">Zobacz wi\u0119cej<\/a>\n\t\t\t\t\t\t\t\t\t\t<\/div>\n\t\t\t\t\t\t\t\t<div class=\"mn-grid-6 mn-kat-m4-container\">\n\t\t\t\t\t\t\t\t\t\t\t\t\t\t\t\t<h3>Kolokwia habilitacyjne<\/h3>\n\t\t\t\t\t\t\t\t\t\t\t\t\t\t\t\t\t\t\t\t\t\t<a href=\"https:\/\/up.lublin.pl\/nauka\/ewaluacja-nauki-i-nadawanie-stopni-naukowych\/kolokwia-habilitacyjne\/\" class=\"mn-more\">Zobacz wi\u0119cej<\/a>\n\t\t\t\t\t\t\t\t\t\t<\/div>\n\t\t\t\t\t\t<\/div>\n\t<\/section>\n\t\t\t<\/div>\n\t\t\t\t<\/div>\n\t\t\t\t\t\t<\/div>\n\t\t\t\t\t<\/div>\n\t\t<\/div>\n\t\t\t\t\t\t\t\t<\/div>\n\t\t\t\t\t<\/div>\n\t\t<\/section>\n\t\t\t\t\t\t<\/div>\n\t\t\t\t\t\t<\/div>\n\t\t\t\t\t<\/div>\n\t\t","protected":false},"excerpt":{"rendered":"<p>Wydzia\u0142 Ogrodnictwa i&nbsp;Architektury Krajobrazu Nauka UP Wydzia\u0142 Ogrodnictwa i&nbsp;Architektury Krajobrazu Rada Dyscypliny Rolnictwo i&nbsp;Ogrodnictwo Zobacz wi\u0119cej Post\u0119powania naukowe o&nbsp;nadanie stopnia doktora w&nbsp;dyscyplinie Rolnictwo i&nbsp;Ogrodnictwo Zobacz wi\u0119cej Post\u0119powania naukowe o&nbsp;nadanie stopnia stopnia doktora habilitowanego w&nbsp;dyscyplinie Rolnictwo i&nbsp;Ogrodnictwo Zobacz wi\u0119cej Og\u0142oszenia o&nbsp;obronach rozpraw doktorskich Zobacz wi\u0119cej Kolokwia habilitacyjne Zobacz wi\u0119cej<\/p>\n","protected":false},"author":2,"featured_media":0,"parent":0,"menu_order":0,"comment_status":"closed","ping_status":"closed","template":"elementor_header_footer","meta":{"_monsterinsights_skip_tracking":false,"_monsterinsights_sitenote_active":false,"_monsterinsights_sitenote_note":"","_monsterinsights_sitenote_category":0},"_links":{"self":[{"href":"https:\/\/up.lublin.pl\/ogrodnictwo\/wp-json\/wp\/v2\/pages\/314"}],"collection":[{"href":"https:\/\/up.lublin.pl\/ogrodnictwo\/wp-json\/wp\/v2\/pages"}],"about":[{"href":"https:\/\/up.lublin.pl\/ogrodnictwo\/wp-json\/wp\/v2\/types\/page"}],"author":[{"embeddable":true,"href":"https:\/\/up.lublin.pl\/ogrodnictwo\/wp-json\/wp\/v2\/users\/2"}],"replies":[{"embeddable":true,"href":"https:\/\/up.lublin.pl\/ogrodnictwo\/wp-json\/wp\/v2\/comments?post=314"}],"version-history":[{"count":20,"href":"https:\/\/up.lublin.pl\/ogrodnictwo\/wp-json\/wp\/v2\/pages\/314\/revisions"}],"predecessor-version":[{"id":178005,"href":"https:\/\/up.lublin.pl\/ogrodnictwo\/wp-json\/wp\/v2\/pages\/314\/revisions\/178005"}],"wp:attachment":[{"href":"https:\/\/up.lublin.pl\/ogrodnictwo\/wp-json\/wp\/v2\/media?parent=314"}],"curies":[{"name":"wp","href":"https:\/\/api.w.org\/{rel}","templated":true}]}}